{"id":142718,"date":"2018-03-07T00:00:00","date_gmt":"2018-03-07T00:00:00","guid":{"rendered":"https:\/\/www.iplay.com\/games\/zombie-solitaire-2-chapter-3\/"},"modified":"2018-03-07T00:00:00","modified_gmt":"2018-03-07T00:00:00","slug":"zombie-solitaire-2-chapter-3","status":"publish","type":"product","link":"https:\/\/www.iplay.com\/es\/games\/zombie-solitaire-2-chapter-3\/","title":{"rendered":"Zombie Solitaire 2 &#8211; Chapter 3"},"content":{"rendered":"<p>Finalmente llegas a Egipto despu\u00e9s de tu loco escape de los zombis infestados de hamburguesas de tofu gen\u00e9ticamente modificado. Sin embargo, la invasi\u00f3n zombi todav\u00eda se est\u00e1 expandiendo r\u00e1pidamente all\u00ed. \u00bfQueda alguna posibilidad? Siguiendo un consejo que te lleva al mejor lugar de reuni\u00f3n de zombis, te embarcas en todo el pa\u00eds armado con un amplio suministro de dulces para ahuyentar a esas molestas criaturas con un desagradable caso de shock de az\u00facar. Anticipe entretenidos acertijos de aventuras y tareas de opci\u00f3n m\u00faltiple que lo acercar\u00e1n un paso m\u00e1s a su objetivo. Participa en emocionantes batallas de Match 3 y duelos de gesti\u00f3n del tiempo con zombis. \u00bfEst\u00e1s preparado para la pelea m\u00e1s divertida de la historia?      <\/p>\n<p>&nbsp;<\/p>\n<p>&nbsp;<\/p>\n<p><strong>Funciones:<\/strong><\/p>\n<p>&nbsp;<\/p>\n<ul>\n<li>La cuarta entrega de la popular serie Solitario Zombie<\/li>\n<li>Entretenimiento de alta calidad adecuado para toda la familia<\/li>\n<li>Una interesante historia de zombis con muchos conceptos creativos<\/li>\n<li>Niveles de solitario mejorados y cada vez m\u00e1s dif\u00edciles: m\u00e1s de 100 niveles emocionantes<\/li>\n<li>Varios aumentos de potencia y comodines pr\u00e1cticos<\/li>\n<li>Situaciones dif\u00edciles de duelo de Match 3<\/li>\n<li>Ejercicios r\u00e1pidos de gesti\u00f3n del tiempo de reflejos<\/li>\n<\/ul>\n","protected":false},"excerpt":{"rendered":"<p>\u00a1Diversi\u00f3n en solitario para toda la familia con un tema de zombis!<\/p>\n","protected":false},"author":30,"featured_media":97269,"comment_status":"open","ping_status":"closed","template":"","meta":{"_acf_changed":false,"inline_featured_image":false},"product_brand":[],"product_cat":[154,209],"product_tag":[288],"class_list":{"0":"post-142718","1":"product","2":"type-product","3":"status-publish","4":"has-post-thumbnail","6":"product_cat-card-es","7":"product_cat-solitaire-es","8":"product_tag-play-on-pc-es","10":"first","11":"instock","12":"shipping-taxable","13":"purchasable","14":"product-type-simple"},"acf":[],"yoast_head":"<!-- This site is optimized with the Yoast SEO Premium plugin v25.2 (Yoast SEO v25.2) - https:\/\/yoast.com\/wordpress\/plugins\/seo\/ -->\n<title>Solitario Zombi 2 - Cap\u00edtulo 3 - Diversi\u00f3n en el Solitario Zombi en el Cap\u00edtulo 3<\/title>\n<meta name=\"description\" content=\"\u00a1Diversi\u00f3n en solitario para toda la familia con un tema de zombis!\" \/>\n<meta name=\"robots\" content=\"index, follow, max-snippet:-1, max-image-preview:large, max-video-preview:-1\" \/>\n<link rel=\"canonical\" href=\"https:\/\/www.iplay.com\/es\/games\/zombie-solitaire-2-chapter-3\/\" \/>\n<meta property=\"og:locale\" content=\"es_ES\" \/>\n<meta property=\"og:type\" content=\"article\" \/>\n<meta property=\"og:title\" content=\"Zombie Solitaire 2 - Chapter 3\" \/>\n<meta property=\"og:description\" content=\"\u00a1Diversi\u00f3n en solitario para toda la familia con un tema de zombis!\" \/>\n<meta property=\"og:url\" content=\"https:\/\/www.iplay.com\/es\/games\/zombie-solitaire-2-chapter-3\/\" \/>\n<meta property=\"og:site_name\" content=\"IPlay\" \/>\n<meta property=\"og:image\" content=\"https:\/\/www.iplay.com\/wp-content\/uploads\/2023\/12\/large_square_tile_image-3586.jpg\" \/>\n\t<meta property=\"og:image:width\" content=\"310\" \/>\n\t<meta property=\"og:image:height\" content=\"310\" \/>\n\t<meta property=\"og:image:type\" content=\"image\/jpeg\" \/>\n<meta name=\"twitter:card\" content=\"summary_large_image\" \/>\n<meta name=\"twitter:label1\" content=\"Est. reading time\" \/>\n\t<meta name=\"twitter:data1\" content=\"1 minuto\" \/>\n<script type=\"application\/ld+json\" class=\"yoast-schema-graph\">{\"@context\":\"https:\/\/schema.org\",\"@graph\":[{\"@type\":\"WebPage\",\"@id\":\"https:\/\/www.iplay.com\/es\/games\/zombie-solitaire-2-chapter-3\/\",\"url\":\"https:\/\/www.iplay.com\/es\/games\/zombie-solitaire-2-chapter-3\/\",\"name\":\"Solitario Zombi 2 - Cap\u00edtulo 3 - Diversi\u00f3n en el Solitario Zombi en el Cap\u00edtulo 3\",\"isPartOf\":{\"@id\":\"https:\/\/www.iplay.com\/en\/#website\"},\"primaryImageOfPage\":{\"@id\":\"https:\/\/www.iplay.com\/es\/games\/zombie-solitaire-2-chapter-3\/#primaryimage\"},\"image\":{\"@id\":\"https:\/\/www.iplay.com\/es\/games\/zombie-solitaire-2-chapter-3\/#primaryimage\"},\"thumbnailUrl\":\"https:\/\/www.iplay.com\/wp-content\/uploads\/2023\/12\/large_square_tile_image-3586.jpg\",\"datePublished\":\"2018-03-07T00:00:00+00:00\",\"description\":\"\u00a1Diversi\u00f3n en solitario para toda la familia con un tema de zombis!\",\"breadcrumb\":{\"@id\":\"https:\/\/www.iplay.com\/es\/games\/zombie-solitaire-2-chapter-3\/#breadcrumb\"},\"inLanguage\":\"es\",\"potentialAction\":[{\"@type\":\"ReadAction\",\"target\":[\"https:\/\/www.iplay.com\/es\/games\/zombie-solitaire-2-chapter-3\/\"]}]},{\"@type\":\"ImageObject\",\"inLanguage\":\"es\",\"@id\":\"https:\/\/www.iplay.com\/es\/games\/zombie-solitaire-2-chapter-3\/#primaryimage\",\"url\":\"https:\/\/www.iplay.com\/wp-content\/uploads\/2023\/12\/large_square_tile_image-3586.jpg\",\"contentUrl\":\"https:\/\/www.iplay.com\/wp-content\/uploads\/2023\/12\/large_square_tile_image-3586.jpg\",\"width\":310,\"height\":310},{\"@type\":\"BreadcrumbList\",\"@id\":\"https:\/\/www.iplay.com\/es\/games\/zombie-solitaire-2-chapter-3\/#breadcrumb\",\"itemListElement\":[{\"@type\":\"ListItem\",\"position\":1,\"name\":\"Home\",\"item\":\"https:\/\/www.iplay.com\/es\/home-page-2\/\"},{\"@type\":\"ListItem\",\"position\":2,\"name\":\"Shop\",\"item\":\"https:\/\/www.iplay.com\/en\/shop\/\"},{\"@type\":\"ListItem\",\"position\":3,\"name\":\"Zombie Solitaire 2 &#8211; Chapter 3\"}]},{\"@type\":\"WebSite\",\"@id\":\"https:\/\/www.iplay.com\/en\/#website\",\"url\":\"https:\/\/www.iplay.com\/en\/\",\"name\":\"IPlay\",\"description\":\"The Best Casual Games!\",\"publisher\":{\"@id\":\"https:\/\/www.iplay.com\/en\/#organization\"},\"potentialAction\":[{\"@type\":\"SearchAction\",\"target\":{\"@type\":\"EntryPoint\",\"urlTemplate\":\"https:\/\/www.iplay.com\/en\/?s={search_term_string}\"},\"query-input\":{\"@type\":\"PropertyValueSpecification\",\"valueRequired\":true,\"valueName\":\"search_term_string\"}}],\"inLanguage\":\"es\"},{\"@type\":\"Organization\",\"@id\":\"https:\/\/www.iplay.com\/en\/#organization\",\"name\":\"IPlay\",\"url\":\"https:\/\/www.iplay.com\/en\/\",\"logo\":{\"@type\":\"ImageObject\",\"inLanguage\":\"es\",\"@id\":\"https:\/\/www.iplay.com\/en\/#\/schema\/logo\/image\/\",\"url\":\"https:\/\/www.iplay.com\/wp-content\/uploads\/2023\/11\/Group-6100.svg\",\"contentUrl\":\"https:\/\/www.iplay.com\/wp-content\/uploads\/2023\/11\/Group-6100.svg\",\"width\":98,\"height\":25,\"caption\":\"IPlay\"},\"image\":{\"@id\":\"https:\/\/www.iplay.com\/en\/#\/schema\/logo\/image\/\"}}]}<\/script>\n<!-- \/ Yoast SEO Premium plugin. -->","yoast_head_json":{"title":"Solitario Zombi 2 - Cap\u00edtulo 3 - Diversi\u00f3n en el Solitario Zombi en el Cap\u00edtulo 3","description":"\u00a1Diversi\u00f3n en solitario para toda la familia con un tema de zombis!","robots":{"index":"index","follow":"follow","max-snippet":"max-snippet:-1","max-image-preview":"max-image-preview:large","max-video-preview":"max-video-preview:-1"},"canonical":"https:\/\/www.iplay.com\/es\/games\/zombie-solitaire-2-chapter-3\/","og_locale":"es_ES","og_type":"article","og_title":"Zombie Solitaire 2 - Chapter 3","og_description":"\u00a1Diversi\u00f3n en solitario para toda la familia con un tema de zombis!","og_url":"https:\/\/www.iplay.com\/es\/games\/zombie-solitaire-2-chapter-3\/","og_site_name":"IPlay","og_image":[{"width":310,"height":310,"url":"https:\/\/www.iplay.com\/wp-content\/uploads\/2023\/12\/large_square_tile_image-3586.jpg","type":"image\/jpeg"}],"twitter_card":"summary_large_image","twitter_misc":{"Est. reading time":"1 minuto"},"schema":{"@context":"https:\/\/schema.org","@graph":[{"@type":"WebPage","@id":"https:\/\/www.iplay.com\/es\/games\/zombie-solitaire-2-chapter-3\/","url":"https:\/\/www.iplay.com\/es\/games\/zombie-solitaire-2-chapter-3\/","name":"Solitario Zombi 2 - Cap\u00edtulo 3 - Diversi\u00f3n en el Solitario Zombi en el Cap\u00edtulo 3","isPartOf":{"@id":"https:\/\/www.iplay.com\/en\/#website"},"primaryImageOfPage":{"@id":"https:\/\/www.iplay.com\/es\/games\/zombie-solitaire-2-chapter-3\/#primaryimage"},"image":{"@id":"https:\/\/www.iplay.com\/es\/games\/zombie-solitaire-2-chapter-3\/#primaryimage"},"thumbnailUrl":"https:\/\/www.iplay.com\/wp-content\/uploads\/2023\/12\/large_square_tile_image-3586.jpg","datePublished":"2018-03-07T00:00:00+00:00","description":"\u00a1Diversi\u00f3n en solitario para toda la familia con un tema de zombis!","breadcrumb":{"@id":"https:\/\/www.iplay.com\/es\/games\/zombie-solitaire-2-chapter-3\/#breadcrumb"},"inLanguage":"es","potentialAction":[{"@type":"ReadAction","target":["https:\/\/www.iplay.com\/es\/games\/zombie-solitaire-2-chapter-3\/"]}]},{"@type":"ImageObject","inLanguage":"es","@id":"https:\/\/www.iplay.com\/es\/games\/zombie-solitaire-2-chapter-3\/#primaryimage","url":"https:\/\/www.iplay.com\/wp-content\/uploads\/2023\/12\/large_square_tile_image-3586.jpg","contentUrl":"https:\/\/www.iplay.com\/wp-content\/uploads\/2023\/12\/large_square_tile_image-3586.jpg","width":310,"height":310},{"@type":"BreadcrumbList","@id":"https:\/\/www.iplay.com\/es\/games\/zombie-solitaire-2-chapter-3\/#breadcrumb","itemListElement":[{"@type":"ListItem","position":1,"name":"Home","item":"https:\/\/www.iplay.com\/es\/home-page-2\/"},{"@type":"ListItem","position":2,"name":"Shop","item":"https:\/\/www.iplay.com\/en\/shop\/"},{"@type":"ListItem","position":3,"name":"Zombie Solitaire 2 &#8211; Chapter 3"}]},{"@type":"WebSite","@id":"https:\/\/www.iplay.com\/en\/#website","url":"https:\/\/www.iplay.com\/en\/","name":"IPlay","description":"The Best Casual Games!","publisher":{"@id":"https:\/\/www.iplay.com\/en\/#organization"},"potentialAction":[{"@type":"SearchAction","target":{"@type":"EntryPoint","urlTemplate":"https:\/\/www.iplay.com\/en\/?s={search_term_string}"},"query-input":{"@type":"PropertyValueSpecification","valueRequired":true,"valueName":"search_term_string"}}],"inLanguage":"es"},{"@type":"Organization","@id":"https:\/\/www.iplay.com\/en\/#organization","name":"IPlay","url":"https:\/\/www.iplay.com\/en\/","logo":{"@type":"ImageObject","inLanguage":"es","@id":"https:\/\/www.iplay.com\/en\/#\/schema\/logo\/image\/","url":"https:\/\/www.iplay.com\/wp-content\/uploads\/2023\/11\/Group-6100.svg","contentUrl":"https:\/\/www.iplay.com\/wp-content\/uploads\/2023\/11\/Group-6100.svg","width":98,"height":25,"caption":"IPlay"},"image":{"@id":"https:\/\/www.iplay.com\/en\/#\/schema\/logo\/image\/"}}]}},"_links":{"self":[{"href":"https:\/\/www.iplay.com\/es\/wp-json\/wp\/v2\/product\/142718","targetHints":{"allow":["GET"]}}],"collection":[{"href":"https:\/\/www.iplay.com\/es\/wp-json\/wp\/v2\/product"}],"about":[{"href":"https:\/\/www.iplay.com\/es\/wp-json\/wp\/v2\/types\/product"}],"author":[{"embeddable":true,"href":"https:\/\/www.iplay.com\/es\/wp-json\/wp\/v2\/users\/30"}],"replies":[{"embeddable":true,"href":"https:\/\/www.iplay.com\/es\/wp-json\/wp\/v2\/comments?post=142718"}],"wp:featuredmedia":[{"embeddable":true,"href":"https:\/\/www.iplay.com\/es\/wp-json\/wp\/v2\/media\/97269"}],"wp:attachment":[{"href":"https:\/\/www.iplay.com\/es\/wp-json\/wp\/v2\/media?parent=142718"}],"wp:term":[{"taxonomy":"product_brand","embeddable":true,"href":"https:\/\/www.iplay.com\/es\/wp-json\/wp\/v2\/product_brand?post=142718"},{"taxonomy":"product_cat","embeddable":true,"href":"https:\/\/www.iplay.com\/es\/wp-json\/wp\/v2\/product_cat?post=142718"},{"taxonomy":"product_tag","embeddable":true,"href":"https:\/\/www.iplay.com\/es\/wp-json\/wp\/v2\/product_tag?post=142718"}],"curies":[{"name":"wp","href":"https:\/\/api.w.org\/{rel}","templated":true}]}}