{"id":142635,"date":"2025-08-20T07:30:28","date_gmt":"2025-08-20T07:30:28","guid":{"rendered":"https:\/\/www.iplay.com\/?post_type=product&p=142635"},"modified":"2025-08-20T07:30:28","modified_gmt":"2025-08-20T07:30:28","slug":"a-haunting-novel-burton-hotel-collectors-edition","status":"publish","type":"product","link":"https:\/\/www.iplay.com\/es\/games\/a-haunting-novel-burton-hotel-collectors-edition\/","title":{"rendered":"A Haunting Novel: Burton Hotel Collector&#8217;s Edition"},"content":{"rendered":"<p class=\"whitespace-normal break-words ai-optimize-25 ai-optimize-introduction\">Exploras el espeluznante Hotel Burton en este juego de objetos ocultos. Este es el primer juego de una nueva y emocionante serie. <\/p>\n<p class=\"whitespace-normal break-words ai-optimize-26\">El \u00faltimo heredero de la familia hereda el antiguo hotel despu\u00e9s de la muerte del propietario. Empiezas a prepararte para vender el hotel. Los secretos ocultos se despiertan, al igual que los fantasmas enojados.  <\/p>\n<p class=\"whitespace-normal break-words ai-optimize-27\">Los fantasmas caminan por los pasillos y regresan recuerdos aterradores. Debes resolver el misterio de lo que le sucedi\u00f3 a esta familia. <\/p>\n<p class=\"whitespace-normal break-words ai-optimize-28\">Encuentras objetos ocultos y resuelves acertijos. Cada descubrimiento hace que la verdad sea m\u00e1s aterradora y peligrosa. <\/p>\n<p class=\"whitespace-normal break-words ai-optimize-29\">Valorie Aster te ayuda a guiarte a trav\u00e9s del juego. Luchas contra fantasmas e intentas hacer que el hotel sea seguro para los ni\u00f1os que necesitan un hogar. <\/p>\n<p class=\"whitespace-normal break-words ai-optimize-30\">Esta Edici\u00f3n de Coleccionista te ofrece muchos extras. Obtienes una gu\u00eda de ayuda, art\u00edculos especiales para recolectar, libros ocultos, premios y un rompecabezas adicional. <\/p>\n<p class=\"whitespace-normal break-words ai-optimize-31\">Tambi\u00e9n obtienes fondos de pantalla para tu computadora y un reproductor de m\u00fasica. Estos mantienen la sensaci\u00f3n espeluznante despu\u00e9s de que terminas el juego. <\/p>\n<p>&nbsp;<\/p>\n<p class=\"whitespace-normal break-words ai-optimize-32\"><strong>Caracter\u00edsticas de la Edici\u00f3n de Coleccionista<\/strong><\/p>\n<ul class=\"[&amp;:not(:last-child)_ul]:pb-1 [&amp;:not(:last-child)_ol]:pb-1 list-disc space-y-1.5 pl-7\">\n<li class=\"whitespace-normal break-words ai-optimize-33\">Trabaja con Valorie Aster para eliminar los esp\u00edritus malignos del hotel de su familia. Ayude a que sea un hogar seguro para ni\u00f1os sin padres. <\/li>\n<li class=\"whitespace-normal break-words ai-optimize-34\">Obt\u00e9n ayuda de una gu\u00eda integrada cuando el juego se complique.<\/li>\n<li class=\"whitespace-normal break-words ai-optimize-35\">Encuentra mucho contenido adicional. Colecciona art\u00edculos especiales del hotel, descubre libros secretos, gana premios y resuelve un aterrador rompecabezas de bonificaci\u00f3n. <\/li>\n<li class=\"whitespace-normal break-words ai-optimize-36\">Descarga fondos de pantalla espeluznantes que muestran la atm\u00f3sfera fantasmal del Hotel Burton.<\/li>\n<li class=\"whitespace-normal break-words ai-optimize-37\">Usa el reproductor de m\u00fasica especial para escuchar la m\u00fasica espeluznante del juego en cualquier momento.<\/li>\n<\/ul>\n","protected":false},"excerpt":{"rendered":"<p>\u00a1Descubre la verdad detr\u00e1s de sucesos espeluznantes en un hotel embrujado que est\u00e1 envuelto en misterio y tragedia!<\/p>\n","protected":false},"author":17,"featured_media":142576,"comment_status":"open","ping_status":"closed","template":"","meta":{"_acf_changed":false,"inline_featured_image":false},"product_brand":[],"product_cat":[150,166],"product_tag":[288],"class_list":{"0":"post-142635","1":"product","2":"type-product","3":"status-publish","4":"has-post-thumbnail","6":"product_cat-adventure-es","7":"product_cat-hidden-object-es","8":"product_tag-play-on-pc-es","10":"first","11":"instock","12":"shipping-taxable","13":"purchasable","14":"product-type-simple"},"acf":[],"yoast_head":"<!-- This site is optimized with the Yoast SEO Premium plugin v25.2 (Yoast SEO v25.2) - https:\/\/yoast.com\/wordpress\/plugins\/seo\/ -->\n<title>Burton Hotel Mystery: Resuelve secretos fantasmales<\/title>\n<meta name=\"description\" content=\"\u00a1Descubre la verdad detr\u00e1s de sucesos espeluznantes en un hotel embrujado que est\u00e1 envuelto en misterio y tragedia!\" \/>\n<meta name=\"robots\" content=\"index, follow, max-snippet:-1, max-image-preview:large, max-video-preview:-1\" \/>\n<link rel=\"canonical\" href=\"https:\/\/www.iplay.com\/en\/games\/a-haunting-novel-burton-hotel-collectors-edition\/\" \/>\n<meta property=\"og:locale\" content=\"es_ES\" \/>\n<meta property=\"og:type\" content=\"article\" \/>\n<meta property=\"og:title\" content=\"A Haunting Novel: Burton Hotel Collector&#039;s Edition\" \/>\n<meta property=\"og:description\" content=\"\u00a1Descubre la verdad detr\u00e1s de sucesos espeluznantes en un hotel embrujado que est\u00e1 envuelto en misterio y tragedia!\" \/>\n<meta property=\"og:url\" content=\"https:\/\/www.iplay.com\/en\/games\/a-haunting-novel-burton-hotel-collectors-edition\/\" \/>\n<meta property=\"og:site_name\" content=\"IPlay\" \/>\n<meta property=\"og:image\" content=\"https:\/\/www.iplay.com\/wp-content\/uploads\/2025\/08\/a_haunting_novel_bh_ce_large_video_screenshot.webp\" \/>\n\t<meta property=\"og:image:width\" content=\"715\" \/>\n\t<meta property=\"og:image:height\" content=\"485\" \/>\n\t<meta property=\"og:image:type\" content=\"image\/webp\" \/>\n<meta name=\"twitter:card\" content=\"summary_large_image\" \/>\n<meta name=\"twitter:label1\" content=\"Est. reading time\" \/>\n\t<meta name=\"twitter:data1\" content=\"1 minuto\" \/>\n<script type=\"application\/ld+json\" class=\"yoast-schema-graph\">{\"@context\":\"https:\/\/schema.org\",\"@graph\":[{\"@type\":\"WebPage\",\"@id\":\"https:\/\/www.iplay.com\/en\/games\/a-haunting-novel-burton-hotel-collectors-edition\/\",\"url\":\"https:\/\/www.iplay.com\/en\/games\/a-haunting-novel-burton-hotel-collectors-edition\/\",\"name\":\"Burton Hotel Mystery: Resuelve secretos fantasmales\",\"isPartOf\":{\"@id\":\"https:\/\/www.iplay.com\/en\/#website\"},\"primaryImageOfPage\":{\"@id\":\"https:\/\/www.iplay.com\/en\/games\/a-haunting-novel-burton-hotel-collectors-edition\/#primaryimage\"},\"image\":{\"@id\":\"https:\/\/www.iplay.com\/en\/games\/a-haunting-novel-burton-hotel-collectors-edition\/#primaryimage\"},\"thumbnailUrl\":\"https:\/\/www.iplay.com\/wp-content\/uploads\/2025\/08\/a_haunting_novel_bh_ce_large_square_tile_image.webp\",\"datePublished\":\"2025-08-20T07:30:28+00:00\",\"description\":\"\u00a1Descubre la verdad detr\u00e1s de sucesos espeluznantes en un hotel embrujado que est\u00e1 envuelto en misterio y tragedia!\",\"breadcrumb\":{\"@id\":\"https:\/\/www.iplay.com\/en\/games\/a-haunting-novel-burton-hotel-collectors-edition\/#breadcrumb\"},\"inLanguage\":\"es\",\"potentialAction\":[{\"@type\":\"ReadAction\",\"target\":[\"https:\/\/www.iplay.com\/en\/games\/a-haunting-novel-burton-hotel-collectors-edition\/\"]}]},{\"@type\":\"ImageObject\",\"inLanguage\":\"es\",\"@id\":\"https:\/\/www.iplay.com\/en\/games\/a-haunting-novel-burton-hotel-collectors-edition\/#primaryimage\",\"url\":\"https:\/\/www.iplay.com\/wp-content\/uploads\/2025\/08\/a_haunting_novel_bh_ce_large_square_tile_image.webp\",\"contentUrl\":\"https:\/\/www.iplay.com\/wp-content\/uploads\/2025\/08\/a_haunting_novel_bh_ce_large_square_tile_image.webp\",\"width\":310,\"height\":310},{\"@type\":\"BreadcrumbList\",\"@id\":\"https:\/\/www.iplay.com\/en\/games\/a-haunting-novel-burton-hotel-collectors-edition\/#breadcrumb\",\"itemListElement\":[{\"@type\":\"ListItem\",\"position\":1,\"name\":\"Home\",\"item\":\"https:\/\/www.iplay.com\/es\/home-page-2\/\"},{\"@type\":\"ListItem\",\"position\":2,\"name\":\"Shop\",\"item\":\"https:\/\/www.iplay.com\/en\/shop\/\"},{\"@type\":\"ListItem\",\"position\":3,\"name\":\"A Haunting Novel: Burton Hotel Collector&#8217;s Edition\"}]},{\"@type\":\"WebSite\",\"@id\":\"https:\/\/www.iplay.com\/en\/#website\",\"url\":\"https:\/\/www.iplay.com\/en\/\",\"name\":\"IPlay\",\"description\":\"The Best Casual Games!\",\"publisher\":{\"@id\":\"https:\/\/www.iplay.com\/en\/#organization\"},\"potentialAction\":[{\"@type\":\"SearchAction\",\"target\":{\"@type\":\"EntryPoint\",\"urlTemplate\":\"https:\/\/www.iplay.com\/en\/?s={search_term_string}\"},\"query-input\":{\"@type\":\"PropertyValueSpecification\",\"valueRequired\":true,\"valueName\":\"search_term_string\"}}],\"inLanguage\":\"es\"},{\"@type\":\"Organization\",\"@id\":\"https:\/\/www.iplay.com\/en\/#organization\",\"name\":\"IPlay\",\"url\":\"https:\/\/www.iplay.com\/en\/\",\"logo\":{\"@type\":\"ImageObject\",\"inLanguage\":\"es\",\"@id\":\"https:\/\/www.iplay.com\/en\/#\/schema\/logo\/image\/\",\"url\":\"https:\/\/www.iplay.com\/wp-content\/uploads\/2023\/11\/Group-6100.svg\",\"contentUrl\":\"https:\/\/www.iplay.com\/wp-content\/uploads\/2023\/11\/Group-6100.svg\",\"width\":98,\"height\":25,\"caption\":\"IPlay\"},\"image\":{\"@id\":\"https:\/\/www.iplay.com\/en\/#\/schema\/logo\/image\/\"}}]}<\/script>\n<!-- \/ Yoast SEO Premium plugin. -->","yoast_head_json":{"title":"Burton Hotel Mystery: Resuelve secretos fantasmales","description":"\u00a1Descubre la verdad detr\u00e1s de sucesos espeluznantes en un hotel embrujado que est\u00e1 envuelto en misterio y tragedia!","robots":{"index":"index","follow":"follow","max-snippet":"max-snippet:-1","max-image-preview":"max-image-preview:large","max-video-preview":"max-video-preview:-1"},"canonical":"https:\/\/www.iplay.com\/en\/games\/a-haunting-novel-burton-hotel-collectors-edition\/","og_locale":"es_ES","og_type":"article","og_title":"A Haunting Novel: Burton Hotel Collector's Edition","og_description":"\u00a1Descubre la verdad detr\u00e1s de sucesos espeluznantes en un hotel embrujado que est\u00e1 envuelto en misterio y tragedia!","og_url":"https:\/\/www.iplay.com\/en\/games\/a-haunting-novel-burton-hotel-collectors-edition\/","og_site_name":"IPlay","og_image":[{"width":715,"height":485,"url":"https:\/\/www.iplay.com\/wp-content\/uploads\/2025\/08\/a_haunting_novel_bh_ce_large_video_screenshot.webp","type":"image\/webp"}],"twitter_card":"summary_large_image","twitter_misc":{"Est. reading time":"1 minuto"},"schema":{"@context":"https:\/\/schema.org","@graph":[{"@type":"WebPage","@id":"https:\/\/www.iplay.com\/en\/games\/a-haunting-novel-burton-hotel-collectors-edition\/","url":"https:\/\/www.iplay.com\/en\/games\/a-haunting-novel-burton-hotel-collectors-edition\/","name":"Burton Hotel Mystery: Resuelve secretos fantasmales","isPartOf":{"@id":"https:\/\/www.iplay.com\/en\/#website"},"primaryImageOfPage":{"@id":"https:\/\/www.iplay.com\/en\/games\/a-haunting-novel-burton-hotel-collectors-edition\/#primaryimage"},"image":{"@id":"https:\/\/www.iplay.com\/en\/games\/a-haunting-novel-burton-hotel-collectors-edition\/#primaryimage"},"thumbnailUrl":"https:\/\/www.iplay.com\/wp-content\/uploads\/2025\/08\/a_haunting_novel_bh_ce_large_square_tile_image.webp","datePublished":"2025-08-20T07:30:28+00:00","description":"\u00a1Descubre la verdad detr\u00e1s de sucesos espeluznantes en un hotel embrujado que est\u00e1 envuelto en misterio y tragedia!","breadcrumb":{"@id":"https:\/\/www.iplay.com\/en\/games\/a-haunting-novel-burton-hotel-collectors-edition\/#breadcrumb"},"inLanguage":"es","potentialAction":[{"@type":"ReadAction","target":["https:\/\/www.iplay.com\/en\/games\/a-haunting-novel-burton-hotel-collectors-edition\/"]}]},{"@type":"ImageObject","inLanguage":"es","@id":"https:\/\/www.iplay.com\/en\/games\/a-haunting-novel-burton-hotel-collectors-edition\/#primaryimage","url":"https:\/\/www.iplay.com\/wp-content\/uploads\/2025\/08\/a_haunting_novel_bh_ce_large_square_tile_image.webp","contentUrl":"https:\/\/www.iplay.com\/wp-content\/uploads\/2025\/08\/a_haunting_novel_bh_ce_large_square_tile_image.webp","width":310,"height":310},{"@type":"BreadcrumbList","@id":"https:\/\/www.iplay.com\/en\/games\/a-haunting-novel-burton-hotel-collectors-edition\/#breadcrumb","itemListElement":[{"@type":"ListItem","position":1,"name":"Home","item":"https:\/\/www.iplay.com\/es\/home-page-2\/"},{"@type":"ListItem","position":2,"name":"Shop","item":"https:\/\/www.iplay.com\/en\/shop\/"},{"@type":"ListItem","position":3,"name":"A Haunting Novel: Burton Hotel Collector&#8217;s Edition"}]},{"@type":"WebSite","@id":"https:\/\/www.iplay.com\/en\/#website","url":"https:\/\/www.iplay.com\/en\/","name":"IPlay","description":"The Best Casual Games!","publisher":{"@id":"https:\/\/www.iplay.com\/en\/#organization"},"potentialAction":[{"@type":"SearchAction","target":{"@type":"EntryPoint","urlTemplate":"https:\/\/www.iplay.com\/en\/?s={search_term_string}"},"query-input":{"@type":"PropertyValueSpecification","valueRequired":true,"valueName":"search_term_string"}}],"inLanguage":"es"},{"@type":"Organization","@id":"https:\/\/www.iplay.com\/en\/#organization","name":"IPlay","url":"https:\/\/www.iplay.com\/en\/","logo":{"@type":"ImageObject","inLanguage":"es","@id":"https:\/\/www.iplay.com\/en\/#\/schema\/logo\/image\/","url":"https:\/\/www.iplay.com\/wp-content\/uploads\/2023\/11\/Group-6100.svg","contentUrl":"https:\/\/www.iplay.com\/wp-content\/uploads\/2023\/11\/Group-6100.svg","width":98,"height":25,"caption":"IPlay"},"image":{"@id":"https:\/\/www.iplay.com\/en\/#\/schema\/logo\/image\/"}}]}},"_links":{"self":[{"href":"https:\/\/www.iplay.com\/es\/wp-json\/wp\/v2\/product\/142635","targetHints":{"allow":["GET"]}}],"collection":[{"href":"https:\/\/www.iplay.com\/es\/wp-json\/wp\/v2\/product"}],"about":[{"href":"https:\/\/www.iplay.com\/es\/wp-json\/wp\/v2\/types\/product"}],"author":[{"embeddable":true,"href":"https:\/\/www.iplay.com\/es\/wp-json\/wp\/v2\/users\/17"}],"replies":[{"embeddable":true,"href":"https:\/\/www.iplay.com\/es\/wp-json\/wp\/v2\/comments?post=142635"}],"wp:featuredmedia":[{"embeddable":true,"href":"https:\/\/www.iplay.com\/es\/wp-json\/wp\/v2\/media\/142576"}],"wp:attachment":[{"href":"https:\/\/www.iplay.com\/es\/wp-json\/wp\/v2\/media?parent=142635"}],"wp:term":[{"taxonomy":"product_brand","embeddable":true,"href":"https:\/\/www.iplay.com\/es\/wp-json\/wp\/v2\/product_brand?post=142635"},{"taxonomy":"product_cat","embeddable":true,"href":"https:\/\/www.iplay.com\/es\/wp-json\/wp\/v2\/product_cat?post=142635"},{"taxonomy":"product_tag","embeddable":true,"href":"https:\/\/www.iplay.com\/es\/wp-json\/wp\/v2\/product_tag?post=142635"}],"curies":[{"name":"wp","href":"https:\/\/api.w.org\/{rel}","templated":true}]}}