{"id":142631,"date":"2025-08-22T08:30:54","date_gmt":"2025-08-22T08:30:54","guid":{"rendered":"https:\/\/www.iplay.com\/?post_type=product&p=142631"},"modified":"2025-08-22T08:30:54","modified_gmt":"2025-08-22T08:30:54","slug":"match-marbles-13","status":"publish","type":"product","link":"https:\/\/www.iplay.com\/es\/games\/match-marbles-13\/","title":{"rendered":"Match Marbles 13"},"content":{"rendered":"<p class=\"whitespace-normal break-words ai-optimize-27 ai-optimize-introduction\">Exploras tierras m\u00e1gicas en Match Marbles 13. Encuentras tesoros escondidos mientras juegas. <\/p>\n<p class=\"whitespace-normal break-words ai-optimize-28\">Exploras un misterioso castillo. Resuelves acertijos usando nuevas herramientas. Superas desaf\u00edos dif\u00edciles.  <\/p>\n<p class=\"whitespace-normal break-words ai-optimize-29\">Usas bombas de \u00e1cido para despejar el tablero. Esta nueva bonificaci\u00f3n destruye los bloques duros. Eliminas los niveles m\u00e1s r\u00e1pido.  <\/p>\n<p class=\"whitespace-normal break-words ai-optimize-30\">Disfrutas de este juego si te encantan los rompecabezas. Usas la estrategia y ves hermosos gr\u00e1ficos. Cualquiera puede jugar y divertirse.  <\/p>\n<p class=\"whitespace-normal break-words ai-optimize-31\">Escuchas m\u00fasica relajante mientras tocas. Desbloqueas secretos en cada nivel. <\/p>\n<p>&nbsp;<\/p>\n<p class=\"whitespace-normal break-words ai-optimize-32\"><strong>Funciones<\/strong><\/p>\n<ul class=\"[&amp;:not(:last-child)_ul]:pb-1 [&amp;:not(:last-child)_ol]:pb-1 list-disc space-y-1.5 pl-7\">\n<li class=\"whitespace-normal break-words ai-optimize-33\">Usas bombas de \u00e1cido para destruir los bloques m\u00e1s dif\u00edciles<\/li>\n<li class=\"whitespace-normal break-words ai-optimize-34\">Aprendes nuevas formas de resolver acertijos m\u00e1s dif\u00edciles<\/li>\n<li class=\"whitespace-normal break-words ai-optimize-35\">Ves hermosos gr\u00e1ficos y arte detallado<\/li>\n<li class=\"whitespace-normal break-words ai-optimize-36\">Te relajas con m\u00fasica tranquila que suena m\u00e1gica<\/li>\n<li class=\"whitespace-normal break-words ai-optimize-37\">Contin\u00faas desde Match Marbles 12 con nuevos acertijos y sorpresas<\/li>\n<\/ul>\n","protected":false},"excerpt":{"rendered":"<p>\u00a1En Match Marbles 13, debes destruir obst\u00e1culos mientras descubres misterios perdidos hace mucho tiempo!<\/p>\n","protected":false},"author":23,"featured_media":142628,"comment_status":"open","ping_status":"closed","template":"","meta":{"_acf_changed":false,"inline_featured_image":false},"product_brand":[],"product_cat":[178,192],"product_tag":[288],"class_list":{"0":"post-142631","1":"product","2":"type-product","3":"status-publish","4":"has-post-thumbnail","6":"product_cat-match-3-es","7":"product_cat-puzzle-es","8":"product_tag-play-on-pc-es","10":"first","11":"instock","12":"shipping-taxable","13":"purchasable","14":"product-type-simple"},"acf":[],"yoast_head":"<!-- This site is optimized with the Yoast SEO Premium plugin v25.2 (Yoast SEO v25.2) - https:\/\/yoast.com\/wordpress\/plugins\/seo\/ -->\n<title>Combina canicas 13: Rompecabezas antiguos<\/title>\n<meta name=\"description\" content=\"\u00a1En Match Marbles 13, debes destruir obst\u00e1culos mientras descubres misterios perdidos hace mucho tiempo!\" \/>\n<meta name=\"robots\" content=\"index, follow, max-snippet:-1, max-image-preview:large, max-video-preview:-1\" \/>\n<link rel=\"canonical\" href=\"https:\/\/www.iplay.com\/en\/games\/match-marbles-13\/\" \/>\n<meta property=\"og:locale\" content=\"es_ES\" \/>\n<meta property=\"og:type\" content=\"article\" \/>\n<meta property=\"og:title\" content=\"Match Marbles 13\" \/>\n<meta property=\"og:description\" content=\"\u00a1En Match Marbles 13, debes destruir obst\u00e1culos mientras descubres misterios perdidos hace mucho tiempo!\" \/>\n<meta property=\"og:url\" content=\"https:\/\/www.iplay.com\/en\/games\/match-marbles-13\/\" \/>\n<meta property=\"og:site_name\" content=\"IPlay\" \/>\n<meta property=\"og:image\" content=\"https:\/\/www.iplay.com\/wp-content\/uploads\/2025\/08\/match_marbles_13_large_video_screenshot.webp\" \/>\n\t<meta property=\"og:image:width\" content=\"715\" \/>\n\t<meta property=\"og:image:height\" content=\"485\" \/>\n\t<meta property=\"og:image:type\" content=\"image\/webp\" \/>\n<meta name=\"twitter:card\" content=\"summary_large_image\" \/>\n<meta name=\"twitter:label1\" content=\"Est. reading time\" \/>\n\t<meta name=\"twitter:data1\" content=\"1 minuto\" \/>\n<script type=\"application\/ld+json\" class=\"yoast-schema-graph\">{\"@context\":\"https:\/\/schema.org\",\"@graph\":[{\"@type\":\"WebPage\",\"@id\":\"https:\/\/www.iplay.com\/en\/games\/match-marbles-13\/\",\"url\":\"https:\/\/www.iplay.com\/en\/games\/match-marbles-13\/\",\"name\":\"Combina canicas 13: Rompecabezas antiguos\",\"isPartOf\":{\"@id\":\"https:\/\/www.iplay.com\/en\/#website\"},\"primaryImageOfPage\":{\"@id\":\"https:\/\/www.iplay.com\/en\/games\/match-marbles-13\/#primaryimage\"},\"image\":{\"@id\":\"https:\/\/www.iplay.com\/en\/games\/match-marbles-13\/#primaryimage\"},\"thumbnailUrl\":\"https:\/\/www.iplay.com\/wp-content\/uploads\/2025\/08\/match_marbles_13_large_square_tile_image.webp\",\"datePublished\":\"2025-08-22T08:30:54+00:00\",\"description\":\"\u00a1En Match Marbles 13, debes destruir obst\u00e1culos mientras descubres misterios perdidos hace mucho tiempo!\",\"breadcrumb\":{\"@id\":\"https:\/\/www.iplay.com\/en\/games\/match-marbles-13\/#breadcrumb\"},\"inLanguage\":\"es\",\"potentialAction\":[{\"@type\":\"ReadAction\",\"target\":[\"https:\/\/www.iplay.com\/en\/games\/match-marbles-13\/\"]}]},{\"@type\":\"ImageObject\",\"inLanguage\":\"es\",\"@id\":\"https:\/\/www.iplay.com\/en\/games\/match-marbles-13\/#primaryimage\",\"url\":\"https:\/\/www.iplay.com\/wp-content\/uploads\/2025\/08\/match_marbles_13_large_square_tile_image.webp\",\"contentUrl\":\"https:\/\/www.iplay.com\/wp-content\/uploads\/2025\/08\/match_marbles_13_large_square_tile_image.webp\",\"width\":310,\"height\":310},{\"@type\":\"BreadcrumbList\",\"@id\":\"https:\/\/www.iplay.com\/en\/games\/match-marbles-13\/#breadcrumb\",\"itemListElement\":[{\"@type\":\"ListItem\",\"position\":1,\"name\":\"Home\",\"item\":\"https:\/\/www.iplay.com\/es\/home-page-2\/\"},{\"@type\":\"ListItem\",\"position\":2,\"name\":\"Shop\",\"item\":\"https:\/\/www.iplay.com\/en\/shop\/\"},{\"@type\":\"ListItem\",\"position\":3,\"name\":\"Match Marbles 13\"}]},{\"@type\":\"WebSite\",\"@id\":\"https:\/\/www.iplay.com\/en\/#website\",\"url\":\"https:\/\/www.iplay.com\/en\/\",\"name\":\"IPlay\",\"description\":\"The Best Casual Games!\",\"publisher\":{\"@id\":\"https:\/\/www.iplay.com\/en\/#organization\"},\"potentialAction\":[{\"@type\":\"SearchAction\",\"target\":{\"@type\":\"EntryPoint\",\"urlTemplate\":\"https:\/\/www.iplay.com\/en\/?s={search_term_string}\"},\"query-input\":{\"@type\":\"PropertyValueSpecification\",\"valueRequired\":true,\"valueName\":\"search_term_string\"}}],\"inLanguage\":\"es\"},{\"@type\":\"Organization\",\"@id\":\"https:\/\/www.iplay.com\/en\/#organization\",\"name\":\"IPlay\",\"url\":\"https:\/\/www.iplay.com\/en\/\",\"logo\":{\"@type\":\"ImageObject\",\"inLanguage\":\"es\",\"@id\":\"https:\/\/www.iplay.com\/en\/#\/schema\/logo\/image\/\",\"url\":\"https:\/\/www.iplay.com\/wp-content\/uploads\/2023\/11\/Group-6100.svg\",\"contentUrl\":\"https:\/\/www.iplay.com\/wp-content\/uploads\/2023\/11\/Group-6100.svg\",\"width\":98,\"height\":25,\"caption\":\"IPlay\"},\"image\":{\"@id\":\"https:\/\/www.iplay.com\/en\/#\/schema\/logo\/image\/\"}}]}<\/script>\n<!-- \/ Yoast SEO Premium plugin. -->","yoast_head_json":{"title":"Combina canicas 13: Rompecabezas antiguos","description":"\u00a1En Match Marbles 13, debes destruir obst\u00e1culos mientras descubres misterios perdidos hace mucho tiempo!","robots":{"index":"index","follow":"follow","max-snippet":"max-snippet:-1","max-image-preview":"max-image-preview:large","max-video-preview":"max-video-preview:-1"},"canonical":"https:\/\/www.iplay.com\/en\/games\/match-marbles-13\/","og_locale":"es_ES","og_type":"article","og_title":"Match Marbles 13","og_description":"\u00a1En Match Marbles 13, debes destruir obst\u00e1culos mientras descubres misterios perdidos hace mucho tiempo!","og_url":"https:\/\/www.iplay.com\/en\/games\/match-marbles-13\/","og_site_name":"IPlay","og_image":[{"width":715,"height":485,"url":"https:\/\/www.iplay.com\/wp-content\/uploads\/2025\/08\/match_marbles_13_large_video_screenshot.webp","type":"image\/webp"}],"twitter_card":"summary_large_image","twitter_misc":{"Est. reading time":"1 minuto"},"schema":{"@context":"https:\/\/schema.org","@graph":[{"@type":"WebPage","@id":"https:\/\/www.iplay.com\/en\/games\/match-marbles-13\/","url":"https:\/\/www.iplay.com\/en\/games\/match-marbles-13\/","name":"Combina canicas 13: Rompecabezas antiguos","isPartOf":{"@id":"https:\/\/www.iplay.com\/en\/#website"},"primaryImageOfPage":{"@id":"https:\/\/www.iplay.com\/en\/games\/match-marbles-13\/#primaryimage"},"image":{"@id":"https:\/\/www.iplay.com\/en\/games\/match-marbles-13\/#primaryimage"},"thumbnailUrl":"https:\/\/www.iplay.com\/wp-content\/uploads\/2025\/08\/match_marbles_13_large_square_tile_image.webp","datePublished":"2025-08-22T08:30:54+00:00","description":"\u00a1En Match Marbles 13, debes destruir obst\u00e1culos mientras descubres misterios perdidos hace mucho tiempo!","breadcrumb":{"@id":"https:\/\/www.iplay.com\/en\/games\/match-marbles-13\/#breadcrumb"},"inLanguage":"es","potentialAction":[{"@type":"ReadAction","target":["https:\/\/www.iplay.com\/en\/games\/match-marbles-13\/"]}]},{"@type":"ImageObject","inLanguage":"es","@id":"https:\/\/www.iplay.com\/en\/games\/match-marbles-13\/#primaryimage","url":"https:\/\/www.iplay.com\/wp-content\/uploads\/2025\/08\/match_marbles_13_large_square_tile_image.webp","contentUrl":"https:\/\/www.iplay.com\/wp-content\/uploads\/2025\/08\/match_marbles_13_large_square_tile_image.webp","width":310,"height":310},{"@type":"BreadcrumbList","@id":"https:\/\/www.iplay.com\/en\/games\/match-marbles-13\/#breadcrumb","itemListElement":[{"@type":"ListItem","position":1,"name":"Home","item":"https:\/\/www.iplay.com\/es\/home-page-2\/"},{"@type":"ListItem","position":2,"name":"Shop","item":"https:\/\/www.iplay.com\/en\/shop\/"},{"@type":"ListItem","position":3,"name":"Match Marbles 13"}]},{"@type":"WebSite","@id":"https:\/\/www.iplay.com\/en\/#website","url":"https:\/\/www.iplay.com\/en\/","name":"IPlay","description":"The Best Casual Games!","publisher":{"@id":"https:\/\/www.iplay.com\/en\/#organization"},"potentialAction":[{"@type":"SearchAction","target":{"@type":"EntryPoint","urlTemplate":"https:\/\/www.iplay.com\/en\/?s={search_term_string}"},"query-input":{"@type":"PropertyValueSpecification","valueRequired":true,"valueName":"search_term_string"}}],"inLanguage":"es"},{"@type":"Organization","@id":"https:\/\/www.iplay.com\/en\/#organization","name":"IPlay","url":"https:\/\/www.iplay.com\/en\/","logo":{"@type":"ImageObject","inLanguage":"es","@id":"https:\/\/www.iplay.com\/en\/#\/schema\/logo\/image\/","url":"https:\/\/www.iplay.com\/wp-content\/uploads\/2023\/11\/Group-6100.svg","contentUrl":"https:\/\/www.iplay.com\/wp-content\/uploads\/2023\/11\/Group-6100.svg","width":98,"height":25,"caption":"IPlay"},"image":{"@id":"https:\/\/www.iplay.com\/en\/#\/schema\/logo\/image\/"}}]}},"_links":{"self":[{"href":"https:\/\/www.iplay.com\/es\/wp-json\/wp\/v2\/product\/142631","targetHints":{"allow":["GET"]}}],"collection":[{"href":"https:\/\/www.iplay.com\/es\/wp-json\/wp\/v2\/product"}],"about":[{"href":"https:\/\/www.iplay.com\/es\/wp-json\/wp\/v2\/types\/product"}],"author":[{"embeddable":true,"href":"https:\/\/www.iplay.com\/es\/wp-json\/wp\/v2\/users\/23"}],"replies":[{"embeddable":true,"href":"https:\/\/www.iplay.com\/es\/wp-json\/wp\/v2\/comments?post=142631"}],"wp:featuredmedia":[{"embeddable":true,"href":"https:\/\/www.iplay.com\/es\/wp-json\/wp\/v2\/media\/142628"}],"wp:attachment":[{"href":"https:\/\/www.iplay.com\/es\/wp-json\/wp\/v2\/media?parent=142631"}],"wp:term":[{"taxonomy":"product_brand","embeddable":true,"href":"https:\/\/www.iplay.com\/es\/wp-json\/wp\/v2\/product_brand?post=142631"},{"taxonomy":"product_cat","embeddable":true,"href":"https:\/\/www.iplay.com\/es\/wp-json\/wp\/v2\/product_cat?post=142631"},{"taxonomy":"product_tag","embeddable":true,"href":"https:\/\/www.iplay.com\/es\/wp-json\/wp\/v2\/product_tag?post=142631"}],"curies":[{"name":"wp","href":"https:\/\/api.w.org\/{rel}","templated":true}]}}