{"id":142281,"date":"2018-05-28T00:00:01","date_gmt":"2018-05-28T00:00:01","guid":{"rendered":"https:\/\/www.iplay.com\/games\/haunted-hotel-the-x-collectors-edition\/"},"modified":"2018-05-28T00:00:01","modified_gmt":"2018-05-28T00:00:01","slug":"haunted-hotel-the-x-collectors-edition","status":"publish","type":"product","link":"https:\/\/www.iplay.com\/es\/games\/haunted-hotel-the-x-collectors-edition\/","title":{"rendered":"Haunted Hotel: The X Collector&#8217;s Edition"},"content":{"rendered":"<p>Colecci\u00f3n: Haunted Hotel: The X. Samantha, tu hermana, siempre ha sido una persona tenaz, \u00a1pero parece que se ha extralimitado! Mientras miraba hacia el Hotel Lexington, el escenario de un horrible incidente que ocurri\u00f3 hace d\u00e9cadas, desapareci\u00f3 de la vista. Pronto descubres que los fantasmas del pasado todav\u00eda est\u00e1n inquietos y enfurecidos cuando la encuentras. Tendr\u00e1s que aprender la verdad sobre lo que realmente sucedi\u00f3 all\u00ed hace tantos a\u00f1os si quieres localizar a tu hermana y sobrevivir. \u00bfTendr\u00e1s el coraje de enfrentarte a lo que acecha en los sombr\u00edos pasillos del Hotel Lexington? \u00a1Juega a este aterrador juego de aventuras de rompecabezas de objetos ocultos para descubrirlo!     <\/p>\n<p>&nbsp;<\/p>\n<p>&nbsp;<\/p>\n<p><strong>Funciones:  <\/strong><\/p>\n<p>&nbsp;<\/p>\n<p>&#8211; \u00a1Acepta el desaf\u00edo de la Habitaci\u00f3n Secreta! \u00bfPuedes superar tu r\u00e9cord personal? <\/p>\n<p>&#8211; En el juego de bonificaci\u00f3n, \u00a1regresa al hotel para investigar un nuevo asesinato!<\/p>\n<p>&#8211; \u00a1Un mont\u00f3n de objetos que se transforman y coleccionables secretos!<br \/>\n&#8211; \u00a1Alcanza objetivos y aprovecha el arte conceptual, los fondos de pantalla y m\u00e1s!<\/p>\n<p>&#8211; \u00a1Vuelve a jugar tus HOPs y minijuegos preferidos!<\/p>\n","protected":false},"excerpt":{"rendered":"<p>\u00a1El Hotel Lexington todav\u00eda est\u00e1 plagado de cr\u00edmenes del pasado!<\/p>\n","protected":false},"author":17,"featured_media":96789,"comment_status":"open","ping_status":"closed","template":"","meta":{"_acf_changed":false,"inline_featured_image":false},"product_brand":[],"product_cat":[166],"product_tag":[288],"class_list":{"0":"post-142281","1":"product","2":"type-product","3":"status-publish","4":"has-post-thumbnail","6":"product_cat-hidden-object-es","7":"product_tag-play-on-pc-es","9":"first","10":"instock","11":"shipping-taxable","12":"purchasable","13":"product-type-simple"},"acf":[],"yoast_head":"<!-- This site is optimized with the Yoast SEO Premium plugin v25.2 (Yoast SEO v25.2) - https:\/\/yoast.com\/wordpress\/plugins\/seo\/ -->\n<title>Haunted Hotel: The X Collector&#039;s Edition - Los cr\u00edmenes del pasado acechan al Hotel Lexington<\/title>\n<meta name=\"robots\" content=\"index, follow, max-snippet:-1, max-image-preview:large, max-video-preview:-1\" \/>\n<link rel=\"canonical\" href=\"https:\/\/www.iplay.com\/es\/games\/haunted-hotel-the-x-collectors-edition\/\" \/>\n<meta property=\"og:locale\" content=\"es_ES\" \/>\n<meta property=\"og:type\" content=\"article\" \/>\n<meta property=\"og:title\" content=\"Haunted Hotel: The X Collector&#039;s Edition\" \/>\n<meta property=\"og:url\" content=\"https:\/\/www.iplay.com\/es\/games\/haunted-hotel-the-x-collectors-edition\/\" \/>\n<meta property=\"og:site_name\" content=\"IPlay\" \/>\n<meta property=\"og:image\" content=\"https:\/\/www.iplay.com\/wp-content\/uploads\/2023\/12\/large_square_tile_image-3556.jpg\" \/>\n\t<meta property=\"og:image:width\" content=\"310\" \/>\n\t<meta property=\"og:image:height\" content=\"310\" \/>\n\t<meta property=\"og:image:type\" content=\"image\/jpeg\" \/>\n<meta name=\"twitter:card\" content=\"summary_large_image\" \/>\n<meta name=\"twitter:label1\" content=\"Est. reading time\" \/>\n\t<meta name=\"twitter:data1\" content=\"1 minuto\" \/>\n<script type=\"application\/ld+json\" class=\"yoast-schema-graph\">{\"@context\":\"https:\/\/schema.org\",\"@graph\":[{\"@type\":\"WebPage\",\"@id\":\"https:\/\/www.iplay.com\/es\/games\/haunted-hotel-the-x-collectors-edition\/\",\"url\":\"https:\/\/www.iplay.com\/es\/games\/haunted-hotel-the-x-collectors-edition\/\",\"name\":\"Haunted Hotel: The X Collector's Edition - Los cr\u00edmenes del pasado acechan al Hotel Lexington\",\"isPartOf\":{\"@id\":\"https:\/\/www.iplay.com\/en\/#website\"},\"primaryImageOfPage\":{\"@id\":\"https:\/\/www.iplay.com\/es\/games\/haunted-hotel-the-x-collectors-edition\/#primaryimage\"},\"image\":{\"@id\":\"https:\/\/www.iplay.com\/es\/games\/haunted-hotel-the-x-collectors-edition\/#primaryimage\"},\"thumbnailUrl\":\"https:\/\/www.iplay.com\/wp-content\/uploads\/2023\/12\/large_square_tile_image-3556.jpg\",\"datePublished\":\"2018-05-28T00:00:01+00:00\",\"breadcrumb\":{\"@id\":\"https:\/\/www.iplay.com\/es\/games\/haunted-hotel-the-x-collectors-edition\/#breadcrumb\"},\"inLanguage\":\"es\",\"potentialAction\":[{\"@type\":\"ReadAction\",\"target\":[\"https:\/\/www.iplay.com\/es\/games\/haunted-hotel-the-x-collectors-edition\/\"]}]},{\"@type\":\"ImageObject\",\"inLanguage\":\"es\",\"@id\":\"https:\/\/www.iplay.com\/es\/games\/haunted-hotel-the-x-collectors-edition\/#primaryimage\",\"url\":\"https:\/\/www.iplay.com\/wp-content\/uploads\/2023\/12\/large_square_tile_image-3556.jpg\",\"contentUrl\":\"https:\/\/www.iplay.com\/wp-content\/uploads\/2023\/12\/large_square_tile_image-3556.jpg\",\"width\":310,\"height\":310},{\"@type\":\"BreadcrumbList\",\"@id\":\"https:\/\/www.iplay.com\/es\/games\/haunted-hotel-the-x-collectors-edition\/#breadcrumb\",\"itemListElement\":[{\"@type\":\"ListItem\",\"position\":1,\"name\":\"Home\",\"item\":\"https:\/\/www.iplay.com\/es\/home-page-2\/\"},{\"@type\":\"ListItem\",\"position\":2,\"name\":\"Shop\",\"item\":\"https:\/\/www.iplay.com\/en\/shop\/\"},{\"@type\":\"ListItem\",\"position\":3,\"name\":\"Haunted Hotel: The X Collector&#8217;s Edition\"}]},{\"@type\":\"WebSite\",\"@id\":\"https:\/\/www.iplay.com\/en\/#website\",\"url\":\"https:\/\/www.iplay.com\/en\/\",\"name\":\"IPlay\",\"description\":\"The Best Casual Games!\",\"publisher\":{\"@id\":\"https:\/\/www.iplay.com\/en\/#organization\"},\"potentialAction\":[{\"@type\":\"SearchAction\",\"target\":{\"@type\":\"EntryPoint\",\"urlTemplate\":\"https:\/\/www.iplay.com\/en\/?s={search_term_string}\"},\"query-input\":{\"@type\":\"PropertyValueSpecification\",\"valueRequired\":true,\"valueName\":\"search_term_string\"}}],\"inLanguage\":\"es\"},{\"@type\":\"Organization\",\"@id\":\"https:\/\/www.iplay.com\/en\/#organization\",\"name\":\"IPlay\",\"url\":\"https:\/\/www.iplay.com\/en\/\",\"logo\":{\"@type\":\"ImageObject\",\"inLanguage\":\"es\",\"@id\":\"https:\/\/www.iplay.com\/en\/#\/schema\/logo\/image\/\",\"url\":\"https:\/\/www.iplay.com\/wp-content\/uploads\/2023\/11\/Group-6100.svg\",\"contentUrl\":\"https:\/\/www.iplay.com\/wp-content\/uploads\/2023\/11\/Group-6100.svg\",\"width\":98,\"height\":25,\"caption\":\"IPlay\"},\"image\":{\"@id\":\"https:\/\/www.iplay.com\/en\/#\/schema\/logo\/image\/\"}}]}<\/script>\n<!-- \/ Yoast SEO Premium plugin. -->","yoast_head_json":{"title":"Haunted Hotel: The X Collector's Edition - Los cr\u00edmenes del pasado acechan al Hotel Lexington","robots":{"index":"index","follow":"follow","max-snippet":"max-snippet:-1","max-image-preview":"max-image-preview:large","max-video-preview":"max-video-preview:-1"},"canonical":"https:\/\/www.iplay.com\/es\/games\/haunted-hotel-the-x-collectors-edition\/","og_locale":"es_ES","og_type":"article","og_title":"Haunted Hotel: The X Collector's Edition","og_url":"https:\/\/www.iplay.com\/es\/games\/haunted-hotel-the-x-collectors-edition\/","og_site_name":"IPlay","og_image":[{"width":310,"height":310,"url":"https:\/\/www.iplay.com\/wp-content\/uploads\/2023\/12\/large_square_tile_image-3556.jpg","type":"image\/jpeg"}],"twitter_card":"summary_large_image","twitter_misc":{"Est. reading time":"1 minuto"},"schema":{"@context":"https:\/\/schema.org","@graph":[{"@type":"WebPage","@id":"https:\/\/www.iplay.com\/es\/games\/haunted-hotel-the-x-collectors-edition\/","url":"https:\/\/www.iplay.com\/es\/games\/haunted-hotel-the-x-collectors-edition\/","name":"Haunted Hotel: The X Collector's Edition - Los cr\u00edmenes del pasado acechan al Hotel Lexington","isPartOf":{"@id":"https:\/\/www.iplay.com\/en\/#website"},"primaryImageOfPage":{"@id":"https:\/\/www.iplay.com\/es\/games\/haunted-hotel-the-x-collectors-edition\/#primaryimage"},"image":{"@id":"https:\/\/www.iplay.com\/es\/games\/haunted-hotel-the-x-collectors-edition\/#primaryimage"},"thumbnailUrl":"https:\/\/www.iplay.com\/wp-content\/uploads\/2023\/12\/large_square_tile_image-3556.jpg","datePublished":"2018-05-28T00:00:01+00:00","breadcrumb":{"@id":"https:\/\/www.iplay.com\/es\/games\/haunted-hotel-the-x-collectors-edition\/#breadcrumb"},"inLanguage":"es","potentialAction":[{"@type":"ReadAction","target":["https:\/\/www.iplay.com\/es\/games\/haunted-hotel-the-x-collectors-edition\/"]}]},{"@type":"ImageObject","inLanguage":"es","@id":"https:\/\/www.iplay.com\/es\/games\/haunted-hotel-the-x-collectors-edition\/#primaryimage","url":"https:\/\/www.iplay.com\/wp-content\/uploads\/2023\/12\/large_square_tile_image-3556.jpg","contentUrl":"https:\/\/www.iplay.com\/wp-content\/uploads\/2023\/12\/large_square_tile_image-3556.jpg","width":310,"height":310},{"@type":"BreadcrumbList","@id":"https:\/\/www.iplay.com\/es\/games\/haunted-hotel-the-x-collectors-edition\/#breadcrumb","itemListElement":[{"@type":"ListItem","position":1,"name":"Home","item":"https:\/\/www.iplay.com\/es\/home-page-2\/"},{"@type":"ListItem","position":2,"name":"Shop","item":"https:\/\/www.iplay.com\/en\/shop\/"},{"@type":"ListItem","position":3,"name":"Haunted Hotel: The X Collector&#8217;s Edition"}]},{"@type":"WebSite","@id":"https:\/\/www.iplay.com\/en\/#website","url":"https:\/\/www.iplay.com\/en\/","name":"IPlay","description":"The Best Casual Games!","publisher":{"@id":"https:\/\/www.iplay.com\/en\/#organization"},"potentialAction":[{"@type":"SearchAction","target":{"@type":"EntryPoint","urlTemplate":"https:\/\/www.iplay.com\/en\/?s={search_term_string}"},"query-input":{"@type":"PropertyValueSpecification","valueRequired":true,"valueName":"search_term_string"}}],"inLanguage":"es"},{"@type":"Organization","@id":"https:\/\/www.iplay.com\/en\/#organization","name":"IPlay","url":"https:\/\/www.iplay.com\/en\/","logo":{"@type":"ImageObject","inLanguage":"es","@id":"https:\/\/www.iplay.com\/en\/#\/schema\/logo\/image\/","url":"https:\/\/www.iplay.com\/wp-content\/uploads\/2023\/11\/Group-6100.svg","contentUrl":"https:\/\/www.iplay.com\/wp-content\/uploads\/2023\/11\/Group-6100.svg","width":98,"height":25,"caption":"IPlay"},"image":{"@id":"https:\/\/www.iplay.com\/en\/#\/schema\/logo\/image\/"}}]}},"_links":{"self":[{"href":"https:\/\/www.iplay.com\/es\/wp-json\/wp\/v2\/product\/142281","targetHints":{"allow":["GET"]}}],"collection":[{"href":"https:\/\/www.iplay.com\/es\/wp-json\/wp\/v2\/product"}],"about":[{"href":"https:\/\/www.iplay.com\/es\/wp-json\/wp\/v2\/types\/product"}],"author":[{"embeddable":true,"href":"https:\/\/www.iplay.com\/es\/wp-json\/wp\/v2\/users\/17"}],"replies":[{"embeddable":true,"href":"https:\/\/www.iplay.com\/es\/wp-json\/wp\/v2\/comments?post=142281"}],"wp:featuredmedia":[{"embeddable":true,"href":"https:\/\/www.iplay.com\/es\/wp-json\/wp\/v2\/media\/96789"}],"wp:attachment":[{"href":"https:\/\/www.iplay.com\/es\/wp-json\/wp\/v2\/media?parent=142281"}],"wp:term":[{"taxonomy":"product_brand","embeddable":true,"href":"https:\/\/www.iplay.com\/es\/wp-json\/wp\/v2\/product_brand?post=142281"},{"taxonomy":"product_cat","embeddable":true,"href":"https:\/\/www.iplay.com\/es\/wp-json\/wp\/v2\/product_cat?post=142281"},{"taxonomy":"product_tag","embeddable":true,"href":"https:\/\/www.iplay.com\/es\/wp-json\/wp\/v2\/product_tag?post=142281"}],"curies":[{"name":"wp","href":"https:\/\/api.w.org\/{rel}","templated":true}]}}