{"id":141875,"date":"2018-09-04T00:00:00","date_gmt":"2018-09-04T00:00:00","guid":{"rendered":"https:\/\/www.iplay.com\/games\/time-twins-mosaics\/"},"modified":"2018-09-04T00:00:00","modified_gmt":"2018-09-04T00:00:00","slug":"time-twins-mosaics","status":"publish","type":"product","link":"https:\/\/www.iplay.com\/es\/games\/time-twins-mosaics\/","title":{"rendered":"Time Twins Mosaics"},"content":{"rendered":"<p>Te invitamos a hacer un recorrido por el pasado con los Gemelos del Tiempo y sus compa\u00f1eros. Seleccione una persona y acompa\u00f1e al grupo a revivir la historia de los viajes, los negocios y la invenci\u00f3n a medida que avanza a trav\u00e9s de d\u00e9cadas y siglos. Adorar\u00e1s Time Twins Mosaics si te gusta jugar juegos de picross. \u00a1Y ahora es el momento perfecto para probar uno si no lo has hecho antes! Coloca fichas multicolores en una cuadr\u00edcula y descubre una imagen usando pistas num\u00e9ricas. A principios de la Era Industrial, encontrar\u00e1 algunos problemas simples y entretenidos para completar. Sin embargo, para cuando llegues a la Era Espacial, te enfrentar\u00e1s a grandes cuadr\u00edculas multicolores que desafiar\u00e1n incluso al solucionador de acertijos m\u00e1s experimentado. Pero este no es un juego t\u00edpico de P = picross, y la emoci\u00f3n no termina despu\u00e9s de resolver el primer problema. Las im\u00e1genes que encontrar\u00e1s en cada nivel contribuyen a una representaci\u00f3n m\u00e1s completa del per\u00edodo hist\u00f3rico relevante. Cuando se complete el escenario, \u00a1es posible que veas c\u00f3mo cobra vida el escenario que has creado! \u00a1Jugar a Time Twins Mosaics puede ser relajante, exigente e incluso inesperado a veces! Tiene 100 niveles repartidos en 20 etapas, cada una de las cuales representa una era distinta de la historia moderna, comenzando con los d\u00edas del carb\u00f3n y el vapor y terminando con el advenimiento de los vuelos espaciales.           <\/p>\n<p>&nbsp;<\/p>\n<p>&nbsp;<\/p>\n<p><strong>Funciones:<\/strong><\/p>\n<p>&nbsp;<\/p>\n<p>&#8211; \u00a1Un viaje vibrante en el tiempo!<br \/>\n&#8211; \u00a1\u00danete a la aventura con los gemelos del tiempo!<br \/>\n&#8211; \u00a1Picross como nunca antes lo hab\u00edas visto!<br \/>\n&#8211; \u00a1Un juego duradero de picross!<br \/>\n&#8211; \u00a1Pon a prueba tu astucia a trav\u00e9s del tiempo!<br \/>\n&#8211; \u00a1En esta desconcertante aventura, revive eventos hist\u00f3ricos!<\/p>\n","protected":false},"excerpt":{"rendered":"<p>\u00a1Experimenta c\u00f3mo la historia cobra vida mientras resuelves acertijos y viajas a trav\u00e9s de los anales de los negocios!<\/p>\n","protected":false},"author":35,"featured_media":95655,"comment_status":"open","ping_status":"closed","template":"","meta":{"_acf_changed":false,"inline_featured_image":false},"product_brand":[],"product_cat":[192],"product_tag":[],"class_list":{"0":"post-141875","1":"product","2":"type-product","3":"status-publish","4":"has-post-thumbnail","6":"product_cat-puzzle-es","8":"first","9":"instock","10":"shipping-taxable","11":"purchasable","12":"product-type-simple"},"acf":[],"yoast_head":"<!-- This site is optimized with the Yoast SEO Premium plugin v25.2 (Yoast SEO v25.2) - https:\/\/yoast.com\/wordpress\/plugins\/seo\/ -->\n<title>Time Twins Mosaics - IPlay<\/title>\n<meta name=\"description\" content=\"\u00a1Experimenta c\u00f3mo la historia cobra vida mientras resuelves acertijos y viajas a trav\u00e9s de los anales de los negocios!\" \/>\n<meta name=\"robots\" content=\"index, follow, max-snippet:-1, max-image-preview:large, max-video-preview:-1\" \/>\n<link rel=\"canonical\" href=\"https:\/\/www.iplay.com\/es\/games\/time-twins-mosaics\/\" \/>\n<meta property=\"og:locale\" content=\"es_ES\" \/>\n<meta property=\"og:type\" content=\"article\" \/>\n<meta property=\"og:title\" content=\"Time Twins Mosaics\" \/>\n<meta property=\"og:description\" content=\"\u00a1Experimenta c\u00f3mo la historia cobra vida mientras resuelves acertijos y viajas a trav\u00e9s de los anales de los negocios!\" \/>\n<meta property=\"og:url\" content=\"https:\/\/www.iplay.com\/es\/games\/time-twins-mosaics\/\" \/>\n<meta property=\"og:site_name\" content=\"IPlay\" \/>\n<meta name=\"twitter:card\" content=\"summary_large_image\" \/>\n<meta name=\"twitter:label1\" content=\"Est. reading time\" \/>\n\t<meta name=\"twitter:data1\" content=\"2 minutos\" \/>\n<script type=\"application\/ld+json\" class=\"yoast-schema-graph\">{\"@context\":\"https:\/\/schema.org\",\"@graph\":[{\"@type\":\"WebPage\",\"@id\":\"https:\/\/www.iplay.com\/es\/games\/time-twins-mosaics\/\",\"url\":\"https:\/\/www.iplay.com\/es\/games\/time-twins-mosaics\/\",\"name\":\"Time Twins Mosaics - IPlay\",\"isPartOf\":{\"@id\":\"https:\/\/www.iplay.com\/en\/#website\"},\"primaryImageOfPage\":{\"@id\":\"https:\/\/www.iplay.com\/es\/games\/time-twins-mosaics\/#primaryimage\"},\"image\":{\"@id\":\"https:\/\/www.iplay.com\/es\/games\/time-twins-mosaics\/#primaryimage\"},\"thumbnailUrl\":\"https:\/\/www.iplay.com\/wp-content\/uploads\/2023\/12\/large_square_tile_image-3497.jpg\",\"datePublished\":\"2018-09-04T00:00:00+00:00\",\"description\":\"\u00a1Experimenta c\u00f3mo la historia cobra vida mientras resuelves acertijos y viajas a trav\u00e9s de los anales de los negocios!\",\"breadcrumb\":{\"@id\":\"https:\/\/www.iplay.com\/es\/games\/time-twins-mosaics\/#breadcrumb\"},\"inLanguage\":\"es\",\"potentialAction\":[{\"@type\":\"ReadAction\",\"target\":[\"https:\/\/www.iplay.com\/es\/games\/time-twins-mosaics\/\"]}]},{\"@type\":\"ImageObject\",\"inLanguage\":\"es\",\"@id\":\"https:\/\/www.iplay.com\/es\/games\/time-twins-mosaics\/#primaryimage\",\"url\":\"https:\/\/www.iplay.com\/wp-content\/uploads\/2023\/12\/large_square_tile_image-3497.jpg\",\"contentUrl\":\"https:\/\/www.iplay.com\/wp-content\/uploads\/2023\/12\/large_square_tile_image-3497.jpg\",\"width\":310,\"height\":310},{\"@type\":\"BreadcrumbList\",\"@id\":\"https:\/\/www.iplay.com\/es\/games\/time-twins-mosaics\/#breadcrumb\",\"itemListElement\":[{\"@type\":\"ListItem\",\"position\":1,\"name\":\"Home\",\"item\":\"https:\/\/www.iplay.com\/es\/home-page-2\/\"},{\"@type\":\"ListItem\",\"position\":2,\"name\":\"Shop\",\"item\":\"https:\/\/www.iplay.com\/en\/shop\/\"},{\"@type\":\"ListItem\",\"position\":3,\"name\":\"Time Twins Mosaics\"}]},{\"@type\":\"WebSite\",\"@id\":\"https:\/\/www.iplay.com\/en\/#website\",\"url\":\"https:\/\/www.iplay.com\/en\/\",\"name\":\"IPlay\",\"description\":\"The Best Casual Games!\",\"publisher\":{\"@id\":\"https:\/\/www.iplay.com\/en\/#organization\"},\"potentialAction\":[{\"@type\":\"SearchAction\",\"target\":{\"@type\":\"EntryPoint\",\"urlTemplate\":\"https:\/\/www.iplay.com\/en\/?s={search_term_string}\"},\"query-input\":{\"@type\":\"PropertyValueSpecification\",\"valueRequired\":true,\"valueName\":\"search_term_string\"}}],\"inLanguage\":\"es\"},{\"@type\":\"Organization\",\"@id\":\"https:\/\/www.iplay.com\/en\/#organization\",\"name\":\"IPlay\",\"url\":\"https:\/\/www.iplay.com\/en\/\",\"logo\":{\"@type\":\"ImageObject\",\"inLanguage\":\"es\",\"@id\":\"https:\/\/www.iplay.com\/en\/#\/schema\/logo\/image\/\",\"url\":\"https:\/\/www.iplay.com\/wp-content\/uploads\/2023\/11\/Group-6100.svg\",\"contentUrl\":\"https:\/\/www.iplay.com\/wp-content\/uploads\/2023\/11\/Group-6100.svg\",\"width\":98,\"height\":25,\"caption\":\"IPlay\"},\"image\":{\"@id\":\"https:\/\/www.iplay.com\/en\/#\/schema\/logo\/image\/\"}}]}<\/script>\n<!-- \/ Yoast SEO Premium plugin. -->","yoast_head_json":{"title":"Time Twins Mosaics - IPlay","description":"\u00a1Experimenta c\u00f3mo la historia cobra vida mientras resuelves acertijos y viajas a trav\u00e9s de los anales de los negocios!","robots":{"index":"index","follow":"follow","max-snippet":"max-snippet:-1","max-image-preview":"max-image-preview:large","max-video-preview":"max-video-preview:-1"},"canonical":"https:\/\/www.iplay.com\/es\/games\/time-twins-mosaics\/","og_locale":"es_ES","og_type":"article","og_title":"Time Twins Mosaics","og_description":"\u00a1Experimenta c\u00f3mo la historia cobra vida mientras resuelves acertijos y viajas a trav\u00e9s de los anales de los negocios!","og_url":"https:\/\/www.iplay.com\/es\/games\/time-twins-mosaics\/","og_site_name":"IPlay","twitter_card":"summary_large_image","twitter_misc":{"Est. reading time":"2 minutos"},"schema":{"@context":"https:\/\/schema.org","@graph":[{"@type":"WebPage","@id":"https:\/\/www.iplay.com\/es\/games\/time-twins-mosaics\/","url":"https:\/\/www.iplay.com\/es\/games\/time-twins-mosaics\/","name":"Time Twins Mosaics - IPlay","isPartOf":{"@id":"https:\/\/www.iplay.com\/en\/#website"},"primaryImageOfPage":{"@id":"https:\/\/www.iplay.com\/es\/games\/time-twins-mosaics\/#primaryimage"},"image":{"@id":"https:\/\/www.iplay.com\/es\/games\/time-twins-mosaics\/#primaryimage"},"thumbnailUrl":"https:\/\/www.iplay.com\/wp-content\/uploads\/2023\/12\/large_square_tile_image-3497.jpg","datePublished":"2018-09-04T00:00:00+00:00","description":"\u00a1Experimenta c\u00f3mo la historia cobra vida mientras resuelves acertijos y viajas a trav\u00e9s de los anales de los negocios!","breadcrumb":{"@id":"https:\/\/www.iplay.com\/es\/games\/time-twins-mosaics\/#breadcrumb"},"inLanguage":"es","potentialAction":[{"@type":"ReadAction","target":["https:\/\/www.iplay.com\/es\/games\/time-twins-mosaics\/"]}]},{"@type":"ImageObject","inLanguage":"es","@id":"https:\/\/www.iplay.com\/es\/games\/time-twins-mosaics\/#primaryimage","url":"https:\/\/www.iplay.com\/wp-content\/uploads\/2023\/12\/large_square_tile_image-3497.jpg","contentUrl":"https:\/\/www.iplay.com\/wp-content\/uploads\/2023\/12\/large_square_tile_image-3497.jpg","width":310,"height":310},{"@type":"BreadcrumbList","@id":"https:\/\/www.iplay.com\/es\/games\/time-twins-mosaics\/#breadcrumb","itemListElement":[{"@type":"ListItem","position":1,"name":"Home","item":"https:\/\/www.iplay.com\/es\/home-page-2\/"},{"@type":"ListItem","position":2,"name":"Shop","item":"https:\/\/www.iplay.com\/en\/shop\/"},{"@type":"ListItem","position":3,"name":"Time Twins Mosaics"}]},{"@type":"WebSite","@id":"https:\/\/www.iplay.com\/en\/#website","url":"https:\/\/www.iplay.com\/en\/","name":"IPlay","description":"The Best Casual Games!","publisher":{"@id":"https:\/\/www.iplay.com\/en\/#organization"},"potentialAction":[{"@type":"SearchAction","target":{"@type":"EntryPoint","urlTemplate":"https:\/\/www.iplay.com\/en\/?s={search_term_string}"},"query-input":{"@type":"PropertyValueSpecification","valueRequired":true,"valueName":"search_term_string"}}],"inLanguage":"es"},{"@type":"Organization","@id":"https:\/\/www.iplay.com\/en\/#organization","name":"IPlay","url":"https:\/\/www.iplay.com\/en\/","logo":{"@type":"ImageObject","inLanguage":"es","@id":"https:\/\/www.iplay.com\/en\/#\/schema\/logo\/image\/","url":"https:\/\/www.iplay.com\/wp-content\/uploads\/2023\/11\/Group-6100.svg","contentUrl":"https:\/\/www.iplay.com\/wp-content\/uploads\/2023\/11\/Group-6100.svg","width":98,"height":25,"caption":"IPlay"},"image":{"@id":"https:\/\/www.iplay.com\/en\/#\/schema\/logo\/image\/"}}]}},"_links":{"self":[{"href":"https:\/\/www.iplay.com\/es\/wp-json\/wp\/v2\/product\/141875","targetHints":{"allow":["GET"]}}],"collection":[{"href":"https:\/\/www.iplay.com\/es\/wp-json\/wp\/v2\/product"}],"about":[{"href":"https:\/\/www.iplay.com\/es\/wp-json\/wp\/v2\/types\/product"}],"author":[{"embeddable":true,"href":"https:\/\/www.iplay.com\/es\/wp-json\/wp\/v2\/users\/35"}],"replies":[{"embeddable":true,"href":"https:\/\/www.iplay.com\/es\/wp-json\/wp\/v2\/comments?post=141875"}],"wp:featuredmedia":[{"embeddable":true,"href":"https:\/\/www.iplay.com\/es\/wp-json\/wp\/v2\/media\/95655"}],"wp:attachment":[{"href":"https:\/\/www.iplay.com\/es\/wp-json\/wp\/v2\/media?parent=141875"}],"wp:term":[{"taxonomy":"product_brand","embeddable":true,"href":"https:\/\/www.iplay.com\/es\/wp-json\/wp\/v2\/product_brand?post=141875"},{"taxonomy":"product_cat","embeddable":true,"href":"https:\/\/www.iplay.com\/es\/wp-json\/wp\/v2\/product_cat?post=141875"},{"taxonomy":"product_tag","embeddable":true,"href":"https:\/\/www.iplay.com\/es\/wp-json\/wp\/v2\/product_tag?post=141875"}],"curies":[{"name":"wp","href":"https:\/\/api.w.org\/{rel}","templated":true}]}}