{"id":141868,"date":"2018-08-31T00:00:00","date_gmt":"2018-08-31T00:00:00","guid":{"rendered":"https:\/\/www.iplay.com\/games\/mystery-solitaire-grimms-tales\/"},"modified":"2018-08-31T00:00:00","modified_gmt":"2018-08-31T00:00:00","slug":"mystery-solitaire-grimms-tales","status":"publish","type":"product","link":"https:\/\/www.iplay.com\/es\/games\/mystery-solitaire-grimms-tales\/","title":{"rendered":"Mystery Solitaire Grimm&#8217;s Tales"},"content":{"rendered":"<p>Explora el reino espeluznante, m\u00e1gico y fant\u00e1stico de Hansel y Gretel de los hermanos Grimm. Descubre 20 lugares de este cuento encantado para ganar numerosos premios exclusivos. Todos los d\u00edas, los jugadores pueden pasar muchas horas disfrutando de juegos emocionantes en niveles de complejidad cambiante, y las tarjetas doradas \u00fanicas brindan a\u00fan m\u00e1s diversi\u00f3n. Este juego est\u00e1 destinado a los fan\u00e1ticos de los juegos de cartas como el solitario ara\u00f1a, el canfield, la colcha loca, el argelino, el montana, el ocho de descuento, el c\u00e1lculo, los tres picos, el Yuk\u00f3n, los cuarenta ladrones, el escorpi\u00f3n, los huecos, el klondike, la celda libre, la media luna, el golf y la adicci\u00f3n. Pero por el estilo, \u00a1el solitario es un juego cl\u00e1sico que nunca pasa de moda!    <\/p>\n<p>&nbsp;<\/p>\n<p>&nbsp;<\/p>\n<p><strong>Funciones:<\/strong><\/p>\n<p>&nbsp;<\/p>\n<p>&#8211; \u00a1Deja que tus sentimientos se vuelvan locos!<\/p>\n<p>&#8211; \u00a1Juega al juego de cartas solitario y construye cadenas de cartas!<\/p>\n<p>&#8211; \u00a1La emoci\u00f3n abunda a cada segundo gracias a estos niveles!<\/p>\n<p>&#8211; Con sus im\u00e1genes animadas y su cautivadora m\u00fasica pirata, \u00a1este solitario es un ganador!<\/p>\n<p>&#8211; \u00a1Los comodines te permiten descartar cartas m\u00e1s r\u00e1pidamente y al mismo tiempo aumentar el multiplicador de combinaci\u00f3n para maximizar tus ganancias de monedas!<\/p>\n<p>&#8211; \u00a1Acumula quince objetos et\u00e9reos!<\/p>\n<p>&#8211; \u00a1Mazos originales con temas y doce estilos diferentes de dorso de carta!<\/p>\n<p>&#8211; \u00a1Deja que el disfrute se haga cargo!<\/p>\n","protected":false},"excerpt":{"rendered":"<p>\u00a1200 arreglos distintos en el universo de cuentos de hadas de los hermanos Grimm!<\/p>\n","protected":false},"author":13,"featured_media":95703,"comment_status":"open","ping_status":"closed","template":"","meta":{"_acf_changed":false,"inline_featured_image":false},"product_brand":[],"product_cat":[154,209],"product_tag":[288],"class_list":{"0":"post-141868","1":"product","2":"type-product","3":"status-publish","4":"has-post-thumbnail","6":"product_cat-card-es","7":"product_cat-solitaire-es","8":"product_tag-play-on-pc-es","10":"first","11":"instock","12":"shipping-taxable","13":"purchasable","14":"product-type-simple"},"acf":[],"yoast_head":"<!-- This site is optimized with the Yoast SEO Premium plugin v25.2 (Yoast SEO v25.2) - https:\/\/yoast.com\/wordpress\/plugins\/seo\/ -->\n<title>Solitario Misterio Cuentos de Grimm - Explora 200 dise\u00f1os de cuentos de hadas en el mundo de los hermanos Grimm<\/title>\n<meta name=\"robots\" content=\"index, follow, max-snippet:-1, max-image-preview:large, max-video-preview:-1\" \/>\n<link rel=\"canonical\" href=\"https:\/\/www.iplay.com\/es\/games\/mystery-solitaire-grimms-tales\/\" \/>\n<meta property=\"og:locale\" content=\"es_ES\" \/>\n<meta property=\"og:type\" content=\"article\" \/>\n<meta property=\"og:title\" content=\"Mystery Solitaire Grimm&#039;s Tales\" \/>\n<meta property=\"og:url\" content=\"https:\/\/www.iplay.com\/es\/games\/mystery-solitaire-grimms-tales\/\" \/>\n<meta property=\"og:site_name\" content=\"IPlay\" \/>\n<meta property=\"og:image\" content=\"https:\/\/www.iplay.com\/wp-content\/uploads\/2023\/12\/large_square_tile_image-3500.jpg\" \/>\n\t<meta property=\"og:image:width\" content=\"310\" \/>\n\t<meta property=\"og:image:height\" content=\"310\" \/>\n\t<meta property=\"og:image:type\" content=\"image\/jpeg\" \/>\n<meta name=\"twitter:card\" content=\"summary_large_image\" \/>\n<meta name=\"twitter:label1\" content=\"Est. reading time\" \/>\n\t<meta name=\"twitter:data1\" content=\"1 minuto\" \/>\n<script type=\"application\/ld+json\" class=\"yoast-schema-graph\">{\"@context\":\"https:\/\/schema.org\",\"@graph\":[{\"@type\":\"WebPage\",\"@id\":\"https:\/\/www.iplay.com\/es\/games\/mystery-solitaire-grimms-tales\/\",\"url\":\"https:\/\/www.iplay.com\/es\/games\/mystery-solitaire-grimms-tales\/\",\"name\":\"Solitario Misterio Cuentos de Grimm - Explora 200 dise\u00f1os de cuentos de hadas en el mundo de los hermanos Grimm\",\"isPartOf\":{\"@id\":\"https:\/\/www.iplay.com\/en\/#website\"},\"primaryImageOfPage\":{\"@id\":\"https:\/\/www.iplay.com\/es\/games\/mystery-solitaire-grimms-tales\/#primaryimage\"},\"image\":{\"@id\":\"https:\/\/www.iplay.com\/es\/games\/mystery-solitaire-grimms-tales\/#primaryimage\"},\"thumbnailUrl\":\"https:\/\/www.iplay.com\/wp-content\/uploads\/2023\/12\/large_square_tile_image-3500.jpg\",\"datePublished\":\"2018-08-31T00:00:00+00:00\",\"breadcrumb\":{\"@id\":\"https:\/\/www.iplay.com\/es\/games\/mystery-solitaire-grimms-tales\/#breadcrumb\"},\"inLanguage\":\"es\",\"potentialAction\":[{\"@type\":\"ReadAction\",\"target\":[\"https:\/\/www.iplay.com\/es\/games\/mystery-solitaire-grimms-tales\/\"]}]},{\"@type\":\"ImageObject\",\"inLanguage\":\"es\",\"@id\":\"https:\/\/www.iplay.com\/es\/games\/mystery-solitaire-grimms-tales\/#primaryimage\",\"url\":\"https:\/\/www.iplay.com\/wp-content\/uploads\/2023\/12\/large_square_tile_image-3500.jpg\",\"contentUrl\":\"https:\/\/www.iplay.com\/wp-content\/uploads\/2023\/12\/large_square_tile_image-3500.jpg\",\"width\":310,\"height\":310},{\"@type\":\"BreadcrumbList\",\"@id\":\"https:\/\/www.iplay.com\/es\/games\/mystery-solitaire-grimms-tales\/#breadcrumb\",\"itemListElement\":[{\"@type\":\"ListItem\",\"position\":1,\"name\":\"Home\",\"item\":\"https:\/\/www.iplay.com\/es\/home-page-2\/\"},{\"@type\":\"ListItem\",\"position\":2,\"name\":\"Shop\",\"item\":\"https:\/\/www.iplay.com\/en\/shop\/\"},{\"@type\":\"ListItem\",\"position\":3,\"name\":\"Mystery Solitaire Grimm&#8217;s Tales\"}]},{\"@type\":\"WebSite\",\"@id\":\"https:\/\/www.iplay.com\/en\/#website\",\"url\":\"https:\/\/www.iplay.com\/en\/\",\"name\":\"IPlay\",\"description\":\"The Best Casual Games!\",\"publisher\":{\"@id\":\"https:\/\/www.iplay.com\/en\/#organization\"},\"potentialAction\":[{\"@type\":\"SearchAction\",\"target\":{\"@type\":\"EntryPoint\",\"urlTemplate\":\"https:\/\/www.iplay.com\/en\/?s={search_term_string}\"},\"query-input\":{\"@type\":\"PropertyValueSpecification\",\"valueRequired\":true,\"valueName\":\"search_term_string\"}}],\"inLanguage\":\"es\"},{\"@type\":\"Organization\",\"@id\":\"https:\/\/www.iplay.com\/en\/#organization\",\"name\":\"IPlay\",\"url\":\"https:\/\/www.iplay.com\/en\/\",\"logo\":{\"@type\":\"ImageObject\",\"inLanguage\":\"es\",\"@id\":\"https:\/\/www.iplay.com\/en\/#\/schema\/logo\/image\/\",\"url\":\"https:\/\/www.iplay.com\/wp-content\/uploads\/2023\/11\/Group-6100.svg\",\"contentUrl\":\"https:\/\/www.iplay.com\/wp-content\/uploads\/2023\/11\/Group-6100.svg\",\"width\":98,\"height\":25,\"caption\":\"IPlay\"},\"image\":{\"@id\":\"https:\/\/www.iplay.com\/en\/#\/schema\/logo\/image\/\"}}]}<\/script>\n<!-- \/ Yoast SEO Premium plugin. -->","yoast_head_json":{"title":"Solitario Misterio Cuentos de Grimm - Explora 200 dise\u00f1os de cuentos de hadas en el mundo de los hermanos Grimm","robots":{"index":"index","follow":"follow","max-snippet":"max-snippet:-1","max-image-preview":"max-image-preview:large","max-video-preview":"max-video-preview:-1"},"canonical":"https:\/\/www.iplay.com\/es\/games\/mystery-solitaire-grimms-tales\/","og_locale":"es_ES","og_type":"article","og_title":"Mystery Solitaire Grimm's Tales","og_url":"https:\/\/www.iplay.com\/es\/games\/mystery-solitaire-grimms-tales\/","og_site_name":"IPlay","og_image":[{"width":310,"height":310,"url":"https:\/\/www.iplay.com\/wp-content\/uploads\/2023\/12\/large_square_tile_image-3500.jpg","type":"image\/jpeg"}],"twitter_card":"summary_large_image","twitter_misc":{"Est. reading time":"1 minuto"},"schema":{"@context":"https:\/\/schema.org","@graph":[{"@type":"WebPage","@id":"https:\/\/www.iplay.com\/es\/games\/mystery-solitaire-grimms-tales\/","url":"https:\/\/www.iplay.com\/es\/games\/mystery-solitaire-grimms-tales\/","name":"Solitario Misterio Cuentos de Grimm - Explora 200 dise\u00f1os de cuentos de hadas en el mundo de los hermanos Grimm","isPartOf":{"@id":"https:\/\/www.iplay.com\/en\/#website"},"primaryImageOfPage":{"@id":"https:\/\/www.iplay.com\/es\/games\/mystery-solitaire-grimms-tales\/#primaryimage"},"image":{"@id":"https:\/\/www.iplay.com\/es\/games\/mystery-solitaire-grimms-tales\/#primaryimage"},"thumbnailUrl":"https:\/\/www.iplay.com\/wp-content\/uploads\/2023\/12\/large_square_tile_image-3500.jpg","datePublished":"2018-08-31T00:00:00+00:00","breadcrumb":{"@id":"https:\/\/www.iplay.com\/es\/games\/mystery-solitaire-grimms-tales\/#breadcrumb"},"inLanguage":"es","potentialAction":[{"@type":"ReadAction","target":["https:\/\/www.iplay.com\/es\/games\/mystery-solitaire-grimms-tales\/"]}]},{"@type":"ImageObject","inLanguage":"es","@id":"https:\/\/www.iplay.com\/es\/games\/mystery-solitaire-grimms-tales\/#primaryimage","url":"https:\/\/www.iplay.com\/wp-content\/uploads\/2023\/12\/large_square_tile_image-3500.jpg","contentUrl":"https:\/\/www.iplay.com\/wp-content\/uploads\/2023\/12\/large_square_tile_image-3500.jpg","width":310,"height":310},{"@type":"BreadcrumbList","@id":"https:\/\/www.iplay.com\/es\/games\/mystery-solitaire-grimms-tales\/#breadcrumb","itemListElement":[{"@type":"ListItem","position":1,"name":"Home","item":"https:\/\/www.iplay.com\/es\/home-page-2\/"},{"@type":"ListItem","position":2,"name":"Shop","item":"https:\/\/www.iplay.com\/en\/shop\/"},{"@type":"ListItem","position":3,"name":"Mystery Solitaire Grimm&#8217;s Tales"}]},{"@type":"WebSite","@id":"https:\/\/www.iplay.com\/en\/#website","url":"https:\/\/www.iplay.com\/en\/","name":"IPlay","description":"The Best Casual Games!","publisher":{"@id":"https:\/\/www.iplay.com\/en\/#organization"},"potentialAction":[{"@type":"SearchAction","target":{"@type":"EntryPoint","urlTemplate":"https:\/\/www.iplay.com\/en\/?s={search_term_string}"},"query-input":{"@type":"PropertyValueSpecification","valueRequired":true,"valueName":"search_term_string"}}],"inLanguage":"es"},{"@type":"Organization","@id":"https:\/\/www.iplay.com\/en\/#organization","name":"IPlay","url":"https:\/\/www.iplay.com\/en\/","logo":{"@type":"ImageObject","inLanguage":"es","@id":"https:\/\/www.iplay.com\/en\/#\/schema\/logo\/image\/","url":"https:\/\/www.iplay.com\/wp-content\/uploads\/2023\/11\/Group-6100.svg","contentUrl":"https:\/\/www.iplay.com\/wp-content\/uploads\/2023\/11\/Group-6100.svg","width":98,"height":25,"caption":"IPlay"},"image":{"@id":"https:\/\/www.iplay.com\/en\/#\/schema\/logo\/image\/"}}]}},"_links":{"self":[{"href":"https:\/\/www.iplay.com\/es\/wp-json\/wp\/v2\/product\/141868","targetHints":{"allow":["GET"]}}],"collection":[{"href":"https:\/\/www.iplay.com\/es\/wp-json\/wp\/v2\/product"}],"about":[{"href":"https:\/\/www.iplay.com\/es\/wp-json\/wp\/v2\/types\/product"}],"author":[{"embeddable":true,"href":"https:\/\/www.iplay.com\/es\/wp-json\/wp\/v2\/users\/13"}],"replies":[{"embeddable":true,"href":"https:\/\/www.iplay.com\/es\/wp-json\/wp\/v2\/comments?post=141868"}],"wp:featuredmedia":[{"embeddable":true,"href":"https:\/\/www.iplay.com\/es\/wp-json\/wp\/v2\/media\/95703"}],"wp:attachment":[{"href":"https:\/\/www.iplay.com\/es\/wp-json\/wp\/v2\/media?parent=141868"}],"wp:term":[{"taxonomy":"product_brand","embeddable":true,"href":"https:\/\/www.iplay.com\/es\/wp-json\/wp\/v2\/product_brand?post=141868"},{"taxonomy":"product_cat","embeddable":true,"href":"https:\/\/www.iplay.com\/es\/wp-json\/wp\/v2\/product_cat?post=141868"},{"taxonomy":"product_tag","embeddable":true,"href":"https:\/\/www.iplay.com\/es\/wp-json\/wp\/v2\/product_tag?post=141868"}],"curies":[{"name":"wp","href":"https:\/\/api.w.org\/{rel}","templated":true}]}}