{"id":141840,"date":"2025-08-05T07:30:51","date_gmt":"2025-08-05T07:30:51","guid":{"rendered":"https:\/\/www.iplay.com\/games\/garden-block-puzzle\/"},"modified":"2025-08-05T12:00:48","modified_gmt":"2025-08-05T12:00:48","slug":"garden-block-puzzle","status":"publish","type":"product","link":"https:\/\/www.iplay.com\/es\/games\/garden-block-puzzle\/","title":{"rendered":"Garden Block Puzzle"},"content":{"rendered":"<p class=\"ai-optimize-27 ai-optimize-introduction\">No permita que persista un jard\u00edn descuidado con malezas y flores marchitas. Usa tu cerebro, organiza los ladrillos estrat\u00e9gicamente, termina cada nivel y revive tu jard\u00edn. Divi\u00e9rtete experimentando y crea el espacio de relajaci\u00f3n perfecto.  <\/p>\n<p class=\"ai-optimize-27\">Este cl\u00e1sico juego de rompecabezas requiere una colocaci\u00f3n impecable de ladrillos y finalizaci\u00f3n de l\u00ednea para despejar el tablero y mover niveles. Desbloquea herramientas para mejorar el jard\u00edn a medida que contin\u00faas. \u00a1Piensa, construye, cambia!  <\/p>\n","protected":false},"excerpt":{"rendered":"<p>Por desgracia, el jard\u00edn est\u00e1 en ruinas: restaura el espacio olvidado resolviendo dif\u00edciles acertijos de bloques.<\/p>\n","protected":false},"author":325,"featured_media":141818,"comment_status":"open","ping_status":"closed","template":"","meta":{"_acf_changed":false,"inline_featured_image":false},"product_brand":[],"product_cat":[182,192],"product_tag":[],"class_list":{"0":"post-141840","1":"product","2":"type-product","3":"status-publish","4":"has-post-thumbnail","6":"product_cat-mobile-games-es","7":"product_cat-puzzle-es","9":"first","10":"instock","11":"shipping-taxable","12":"purchasable","13":"product-type-html5_game"},"acf":[],"yoast_head":"<!-- This site is optimized with the Yoast SEO Premium plugin v25.2 (Yoast SEO v25.2) - https:\/\/yoast.com\/wordpress\/plugins\/seo\/ -->\n<title>Rompecabezas de bloques de jard\u00edn: experimenta un adictivo juego de jardiner\u00eda.<\/title>\n<meta name=\"description\" content=\"Por desgracia, el jard\u00edn est\u00e1 en ruinas: restaura el espacio olvidado resolviendo dif\u00edciles acertijos de bloques.\" \/>\n<meta name=\"robots\" content=\"index, follow, max-snippet:-1, max-image-preview:large, max-video-preview:-1\" \/>\n<link rel=\"canonical\" href=\"https:\/\/www.iplay.com\/es\/games\/garden-block-puzzle\/\" \/>\n<meta property=\"og:locale\" content=\"es_ES\" \/>\n<meta property=\"og:type\" content=\"article\" \/>\n<meta property=\"og:title\" content=\"Garden Block Puzzle\" \/>\n<meta property=\"og:description\" content=\"Por desgracia, el jard\u00edn est\u00e1 en ruinas: restaura el espacio olvidado resolviendo dif\u00edciles acertijos de bloques.\" \/>\n<meta property=\"og:url\" content=\"https:\/\/www.iplay.com\/es\/games\/garden-block-puzzle\/\" \/>\n<meta property=\"og:site_name\" content=\"IPlay\" \/>\n<meta property=\"article:modified_time\" content=\"2025-08-05T12:00:48+00:00\" \/>\n<meta name=\"twitter:card\" content=\"summary_large_image\" \/>\n<script type=\"application\/ld+json\" class=\"yoast-schema-graph\">{\"@context\":\"https:\/\/schema.org\",\"@graph\":[{\"@type\":\"WebPage\",\"@id\":\"https:\/\/www.iplay.com\/es\/games\/garden-block-puzzle\/\",\"url\":\"https:\/\/www.iplay.com\/es\/games\/garden-block-puzzle\/\",\"name\":\"Rompecabezas de bloques de jard\u00edn: experimenta un adictivo juego de jardiner\u00eda.\",\"isPartOf\":{\"@id\":\"https:\/\/www.iplay.com\/en\/#website\"},\"primaryImageOfPage\":{\"@id\":\"https:\/\/www.iplay.com\/es\/games\/garden-block-puzzle\/#primaryimage\"},\"image\":{\"@id\":\"https:\/\/www.iplay.com\/es\/games\/garden-block-puzzle\/#primaryimage\"},\"thumbnailUrl\":\"https:\/\/www.iplay.com\/wp-content\/uploads\/2025\/08\/gardenblockpuzzle-html5_310x310.webp\",\"datePublished\":\"2025-08-05T07:30:51+00:00\",\"dateModified\":\"2025-08-05T12:00:48+00:00\",\"description\":\"Por desgracia, el jard\u00edn est\u00e1 en ruinas: restaura el espacio olvidado resolviendo dif\u00edciles acertijos de bloques.\",\"breadcrumb\":{\"@id\":\"https:\/\/www.iplay.com\/es\/games\/garden-block-puzzle\/#breadcrumb\"},\"inLanguage\":\"es\",\"potentialAction\":[{\"@type\":\"ReadAction\",\"target\":[\"https:\/\/www.iplay.com\/es\/games\/garden-block-puzzle\/\"]}]},{\"@type\":\"ImageObject\",\"inLanguage\":\"es\",\"@id\":\"https:\/\/www.iplay.com\/es\/games\/garden-block-puzzle\/#primaryimage\",\"url\":\"https:\/\/www.iplay.com\/wp-content\/uploads\/2025\/08\/gardenblockpuzzle-html5_310x310.webp\",\"contentUrl\":\"https:\/\/www.iplay.com\/wp-content\/uploads\/2025\/08\/gardenblockpuzzle-html5_310x310.webp\",\"width\":310,\"height\":310},{\"@type\":\"BreadcrumbList\",\"@id\":\"https:\/\/www.iplay.com\/es\/games\/garden-block-puzzle\/#breadcrumb\",\"itemListElement\":[{\"@type\":\"ListItem\",\"position\":1,\"name\":\"Home\",\"item\":\"https:\/\/www.iplay.com\/es\/home-page-2\/\"},{\"@type\":\"ListItem\",\"position\":2,\"name\":\"Shop\",\"item\":\"https:\/\/www.iplay.com\/en\/shop\/\"},{\"@type\":\"ListItem\",\"position\":3,\"name\":\"Garden Block Puzzle\"}]},{\"@type\":\"WebSite\",\"@id\":\"https:\/\/www.iplay.com\/en\/#website\",\"url\":\"https:\/\/www.iplay.com\/en\/\",\"name\":\"IPlay\",\"description\":\"The Best Casual Games!\",\"publisher\":{\"@id\":\"https:\/\/www.iplay.com\/en\/#organization\"},\"potentialAction\":[{\"@type\":\"SearchAction\",\"target\":{\"@type\":\"EntryPoint\",\"urlTemplate\":\"https:\/\/www.iplay.com\/en\/?s={search_term_string}\"},\"query-input\":{\"@type\":\"PropertyValueSpecification\",\"valueRequired\":true,\"valueName\":\"search_term_string\"}}],\"inLanguage\":\"es\"},{\"@type\":\"Organization\",\"@id\":\"https:\/\/www.iplay.com\/en\/#organization\",\"name\":\"IPlay\",\"url\":\"https:\/\/www.iplay.com\/en\/\",\"logo\":{\"@type\":\"ImageObject\",\"inLanguage\":\"es\",\"@id\":\"https:\/\/www.iplay.com\/en\/#\/schema\/logo\/image\/\",\"url\":\"https:\/\/www.iplay.com\/wp-content\/uploads\/2023\/11\/Group-6100.svg\",\"contentUrl\":\"https:\/\/www.iplay.com\/wp-content\/uploads\/2023\/11\/Group-6100.svg\",\"width\":98,\"height\":25,\"caption\":\"IPlay\"},\"image\":{\"@id\":\"https:\/\/www.iplay.com\/en\/#\/schema\/logo\/image\/\"}}]}<\/script>\n<!-- \/ Yoast SEO Premium plugin. -->","yoast_head_json":{"title":"Rompecabezas de bloques de jard\u00edn: experimenta un adictivo juego de jardiner\u00eda.","description":"Por desgracia, el jard\u00edn est\u00e1 en ruinas: restaura el espacio olvidado resolviendo dif\u00edciles acertijos de bloques.","robots":{"index":"index","follow":"follow","max-snippet":"max-snippet:-1","max-image-preview":"max-image-preview:large","max-video-preview":"max-video-preview:-1"},"canonical":"https:\/\/www.iplay.com\/es\/games\/garden-block-puzzle\/","og_locale":"es_ES","og_type":"article","og_title":"Garden Block Puzzle","og_description":"Por desgracia, el jard\u00edn est\u00e1 en ruinas: restaura el espacio olvidado resolviendo dif\u00edciles acertijos de bloques.","og_url":"https:\/\/www.iplay.com\/es\/games\/garden-block-puzzle\/","og_site_name":"IPlay","article_modified_time":"2025-08-05T12:00:48+00:00","twitter_card":"summary_large_image","schema":{"@context":"https:\/\/schema.org","@graph":[{"@type":"WebPage","@id":"https:\/\/www.iplay.com\/es\/games\/garden-block-puzzle\/","url":"https:\/\/www.iplay.com\/es\/games\/garden-block-puzzle\/","name":"Rompecabezas de bloques de jard\u00edn: experimenta un adictivo juego de jardiner\u00eda.","isPartOf":{"@id":"https:\/\/www.iplay.com\/en\/#website"},"primaryImageOfPage":{"@id":"https:\/\/www.iplay.com\/es\/games\/garden-block-puzzle\/#primaryimage"},"image":{"@id":"https:\/\/www.iplay.com\/es\/games\/garden-block-puzzle\/#primaryimage"},"thumbnailUrl":"https:\/\/www.iplay.com\/wp-content\/uploads\/2025\/08\/gardenblockpuzzle-html5_310x310.webp","datePublished":"2025-08-05T07:30:51+00:00","dateModified":"2025-08-05T12:00:48+00:00","description":"Por desgracia, el jard\u00edn est\u00e1 en ruinas: restaura el espacio olvidado resolviendo dif\u00edciles acertijos de bloques.","breadcrumb":{"@id":"https:\/\/www.iplay.com\/es\/games\/garden-block-puzzle\/#breadcrumb"},"inLanguage":"es","potentialAction":[{"@type":"ReadAction","target":["https:\/\/www.iplay.com\/es\/games\/garden-block-puzzle\/"]}]},{"@type":"ImageObject","inLanguage":"es","@id":"https:\/\/www.iplay.com\/es\/games\/garden-block-puzzle\/#primaryimage","url":"https:\/\/www.iplay.com\/wp-content\/uploads\/2025\/08\/gardenblockpuzzle-html5_310x310.webp","contentUrl":"https:\/\/www.iplay.com\/wp-content\/uploads\/2025\/08\/gardenblockpuzzle-html5_310x310.webp","width":310,"height":310},{"@type":"BreadcrumbList","@id":"https:\/\/www.iplay.com\/es\/games\/garden-block-puzzle\/#breadcrumb","itemListElement":[{"@type":"ListItem","position":1,"name":"Home","item":"https:\/\/www.iplay.com\/es\/home-page-2\/"},{"@type":"ListItem","position":2,"name":"Shop","item":"https:\/\/www.iplay.com\/en\/shop\/"},{"@type":"ListItem","position":3,"name":"Garden Block Puzzle"}]},{"@type":"WebSite","@id":"https:\/\/www.iplay.com\/en\/#website","url":"https:\/\/www.iplay.com\/en\/","name":"IPlay","description":"The Best Casual Games!","publisher":{"@id":"https:\/\/www.iplay.com\/en\/#organization"},"potentialAction":[{"@type":"SearchAction","target":{"@type":"EntryPoint","urlTemplate":"https:\/\/www.iplay.com\/en\/?s={search_term_string}"},"query-input":{"@type":"PropertyValueSpecification","valueRequired":true,"valueName":"search_term_string"}}],"inLanguage":"es"},{"@type":"Organization","@id":"https:\/\/www.iplay.com\/en\/#organization","name":"IPlay","url":"https:\/\/www.iplay.com\/en\/","logo":{"@type":"ImageObject","inLanguage":"es","@id":"https:\/\/www.iplay.com\/en\/#\/schema\/logo\/image\/","url":"https:\/\/www.iplay.com\/wp-content\/uploads\/2023\/11\/Group-6100.svg","contentUrl":"https:\/\/www.iplay.com\/wp-content\/uploads\/2023\/11\/Group-6100.svg","width":98,"height":25,"caption":"IPlay"},"image":{"@id":"https:\/\/www.iplay.com\/en\/#\/schema\/logo\/image\/"}}]}},"_links":{"self":[{"href":"https:\/\/www.iplay.com\/es\/wp-json\/wp\/v2\/product\/141840","targetHints":{"allow":["GET"]}}],"collection":[{"href":"https:\/\/www.iplay.com\/es\/wp-json\/wp\/v2\/product"}],"about":[{"href":"https:\/\/www.iplay.com\/es\/wp-json\/wp\/v2\/types\/product"}],"author":[{"embeddable":true,"href":"https:\/\/www.iplay.com\/es\/wp-json\/wp\/v2\/users\/325"}],"replies":[{"embeddable":true,"href":"https:\/\/www.iplay.com\/es\/wp-json\/wp\/v2\/comments?post=141840"}],"wp:featuredmedia":[{"embeddable":true,"href":"https:\/\/www.iplay.com\/es\/wp-json\/wp\/v2\/media\/141818"}],"wp:attachment":[{"href":"https:\/\/www.iplay.com\/es\/wp-json\/wp\/v2\/media?parent=141840"}],"wp:term":[{"taxonomy":"product_brand","embeddable":true,"href":"https:\/\/www.iplay.com\/es\/wp-json\/wp\/v2\/product_brand?post=141840"},{"taxonomy":"product_cat","embeddable":true,"href":"https:\/\/www.iplay.com\/es\/wp-json\/wp\/v2\/product_cat?post=141840"},{"taxonomy":"product_tag","embeddable":true,"href":"https:\/\/www.iplay.com\/es\/wp-json\/wp\/v2\/product_tag?post=141840"}],"curies":[{"name":"wp","href":"https:\/\/api.w.org\/{rel}","templated":true}]}}