{"id":141687,"date":"2018-11-03T00:00:00","date_gmt":"2018-11-03T00:00:00","guid":{"rendered":"https:\/\/www.iplay.com\/games\/detective-solitaire-inspector-magic-and-the-man-without-a-face\/"},"modified":"2018-11-03T00:00:00","modified_gmt":"2018-11-03T00:00:00","slug":"detective-solitaire-inspector-magic-and-the-man-without-a-face","status":"publish","type":"product","link":"https:\/\/www.iplay.com\/es\/games\/detective-solitaire-inspector-magic-and-the-man-without-a-face\/","title":{"rendered":"Detective Solitaire Inspector Magic And The Man Without A Face"},"content":{"rendered":"<p>\u00a1Una persona enigm\u00e1tica est\u00e1 huyendo! No tiene rostro, seg\u00fan todos los que lo han visto. Ayuda al Inspector Magic a detener a este enigm\u00e1tico mago para evitar una cat\u00e1strofe en el reino m\u00e1gico. \u00a1Investiga 20 \u00e1reas distintas para ayudarte a resolver el misterio y evitar el desastre! \u00a1Habr\u00e1 muchos tratos de cartas desafiantes en el camino! \u00a1Sin embargo, puedes manejarlos! \u00bfTe gusta jugar al solitario, descifrar secretos, examinar pistas, detener criminales peligrosos, o tal vez siempre has so\u00f1ado despierto con visitar una tierra m\u00e1gica? \u00a1Este juego ser\u00e1 sin duda divertido!       <\/p>\n<p>&nbsp;<\/p>\n<p>&nbsp;<\/p>\n<p><strong>Funciones:<\/strong><\/p>\n<p>&nbsp;<\/p>\n<p>&#8211; \u00a1El Ministerio de Magia quiere tu ayuda! \u00a1Juega al juego de cartas solitario y construye cadenas de cartas! \u00a1La emoci\u00f3n abunda a cada segundo gracias a estos niveles! Con sus im\u00e1genes animadas y su cautivadora m\u00fasica pirata, \u00a1este solitario es un ganador! \u00a1Los comodines te permiten descartar cartas m\u00e1s r\u00e1pidamente y al mismo tiempo aumentar el multiplicador de combinaci\u00f3n para maximizar tus ganancias de monedas!    <\/p>\n<p>&#8211; \u00a1Logra metas y obt\u00e9n las 15 pistas y pistas! \u00a1Saborea un entorno m\u00edstico y enigm\u00e1tico! \u00a1Deja que el disfrute se apodere de ti!<\/p>\n","protected":false},"excerpt":{"rendered":"<p>\u00a1Una persona enigm\u00e1tica est\u00e1 huyendo! Ayuda al Inspector Magic a detener a este villano y salvar el mundo. <\/p>\n","protected":false},"author":13,"featured_media":95191,"comment_status":"open","ping_status":"closed","template":"","meta":{"_acf_changed":false,"inline_featured_image":false},"product_brand":[],"product_cat":[154,209],"product_tag":[288],"class_list":{"0":"post-141687","1":"product","2":"type-product","3":"status-publish","4":"has-post-thumbnail","6":"product_cat-card-es","7":"product_cat-solitaire-es","8":"product_tag-play-on-pc-es","10":"first","11":"instock","12":"shipping-taxable","13":"purchasable","14":"product-type-simple"},"acf":[],"yoast_head":"<!-- This site is optimized with the Yoast SEO Premium plugin v25.2 (Yoast SEO v25.2) - https:\/\/yoast.com\/wordpress\/plugins\/seo\/ -->\n<title>Detective Solitaire Inspector Magic y el hombre sin rostro - El inspector Magic busca ayuda para atrapar a un villano y salvarlo<\/title>\n<meta name=\"robots\" content=\"index, follow, max-snippet:-1, max-image-preview:large, max-video-preview:-1\" \/>\n<link rel=\"canonical\" href=\"https:\/\/www.iplay.com\/es\/games\/detective-solitaire-inspector-magic-and-the-man-without-a-face\/\" \/>\n<meta property=\"og:locale\" content=\"es_ES\" \/>\n<meta property=\"og:type\" content=\"article\" \/>\n<meta property=\"og:title\" content=\"Detective Solitaire Inspector Magic And The Man Without A Face\" \/>\n<meta property=\"og:url\" content=\"https:\/\/www.iplay.com\/es\/games\/detective-solitaire-inspector-magic-and-the-man-without-a-face\/\" \/>\n<meta property=\"og:site_name\" content=\"IPlay\" \/>\n<meta property=\"og:image\" content=\"https:\/\/www.iplay.com\/wp-content\/uploads\/2023\/12\/large_square_tile_image-3468.jpg\" \/>\n\t<meta property=\"og:image:width\" content=\"310\" \/>\n\t<meta property=\"og:image:height\" content=\"310\" \/>\n\t<meta property=\"og:image:type\" content=\"image\/jpeg\" \/>\n<meta name=\"twitter:card\" content=\"summary_large_image\" \/>\n<meta name=\"twitter:label1\" content=\"Est. reading time\" \/>\n\t<meta name=\"twitter:data1\" content=\"1 minuto\" \/>\n<script type=\"application\/ld+json\" class=\"yoast-schema-graph\">{\"@context\":\"https:\/\/schema.org\",\"@graph\":[{\"@type\":\"WebPage\",\"@id\":\"https:\/\/www.iplay.com\/es\/games\/detective-solitaire-inspector-magic-and-the-man-without-a-face\/\",\"url\":\"https:\/\/www.iplay.com\/es\/games\/detective-solitaire-inspector-magic-and-the-man-without-a-face\/\",\"name\":\"Detective Solitaire Inspector Magic y el hombre sin rostro - El inspector Magic busca ayuda para atrapar a un villano y salvarlo\",\"isPartOf\":{\"@id\":\"https:\/\/www.iplay.com\/en\/#website\"},\"primaryImageOfPage\":{\"@id\":\"https:\/\/www.iplay.com\/es\/games\/detective-solitaire-inspector-magic-and-the-man-without-a-face\/#primaryimage\"},\"image\":{\"@id\":\"https:\/\/www.iplay.com\/es\/games\/detective-solitaire-inspector-magic-and-the-man-without-a-face\/#primaryimage\"},\"thumbnailUrl\":\"https:\/\/www.iplay.com\/wp-content\/uploads\/2023\/12\/large_square_tile_image-3468.jpg\",\"datePublished\":\"2018-11-03T00:00:00+00:00\",\"breadcrumb\":{\"@id\":\"https:\/\/www.iplay.com\/es\/games\/detective-solitaire-inspector-magic-and-the-man-without-a-face\/#breadcrumb\"},\"inLanguage\":\"es\",\"potentialAction\":[{\"@type\":\"ReadAction\",\"target\":[\"https:\/\/www.iplay.com\/es\/games\/detective-solitaire-inspector-magic-and-the-man-without-a-face\/\"]}]},{\"@type\":\"ImageObject\",\"inLanguage\":\"es\",\"@id\":\"https:\/\/www.iplay.com\/es\/games\/detective-solitaire-inspector-magic-and-the-man-without-a-face\/#primaryimage\",\"url\":\"https:\/\/www.iplay.com\/wp-content\/uploads\/2023\/12\/large_square_tile_image-3468.jpg\",\"contentUrl\":\"https:\/\/www.iplay.com\/wp-content\/uploads\/2023\/12\/large_square_tile_image-3468.jpg\",\"width\":310,\"height\":310},{\"@type\":\"BreadcrumbList\",\"@id\":\"https:\/\/www.iplay.com\/es\/games\/detective-solitaire-inspector-magic-and-the-man-without-a-face\/#breadcrumb\",\"itemListElement\":[{\"@type\":\"ListItem\",\"position\":1,\"name\":\"Home\",\"item\":\"https:\/\/www.iplay.com\/es\/home-page-2\/\"},{\"@type\":\"ListItem\",\"position\":2,\"name\":\"Shop\",\"item\":\"https:\/\/www.iplay.com\/en\/shop\/\"},{\"@type\":\"ListItem\",\"position\":3,\"name\":\"Detective Solitaire Inspector Magic And The Man Without A Face\"}]},{\"@type\":\"WebSite\",\"@id\":\"https:\/\/www.iplay.com\/en\/#website\",\"url\":\"https:\/\/www.iplay.com\/en\/\",\"name\":\"IPlay\",\"description\":\"The Best Casual Games!\",\"publisher\":{\"@id\":\"https:\/\/www.iplay.com\/en\/#organization\"},\"potentialAction\":[{\"@type\":\"SearchAction\",\"target\":{\"@type\":\"EntryPoint\",\"urlTemplate\":\"https:\/\/www.iplay.com\/en\/?s={search_term_string}\"},\"query-input\":{\"@type\":\"PropertyValueSpecification\",\"valueRequired\":true,\"valueName\":\"search_term_string\"}}],\"inLanguage\":\"es\"},{\"@type\":\"Organization\",\"@id\":\"https:\/\/www.iplay.com\/en\/#organization\",\"name\":\"IPlay\",\"url\":\"https:\/\/www.iplay.com\/en\/\",\"logo\":{\"@type\":\"ImageObject\",\"inLanguage\":\"es\",\"@id\":\"https:\/\/www.iplay.com\/en\/#\/schema\/logo\/image\/\",\"url\":\"https:\/\/www.iplay.com\/wp-content\/uploads\/2023\/11\/Group-6100.svg\",\"contentUrl\":\"https:\/\/www.iplay.com\/wp-content\/uploads\/2023\/11\/Group-6100.svg\",\"width\":98,\"height\":25,\"caption\":\"IPlay\"},\"image\":{\"@id\":\"https:\/\/www.iplay.com\/en\/#\/schema\/logo\/image\/\"}}]}<\/script>\n<!-- \/ Yoast SEO Premium plugin. -->","yoast_head_json":{"title":"Detective Solitaire Inspector Magic y el hombre sin rostro - El inspector Magic busca ayuda para atrapar a un villano y salvarlo","robots":{"index":"index","follow":"follow","max-snippet":"max-snippet:-1","max-image-preview":"max-image-preview:large","max-video-preview":"max-video-preview:-1"},"canonical":"https:\/\/www.iplay.com\/es\/games\/detective-solitaire-inspector-magic-and-the-man-without-a-face\/","og_locale":"es_ES","og_type":"article","og_title":"Detective Solitaire Inspector Magic And The Man Without A Face","og_url":"https:\/\/www.iplay.com\/es\/games\/detective-solitaire-inspector-magic-and-the-man-without-a-face\/","og_site_name":"IPlay","og_image":[{"width":310,"height":310,"url":"https:\/\/www.iplay.com\/wp-content\/uploads\/2023\/12\/large_square_tile_image-3468.jpg","type":"image\/jpeg"}],"twitter_card":"summary_large_image","twitter_misc":{"Est. reading time":"1 minuto"},"schema":{"@context":"https:\/\/schema.org","@graph":[{"@type":"WebPage","@id":"https:\/\/www.iplay.com\/es\/games\/detective-solitaire-inspector-magic-and-the-man-without-a-face\/","url":"https:\/\/www.iplay.com\/es\/games\/detective-solitaire-inspector-magic-and-the-man-without-a-face\/","name":"Detective Solitaire Inspector Magic y el hombre sin rostro - El inspector Magic busca ayuda para atrapar a un villano y salvarlo","isPartOf":{"@id":"https:\/\/www.iplay.com\/en\/#website"},"primaryImageOfPage":{"@id":"https:\/\/www.iplay.com\/es\/games\/detective-solitaire-inspector-magic-and-the-man-without-a-face\/#primaryimage"},"image":{"@id":"https:\/\/www.iplay.com\/es\/games\/detective-solitaire-inspector-magic-and-the-man-without-a-face\/#primaryimage"},"thumbnailUrl":"https:\/\/www.iplay.com\/wp-content\/uploads\/2023\/12\/large_square_tile_image-3468.jpg","datePublished":"2018-11-03T00:00:00+00:00","breadcrumb":{"@id":"https:\/\/www.iplay.com\/es\/games\/detective-solitaire-inspector-magic-and-the-man-without-a-face\/#breadcrumb"},"inLanguage":"es","potentialAction":[{"@type":"ReadAction","target":["https:\/\/www.iplay.com\/es\/games\/detective-solitaire-inspector-magic-and-the-man-without-a-face\/"]}]},{"@type":"ImageObject","inLanguage":"es","@id":"https:\/\/www.iplay.com\/es\/games\/detective-solitaire-inspector-magic-and-the-man-without-a-face\/#primaryimage","url":"https:\/\/www.iplay.com\/wp-content\/uploads\/2023\/12\/large_square_tile_image-3468.jpg","contentUrl":"https:\/\/www.iplay.com\/wp-content\/uploads\/2023\/12\/large_square_tile_image-3468.jpg","width":310,"height":310},{"@type":"BreadcrumbList","@id":"https:\/\/www.iplay.com\/es\/games\/detective-solitaire-inspector-magic-and-the-man-without-a-face\/#breadcrumb","itemListElement":[{"@type":"ListItem","position":1,"name":"Home","item":"https:\/\/www.iplay.com\/es\/home-page-2\/"},{"@type":"ListItem","position":2,"name":"Shop","item":"https:\/\/www.iplay.com\/en\/shop\/"},{"@type":"ListItem","position":3,"name":"Detective Solitaire Inspector Magic And The Man Without A Face"}]},{"@type":"WebSite","@id":"https:\/\/www.iplay.com\/en\/#website","url":"https:\/\/www.iplay.com\/en\/","name":"IPlay","description":"The Best Casual Games!","publisher":{"@id":"https:\/\/www.iplay.com\/en\/#organization"},"potentialAction":[{"@type":"SearchAction","target":{"@type":"EntryPoint","urlTemplate":"https:\/\/www.iplay.com\/en\/?s={search_term_string}"},"query-input":{"@type":"PropertyValueSpecification","valueRequired":true,"valueName":"search_term_string"}}],"inLanguage":"es"},{"@type":"Organization","@id":"https:\/\/www.iplay.com\/en\/#organization","name":"IPlay","url":"https:\/\/www.iplay.com\/en\/","logo":{"@type":"ImageObject","inLanguage":"es","@id":"https:\/\/www.iplay.com\/en\/#\/schema\/logo\/image\/","url":"https:\/\/www.iplay.com\/wp-content\/uploads\/2023\/11\/Group-6100.svg","contentUrl":"https:\/\/www.iplay.com\/wp-content\/uploads\/2023\/11\/Group-6100.svg","width":98,"height":25,"caption":"IPlay"},"image":{"@id":"https:\/\/www.iplay.com\/en\/#\/schema\/logo\/image\/"}}]}},"_links":{"self":[{"href":"https:\/\/www.iplay.com\/es\/wp-json\/wp\/v2\/product\/141687","targetHints":{"allow":["GET"]}}],"collection":[{"href":"https:\/\/www.iplay.com\/es\/wp-json\/wp\/v2\/product"}],"about":[{"href":"https:\/\/www.iplay.com\/es\/wp-json\/wp\/v2\/types\/product"}],"author":[{"embeddable":true,"href":"https:\/\/www.iplay.com\/es\/wp-json\/wp\/v2\/users\/13"}],"replies":[{"embeddable":true,"href":"https:\/\/www.iplay.com\/es\/wp-json\/wp\/v2\/comments?post=141687"}],"wp:featuredmedia":[{"embeddable":true,"href":"https:\/\/www.iplay.com\/es\/wp-json\/wp\/v2\/media\/95191"}],"wp:attachment":[{"href":"https:\/\/www.iplay.com\/es\/wp-json\/wp\/v2\/media?parent=141687"}],"wp:term":[{"taxonomy":"product_brand","embeddable":true,"href":"https:\/\/www.iplay.com\/es\/wp-json\/wp\/v2\/product_brand?post=141687"},{"taxonomy":"product_cat","embeddable":true,"href":"https:\/\/www.iplay.com\/es\/wp-json\/wp\/v2\/product_cat?post=141687"},{"taxonomy":"product_tag","embeddable":true,"href":"https:\/\/www.iplay.com\/es\/wp-json\/wp\/v2\/product_tag?post=141687"}],"curies":[{"name":"wp","href":"https:\/\/api.w.org\/{rel}","templated":true}]}}