{"id":141568,"date":"2025-08-13T07:30:01","date_gmt":"2025-08-13T07:30:01","guid":{"rendered":"https:\/\/www.iplay.com\/?post_type=product&p=141568"},"modified":"2025-08-22T11:34:02","modified_gmt":"2025-08-22T11:34:02","slug":"world-wonders-3-collectors-edition","status":"publish","type":"product","link":"https:\/\/www.iplay.com\/es\/games\/world-wonders-3-collectors-edition\/","title":{"rendered":"World Wonders 3 Collector&#8217;s Edition"},"content":{"rendered":"<p class=\"whitespace-normal break-words ai-optimize-33 ai-optimize-introduction\">\u00a1Comienzas una nueva aventura alrededor del mundo! Visitas lugares incre\u00edbles como hermosos palacios y maravillas naturales. Cada lugar te muestra historia y cultura. Aprendes grandes historias y descubres viejos secretos.   <\/p>\n<p class=\"whitespace-normal break-words ai-optimize-35\">Encuentras objetos ocultos en lugares bonitos. Resuelves acertijos y arreglas piezas rotas de la historia. Exploras ocho pa\u00edses diferentes. Visitar\u00e1 castillos en la Rep\u00fablica Checa y calles antiguas en Portugal.   <\/p>\n<p class=\"whitespace-normal break-words ai-optimize-37\">Caminas por las plazas de los pueblos espa\u00f1oles. Descubres secretos en los templos budistas de Tailandia. Exploras ruinas antiguas en Indonesia. Ves aguas heladas en Noruega y hermosos paisajes en Canad\u00e1.   <\/p>\n<p class=\"whitespace-normal break-words ai-optimize-39\">Cada lugar te plantea un reto especial. Usas tus habilidades para encontrar lo que otros se perdieron. Superas niveles y ganas recompensas. Haces crecer tu colecci\u00f3n de art\u00edculos especiales de diferentes culturas.   <\/p>\n<p class=\"whitespace-normal break-words ai-optimize-41\">Cada secreto que encuentres abrir\u00e1 nuevas p\u00e1ginas de historial. Construyes una colecci\u00f3n donde las viejas historias cobran vida. <\/p>\n<p class=\"ai-optimize-49\"><strong>Funciones<\/strong><\/p>\n<ul class=\"[&amp;:not(:last-child)_ul]:pb-1 [&amp;:not(:last-child)_ol]:pb-1 list-disc space-y-1.5 pl-7\">\n<li class=\"whitespace-normal break-words ai-optimize-43\">Exploras lugares incre\u00edbles de ocho pa\u00edses de todo el mundo<\/li>\n<li class=\"whitespace-normal break-words ai-optimize-44\">Encuentras objetos ocultos y resuelves acertijos en hermosos lugares<\/li>\n<li class=\"whitespace-normal break-words ai-optimize-45\">Coleccionas art\u00edculos especiales que cuentan historias sobre diferentes culturas<\/li>\n<li class=\"whitespace-normal break-words ai-optimize-46\">Desbloqueas nuevas p\u00e1ginas de historial a medida que descubres m\u00e1s secretos<\/li>\n<li class=\"whitespace-normal break-words ai-optimize-47\">Disfrutas de desaf\u00edos que ponen a prueba tus habilidades en todos los niveles<\/li>\n<\/ul>\n<p>&nbsp;<\/p>\n<p class=\"whitespace-normal break-words ai-optimize-48\">\u00bfListo para viajar en el tiempo y explorar las mayores maravillas del mundo?<\/p>\n","protected":false},"excerpt":{"rendered":"<p>Visita lugares, encuentra artefactos, resuelve acertijos y descubre los secretos de las civilizaciones antiguas.<\/p>\n","protected":false},"author":13,"featured_media":141480,"comment_status":"open","ping_status":"closed","template":"","meta":{"_acf_changed":false,"inline_featured_image":false},"product_brand":[],"product_cat":[166,192],"product_tag":[288],"class_list":{"0":"post-141568","1":"product","2":"type-product","3":"status-publish","4":"has-post-thumbnail","6":"product_cat-hidden-object-es","7":"product_cat-puzzle-es","8":"product_tag-play-on-pc-es","10":"first","11":"instock","12":"shipping-taxable","13":"purchasable","14":"product-type-simple"},"acf":[],"yoast_head":"<!-- This site is optimized with the Yoast SEO Premium plugin v25.2 (Yoast SEO v25.2) - https:\/\/yoast.com\/wordpress\/plugins\/seo\/ -->\n<title>World Wonders 3 CE: Explora Monumentos y Misterios Antiguos<\/title>\n<meta name=\"description\" content=\"Visita lugares, encuentra artefactos, resuelve acertijos y descubre los secretos de las civilizaciones antiguas.\" \/>\n<meta name=\"robots\" content=\"index, follow, max-snippet:-1, max-image-preview:large, max-video-preview:-1\" \/>\n<link rel=\"canonical\" href=\"https:\/\/www.iplay.com\/en\/games\/world-wonders-3-collectors-edition\/\" \/>\n<meta property=\"og:locale\" content=\"es_ES\" \/>\n<meta property=\"og:type\" content=\"article\" \/>\n<meta property=\"og:title\" content=\"World Wonders 3 Collector&#039;s Edition\" \/>\n<meta property=\"og:description\" content=\"Visita lugares, encuentra artefactos, resuelve acertijos y descubre los secretos de las civilizaciones antiguas.\" \/>\n<meta property=\"og:url\" content=\"https:\/\/www.iplay.com\/en\/games\/world-wonders-3-collectors-edition\/\" \/>\n<meta property=\"og:site_name\" content=\"IPlay\" \/>\n<meta property=\"article:modified_time\" content=\"2025-08-22T11:34:02+00:00\" \/>\n<meta property=\"og:image\" content=\"https:\/\/www.iplay.com\/wp-content\/uploads\/2025\/08\/world_wonders_3_ce_large_video_screenshot.webp\" \/>\n\t<meta property=\"og:image:width\" content=\"715\" \/>\n\t<meta property=\"og:image:height\" content=\"485\" \/>\n\t<meta property=\"og:image:type\" content=\"image\/webp\" \/>\n<meta name=\"twitter:card\" content=\"summary_large_image\" \/>\n<meta name=\"twitter:label1\" content=\"Est. reading time\" \/>\n\t<meta name=\"twitter:data1\" content=\"1 minuto\" \/>\n<script type=\"application\/ld+json\" class=\"yoast-schema-graph\">{\"@context\":\"https:\/\/schema.org\",\"@graph\":[{\"@type\":\"WebPage\",\"@id\":\"https:\/\/www.iplay.com\/en\/games\/world-wonders-3-collectors-edition\/\",\"url\":\"https:\/\/www.iplay.com\/en\/games\/world-wonders-3-collectors-edition\/\",\"name\":\"World Wonders 3 CE: Explora Monumentos y Misterios Antiguos\",\"isPartOf\":{\"@id\":\"https:\/\/www.iplay.com\/en\/#website\"},\"primaryImageOfPage\":{\"@id\":\"https:\/\/www.iplay.com\/en\/games\/world-wonders-3-collectors-edition\/#primaryimage\"},\"image\":{\"@id\":\"https:\/\/www.iplay.com\/en\/games\/world-wonders-3-collectors-edition\/#primaryimage\"},\"thumbnailUrl\":\"https:\/\/www.iplay.com\/wp-content\/uploads\/2025\/08\/world_wonders_3_ce_large_square_tile_image.webp\",\"datePublished\":\"2025-08-13T07:30:01+00:00\",\"dateModified\":\"2025-08-22T11:34:02+00:00\",\"description\":\"Visita lugares, encuentra artefactos, resuelve acertijos y descubre los secretos de las civilizaciones antiguas.\",\"breadcrumb\":{\"@id\":\"https:\/\/www.iplay.com\/en\/games\/world-wonders-3-collectors-edition\/#breadcrumb\"},\"inLanguage\":\"es\",\"potentialAction\":[{\"@type\":\"ReadAction\",\"target\":[\"https:\/\/www.iplay.com\/en\/games\/world-wonders-3-collectors-edition\/\"]}]},{\"@type\":\"ImageObject\",\"inLanguage\":\"es\",\"@id\":\"https:\/\/www.iplay.com\/en\/games\/world-wonders-3-collectors-edition\/#primaryimage\",\"url\":\"https:\/\/www.iplay.com\/wp-content\/uploads\/2025\/08\/world_wonders_3_ce_large_square_tile_image.webp\",\"contentUrl\":\"https:\/\/www.iplay.com\/wp-content\/uploads\/2025\/08\/world_wonders_3_ce_large_square_tile_image.webp\",\"width\":310,\"height\":310},{\"@type\":\"BreadcrumbList\",\"@id\":\"https:\/\/www.iplay.com\/en\/games\/world-wonders-3-collectors-edition\/#breadcrumb\",\"itemListElement\":[{\"@type\":\"ListItem\",\"position\":1,\"name\":\"Home\",\"item\":\"https:\/\/www.iplay.com\/es\/home-page-2\/\"},{\"@type\":\"ListItem\",\"position\":2,\"name\":\"Shop\",\"item\":\"https:\/\/www.iplay.com\/en\/shop\/\"},{\"@type\":\"ListItem\",\"position\":3,\"name\":\"World Wonders 3 Collector&#8217;s Edition\"}]},{\"@type\":\"WebSite\",\"@id\":\"https:\/\/www.iplay.com\/en\/#website\",\"url\":\"https:\/\/www.iplay.com\/en\/\",\"name\":\"IPlay\",\"description\":\"The Best Casual Games!\",\"publisher\":{\"@id\":\"https:\/\/www.iplay.com\/en\/#organization\"},\"potentialAction\":[{\"@type\":\"SearchAction\",\"target\":{\"@type\":\"EntryPoint\",\"urlTemplate\":\"https:\/\/www.iplay.com\/en\/?s={search_term_string}\"},\"query-input\":{\"@type\":\"PropertyValueSpecification\",\"valueRequired\":true,\"valueName\":\"search_term_string\"}}],\"inLanguage\":\"es\"},{\"@type\":\"Organization\",\"@id\":\"https:\/\/www.iplay.com\/en\/#organization\",\"name\":\"IPlay\",\"url\":\"https:\/\/www.iplay.com\/en\/\",\"logo\":{\"@type\":\"ImageObject\",\"inLanguage\":\"es\",\"@id\":\"https:\/\/www.iplay.com\/en\/#\/schema\/logo\/image\/\",\"url\":\"https:\/\/www.iplay.com\/wp-content\/uploads\/2023\/11\/Group-6100.svg\",\"contentUrl\":\"https:\/\/www.iplay.com\/wp-content\/uploads\/2023\/11\/Group-6100.svg\",\"width\":98,\"height\":25,\"caption\":\"IPlay\"},\"image\":{\"@id\":\"https:\/\/www.iplay.com\/en\/#\/schema\/logo\/image\/\"}}]}<\/script>\n<!-- \/ Yoast SEO Premium plugin. -->","yoast_head_json":{"title":"World Wonders 3 CE: Explora Monumentos y Misterios Antiguos","description":"Visita lugares, encuentra artefactos, resuelve acertijos y descubre los secretos de las civilizaciones antiguas.","robots":{"index":"index","follow":"follow","max-snippet":"max-snippet:-1","max-image-preview":"max-image-preview:large","max-video-preview":"max-video-preview:-1"},"canonical":"https:\/\/www.iplay.com\/en\/games\/world-wonders-3-collectors-edition\/","og_locale":"es_ES","og_type":"article","og_title":"World Wonders 3 Collector's Edition","og_description":"Visita lugares, encuentra artefactos, resuelve acertijos y descubre los secretos de las civilizaciones antiguas.","og_url":"https:\/\/www.iplay.com\/en\/games\/world-wonders-3-collectors-edition\/","og_site_name":"IPlay","article_modified_time":"2025-08-22T11:34:02+00:00","og_image":[{"width":715,"height":485,"url":"https:\/\/www.iplay.com\/wp-content\/uploads\/2025\/08\/world_wonders_3_ce_large_video_screenshot.webp","type":"image\/webp"}],"twitter_card":"summary_large_image","twitter_misc":{"Est. reading time":"1 minuto"},"schema":{"@context":"https:\/\/schema.org","@graph":[{"@type":"WebPage","@id":"https:\/\/www.iplay.com\/en\/games\/world-wonders-3-collectors-edition\/","url":"https:\/\/www.iplay.com\/en\/games\/world-wonders-3-collectors-edition\/","name":"World Wonders 3 CE: Explora Monumentos y Misterios Antiguos","isPartOf":{"@id":"https:\/\/www.iplay.com\/en\/#website"},"primaryImageOfPage":{"@id":"https:\/\/www.iplay.com\/en\/games\/world-wonders-3-collectors-edition\/#primaryimage"},"image":{"@id":"https:\/\/www.iplay.com\/en\/games\/world-wonders-3-collectors-edition\/#primaryimage"},"thumbnailUrl":"https:\/\/www.iplay.com\/wp-content\/uploads\/2025\/08\/world_wonders_3_ce_large_square_tile_image.webp","datePublished":"2025-08-13T07:30:01+00:00","dateModified":"2025-08-22T11:34:02+00:00","description":"Visita lugares, encuentra artefactos, resuelve acertijos y descubre los secretos de las civilizaciones antiguas.","breadcrumb":{"@id":"https:\/\/www.iplay.com\/en\/games\/world-wonders-3-collectors-edition\/#breadcrumb"},"inLanguage":"es","potentialAction":[{"@type":"ReadAction","target":["https:\/\/www.iplay.com\/en\/games\/world-wonders-3-collectors-edition\/"]}]},{"@type":"ImageObject","inLanguage":"es","@id":"https:\/\/www.iplay.com\/en\/games\/world-wonders-3-collectors-edition\/#primaryimage","url":"https:\/\/www.iplay.com\/wp-content\/uploads\/2025\/08\/world_wonders_3_ce_large_square_tile_image.webp","contentUrl":"https:\/\/www.iplay.com\/wp-content\/uploads\/2025\/08\/world_wonders_3_ce_large_square_tile_image.webp","width":310,"height":310},{"@type":"BreadcrumbList","@id":"https:\/\/www.iplay.com\/en\/games\/world-wonders-3-collectors-edition\/#breadcrumb","itemListElement":[{"@type":"ListItem","position":1,"name":"Home","item":"https:\/\/www.iplay.com\/es\/home-page-2\/"},{"@type":"ListItem","position":2,"name":"Shop","item":"https:\/\/www.iplay.com\/en\/shop\/"},{"@type":"ListItem","position":3,"name":"World Wonders 3 Collector&#8217;s Edition"}]},{"@type":"WebSite","@id":"https:\/\/www.iplay.com\/en\/#website","url":"https:\/\/www.iplay.com\/en\/","name":"IPlay","description":"The Best Casual Games!","publisher":{"@id":"https:\/\/www.iplay.com\/en\/#organization"},"potentialAction":[{"@type":"SearchAction","target":{"@type":"EntryPoint","urlTemplate":"https:\/\/www.iplay.com\/en\/?s={search_term_string}"},"query-input":{"@type":"PropertyValueSpecification","valueRequired":true,"valueName":"search_term_string"}}],"inLanguage":"es"},{"@type":"Organization","@id":"https:\/\/www.iplay.com\/en\/#organization","name":"IPlay","url":"https:\/\/www.iplay.com\/en\/","logo":{"@type":"ImageObject","inLanguage":"es","@id":"https:\/\/www.iplay.com\/en\/#\/schema\/logo\/image\/","url":"https:\/\/www.iplay.com\/wp-content\/uploads\/2023\/11\/Group-6100.svg","contentUrl":"https:\/\/www.iplay.com\/wp-content\/uploads\/2023\/11\/Group-6100.svg","width":98,"height":25,"caption":"IPlay"},"image":{"@id":"https:\/\/www.iplay.com\/en\/#\/schema\/logo\/image\/"}}]}},"_links":{"self":[{"href":"https:\/\/www.iplay.com\/es\/wp-json\/wp\/v2\/product\/141568","targetHints":{"allow":["GET"]}}],"collection":[{"href":"https:\/\/www.iplay.com\/es\/wp-json\/wp\/v2\/product"}],"about":[{"href":"https:\/\/www.iplay.com\/es\/wp-json\/wp\/v2\/types\/product"}],"author":[{"embeddable":true,"href":"https:\/\/www.iplay.com\/es\/wp-json\/wp\/v2\/users\/13"}],"replies":[{"embeddable":true,"href":"https:\/\/www.iplay.com\/es\/wp-json\/wp\/v2\/comments?post=141568"}],"wp:featuredmedia":[{"embeddable":true,"href":"https:\/\/www.iplay.com\/es\/wp-json\/wp\/v2\/media\/141480"}],"wp:attachment":[{"href":"https:\/\/www.iplay.com\/es\/wp-json\/wp\/v2\/media?parent=141568"}],"wp:term":[{"taxonomy":"product_brand","embeddable":true,"href":"https:\/\/www.iplay.com\/es\/wp-json\/wp\/v2\/product_brand?post=141568"},{"taxonomy":"product_cat","embeddable":true,"href":"https:\/\/www.iplay.com\/es\/wp-json\/wp\/v2\/product_cat?post=141568"},{"taxonomy":"product_tag","embeddable":true,"href":"https:\/\/www.iplay.com\/es\/wp-json\/wp\/v2\/product_tag?post=141568"}],"curies":[{"name":"wp","href":"https:\/\/api.w.org\/{rel}","templated":true}]}}