{"id":141030,"date":"2025-07-30T08:30:04","date_gmt":"2025-07-30T08:30:04","guid":{"rendered":"https:\/\/www.iplay.com\/?post_type=product&p=141030"},"modified":"2025-07-24T10:40:48","modified_gmt":"2025-07-24T10:40:48","slug":"grim-tales-light-in-the-darkness-collectors-edition","status":"publish","type":"product","link":"https:\/\/www.iplay.com\/es\/games\/grim-tales-light-in-the-darkness-collectors-edition\/","title":{"rendered":"Grim Tales: Light in The Darkness Collector&#8217;s Edition"},"content":{"rendered":"<p class=\"whitespace-normal break-words ai-optimize-29 ai-optimize-introduction\">Juegas como el esp\u00edritu de Richard Gray despu\u00e9s de que deja el mundo f\u00edsico. Debe enfrentar el juicio antes de mudarse al m\u00e1s all\u00e1. Lo gu\u00edas a trav\u00e9s del plano astral y revives momentos importantes.  <\/p>\n<p class=\"whitespace-normal break-words ai-optimize-30\">Exploras recuerdos inquietantes y resuelves acertijos detallados. Descubres secretos enterrados que revelan la verdad sobre el pasado de Richard. Cada prueba te acerca m\u00e1s a la redenci\u00f3n o a la inquietud eterna.  <\/p>\n<p class=\"whitespace-normal break-words ai-optimize-31\">Te enfrentas a desafiantes escenas de objetos ocultos que ponen a prueba tu coraje. Experimentas im\u00e1genes impresionantes y una narraci\u00f3n profunda. T\u00fa decides el destino final de Richard a trav\u00e9s de tus elecciones.  <\/p>\n<p>&nbsp;<\/p>\n<p class=\"whitespace-normal break-words ai-optimize-32\"><strong>Funciones<\/strong><\/p>\n<ul class=\"[&amp;:not(:last-child)_ul]:pb-1 [&amp;:not(:last-child)_ol]:pb-1 list-disc space-y-1.5 pl-7\">\n<li class=\"whitespace-normal break-words ai-optimize-33\">Juega como el esp\u00edritu de Richard Gray viajando a trav\u00e9s del plano astral<\/li>\n<li class=\"whitespace-normal break-words ai-optimize-34\">Explora recuerdos inquietantes y resuelve intrincados acertijos<\/li>\n<li class=\"whitespace-normal break-words ai-optimize-35\">Descubre secretos enterrados durante mucho tiempo que revelan la verdad sobre los or\u00edgenes de Richard<\/li>\n<li class=\"whitespace-normal break-words ai-optimize-36\">Enfr\u00e9ntate a desafiantes escenas de objetos ocultos con im\u00e1genes impresionantes<\/li>\n<li class=\"whitespace-normal break-words ai-optimize-37\">Experimenta una narraci\u00f3n profunda que pone a prueba tu coraje y coraz\u00f3n<\/li>\n<\/ul>\n<p>&nbsp;<\/p>\n<p class=\"whitespace-normal break-words ai-optimize-38\"><strong>Caracter\u00edsticas de la Edici\u00f3n de Coleccionista<\/strong><\/p>\n<ul class=\"[&amp;:not(:last-child)_ul]:pb-1 [&amp;:not(:last-child)_ol]:pb-1 list-disc space-y-1.5 pl-7\">\n<li class=\"whitespace-normal break-words ai-optimize-39\">Juega como la nueva generaci\u00f3n de la familia Gray y restaura el equilibrio<\/li>\n<li class=\"whitespace-normal break-words ai-optimize-40\">Vuelve a jugar rompecabezas y minijuegos de objetos ocultos, gana logros, recoge piezas de rompecabezas<\/li>\n<li class=\"whitespace-normal break-words ai-optimize-41\">Desbloquea contenido adicional que incluye fondos de pantalla, bandas sonoras y un rompecabezas<\/li>\n<li class=\"whitespace-normal break-words ai-optimize-42\">Utilice la Gu\u00eda de estrategia incorporada para navegar por cada giro y vuelta<\/li>\n<\/ul>\n","protected":false},"excerpt":{"rendered":"<p>\u00a1Descubre la historia secreta de Richard Gray y gu\u00eda su esp\u00edritu a trav\u00e9s de tribulaciones pasadas y presentes!<\/p>\n","protected":false},"author":17,"featured_media":140949,"comment_status":"open","ping_status":"closed","template":"","meta":{"_acf_changed":false,"inline_featured_image":false},"product_brand":[],"product_cat":[150,166],"product_tag":[288],"class_list":{"0":"post-141030","1":"product","2":"type-product","3":"status-publish","4":"has-post-thumbnail","6":"product_cat-adventure-es","7":"product_cat-hidden-object-es","8":"product_tag-play-on-pc-es","10":"first","11":"instock","12":"shipping-taxable","13":"purchasable","14":"product-type-simple"},"acf":[],"yoast_head":"<!-- This site is optimized with the Yoast SEO Premium plugin v25.2 (Yoast SEO v25.2) - https:\/\/yoast.com\/wordpress\/plugins\/seo\/ -->\n<title>Grim Tales: Light in Darkness CE - Descubre el pasado de Richard Gray<\/title>\n<meta name=\"description\" content=\"\u00a1Descubre la historia secreta de Richard Gray y gu\u00eda su esp\u00edritu a trav\u00e9s de tribulaciones pasadas y presentes!\" \/>\n<meta name=\"robots\" content=\"index, follow, max-snippet:-1, max-image-preview:large, max-video-preview:-1\" \/>\n<link rel=\"canonical\" href=\"https:\/\/www.iplay.com\/en\/games\/grim-tales-light-in-the-darkness-collectors-edition\/\" \/>\n<meta property=\"og:locale\" content=\"es_ES\" \/>\n<meta property=\"og:type\" content=\"article\" \/>\n<meta property=\"og:title\" content=\"Grim Tales: Light in The Darkness Collector&#039;s Edition\" \/>\n<meta property=\"og:description\" content=\"\u00a1Descubre la historia secreta de Richard Gray y gu\u00eda su esp\u00edritu a trav\u00e9s de tribulaciones pasadas y presentes!\" \/>\n<meta property=\"og:url\" content=\"https:\/\/www.iplay.com\/en\/games\/grim-tales-light-in-the-darkness-collectors-edition\/\" \/>\n<meta property=\"og:site_name\" content=\"IPlay\" \/>\n<meta property=\"og:image\" content=\"https:\/\/www.iplay.com\/wp-content\/uploads\/2025\/07\/grim_tales_-light_in_the_darkness_ce_large_video_screenshot.webp\" \/>\n\t<meta property=\"og:image:width\" content=\"1280\" \/>\n\t<meta property=\"og:image:height\" content=\"720\" \/>\n\t<meta property=\"og:image:type\" content=\"image\/webp\" \/>\n<meta name=\"twitter:card\" content=\"summary_large_image\" \/>\n<meta name=\"twitter:label1\" content=\"Est. reading time\" \/>\n\t<meta name=\"twitter:data1\" content=\"1 minuto\" \/>\n<script type=\"application\/ld+json\" class=\"yoast-schema-graph\">{\"@context\":\"https:\/\/schema.org\",\"@graph\":[{\"@type\":\"WebPage\",\"@id\":\"https:\/\/www.iplay.com\/en\/games\/grim-tales-light-in-the-darkness-collectors-edition\/\",\"url\":\"https:\/\/www.iplay.com\/en\/games\/grim-tales-light-in-the-darkness-collectors-edition\/\",\"name\":\"Grim Tales: Light in Darkness CE - Descubre el pasado de Richard Gray\",\"isPartOf\":{\"@id\":\"https:\/\/www.iplay.com\/en\/#website\"},\"primaryImageOfPage\":{\"@id\":\"https:\/\/www.iplay.com\/en\/games\/grim-tales-light-in-the-darkness-collectors-edition\/#primaryimage\"},\"image\":{\"@id\":\"https:\/\/www.iplay.com\/en\/games\/grim-tales-light-in-the-darkness-collectors-edition\/#primaryimage\"},\"thumbnailUrl\":\"https:\/\/www.iplay.com\/wp-content\/uploads\/2025\/07\/grim_tales_-light_in_the_darkness_ce_large_video_screenshot.webp\",\"datePublished\":\"2025-07-30T08:30:04+00:00\",\"description\":\"\u00a1Descubre la historia secreta de Richard Gray y gu\u00eda su esp\u00edritu a trav\u00e9s de tribulaciones pasadas y presentes!\",\"breadcrumb\":{\"@id\":\"https:\/\/www.iplay.com\/en\/games\/grim-tales-light-in-the-darkness-collectors-edition\/#breadcrumb\"},\"inLanguage\":\"es\",\"potentialAction\":[{\"@type\":\"ReadAction\",\"target\":[\"https:\/\/www.iplay.com\/en\/games\/grim-tales-light-in-the-darkness-collectors-edition\/\"]}]},{\"@type\":\"ImageObject\",\"inLanguage\":\"es\",\"@id\":\"https:\/\/www.iplay.com\/en\/games\/grim-tales-light-in-the-darkness-collectors-edition\/#primaryimage\",\"url\":\"https:\/\/www.iplay.com\/wp-content\/uploads\/2025\/07\/grim_tales_-light_in_the_darkness_ce_large_video_screenshot.webp\",\"contentUrl\":\"https:\/\/www.iplay.com\/wp-content\/uploads\/2025\/07\/grim_tales_-light_in_the_darkness_ce_large_video_screenshot.webp\",\"width\":1280,\"height\":720},{\"@type\":\"BreadcrumbList\",\"@id\":\"https:\/\/www.iplay.com\/en\/games\/grim-tales-light-in-the-darkness-collectors-edition\/#breadcrumb\",\"itemListElement\":[{\"@type\":\"ListItem\",\"position\":1,\"name\":\"Home\",\"item\":\"https:\/\/www.iplay.com\/es\/home-page-2\/\"},{\"@type\":\"ListItem\",\"position\":2,\"name\":\"Shop\",\"item\":\"https:\/\/www.iplay.com\/en\/shop\/\"},{\"@type\":\"ListItem\",\"position\":3,\"name\":\"Grim Tales: Light in The Darkness Collector&#8217;s Edition\"}]},{\"@type\":\"WebSite\",\"@id\":\"https:\/\/www.iplay.com\/en\/#website\",\"url\":\"https:\/\/www.iplay.com\/en\/\",\"name\":\"IPlay\",\"description\":\"The Best Casual Games!\",\"publisher\":{\"@id\":\"https:\/\/www.iplay.com\/en\/#organization\"},\"potentialAction\":[{\"@type\":\"SearchAction\",\"target\":{\"@type\":\"EntryPoint\",\"urlTemplate\":\"https:\/\/www.iplay.com\/en\/?s={search_term_string}\"},\"query-input\":{\"@type\":\"PropertyValueSpecification\",\"valueRequired\":true,\"valueName\":\"search_term_string\"}}],\"inLanguage\":\"es\"},{\"@type\":\"Organization\",\"@id\":\"https:\/\/www.iplay.com\/en\/#organization\",\"name\":\"IPlay\",\"url\":\"https:\/\/www.iplay.com\/en\/\",\"logo\":{\"@type\":\"ImageObject\",\"inLanguage\":\"es\",\"@id\":\"https:\/\/www.iplay.com\/en\/#\/schema\/logo\/image\/\",\"url\":\"https:\/\/www.iplay.com\/wp-content\/uploads\/2023\/11\/Group-6100.svg\",\"contentUrl\":\"https:\/\/www.iplay.com\/wp-content\/uploads\/2023\/11\/Group-6100.svg\",\"width\":98,\"height\":25,\"caption\":\"IPlay\"},\"image\":{\"@id\":\"https:\/\/www.iplay.com\/en\/#\/schema\/logo\/image\/\"}}]}<\/script>\n<!-- \/ Yoast SEO Premium plugin. -->","yoast_head_json":{"title":"Grim Tales: Light in Darkness CE - Descubre el pasado de Richard Gray","description":"\u00a1Descubre la historia secreta de Richard Gray y gu\u00eda su esp\u00edritu a trav\u00e9s de tribulaciones pasadas y presentes!","robots":{"index":"index","follow":"follow","max-snippet":"max-snippet:-1","max-image-preview":"max-image-preview:large","max-video-preview":"max-video-preview:-1"},"canonical":"https:\/\/www.iplay.com\/en\/games\/grim-tales-light-in-the-darkness-collectors-edition\/","og_locale":"es_ES","og_type":"article","og_title":"Grim Tales: Light in The Darkness Collector's Edition","og_description":"\u00a1Descubre la historia secreta de Richard Gray y gu\u00eda su esp\u00edritu a trav\u00e9s de tribulaciones pasadas y presentes!","og_url":"https:\/\/www.iplay.com\/en\/games\/grim-tales-light-in-the-darkness-collectors-edition\/","og_site_name":"IPlay","og_image":[{"width":1280,"height":720,"url":"https:\/\/www.iplay.com\/wp-content\/uploads\/2025\/07\/grim_tales_-light_in_the_darkness_ce_large_video_screenshot.webp","type":"image\/webp"}],"twitter_card":"summary_large_image","twitter_misc":{"Est. reading time":"1 minuto"},"schema":{"@context":"https:\/\/schema.org","@graph":[{"@type":"WebPage","@id":"https:\/\/www.iplay.com\/en\/games\/grim-tales-light-in-the-darkness-collectors-edition\/","url":"https:\/\/www.iplay.com\/en\/games\/grim-tales-light-in-the-darkness-collectors-edition\/","name":"Grim Tales: Light in Darkness CE - Descubre el pasado de Richard Gray","isPartOf":{"@id":"https:\/\/www.iplay.com\/en\/#website"},"primaryImageOfPage":{"@id":"https:\/\/www.iplay.com\/en\/games\/grim-tales-light-in-the-darkness-collectors-edition\/#primaryimage"},"image":{"@id":"https:\/\/www.iplay.com\/en\/games\/grim-tales-light-in-the-darkness-collectors-edition\/#primaryimage"},"thumbnailUrl":"https:\/\/www.iplay.com\/wp-content\/uploads\/2025\/07\/grim_tales_-light_in_the_darkness_ce_large_video_screenshot.webp","datePublished":"2025-07-30T08:30:04+00:00","description":"\u00a1Descubre la historia secreta de Richard Gray y gu\u00eda su esp\u00edritu a trav\u00e9s de tribulaciones pasadas y presentes!","breadcrumb":{"@id":"https:\/\/www.iplay.com\/en\/games\/grim-tales-light-in-the-darkness-collectors-edition\/#breadcrumb"},"inLanguage":"es","potentialAction":[{"@type":"ReadAction","target":["https:\/\/www.iplay.com\/en\/games\/grim-tales-light-in-the-darkness-collectors-edition\/"]}]},{"@type":"ImageObject","inLanguage":"es","@id":"https:\/\/www.iplay.com\/en\/games\/grim-tales-light-in-the-darkness-collectors-edition\/#primaryimage","url":"https:\/\/www.iplay.com\/wp-content\/uploads\/2025\/07\/grim_tales_-light_in_the_darkness_ce_large_video_screenshot.webp","contentUrl":"https:\/\/www.iplay.com\/wp-content\/uploads\/2025\/07\/grim_tales_-light_in_the_darkness_ce_large_video_screenshot.webp","width":1280,"height":720},{"@type":"BreadcrumbList","@id":"https:\/\/www.iplay.com\/en\/games\/grim-tales-light-in-the-darkness-collectors-edition\/#breadcrumb","itemListElement":[{"@type":"ListItem","position":1,"name":"Home","item":"https:\/\/www.iplay.com\/es\/home-page-2\/"},{"@type":"ListItem","position":2,"name":"Shop","item":"https:\/\/www.iplay.com\/en\/shop\/"},{"@type":"ListItem","position":3,"name":"Grim Tales: Light in The Darkness Collector&#8217;s Edition"}]},{"@type":"WebSite","@id":"https:\/\/www.iplay.com\/en\/#website","url":"https:\/\/www.iplay.com\/en\/","name":"IPlay","description":"The Best Casual Games!","publisher":{"@id":"https:\/\/www.iplay.com\/en\/#organization"},"potentialAction":[{"@type":"SearchAction","target":{"@type":"EntryPoint","urlTemplate":"https:\/\/www.iplay.com\/en\/?s={search_term_string}"},"query-input":{"@type":"PropertyValueSpecification","valueRequired":true,"valueName":"search_term_string"}}],"inLanguage":"es"},{"@type":"Organization","@id":"https:\/\/www.iplay.com\/en\/#organization","name":"IPlay","url":"https:\/\/www.iplay.com\/en\/","logo":{"@type":"ImageObject","inLanguage":"es","@id":"https:\/\/www.iplay.com\/en\/#\/schema\/logo\/image\/","url":"https:\/\/www.iplay.com\/wp-content\/uploads\/2023\/11\/Group-6100.svg","contentUrl":"https:\/\/www.iplay.com\/wp-content\/uploads\/2023\/11\/Group-6100.svg","width":98,"height":25,"caption":"IPlay"},"image":{"@id":"https:\/\/www.iplay.com\/en\/#\/schema\/logo\/image\/"}}]}},"_links":{"self":[{"href":"https:\/\/www.iplay.com\/es\/wp-json\/wp\/v2\/product\/141030","targetHints":{"allow":["GET"]}}],"collection":[{"href":"https:\/\/www.iplay.com\/es\/wp-json\/wp\/v2\/product"}],"about":[{"href":"https:\/\/www.iplay.com\/es\/wp-json\/wp\/v2\/types\/product"}],"author":[{"embeddable":true,"href":"https:\/\/www.iplay.com\/es\/wp-json\/wp\/v2\/users\/17"}],"replies":[{"embeddable":true,"href":"https:\/\/www.iplay.com\/es\/wp-json\/wp\/v2\/comments?post=141030"}],"wp:featuredmedia":[{"embeddable":true,"href":"https:\/\/www.iplay.com\/es\/wp-json\/wp\/v2\/media\/140949"}],"wp:attachment":[{"href":"https:\/\/www.iplay.com\/es\/wp-json\/wp\/v2\/media?parent=141030"}],"wp:term":[{"taxonomy":"product_brand","embeddable":true,"href":"https:\/\/www.iplay.com\/es\/wp-json\/wp\/v2\/product_brand?post=141030"},{"taxonomy":"product_cat","embeddable":true,"href":"https:\/\/www.iplay.com\/es\/wp-json\/wp\/v2\/product_cat?post=141030"},{"taxonomy":"product_tag","embeddable":true,"href":"https:\/\/www.iplay.com\/es\/wp-json\/wp\/v2\/product_tag?post=141030"}],"curies":[{"name":"wp","href":"https:\/\/api.w.org\/{rel}","templated":true}]}}