{"id":140649,"date":"2025-07-11T11:30:42","date_gmt":"2025-07-11T11:30:42","guid":{"rendered":"https:\/\/www.iplay.com\/games\/art-by-numbers-64\/"},"modified":"2025-07-11T11:30:42","modified_gmt":"2025-07-11T11:30:42","slug":"art-by-numbers-64","status":"publish","type":"product","link":"https:\/\/www.iplay.com\/es\/games\/art-by-numbers-64\/","title":{"rendered":"Art By Numbers 64"},"content":{"rendered":"<p class=\"whitespace-normal break-words ai-optimize-25 ai-optimize-introduction\">Entras en un mundo tranquilo de creatividad con Art By Numbers 64. Cada pincelada que haces da vida a la elegancia. Este juego de pintar por n\u00fameros te da muchas im\u00e1genes hermosas.  <\/p>\n<p class=\"whitespace-normal break-words ai-optimize-26\">Las im\u00e1genes despiertan tu creatividad y te ayudan a sentirte en paz. T\u00fa controlas c\u00f3mo quieres pintar. Puedes ser preciso o pintar libremente: t\u00fa eres el artista.  <\/p>\n<p class=\"whitespace-normal break-words ai-optimize-27\">Eliges entre 72 incre\u00edbles obras de arte con diferentes estilos. Las im\u00e1genes van desde curvas detalladas hasta dise\u00f1os atrevidos. El pincel puntiagudo se utiliza para a\u00f1adir colores texturizados o planos.  <\/p>\n<p class=\"whitespace-normal break-words ai-optimize-28\">Puedes cambiar f\u00e1cilmente entre la pintura guiada y el modo libre. Haces cada imagen a tu manera. No necesitas ninguna habilidad art\u00edstica para crear hermosas obras maestras.  <\/p>\n<p class=\"whitespace-normal break-words ai-optimize-29\">Dejas de lado el estr\u00e9s y disfrutas de la terapia de color. Convierte los contornos en blanco en obras maestras, un n\u00famero a la vez. <\/p>\n<p class=\"ai-optimize-36\"><strong>Funciones:<\/strong><\/p>\n<ul class=\"[&amp;:not(:last-child)_ul]:pb-1 [&amp;:not(:last-child)_ol]:pb-1 list-disc space-y-1.5 pl-7\">\n<li class=\"whitespace-normal break-words ai-optimize-30\">72 obras de arte brillantes e inspiradoras esperando tus colores<\/li>\n<li class=\"whitespace-normal break-words ai-optimize-31\">Pincel puntiagudo que a\u00f1ade detalle y profundidad con cada trazo<\/li>\n<li class=\"whitespace-normal break-words ai-optimize-32\">Cambia entre colores texturizados o planos suaves para obtener resultados personalizados<\/li>\n<li class=\"whitespace-normal break-words ai-optimize-33\">Modo de colorear libre donde eliges tus propios colores y expresas creatividad<\/li>\n<li class=\"whitespace-normal break-words ai-optimize-34\">Experiencia de pintura relajante llena de placer y belleza<\/li>\n<\/ul>\n<p>&nbsp;<\/p>\n<p class=\"whitespace-normal break-words ai-optimize-35\">Creas mezclas de colores suaves y toques detallados mientras te sientes relajado.<\/p>\n","protected":false},"excerpt":{"rendered":"<p>Con Art By Numbers 64, puedes entrar en un reino sereno de creatividad donde la elegancia cobra vida con cada pincelada.<\/p>\n","protected":false},"author":16,"featured_media":140462,"comment_status":"open","ping_status":"closed","template":"","meta":{"_acf_changed":false,"inline_featured_image":false},"product_brand":[],"product_cat":[184],"product_tag":[232,288],"class_list":{"0":"post-140649","1":"product","2":"type-product","3":"status-publish","4":"has-post-thumbnail","6":"product_cat-paint-by-numbers-series-es","7":"product_tag-art-by-numbers-series-es","8":"product_tag-play-on-pc-es","10":"first","11":"instock","12":"shipping-taxable","13":"purchasable","14":"product-type-simple"},"acf":[],"yoast_head":"<!-- This site is optimized with the Yoast SEO Premium plugin v25.2 (Yoast SEO v25.2) - https:\/\/yoast.com\/wordpress\/plugins\/seo\/ -->\n<title>Arte Moderno 63: Pintar obras maestras por n\u00fameros<\/title>\n<meta name=\"description\" content=\"Con Art By Numbers 64, puedes entrar en un reino sereno de creatividad donde la elegancia cobra vida con cada pincelada.\" \/>\n<meta name=\"robots\" content=\"index, follow, max-snippet:-1, max-image-preview:large, max-video-preview:-1\" \/>\n<link rel=\"canonical\" href=\"https:\/\/www.iplay.com\/es\/games\/art-by-numbers-64\/\" \/>\n<meta property=\"og:locale\" content=\"es_ES\" \/>\n<meta property=\"og:type\" content=\"article\" \/>\n<meta property=\"og:title\" content=\"Art By Numbers 64\" \/>\n<meta property=\"og:description\" content=\"Con Art By Numbers 64, puedes entrar en un reino sereno de creatividad donde la elegancia cobra vida con cada pincelada.\" \/>\n<meta property=\"og:url\" content=\"https:\/\/www.iplay.com\/es\/games\/art-by-numbers-64\/\" \/>\n<meta property=\"og:site_name\" content=\"IPlay\" \/>\n<meta property=\"og:image\" content=\"https:\/\/www.iplay.com\/wp-content\/uploads\/2025\/07\/art_by_numbers_64_large_square_tile_image.webp\" \/>\n\t<meta property=\"og:image:width\" content=\"310\" \/>\n\t<meta property=\"og:image:height\" content=\"310\" \/>\n\t<meta property=\"og:image:type\" content=\"image\/webp\" \/>\n<meta name=\"twitter:card\" content=\"summary_large_image\" \/>\n<meta name=\"twitter:label1\" content=\"Est. reading time\" \/>\n\t<meta name=\"twitter:data1\" content=\"1 minuto\" \/>\n<script type=\"application\/ld+json\" class=\"yoast-schema-graph\">{\"@context\":\"https:\/\/schema.org\",\"@graph\":[{\"@type\":\"WebPage\",\"@id\":\"https:\/\/www.iplay.com\/es\/games\/art-by-numbers-64\/\",\"url\":\"https:\/\/www.iplay.com\/es\/games\/art-by-numbers-64\/\",\"name\":\"Arte Moderno 63: Pintar obras maestras por n\u00fameros\",\"isPartOf\":{\"@id\":\"https:\/\/www.iplay.com\/en\/#website\"},\"primaryImageOfPage\":{\"@id\":\"https:\/\/www.iplay.com\/es\/games\/art-by-numbers-64\/#primaryimage\"},\"image\":{\"@id\":\"https:\/\/www.iplay.com\/es\/games\/art-by-numbers-64\/#primaryimage\"},\"thumbnailUrl\":\"https:\/\/www.iplay.com\/wp-content\/uploads\/2025\/07\/art_by_numbers_64_large_square_tile_image.webp\",\"datePublished\":\"2025-07-11T11:30:42+00:00\",\"description\":\"Con Art By Numbers 64, puedes entrar en un reino sereno de creatividad donde la elegancia cobra vida con cada pincelada.\",\"breadcrumb\":{\"@id\":\"https:\/\/www.iplay.com\/es\/games\/art-by-numbers-64\/#breadcrumb\"},\"inLanguage\":\"es\",\"potentialAction\":[{\"@type\":\"ReadAction\",\"target\":[\"https:\/\/www.iplay.com\/es\/games\/art-by-numbers-64\/\"]}]},{\"@type\":\"ImageObject\",\"inLanguage\":\"es\",\"@id\":\"https:\/\/www.iplay.com\/es\/games\/art-by-numbers-64\/#primaryimage\",\"url\":\"https:\/\/www.iplay.com\/wp-content\/uploads\/2025\/07\/art_by_numbers_64_large_square_tile_image.webp\",\"contentUrl\":\"https:\/\/www.iplay.com\/wp-content\/uploads\/2025\/07\/art_by_numbers_64_large_square_tile_image.webp\",\"width\":310,\"height\":310},{\"@type\":\"BreadcrumbList\",\"@id\":\"https:\/\/www.iplay.com\/es\/games\/art-by-numbers-64\/#breadcrumb\",\"itemListElement\":[{\"@type\":\"ListItem\",\"position\":1,\"name\":\"Home\",\"item\":\"https:\/\/www.iplay.com\/es\/home-page-2\/\"},{\"@type\":\"ListItem\",\"position\":2,\"name\":\"Shop\",\"item\":\"https:\/\/www.iplay.com\/en\/shop\/\"},{\"@type\":\"ListItem\",\"position\":3,\"name\":\"Art By Numbers 64\"}]},{\"@type\":\"WebSite\",\"@id\":\"https:\/\/www.iplay.com\/en\/#website\",\"url\":\"https:\/\/www.iplay.com\/en\/\",\"name\":\"IPlay\",\"description\":\"The Best Casual Games!\",\"publisher\":{\"@id\":\"https:\/\/www.iplay.com\/en\/#organization\"},\"potentialAction\":[{\"@type\":\"SearchAction\",\"target\":{\"@type\":\"EntryPoint\",\"urlTemplate\":\"https:\/\/www.iplay.com\/en\/?s={search_term_string}\"},\"query-input\":{\"@type\":\"PropertyValueSpecification\",\"valueRequired\":true,\"valueName\":\"search_term_string\"}}],\"inLanguage\":\"es\"},{\"@type\":\"Organization\",\"@id\":\"https:\/\/www.iplay.com\/en\/#organization\",\"name\":\"IPlay\",\"url\":\"https:\/\/www.iplay.com\/en\/\",\"logo\":{\"@type\":\"ImageObject\",\"inLanguage\":\"es\",\"@id\":\"https:\/\/www.iplay.com\/en\/#\/schema\/logo\/image\/\",\"url\":\"https:\/\/www.iplay.com\/wp-content\/uploads\/2023\/11\/Group-6100.svg\",\"contentUrl\":\"https:\/\/www.iplay.com\/wp-content\/uploads\/2023\/11\/Group-6100.svg\",\"width\":98,\"height\":25,\"caption\":\"IPlay\"},\"image\":{\"@id\":\"https:\/\/www.iplay.com\/en\/#\/schema\/logo\/image\/\"}}]}<\/script>\n<!-- \/ Yoast SEO Premium plugin. -->","yoast_head_json":{"title":"Arte Moderno 63: Pintar obras maestras por n\u00fameros","description":"Con Art By Numbers 64, puedes entrar en un reino sereno de creatividad donde la elegancia cobra vida con cada pincelada.","robots":{"index":"index","follow":"follow","max-snippet":"max-snippet:-1","max-image-preview":"max-image-preview:large","max-video-preview":"max-video-preview:-1"},"canonical":"https:\/\/www.iplay.com\/es\/games\/art-by-numbers-64\/","og_locale":"es_ES","og_type":"article","og_title":"Art By Numbers 64","og_description":"Con Art By Numbers 64, puedes entrar en un reino sereno de creatividad donde la elegancia cobra vida con cada pincelada.","og_url":"https:\/\/www.iplay.com\/es\/games\/art-by-numbers-64\/","og_site_name":"IPlay","og_image":[{"width":310,"height":310,"url":"https:\/\/www.iplay.com\/wp-content\/uploads\/2025\/07\/art_by_numbers_64_large_square_tile_image.webp","type":"image\/webp"}],"twitter_card":"summary_large_image","twitter_misc":{"Est. reading time":"1 minuto"},"schema":{"@context":"https:\/\/schema.org","@graph":[{"@type":"WebPage","@id":"https:\/\/www.iplay.com\/es\/games\/art-by-numbers-64\/","url":"https:\/\/www.iplay.com\/es\/games\/art-by-numbers-64\/","name":"Arte Moderno 63: Pintar obras maestras por n\u00fameros","isPartOf":{"@id":"https:\/\/www.iplay.com\/en\/#website"},"primaryImageOfPage":{"@id":"https:\/\/www.iplay.com\/es\/games\/art-by-numbers-64\/#primaryimage"},"image":{"@id":"https:\/\/www.iplay.com\/es\/games\/art-by-numbers-64\/#primaryimage"},"thumbnailUrl":"https:\/\/www.iplay.com\/wp-content\/uploads\/2025\/07\/art_by_numbers_64_large_square_tile_image.webp","datePublished":"2025-07-11T11:30:42+00:00","description":"Con Art By Numbers 64, puedes entrar en un reino sereno de creatividad donde la elegancia cobra vida con cada pincelada.","breadcrumb":{"@id":"https:\/\/www.iplay.com\/es\/games\/art-by-numbers-64\/#breadcrumb"},"inLanguage":"es","potentialAction":[{"@type":"ReadAction","target":["https:\/\/www.iplay.com\/es\/games\/art-by-numbers-64\/"]}]},{"@type":"ImageObject","inLanguage":"es","@id":"https:\/\/www.iplay.com\/es\/games\/art-by-numbers-64\/#primaryimage","url":"https:\/\/www.iplay.com\/wp-content\/uploads\/2025\/07\/art_by_numbers_64_large_square_tile_image.webp","contentUrl":"https:\/\/www.iplay.com\/wp-content\/uploads\/2025\/07\/art_by_numbers_64_large_square_tile_image.webp","width":310,"height":310},{"@type":"BreadcrumbList","@id":"https:\/\/www.iplay.com\/es\/games\/art-by-numbers-64\/#breadcrumb","itemListElement":[{"@type":"ListItem","position":1,"name":"Home","item":"https:\/\/www.iplay.com\/es\/home-page-2\/"},{"@type":"ListItem","position":2,"name":"Shop","item":"https:\/\/www.iplay.com\/en\/shop\/"},{"@type":"ListItem","position":3,"name":"Art By Numbers 64"}]},{"@type":"WebSite","@id":"https:\/\/www.iplay.com\/en\/#website","url":"https:\/\/www.iplay.com\/en\/","name":"IPlay","description":"The Best Casual Games!","publisher":{"@id":"https:\/\/www.iplay.com\/en\/#organization"},"potentialAction":[{"@type":"SearchAction","target":{"@type":"EntryPoint","urlTemplate":"https:\/\/www.iplay.com\/en\/?s={search_term_string}"},"query-input":{"@type":"PropertyValueSpecification","valueRequired":true,"valueName":"search_term_string"}}],"inLanguage":"es"},{"@type":"Organization","@id":"https:\/\/www.iplay.com\/en\/#organization","name":"IPlay","url":"https:\/\/www.iplay.com\/en\/","logo":{"@type":"ImageObject","inLanguage":"es","@id":"https:\/\/www.iplay.com\/en\/#\/schema\/logo\/image\/","url":"https:\/\/www.iplay.com\/wp-content\/uploads\/2023\/11\/Group-6100.svg","contentUrl":"https:\/\/www.iplay.com\/wp-content\/uploads\/2023\/11\/Group-6100.svg","width":98,"height":25,"caption":"IPlay"},"image":{"@id":"https:\/\/www.iplay.com\/en\/#\/schema\/logo\/image\/"}}]}},"_links":{"self":[{"href":"https:\/\/www.iplay.com\/es\/wp-json\/wp\/v2\/product\/140649","targetHints":{"allow":["GET"]}}],"collection":[{"href":"https:\/\/www.iplay.com\/es\/wp-json\/wp\/v2\/product"}],"about":[{"href":"https:\/\/www.iplay.com\/es\/wp-json\/wp\/v2\/types\/product"}],"author":[{"embeddable":true,"href":"https:\/\/www.iplay.com\/es\/wp-json\/wp\/v2\/users\/16"}],"replies":[{"embeddable":true,"href":"https:\/\/www.iplay.com\/es\/wp-json\/wp\/v2\/comments?post=140649"}],"wp:featuredmedia":[{"embeddable":true,"href":"https:\/\/www.iplay.com\/es\/wp-json\/wp\/v2\/media\/140462"}],"wp:attachment":[{"href":"https:\/\/www.iplay.com\/es\/wp-json\/wp\/v2\/media?parent=140649"}],"wp:term":[{"taxonomy":"product_brand","embeddable":true,"href":"https:\/\/www.iplay.com\/es\/wp-json\/wp\/v2\/product_brand?post=140649"},{"taxonomy":"product_cat","embeddable":true,"href":"https:\/\/www.iplay.com\/es\/wp-json\/wp\/v2\/product_cat?post=140649"},{"taxonomy":"product_tag","embeddable":true,"href":"https:\/\/www.iplay.com\/es\/wp-json\/wp\/v2\/product_tag?post=140649"}],"curies":[{"name":"wp","href":"https:\/\/api.w.org\/{rel}","templated":true}]}}