{"id":140623,"date":"2025-07-16T09:30:02","date_gmt":"2025-07-16T09:30:02","guid":{"rendered":"https:\/\/www.iplay.com\/games\/jigsaw-world-3\/"},"modified":"2025-07-16T09:30:02","modified_gmt":"2025-07-16T09:30:02","slug":"jigsaw-world-3","status":"publish","type":"product","link":"https:\/\/www.iplay.com\/es\/games\/jigsaw-world-3\/","title":{"rendered":"Jigsaw World 3"},"content":{"rendered":"<p class=\"whitespace-normal break-words ai-optimize-29 ai-optimize-introduction\">Entras en el mundo de Jigsaw World 3, donde la relajaci\u00f3n se encuentra con el desaf\u00edo. Desbloqueas momentos de asombro con cada rompecabezas que completas. Eliges entre diferentes modos de rompecabezas que coincidan con tu estilo.  <\/p>\n<p class=\"whitespace-normal break-words ai-optimize-30\">Puedes jugar a los cl\u00e1sicos cortes de rompecabezas o probar la rotaci\u00f3n din\u00e1mica de fichas y dividir las fichas. Juntas hermosas im\u00e1genes fijas o videoclips animados. Los clips en movimiento a\u00f1aden nueva emoci\u00f3n a tu experiencia de rompecabezas.  <\/p>\n<p class=\"whitespace-normal break-words ai-optimize-31\">Obtienes 96 impresionantes im\u00e1genes que van desde la naturaleza pac\u00edfica hasta patrones cautivadores. Juegas a tu propio ritmo con configuraciones que funcionan para todos los niveles de habilidad. Ejercitas tu cerebro mientras sientes alivio del estr\u00e9s.  <\/p>\n<p class=\"ai-optimize-37\"><strong>Funciones<\/strong><\/p>\n<ul class=\"[&amp;:not(:last-child)_ul]:pb-1 [&amp;:not(:last-child)_ol]:pb-1 list-disc space-y-1.5 pl-7\">\n<li class=\"whitespace-normal break-words ai-optimize-32\">Cuatro modos de rompecabezas \u00fanicos: Rompecabezas cl\u00e1sico, Intercambio de fichas, Fichas divididas y Rotaci\u00f3n de fichas<\/li>\n<li class=\"whitespace-normal break-words ai-optimize-33\">96 im\u00e1genes cuidadosamente seleccionadas y videos animados que mantienen los desaf\u00edos frescos<\/li>\n<li class=\"whitespace-normal break-words ai-optimize-34\">Configuraciones flexibles que te permiten jugar a tu propio ritmo para todos los niveles de habilidad<\/li>\n<li class=\"whitespace-normal break-words ai-optimize-35\">Juego divertido y f\u00e1cil que funciona para todas las edades<\/li>\n<li class=\"whitespace-normal break-words ai-optimize-36\">Experiencia relajante que te ayuda a relajarte y agudizar tu concentraci\u00f3n<\/li>\n<\/ul>\n","protected":false},"excerpt":{"rendered":"<p>\u00a1En Jigsaw World 3, puedes poner a prueba tu cerebro resolviendo acertijos compuestos por im\u00e1genes y videos animados!<\/p>\n","protected":false},"author":21,"featured_media":140519,"comment_status":"open","ping_status":"closed","template":"","meta":{"_acf_changed":false,"inline_featured_image":false},"product_brand":[],"product_cat":[170,192],"product_tag":[288],"class_list":{"0":"post-140623","1":"product","2":"type-product","3":"status-publish","4":"has-post-thumbnail","6":"product_cat-jigsaw-es","7":"product_cat-puzzle-es","8":"product_tag-play-on-pc-es","10":"first","11":"instock","12":"shipping-taxable","13":"purchasable","14":"product-type-simple"},"acf":[],"yoast_head":"<!-- This site is optimized with the Yoast SEO Premium plugin v25.2 (Yoast SEO v25.2) - https:\/\/yoast.com\/wordpress\/plugins\/seo\/ -->\n<title>Jigsaw World 3: Rompecabezas con im\u00e1genes y clips de video<\/title>\n<meta name=\"description\" content=\"\u00a1En Jigsaw World 3, puedes poner a prueba tu cerebro resolviendo acertijos compuestos por im\u00e1genes y videos animados!\" \/>\n<meta name=\"robots\" content=\"index, follow, max-snippet:-1, max-image-preview:large, max-video-preview:-1\" \/>\n<link rel=\"canonical\" href=\"https:\/\/www.iplay.com\/es\/games\/jigsaw-world-3\/\" \/>\n<meta property=\"og:locale\" content=\"es_ES\" \/>\n<meta property=\"og:type\" content=\"article\" \/>\n<meta property=\"og:title\" content=\"Jigsaw World 3\" \/>\n<meta property=\"og:description\" content=\"\u00a1En Jigsaw World 3, puedes poner a prueba tu cerebro resolviendo acertijos compuestos por im\u00e1genes y videos animados!\" \/>\n<meta property=\"og:url\" content=\"https:\/\/www.iplay.com\/es\/games\/jigsaw-world-3\/\" \/>\n<meta property=\"og:site_name\" content=\"IPlay\" \/>\n<meta property=\"og:image\" content=\"https:\/\/www.iplay.com\/wp-content\/uploads\/2025\/07\/jigsaw_world_3_large_square_tile_image.webp\" \/>\n\t<meta property=\"og:image:width\" content=\"310\" \/>\n\t<meta property=\"og:image:height\" content=\"310\" \/>\n\t<meta property=\"og:image:type\" content=\"image\/webp\" \/>\n<meta name=\"twitter:card\" content=\"summary_large_image\" \/>\n<meta name=\"twitter:label1\" content=\"Est. reading time\" \/>\n\t<meta name=\"twitter:data1\" content=\"1 minuto\" \/>\n<script type=\"application\/ld+json\" class=\"yoast-schema-graph\">{\"@context\":\"https:\/\/schema.org\",\"@graph\":[{\"@type\":\"WebPage\",\"@id\":\"https:\/\/www.iplay.com\/es\/games\/jigsaw-world-3\/\",\"url\":\"https:\/\/www.iplay.com\/es\/games\/jigsaw-world-3\/\",\"name\":\"Jigsaw World 3: Rompecabezas con im\u00e1genes y clips de video\",\"isPartOf\":{\"@id\":\"https:\/\/www.iplay.com\/en\/#website\"},\"primaryImageOfPage\":{\"@id\":\"https:\/\/www.iplay.com\/es\/games\/jigsaw-world-3\/#primaryimage\"},\"image\":{\"@id\":\"https:\/\/www.iplay.com\/es\/games\/jigsaw-world-3\/#primaryimage\"},\"thumbnailUrl\":\"https:\/\/www.iplay.com\/wp-content\/uploads\/2025\/07\/jigsaw_world_3_large_square_tile_image.webp\",\"datePublished\":\"2025-07-16T09:30:02+00:00\",\"description\":\"\u00a1En Jigsaw World 3, puedes poner a prueba tu cerebro resolviendo acertijos compuestos por im\u00e1genes y videos animados!\",\"breadcrumb\":{\"@id\":\"https:\/\/www.iplay.com\/es\/games\/jigsaw-world-3\/#breadcrumb\"},\"inLanguage\":\"es\",\"potentialAction\":[{\"@type\":\"ReadAction\",\"target\":[\"https:\/\/www.iplay.com\/es\/games\/jigsaw-world-3\/\"]}]},{\"@type\":\"ImageObject\",\"inLanguage\":\"es\",\"@id\":\"https:\/\/www.iplay.com\/es\/games\/jigsaw-world-3\/#primaryimage\",\"url\":\"https:\/\/www.iplay.com\/wp-content\/uploads\/2025\/07\/jigsaw_world_3_large_square_tile_image.webp\",\"contentUrl\":\"https:\/\/www.iplay.com\/wp-content\/uploads\/2025\/07\/jigsaw_world_3_large_square_tile_image.webp\",\"width\":310,\"height\":310},{\"@type\":\"BreadcrumbList\",\"@id\":\"https:\/\/www.iplay.com\/es\/games\/jigsaw-world-3\/#breadcrumb\",\"itemListElement\":[{\"@type\":\"ListItem\",\"position\":1,\"name\":\"Home\",\"item\":\"https:\/\/www.iplay.com\/es\/home-page-2\/\"},{\"@type\":\"ListItem\",\"position\":2,\"name\":\"Shop\",\"item\":\"https:\/\/www.iplay.com\/en\/shop\/\"},{\"@type\":\"ListItem\",\"position\":3,\"name\":\"Jigsaw World 3\"}]},{\"@type\":\"WebSite\",\"@id\":\"https:\/\/www.iplay.com\/en\/#website\",\"url\":\"https:\/\/www.iplay.com\/en\/\",\"name\":\"IPlay\",\"description\":\"The Best Casual Games!\",\"publisher\":{\"@id\":\"https:\/\/www.iplay.com\/en\/#organization\"},\"potentialAction\":[{\"@type\":\"SearchAction\",\"target\":{\"@type\":\"EntryPoint\",\"urlTemplate\":\"https:\/\/www.iplay.com\/en\/?s={search_term_string}\"},\"query-input\":{\"@type\":\"PropertyValueSpecification\",\"valueRequired\":true,\"valueName\":\"search_term_string\"}}],\"inLanguage\":\"es\"},{\"@type\":\"Organization\",\"@id\":\"https:\/\/www.iplay.com\/en\/#organization\",\"name\":\"IPlay\",\"url\":\"https:\/\/www.iplay.com\/en\/\",\"logo\":{\"@type\":\"ImageObject\",\"inLanguage\":\"es\",\"@id\":\"https:\/\/www.iplay.com\/en\/#\/schema\/logo\/image\/\",\"url\":\"https:\/\/www.iplay.com\/wp-content\/uploads\/2023\/11\/Group-6100.svg\",\"contentUrl\":\"https:\/\/www.iplay.com\/wp-content\/uploads\/2023\/11\/Group-6100.svg\",\"width\":98,\"height\":25,\"caption\":\"IPlay\"},\"image\":{\"@id\":\"https:\/\/www.iplay.com\/en\/#\/schema\/logo\/image\/\"}}]}<\/script>\n<!-- \/ Yoast SEO Premium plugin. -->","yoast_head_json":{"title":"Jigsaw World 3: Rompecabezas con im\u00e1genes y clips de video","description":"\u00a1En Jigsaw World 3, puedes poner a prueba tu cerebro resolviendo acertijos compuestos por im\u00e1genes y videos animados!","robots":{"index":"index","follow":"follow","max-snippet":"max-snippet:-1","max-image-preview":"max-image-preview:large","max-video-preview":"max-video-preview:-1"},"canonical":"https:\/\/www.iplay.com\/es\/games\/jigsaw-world-3\/","og_locale":"es_ES","og_type":"article","og_title":"Jigsaw World 3","og_description":"\u00a1En Jigsaw World 3, puedes poner a prueba tu cerebro resolviendo acertijos compuestos por im\u00e1genes y videos animados!","og_url":"https:\/\/www.iplay.com\/es\/games\/jigsaw-world-3\/","og_site_name":"IPlay","og_image":[{"width":310,"height":310,"url":"https:\/\/www.iplay.com\/wp-content\/uploads\/2025\/07\/jigsaw_world_3_large_square_tile_image.webp","type":"image\/webp"}],"twitter_card":"summary_large_image","twitter_misc":{"Est. reading time":"1 minuto"},"schema":{"@context":"https:\/\/schema.org","@graph":[{"@type":"WebPage","@id":"https:\/\/www.iplay.com\/es\/games\/jigsaw-world-3\/","url":"https:\/\/www.iplay.com\/es\/games\/jigsaw-world-3\/","name":"Jigsaw World 3: Rompecabezas con im\u00e1genes y clips de video","isPartOf":{"@id":"https:\/\/www.iplay.com\/en\/#website"},"primaryImageOfPage":{"@id":"https:\/\/www.iplay.com\/es\/games\/jigsaw-world-3\/#primaryimage"},"image":{"@id":"https:\/\/www.iplay.com\/es\/games\/jigsaw-world-3\/#primaryimage"},"thumbnailUrl":"https:\/\/www.iplay.com\/wp-content\/uploads\/2025\/07\/jigsaw_world_3_large_square_tile_image.webp","datePublished":"2025-07-16T09:30:02+00:00","description":"\u00a1En Jigsaw World 3, puedes poner a prueba tu cerebro resolviendo acertijos compuestos por im\u00e1genes y videos animados!","breadcrumb":{"@id":"https:\/\/www.iplay.com\/es\/games\/jigsaw-world-3\/#breadcrumb"},"inLanguage":"es","potentialAction":[{"@type":"ReadAction","target":["https:\/\/www.iplay.com\/es\/games\/jigsaw-world-3\/"]}]},{"@type":"ImageObject","inLanguage":"es","@id":"https:\/\/www.iplay.com\/es\/games\/jigsaw-world-3\/#primaryimage","url":"https:\/\/www.iplay.com\/wp-content\/uploads\/2025\/07\/jigsaw_world_3_large_square_tile_image.webp","contentUrl":"https:\/\/www.iplay.com\/wp-content\/uploads\/2025\/07\/jigsaw_world_3_large_square_tile_image.webp","width":310,"height":310},{"@type":"BreadcrumbList","@id":"https:\/\/www.iplay.com\/es\/games\/jigsaw-world-3\/#breadcrumb","itemListElement":[{"@type":"ListItem","position":1,"name":"Home","item":"https:\/\/www.iplay.com\/es\/home-page-2\/"},{"@type":"ListItem","position":2,"name":"Shop","item":"https:\/\/www.iplay.com\/en\/shop\/"},{"@type":"ListItem","position":3,"name":"Jigsaw World 3"}]},{"@type":"WebSite","@id":"https:\/\/www.iplay.com\/en\/#website","url":"https:\/\/www.iplay.com\/en\/","name":"IPlay","description":"The Best Casual Games!","publisher":{"@id":"https:\/\/www.iplay.com\/en\/#organization"},"potentialAction":[{"@type":"SearchAction","target":{"@type":"EntryPoint","urlTemplate":"https:\/\/www.iplay.com\/en\/?s={search_term_string}"},"query-input":{"@type":"PropertyValueSpecification","valueRequired":true,"valueName":"search_term_string"}}],"inLanguage":"es"},{"@type":"Organization","@id":"https:\/\/www.iplay.com\/en\/#organization","name":"IPlay","url":"https:\/\/www.iplay.com\/en\/","logo":{"@type":"ImageObject","inLanguage":"es","@id":"https:\/\/www.iplay.com\/en\/#\/schema\/logo\/image\/","url":"https:\/\/www.iplay.com\/wp-content\/uploads\/2023\/11\/Group-6100.svg","contentUrl":"https:\/\/www.iplay.com\/wp-content\/uploads\/2023\/11\/Group-6100.svg","width":98,"height":25,"caption":"IPlay"},"image":{"@id":"https:\/\/www.iplay.com\/en\/#\/schema\/logo\/image\/"}}]}},"_links":{"self":[{"href":"https:\/\/www.iplay.com\/es\/wp-json\/wp\/v2\/product\/140623","targetHints":{"allow":["GET"]}}],"collection":[{"href":"https:\/\/www.iplay.com\/es\/wp-json\/wp\/v2\/product"}],"about":[{"href":"https:\/\/www.iplay.com\/es\/wp-json\/wp\/v2\/types\/product"}],"author":[{"embeddable":true,"href":"https:\/\/www.iplay.com\/es\/wp-json\/wp\/v2\/users\/21"}],"replies":[{"embeddable":true,"href":"https:\/\/www.iplay.com\/es\/wp-json\/wp\/v2\/comments?post=140623"}],"wp:featuredmedia":[{"embeddable":true,"href":"https:\/\/www.iplay.com\/es\/wp-json\/wp\/v2\/media\/140519"}],"wp:attachment":[{"href":"https:\/\/www.iplay.com\/es\/wp-json\/wp\/v2\/media?parent=140623"}],"wp:term":[{"taxonomy":"product_brand","embeddable":true,"href":"https:\/\/www.iplay.com\/es\/wp-json\/wp\/v2\/product_brand?post=140623"},{"taxonomy":"product_cat","embeddable":true,"href":"https:\/\/www.iplay.com\/es\/wp-json\/wp\/v2\/product_cat?post=140623"},{"taxonomy":"product_tag","embeddable":true,"href":"https:\/\/www.iplay.com\/es\/wp-json\/wp\/v2\/product_tag?post=140623"}],"curies":[{"name":"wp","href":"https:\/\/api.w.org\/{rel}","templated":true}]}}