{"id":140416,"date":"2019-05-06T00:00:01","date_gmt":"2019-05-06T00:00:01","guid":{"rendered":"https:\/\/www.iplay.com\/games\/labyrinths-of-the-world-secrets-of-easter-island-collectors-edition\/"},"modified":"2019-05-06T00:00:01","modified_gmt":"2019-05-06T00:00:01","slug":"labyrinths-of-the-world-secrets-of-easter-island-collectors-edition","status":"publish","type":"product","link":"https:\/\/www.iplay.com\/es\/games\/labyrinths-of-the-world-secrets-of-easter-island-collectors-edition\/","title":{"rendered":"Labyrinths of the World: Secrets of Easter Island Collector&#8217;s Edition"},"content":{"rendered":"<p>\u00a1Disfruta del lanzamiento m\u00e1s reciente de la serie <em>Laberintos del Mundo<\/em> ! Has ganado un viaje como agradecimiento del MI6 por salvar el planeta. Cuando un dios antiguo y sus estatuas de piedra asaltan tu mundo, lo que comienza como una huida pac\u00edfica se convierte r\u00e1pidamente en desastroso. \u00bfPuedes detener el da\u00f1o antes de que sea demasiado tarde? \u00a1En este emocionante viaje de rompecabezas de objetos ocultos, desc\u00fabrelo!    <\/p>\n<p>&nbsp;<\/p>\n<p>&nbsp;<\/p>\n<p><strong>Funciones:<\/strong><\/p>\n<p>&nbsp;<\/p>\n<p>&#8211; \u00a1Conquista al mal\u00e9volo hermano de Atakhtar en el cap\u00edtulo extra!<br \/>\n&#8211; Re\u00fane reliquias interesantes, animales cambiantes y figuritas.<br \/>\n&#8211; Consigue logros y vuelve a jugar a minijuegos y puzles de objetos ocultos.<br \/>\n&#8211; Recoge flores de cristal y util\u00edzalas para decorar la residencia en el jard\u00edn.<br \/>\n&#8211; \u00a1Aprecia los v\u00eddeos, la m\u00fasica, el arte conceptual y los fondos de pantalla!<\/p>\n","protected":false},"excerpt":{"rendered":"<p>Estas no son las t\u00edpicas vacaciones. Leer m\u00e1s sobre Isla de Pascua CE en Laberintos del Mundo: Secretos de la Isla <\/p>\n","protected":false},"author":17,"featured_media":93751,"comment_status":"open","ping_status":"closed","template":"","meta":{"_acf_changed":false,"inline_featured_image":false},"product_brand":[],"product_cat":[166],"product_tag":[288],"class_list":{"0":"post-140416","1":"product","2":"type-product","3":"status-publish","4":"has-post-thumbnail","6":"product_cat-hidden-object-es","7":"product_tag-play-on-pc-es","9":"first","10":"instock","11":"shipping-taxable","12":"purchasable","13":"product-type-simple"},"acf":[],"yoast_head":"<!-- This site is optimized with the Yoast SEO Premium plugin v25.2 (Yoast SEO v25.2) - https:\/\/yoast.com\/wordpress\/plugins\/seo\/ -->\n<title>Laberintos del Mundo: Secretos de la Isla de Pascua Edici\u00f3n Coleccionista - Es hora de descubrir los secretos de la Isla de Pascua<\/title>\n<meta name=\"description\" content=\"Estas no son las t\u00edpicas vacaciones. Leer m\u00e1s sobre Isla de Pascua CE en Laberintos del Mundo: Secretos de la Isla\" \/>\n<meta name=\"robots\" content=\"index, follow, max-snippet:-1, max-image-preview:large, max-video-preview:-1\" \/>\n<link rel=\"canonical\" href=\"https:\/\/www.iplay.com\/es\/games\/labyrinths-of-the-world-secrets-of-easter-island-collectors-edition\/\" \/>\n<meta property=\"og:locale\" content=\"es_ES\" \/>\n<meta property=\"og:type\" content=\"article\" \/>\n<meta property=\"og:title\" content=\"Labyrinths of the World: Secrets of Easter Island Collector&#039;s Edition\" \/>\n<meta property=\"og:description\" content=\"Estas no son las t\u00edpicas vacaciones. Leer m\u00e1s sobre Isla de Pascua CE en Laberintos del Mundo: Secretos de la Isla\" \/>\n<meta property=\"og:url\" content=\"https:\/\/www.iplay.com\/es\/games\/labyrinths-of-the-world-secrets-of-easter-island-collectors-edition\/\" \/>\n<meta property=\"og:site_name\" content=\"IPlay\" \/>\n<meta property=\"og:image\" content=\"https:\/\/www.iplay.com\/wp-content\/uploads\/2023\/12\/large_square_tile_image-3376.jpg\" \/>\n\t<meta property=\"og:image:width\" content=\"310\" \/>\n\t<meta property=\"og:image:height\" content=\"310\" \/>\n\t<meta property=\"og:image:type\" content=\"image\/jpeg\" \/>\n<meta name=\"twitter:card\" content=\"summary_large_image\" \/>\n<meta name=\"twitter:label1\" content=\"Est. reading time\" \/>\n\t<meta name=\"twitter:data1\" content=\"1 minuto\" \/>\n<script type=\"application\/ld+json\" class=\"yoast-schema-graph\">{\"@context\":\"https:\/\/schema.org\",\"@graph\":[{\"@type\":\"WebPage\",\"@id\":\"https:\/\/www.iplay.com\/es\/games\/labyrinths-of-the-world-secrets-of-easter-island-collectors-edition\/\",\"url\":\"https:\/\/www.iplay.com\/es\/games\/labyrinths-of-the-world-secrets-of-easter-island-collectors-edition\/\",\"name\":\"Laberintos del Mundo: Secretos de la Isla de Pascua Edici\u00f3n Coleccionista - Es hora de descubrir los secretos de la Isla de Pascua\",\"isPartOf\":{\"@id\":\"https:\/\/www.iplay.com\/en\/#website\"},\"primaryImageOfPage\":{\"@id\":\"https:\/\/www.iplay.com\/es\/games\/labyrinths-of-the-world-secrets-of-easter-island-collectors-edition\/#primaryimage\"},\"image\":{\"@id\":\"https:\/\/www.iplay.com\/es\/games\/labyrinths-of-the-world-secrets-of-easter-island-collectors-edition\/#primaryimage\"},\"thumbnailUrl\":\"https:\/\/www.iplay.com\/wp-content\/uploads\/2023\/12\/large_square_tile_image-3376.jpg\",\"datePublished\":\"2019-05-06T00:00:01+00:00\",\"description\":\"Estas no son las t\u00edpicas vacaciones. Leer m\u00e1s sobre Isla de Pascua CE en Laberintos del Mundo: Secretos de la Isla\",\"breadcrumb\":{\"@id\":\"https:\/\/www.iplay.com\/es\/games\/labyrinths-of-the-world-secrets-of-easter-island-collectors-edition\/#breadcrumb\"},\"inLanguage\":\"es\",\"potentialAction\":[{\"@type\":\"ReadAction\",\"target\":[\"https:\/\/www.iplay.com\/es\/games\/labyrinths-of-the-world-secrets-of-easter-island-collectors-edition\/\"]}]},{\"@type\":\"ImageObject\",\"inLanguage\":\"es\",\"@id\":\"https:\/\/www.iplay.com\/es\/games\/labyrinths-of-the-world-secrets-of-easter-island-collectors-edition\/#primaryimage\",\"url\":\"https:\/\/www.iplay.com\/wp-content\/uploads\/2023\/12\/large_square_tile_image-3376.jpg\",\"contentUrl\":\"https:\/\/www.iplay.com\/wp-content\/uploads\/2023\/12\/large_square_tile_image-3376.jpg\",\"width\":310,\"height\":310},{\"@type\":\"BreadcrumbList\",\"@id\":\"https:\/\/www.iplay.com\/es\/games\/labyrinths-of-the-world-secrets-of-easter-island-collectors-edition\/#breadcrumb\",\"itemListElement\":[{\"@type\":\"ListItem\",\"position\":1,\"name\":\"Home\",\"item\":\"https:\/\/www.iplay.com\/es\/home-page-2\/\"},{\"@type\":\"ListItem\",\"position\":2,\"name\":\"Shop\",\"item\":\"https:\/\/www.iplay.com\/en\/shop\/\"},{\"@type\":\"ListItem\",\"position\":3,\"name\":\"Labyrinths of the World: Secrets of Easter Island Collector&#8217;s Edition\"}]},{\"@type\":\"WebSite\",\"@id\":\"https:\/\/www.iplay.com\/en\/#website\",\"url\":\"https:\/\/www.iplay.com\/en\/\",\"name\":\"IPlay\",\"description\":\"The Best Casual Games!\",\"publisher\":{\"@id\":\"https:\/\/www.iplay.com\/en\/#organization\"},\"potentialAction\":[{\"@type\":\"SearchAction\",\"target\":{\"@type\":\"EntryPoint\",\"urlTemplate\":\"https:\/\/www.iplay.com\/en\/?s={search_term_string}\"},\"query-input\":{\"@type\":\"PropertyValueSpecification\",\"valueRequired\":true,\"valueName\":\"search_term_string\"}}],\"inLanguage\":\"es\"},{\"@type\":\"Organization\",\"@id\":\"https:\/\/www.iplay.com\/en\/#organization\",\"name\":\"IPlay\",\"url\":\"https:\/\/www.iplay.com\/en\/\",\"logo\":{\"@type\":\"ImageObject\",\"inLanguage\":\"es\",\"@id\":\"https:\/\/www.iplay.com\/en\/#\/schema\/logo\/image\/\",\"url\":\"https:\/\/www.iplay.com\/wp-content\/uploads\/2023\/11\/Group-6100.svg\",\"contentUrl\":\"https:\/\/www.iplay.com\/wp-content\/uploads\/2023\/11\/Group-6100.svg\",\"width\":98,\"height\":25,\"caption\":\"IPlay\"},\"image\":{\"@id\":\"https:\/\/www.iplay.com\/en\/#\/schema\/logo\/image\/\"}}]}<\/script>\n<!-- \/ Yoast SEO Premium plugin. -->","yoast_head_json":{"title":"Laberintos del Mundo: Secretos de la Isla de Pascua Edici\u00f3n Coleccionista - Es hora de descubrir los secretos de la Isla de Pascua","description":"Estas no son las t\u00edpicas vacaciones. Leer m\u00e1s sobre Isla de Pascua CE en Laberintos del Mundo: Secretos de la Isla","robots":{"index":"index","follow":"follow","max-snippet":"max-snippet:-1","max-image-preview":"max-image-preview:large","max-video-preview":"max-video-preview:-1"},"canonical":"https:\/\/www.iplay.com\/es\/games\/labyrinths-of-the-world-secrets-of-easter-island-collectors-edition\/","og_locale":"es_ES","og_type":"article","og_title":"Labyrinths of the World: Secrets of Easter Island Collector's Edition","og_description":"Estas no son las t\u00edpicas vacaciones. Leer m\u00e1s sobre Isla de Pascua CE en Laberintos del Mundo: Secretos de la Isla","og_url":"https:\/\/www.iplay.com\/es\/games\/labyrinths-of-the-world-secrets-of-easter-island-collectors-edition\/","og_site_name":"IPlay","og_image":[{"width":310,"height":310,"url":"https:\/\/www.iplay.com\/wp-content\/uploads\/2023\/12\/large_square_tile_image-3376.jpg","type":"image\/jpeg"}],"twitter_card":"summary_large_image","twitter_misc":{"Est. reading time":"1 minuto"},"schema":{"@context":"https:\/\/schema.org","@graph":[{"@type":"WebPage","@id":"https:\/\/www.iplay.com\/es\/games\/labyrinths-of-the-world-secrets-of-easter-island-collectors-edition\/","url":"https:\/\/www.iplay.com\/es\/games\/labyrinths-of-the-world-secrets-of-easter-island-collectors-edition\/","name":"Laberintos del Mundo: Secretos de la Isla de Pascua Edici\u00f3n Coleccionista - Es hora de descubrir los secretos de la Isla de Pascua","isPartOf":{"@id":"https:\/\/www.iplay.com\/en\/#website"},"primaryImageOfPage":{"@id":"https:\/\/www.iplay.com\/es\/games\/labyrinths-of-the-world-secrets-of-easter-island-collectors-edition\/#primaryimage"},"image":{"@id":"https:\/\/www.iplay.com\/es\/games\/labyrinths-of-the-world-secrets-of-easter-island-collectors-edition\/#primaryimage"},"thumbnailUrl":"https:\/\/www.iplay.com\/wp-content\/uploads\/2023\/12\/large_square_tile_image-3376.jpg","datePublished":"2019-05-06T00:00:01+00:00","description":"Estas no son las t\u00edpicas vacaciones. Leer m\u00e1s sobre Isla de Pascua CE en Laberintos del Mundo: Secretos de la Isla","breadcrumb":{"@id":"https:\/\/www.iplay.com\/es\/games\/labyrinths-of-the-world-secrets-of-easter-island-collectors-edition\/#breadcrumb"},"inLanguage":"es","potentialAction":[{"@type":"ReadAction","target":["https:\/\/www.iplay.com\/es\/games\/labyrinths-of-the-world-secrets-of-easter-island-collectors-edition\/"]}]},{"@type":"ImageObject","inLanguage":"es","@id":"https:\/\/www.iplay.com\/es\/games\/labyrinths-of-the-world-secrets-of-easter-island-collectors-edition\/#primaryimage","url":"https:\/\/www.iplay.com\/wp-content\/uploads\/2023\/12\/large_square_tile_image-3376.jpg","contentUrl":"https:\/\/www.iplay.com\/wp-content\/uploads\/2023\/12\/large_square_tile_image-3376.jpg","width":310,"height":310},{"@type":"BreadcrumbList","@id":"https:\/\/www.iplay.com\/es\/games\/labyrinths-of-the-world-secrets-of-easter-island-collectors-edition\/#breadcrumb","itemListElement":[{"@type":"ListItem","position":1,"name":"Home","item":"https:\/\/www.iplay.com\/es\/home-page-2\/"},{"@type":"ListItem","position":2,"name":"Shop","item":"https:\/\/www.iplay.com\/en\/shop\/"},{"@type":"ListItem","position":3,"name":"Labyrinths of the World: Secrets of Easter Island Collector&#8217;s Edition"}]},{"@type":"WebSite","@id":"https:\/\/www.iplay.com\/en\/#website","url":"https:\/\/www.iplay.com\/en\/","name":"IPlay","description":"The Best Casual Games!","publisher":{"@id":"https:\/\/www.iplay.com\/en\/#organization"},"potentialAction":[{"@type":"SearchAction","target":{"@type":"EntryPoint","urlTemplate":"https:\/\/www.iplay.com\/en\/?s={search_term_string}"},"query-input":{"@type":"PropertyValueSpecification","valueRequired":true,"valueName":"search_term_string"}}],"inLanguage":"es"},{"@type":"Organization","@id":"https:\/\/www.iplay.com\/en\/#organization","name":"IPlay","url":"https:\/\/www.iplay.com\/en\/","logo":{"@type":"ImageObject","inLanguage":"es","@id":"https:\/\/www.iplay.com\/en\/#\/schema\/logo\/image\/","url":"https:\/\/www.iplay.com\/wp-content\/uploads\/2023\/11\/Group-6100.svg","contentUrl":"https:\/\/www.iplay.com\/wp-content\/uploads\/2023\/11\/Group-6100.svg","width":98,"height":25,"caption":"IPlay"},"image":{"@id":"https:\/\/www.iplay.com\/en\/#\/schema\/logo\/image\/"}}]}},"_links":{"self":[{"href":"https:\/\/www.iplay.com\/es\/wp-json\/wp\/v2\/product\/140416","targetHints":{"allow":["GET"]}}],"collection":[{"href":"https:\/\/www.iplay.com\/es\/wp-json\/wp\/v2\/product"}],"about":[{"href":"https:\/\/www.iplay.com\/es\/wp-json\/wp\/v2\/types\/product"}],"author":[{"embeddable":true,"href":"https:\/\/www.iplay.com\/es\/wp-json\/wp\/v2\/users\/17"}],"replies":[{"embeddable":true,"href":"https:\/\/www.iplay.com\/es\/wp-json\/wp\/v2\/comments?post=140416"}],"wp:featuredmedia":[{"embeddable":true,"href":"https:\/\/www.iplay.com\/es\/wp-json\/wp\/v2\/media\/93751"}],"wp:attachment":[{"href":"https:\/\/www.iplay.com\/es\/wp-json\/wp\/v2\/media?parent=140416"}],"wp:term":[{"taxonomy":"product_brand","embeddable":true,"href":"https:\/\/www.iplay.com\/es\/wp-json\/wp\/v2\/product_brand?post=140416"},{"taxonomy":"product_cat","embeddable":true,"href":"https:\/\/www.iplay.com\/es\/wp-json\/wp\/v2\/product_cat?post=140416"},{"taxonomy":"product_tag","embeddable":true,"href":"https:\/\/www.iplay.com\/es\/wp-json\/wp\/v2\/product_tag?post=140416"}],"curies":[{"name":"wp","href":"https:\/\/api.w.org\/{rel}","templated":true}]}}