{"id":140369,"date":"2019-04-20T00:00:00","date_gmt":"2019-04-20T00:00:00","guid":{"rendered":"https:\/\/www.iplay.com\/games\/the-curio-society-the-thief-of-life-collectors-edition\/"},"modified":"2019-04-20T00:00:00","modified_gmt":"2019-04-20T00:00:00","slug":"the-curio-society-the-thief-of-life-collectors-edition","status":"publish","type":"product","link":"https:\/\/www.iplay.com\/es\/games\/the-curio-society-the-thief-of-life-collectors-edition\/","title":{"rendered":"The Curio Society: The Thief of Life Collector&#8217;s Edition"},"content":{"rendered":"<p>\u00a1Aprecia el lanzamiento m\u00e1s reciente de la serie <em>The Curio Society<\/em> ! \u00a1Te han llamado para ayudar a la Sociedad de Curiosidades despu\u00e9s de que un viejo aliado se volviera contra ellos! Debes evitar que un cient\u00edfico loco desmantele la organizaci\u00f3n, pero no ser\u00e1 tan f\u00e1cil como parece. Mientras intentas preservar el globo y a tus dos amigos, \u00a1es un concurso de astucia! \u00bfPodr\u00eda detener al delincuente antes de que sea demasiado tarde? \u00a1En esta emocionante aventura de rompecabezas de objetos ocultos, desc\u00fabrelo! \u00a1En el cap\u00edtulo de bonificaci\u00f3n, resuelve un nuevo misterio!      <\/p>\n<p>&nbsp;<\/p>\n<p>&nbsp;<\/p>\n<p><strong>Funciones:<\/strong><\/p>\n<p>&nbsp;<\/p>\n<p>&#8211; Examina los valiosos consejos de estrategia.<br \/>\n&#8211; \u00a1Busca lugares geniales para encontrar inventos valiosos!<br \/>\n&#8211; Juega minijuegos y HOPs rejugables para perfeccionar tus habilidades.<br \/>\n&#8211; \u00a1Aprecia el arte conceptual, los fondos y m\u00e1s!<\/p>\n","protected":false},"excerpt":{"rendered":"<p>\u00a1La Sociedad de Curiosidades est\u00e1 siendo atacada por alguien! Descubre qui\u00e9n es El Ladr\u00f3n de la Vida CE en La Sociedad de Curiosidades. <\/p>\n","protected":false},"author":17,"featured_media":94039,"comment_status":"open","ping_status":"closed","template":"","meta":{"_acf_changed":false,"inline_featured_image":false},"product_brand":[],"product_cat":[166],"product_tag":[288],"class_list":{"0":"post-140369","1":"product","2":"type-product","3":"status-publish","4":"has-post-thumbnail","6":"product_cat-hidden-object-es","7":"product_tag-play-on-pc-es","9":"first","10":"instock","11":"shipping-taxable","12":"purchasable","13":"product-type-simple"},"acf":[],"yoast_head":"<!-- This site is optimized with the Yoast SEO Premium plugin v25.2 (Yoast SEO v25.2) - https:\/\/yoast.com\/wordpress\/plugins\/seo\/ -->\n<title>The Curio Society: The Thief of Life Collector&#039;s Edition - Investiga los ataques en The Curio Society: The Thief of Life CE<\/title>\n<meta name=\"description\" content=\"\u00a1La Sociedad de Curiosidades est\u00e1 siendo atacada por alguien! Descubre qui\u00e9n es El Ladr\u00f3n de la Vida CE en La Sociedad de Curiosidades.\" \/>\n<meta name=\"robots\" content=\"index, follow, max-snippet:-1, max-image-preview:large, max-video-preview:-1\" \/>\n<link rel=\"canonical\" href=\"https:\/\/www.iplay.com\/es\/games\/the-curio-society-the-thief-of-life-collectors-edition\/\" \/>\n<meta property=\"og:locale\" content=\"es_ES\" \/>\n<meta property=\"og:type\" content=\"article\" \/>\n<meta property=\"og:title\" content=\"The Curio Society: The Thief of Life Collector&#039;s Edition\" \/>\n<meta property=\"og:description\" content=\"\u00a1La Sociedad de Curiosidades est\u00e1 siendo atacada por alguien! Descubre qui\u00e9n es El Ladr\u00f3n de la Vida CE en La Sociedad de Curiosidades.\" \/>\n<meta property=\"og:url\" content=\"https:\/\/www.iplay.com\/es\/games\/the-curio-society-the-thief-of-life-collectors-edition\/\" \/>\n<meta property=\"og:site_name\" content=\"IPlay\" \/>\n<meta property=\"og:image\" content=\"https:\/\/www.iplay.com\/wp-content\/uploads\/2023\/12\/large_square_tile_image-3394.jpg\" \/>\n\t<meta property=\"og:image:width\" content=\"310\" \/>\n\t<meta property=\"og:image:height\" content=\"310\" \/>\n\t<meta property=\"og:image:type\" content=\"image\/jpeg\" \/>\n<meta name=\"twitter:card\" content=\"summary_large_image\" \/>\n<meta name=\"twitter:label1\" content=\"Est. reading time\" \/>\n\t<meta name=\"twitter:data1\" content=\"1 minuto\" \/>\n<script type=\"application\/ld+json\" class=\"yoast-schema-graph\">{\"@context\":\"https:\/\/schema.org\",\"@graph\":[{\"@type\":\"WebPage\",\"@id\":\"https:\/\/www.iplay.com\/es\/games\/the-curio-society-the-thief-of-life-collectors-edition\/\",\"url\":\"https:\/\/www.iplay.com\/es\/games\/the-curio-society-the-thief-of-life-collectors-edition\/\",\"name\":\"The Curio Society: The Thief of Life Collector's Edition - Investiga los ataques en The Curio Society: The Thief of Life CE\",\"isPartOf\":{\"@id\":\"https:\/\/www.iplay.com\/en\/#website\"},\"primaryImageOfPage\":{\"@id\":\"https:\/\/www.iplay.com\/es\/games\/the-curio-society-the-thief-of-life-collectors-edition\/#primaryimage\"},\"image\":{\"@id\":\"https:\/\/www.iplay.com\/es\/games\/the-curio-society-the-thief-of-life-collectors-edition\/#primaryimage\"},\"thumbnailUrl\":\"https:\/\/www.iplay.com\/wp-content\/uploads\/2023\/12\/large_square_tile_image-3394.jpg\",\"datePublished\":\"2019-04-20T00:00:00+00:00\",\"description\":\"\u00a1La Sociedad de Curiosidades est\u00e1 siendo atacada por alguien! Descubre qui\u00e9n es El Ladr\u00f3n de la Vida CE en La Sociedad de Curiosidades.\",\"breadcrumb\":{\"@id\":\"https:\/\/www.iplay.com\/es\/games\/the-curio-society-the-thief-of-life-collectors-edition\/#breadcrumb\"},\"inLanguage\":\"es\",\"potentialAction\":[{\"@type\":\"ReadAction\",\"target\":[\"https:\/\/www.iplay.com\/es\/games\/the-curio-society-the-thief-of-life-collectors-edition\/\"]}]},{\"@type\":\"ImageObject\",\"inLanguage\":\"es\",\"@id\":\"https:\/\/www.iplay.com\/es\/games\/the-curio-society-the-thief-of-life-collectors-edition\/#primaryimage\",\"url\":\"https:\/\/www.iplay.com\/wp-content\/uploads\/2023\/12\/large_square_tile_image-3394.jpg\",\"contentUrl\":\"https:\/\/www.iplay.com\/wp-content\/uploads\/2023\/12\/large_square_tile_image-3394.jpg\",\"width\":310,\"height\":310},{\"@type\":\"BreadcrumbList\",\"@id\":\"https:\/\/www.iplay.com\/es\/games\/the-curio-society-the-thief-of-life-collectors-edition\/#breadcrumb\",\"itemListElement\":[{\"@type\":\"ListItem\",\"position\":1,\"name\":\"Home\",\"item\":\"https:\/\/www.iplay.com\/es\/home-page-2\/\"},{\"@type\":\"ListItem\",\"position\":2,\"name\":\"Shop\",\"item\":\"https:\/\/www.iplay.com\/en\/shop\/\"},{\"@type\":\"ListItem\",\"position\":3,\"name\":\"The Curio Society: The Thief of Life Collector&#8217;s Edition\"}]},{\"@type\":\"WebSite\",\"@id\":\"https:\/\/www.iplay.com\/en\/#website\",\"url\":\"https:\/\/www.iplay.com\/en\/\",\"name\":\"IPlay\",\"description\":\"The Best Casual Games!\",\"publisher\":{\"@id\":\"https:\/\/www.iplay.com\/en\/#organization\"},\"potentialAction\":[{\"@type\":\"SearchAction\",\"target\":{\"@type\":\"EntryPoint\",\"urlTemplate\":\"https:\/\/www.iplay.com\/en\/?s={search_term_string}\"},\"query-input\":{\"@type\":\"PropertyValueSpecification\",\"valueRequired\":true,\"valueName\":\"search_term_string\"}}],\"inLanguage\":\"es\"},{\"@type\":\"Organization\",\"@id\":\"https:\/\/www.iplay.com\/en\/#organization\",\"name\":\"IPlay\",\"url\":\"https:\/\/www.iplay.com\/en\/\",\"logo\":{\"@type\":\"ImageObject\",\"inLanguage\":\"es\",\"@id\":\"https:\/\/www.iplay.com\/en\/#\/schema\/logo\/image\/\",\"url\":\"https:\/\/www.iplay.com\/wp-content\/uploads\/2023\/11\/Group-6100.svg\",\"contentUrl\":\"https:\/\/www.iplay.com\/wp-content\/uploads\/2023\/11\/Group-6100.svg\",\"width\":98,\"height\":25,\"caption\":\"IPlay\"},\"image\":{\"@id\":\"https:\/\/www.iplay.com\/en\/#\/schema\/logo\/image\/\"}}]}<\/script>\n<!-- \/ Yoast SEO Premium plugin. -->","yoast_head_json":{"title":"The Curio Society: The Thief of Life Collector's Edition - Investiga los ataques en The Curio Society: The Thief of Life CE","description":"\u00a1La Sociedad de Curiosidades est\u00e1 siendo atacada por alguien! Descubre qui\u00e9n es El Ladr\u00f3n de la Vida CE en La Sociedad de Curiosidades.","robots":{"index":"index","follow":"follow","max-snippet":"max-snippet:-1","max-image-preview":"max-image-preview:large","max-video-preview":"max-video-preview:-1"},"canonical":"https:\/\/www.iplay.com\/es\/games\/the-curio-society-the-thief-of-life-collectors-edition\/","og_locale":"es_ES","og_type":"article","og_title":"The Curio Society: The Thief of Life Collector's Edition","og_description":"\u00a1La Sociedad de Curiosidades est\u00e1 siendo atacada por alguien! Descubre qui\u00e9n es El Ladr\u00f3n de la Vida CE en La Sociedad de Curiosidades.","og_url":"https:\/\/www.iplay.com\/es\/games\/the-curio-society-the-thief-of-life-collectors-edition\/","og_site_name":"IPlay","og_image":[{"width":310,"height":310,"url":"https:\/\/www.iplay.com\/wp-content\/uploads\/2023\/12\/large_square_tile_image-3394.jpg","type":"image\/jpeg"}],"twitter_card":"summary_large_image","twitter_misc":{"Est. reading time":"1 minuto"},"schema":{"@context":"https:\/\/schema.org","@graph":[{"@type":"WebPage","@id":"https:\/\/www.iplay.com\/es\/games\/the-curio-society-the-thief-of-life-collectors-edition\/","url":"https:\/\/www.iplay.com\/es\/games\/the-curio-society-the-thief-of-life-collectors-edition\/","name":"The Curio Society: The Thief of Life Collector's Edition - Investiga los ataques en The Curio Society: The Thief of Life CE","isPartOf":{"@id":"https:\/\/www.iplay.com\/en\/#website"},"primaryImageOfPage":{"@id":"https:\/\/www.iplay.com\/es\/games\/the-curio-society-the-thief-of-life-collectors-edition\/#primaryimage"},"image":{"@id":"https:\/\/www.iplay.com\/es\/games\/the-curio-society-the-thief-of-life-collectors-edition\/#primaryimage"},"thumbnailUrl":"https:\/\/www.iplay.com\/wp-content\/uploads\/2023\/12\/large_square_tile_image-3394.jpg","datePublished":"2019-04-20T00:00:00+00:00","description":"\u00a1La Sociedad de Curiosidades est\u00e1 siendo atacada por alguien! Descubre qui\u00e9n es El Ladr\u00f3n de la Vida CE en La Sociedad de Curiosidades.","breadcrumb":{"@id":"https:\/\/www.iplay.com\/es\/games\/the-curio-society-the-thief-of-life-collectors-edition\/#breadcrumb"},"inLanguage":"es","potentialAction":[{"@type":"ReadAction","target":["https:\/\/www.iplay.com\/es\/games\/the-curio-society-the-thief-of-life-collectors-edition\/"]}]},{"@type":"ImageObject","inLanguage":"es","@id":"https:\/\/www.iplay.com\/es\/games\/the-curio-society-the-thief-of-life-collectors-edition\/#primaryimage","url":"https:\/\/www.iplay.com\/wp-content\/uploads\/2023\/12\/large_square_tile_image-3394.jpg","contentUrl":"https:\/\/www.iplay.com\/wp-content\/uploads\/2023\/12\/large_square_tile_image-3394.jpg","width":310,"height":310},{"@type":"BreadcrumbList","@id":"https:\/\/www.iplay.com\/es\/games\/the-curio-society-the-thief-of-life-collectors-edition\/#breadcrumb","itemListElement":[{"@type":"ListItem","position":1,"name":"Home","item":"https:\/\/www.iplay.com\/es\/home-page-2\/"},{"@type":"ListItem","position":2,"name":"Shop","item":"https:\/\/www.iplay.com\/en\/shop\/"},{"@type":"ListItem","position":3,"name":"The Curio Society: The Thief of Life Collector&#8217;s Edition"}]},{"@type":"WebSite","@id":"https:\/\/www.iplay.com\/en\/#website","url":"https:\/\/www.iplay.com\/en\/","name":"IPlay","description":"The Best Casual Games!","publisher":{"@id":"https:\/\/www.iplay.com\/en\/#organization"},"potentialAction":[{"@type":"SearchAction","target":{"@type":"EntryPoint","urlTemplate":"https:\/\/www.iplay.com\/en\/?s={search_term_string}"},"query-input":{"@type":"PropertyValueSpecification","valueRequired":true,"valueName":"search_term_string"}}],"inLanguage":"es"},{"@type":"Organization","@id":"https:\/\/www.iplay.com\/en\/#organization","name":"IPlay","url":"https:\/\/www.iplay.com\/en\/","logo":{"@type":"ImageObject","inLanguage":"es","@id":"https:\/\/www.iplay.com\/en\/#\/schema\/logo\/image\/","url":"https:\/\/www.iplay.com\/wp-content\/uploads\/2023\/11\/Group-6100.svg","contentUrl":"https:\/\/www.iplay.com\/wp-content\/uploads\/2023\/11\/Group-6100.svg","width":98,"height":25,"caption":"IPlay"},"image":{"@id":"https:\/\/www.iplay.com\/en\/#\/schema\/logo\/image\/"}}]}},"_links":{"self":[{"href":"https:\/\/www.iplay.com\/es\/wp-json\/wp\/v2\/product\/140369","targetHints":{"allow":["GET"]}}],"collection":[{"href":"https:\/\/www.iplay.com\/es\/wp-json\/wp\/v2\/product"}],"about":[{"href":"https:\/\/www.iplay.com\/es\/wp-json\/wp\/v2\/types\/product"}],"author":[{"embeddable":true,"href":"https:\/\/www.iplay.com\/es\/wp-json\/wp\/v2\/users\/17"}],"replies":[{"embeddable":true,"href":"https:\/\/www.iplay.com\/es\/wp-json\/wp\/v2\/comments?post=140369"}],"wp:featuredmedia":[{"embeddable":true,"href":"https:\/\/www.iplay.com\/es\/wp-json\/wp\/v2\/media\/94039"}],"wp:attachment":[{"href":"https:\/\/www.iplay.com\/es\/wp-json\/wp\/v2\/media?parent=140369"}],"wp:term":[{"taxonomy":"product_brand","embeddable":true,"href":"https:\/\/www.iplay.com\/es\/wp-json\/wp\/v2\/product_brand?post=140369"},{"taxonomy":"product_cat","embeddable":true,"href":"https:\/\/www.iplay.com\/es\/wp-json\/wp\/v2\/product_cat?post=140369"},{"taxonomy":"product_tag","embeddable":true,"href":"https:\/\/www.iplay.com\/es\/wp-json\/wp\/v2\/product_tag?post=140369"}],"curies":[{"name":"wp","href":"https:\/\/api.w.org\/{rel}","templated":true}]}}