{"id":140342,"date":"2025-07-11T08:30:20","date_gmt":"2025-07-11T08:30:20","guid":{"rendered":"https:\/\/www.iplay.com\/?post_type=product&p=140342"},"modified":"2025-07-11T08:30:20","modified_gmt":"2025-07-11T08:30:20","slug":"spellarium-12","status":"publish","type":"product","link":"https:\/\/www.iplay.com\/es\/games\/spellarium-12\/","title":{"rendered":"Spellarium 12"},"content":{"rendered":"<p class=\"whitespace-normal break-words ai-optimize-26 ai-optimize-introduction\">Ayudas a Eric a salvar el universo cuando todas las estrellas se oscurecen. El espacio se queda vac\u00edo y solo Eric puede devolver la luz. Usas la creatividad y la l\u00f3gica para restaurar las estrellas.  <\/p>\n<p class=\"whitespace-normal break-words ai-optimize-27\">Juegas 90 nuevos niveles de Match-3 con mejores mec\u00e1nicas de juego. Resuelves acertijos brillantes y desaf\u00edos espaciales que ponen a prueba tus habilidades. Tambi\u00e9n juegas a minijuegos como Solitario, Mahjong, Encuentra la diferencia y rompecabezas.  <\/p>\n<p class=\"whitespace-normal break-words ai-optimize-28\">Ayudas a Eric a construir una nueva ciudad m\u00e1gica para contener la luz de las estrellas. Cada edificio que creas desbloquea nuevos secretos y caracter\u00edsticas del juego. Completas acertijos y devuelves la vida a las estrellas.  <\/p>\n<p>&nbsp;<\/p>\n<p class=\"whitespace-normal break-words ai-optimize-29\"><strong>Funciones<\/strong><\/p>\n<ul class=\"[&amp;:not(:last-child)_ul]:pb-1 [&amp;:not(:last-child)_ol]:pb-1 list-disc space-y-1.5 pl-7\">\n<li class=\"whitespace-normal break-words ai-optimize-30\">90 nuevos niveles de Match-3 con mec\u00e1nicas mejoradas para un juego fresco y estrat\u00e9gico<\/li>\n<li class=\"whitespace-normal break-words ai-optimize-31\">Minijuegos que puedes omitir, incluidos Solitario, Mahjong, Jigsaw y m\u00e1s<\/li>\n<li class=\"whitespace-normal break-words ai-optimize-32\">Construye una ciudad espacial m\u00e1gica y restaura la armon\u00eda en el universo<\/li>\n<li class=\"whitespace-normal break-words ai-optimize-33\">Sigue una nueva historia llena de maravillas y desaf\u00edos inesperados<\/li>\n<li class=\"whitespace-normal break-words ai-optimize-34\">Mezcla la l\u00f3gica y la creatividad mientras completas puzles y recuperas las estrellas<\/li>\n<\/ul>\n<p>&nbsp;<\/p>\n<p class=\"whitespace-normal break-words ai-optimize-35\">T\u00fa decides si el universo recupera su luz a trav\u00e9s de tus habilidades para resolver acertijos.<\/p>\n","protected":false},"excerpt":{"rendered":"<p class=\"ai-optimize-25\">En Spellarium 12, mientras combinas, construyes y resuelves acertijos en un misterioso reino celestial, \u00a1devuelve la luz al vac\u00edo!<\/p>\n","protected":false},"author":40,"featured_media":140261,"comment_status":"open","ping_status":"closed","template":"","meta":{"_acf_changed":false,"inline_featured_image":false},"product_brand":[],"product_cat":[178,192],"product_tag":[288,310],"class_list":{"0":"post-140342","1":"product","2":"type-product","3":"status-publish","4":"has-post-thumbnail","6":"product_cat-match-3-es","7":"product_cat-puzzle-es","8":"product_tag-play-on-pc-es","9":"product_tag-spellarium-series-es","11":"first","12":"instock","13":"shipping-taxable","14":"purchasable","15":"product-type-simple"},"acf":[],"yoast_head":"<!-- This site is optimized with the Yoast SEO Premium plugin v25.2 (Yoast SEO v25.2) - https:\/\/yoast.com\/wordpress\/plugins\/seo\/ -->\n<title>Spellarium 12: Restore Light: Combina, construye y resuelve acertijos celestiales<\/title>\n<meta name=\"description\" content=\"En Spellarium 12, mientras combinas, construyes y resuelves acertijos en un misterioso reino celestial, \u00a1devuelve la luz al vac\u00edo!\" \/>\n<meta name=\"robots\" content=\"index, follow, max-snippet:-1, max-image-preview:large, max-video-preview:-1\" \/>\n<link rel=\"canonical\" href=\"https:\/\/www.iplay.com\/en\/games\/spellarium-12\/\" \/>\n<meta property=\"og:locale\" content=\"es_ES\" \/>\n<meta property=\"og:type\" content=\"article\" \/>\n<meta property=\"og:title\" content=\"Spellarium 12\" \/>\n<meta property=\"og:description\" content=\"En Spellarium 12, mientras combinas, construyes y resuelves acertijos en un misterioso reino celestial, \u00a1devuelve la luz al vac\u00edo!\" \/>\n<meta property=\"og:url\" content=\"https:\/\/www.iplay.com\/en\/games\/spellarium-12\/\" \/>\n<meta property=\"og:site_name\" content=\"IPlay\" \/>\n<meta property=\"og:image\" content=\"https:\/\/www.iplay.com\/wp-content\/uploads\/2025\/07\/spellarium_12_large_video_screenshot.webp\" \/>\n\t<meta property=\"og:image:width\" content=\"715\" \/>\n\t<meta property=\"og:image:height\" content=\"485\" \/>\n\t<meta property=\"og:image:type\" content=\"image\/webp\" \/>\n<meta name=\"twitter:card\" content=\"summary_large_image\" \/>\n<meta name=\"twitter:label1\" content=\"Est. reading time\" \/>\n\t<meta name=\"twitter:data1\" content=\"1 minuto\" \/>\n<script type=\"application\/ld+json\" class=\"yoast-schema-graph\">{\"@context\":\"https:\/\/schema.org\",\"@graph\":[{\"@type\":\"WebPage\",\"@id\":\"https:\/\/www.iplay.com\/en\/games\/spellarium-12\/\",\"url\":\"https:\/\/www.iplay.com\/en\/games\/spellarium-12\/\",\"name\":\"Spellarium 12: Restore Light: Combina, construye y resuelve acertijos celestiales\",\"isPartOf\":{\"@id\":\"https:\/\/www.iplay.com\/en\/#website\"},\"primaryImageOfPage\":{\"@id\":\"https:\/\/www.iplay.com\/en\/games\/spellarium-12\/#primaryimage\"},\"image\":{\"@id\":\"https:\/\/www.iplay.com\/en\/games\/spellarium-12\/#primaryimage\"},\"thumbnailUrl\":\"https:\/\/www.iplay.com\/wp-content\/uploads\/2025\/07\/spellarium_12_large_video_screenshot.webp\",\"datePublished\":\"2025-07-11T08:30:20+00:00\",\"description\":\"En Spellarium 12, mientras combinas, construyes y resuelves acertijos en un misterioso reino celestial, \u00a1devuelve la luz al vac\u00edo!\",\"breadcrumb\":{\"@id\":\"https:\/\/www.iplay.com\/en\/games\/spellarium-12\/#breadcrumb\"},\"inLanguage\":\"es\",\"potentialAction\":[{\"@type\":\"ReadAction\",\"target\":[\"https:\/\/www.iplay.com\/en\/games\/spellarium-12\/\"]}]},{\"@type\":\"ImageObject\",\"inLanguage\":\"es\",\"@id\":\"https:\/\/www.iplay.com\/en\/games\/spellarium-12\/#primaryimage\",\"url\":\"https:\/\/www.iplay.com\/wp-content\/uploads\/2025\/07\/spellarium_12_large_video_screenshot.webp\",\"contentUrl\":\"https:\/\/www.iplay.com\/wp-content\/uploads\/2025\/07\/spellarium_12_large_video_screenshot.webp\",\"width\":715,\"height\":485},{\"@type\":\"BreadcrumbList\",\"@id\":\"https:\/\/www.iplay.com\/en\/games\/spellarium-12\/#breadcrumb\",\"itemListElement\":[{\"@type\":\"ListItem\",\"position\":1,\"name\":\"Home\",\"item\":\"https:\/\/www.iplay.com\/es\/home-page-2\/\"},{\"@type\":\"ListItem\",\"position\":2,\"name\":\"Shop\",\"item\":\"https:\/\/www.iplay.com\/en\/shop\/\"},{\"@type\":\"ListItem\",\"position\":3,\"name\":\"Spellarium 12\"}]},{\"@type\":\"WebSite\",\"@id\":\"https:\/\/www.iplay.com\/en\/#website\",\"url\":\"https:\/\/www.iplay.com\/en\/\",\"name\":\"IPlay\",\"description\":\"The Best Casual Games!\",\"publisher\":{\"@id\":\"https:\/\/www.iplay.com\/en\/#organization\"},\"potentialAction\":[{\"@type\":\"SearchAction\",\"target\":{\"@type\":\"EntryPoint\",\"urlTemplate\":\"https:\/\/www.iplay.com\/en\/?s={search_term_string}\"},\"query-input\":{\"@type\":\"PropertyValueSpecification\",\"valueRequired\":true,\"valueName\":\"search_term_string\"}}],\"inLanguage\":\"es\"},{\"@type\":\"Organization\",\"@id\":\"https:\/\/www.iplay.com\/en\/#organization\",\"name\":\"IPlay\",\"url\":\"https:\/\/www.iplay.com\/en\/\",\"logo\":{\"@type\":\"ImageObject\",\"inLanguage\":\"es\",\"@id\":\"https:\/\/www.iplay.com\/en\/#\/schema\/logo\/image\/\",\"url\":\"https:\/\/www.iplay.com\/wp-content\/uploads\/2023\/11\/Group-6100.svg\",\"contentUrl\":\"https:\/\/www.iplay.com\/wp-content\/uploads\/2023\/11\/Group-6100.svg\",\"width\":98,\"height\":25,\"caption\":\"IPlay\"},\"image\":{\"@id\":\"https:\/\/www.iplay.com\/en\/#\/schema\/logo\/image\/\"}}]}<\/script>\n<!-- \/ Yoast SEO Premium plugin. -->","yoast_head_json":{"title":"Spellarium 12: Restore Light: Combina, construye y resuelve acertijos celestiales","description":"En Spellarium 12, mientras combinas, construyes y resuelves acertijos en un misterioso reino celestial, \u00a1devuelve la luz al vac\u00edo!","robots":{"index":"index","follow":"follow","max-snippet":"max-snippet:-1","max-image-preview":"max-image-preview:large","max-video-preview":"max-video-preview:-1"},"canonical":"https:\/\/www.iplay.com\/en\/games\/spellarium-12\/","og_locale":"es_ES","og_type":"article","og_title":"Spellarium 12","og_description":"En Spellarium 12, mientras combinas, construyes y resuelves acertijos en un misterioso reino celestial, \u00a1devuelve la luz al vac\u00edo!","og_url":"https:\/\/www.iplay.com\/en\/games\/spellarium-12\/","og_site_name":"IPlay","og_image":[{"width":715,"height":485,"url":"https:\/\/www.iplay.com\/wp-content\/uploads\/2025\/07\/spellarium_12_large_video_screenshot.webp","type":"image\/webp"}],"twitter_card":"summary_large_image","twitter_misc":{"Est. reading time":"1 minuto"},"schema":{"@context":"https:\/\/schema.org","@graph":[{"@type":"WebPage","@id":"https:\/\/www.iplay.com\/en\/games\/spellarium-12\/","url":"https:\/\/www.iplay.com\/en\/games\/spellarium-12\/","name":"Spellarium 12: Restore Light: Combina, construye y resuelve acertijos celestiales","isPartOf":{"@id":"https:\/\/www.iplay.com\/en\/#website"},"primaryImageOfPage":{"@id":"https:\/\/www.iplay.com\/en\/games\/spellarium-12\/#primaryimage"},"image":{"@id":"https:\/\/www.iplay.com\/en\/games\/spellarium-12\/#primaryimage"},"thumbnailUrl":"https:\/\/www.iplay.com\/wp-content\/uploads\/2025\/07\/spellarium_12_large_video_screenshot.webp","datePublished":"2025-07-11T08:30:20+00:00","description":"En Spellarium 12, mientras combinas, construyes y resuelves acertijos en un misterioso reino celestial, \u00a1devuelve la luz al vac\u00edo!","breadcrumb":{"@id":"https:\/\/www.iplay.com\/en\/games\/spellarium-12\/#breadcrumb"},"inLanguage":"es","potentialAction":[{"@type":"ReadAction","target":["https:\/\/www.iplay.com\/en\/games\/spellarium-12\/"]}]},{"@type":"ImageObject","inLanguage":"es","@id":"https:\/\/www.iplay.com\/en\/games\/spellarium-12\/#primaryimage","url":"https:\/\/www.iplay.com\/wp-content\/uploads\/2025\/07\/spellarium_12_large_video_screenshot.webp","contentUrl":"https:\/\/www.iplay.com\/wp-content\/uploads\/2025\/07\/spellarium_12_large_video_screenshot.webp","width":715,"height":485},{"@type":"BreadcrumbList","@id":"https:\/\/www.iplay.com\/en\/games\/spellarium-12\/#breadcrumb","itemListElement":[{"@type":"ListItem","position":1,"name":"Home","item":"https:\/\/www.iplay.com\/es\/home-page-2\/"},{"@type":"ListItem","position":2,"name":"Shop","item":"https:\/\/www.iplay.com\/en\/shop\/"},{"@type":"ListItem","position":3,"name":"Spellarium 12"}]},{"@type":"WebSite","@id":"https:\/\/www.iplay.com\/en\/#website","url":"https:\/\/www.iplay.com\/en\/","name":"IPlay","description":"The Best Casual Games!","publisher":{"@id":"https:\/\/www.iplay.com\/en\/#organization"},"potentialAction":[{"@type":"SearchAction","target":{"@type":"EntryPoint","urlTemplate":"https:\/\/www.iplay.com\/en\/?s={search_term_string}"},"query-input":{"@type":"PropertyValueSpecification","valueRequired":true,"valueName":"search_term_string"}}],"inLanguage":"es"},{"@type":"Organization","@id":"https:\/\/www.iplay.com\/en\/#organization","name":"IPlay","url":"https:\/\/www.iplay.com\/en\/","logo":{"@type":"ImageObject","inLanguage":"es","@id":"https:\/\/www.iplay.com\/en\/#\/schema\/logo\/image\/","url":"https:\/\/www.iplay.com\/wp-content\/uploads\/2023\/11\/Group-6100.svg","contentUrl":"https:\/\/www.iplay.com\/wp-content\/uploads\/2023\/11\/Group-6100.svg","width":98,"height":25,"caption":"IPlay"},"image":{"@id":"https:\/\/www.iplay.com\/en\/#\/schema\/logo\/image\/"}}]}},"_links":{"self":[{"href":"https:\/\/www.iplay.com\/es\/wp-json\/wp\/v2\/product\/140342","targetHints":{"allow":["GET"]}}],"collection":[{"href":"https:\/\/www.iplay.com\/es\/wp-json\/wp\/v2\/product"}],"about":[{"href":"https:\/\/www.iplay.com\/es\/wp-json\/wp\/v2\/types\/product"}],"author":[{"embeddable":true,"href":"https:\/\/www.iplay.com\/es\/wp-json\/wp\/v2\/users\/40"}],"replies":[{"embeddable":true,"href":"https:\/\/www.iplay.com\/es\/wp-json\/wp\/v2\/comments?post=140342"}],"wp:featuredmedia":[{"embeddable":true,"href":"https:\/\/www.iplay.com\/es\/wp-json\/wp\/v2\/media\/140261"}],"wp:attachment":[{"href":"https:\/\/www.iplay.com\/es\/wp-json\/wp\/v2\/media?parent=140342"}],"wp:term":[{"taxonomy":"product_brand","embeddable":true,"href":"https:\/\/www.iplay.com\/es\/wp-json\/wp\/v2\/product_brand?post=140342"},{"taxonomy":"product_cat","embeddable":true,"href":"https:\/\/www.iplay.com\/es\/wp-json\/wp\/v2\/product_cat?post=140342"},{"taxonomy":"product_tag","embeddable":true,"href":"https:\/\/www.iplay.com\/es\/wp-json\/wp\/v2\/product_tag?post=140342"}],"curies":[{"name":"wp","href":"https:\/\/api.w.org\/{rel}","templated":true}]}}