{"id":140325,"date":"2019-05-24T00:00:01","date_gmt":"2019-05-24T00:00:01","guid":{"rendered":"https:\/\/www.iplay.com\/games\/grim-tales-graywitch-collectors-edition\/"},"modified":"2019-05-24T00:00:01","modified_gmt":"2019-05-24T00:00:01","slug":"grim-tales-graywitch-collectors-edition","status":"publish","type":"product","link":"https:\/\/www.iplay.com\/es\/games\/grim-tales-graywitch-collectors-edition\/","title":{"rendered":"Grim Tales: Graywitch Collector&#8217;s Edition"},"content":{"rendered":"<p>\u00a1Disfruta de la \u00faltima entrega de la serie Grim Tales! \u00a1Tu prima fue transportada en el tiempo mientras investigaba la historia de su familia! Depende de ti viajar en el tiempo para encontrarla, pero no ser\u00e1 f\u00e1cil. Hay una criatura misteriosa suelta, y la historia de la ciudad est\u00e1 envuelta en misterio. \u00bfPuedes averiguar qui\u00e9n es el monstruo y salvar a tu amigo a tiempo? \u00a1Descubre la respuesta en esta emocionante aventura de rompecabezas de objetos ocultos! \u00a1En el cap\u00edtulo de bonificaci\u00f3n, puedes jugar como V\u00edctor y detener a un culto malvado!      <\/p>\n<p>&nbsp;<\/p>\n<p>&nbsp;<\/p>\n<p><strong>Funciones:<\/strong><\/p>\n<p>&nbsp;<\/p>\n<p>&#8211; Logra logros y descubre golosinas ocultas y cosas que se transforman.<\/p>\n<p>&#8211; \u00a1Desbloquea la habitaci\u00f3n secreta para poner a prueba tus talentos!<\/p>\n<p>&#8211; \u00a1Disfruta de arte conceptual, fondos de pantalla, protectores de pantalla, una banda sonora y m\u00e1s cosas!<\/p>\n<p>&#8211; La gu\u00eda de estrategia nunca te llevar\u00e1 por mal camino.<\/p>\n","protected":false},"excerpt":{"rendered":"<p>\u00a1Tu amigo ya no est\u00e1 vivo! En Grim Tales: Graywitch Collector&#8217;s Edition, puedes ayudarlos. <\/p>\n","protected":false},"author":17,"featured_media":85358,"comment_status":"open","ping_status":"closed","template":"","meta":{"_acf_changed":false,"inline_featured_image":false},"product_brand":[],"product_cat":[166],"product_tag":[288],"class_list":{"0":"post-140325","1":"product","2":"type-product","3":"status-publish","4":"has-post-thumbnail","6":"product_cat-hidden-object-es","7":"product_tag-play-on-pc-es","9":"first","10":"instock","11":"shipping-taxable","12":"purchasable","13":"product-type-simple"},"acf":[],"yoast_head":"<!-- This site is optimized with the Yoast SEO Premium plugin v25.2 (Yoast SEO v25.2) - https:\/\/yoast.com\/wordpress\/plugins\/seo\/ -->\n<title>Grim Tales: Graywitch Collector&#039;s Edition - Ayuda a tu amigo que est\u00e1 atrapado en el pasado<\/title>\n<meta name=\"description\" content=\"\u00a1Tu amigo ya no est\u00e1 vivo! En Grim Tales: Graywitch Collector&#039;s Edition, puedes ayudarlos.\" \/>\n<meta name=\"robots\" content=\"index, follow, max-snippet:-1, max-image-preview:large, max-video-preview:-1\" \/>\n<link rel=\"canonical\" href=\"https:\/\/www.iplay.com\/es\/games\/grim-tales-graywitch-collectors-edition\/\" \/>\n<meta property=\"og:locale\" content=\"es_ES\" \/>\n<meta property=\"og:type\" content=\"article\" \/>\n<meta property=\"og:title\" content=\"Grim Tales: Graywitch Collector&#039;s Edition\" \/>\n<meta property=\"og:description\" content=\"\u00a1Tu amigo ya no est\u00e1 vivo! En Grim Tales: Graywitch Collector&#039;s Edition, puedes ayudarlos.\" \/>\n<meta property=\"og:url\" content=\"https:\/\/www.iplay.com\/es\/games\/grim-tales-graywitch-collectors-edition\/\" \/>\n<meta property=\"og:site_name\" content=\"IPlay\" \/>\n<meta property=\"og:image\" content=\"https:\/\/www.iplay.com\/wp-content\/uploads\/2023\/12\/large_square_tile_image-2846.jpg\" \/>\n\t<meta property=\"og:image:width\" content=\"310\" \/>\n\t<meta property=\"og:image:height\" content=\"310\" \/>\n\t<meta property=\"og:image:type\" content=\"image\/jpeg\" \/>\n<meta name=\"twitter:card\" content=\"summary_large_image\" \/>\n<meta name=\"twitter:label1\" content=\"Est. reading time\" \/>\n\t<meta name=\"twitter:data1\" content=\"1 minuto\" \/>\n<script type=\"application\/ld+json\" class=\"yoast-schema-graph\">{\"@context\":\"https:\/\/schema.org\",\"@graph\":[{\"@type\":\"WebPage\",\"@id\":\"https:\/\/www.iplay.com\/es\/games\/grim-tales-graywitch-collectors-edition\/\",\"url\":\"https:\/\/www.iplay.com\/es\/games\/grim-tales-graywitch-collectors-edition\/\",\"name\":\"Grim Tales: Graywitch Collector's Edition - Ayuda a tu amigo que est\u00e1 atrapado en el pasado\",\"isPartOf\":{\"@id\":\"https:\/\/www.iplay.com\/en\/#website\"},\"primaryImageOfPage\":{\"@id\":\"https:\/\/www.iplay.com\/es\/games\/grim-tales-graywitch-collectors-edition\/#primaryimage\"},\"image\":{\"@id\":\"https:\/\/www.iplay.com\/es\/games\/grim-tales-graywitch-collectors-edition\/#primaryimage\"},\"thumbnailUrl\":\"https:\/\/www.iplay.com\/wp-content\/uploads\/2023\/12\/large_square_tile_image-2846.jpg\",\"datePublished\":\"2019-05-24T00:00:01+00:00\",\"description\":\"\u00a1Tu amigo ya no est\u00e1 vivo! En Grim Tales: Graywitch Collector's Edition, puedes ayudarlos.\",\"breadcrumb\":{\"@id\":\"https:\/\/www.iplay.com\/es\/games\/grim-tales-graywitch-collectors-edition\/#breadcrumb\"},\"inLanguage\":\"es\",\"potentialAction\":[{\"@type\":\"ReadAction\",\"target\":[\"https:\/\/www.iplay.com\/es\/games\/grim-tales-graywitch-collectors-edition\/\"]}]},{\"@type\":\"ImageObject\",\"inLanguage\":\"es\",\"@id\":\"https:\/\/www.iplay.com\/es\/games\/grim-tales-graywitch-collectors-edition\/#primaryimage\",\"url\":\"https:\/\/www.iplay.com\/wp-content\/uploads\/2023\/12\/large_square_tile_image-2846.jpg\",\"contentUrl\":\"https:\/\/www.iplay.com\/wp-content\/uploads\/2023\/12\/large_square_tile_image-2846.jpg\",\"width\":310,\"height\":310},{\"@type\":\"BreadcrumbList\",\"@id\":\"https:\/\/www.iplay.com\/es\/games\/grim-tales-graywitch-collectors-edition\/#breadcrumb\",\"itemListElement\":[{\"@type\":\"ListItem\",\"position\":1,\"name\":\"Home\",\"item\":\"https:\/\/www.iplay.com\/es\/home-page-2\/\"},{\"@type\":\"ListItem\",\"position\":2,\"name\":\"Shop\",\"item\":\"https:\/\/www.iplay.com\/en\/shop\/\"},{\"@type\":\"ListItem\",\"position\":3,\"name\":\"Grim Tales: Graywitch Collector&#8217;s Edition\"}]},{\"@type\":\"WebSite\",\"@id\":\"https:\/\/www.iplay.com\/en\/#website\",\"url\":\"https:\/\/www.iplay.com\/en\/\",\"name\":\"IPlay\",\"description\":\"The Best Casual Games!\",\"publisher\":{\"@id\":\"https:\/\/www.iplay.com\/en\/#organization\"},\"potentialAction\":[{\"@type\":\"SearchAction\",\"target\":{\"@type\":\"EntryPoint\",\"urlTemplate\":\"https:\/\/www.iplay.com\/en\/?s={search_term_string}\"},\"query-input\":{\"@type\":\"PropertyValueSpecification\",\"valueRequired\":true,\"valueName\":\"search_term_string\"}}],\"inLanguage\":\"es\"},{\"@type\":\"Organization\",\"@id\":\"https:\/\/www.iplay.com\/en\/#organization\",\"name\":\"IPlay\",\"url\":\"https:\/\/www.iplay.com\/en\/\",\"logo\":{\"@type\":\"ImageObject\",\"inLanguage\":\"es\",\"@id\":\"https:\/\/www.iplay.com\/en\/#\/schema\/logo\/image\/\",\"url\":\"https:\/\/www.iplay.com\/wp-content\/uploads\/2023\/11\/Group-6100.svg\",\"contentUrl\":\"https:\/\/www.iplay.com\/wp-content\/uploads\/2023\/11\/Group-6100.svg\",\"width\":98,\"height\":25,\"caption\":\"IPlay\"},\"image\":{\"@id\":\"https:\/\/www.iplay.com\/en\/#\/schema\/logo\/image\/\"}}]}<\/script>\n<!-- \/ Yoast SEO Premium plugin. -->","yoast_head_json":{"title":"Grim Tales: Graywitch Collector's Edition - Ayuda a tu amigo que est\u00e1 atrapado en el pasado","description":"\u00a1Tu amigo ya no est\u00e1 vivo! En Grim Tales: Graywitch Collector's Edition, puedes ayudarlos.","robots":{"index":"index","follow":"follow","max-snippet":"max-snippet:-1","max-image-preview":"max-image-preview:large","max-video-preview":"max-video-preview:-1"},"canonical":"https:\/\/www.iplay.com\/es\/games\/grim-tales-graywitch-collectors-edition\/","og_locale":"es_ES","og_type":"article","og_title":"Grim Tales: Graywitch Collector's Edition","og_description":"\u00a1Tu amigo ya no est\u00e1 vivo! En Grim Tales: Graywitch Collector's Edition, puedes ayudarlos.","og_url":"https:\/\/www.iplay.com\/es\/games\/grim-tales-graywitch-collectors-edition\/","og_site_name":"IPlay","og_image":[{"width":310,"height":310,"url":"https:\/\/www.iplay.com\/wp-content\/uploads\/2023\/12\/large_square_tile_image-2846.jpg","type":"image\/jpeg"}],"twitter_card":"summary_large_image","twitter_misc":{"Est. reading time":"1 minuto"},"schema":{"@context":"https:\/\/schema.org","@graph":[{"@type":"WebPage","@id":"https:\/\/www.iplay.com\/es\/games\/grim-tales-graywitch-collectors-edition\/","url":"https:\/\/www.iplay.com\/es\/games\/grim-tales-graywitch-collectors-edition\/","name":"Grim Tales: Graywitch Collector's Edition - Ayuda a tu amigo que est\u00e1 atrapado en el pasado","isPartOf":{"@id":"https:\/\/www.iplay.com\/en\/#website"},"primaryImageOfPage":{"@id":"https:\/\/www.iplay.com\/es\/games\/grim-tales-graywitch-collectors-edition\/#primaryimage"},"image":{"@id":"https:\/\/www.iplay.com\/es\/games\/grim-tales-graywitch-collectors-edition\/#primaryimage"},"thumbnailUrl":"https:\/\/www.iplay.com\/wp-content\/uploads\/2023\/12\/large_square_tile_image-2846.jpg","datePublished":"2019-05-24T00:00:01+00:00","description":"\u00a1Tu amigo ya no est\u00e1 vivo! En Grim Tales: Graywitch Collector's Edition, puedes ayudarlos.","breadcrumb":{"@id":"https:\/\/www.iplay.com\/es\/games\/grim-tales-graywitch-collectors-edition\/#breadcrumb"},"inLanguage":"es","potentialAction":[{"@type":"ReadAction","target":["https:\/\/www.iplay.com\/es\/games\/grim-tales-graywitch-collectors-edition\/"]}]},{"@type":"ImageObject","inLanguage":"es","@id":"https:\/\/www.iplay.com\/es\/games\/grim-tales-graywitch-collectors-edition\/#primaryimage","url":"https:\/\/www.iplay.com\/wp-content\/uploads\/2023\/12\/large_square_tile_image-2846.jpg","contentUrl":"https:\/\/www.iplay.com\/wp-content\/uploads\/2023\/12\/large_square_tile_image-2846.jpg","width":310,"height":310},{"@type":"BreadcrumbList","@id":"https:\/\/www.iplay.com\/es\/games\/grim-tales-graywitch-collectors-edition\/#breadcrumb","itemListElement":[{"@type":"ListItem","position":1,"name":"Home","item":"https:\/\/www.iplay.com\/es\/home-page-2\/"},{"@type":"ListItem","position":2,"name":"Shop","item":"https:\/\/www.iplay.com\/en\/shop\/"},{"@type":"ListItem","position":3,"name":"Grim Tales: Graywitch Collector&#8217;s Edition"}]},{"@type":"WebSite","@id":"https:\/\/www.iplay.com\/en\/#website","url":"https:\/\/www.iplay.com\/en\/","name":"IPlay","description":"The Best Casual Games!","publisher":{"@id":"https:\/\/www.iplay.com\/en\/#organization"},"potentialAction":[{"@type":"SearchAction","target":{"@type":"EntryPoint","urlTemplate":"https:\/\/www.iplay.com\/en\/?s={search_term_string}"},"query-input":{"@type":"PropertyValueSpecification","valueRequired":true,"valueName":"search_term_string"}}],"inLanguage":"es"},{"@type":"Organization","@id":"https:\/\/www.iplay.com\/en\/#organization","name":"IPlay","url":"https:\/\/www.iplay.com\/en\/","logo":{"@type":"ImageObject","inLanguage":"es","@id":"https:\/\/www.iplay.com\/en\/#\/schema\/logo\/image\/","url":"https:\/\/www.iplay.com\/wp-content\/uploads\/2023\/11\/Group-6100.svg","contentUrl":"https:\/\/www.iplay.com\/wp-content\/uploads\/2023\/11\/Group-6100.svg","width":98,"height":25,"caption":"IPlay"},"image":{"@id":"https:\/\/www.iplay.com\/en\/#\/schema\/logo\/image\/"}}]}},"_links":{"self":[{"href":"https:\/\/www.iplay.com\/es\/wp-json\/wp\/v2\/product\/140325","targetHints":{"allow":["GET"]}}],"collection":[{"href":"https:\/\/www.iplay.com\/es\/wp-json\/wp\/v2\/product"}],"about":[{"href":"https:\/\/www.iplay.com\/es\/wp-json\/wp\/v2\/types\/product"}],"author":[{"embeddable":true,"href":"https:\/\/www.iplay.com\/es\/wp-json\/wp\/v2\/users\/17"}],"replies":[{"embeddable":true,"href":"https:\/\/www.iplay.com\/es\/wp-json\/wp\/v2\/comments?post=140325"}],"wp:featuredmedia":[{"embeddable":true,"href":"https:\/\/www.iplay.com\/es\/wp-json\/wp\/v2\/media\/85358"}],"wp:attachment":[{"href":"https:\/\/www.iplay.com\/es\/wp-json\/wp\/v2\/media?parent=140325"}],"wp:term":[{"taxonomy":"product_brand","embeddable":true,"href":"https:\/\/www.iplay.com\/es\/wp-json\/wp\/v2\/product_brand?post=140325"},{"taxonomy":"product_cat","embeddable":true,"href":"https:\/\/www.iplay.com\/es\/wp-json\/wp\/v2\/product_cat?post=140325"},{"taxonomy":"product_tag","embeddable":true,"href":"https:\/\/www.iplay.com\/es\/wp-json\/wp\/v2\/product_tag?post=140325"}],"curies":[{"name":"wp","href":"https:\/\/api.w.org\/{rel}","templated":true}]}}