{"id":140300,"date":"2019-05-07T00:00:00","date_gmt":"2019-05-07T00:00:00","guid":{"rendered":"https:\/\/www.iplay.com\/games\/eco-mahjong\/"},"modified":"2019-05-07T00:00:00","modified_gmt":"2019-05-07T00:00:00","slug":"eco-mahjong","status":"publish","type":"product","link":"https:\/\/www.iplay.com\/es\/games\/eco-mahjong\/","title":{"rendered":"Eco Mahjong"},"content":{"rendered":"<p>Greenville, una ciudad que alguna vez fue hermosa y pr\u00f3spera, se encuentra actualmente al borde de un desastre ecol\u00f3gico. Los Caminantes, una familia animal de viajeros que son bien conocidos por todos los espectadores de la serie Travel Mosaic, no pueden dejar que la ciudad se convierta en un desierto. Corren a Greenville y la descubren envuelta en una fuerte neblina y smog. Los peces y las aves han desaparecido, y la basura industrial ha contaminado el r\u00edo cercano. La contaminaci\u00f3n ambiental causada por Extracting Company Evil, Inc. es la causa de la calamidad. Plantar\u00e1s flores, \u00e1rboles y arbustos, repondr\u00e1s el estanque con peces y cangrejos, \u00a1y restaurar\u00e1s el suelo y el agua con Walkers! \u00a1En tu camino, el despiadado Boss of Evil, Inc. se esforzar\u00e1 por dejar de contaminar a la comunidad! \u00bfSer\u00e1s lo suficientemente valiente como para enfrentarte a \u00e9l y preservar el entorno natural de Greenville? EcoMahjong es un juego atractivo y vibrante adecuado para jugadores de todas las edades. Una historia compleja, personajes entra\u00f1ables, giros sorprendentes de los acontecimientos y un mont\u00f3n de diversi\u00f3n son solo algunas de las cosas que Greenville tiene reservadas para ti.         <\/p>\n<p>&nbsp;<\/p>\n<p>&nbsp;<\/p>\n<p><strong>Funciones:<\/strong><\/p>\n<p>&nbsp;<\/p>\n<ul>\n<li>Magn\u00edficos efectos visuales y banda sonora<\/li>\n<li>El m\u00e9todo ideal para pasar el tiempo para los solucionadores de problemas y los amantes del aire libre<\/li>\n<li>70 rompecabezas de mahjong con 14 HOG adicionales<\/li>\n<li>Personalidades favoritas e intercambios humor\u00edsticos<\/li>\n<li>Tu oportunidad de proteger el medio ambiente y observar c\u00f3mo tus esfuerzos afectan a toda la ciudad<\/li>\n<li>Una historia intrigante con un final sorprendente<\/li>\n<\/ul>\n","protected":false},"excerpt":{"rendered":"<p>\u00a1Ayuda a la familia Walker a prevenir una cat\u00e1strofe ecol\u00f3gica en Greenville!<\/p>\n","protected":false},"author":14,"featured_media":85454,"comment_status":"open","ping_status":"closed","template":"","meta":{"_acf_changed":false,"inline_featured_image":false},"product_brand":[],"product_cat":[174],"product_tag":[288],"class_list":{"0":"post-140300","1":"product","2":"type-product","3":"status-publish","4":"has-post-thumbnail","6":"product_cat-mahjong-es","7":"product_tag-play-on-pc-es","9":"first","10":"instock","11":"shipping-taxable","12":"purchasable","13":"product-type-simple"},"acf":[],"yoast_head":"<!-- This site is optimized with the Yoast SEO Premium plugin v25.2 (Yoast SEO v25.2) - https:\/\/yoast.com\/wordpress\/plugins\/seo\/ -->\n<title>Eco Mahjong - Salva a Greenville de la ecocat\u00e1strofe con la familia Walker<\/title>\n<meta name=\"description\" content=\"\u00a1Ayuda a la familia Walker a prevenir una cat\u00e1strofe ecol\u00f3gica en Greenville!\" \/>\n<meta name=\"robots\" content=\"index, follow, max-snippet:-1, max-image-preview:large, max-video-preview:-1\" \/>\n<link rel=\"canonical\" href=\"https:\/\/www.iplay.com\/es\/games\/eco-mahjong\/\" \/>\n<meta property=\"og:locale\" content=\"es_ES\" \/>\n<meta property=\"og:type\" content=\"article\" \/>\n<meta property=\"og:title\" content=\"Eco Mahjong\" \/>\n<meta property=\"og:description\" content=\"\u00a1Ayuda a la familia Walker a prevenir una cat\u00e1strofe ecol\u00f3gica en Greenville!\" \/>\n<meta property=\"og:url\" content=\"https:\/\/www.iplay.com\/es\/games\/eco-mahjong\/\" \/>\n<meta property=\"og:site_name\" content=\"IPlay\" \/>\n<meta property=\"og:image\" content=\"https:\/\/www.iplay.com\/wp-content\/uploads\/2023\/12\/large_square_tile_image-2852.jpg\" \/>\n\t<meta property=\"og:image:width\" content=\"310\" \/>\n\t<meta property=\"og:image:height\" content=\"310\" \/>\n\t<meta property=\"og:image:type\" content=\"image\/jpeg\" \/>\n<meta name=\"twitter:card\" content=\"summary_large_image\" \/>\n<meta name=\"twitter:label1\" content=\"Est. reading time\" \/>\n\t<meta name=\"twitter:data1\" content=\"1 minuto\" \/>\n<script type=\"application\/ld+json\" class=\"yoast-schema-graph\">{\"@context\":\"https:\/\/schema.org\",\"@graph\":[{\"@type\":\"WebPage\",\"@id\":\"https:\/\/www.iplay.com\/es\/games\/eco-mahjong\/\",\"url\":\"https:\/\/www.iplay.com\/es\/games\/eco-mahjong\/\",\"name\":\"Eco Mahjong - Salva a Greenville de la ecocat\u00e1strofe con la familia Walker\",\"isPartOf\":{\"@id\":\"https:\/\/www.iplay.com\/en\/#website\"},\"primaryImageOfPage\":{\"@id\":\"https:\/\/www.iplay.com\/es\/games\/eco-mahjong\/#primaryimage\"},\"image\":{\"@id\":\"https:\/\/www.iplay.com\/es\/games\/eco-mahjong\/#primaryimage\"},\"thumbnailUrl\":\"https:\/\/www.iplay.com\/wp-content\/uploads\/2023\/12\/large_square_tile_image-2852.jpg\",\"datePublished\":\"2019-05-07T00:00:00+00:00\",\"description\":\"\u00a1Ayuda a la familia Walker a prevenir una cat\u00e1strofe ecol\u00f3gica en Greenville!\",\"breadcrumb\":{\"@id\":\"https:\/\/www.iplay.com\/es\/games\/eco-mahjong\/#breadcrumb\"},\"inLanguage\":\"es\",\"potentialAction\":[{\"@type\":\"ReadAction\",\"target\":[\"https:\/\/www.iplay.com\/es\/games\/eco-mahjong\/\"]}]},{\"@type\":\"ImageObject\",\"inLanguage\":\"es\",\"@id\":\"https:\/\/www.iplay.com\/es\/games\/eco-mahjong\/#primaryimage\",\"url\":\"https:\/\/www.iplay.com\/wp-content\/uploads\/2023\/12\/large_square_tile_image-2852.jpg\",\"contentUrl\":\"https:\/\/www.iplay.com\/wp-content\/uploads\/2023\/12\/large_square_tile_image-2852.jpg\",\"width\":310,\"height\":310},{\"@type\":\"BreadcrumbList\",\"@id\":\"https:\/\/www.iplay.com\/es\/games\/eco-mahjong\/#breadcrumb\",\"itemListElement\":[{\"@type\":\"ListItem\",\"position\":1,\"name\":\"Home\",\"item\":\"https:\/\/www.iplay.com\/es\/home-page-2\/\"},{\"@type\":\"ListItem\",\"position\":2,\"name\":\"Shop\",\"item\":\"https:\/\/www.iplay.com\/en\/shop\/\"},{\"@type\":\"ListItem\",\"position\":3,\"name\":\"Eco Mahjong\"}]},{\"@type\":\"WebSite\",\"@id\":\"https:\/\/www.iplay.com\/en\/#website\",\"url\":\"https:\/\/www.iplay.com\/en\/\",\"name\":\"IPlay\",\"description\":\"The Best Casual Games!\",\"publisher\":{\"@id\":\"https:\/\/www.iplay.com\/en\/#organization\"},\"potentialAction\":[{\"@type\":\"SearchAction\",\"target\":{\"@type\":\"EntryPoint\",\"urlTemplate\":\"https:\/\/www.iplay.com\/en\/?s={search_term_string}\"},\"query-input\":{\"@type\":\"PropertyValueSpecification\",\"valueRequired\":true,\"valueName\":\"search_term_string\"}}],\"inLanguage\":\"es\"},{\"@type\":\"Organization\",\"@id\":\"https:\/\/www.iplay.com\/en\/#organization\",\"name\":\"IPlay\",\"url\":\"https:\/\/www.iplay.com\/en\/\",\"logo\":{\"@type\":\"ImageObject\",\"inLanguage\":\"es\",\"@id\":\"https:\/\/www.iplay.com\/en\/#\/schema\/logo\/image\/\",\"url\":\"https:\/\/www.iplay.com\/wp-content\/uploads\/2023\/11\/Group-6100.svg\",\"contentUrl\":\"https:\/\/www.iplay.com\/wp-content\/uploads\/2023\/11\/Group-6100.svg\",\"width\":98,\"height\":25,\"caption\":\"IPlay\"},\"image\":{\"@id\":\"https:\/\/www.iplay.com\/en\/#\/schema\/logo\/image\/\"}}]}<\/script>\n<!-- \/ Yoast SEO Premium plugin. -->","yoast_head_json":{"title":"Eco Mahjong - Salva a Greenville de la ecocat\u00e1strofe con la familia Walker","description":"\u00a1Ayuda a la familia Walker a prevenir una cat\u00e1strofe ecol\u00f3gica en Greenville!","robots":{"index":"index","follow":"follow","max-snippet":"max-snippet:-1","max-image-preview":"max-image-preview:large","max-video-preview":"max-video-preview:-1"},"canonical":"https:\/\/www.iplay.com\/es\/games\/eco-mahjong\/","og_locale":"es_ES","og_type":"article","og_title":"Eco Mahjong","og_description":"\u00a1Ayuda a la familia Walker a prevenir una cat\u00e1strofe ecol\u00f3gica en Greenville!","og_url":"https:\/\/www.iplay.com\/es\/games\/eco-mahjong\/","og_site_name":"IPlay","og_image":[{"width":310,"height":310,"url":"https:\/\/www.iplay.com\/wp-content\/uploads\/2023\/12\/large_square_tile_image-2852.jpg","type":"image\/jpeg"}],"twitter_card":"summary_large_image","twitter_misc":{"Est. reading time":"1 minuto"},"schema":{"@context":"https:\/\/schema.org","@graph":[{"@type":"WebPage","@id":"https:\/\/www.iplay.com\/es\/games\/eco-mahjong\/","url":"https:\/\/www.iplay.com\/es\/games\/eco-mahjong\/","name":"Eco Mahjong - Salva a Greenville de la ecocat\u00e1strofe con la familia Walker","isPartOf":{"@id":"https:\/\/www.iplay.com\/en\/#website"},"primaryImageOfPage":{"@id":"https:\/\/www.iplay.com\/es\/games\/eco-mahjong\/#primaryimage"},"image":{"@id":"https:\/\/www.iplay.com\/es\/games\/eco-mahjong\/#primaryimage"},"thumbnailUrl":"https:\/\/www.iplay.com\/wp-content\/uploads\/2023\/12\/large_square_tile_image-2852.jpg","datePublished":"2019-05-07T00:00:00+00:00","description":"\u00a1Ayuda a la familia Walker a prevenir una cat\u00e1strofe ecol\u00f3gica en Greenville!","breadcrumb":{"@id":"https:\/\/www.iplay.com\/es\/games\/eco-mahjong\/#breadcrumb"},"inLanguage":"es","potentialAction":[{"@type":"ReadAction","target":["https:\/\/www.iplay.com\/es\/games\/eco-mahjong\/"]}]},{"@type":"ImageObject","inLanguage":"es","@id":"https:\/\/www.iplay.com\/es\/games\/eco-mahjong\/#primaryimage","url":"https:\/\/www.iplay.com\/wp-content\/uploads\/2023\/12\/large_square_tile_image-2852.jpg","contentUrl":"https:\/\/www.iplay.com\/wp-content\/uploads\/2023\/12\/large_square_tile_image-2852.jpg","width":310,"height":310},{"@type":"BreadcrumbList","@id":"https:\/\/www.iplay.com\/es\/games\/eco-mahjong\/#breadcrumb","itemListElement":[{"@type":"ListItem","position":1,"name":"Home","item":"https:\/\/www.iplay.com\/es\/home-page-2\/"},{"@type":"ListItem","position":2,"name":"Shop","item":"https:\/\/www.iplay.com\/en\/shop\/"},{"@type":"ListItem","position":3,"name":"Eco Mahjong"}]},{"@type":"WebSite","@id":"https:\/\/www.iplay.com\/en\/#website","url":"https:\/\/www.iplay.com\/en\/","name":"IPlay","description":"The Best Casual Games!","publisher":{"@id":"https:\/\/www.iplay.com\/en\/#organization"},"potentialAction":[{"@type":"SearchAction","target":{"@type":"EntryPoint","urlTemplate":"https:\/\/www.iplay.com\/en\/?s={search_term_string}"},"query-input":{"@type":"PropertyValueSpecification","valueRequired":true,"valueName":"search_term_string"}}],"inLanguage":"es"},{"@type":"Organization","@id":"https:\/\/www.iplay.com\/en\/#organization","name":"IPlay","url":"https:\/\/www.iplay.com\/en\/","logo":{"@type":"ImageObject","inLanguage":"es","@id":"https:\/\/www.iplay.com\/en\/#\/schema\/logo\/image\/","url":"https:\/\/www.iplay.com\/wp-content\/uploads\/2023\/11\/Group-6100.svg","contentUrl":"https:\/\/www.iplay.com\/wp-content\/uploads\/2023\/11\/Group-6100.svg","width":98,"height":25,"caption":"IPlay"},"image":{"@id":"https:\/\/www.iplay.com\/en\/#\/schema\/logo\/image\/"}}]}},"_links":{"self":[{"href":"https:\/\/www.iplay.com\/es\/wp-json\/wp\/v2\/product\/140300","targetHints":{"allow":["GET"]}}],"collection":[{"href":"https:\/\/www.iplay.com\/es\/wp-json\/wp\/v2\/product"}],"about":[{"href":"https:\/\/www.iplay.com\/es\/wp-json\/wp\/v2\/types\/product"}],"author":[{"embeddable":true,"href":"https:\/\/www.iplay.com\/es\/wp-json\/wp\/v2\/users\/14"}],"replies":[{"embeddable":true,"href":"https:\/\/www.iplay.com\/es\/wp-json\/wp\/v2\/comments?post=140300"}],"wp:featuredmedia":[{"embeddable":true,"href":"https:\/\/www.iplay.com\/es\/wp-json\/wp\/v2\/media\/85454"}],"wp:attachment":[{"href":"https:\/\/www.iplay.com\/es\/wp-json\/wp\/v2\/media?parent=140300"}],"wp:term":[{"taxonomy":"product_brand","embeddable":true,"href":"https:\/\/www.iplay.com\/es\/wp-json\/wp\/v2\/product_brand?post=140300"},{"taxonomy":"product_cat","embeddable":true,"href":"https:\/\/www.iplay.com\/es\/wp-json\/wp\/v2\/product_cat?post=140300"},{"taxonomy":"product_tag","embeddable":true,"href":"https:\/\/www.iplay.com\/es\/wp-json\/wp\/v2\/product_tag?post=140300"}],"curies":[{"name":"wp","href":"https:\/\/api.w.org\/{rel}","templated":true}]}}