{"id":140296,"date":"2019-05-02T00:00:00","date_gmt":"2019-05-02T00:00:00","guid":{"rendered":"https:\/\/www.iplay.com\/games\/solitaire-adventures-of-valentin-the-valiant-viking\/"},"modified":"2019-05-02T00:00:00","modified_gmt":"2019-05-02T00:00:00","slug":"solitaire-adventures-of-valentin-the-valiant-viking","status":"publish","type":"product","link":"https:\/\/www.iplay.com\/es\/games\/solitaire-adventures-of-valentin-the-valiant-viking\/","title":{"rendered":"Solitaire Adventures of Valentin the Valiant Viking"},"content":{"rendered":"<p>\u00a1El mago malvado ha tomado cautiva a la princesa Estelle! El peque\u00f1o vikingo llamado Valent\u00edn se embarca en una misi\u00f3n para salvarla. Valent\u00edn es una completa decepci\u00f3n cuando se trata de usar un arma; Para tener \u00e9xito en este deber, debe confiar m\u00e1s en su intelecto que en su fuerza. Navega a trav\u00e9s de m\u00faltiples niveles del juego de cartas de solitario y progresa a trav\u00e9s del viaje de rompecabezas de apuntar y hacer clic. \u00danete a Valentin en una incre\u00edble aventura mientras explora los incre\u00edbles lugares del castillo del mago. El objetivo de Valent\u00edn es recuperar su autoestima y demostrar a su clan su superioridad como guerrero. \u00a1Disfruta viajando con \u00e9l mientras se transforma en Valent\u00edn, el valiente vikingo! El juego es un juego de solitario de uno arriba y uno abajo con una dif\u00edcil aventura de rompecabezas de apuntar y hacer clic. Para atravesar el castillo del mago, debes crear combos en cadena y eliminar cartas.        <\/p>\n<p>&nbsp;<\/p>\n<p>&nbsp;<\/p>\n<p><strong>Funciones:<\/strong><\/p>\n<p>&nbsp;<\/p>\n<ul>\n<li>M\u00e1s de 100 niveles de solitario con interesantes dise\u00f1os que brindan horas de juego<\/li>\n<li>Consejos cr\u00edpticos y una gu\u00eda de estrategia en el juego para ayudar a ganar las escenas<\/li>\n<li>Encantadoras im\u00e1genes de estilo recorte de papel para mejorar el atractivo visual del juego.<\/li>\n<li>Emocionantes potenciadores para ayudarte en tu victoria.<\/li>\n<\/ul>\n","protected":false},"excerpt":{"rendered":"<p>En las aventuras en solitario de Valentin the Valiant Viking, salva a la princesa Estelle.<\/p>\n","protected":false},"author":204,"featured_media":93847,"comment_status":"open","ping_status":"closed","template":"","meta":{"_acf_changed":false,"inline_featured_image":false},"product_brand":[],"product_cat":[154,209],"product_tag":[288],"class_list":{"0":"post-140296","1":"product","2":"type-product","3":"status-publish","4":"has-post-thumbnail","6":"product_cat-card-es","7":"product_cat-solitaire-es","8":"product_tag-play-on-pc-es","10":"first","11":"instock","12":"shipping-taxable","13":"purchasable","14":"product-type-simple"},"acf":[],"yoast_head":"<!-- This site is optimized with the Yoast SEO Premium plugin v25.2 (Yoast SEO v25.2) - https:\/\/yoast.com\/wordpress\/plugins\/seo\/ -->\n<title>Solitario Aventuras de Valent\u00edn el Valiente Vikingo - Juega al Solitario para rescatar a la Princesa Estelle<\/title>\n<meta name=\"description\" content=\"En las aventuras en solitario de Valentin the Valiant Viking, salva a la princesa Estelle.\" \/>\n<meta name=\"robots\" content=\"index, follow, max-snippet:-1, max-image-preview:large, max-video-preview:-1\" \/>\n<link rel=\"canonical\" href=\"https:\/\/www.iplay.com\/es\/games\/solitaire-adventures-of-valentin-the-valiant-viking\/\" \/>\n<meta property=\"og:locale\" content=\"es_ES\" \/>\n<meta property=\"og:type\" content=\"article\" \/>\n<meta property=\"og:title\" content=\"Solitaire Adventures of Valentin the Valiant Viking\" \/>\n<meta property=\"og:description\" content=\"En las aventuras en solitario de Valentin the Valiant Viking, salva a la princesa Estelle.\" \/>\n<meta property=\"og:url\" content=\"https:\/\/www.iplay.com\/es\/games\/solitaire-adventures-of-valentin-the-valiant-viking\/\" \/>\n<meta property=\"og:site_name\" content=\"IPlay\" \/>\n<meta property=\"og:image\" content=\"https:\/\/www.iplay.com\/wp-content\/uploads\/2023\/12\/large_square_tile_image-3382.jpg\" \/>\n\t<meta property=\"og:image:width\" content=\"310\" \/>\n\t<meta property=\"og:image:height\" content=\"310\" \/>\n\t<meta property=\"og:image:type\" content=\"image\/jpeg\" \/>\n<meta name=\"twitter:card\" content=\"summary_large_image\" \/>\n<meta name=\"twitter:label1\" content=\"Est. reading time\" \/>\n\t<meta name=\"twitter:data1\" content=\"1 minuto\" \/>\n<script type=\"application\/ld+json\" class=\"yoast-schema-graph\">{\"@context\":\"https:\/\/schema.org\",\"@graph\":[{\"@type\":\"WebPage\",\"@id\":\"https:\/\/www.iplay.com\/es\/games\/solitaire-adventures-of-valentin-the-valiant-viking\/\",\"url\":\"https:\/\/www.iplay.com\/es\/games\/solitaire-adventures-of-valentin-the-valiant-viking\/\",\"name\":\"Solitario Aventuras de Valent\u00edn el Valiente Vikingo - Juega al Solitario para rescatar a la Princesa Estelle\",\"isPartOf\":{\"@id\":\"https:\/\/www.iplay.com\/en\/#website\"},\"primaryImageOfPage\":{\"@id\":\"https:\/\/www.iplay.com\/es\/games\/solitaire-adventures-of-valentin-the-valiant-viking\/#primaryimage\"},\"image\":{\"@id\":\"https:\/\/www.iplay.com\/es\/games\/solitaire-adventures-of-valentin-the-valiant-viking\/#primaryimage\"},\"thumbnailUrl\":\"https:\/\/www.iplay.com\/wp-content\/uploads\/2023\/12\/large_square_tile_image-3382.jpg\",\"datePublished\":\"2019-05-02T00:00:00+00:00\",\"description\":\"En las aventuras en solitario de Valentin the Valiant Viking, salva a la princesa Estelle.\",\"breadcrumb\":{\"@id\":\"https:\/\/www.iplay.com\/es\/games\/solitaire-adventures-of-valentin-the-valiant-viking\/#breadcrumb\"},\"inLanguage\":\"es\",\"potentialAction\":[{\"@type\":\"ReadAction\",\"target\":[\"https:\/\/www.iplay.com\/es\/games\/solitaire-adventures-of-valentin-the-valiant-viking\/\"]}]},{\"@type\":\"ImageObject\",\"inLanguage\":\"es\",\"@id\":\"https:\/\/www.iplay.com\/es\/games\/solitaire-adventures-of-valentin-the-valiant-viking\/#primaryimage\",\"url\":\"https:\/\/www.iplay.com\/wp-content\/uploads\/2023\/12\/large_square_tile_image-3382.jpg\",\"contentUrl\":\"https:\/\/www.iplay.com\/wp-content\/uploads\/2023\/12\/large_square_tile_image-3382.jpg\",\"width\":310,\"height\":310},{\"@type\":\"BreadcrumbList\",\"@id\":\"https:\/\/www.iplay.com\/es\/games\/solitaire-adventures-of-valentin-the-valiant-viking\/#breadcrumb\",\"itemListElement\":[{\"@type\":\"ListItem\",\"position\":1,\"name\":\"Home\",\"item\":\"https:\/\/www.iplay.com\/es\/home-page-2\/\"},{\"@type\":\"ListItem\",\"position\":2,\"name\":\"Shop\",\"item\":\"https:\/\/www.iplay.com\/en\/shop\/\"},{\"@type\":\"ListItem\",\"position\":3,\"name\":\"Solitaire Adventures of Valentin the Valiant Viking\"}]},{\"@type\":\"WebSite\",\"@id\":\"https:\/\/www.iplay.com\/en\/#website\",\"url\":\"https:\/\/www.iplay.com\/en\/\",\"name\":\"IPlay\",\"description\":\"The Best Casual Games!\",\"publisher\":{\"@id\":\"https:\/\/www.iplay.com\/en\/#organization\"},\"potentialAction\":[{\"@type\":\"SearchAction\",\"target\":{\"@type\":\"EntryPoint\",\"urlTemplate\":\"https:\/\/www.iplay.com\/en\/?s={search_term_string}\"},\"query-input\":{\"@type\":\"PropertyValueSpecification\",\"valueRequired\":true,\"valueName\":\"search_term_string\"}}],\"inLanguage\":\"es\"},{\"@type\":\"Organization\",\"@id\":\"https:\/\/www.iplay.com\/en\/#organization\",\"name\":\"IPlay\",\"url\":\"https:\/\/www.iplay.com\/en\/\",\"logo\":{\"@type\":\"ImageObject\",\"inLanguage\":\"es\",\"@id\":\"https:\/\/www.iplay.com\/en\/#\/schema\/logo\/image\/\",\"url\":\"https:\/\/www.iplay.com\/wp-content\/uploads\/2023\/11\/Group-6100.svg\",\"contentUrl\":\"https:\/\/www.iplay.com\/wp-content\/uploads\/2023\/11\/Group-6100.svg\",\"width\":98,\"height\":25,\"caption\":\"IPlay\"},\"image\":{\"@id\":\"https:\/\/www.iplay.com\/en\/#\/schema\/logo\/image\/\"}}]}<\/script>\n<!-- \/ Yoast SEO Premium plugin. -->","yoast_head_json":{"title":"Solitario Aventuras de Valent\u00edn el Valiente Vikingo - Juega al Solitario para rescatar a la Princesa Estelle","description":"En las aventuras en solitario de Valentin the Valiant Viking, salva a la princesa Estelle.","robots":{"index":"index","follow":"follow","max-snippet":"max-snippet:-1","max-image-preview":"max-image-preview:large","max-video-preview":"max-video-preview:-1"},"canonical":"https:\/\/www.iplay.com\/es\/games\/solitaire-adventures-of-valentin-the-valiant-viking\/","og_locale":"es_ES","og_type":"article","og_title":"Solitaire Adventures of Valentin the Valiant Viking","og_description":"En las aventuras en solitario de Valentin the Valiant Viking, salva a la princesa Estelle.","og_url":"https:\/\/www.iplay.com\/es\/games\/solitaire-adventures-of-valentin-the-valiant-viking\/","og_site_name":"IPlay","og_image":[{"width":310,"height":310,"url":"https:\/\/www.iplay.com\/wp-content\/uploads\/2023\/12\/large_square_tile_image-3382.jpg","type":"image\/jpeg"}],"twitter_card":"summary_large_image","twitter_misc":{"Est. reading time":"1 minuto"},"schema":{"@context":"https:\/\/schema.org","@graph":[{"@type":"WebPage","@id":"https:\/\/www.iplay.com\/es\/games\/solitaire-adventures-of-valentin-the-valiant-viking\/","url":"https:\/\/www.iplay.com\/es\/games\/solitaire-adventures-of-valentin-the-valiant-viking\/","name":"Solitario Aventuras de Valent\u00edn el Valiente Vikingo - Juega al Solitario para rescatar a la Princesa Estelle","isPartOf":{"@id":"https:\/\/www.iplay.com\/en\/#website"},"primaryImageOfPage":{"@id":"https:\/\/www.iplay.com\/es\/games\/solitaire-adventures-of-valentin-the-valiant-viking\/#primaryimage"},"image":{"@id":"https:\/\/www.iplay.com\/es\/games\/solitaire-adventures-of-valentin-the-valiant-viking\/#primaryimage"},"thumbnailUrl":"https:\/\/www.iplay.com\/wp-content\/uploads\/2023\/12\/large_square_tile_image-3382.jpg","datePublished":"2019-05-02T00:00:00+00:00","description":"En las aventuras en solitario de Valentin the Valiant Viking, salva a la princesa Estelle.","breadcrumb":{"@id":"https:\/\/www.iplay.com\/es\/games\/solitaire-adventures-of-valentin-the-valiant-viking\/#breadcrumb"},"inLanguage":"es","potentialAction":[{"@type":"ReadAction","target":["https:\/\/www.iplay.com\/es\/games\/solitaire-adventures-of-valentin-the-valiant-viking\/"]}]},{"@type":"ImageObject","inLanguage":"es","@id":"https:\/\/www.iplay.com\/es\/games\/solitaire-adventures-of-valentin-the-valiant-viking\/#primaryimage","url":"https:\/\/www.iplay.com\/wp-content\/uploads\/2023\/12\/large_square_tile_image-3382.jpg","contentUrl":"https:\/\/www.iplay.com\/wp-content\/uploads\/2023\/12\/large_square_tile_image-3382.jpg","width":310,"height":310},{"@type":"BreadcrumbList","@id":"https:\/\/www.iplay.com\/es\/games\/solitaire-adventures-of-valentin-the-valiant-viking\/#breadcrumb","itemListElement":[{"@type":"ListItem","position":1,"name":"Home","item":"https:\/\/www.iplay.com\/es\/home-page-2\/"},{"@type":"ListItem","position":2,"name":"Shop","item":"https:\/\/www.iplay.com\/en\/shop\/"},{"@type":"ListItem","position":3,"name":"Solitaire Adventures of Valentin the Valiant Viking"}]},{"@type":"WebSite","@id":"https:\/\/www.iplay.com\/en\/#website","url":"https:\/\/www.iplay.com\/en\/","name":"IPlay","description":"The Best Casual Games!","publisher":{"@id":"https:\/\/www.iplay.com\/en\/#organization"},"potentialAction":[{"@type":"SearchAction","target":{"@type":"EntryPoint","urlTemplate":"https:\/\/www.iplay.com\/en\/?s={search_term_string}"},"query-input":{"@type":"PropertyValueSpecification","valueRequired":true,"valueName":"search_term_string"}}],"inLanguage":"es"},{"@type":"Organization","@id":"https:\/\/www.iplay.com\/en\/#organization","name":"IPlay","url":"https:\/\/www.iplay.com\/en\/","logo":{"@type":"ImageObject","inLanguage":"es","@id":"https:\/\/www.iplay.com\/en\/#\/schema\/logo\/image\/","url":"https:\/\/www.iplay.com\/wp-content\/uploads\/2023\/11\/Group-6100.svg","contentUrl":"https:\/\/www.iplay.com\/wp-content\/uploads\/2023\/11\/Group-6100.svg","width":98,"height":25,"caption":"IPlay"},"image":{"@id":"https:\/\/www.iplay.com\/en\/#\/schema\/logo\/image\/"}}]}},"_links":{"self":[{"href":"https:\/\/www.iplay.com\/es\/wp-json\/wp\/v2\/product\/140296","targetHints":{"allow":["GET"]}}],"collection":[{"href":"https:\/\/www.iplay.com\/es\/wp-json\/wp\/v2\/product"}],"about":[{"href":"https:\/\/www.iplay.com\/es\/wp-json\/wp\/v2\/types\/product"}],"author":[{"embeddable":true,"href":"https:\/\/www.iplay.com\/es\/wp-json\/wp\/v2\/users\/204"}],"replies":[{"embeddable":true,"href":"https:\/\/www.iplay.com\/es\/wp-json\/wp\/v2\/comments?post=140296"}],"wp:featuredmedia":[{"embeddable":true,"href":"https:\/\/www.iplay.com\/es\/wp-json\/wp\/v2\/media\/93847"}],"wp:attachment":[{"href":"https:\/\/www.iplay.com\/es\/wp-json\/wp\/v2\/media?parent=140296"}],"wp:term":[{"taxonomy":"product_brand","embeddable":true,"href":"https:\/\/www.iplay.com\/es\/wp-json\/wp\/v2\/product_brand?post=140296"},{"taxonomy":"product_cat","embeddable":true,"href":"https:\/\/www.iplay.com\/es\/wp-json\/wp\/v2\/product_cat?post=140296"},{"taxonomy":"product_tag","embeddable":true,"href":"https:\/\/www.iplay.com\/es\/wp-json\/wp\/v2\/product_tag?post=140296"}],"curies":[{"name":"wp","href":"https:\/\/api.w.org\/{rel}","templated":true}]}}