{"id":140122,"date":"2019-07-16T00:00:00","date_gmt":"2019-07-16T00:00:00","guid":{"rendered":"https:\/\/www.iplay.com\/games\/fairytale-mosaics-cinderella-2\/"},"modified":"2019-07-16T00:00:00","modified_gmt":"2019-07-16T00:00:00","slug":"fairytale-mosaics-cinderella-2","status":"publish","type":"product","link":"https:\/\/www.iplay.com\/es\/games\/fairytale-mosaics-cinderella-2\/","title":{"rendered":"Fairytale Mosaics Cinderella 2"},"content":{"rendered":"<p>Con el lanzamiento del nuevo juego Fairytale Mosaics, prep\u00e1rate para embarcarte en un viaje incre\u00edble. \u00a1Dos Cenicientas! Un encuentro casual con un joven guapo en un sendero forestal. \u00bfEs ese el propio pr\u00edncipe galante? Amigos de cuatro patas, un hada madrina y, por supuesto, el Pr\u00edncipe Guapo te esperan aqu\u00ed. \u00a1Ellos te ayudar\u00e1n a prepararte para el baile anual, que es la ocasi\u00f3n m\u00e1s importante en el Reino! \u00a1Hay un mont\u00f3n de cosas que hacer! Junte las vibrantes piezas del rompecabezas para convertir la calabaza en un carruaje y ubique las zapatillas de vidrio. Decidido a evitar que asistas al baile, s\u00e9 m\u00e1s astuto que la reina y sus malvadas hermanas. El regalo ideal para los entusiastas de los rompecabezas son los mosaicos de cuentos de hadas. Se incluyen 100 rompecabezas diferentes basados en tus historias favoritas. \u00a1Conoce al pr\u00edncipe azul despu\u00e9s de superar cinco obst\u00e1culos!          <\/p>\n<p>&nbsp;<\/p>\n<p>&nbsp;<\/p>\n<p><strong>Funciones:<\/strong><\/p>\n<p>&nbsp;<\/p>\n<ul>\n<li>100 mosaicos distintos<\/li>\n<li>5 emocionantes desaf\u00edos<\/li>\n<li>\u00bfCansado de correr contra el reloj? \u00a1Activa el modo no cronometrado! <\/li>\n<li>Una atm\u00f3sfera m\u00e1gica con m\u00e1s de diez horas de juego y m\u00fasica relajante y encantadora.<\/li>\n<li>Personajes e historias del cuento de hadas favorito de todos.<\/li>\n<li>Jugar es divertido para jugadores de todas las edades.<\/li>\n<li>Haz uso de las bonificaciones para avanzar de rango.<\/li>\n<li>Misiones exclusivas y dieciocho premios para verdaderos expertos<\/li>\n<li>\u00a1Termina las etapas para obtener el m\u00e1ximo n\u00famero de llaves y abrir nuevas tareas!<\/li>\n<\/ul>\n","protected":false},"excerpt":{"rendered":"<p>\u00a1Alcanza la pelota r\u00e1pidamente para evitar a las hermanas malvadas! Cenicienta 2, mosaicos de cuentos de hadas <\/p>\n","protected":false},"author":13,"featured_media":85006,"comment_status":"open","ping_status":"closed","template":"","meta":{"_acf_changed":false,"inline_featured_image":false},"product_brand":[],"product_cat":[192],"product_tag":[],"class_list":{"0":"post-140122","1":"product","2":"type-product","3":"status-publish","4":"has-post-thumbnail","6":"product_cat-puzzle-es","8":"first","9":"instock","10":"shipping-taxable","11":"purchasable","12":"product-type-simple"},"acf":[],"yoast_head":"<!-- This site is optimized with the Yoast SEO Premium plugin v25.2 (Yoast SEO v25.2) - https:\/\/yoast.com\/wordpress\/plugins\/seo\/ -->\n<title>Mosaicos de cuentos de hadas Cenicienta 2 - Mosaicos de cuentos de hadas - Cenicienta 2 - llegar al baile<\/title>\n<meta name=\"description\" content=\"\u00a1Alcanza la pelota r\u00e1pidamente para evitar a las hermanas malvadas! Cenicienta 2, mosaicos de cuentos de hadas\" \/>\n<meta name=\"robots\" content=\"index, follow, max-snippet:-1, max-image-preview:large, max-video-preview:-1\" \/>\n<link rel=\"canonical\" href=\"https:\/\/www.iplay.com\/es\/games\/fairytale-mosaics-cinderella-2\/\" \/>\n<meta property=\"og:locale\" content=\"es_ES\" \/>\n<meta property=\"og:type\" content=\"article\" \/>\n<meta property=\"og:title\" content=\"Fairytale Mosaics Cinderella 2\" \/>\n<meta property=\"og:description\" content=\"\u00a1Alcanza la pelota r\u00e1pidamente para evitar a las hermanas malvadas! Cenicienta 2, mosaicos de cuentos de hadas\" \/>\n<meta property=\"og:url\" content=\"https:\/\/www.iplay.com\/es\/games\/fairytale-mosaics-cinderella-2\/\" \/>\n<meta property=\"og:site_name\" content=\"IPlay\" \/>\n<meta property=\"og:image\" content=\"https:\/\/www.iplay.com\/wp-content\/uploads\/2023\/12\/large_square_tile_image-2824.jpg\" \/>\n\t<meta property=\"og:image:width\" content=\"310\" \/>\n\t<meta property=\"og:image:height\" content=\"310\" \/>\n\t<meta property=\"og:image:type\" content=\"image\/jpeg\" \/>\n<meta name=\"twitter:card\" content=\"summary_large_image\" \/>\n<meta name=\"twitter:label1\" content=\"Est. reading time\" \/>\n\t<meta name=\"twitter:data1\" content=\"1 minuto\" \/>\n<script type=\"application\/ld+json\" class=\"yoast-schema-graph\">{\"@context\":\"https:\/\/schema.org\",\"@graph\":[{\"@type\":\"WebPage\",\"@id\":\"https:\/\/www.iplay.com\/es\/games\/fairytale-mosaics-cinderella-2\/\",\"url\":\"https:\/\/www.iplay.com\/es\/games\/fairytale-mosaics-cinderella-2\/\",\"name\":\"Mosaicos de cuentos de hadas Cenicienta 2 - Mosaicos de cuentos de hadas - Cenicienta 2 - llegar al baile\",\"isPartOf\":{\"@id\":\"https:\/\/www.iplay.com\/en\/#website\"},\"primaryImageOfPage\":{\"@id\":\"https:\/\/www.iplay.com\/es\/games\/fairytale-mosaics-cinderella-2\/#primaryimage\"},\"image\":{\"@id\":\"https:\/\/www.iplay.com\/es\/games\/fairytale-mosaics-cinderella-2\/#primaryimage\"},\"thumbnailUrl\":\"https:\/\/www.iplay.com\/wp-content\/uploads\/2023\/12\/large_square_tile_image-2824.jpg\",\"datePublished\":\"2019-07-16T00:00:00+00:00\",\"description\":\"\u00a1Alcanza la pelota r\u00e1pidamente para evitar a las hermanas malvadas! Cenicienta 2, mosaicos de cuentos de hadas\",\"breadcrumb\":{\"@id\":\"https:\/\/www.iplay.com\/es\/games\/fairytale-mosaics-cinderella-2\/#breadcrumb\"},\"inLanguage\":\"es\",\"potentialAction\":[{\"@type\":\"ReadAction\",\"target\":[\"https:\/\/www.iplay.com\/es\/games\/fairytale-mosaics-cinderella-2\/\"]}]},{\"@type\":\"ImageObject\",\"inLanguage\":\"es\",\"@id\":\"https:\/\/www.iplay.com\/es\/games\/fairytale-mosaics-cinderella-2\/#primaryimage\",\"url\":\"https:\/\/www.iplay.com\/wp-content\/uploads\/2023\/12\/large_square_tile_image-2824.jpg\",\"contentUrl\":\"https:\/\/www.iplay.com\/wp-content\/uploads\/2023\/12\/large_square_tile_image-2824.jpg\",\"width\":310,\"height\":310},{\"@type\":\"BreadcrumbList\",\"@id\":\"https:\/\/www.iplay.com\/es\/games\/fairytale-mosaics-cinderella-2\/#breadcrumb\",\"itemListElement\":[{\"@type\":\"ListItem\",\"position\":1,\"name\":\"Home\",\"item\":\"https:\/\/www.iplay.com\/es\/home-page-2\/\"},{\"@type\":\"ListItem\",\"position\":2,\"name\":\"Shop\",\"item\":\"https:\/\/www.iplay.com\/en\/shop\/\"},{\"@type\":\"ListItem\",\"position\":3,\"name\":\"Fairytale Mosaics Cinderella 2\"}]},{\"@type\":\"WebSite\",\"@id\":\"https:\/\/www.iplay.com\/en\/#website\",\"url\":\"https:\/\/www.iplay.com\/en\/\",\"name\":\"IPlay\",\"description\":\"The Best Casual Games!\",\"publisher\":{\"@id\":\"https:\/\/www.iplay.com\/en\/#organization\"},\"potentialAction\":[{\"@type\":\"SearchAction\",\"target\":{\"@type\":\"EntryPoint\",\"urlTemplate\":\"https:\/\/www.iplay.com\/en\/?s={search_term_string}\"},\"query-input\":{\"@type\":\"PropertyValueSpecification\",\"valueRequired\":true,\"valueName\":\"search_term_string\"}}],\"inLanguage\":\"es\"},{\"@type\":\"Organization\",\"@id\":\"https:\/\/www.iplay.com\/en\/#organization\",\"name\":\"IPlay\",\"url\":\"https:\/\/www.iplay.com\/en\/\",\"logo\":{\"@type\":\"ImageObject\",\"inLanguage\":\"es\",\"@id\":\"https:\/\/www.iplay.com\/en\/#\/schema\/logo\/image\/\",\"url\":\"https:\/\/www.iplay.com\/wp-content\/uploads\/2023\/11\/Group-6100.svg\",\"contentUrl\":\"https:\/\/www.iplay.com\/wp-content\/uploads\/2023\/11\/Group-6100.svg\",\"width\":98,\"height\":25,\"caption\":\"IPlay\"},\"image\":{\"@id\":\"https:\/\/www.iplay.com\/en\/#\/schema\/logo\/image\/\"}}]}<\/script>\n<!-- \/ Yoast SEO Premium plugin. -->","yoast_head_json":{"title":"Mosaicos de cuentos de hadas Cenicienta 2 - Mosaicos de cuentos de hadas - Cenicienta 2 - llegar al baile","description":"\u00a1Alcanza la pelota r\u00e1pidamente para evitar a las hermanas malvadas! Cenicienta 2, mosaicos de cuentos de hadas","robots":{"index":"index","follow":"follow","max-snippet":"max-snippet:-1","max-image-preview":"max-image-preview:large","max-video-preview":"max-video-preview:-1"},"canonical":"https:\/\/www.iplay.com\/es\/games\/fairytale-mosaics-cinderella-2\/","og_locale":"es_ES","og_type":"article","og_title":"Fairytale Mosaics Cinderella 2","og_description":"\u00a1Alcanza la pelota r\u00e1pidamente para evitar a las hermanas malvadas! Cenicienta 2, mosaicos de cuentos de hadas","og_url":"https:\/\/www.iplay.com\/es\/games\/fairytale-mosaics-cinderella-2\/","og_site_name":"IPlay","og_image":[{"width":310,"height":310,"url":"https:\/\/www.iplay.com\/wp-content\/uploads\/2023\/12\/large_square_tile_image-2824.jpg","type":"image\/jpeg"}],"twitter_card":"summary_large_image","twitter_misc":{"Est. reading time":"1 minuto"},"schema":{"@context":"https:\/\/schema.org","@graph":[{"@type":"WebPage","@id":"https:\/\/www.iplay.com\/es\/games\/fairytale-mosaics-cinderella-2\/","url":"https:\/\/www.iplay.com\/es\/games\/fairytale-mosaics-cinderella-2\/","name":"Mosaicos de cuentos de hadas Cenicienta 2 - Mosaicos de cuentos de hadas - Cenicienta 2 - llegar al baile","isPartOf":{"@id":"https:\/\/www.iplay.com\/en\/#website"},"primaryImageOfPage":{"@id":"https:\/\/www.iplay.com\/es\/games\/fairytale-mosaics-cinderella-2\/#primaryimage"},"image":{"@id":"https:\/\/www.iplay.com\/es\/games\/fairytale-mosaics-cinderella-2\/#primaryimage"},"thumbnailUrl":"https:\/\/www.iplay.com\/wp-content\/uploads\/2023\/12\/large_square_tile_image-2824.jpg","datePublished":"2019-07-16T00:00:00+00:00","description":"\u00a1Alcanza la pelota r\u00e1pidamente para evitar a las hermanas malvadas! Cenicienta 2, mosaicos de cuentos de hadas","breadcrumb":{"@id":"https:\/\/www.iplay.com\/es\/games\/fairytale-mosaics-cinderella-2\/#breadcrumb"},"inLanguage":"es","potentialAction":[{"@type":"ReadAction","target":["https:\/\/www.iplay.com\/es\/games\/fairytale-mosaics-cinderella-2\/"]}]},{"@type":"ImageObject","inLanguage":"es","@id":"https:\/\/www.iplay.com\/es\/games\/fairytale-mosaics-cinderella-2\/#primaryimage","url":"https:\/\/www.iplay.com\/wp-content\/uploads\/2023\/12\/large_square_tile_image-2824.jpg","contentUrl":"https:\/\/www.iplay.com\/wp-content\/uploads\/2023\/12\/large_square_tile_image-2824.jpg","width":310,"height":310},{"@type":"BreadcrumbList","@id":"https:\/\/www.iplay.com\/es\/games\/fairytale-mosaics-cinderella-2\/#breadcrumb","itemListElement":[{"@type":"ListItem","position":1,"name":"Home","item":"https:\/\/www.iplay.com\/es\/home-page-2\/"},{"@type":"ListItem","position":2,"name":"Shop","item":"https:\/\/www.iplay.com\/en\/shop\/"},{"@type":"ListItem","position":3,"name":"Fairytale Mosaics Cinderella 2"}]},{"@type":"WebSite","@id":"https:\/\/www.iplay.com\/en\/#website","url":"https:\/\/www.iplay.com\/en\/","name":"IPlay","description":"The Best Casual Games!","publisher":{"@id":"https:\/\/www.iplay.com\/en\/#organization"},"potentialAction":[{"@type":"SearchAction","target":{"@type":"EntryPoint","urlTemplate":"https:\/\/www.iplay.com\/en\/?s={search_term_string}"},"query-input":{"@type":"PropertyValueSpecification","valueRequired":true,"valueName":"search_term_string"}}],"inLanguage":"es"},{"@type":"Organization","@id":"https:\/\/www.iplay.com\/en\/#organization","name":"IPlay","url":"https:\/\/www.iplay.com\/en\/","logo":{"@type":"ImageObject","inLanguage":"es","@id":"https:\/\/www.iplay.com\/en\/#\/schema\/logo\/image\/","url":"https:\/\/www.iplay.com\/wp-content\/uploads\/2023\/11\/Group-6100.svg","contentUrl":"https:\/\/www.iplay.com\/wp-content\/uploads\/2023\/11\/Group-6100.svg","width":98,"height":25,"caption":"IPlay"},"image":{"@id":"https:\/\/www.iplay.com\/en\/#\/schema\/logo\/image\/"}}]}},"_links":{"self":[{"href":"https:\/\/www.iplay.com\/es\/wp-json\/wp\/v2\/product\/140122","targetHints":{"allow":["GET"]}}],"collection":[{"href":"https:\/\/www.iplay.com\/es\/wp-json\/wp\/v2\/product"}],"about":[{"href":"https:\/\/www.iplay.com\/es\/wp-json\/wp\/v2\/types\/product"}],"author":[{"embeddable":true,"href":"https:\/\/www.iplay.com\/es\/wp-json\/wp\/v2\/users\/13"}],"replies":[{"embeddable":true,"href":"https:\/\/www.iplay.com\/es\/wp-json\/wp\/v2\/comments?post=140122"}],"wp:featuredmedia":[{"embeddable":true,"href":"https:\/\/www.iplay.com\/es\/wp-json\/wp\/v2\/media\/85006"}],"wp:attachment":[{"href":"https:\/\/www.iplay.com\/es\/wp-json\/wp\/v2\/media?parent=140122"}],"wp:term":[{"taxonomy":"product_brand","embeddable":true,"href":"https:\/\/www.iplay.com\/es\/wp-json\/wp\/v2\/product_brand?post=140122"},{"taxonomy":"product_cat","embeddable":true,"href":"https:\/\/www.iplay.com\/es\/wp-json\/wp\/v2\/product_cat?post=140122"},{"taxonomy":"product_tag","embeddable":true,"href":"https:\/\/www.iplay.com\/es\/wp-json\/wp\/v2\/product_tag?post=140122"}],"curies":[{"name":"wp","href":"https:\/\/api.w.org\/{rel}","templated":true}]}}