{"id":140037,"date":"2019-06-19T00:00:00","date_gmt":"2019-06-19T00:00:00","guid":{"rendered":"https:\/\/www.iplay.com\/games\/myths-of-the-world-the-black-sun-collectors-edition\/"},"modified":"2019-06-19T00:00:00","modified_gmt":"2019-06-19T00:00:00","slug":"myths-of-the-world-the-black-sun-collectors-edition","status":"publish","type":"product","link":"https:\/\/www.iplay.com\/es\/games\/myths-of-the-world-the-black-sun-collectors-edition\/","title":{"rendered":"Myths of the World: The Black Sun Collector&#8217;s Edition"},"content":{"rendered":"<p>\u00a1Disfruta de la \u00faltima entrega de la serie <em>Mitos del Mundo<\/em> ! Te han llamado para investigar la desaparici\u00f3n del comandante de tu ciudad natal. \u00a1Tu padre es convertido en piedra por una entidad extra\u00f1a antes de que puedas ir demasiado lejos! Buscar a la bestia e intentar salvar a la comunidad es una carrera contrarreloj. \u00bfSer\u00e1s la pr\u00f3xima v\u00edctima del monstruo o lo localizar\u00e1s a tiempo? \u00a1Desc\u00fabrelo en este emocionante viaje de rompecabezas de objetos ocultos! \u00a1En el cap\u00edtulo de bonificaci\u00f3n, \u00fanete a un amigo inesperado para salvar un pueblo moribundo!      <\/p>\n<p>&nbsp;<\/p>\n<p>&nbsp;<\/p>\n<p><strong>Funciones:<\/strong><\/p>\n<p>&nbsp;<\/p>\n<p>&#8211; Si necesitas ayuda o est\u00e1s atascado, consulta nuestra extensa gu\u00eda de estrategias.<\/p>\n<p>&#8211; Encuentra objetos que se transforman y re\u00fane lagartos ocultos para agregarlos a tu terrario.<br \/>\n&#8211; Cumple objetivos y re\u00fane medallas para tu colecci\u00f3n de recuerdos.<\/p>\n<p>&#8211; \u00a1Disfruta del arte conceptual, los minijuegos, la banda sonora, los HOP repetibles y mucho m\u00e1s!<\/p>\n","protected":false},"excerpt":{"rendered":"<p>\u00a1La embestida est\u00e1 en tu ciudad natal! La Edici\u00f3n Coleccionista de Mitos del Mundo: El Sol Negro <\/p>\n","protected":false},"author":17,"featured_media":89687,"comment_status":"open","ping_status":"closed","template":"","meta":{"_acf_changed":false,"inline_featured_image":false},"product_brand":[],"product_cat":[166],"product_tag":[288],"class_list":{"0":"post-140037","1":"product","2":"type-product","3":"status-publish","4":"has-post-thumbnail","6":"product_cat-hidden-object-es","7":"product_tag-play-on-pc-es","9":"first","10":"instock","11":"shipping-taxable","12":"purchasable","13":"product-type-simple"},"acf":[],"yoast_head":"<!-- This site is optimized with the Yoast SEO Premium plugin v25.2 (Yoast SEO v25.2) - https:\/\/yoast.com\/wordpress\/plugins\/seo\/ -->\n<title>Myths of the World: The Black Sun Collector&#039;s Edition - Defiende tu ciudad natal en Myths of the World: The Black Sun CE<\/title>\n<meta name=\"description\" content=\"\u00a1La embestida est\u00e1 en tu ciudad natal! La Edici\u00f3n Coleccionista de Mitos del Mundo: El Sol Negro\" \/>\n<meta name=\"robots\" content=\"index, follow, max-snippet:-1, max-image-preview:large, max-video-preview:-1\" \/>\n<link rel=\"canonical\" href=\"https:\/\/www.iplay.com\/es\/games\/myths-of-the-world-the-black-sun-collectors-edition\/\" \/>\n<meta property=\"og:locale\" content=\"es_ES\" \/>\n<meta property=\"og:type\" content=\"article\" \/>\n<meta property=\"og:title\" content=\"Myths of the World: The Black Sun Collector&#039;s Edition\" \/>\n<meta property=\"og:description\" content=\"\u00a1La embestida est\u00e1 en tu ciudad natal! La Edici\u00f3n Coleccionista de Mitos del Mundo: El Sol Negro\" \/>\n<meta property=\"og:url\" content=\"https:\/\/www.iplay.com\/es\/games\/myths-of-the-world-the-black-sun-collectors-edition\/\" \/>\n<meta property=\"og:site_name\" content=\"IPlay\" \/>\n<meta property=\"og:image\" content=\"https:\/\/www.iplay.com\/wp-content\/uploads\/2023\/12\/large_square_tile_image-3117.jpg\" \/>\n\t<meta property=\"og:image:width\" content=\"310\" \/>\n\t<meta property=\"og:image:height\" content=\"310\" \/>\n\t<meta property=\"og:image:type\" content=\"image\/jpeg\" \/>\n<meta name=\"twitter:card\" content=\"summary_large_image\" \/>\n<meta name=\"twitter:label1\" content=\"Est. reading time\" \/>\n\t<meta name=\"twitter:data1\" content=\"1 minuto\" \/>\n<script type=\"application\/ld+json\" class=\"yoast-schema-graph\">{\"@context\":\"https:\/\/schema.org\",\"@graph\":[{\"@type\":\"WebPage\",\"@id\":\"https:\/\/www.iplay.com\/es\/games\/myths-of-the-world-the-black-sun-collectors-edition\/\",\"url\":\"https:\/\/www.iplay.com\/es\/games\/myths-of-the-world-the-black-sun-collectors-edition\/\",\"name\":\"Myths of the World: The Black Sun Collector's Edition - Defiende tu ciudad natal en Myths of the World: The Black Sun CE\",\"isPartOf\":{\"@id\":\"https:\/\/www.iplay.com\/en\/#website\"},\"primaryImageOfPage\":{\"@id\":\"https:\/\/www.iplay.com\/es\/games\/myths-of-the-world-the-black-sun-collectors-edition\/#primaryimage\"},\"image\":{\"@id\":\"https:\/\/www.iplay.com\/es\/games\/myths-of-the-world-the-black-sun-collectors-edition\/#primaryimage\"},\"thumbnailUrl\":\"https:\/\/www.iplay.com\/wp-content\/uploads\/2023\/12\/large_square_tile_image-3117.jpg\",\"datePublished\":\"2019-06-19T00:00:00+00:00\",\"description\":\"\u00a1La embestida est\u00e1 en tu ciudad natal! La Edici\u00f3n Coleccionista de Mitos del Mundo: El Sol Negro\",\"breadcrumb\":{\"@id\":\"https:\/\/www.iplay.com\/es\/games\/myths-of-the-world-the-black-sun-collectors-edition\/#breadcrumb\"},\"inLanguage\":\"es\",\"potentialAction\":[{\"@type\":\"ReadAction\",\"target\":[\"https:\/\/www.iplay.com\/es\/games\/myths-of-the-world-the-black-sun-collectors-edition\/\"]}]},{\"@type\":\"ImageObject\",\"inLanguage\":\"es\",\"@id\":\"https:\/\/www.iplay.com\/es\/games\/myths-of-the-world-the-black-sun-collectors-edition\/#primaryimage\",\"url\":\"https:\/\/www.iplay.com\/wp-content\/uploads\/2023\/12\/large_square_tile_image-3117.jpg\",\"contentUrl\":\"https:\/\/www.iplay.com\/wp-content\/uploads\/2023\/12\/large_square_tile_image-3117.jpg\",\"width\":310,\"height\":310},{\"@type\":\"BreadcrumbList\",\"@id\":\"https:\/\/www.iplay.com\/es\/games\/myths-of-the-world-the-black-sun-collectors-edition\/#breadcrumb\",\"itemListElement\":[{\"@type\":\"ListItem\",\"position\":1,\"name\":\"Home\",\"item\":\"https:\/\/www.iplay.com\/es\/home-page-2\/\"},{\"@type\":\"ListItem\",\"position\":2,\"name\":\"Shop\",\"item\":\"https:\/\/www.iplay.com\/en\/shop\/\"},{\"@type\":\"ListItem\",\"position\":3,\"name\":\"Myths of the World: The Black Sun Collector&#8217;s Edition\"}]},{\"@type\":\"WebSite\",\"@id\":\"https:\/\/www.iplay.com\/en\/#website\",\"url\":\"https:\/\/www.iplay.com\/en\/\",\"name\":\"IPlay\",\"description\":\"The Best Casual Games!\",\"publisher\":{\"@id\":\"https:\/\/www.iplay.com\/en\/#organization\"},\"potentialAction\":[{\"@type\":\"SearchAction\",\"target\":{\"@type\":\"EntryPoint\",\"urlTemplate\":\"https:\/\/www.iplay.com\/en\/?s={search_term_string}\"},\"query-input\":{\"@type\":\"PropertyValueSpecification\",\"valueRequired\":true,\"valueName\":\"search_term_string\"}}],\"inLanguage\":\"es\"},{\"@type\":\"Organization\",\"@id\":\"https:\/\/www.iplay.com\/en\/#organization\",\"name\":\"IPlay\",\"url\":\"https:\/\/www.iplay.com\/en\/\",\"logo\":{\"@type\":\"ImageObject\",\"inLanguage\":\"es\",\"@id\":\"https:\/\/www.iplay.com\/en\/#\/schema\/logo\/image\/\",\"url\":\"https:\/\/www.iplay.com\/wp-content\/uploads\/2023\/11\/Group-6100.svg\",\"contentUrl\":\"https:\/\/www.iplay.com\/wp-content\/uploads\/2023\/11\/Group-6100.svg\",\"width\":98,\"height\":25,\"caption\":\"IPlay\"},\"image\":{\"@id\":\"https:\/\/www.iplay.com\/en\/#\/schema\/logo\/image\/\"}}]}<\/script>\n<!-- \/ Yoast SEO Premium plugin. -->","yoast_head_json":{"title":"Myths of the World: The Black Sun Collector's Edition - Defiende tu ciudad natal en Myths of the World: The Black Sun CE","description":"\u00a1La embestida est\u00e1 en tu ciudad natal! La Edici\u00f3n Coleccionista de Mitos del Mundo: El Sol Negro","robots":{"index":"index","follow":"follow","max-snippet":"max-snippet:-1","max-image-preview":"max-image-preview:large","max-video-preview":"max-video-preview:-1"},"canonical":"https:\/\/www.iplay.com\/es\/games\/myths-of-the-world-the-black-sun-collectors-edition\/","og_locale":"es_ES","og_type":"article","og_title":"Myths of the World: The Black Sun Collector's Edition","og_description":"\u00a1La embestida est\u00e1 en tu ciudad natal! La Edici\u00f3n Coleccionista de Mitos del Mundo: El Sol Negro","og_url":"https:\/\/www.iplay.com\/es\/games\/myths-of-the-world-the-black-sun-collectors-edition\/","og_site_name":"IPlay","og_image":[{"width":310,"height":310,"url":"https:\/\/www.iplay.com\/wp-content\/uploads\/2023\/12\/large_square_tile_image-3117.jpg","type":"image\/jpeg"}],"twitter_card":"summary_large_image","twitter_misc":{"Est. reading time":"1 minuto"},"schema":{"@context":"https:\/\/schema.org","@graph":[{"@type":"WebPage","@id":"https:\/\/www.iplay.com\/es\/games\/myths-of-the-world-the-black-sun-collectors-edition\/","url":"https:\/\/www.iplay.com\/es\/games\/myths-of-the-world-the-black-sun-collectors-edition\/","name":"Myths of the World: The Black Sun Collector's Edition - Defiende tu ciudad natal en Myths of the World: The Black Sun CE","isPartOf":{"@id":"https:\/\/www.iplay.com\/en\/#website"},"primaryImageOfPage":{"@id":"https:\/\/www.iplay.com\/es\/games\/myths-of-the-world-the-black-sun-collectors-edition\/#primaryimage"},"image":{"@id":"https:\/\/www.iplay.com\/es\/games\/myths-of-the-world-the-black-sun-collectors-edition\/#primaryimage"},"thumbnailUrl":"https:\/\/www.iplay.com\/wp-content\/uploads\/2023\/12\/large_square_tile_image-3117.jpg","datePublished":"2019-06-19T00:00:00+00:00","description":"\u00a1La embestida est\u00e1 en tu ciudad natal! La Edici\u00f3n Coleccionista de Mitos del Mundo: El Sol Negro","breadcrumb":{"@id":"https:\/\/www.iplay.com\/es\/games\/myths-of-the-world-the-black-sun-collectors-edition\/#breadcrumb"},"inLanguage":"es","potentialAction":[{"@type":"ReadAction","target":["https:\/\/www.iplay.com\/es\/games\/myths-of-the-world-the-black-sun-collectors-edition\/"]}]},{"@type":"ImageObject","inLanguage":"es","@id":"https:\/\/www.iplay.com\/es\/games\/myths-of-the-world-the-black-sun-collectors-edition\/#primaryimage","url":"https:\/\/www.iplay.com\/wp-content\/uploads\/2023\/12\/large_square_tile_image-3117.jpg","contentUrl":"https:\/\/www.iplay.com\/wp-content\/uploads\/2023\/12\/large_square_tile_image-3117.jpg","width":310,"height":310},{"@type":"BreadcrumbList","@id":"https:\/\/www.iplay.com\/es\/games\/myths-of-the-world-the-black-sun-collectors-edition\/#breadcrumb","itemListElement":[{"@type":"ListItem","position":1,"name":"Home","item":"https:\/\/www.iplay.com\/es\/home-page-2\/"},{"@type":"ListItem","position":2,"name":"Shop","item":"https:\/\/www.iplay.com\/en\/shop\/"},{"@type":"ListItem","position":3,"name":"Myths of the World: The Black Sun Collector&#8217;s Edition"}]},{"@type":"WebSite","@id":"https:\/\/www.iplay.com\/en\/#website","url":"https:\/\/www.iplay.com\/en\/","name":"IPlay","description":"The Best Casual Games!","publisher":{"@id":"https:\/\/www.iplay.com\/en\/#organization"},"potentialAction":[{"@type":"SearchAction","target":{"@type":"EntryPoint","urlTemplate":"https:\/\/www.iplay.com\/en\/?s={search_term_string}"},"query-input":{"@type":"PropertyValueSpecification","valueRequired":true,"valueName":"search_term_string"}}],"inLanguage":"es"},{"@type":"Organization","@id":"https:\/\/www.iplay.com\/en\/#organization","name":"IPlay","url":"https:\/\/www.iplay.com\/en\/","logo":{"@type":"ImageObject","inLanguage":"es","@id":"https:\/\/www.iplay.com\/en\/#\/schema\/logo\/image\/","url":"https:\/\/www.iplay.com\/wp-content\/uploads\/2023\/11\/Group-6100.svg","contentUrl":"https:\/\/www.iplay.com\/wp-content\/uploads\/2023\/11\/Group-6100.svg","width":98,"height":25,"caption":"IPlay"},"image":{"@id":"https:\/\/www.iplay.com\/en\/#\/schema\/logo\/image\/"}}]}},"_links":{"self":[{"href":"https:\/\/www.iplay.com\/es\/wp-json\/wp\/v2\/product\/140037","targetHints":{"allow":["GET"]}}],"collection":[{"href":"https:\/\/www.iplay.com\/es\/wp-json\/wp\/v2\/product"}],"about":[{"href":"https:\/\/www.iplay.com\/es\/wp-json\/wp\/v2\/types\/product"}],"author":[{"embeddable":true,"href":"https:\/\/www.iplay.com\/es\/wp-json\/wp\/v2\/users\/17"}],"replies":[{"embeddable":true,"href":"https:\/\/www.iplay.com\/es\/wp-json\/wp\/v2\/comments?post=140037"}],"wp:featuredmedia":[{"embeddable":true,"href":"https:\/\/www.iplay.com\/es\/wp-json\/wp\/v2\/media\/89687"}],"wp:attachment":[{"href":"https:\/\/www.iplay.com\/es\/wp-json\/wp\/v2\/media?parent=140037"}],"wp:term":[{"taxonomy":"product_brand","embeddable":true,"href":"https:\/\/www.iplay.com\/es\/wp-json\/wp\/v2\/product_brand?post=140037"},{"taxonomy":"product_cat","embeddable":true,"href":"https:\/\/www.iplay.com\/es\/wp-json\/wp\/v2\/product_cat?post=140037"},{"taxonomy":"product_tag","embeddable":true,"href":"https:\/\/www.iplay.com\/es\/wp-json\/wp\/v2\/product_tag?post=140037"}],"curies":[{"name":"wp","href":"https:\/\/api.w.org\/{rel}","templated":true}]}}