{"id":140031,"date":"2019-06-16T00:00:00","date_gmt":"2019-06-16T00:00:00","guid":{"rendered":"https:\/\/www.iplay.com\/games\/solitaire-detective-2-accidental-witness\/"},"modified":"2019-06-16T00:00:00","modified_gmt":"2019-06-16T00:00:00","slug":"solitaire-detective-2-accidental-witness","status":"publish","type":"product","link":"https:\/\/www.iplay.com\/es\/games\/solitaire-detective-2-accidental-witness\/","title":{"rendered":"Solitaire Detective 2 &#8211; Accidental Witness"},"content":{"rendered":"<p>Dos individuos con armas en sus manos y m\u00e1scaras salieron de la joyer\u00eda el mismo d\u00eda en que Elizabeth planeaba capturar algunas fotos para su blog de redes sociales. Lanzaron una mirada fugaz a Elizabeth antes de desaparecer por la puerta abierta de una furgoneta. El autom\u00f3vil con la gente armada desapareci\u00f3 tan r\u00e1pido como hab\u00eda aparecido, y el motor aull\u00f3. El autom\u00f3vil desapareci\u00f3 en cuesti\u00f3n de segundos. Lo \u00fanico que quedaba para que sirviera de recuerdo del suceso era el tono de la alarma. tambi\u00e9n un par de fotos que Elizabeth hab\u00eda logrado tomar. Elizabeth, que sin querer se convirti\u00f3 en testigo de un atraco, dijo: Pero&#8230; Los ladrones me vieron, eso es seguro. \u00a1Necesito salir de aqu\u00ed ahora mismo! Los acontecimientos no hab\u00edan hecho m\u00e1s que empezar a tomar forma en ese momento&#8230; \u00bfA qui\u00e9n elegir\u00e1n los ladrones como su pr\u00f3xima v\u00edctima? \u00bfAlguien los encontrar\u00e1 finalmente? \u00bfD\u00f3nde terminar\u00e1 nuestra hero\u00edna con su inquebrantable voluntad de ayudar con la investigaci\u00f3n policial? \u00a1Ven a aprender las respuestas a todas estas preguntas con Elizabeth!            <\/p>\n<p>&nbsp;<\/p>\n<p><strong>Funciones:<\/strong><\/p>\n<ul>\n<li>Cautivador juego de solitario<\/li>\n<li>F\u00e1cil de aprender y jugar<\/li>\n<li>Descubre numerosos lugares impresionantes<\/li>\n<\/ul>\n","protected":false},"excerpt":{"rendered":"<p>Resuelve el misterio del Testigo Accidental con Elizabeth en Solitario Detective 2 &#8211; Testigo Accidental<\/p>\n","protected":false},"author":16,"featured_media":93364,"comment_status":"open","ping_status":"closed","template":"","meta":{"_acf_changed":false,"inline_featured_image":false},"product_brand":[],"product_cat":[154,209],"product_tag":[288],"class_list":{"0":"post-140031","1":"product","2":"type-product","3":"status-publish","4":"has-post-thumbnail","6":"product_cat-card-es","7":"product_cat-solitaire-es","8":"product_tag-play-on-pc-es","10":"first","11":"instock","12":"shipping-taxable","13":"purchasable","14":"product-type-simple"},"acf":[],"yoast_head":"<!-- This site is optimized with the Yoast SEO Premium plugin v25.2 (Yoast SEO v25.2) - https:\/\/yoast.com\/wordpress\/plugins\/seo\/ -->\n<title>Solitaire Detective 2 - Testigo Accidental - Resuelve el misterio del Testigo Accidental con Elizabeth<\/title>\n<meta name=\"description\" content=\"Resuelve el misterio del Testigo Accidental con Elizabeth en Solitario Detective 2 - Testigo Accidental\" \/>\n<meta name=\"robots\" content=\"index, follow, max-snippet:-1, max-image-preview:large, max-video-preview:-1\" \/>\n<link rel=\"canonical\" href=\"https:\/\/www.iplay.com\/es\/games\/solitaire-detective-2-accidental-witness\/\" \/>\n<meta property=\"og:locale\" content=\"es_ES\" \/>\n<meta property=\"og:type\" content=\"article\" \/>\n<meta property=\"og:title\" content=\"Solitaire Detective 2 - Accidental Witness\" \/>\n<meta property=\"og:description\" content=\"Resuelve el misterio del Testigo Accidental con Elizabeth en Solitario Detective 2 - Testigo Accidental\" \/>\n<meta property=\"og:url\" content=\"https:\/\/www.iplay.com\/es\/games\/solitaire-detective-2-accidental-witness\/\" \/>\n<meta property=\"og:site_name\" content=\"IPlay\" \/>\n<meta property=\"og:image\" content=\"https:\/\/www.iplay.com\/wp-content\/uploads\/2023\/12\/large_square_tile_image-3351.jpg\" \/>\n\t<meta property=\"og:image:width\" content=\"310\" \/>\n\t<meta property=\"og:image:height\" content=\"310\" \/>\n\t<meta property=\"og:image:type\" content=\"image\/jpeg\" \/>\n<meta name=\"twitter:card\" content=\"summary_large_image\" \/>\n<meta name=\"twitter:label1\" content=\"Est. reading time\" \/>\n\t<meta name=\"twitter:data1\" content=\"1 minuto\" \/>\n<script type=\"application\/ld+json\" class=\"yoast-schema-graph\">{\"@context\":\"https:\/\/schema.org\",\"@graph\":[{\"@type\":\"WebPage\",\"@id\":\"https:\/\/www.iplay.com\/es\/games\/solitaire-detective-2-accidental-witness\/\",\"url\":\"https:\/\/www.iplay.com\/es\/games\/solitaire-detective-2-accidental-witness\/\",\"name\":\"Solitaire Detective 2 - Testigo Accidental - Resuelve el misterio del Testigo Accidental con Elizabeth\",\"isPartOf\":{\"@id\":\"https:\/\/www.iplay.com\/en\/#website\"},\"primaryImageOfPage\":{\"@id\":\"https:\/\/www.iplay.com\/es\/games\/solitaire-detective-2-accidental-witness\/#primaryimage\"},\"image\":{\"@id\":\"https:\/\/www.iplay.com\/es\/games\/solitaire-detective-2-accidental-witness\/#primaryimage\"},\"thumbnailUrl\":\"https:\/\/www.iplay.com\/wp-content\/uploads\/2023\/12\/large_square_tile_image-3351.jpg\",\"datePublished\":\"2019-06-16T00:00:00+00:00\",\"description\":\"Resuelve el misterio del Testigo Accidental con Elizabeth en Solitario Detective 2 - Testigo Accidental\",\"breadcrumb\":{\"@id\":\"https:\/\/www.iplay.com\/es\/games\/solitaire-detective-2-accidental-witness\/#breadcrumb\"},\"inLanguage\":\"es\",\"potentialAction\":[{\"@type\":\"ReadAction\",\"target\":[\"https:\/\/www.iplay.com\/es\/games\/solitaire-detective-2-accidental-witness\/\"]}]},{\"@type\":\"ImageObject\",\"inLanguage\":\"es\",\"@id\":\"https:\/\/www.iplay.com\/es\/games\/solitaire-detective-2-accidental-witness\/#primaryimage\",\"url\":\"https:\/\/www.iplay.com\/wp-content\/uploads\/2023\/12\/large_square_tile_image-3351.jpg\",\"contentUrl\":\"https:\/\/www.iplay.com\/wp-content\/uploads\/2023\/12\/large_square_tile_image-3351.jpg\",\"width\":310,\"height\":310},{\"@type\":\"BreadcrumbList\",\"@id\":\"https:\/\/www.iplay.com\/es\/games\/solitaire-detective-2-accidental-witness\/#breadcrumb\",\"itemListElement\":[{\"@type\":\"ListItem\",\"position\":1,\"name\":\"Home\",\"item\":\"https:\/\/www.iplay.com\/es\/home-page-2\/\"},{\"@type\":\"ListItem\",\"position\":2,\"name\":\"Shop\",\"item\":\"https:\/\/www.iplay.com\/en\/shop\/\"},{\"@type\":\"ListItem\",\"position\":3,\"name\":\"Solitaire Detective 2 &#8211; Accidental Witness\"}]},{\"@type\":\"WebSite\",\"@id\":\"https:\/\/www.iplay.com\/en\/#website\",\"url\":\"https:\/\/www.iplay.com\/en\/\",\"name\":\"IPlay\",\"description\":\"The Best Casual Games!\",\"publisher\":{\"@id\":\"https:\/\/www.iplay.com\/en\/#organization\"},\"potentialAction\":[{\"@type\":\"SearchAction\",\"target\":{\"@type\":\"EntryPoint\",\"urlTemplate\":\"https:\/\/www.iplay.com\/en\/?s={search_term_string}\"},\"query-input\":{\"@type\":\"PropertyValueSpecification\",\"valueRequired\":true,\"valueName\":\"search_term_string\"}}],\"inLanguage\":\"es\"},{\"@type\":\"Organization\",\"@id\":\"https:\/\/www.iplay.com\/en\/#organization\",\"name\":\"IPlay\",\"url\":\"https:\/\/www.iplay.com\/en\/\",\"logo\":{\"@type\":\"ImageObject\",\"inLanguage\":\"es\",\"@id\":\"https:\/\/www.iplay.com\/en\/#\/schema\/logo\/image\/\",\"url\":\"https:\/\/www.iplay.com\/wp-content\/uploads\/2023\/11\/Group-6100.svg\",\"contentUrl\":\"https:\/\/www.iplay.com\/wp-content\/uploads\/2023\/11\/Group-6100.svg\",\"width\":98,\"height\":25,\"caption\":\"IPlay\"},\"image\":{\"@id\":\"https:\/\/www.iplay.com\/en\/#\/schema\/logo\/image\/\"}}]}<\/script>\n<!-- \/ Yoast SEO Premium plugin. -->","yoast_head_json":{"title":"Solitaire Detective 2 - Testigo Accidental - Resuelve el misterio del Testigo Accidental con Elizabeth","description":"Resuelve el misterio del Testigo Accidental con Elizabeth en Solitario Detective 2 - Testigo Accidental","robots":{"index":"index","follow":"follow","max-snippet":"max-snippet:-1","max-image-preview":"max-image-preview:large","max-video-preview":"max-video-preview:-1"},"canonical":"https:\/\/www.iplay.com\/es\/games\/solitaire-detective-2-accidental-witness\/","og_locale":"es_ES","og_type":"article","og_title":"Solitaire Detective 2 - Accidental Witness","og_description":"Resuelve el misterio del Testigo Accidental con Elizabeth en Solitario Detective 2 - Testigo Accidental","og_url":"https:\/\/www.iplay.com\/es\/games\/solitaire-detective-2-accidental-witness\/","og_site_name":"IPlay","og_image":[{"width":310,"height":310,"url":"https:\/\/www.iplay.com\/wp-content\/uploads\/2023\/12\/large_square_tile_image-3351.jpg","type":"image\/jpeg"}],"twitter_card":"summary_large_image","twitter_misc":{"Est. reading time":"1 minuto"},"schema":{"@context":"https:\/\/schema.org","@graph":[{"@type":"WebPage","@id":"https:\/\/www.iplay.com\/es\/games\/solitaire-detective-2-accidental-witness\/","url":"https:\/\/www.iplay.com\/es\/games\/solitaire-detective-2-accidental-witness\/","name":"Solitaire Detective 2 - Testigo Accidental - Resuelve el misterio del Testigo Accidental con Elizabeth","isPartOf":{"@id":"https:\/\/www.iplay.com\/en\/#website"},"primaryImageOfPage":{"@id":"https:\/\/www.iplay.com\/es\/games\/solitaire-detective-2-accidental-witness\/#primaryimage"},"image":{"@id":"https:\/\/www.iplay.com\/es\/games\/solitaire-detective-2-accidental-witness\/#primaryimage"},"thumbnailUrl":"https:\/\/www.iplay.com\/wp-content\/uploads\/2023\/12\/large_square_tile_image-3351.jpg","datePublished":"2019-06-16T00:00:00+00:00","description":"Resuelve el misterio del Testigo Accidental con Elizabeth en Solitario Detective 2 - Testigo Accidental","breadcrumb":{"@id":"https:\/\/www.iplay.com\/es\/games\/solitaire-detective-2-accidental-witness\/#breadcrumb"},"inLanguage":"es","potentialAction":[{"@type":"ReadAction","target":["https:\/\/www.iplay.com\/es\/games\/solitaire-detective-2-accidental-witness\/"]}]},{"@type":"ImageObject","inLanguage":"es","@id":"https:\/\/www.iplay.com\/es\/games\/solitaire-detective-2-accidental-witness\/#primaryimage","url":"https:\/\/www.iplay.com\/wp-content\/uploads\/2023\/12\/large_square_tile_image-3351.jpg","contentUrl":"https:\/\/www.iplay.com\/wp-content\/uploads\/2023\/12\/large_square_tile_image-3351.jpg","width":310,"height":310},{"@type":"BreadcrumbList","@id":"https:\/\/www.iplay.com\/es\/games\/solitaire-detective-2-accidental-witness\/#breadcrumb","itemListElement":[{"@type":"ListItem","position":1,"name":"Home","item":"https:\/\/www.iplay.com\/es\/home-page-2\/"},{"@type":"ListItem","position":2,"name":"Shop","item":"https:\/\/www.iplay.com\/en\/shop\/"},{"@type":"ListItem","position":3,"name":"Solitaire Detective 2 &#8211; Accidental Witness"}]},{"@type":"WebSite","@id":"https:\/\/www.iplay.com\/en\/#website","url":"https:\/\/www.iplay.com\/en\/","name":"IPlay","description":"The Best Casual Games!","publisher":{"@id":"https:\/\/www.iplay.com\/en\/#organization"},"potentialAction":[{"@type":"SearchAction","target":{"@type":"EntryPoint","urlTemplate":"https:\/\/www.iplay.com\/en\/?s={search_term_string}"},"query-input":{"@type":"PropertyValueSpecification","valueRequired":true,"valueName":"search_term_string"}}],"inLanguage":"es"},{"@type":"Organization","@id":"https:\/\/www.iplay.com\/en\/#organization","name":"IPlay","url":"https:\/\/www.iplay.com\/en\/","logo":{"@type":"ImageObject","inLanguage":"es","@id":"https:\/\/www.iplay.com\/en\/#\/schema\/logo\/image\/","url":"https:\/\/www.iplay.com\/wp-content\/uploads\/2023\/11\/Group-6100.svg","contentUrl":"https:\/\/www.iplay.com\/wp-content\/uploads\/2023\/11\/Group-6100.svg","width":98,"height":25,"caption":"IPlay"},"image":{"@id":"https:\/\/www.iplay.com\/en\/#\/schema\/logo\/image\/"}}]}},"_links":{"self":[{"href":"https:\/\/www.iplay.com\/es\/wp-json\/wp\/v2\/product\/140031","targetHints":{"allow":["GET"]}}],"collection":[{"href":"https:\/\/www.iplay.com\/es\/wp-json\/wp\/v2\/product"}],"about":[{"href":"https:\/\/www.iplay.com\/es\/wp-json\/wp\/v2\/types\/product"}],"author":[{"embeddable":true,"href":"https:\/\/www.iplay.com\/es\/wp-json\/wp\/v2\/users\/16"}],"replies":[{"embeddable":true,"href":"https:\/\/www.iplay.com\/es\/wp-json\/wp\/v2\/comments?post=140031"}],"wp:featuredmedia":[{"embeddable":true,"href":"https:\/\/www.iplay.com\/es\/wp-json\/wp\/v2\/media\/93364"}],"wp:attachment":[{"href":"https:\/\/www.iplay.com\/es\/wp-json\/wp\/v2\/media?parent=140031"}],"wp:term":[{"taxonomy":"product_brand","embeddable":true,"href":"https:\/\/www.iplay.com\/es\/wp-json\/wp\/v2\/product_brand?post=140031"},{"taxonomy":"product_cat","embeddable":true,"href":"https:\/\/www.iplay.com\/es\/wp-json\/wp\/v2\/product_cat?post=140031"},{"taxonomy":"product_tag","embeddable":true,"href":"https:\/\/www.iplay.com\/es\/wp-json\/wp\/v2\/product_tag?post=140031"}],"curies":[{"name":"wp","href":"https:\/\/api.w.org\/{rel}","templated":true}]}}