{"id":140022,"date":"2019-06-15T00:00:00","date_gmt":"2019-06-15T00:00:00","guid":{"rendered":"https:\/\/www.iplay.com\/games\/hidden-world-of-art-3\/"},"modified":"2019-06-15T00:00:00","modified_gmt":"2019-06-15T00:00:00","slug":"hidden-world-of-art-3","status":"publish","type":"product","link":"https:\/\/www.iplay.com\/es\/games\/hidden-world-of-art-3\/","title":{"rendered":"Hidden World of Art &#8211; 3"},"content":{"rendered":"<p>Descubre el peligro que se esconde en las obras de los m\u00e1s grandes pintores hist\u00f3ricos. Su trabajo como restauradora de obras de arte antiguas y conocidas fascina a Lana. Est\u00e1 ciega al hecho de que su agotamiento se est\u00e1 convirtiendo en algo mucho m\u00e1s siniestro. Para prevalecer sobre tu subconsciente, tendr\u00e1s que hacer tu mejor esfuerzo. \u00bfEres capaz de liberarte de las ataduras de las viejas pinturas? \u00bfO vas a quedarte atrapado en un ciclo interminable de auto-reparaci\u00f3n dentro de tu propia cabeza?     <\/p>\n<p>&nbsp;<\/p>\n<p>&nbsp;<\/p>\n<p><strong>Funciones:<\/strong><\/p>\n<p>&nbsp;<\/p>\n<p>&#8211; Restaurar obras de arte conocidas<\/p>\n<p>&#8211; Hermosos gr\u00e1ficos<\/p>\n<p>&#8211; Jugabilidad tradicional<\/p>\n<p>&#8211; Narrativa interesante<\/p>\n<p>&#8211; Niveles jugables con una gran cantidad de cosas<\/p>\n<p>&#8211; Maravillosa banda sonora<\/p>\n<p>&#8211; El regreso de la querida serie Undiscovered Art World<\/p>\n","protected":false},"excerpt":{"rendered":"<p>\u00bfQu\u00e9 misterios se esconden bajo los lienzos de los grandes artistas? Desc\u00fabrelo en Secret World of Art 3 <\/p>\n","protected":false},"author":73,"featured_media":93380,"comment_status":"open","ping_status":"closed","template":"","meta":{"_acf_changed":false,"inline_featured_image":false},"product_brand":[],"product_cat":[166],"product_tag":[288],"class_list":{"0":"post-140022","1":"product","2":"type-product","3":"status-publish","4":"has-post-thumbnail","6":"product_cat-hidden-object-es","7":"product_tag-play-on-pc-es","9":"first","10":"instock","11":"shipping-taxable","12":"purchasable","13":"product-type-simple"},"acf":[],"yoast_head":"<!-- This site is optimized with the Yoast SEO Premium plugin v25.2 (Yoast SEO v25.2) - https:\/\/yoast.com\/wordpress\/plugins\/seo\/ -->\n<title>Hidden World of Art - 3 - Descubre secretos en Hidden World of Art 3<\/title>\n<meta name=\"description\" content=\"\u00bfQu\u00e9 misterios se esconden bajo los lienzos de los grandes artistas? Desc\u00fabrelo en Secret World of Art 3\" \/>\n<meta name=\"robots\" content=\"index, follow, max-snippet:-1, max-image-preview:large, max-video-preview:-1\" \/>\n<link rel=\"canonical\" href=\"https:\/\/www.iplay.com\/es\/games\/hidden-world-of-art-3\/\" \/>\n<meta property=\"og:locale\" content=\"es_ES\" \/>\n<meta property=\"og:type\" content=\"article\" \/>\n<meta property=\"og:title\" content=\"Hidden World of Art - 3\" \/>\n<meta property=\"og:description\" content=\"\u00bfQu\u00e9 misterios se esconden bajo los lienzos de los grandes artistas? Desc\u00fabrelo en Secret World of Art 3\" \/>\n<meta property=\"og:url\" content=\"https:\/\/www.iplay.com\/es\/games\/hidden-world-of-art-3\/\" \/>\n<meta property=\"og:site_name\" content=\"IPlay\" \/>\n<meta property=\"og:image\" content=\"https:\/\/www.iplay.com\/wp-content\/uploads\/2023\/12\/large_square_tile_image-3352.jpg\" \/>\n\t<meta property=\"og:image:width\" content=\"310\" \/>\n\t<meta property=\"og:image:height\" content=\"310\" \/>\n\t<meta property=\"og:image:type\" content=\"image\/jpeg\" \/>\n<meta name=\"twitter:card\" content=\"summary_large_image\" \/>\n<meta name=\"twitter:label1\" content=\"Est. reading time\" \/>\n\t<meta name=\"twitter:data1\" content=\"1 minuto\" \/>\n<script type=\"application\/ld+json\" class=\"yoast-schema-graph\">{\"@context\":\"https:\/\/schema.org\",\"@graph\":[{\"@type\":\"WebPage\",\"@id\":\"https:\/\/www.iplay.com\/es\/games\/hidden-world-of-art-3\/\",\"url\":\"https:\/\/www.iplay.com\/es\/games\/hidden-world-of-art-3\/\",\"name\":\"Hidden World of Art - 3 - Descubre secretos en Hidden World of Art 3\",\"isPartOf\":{\"@id\":\"https:\/\/www.iplay.com\/en\/#website\"},\"primaryImageOfPage\":{\"@id\":\"https:\/\/www.iplay.com\/es\/games\/hidden-world-of-art-3\/#primaryimage\"},\"image\":{\"@id\":\"https:\/\/www.iplay.com\/es\/games\/hidden-world-of-art-3\/#primaryimage\"},\"thumbnailUrl\":\"https:\/\/www.iplay.com\/wp-content\/uploads\/2023\/12\/large_square_tile_image-3352.jpg\",\"datePublished\":\"2019-06-15T00:00:00+00:00\",\"description\":\"\u00bfQu\u00e9 misterios se esconden bajo los lienzos de los grandes artistas? Desc\u00fabrelo en Secret World of Art 3\",\"breadcrumb\":{\"@id\":\"https:\/\/www.iplay.com\/es\/games\/hidden-world-of-art-3\/#breadcrumb\"},\"inLanguage\":\"es\",\"potentialAction\":[{\"@type\":\"ReadAction\",\"target\":[\"https:\/\/www.iplay.com\/es\/games\/hidden-world-of-art-3\/\"]}]},{\"@type\":\"ImageObject\",\"inLanguage\":\"es\",\"@id\":\"https:\/\/www.iplay.com\/es\/games\/hidden-world-of-art-3\/#primaryimage\",\"url\":\"https:\/\/www.iplay.com\/wp-content\/uploads\/2023\/12\/large_square_tile_image-3352.jpg\",\"contentUrl\":\"https:\/\/www.iplay.com\/wp-content\/uploads\/2023\/12\/large_square_tile_image-3352.jpg\",\"width\":310,\"height\":310},{\"@type\":\"BreadcrumbList\",\"@id\":\"https:\/\/www.iplay.com\/es\/games\/hidden-world-of-art-3\/#breadcrumb\",\"itemListElement\":[{\"@type\":\"ListItem\",\"position\":1,\"name\":\"Home\",\"item\":\"https:\/\/www.iplay.com\/es\/home-page-2\/\"},{\"@type\":\"ListItem\",\"position\":2,\"name\":\"Shop\",\"item\":\"https:\/\/www.iplay.com\/en\/shop\/\"},{\"@type\":\"ListItem\",\"position\":3,\"name\":\"Hidden World of Art &#8211; 3\"}]},{\"@type\":\"WebSite\",\"@id\":\"https:\/\/www.iplay.com\/en\/#website\",\"url\":\"https:\/\/www.iplay.com\/en\/\",\"name\":\"IPlay\",\"description\":\"The Best Casual Games!\",\"publisher\":{\"@id\":\"https:\/\/www.iplay.com\/en\/#organization\"},\"potentialAction\":[{\"@type\":\"SearchAction\",\"target\":{\"@type\":\"EntryPoint\",\"urlTemplate\":\"https:\/\/www.iplay.com\/en\/?s={search_term_string}\"},\"query-input\":{\"@type\":\"PropertyValueSpecification\",\"valueRequired\":true,\"valueName\":\"search_term_string\"}}],\"inLanguage\":\"es\"},{\"@type\":\"Organization\",\"@id\":\"https:\/\/www.iplay.com\/en\/#organization\",\"name\":\"IPlay\",\"url\":\"https:\/\/www.iplay.com\/en\/\",\"logo\":{\"@type\":\"ImageObject\",\"inLanguage\":\"es\",\"@id\":\"https:\/\/www.iplay.com\/en\/#\/schema\/logo\/image\/\",\"url\":\"https:\/\/www.iplay.com\/wp-content\/uploads\/2023\/11\/Group-6100.svg\",\"contentUrl\":\"https:\/\/www.iplay.com\/wp-content\/uploads\/2023\/11\/Group-6100.svg\",\"width\":98,\"height\":25,\"caption\":\"IPlay\"},\"image\":{\"@id\":\"https:\/\/www.iplay.com\/en\/#\/schema\/logo\/image\/\"}}]}<\/script>\n<!-- \/ Yoast SEO Premium plugin. -->","yoast_head_json":{"title":"Hidden World of Art - 3 - Descubre secretos en Hidden World of Art 3","description":"\u00bfQu\u00e9 misterios se esconden bajo los lienzos de los grandes artistas? Desc\u00fabrelo en Secret World of Art 3","robots":{"index":"index","follow":"follow","max-snippet":"max-snippet:-1","max-image-preview":"max-image-preview:large","max-video-preview":"max-video-preview:-1"},"canonical":"https:\/\/www.iplay.com\/es\/games\/hidden-world-of-art-3\/","og_locale":"es_ES","og_type":"article","og_title":"Hidden World of Art - 3","og_description":"\u00bfQu\u00e9 misterios se esconden bajo los lienzos de los grandes artistas? Desc\u00fabrelo en Secret World of Art 3","og_url":"https:\/\/www.iplay.com\/es\/games\/hidden-world-of-art-3\/","og_site_name":"IPlay","og_image":[{"width":310,"height":310,"url":"https:\/\/www.iplay.com\/wp-content\/uploads\/2023\/12\/large_square_tile_image-3352.jpg","type":"image\/jpeg"}],"twitter_card":"summary_large_image","twitter_misc":{"Est. reading time":"1 minuto"},"schema":{"@context":"https:\/\/schema.org","@graph":[{"@type":"WebPage","@id":"https:\/\/www.iplay.com\/es\/games\/hidden-world-of-art-3\/","url":"https:\/\/www.iplay.com\/es\/games\/hidden-world-of-art-3\/","name":"Hidden World of Art - 3 - Descubre secretos en Hidden World of Art 3","isPartOf":{"@id":"https:\/\/www.iplay.com\/en\/#website"},"primaryImageOfPage":{"@id":"https:\/\/www.iplay.com\/es\/games\/hidden-world-of-art-3\/#primaryimage"},"image":{"@id":"https:\/\/www.iplay.com\/es\/games\/hidden-world-of-art-3\/#primaryimage"},"thumbnailUrl":"https:\/\/www.iplay.com\/wp-content\/uploads\/2023\/12\/large_square_tile_image-3352.jpg","datePublished":"2019-06-15T00:00:00+00:00","description":"\u00bfQu\u00e9 misterios se esconden bajo los lienzos de los grandes artistas? Desc\u00fabrelo en Secret World of Art 3","breadcrumb":{"@id":"https:\/\/www.iplay.com\/es\/games\/hidden-world-of-art-3\/#breadcrumb"},"inLanguage":"es","potentialAction":[{"@type":"ReadAction","target":["https:\/\/www.iplay.com\/es\/games\/hidden-world-of-art-3\/"]}]},{"@type":"ImageObject","inLanguage":"es","@id":"https:\/\/www.iplay.com\/es\/games\/hidden-world-of-art-3\/#primaryimage","url":"https:\/\/www.iplay.com\/wp-content\/uploads\/2023\/12\/large_square_tile_image-3352.jpg","contentUrl":"https:\/\/www.iplay.com\/wp-content\/uploads\/2023\/12\/large_square_tile_image-3352.jpg","width":310,"height":310},{"@type":"BreadcrumbList","@id":"https:\/\/www.iplay.com\/es\/games\/hidden-world-of-art-3\/#breadcrumb","itemListElement":[{"@type":"ListItem","position":1,"name":"Home","item":"https:\/\/www.iplay.com\/es\/home-page-2\/"},{"@type":"ListItem","position":2,"name":"Shop","item":"https:\/\/www.iplay.com\/en\/shop\/"},{"@type":"ListItem","position":3,"name":"Hidden World of Art &#8211; 3"}]},{"@type":"WebSite","@id":"https:\/\/www.iplay.com\/en\/#website","url":"https:\/\/www.iplay.com\/en\/","name":"IPlay","description":"The Best Casual Games!","publisher":{"@id":"https:\/\/www.iplay.com\/en\/#organization"},"potentialAction":[{"@type":"SearchAction","target":{"@type":"EntryPoint","urlTemplate":"https:\/\/www.iplay.com\/en\/?s={search_term_string}"},"query-input":{"@type":"PropertyValueSpecification","valueRequired":true,"valueName":"search_term_string"}}],"inLanguage":"es"},{"@type":"Organization","@id":"https:\/\/www.iplay.com\/en\/#organization","name":"IPlay","url":"https:\/\/www.iplay.com\/en\/","logo":{"@type":"ImageObject","inLanguage":"es","@id":"https:\/\/www.iplay.com\/en\/#\/schema\/logo\/image\/","url":"https:\/\/www.iplay.com\/wp-content\/uploads\/2023\/11\/Group-6100.svg","contentUrl":"https:\/\/www.iplay.com\/wp-content\/uploads\/2023\/11\/Group-6100.svg","width":98,"height":25,"caption":"IPlay"},"image":{"@id":"https:\/\/www.iplay.com\/en\/#\/schema\/logo\/image\/"}}]}},"_links":{"self":[{"href":"https:\/\/www.iplay.com\/es\/wp-json\/wp\/v2\/product\/140022","targetHints":{"allow":["GET"]}}],"collection":[{"href":"https:\/\/www.iplay.com\/es\/wp-json\/wp\/v2\/product"}],"about":[{"href":"https:\/\/www.iplay.com\/es\/wp-json\/wp\/v2\/types\/product"}],"author":[{"embeddable":true,"href":"https:\/\/www.iplay.com\/es\/wp-json\/wp\/v2\/users\/73"}],"replies":[{"embeddable":true,"href":"https:\/\/www.iplay.com\/es\/wp-json\/wp\/v2\/comments?post=140022"}],"wp:featuredmedia":[{"embeddable":true,"href":"https:\/\/www.iplay.com\/es\/wp-json\/wp\/v2\/media\/93380"}],"wp:attachment":[{"href":"https:\/\/www.iplay.com\/es\/wp-json\/wp\/v2\/media?parent=140022"}],"wp:term":[{"taxonomy":"product_brand","embeddable":true,"href":"https:\/\/www.iplay.com\/es\/wp-json\/wp\/v2\/product_brand?post=140022"},{"taxonomy":"product_cat","embeddable":true,"href":"https:\/\/www.iplay.com\/es\/wp-json\/wp\/v2\/product_cat?post=140022"},{"taxonomy":"product_tag","embeddable":true,"href":"https:\/\/www.iplay.com\/es\/wp-json\/wp\/v2\/product_tag?post=140022"}],"curies":[{"name":"wp","href":"https:\/\/api.w.org\/{rel}","templated":true}]}}