{"id":140011,"date":"2019-06-10T00:00:01","date_gmt":"2019-06-10T00:00:01","guid":{"rendered":"https:\/\/www.iplay.com\/games\/fantasy-mosaics-35-day-at-the-museum\/"},"modified":"2019-06-10T00:00:01","modified_gmt":"2019-06-10T00:00:01","slug":"fantasy-mosaics-35-day-at-the-museum","status":"publish","type":"product","link":"https:\/\/www.iplay.com\/es\/games\/fantasy-mosaics-35-day-at-the-museum\/","title":{"rendered":"Fantasy Mosaics 35: Day at the Museum"},"content":{"rendered":"<p>Se ofreci\u00f3 a los ping\u00fcinos ver una exhibici\u00f3n de arte. \u00a1Escucharon pasos extra\u00f1os en el suelo mientras miraban alrededor de las exhibiciones del museo! \u00a1Juntos, investiguemos lo que est\u00e1 sucediendo y deleit\u00e9monos con la \u00faltima variedad de vibrantes rompecabezas de mosaico! \u00a1Juega a entretenidos minijuegos y acepta el desaf\u00edo del modo Zen!   <\/p>\n<p>&nbsp;<\/p>\n<p>&nbsp;<\/p>\n<p><strong>Funciones:<\/strong><\/p>\n<p>&nbsp;<\/p>\n<p>&#8211; Examina el m\u00e9todo de juego Zen.<br \/>\n&#8211; Encuentra minijuegos entretenidos<br \/>\n&#8211; Una caracter\u00edstica de color secreta en el juego<br \/>\n&#8211; Acertijos basados en la l\u00f3gica<\/p>\n","protected":false},"excerpt":{"rendered":"<p>\u00a1Disfruta de la dificultad de los rompecabezas de mosaicos zen en el museo! En Mosaicos de Fantas\u00eda 35: D\u00eda de los Museos <\/p>\n","protected":false},"author":43,"featured_media":85278,"comment_status":"open","ping_status":"closed","template":"","meta":{"_acf_changed":false,"inline_featured_image":false},"product_brand":[],"product_cat":[192],"product_tag":[],"class_list":{"0":"post-140011","1":"product","2":"type-product","3":"status-publish","4":"has-post-thumbnail","6":"product_cat-puzzle-es","8":"first","9":"instock","10":"shipping-taxable","11":"purchasable","12":"product-type-simple"},"acf":[],"yoast_head":"<!-- This site is optimized with the Yoast SEO Premium plugin v25.2 (Yoast SEO v25.2) - https:\/\/yoast.com\/wordpress\/plugins\/seo\/ -->\n<title>Fantasy Mosaics 35: D\u00eda en el Museo - Disfruta de emocionantes rompecabezas de mosaicos zen en el Museo<\/title>\n<meta name=\"description\" content=\"\u00a1Disfruta de la dificultad de los rompecabezas de mosaicos zen en el museo! En Mosaicos de Fantas\u00eda 35: D\u00eda de los Museos\" \/>\n<meta name=\"robots\" content=\"index, follow, max-snippet:-1, max-image-preview:large, max-video-preview:-1\" \/>\n<link rel=\"canonical\" href=\"https:\/\/www.iplay.com\/es\/games\/fantasy-mosaics-35-day-at-the-museum\/\" \/>\n<meta property=\"og:locale\" content=\"es_ES\" \/>\n<meta property=\"og:type\" content=\"article\" \/>\n<meta property=\"og:title\" content=\"Fantasy Mosaics 35: Day at the Museum\" \/>\n<meta property=\"og:description\" content=\"\u00a1Disfruta de la dificultad de los rompecabezas de mosaicos zen en el museo! En Mosaicos de Fantas\u00eda 35: D\u00eda de los Museos\" \/>\n<meta property=\"og:url\" content=\"https:\/\/www.iplay.com\/es\/games\/fantasy-mosaics-35-day-at-the-museum\/\" \/>\n<meta property=\"og:site_name\" content=\"IPlay\" \/>\n<meta property=\"og:image\" content=\"https:\/\/www.iplay.com\/wp-content\/uploads\/2023\/12\/large_square_tile_image-2841.jpg\" \/>\n\t<meta property=\"og:image:width\" content=\"310\" \/>\n\t<meta property=\"og:image:height\" content=\"310\" \/>\n\t<meta property=\"og:image:type\" content=\"image\/jpeg\" \/>\n<meta name=\"twitter:card\" content=\"summary_large_image\" \/>\n<script type=\"application\/ld+json\" class=\"yoast-schema-graph\">{\"@context\":\"https:\/\/schema.org\",\"@graph\":[{\"@type\":\"WebPage\",\"@id\":\"https:\/\/www.iplay.com\/es\/games\/fantasy-mosaics-35-day-at-the-museum\/\",\"url\":\"https:\/\/www.iplay.com\/es\/games\/fantasy-mosaics-35-day-at-the-museum\/\",\"name\":\"Fantasy Mosaics 35: D\u00eda en el Museo - Disfruta de emocionantes rompecabezas de mosaicos zen en el Museo\",\"isPartOf\":{\"@id\":\"https:\/\/www.iplay.com\/en\/#website\"},\"primaryImageOfPage\":{\"@id\":\"https:\/\/www.iplay.com\/es\/games\/fantasy-mosaics-35-day-at-the-museum\/#primaryimage\"},\"image\":{\"@id\":\"https:\/\/www.iplay.com\/es\/games\/fantasy-mosaics-35-day-at-the-museum\/#primaryimage\"},\"thumbnailUrl\":\"https:\/\/www.iplay.com\/wp-content\/uploads\/2023\/12\/large_square_tile_image-2841.jpg\",\"datePublished\":\"2019-06-10T00:00:01+00:00\",\"description\":\"\u00a1Disfruta de la dificultad de los rompecabezas de mosaicos zen en el museo! En Mosaicos de Fantas\u00eda 35: D\u00eda de los Museos\",\"breadcrumb\":{\"@id\":\"https:\/\/www.iplay.com\/es\/games\/fantasy-mosaics-35-day-at-the-museum\/#breadcrumb\"},\"inLanguage\":\"es\",\"potentialAction\":[{\"@type\":\"ReadAction\",\"target\":[\"https:\/\/www.iplay.com\/es\/games\/fantasy-mosaics-35-day-at-the-museum\/\"]}]},{\"@type\":\"ImageObject\",\"inLanguage\":\"es\",\"@id\":\"https:\/\/www.iplay.com\/es\/games\/fantasy-mosaics-35-day-at-the-museum\/#primaryimage\",\"url\":\"https:\/\/www.iplay.com\/wp-content\/uploads\/2023\/12\/large_square_tile_image-2841.jpg\",\"contentUrl\":\"https:\/\/www.iplay.com\/wp-content\/uploads\/2023\/12\/large_square_tile_image-2841.jpg\",\"width\":310,\"height\":310},{\"@type\":\"BreadcrumbList\",\"@id\":\"https:\/\/www.iplay.com\/es\/games\/fantasy-mosaics-35-day-at-the-museum\/#breadcrumb\",\"itemListElement\":[{\"@type\":\"ListItem\",\"position\":1,\"name\":\"Home\",\"item\":\"https:\/\/www.iplay.com\/es\/home-page-2\/\"},{\"@type\":\"ListItem\",\"position\":2,\"name\":\"Shop\",\"item\":\"https:\/\/www.iplay.com\/en\/shop\/\"},{\"@type\":\"ListItem\",\"position\":3,\"name\":\"Fantasy Mosaics 35: Day at the Museum\"}]},{\"@type\":\"WebSite\",\"@id\":\"https:\/\/www.iplay.com\/en\/#website\",\"url\":\"https:\/\/www.iplay.com\/en\/\",\"name\":\"IPlay\",\"description\":\"The Best Casual Games!\",\"publisher\":{\"@id\":\"https:\/\/www.iplay.com\/en\/#organization\"},\"potentialAction\":[{\"@type\":\"SearchAction\",\"target\":{\"@type\":\"EntryPoint\",\"urlTemplate\":\"https:\/\/www.iplay.com\/en\/?s={search_term_string}\"},\"query-input\":{\"@type\":\"PropertyValueSpecification\",\"valueRequired\":true,\"valueName\":\"search_term_string\"}}],\"inLanguage\":\"es\"},{\"@type\":\"Organization\",\"@id\":\"https:\/\/www.iplay.com\/en\/#organization\",\"name\":\"IPlay\",\"url\":\"https:\/\/www.iplay.com\/en\/\",\"logo\":{\"@type\":\"ImageObject\",\"inLanguage\":\"es\",\"@id\":\"https:\/\/www.iplay.com\/en\/#\/schema\/logo\/image\/\",\"url\":\"https:\/\/www.iplay.com\/wp-content\/uploads\/2023\/11\/Group-6100.svg\",\"contentUrl\":\"https:\/\/www.iplay.com\/wp-content\/uploads\/2023\/11\/Group-6100.svg\",\"width\":98,\"height\":25,\"caption\":\"IPlay\"},\"image\":{\"@id\":\"https:\/\/www.iplay.com\/en\/#\/schema\/logo\/image\/\"}}]}<\/script>\n<!-- \/ Yoast SEO Premium plugin. -->","yoast_head_json":{"title":"Fantasy Mosaics 35: D\u00eda en el Museo - Disfruta de emocionantes rompecabezas de mosaicos zen en el Museo","description":"\u00a1Disfruta de la dificultad de los rompecabezas de mosaicos zen en el museo! En Mosaicos de Fantas\u00eda 35: D\u00eda de los Museos","robots":{"index":"index","follow":"follow","max-snippet":"max-snippet:-1","max-image-preview":"max-image-preview:large","max-video-preview":"max-video-preview:-1"},"canonical":"https:\/\/www.iplay.com\/es\/games\/fantasy-mosaics-35-day-at-the-museum\/","og_locale":"es_ES","og_type":"article","og_title":"Fantasy Mosaics 35: Day at the Museum","og_description":"\u00a1Disfruta de la dificultad de los rompecabezas de mosaicos zen en el museo! En Mosaicos de Fantas\u00eda 35: D\u00eda de los Museos","og_url":"https:\/\/www.iplay.com\/es\/games\/fantasy-mosaics-35-day-at-the-museum\/","og_site_name":"IPlay","og_image":[{"width":310,"height":310,"url":"https:\/\/www.iplay.com\/wp-content\/uploads\/2023\/12\/large_square_tile_image-2841.jpg","type":"image\/jpeg"}],"twitter_card":"summary_large_image","schema":{"@context":"https:\/\/schema.org","@graph":[{"@type":"WebPage","@id":"https:\/\/www.iplay.com\/es\/games\/fantasy-mosaics-35-day-at-the-museum\/","url":"https:\/\/www.iplay.com\/es\/games\/fantasy-mosaics-35-day-at-the-museum\/","name":"Fantasy Mosaics 35: D\u00eda en el Museo - Disfruta de emocionantes rompecabezas de mosaicos zen en el Museo","isPartOf":{"@id":"https:\/\/www.iplay.com\/en\/#website"},"primaryImageOfPage":{"@id":"https:\/\/www.iplay.com\/es\/games\/fantasy-mosaics-35-day-at-the-museum\/#primaryimage"},"image":{"@id":"https:\/\/www.iplay.com\/es\/games\/fantasy-mosaics-35-day-at-the-museum\/#primaryimage"},"thumbnailUrl":"https:\/\/www.iplay.com\/wp-content\/uploads\/2023\/12\/large_square_tile_image-2841.jpg","datePublished":"2019-06-10T00:00:01+00:00","description":"\u00a1Disfruta de la dificultad de los rompecabezas de mosaicos zen en el museo! En Mosaicos de Fantas\u00eda 35: D\u00eda de los Museos","breadcrumb":{"@id":"https:\/\/www.iplay.com\/es\/games\/fantasy-mosaics-35-day-at-the-museum\/#breadcrumb"},"inLanguage":"es","potentialAction":[{"@type":"ReadAction","target":["https:\/\/www.iplay.com\/es\/games\/fantasy-mosaics-35-day-at-the-museum\/"]}]},{"@type":"ImageObject","inLanguage":"es","@id":"https:\/\/www.iplay.com\/es\/games\/fantasy-mosaics-35-day-at-the-museum\/#primaryimage","url":"https:\/\/www.iplay.com\/wp-content\/uploads\/2023\/12\/large_square_tile_image-2841.jpg","contentUrl":"https:\/\/www.iplay.com\/wp-content\/uploads\/2023\/12\/large_square_tile_image-2841.jpg","width":310,"height":310},{"@type":"BreadcrumbList","@id":"https:\/\/www.iplay.com\/es\/games\/fantasy-mosaics-35-day-at-the-museum\/#breadcrumb","itemListElement":[{"@type":"ListItem","position":1,"name":"Home","item":"https:\/\/www.iplay.com\/es\/home-page-2\/"},{"@type":"ListItem","position":2,"name":"Shop","item":"https:\/\/www.iplay.com\/en\/shop\/"},{"@type":"ListItem","position":3,"name":"Fantasy Mosaics 35: Day at the Museum"}]},{"@type":"WebSite","@id":"https:\/\/www.iplay.com\/en\/#website","url":"https:\/\/www.iplay.com\/en\/","name":"IPlay","description":"The Best Casual Games!","publisher":{"@id":"https:\/\/www.iplay.com\/en\/#organization"},"potentialAction":[{"@type":"SearchAction","target":{"@type":"EntryPoint","urlTemplate":"https:\/\/www.iplay.com\/en\/?s={search_term_string}"},"query-input":{"@type":"PropertyValueSpecification","valueRequired":true,"valueName":"search_term_string"}}],"inLanguage":"es"},{"@type":"Organization","@id":"https:\/\/www.iplay.com\/en\/#organization","name":"IPlay","url":"https:\/\/www.iplay.com\/en\/","logo":{"@type":"ImageObject","inLanguage":"es","@id":"https:\/\/www.iplay.com\/en\/#\/schema\/logo\/image\/","url":"https:\/\/www.iplay.com\/wp-content\/uploads\/2023\/11\/Group-6100.svg","contentUrl":"https:\/\/www.iplay.com\/wp-content\/uploads\/2023\/11\/Group-6100.svg","width":98,"height":25,"caption":"IPlay"},"image":{"@id":"https:\/\/www.iplay.com\/en\/#\/schema\/logo\/image\/"}}]}},"_links":{"self":[{"href":"https:\/\/www.iplay.com\/es\/wp-json\/wp\/v2\/product\/140011","targetHints":{"allow":["GET"]}}],"collection":[{"href":"https:\/\/www.iplay.com\/es\/wp-json\/wp\/v2\/product"}],"about":[{"href":"https:\/\/www.iplay.com\/es\/wp-json\/wp\/v2\/types\/product"}],"author":[{"embeddable":true,"href":"https:\/\/www.iplay.com\/es\/wp-json\/wp\/v2\/users\/43"}],"replies":[{"embeddable":true,"href":"https:\/\/www.iplay.com\/es\/wp-json\/wp\/v2\/comments?post=140011"}],"wp:featuredmedia":[{"embeddable":true,"href":"https:\/\/www.iplay.com\/es\/wp-json\/wp\/v2\/media\/85278"}],"wp:attachment":[{"href":"https:\/\/www.iplay.com\/es\/wp-json\/wp\/v2\/media?parent=140011"}],"wp:term":[{"taxonomy":"product_brand","embeddable":true,"href":"https:\/\/www.iplay.com\/es\/wp-json\/wp\/v2\/product_brand?post=140011"},{"taxonomy":"product_cat","embeddable":true,"href":"https:\/\/www.iplay.com\/es\/wp-json\/wp\/v2\/product_cat?post=140011"},{"taxonomy":"product_tag","embeddable":true,"href":"https:\/\/www.iplay.com\/es\/wp-json\/wp\/v2\/product_tag?post=140011"}],"curies":[{"name":"wp","href":"https:\/\/api.w.org\/{rel}","templated":true}]}}