{"id":139917,"date":"2019-02-16T00:00:00","date_gmt":"2019-02-16T00:00:00","guid":{"rendered":"https:\/\/www.iplay.com\/games\/picross-hansel-and-gretel\/"},"modified":"2019-02-16T00:00:00","modified_gmt":"2019-02-16T00:00:00","slug":"picross-hansel-and-gretel","status":"publish","type":"product","link":"https:\/\/www.iplay.com\/es\/games\/picross-hansel-and-gretel\/","title":{"rendered":"Picross Hansel And Gretel"},"content":{"rendered":"<p>Para derrotar a una bruja muy astuta y malvada, los hijos de Caperucita Roja y el Le\u00f1ador necesitan ayuda. Los fan\u00e1ticos de los acertijos de todo tipo deben esperar una historia entretenida. Anticipa varias misiones a trav\u00e9s de mundos distintos y secretos. A medida que respondes a los crucigramas japoneses, emergen en colores vibrantes y adquieren nuevas dimensiones. \u00a1Te espera un nuevo universo lleno de personalidades! Puede sumergirse en sus recuerdos m\u00e1s agradables con la ayuda de fant\u00e1sticos efectos visuales de primera calidad, 200 niveles distintos de complejidad cambiante, nonogramas de 10&#215;10 a 30&#215;30 y m\u00fasica de fondo relajante.     <\/p>\n<p>&nbsp;<\/p>\n<p>&nbsp;<\/p>\n<p><strong>Funciones:<\/strong><\/p>\n<p>&nbsp;<\/p>\n<p>&#8211; Una vez que se responden, \u00a1los acertijos cobran vida con luz!<br \/>\n&#8211; \u00a1Cinco reinos distintos y doscientos escenarios indelebles!<br \/>\n&#8211; \u00a1Excelente ejercicio para refinar tus habilidades de razonamiento l\u00f3gico y abstracto!<br \/>\n&#8211; \u00a1Linda vida marina, que incluye peces, estrellas de mar, pulpos, cangrejos y delfines!<br \/>\n&#8211; \u00a1Una interfaz de usuario f\u00e1cil de usar y una jugabilidad emocionante!<br \/>\n&#8211; \u00a1Un cuento m\u00e1gico con hechiceros y encantamientos et\u00e9reos!<br \/>\n&#8211; \u00a1Minijuegos y di\u00e1logos que te dejar\u00e1n con ganas de m\u00e1s!<br \/>\n&#8211; \u00a1M\u00e1s de 15 premios y trofeos por tareas extra!<br \/>\n&#8211; \u00a1Hermosas obras de arte y m\u00fasica maravillosa!<br \/>\n&#8211; \u00a1M\u00e1s de 30 horas de juego fascinante!<br \/>\n&#8211; \u00a1El mejor m\u00e9todo para divertirse y hacer crecer tu intelecto!<\/p>\n","protected":false},"excerpt":{"rendered":"<p>Caperucita Roja y los hijos del le\u00f1ador necesitan ayuda para luchar contra un hombre muy astuto y malvado<\/p>\n","protected":false},"author":13,"featured_media":89735,"comment_status":"open","ping_status":"closed","template":"","meta":{"_acf_changed":false,"inline_featured_image":false},"product_brand":[],"product_cat":[192],"product_tag":[],"class_list":{"0":"post-139917","1":"product","2":"type-product","3":"status-publish","4":"has-post-thumbnail","6":"product_cat-puzzle-es","8":"first","9":"instock","10":"shipping-taxable","11":"purchasable","12":"product-type-simple"},"acf":[],"yoast_head":"<!-- This site is optimized with the Yoast SEO Premium plugin v25.2 (Yoast SEO v25.2) - https:\/\/yoast.com\/wordpress\/plugins\/seo\/ -->\n<title>Picross Hansel y Gretel - Ayuda a los hijos de Caperucita Roja contra enemigos traicioneros<\/title>\n<meta name=\"description\" content=\"Caperucita Roja y los hijos del le\u00f1ador necesitan ayuda para luchar contra un hombre muy astuto y malvado\" \/>\n<meta name=\"robots\" content=\"index, follow, max-snippet:-1, max-image-preview:large, max-video-preview:-1\" \/>\n<link rel=\"canonical\" href=\"https:\/\/www.iplay.com\/es\/games\/picross-hansel-and-gretel\/\" \/>\n<meta property=\"og:locale\" content=\"es_ES\" \/>\n<meta property=\"og:type\" content=\"article\" \/>\n<meta property=\"og:title\" content=\"Picross Hansel And Gretel\" \/>\n<meta property=\"og:description\" content=\"Caperucita Roja y los hijos del le\u00f1ador necesitan ayuda para luchar contra un hombre muy astuto y malvado\" \/>\n<meta property=\"og:url\" content=\"https:\/\/www.iplay.com\/es\/games\/picross-hansel-and-gretel\/\" \/>\n<meta property=\"og:site_name\" content=\"IPlay\" \/>\n<meta property=\"og:image\" content=\"https:\/\/www.iplay.com\/wp-content\/uploads\/2023\/12\/large_square_tile_image-3120.jpg\" \/>\n\t<meta property=\"og:image:width\" content=\"310\" \/>\n\t<meta property=\"og:image:height\" content=\"310\" \/>\n\t<meta property=\"og:image:type\" content=\"image\/jpeg\" \/>\n<meta name=\"twitter:card\" content=\"summary_large_image\" \/>\n<meta name=\"twitter:label1\" content=\"Est. reading time\" \/>\n\t<meta name=\"twitter:data1\" content=\"1 minuto\" \/>\n<script type=\"application\/ld+json\" class=\"yoast-schema-graph\">{\"@context\":\"https:\/\/schema.org\",\"@graph\":[{\"@type\":\"WebPage\",\"@id\":\"https:\/\/www.iplay.com\/es\/games\/picross-hansel-and-gretel\/\",\"url\":\"https:\/\/www.iplay.com\/es\/games\/picross-hansel-and-gretel\/\",\"name\":\"Picross Hansel y Gretel - Ayuda a los hijos de Caperucita Roja contra enemigos traicioneros\",\"isPartOf\":{\"@id\":\"https:\/\/www.iplay.com\/en\/#website\"},\"primaryImageOfPage\":{\"@id\":\"https:\/\/www.iplay.com\/es\/games\/picross-hansel-and-gretel\/#primaryimage\"},\"image\":{\"@id\":\"https:\/\/www.iplay.com\/es\/games\/picross-hansel-and-gretel\/#primaryimage\"},\"thumbnailUrl\":\"https:\/\/www.iplay.com\/wp-content\/uploads\/2023\/12\/large_square_tile_image-3120.jpg\",\"datePublished\":\"2019-02-16T00:00:00+00:00\",\"description\":\"Caperucita Roja y los hijos del le\u00f1ador necesitan ayuda para luchar contra un hombre muy astuto y malvado\",\"breadcrumb\":{\"@id\":\"https:\/\/www.iplay.com\/es\/games\/picross-hansel-and-gretel\/#breadcrumb\"},\"inLanguage\":\"es\",\"potentialAction\":[{\"@type\":\"ReadAction\",\"target\":[\"https:\/\/www.iplay.com\/es\/games\/picross-hansel-and-gretel\/\"]}]},{\"@type\":\"ImageObject\",\"inLanguage\":\"es\",\"@id\":\"https:\/\/www.iplay.com\/es\/games\/picross-hansel-and-gretel\/#primaryimage\",\"url\":\"https:\/\/www.iplay.com\/wp-content\/uploads\/2023\/12\/large_square_tile_image-3120.jpg\",\"contentUrl\":\"https:\/\/www.iplay.com\/wp-content\/uploads\/2023\/12\/large_square_tile_image-3120.jpg\",\"width\":310,\"height\":310},{\"@type\":\"BreadcrumbList\",\"@id\":\"https:\/\/www.iplay.com\/es\/games\/picross-hansel-and-gretel\/#breadcrumb\",\"itemListElement\":[{\"@type\":\"ListItem\",\"position\":1,\"name\":\"Home\",\"item\":\"https:\/\/www.iplay.com\/es\/home-page-2\/\"},{\"@type\":\"ListItem\",\"position\":2,\"name\":\"Shop\",\"item\":\"https:\/\/www.iplay.com\/en\/shop\/\"},{\"@type\":\"ListItem\",\"position\":3,\"name\":\"Picross Hansel And Gretel\"}]},{\"@type\":\"WebSite\",\"@id\":\"https:\/\/www.iplay.com\/en\/#website\",\"url\":\"https:\/\/www.iplay.com\/en\/\",\"name\":\"IPlay\",\"description\":\"The Best Casual Games!\",\"publisher\":{\"@id\":\"https:\/\/www.iplay.com\/en\/#organization\"},\"potentialAction\":[{\"@type\":\"SearchAction\",\"target\":{\"@type\":\"EntryPoint\",\"urlTemplate\":\"https:\/\/www.iplay.com\/en\/?s={search_term_string}\"},\"query-input\":{\"@type\":\"PropertyValueSpecification\",\"valueRequired\":true,\"valueName\":\"search_term_string\"}}],\"inLanguage\":\"es\"},{\"@type\":\"Organization\",\"@id\":\"https:\/\/www.iplay.com\/en\/#organization\",\"name\":\"IPlay\",\"url\":\"https:\/\/www.iplay.com\/en\/\",\"logo\":{\"@type\":\"ImageObject\",\"inLanguage\":\"es\",\"@id\":\"https:\/\/www.iplay.com\/en\/#\/schema\/logo\/image\/\",\"url\":\"https:\/\/www.iplay.com\/wp-content\/uploads\/2023\/11\/Group-6100.svg\",\"contentUrl\":\"https:\/\/www.iplay.com\/wp-content\/uploads\/2023\/11\/Group-6100.svg\",\"width\":98,\"height\":25,\"caption\":\"IPlay\"},\"image\":{\"@id\":\"https:\/\/www.iplay.com\/en\/#\/schema\/logo\/image\/\"}}]}<\/script>\n<!-- \/ Yoast SEO Premium plugin. -->","yoast_head_json":{"title":"Picross Hansel y Gretel - Ayuda a los hijos de Caperucita Roja contra enemigos traicioneros","description":"Caperucita Roja y los hijos del le\u00f1ador necesitan ayuda para luchar contra un hombre muy astuto y malvado","robots":{"index":"index","follow":"follow","max-snippet":"max-snippet:-1","max-image-preview":"max-image-preview:large","max-video-preview":"max-video-preview:-1"},"canonical":"https:\/\/www.iplay.com\/es\/games\/picross-hansel-and-gretel\/","og_locale":"es_ES","og_type":"article","og_title":"Picross Hansel And Gretel","og_description":"Caperucita Roja y los hijos del le\u00f1ador necesitan ayuda para luchar contra un hombre muy astuto y malvado","og_url":"https:\/\/www.iplay.com\/es\/games\/picross-hansel-and-gretel\/","og_site_name":"IPlay","og_image":[{"width":310,"height":310,"url":"https:\/\/www.iplay.com\/wp-content\/uploads\/2023\/12\/large_square_tile_image-3120.jpg","type":"image\/jpeg"}],"twitter_card":"summary_large_image","twitter_misc":{"Est. reading time":"1 minuto"},"schema":{"@context":"https:\/\/schema.org","@graph":[{"@type":"WebPage","@id":"https:\/\/www.iplay.com\/es\/games\/picross-hansel-and-gretel\/","url":"https:\/\/www.iplay.com\/es\/games\/picross-hansel-and-gretel\/","name":"Picross Hansel y Gretel - Ayuda a los hijos de Caperucita Roja contra enemigos traicioneros","isPartOf":{"@id":"https:\/\/www.iplay.com\/en\/#website"},"primaryImageOfPage":{"@id":"https:\/\/www.iplay.com\/es\/games\/picross-hansel-and-gretel\/#primaryimage"},"image":{"@id":"https:\/\/www.iplay.com\/es\/games\/picross-hansel-and-gretel\/#primaryimage"},"thumbnailUrl":"https:\/\/www.iplay.com\/wp-content\/uploads\/2023\/12\/large_square_tile_image-3120.jpg","datePublished":"2019-02-16T00:00:00+00:00","description":"Caperucita Roja y los hijos del le\u00f1ador necesitan ayuda para luchar contra un hombre muy astuto y malvado","breadcrumb":{"@id":"https:\/\/www.iplay.com\/es\/games\/picross-hansel-and-gretel\/#breadcrumb"},"inLanguage":"es","potentialAction":[{"@type":"ReadAction","target":["https:\/\/www.iplay.com\/es\/games\/picross-hansel-and-gretel\/"]}]},{"@type":"ImageObject","inLanguage":"es","@id":"https:\/\/www.iplay.com\/es\/games\/picross-hansel-and-gretel\/#primaryimage","url":"https:\/\/www.iplay.com\/wp-content\/uploads\/2023\/12\/large_square_tile_image-3120.jpg","contentUrl":"https:\/\/www.iplay.com\/wp-content\/uploads\/2023\/12\/large_square_tile_image-3120.jpg","width":310,"height":310},{"@type":"BreadcrumbList","@id":"https:\/\/www.iplay.com\/es\/games\/picross-hansel-and-gretel\/#breadcrumb","itemListElement":[{"@type":"ListItem","position":1,"name":"Home","item":"https:\/\/www.iplay.com\/es\/home-page-2\/"},{"@type":"ListItem","position":2,"name":"Shop","item":"https:\/\/www.iplay.com\/en\/shop\/"},{"@type":"ListItem","position":3,"name":"Picross Hansel And Gretel"}]},{"@type":"WebSite","@id":"https:\/\/www.iplay.com\/en\/#website","url":"https:\/\/www.iplay.com\/en\/","name":"IPlay","description":"The Best Casual Games!","publisher":{"@id":"https:\/\/www.iplay.com\/en\/#organization"},"potentialAction":[{"@type":"SearchAction","target":{"@type":"EntryPoint","urlTemplate":"https:\/\/www.iplay.com\/en\/?s={search_term_string}"},"query-input":{"@type":"PropertyValueSpecification","valueRequired":true,"valueName":"search_term_string"}}],"inLanguage":"es"},{"@type":"Organization","@id":"https:\/\/www.iplay.com\/en\/#organization","name":"IPlay","url":"https:\/\/www.iplay.com\/en\/","logo":{"@type":"ImageObject","inLanguage":"es","@id":"https:\/\/www.iplay.com\/en\/#\/schema\/logo\/image\/","url":"https:\/\/www.iplay.com\/wp-content\/uploads\/2023\/11\/Group-6100.svg","contentUrl":"https:\/\/www.iplay.com\/wp-content\/uploads\/2023\/11\/Group-6100.svg","width":98,"height":25,"caption":"IPlay"},"image":{"@id":"https:\/\/www.iplay.com\/en\/#\/schema\/logo\/image\/"}}]}},"_links":{"self":[{"href":"https:\/\/www.iplay.com\/es\/wp-json\/wp\/v2\/product\/139917","targetHints":{"allow":["GET"]}}],"collection":[{"href":"https:\/\/www.iplay.com\/es\/wp-json\/wp\/v2\/product"}],"about":[{"href":"https:\/\/www.iplay.com\/es\/wp-json\/wp\/v2\/types\/product"}],"author":[{"embeddable":true,"href":"https:\/\/www.iplay.com\/es\/wp-json\/wp\/v2\/users\/13"}],"replies":[{"embeddable":true,"href":"https:\/\/www.iplay.com\/es\/wp-json\/wp\/v2\/comments?post=139917"}],"wp:featuredmedia":[{"embeddable":true,"href":"https:\/\/www.iplay.com\/es\/wp-json\/wp\/v2\/media\/89735"}],"wp:attachment":[{"href":"https:\/\/www.iplay.com\/es\/wp-json\/wp\/v2\/media?parent=139917"}],"wp:term":[{"taxonomy":"product_brand","embeddable":true,"href":"https:\/\/www.iplay.com\/es\/wp-json\/wp\/v2\/product_brand?post=139917"},{"taxonomy":"product_cat","embeddable":true,"href":"https:\/\/www.iplay.com\/es\/wp-json\/wp\/v2\/product_cat?post=139917"},{"taxonomy":"product_tag","embeddable":true,"href":"https:\/\/www.iplay.com\/es\/wp-json\/wp\/v2\/product_tag?post=139917"}],"curies":[{"name":"wp","href":"https:\/\/api.w.org\/{rel}","templated":true}]}}