{"id":139901,"date":"2019-02-14T00:00:01","date_gmt":"2019-02-14T00:00:01","guid":{"rendered":"https:\/\/www.iplay.com\/games\/dark-parables-the-thief-and-the-tinderbox-collectors-edition\/"},"modified":"2019-02-14T00:00:01","modified_gmt":"2019-02-14T00:00:01","slug":"dark-parables-the-thief-and-the-tinderbox-collectors-edition","status":"publish","type":"product","link":"https:\/\/www.iplay.com\/es\/games\/dark-parables-the-thief-and-the-tinderbox-collectors-edition\/","title":{"rendered":"Dark Parables: The Thief and the Tinderbox Collector&#8217;s Edition"},"content":{"rendered":"<p>\u00a1Disfruta del pr\u00f3ximo cap\u00edtulo palpitante de la querida serie <em>Dark Parables<\/em> ! Es la v\u00edspera de la boda de Gerda y Gwyn, pero un pir\u00f3mano deshonesto est\u00e1 incendiando los bosques del Reino de la Monta\u00f1a. Tu investigaci\u00f3n te llevar\u00e1 a las profundidades del bosque, donde se desenterrar\u00e1 un peligroso artefacto, \u00a1uno que podr\u00eda significar la perdici\u00f3n para todo el mundo! Un viejo amigo saldr\u00e1 a la superficie y sus deseos m\u00e1s profundos determinar\u00e1n el destino del Reino de la Monta\u00f1a. \u00a1Ten cuidado con lo que deseas en este espectacular juego de aventuras y rompecabezas de objetos ocultos!    <\/p>\n<p>&nbsp;<\/p>\n<p>&nbsp;<\/p>\n<p><strong>Funciones:<\/strong><\/p>\n<p>&nbsp;<\/p>\n<p>&#8211; \u00a1Libra al Reino de las Nieves de su legendaria n\u00e9mesis en el juego de bonificaci\u00f3n!<br \/>\n&#8211; \u00a1Repite rompecabezas, minijuegos y escenas de objetos ocultos!<br \/>\n&#8211; \u00a1Desbloquea desaf\u00edos de bonificaci\u00f3n, recuerdos y coleccionables!<br \/>\n&#8211; \u00a1Obt\u00e9n obras de arte, m\u00fasica y contenido de video originales! \u00a1Obt\u00e9n la gu\u00eda de estrategia beneficiosa aqu\u00ed!<\/p>\n","protected":false},"excerpt":{"rendered":"<p>Los deseos son peligrosos. \u00a1Los bosques del Reino de la Monta\u00f1a est\u00e1n siendo incendiados por un pir\u00f3mano! <\/p>\n","protected":false},"author":17,"featured_media":94263,"comment_status":"open","ping_status":"closed","template":"","meta":{"_acf_changed":false,"inline_featured_image":false},"product_brand":[],"product_cat":[166],"product_tag":[288],"class_list":{"0":"post-139901","1":"product","2":"type-product","3":"status-publish","4":"has-post-thumbnail","6":"product_cat-hidden-object-es","7":"product_tag-play-on-pc-es","9":"first","10":"instock","11":"shipping-taxable","12":"purchasable","13":"product-type-simple"},"acf":[],"yoast_head":"<!-- This site is optimized with the Yoast SEO Premium plugin v25.2 (Yoast SEO v25.2) - https:\/\/yoast.com\/wordpress\/plugins\/seo\/ -->\n<title>Par\u00e1bolas Oscuras: El Ladr\u00f3n y el Polvor\u00edn Edici\u00f3n Coleccionista - Los deseos se vuelven mortales, cuando un pir\u00f3mano amenaza los bosques<\/title>\n<meta name=\"description\" content=\"Los deseos son peligrosos. \u00a1Los bosques del Reino de la Monta\u00f1a est\u00e1n siendo incendiados por un pir\u00f3mano!\" \/>\n<meta name=\"robots\" content=\"index, follow, max-snippet:-1, max-image-preview:large, max-video-preview:-1\" \/>\n<link rel=\"canonical\" href=\"https:\/\/www.iplay.com\/es\/games\/dark-parables-the-thief-and-the-tinderbox-collectors-edition\/\" \/>\n<meta property=\"og:locale\" content=\"es_ES\" \/>\n<meta property=\"og:type\" content=\"article\" \/>\n<meta property=\"og:title\" content=\"Dark Parables: The Thief and the Tinderbox Collector&#039;s Edition\" \/>\n<meta property=\"og:description\" content=\"Los deseos son peligrosos. \u00a1Los bosques del Reino de la Monta\u00f1a est\u00e1n siendo incendiados por un pir\u00f3mano!\" \/>\n<meta property=\"og:url\" content=\"https:\/\/www.iplay.com\/es\/games\/dark-parables-the-thief-and-the-tinderbox-collectors-edition\/\" \/>\n<meta property=\"og:site_name\" content=\"IPlay\" \/>\n<meta property=\"og:image\" content=\"https:\/\/www.iplay.com\/wp-content\/uploads\/2023\/12\/large_square_tile_image-3408.jpg\" \/>\n\t<meta property=\"og:image:width\" content=\"310\" \/>\n\t<meta property=\"og:image:height\" content=\"310\" \/>\n\t<meta property=\"og:image:type\" content=\"image\/jpeg\" \/>\n<meta name=\"twitter:card\" content=\"summary_large_image\" \/>\n<meta name=\"twitter:label1\" content=\"Est. reading time\" \/>\n\t<meta name=\"twitter:data1\" content=\"1 minuto\" \/>\n<script type=\"application\/ld+json\" class=\"yoast-schema-graph\">{\"@context\":\"https:\/\/schema.org\",\"@graph\":[{\"@type\":\"WebPage\",\"@id\":\"https:\/\/www.iplay.com\/es\/games\/dark-parables-the-thief-and-the-tinderbox-collectors-edition\/\",\"url\":\"https:\/\/www.iplay.com\/es\/games\/dark-parables-the-thief-and-the-tinderbox-collectors-edition\/\",\"name\":\"Par\u00e1bolas Oscuras: El Ladr\u00f3n y el Polvor\u00edn Edici\u00f3n Coleccionista - Los deseos se vuelven mortales, cuando un pir\u00f3mano amenaza los bosques\",\"isPartOf\":{\"@id\":\"https:\/\/www.iplay.com\/en\/#website\"},\"primaryImageOfPage\":{\"@id\":\"https:\/\/www.iplay.com\/es\/games\/dark-parables-the-thief-and-the-tinderbox-collectors-edition\/#primaryimage\"},\"image\":{\"@id\":\"https:\/\/www.iplay.com\/es\/games\/dark-parables-the-thief-and-the-tinderbox-collectors-edition\/#primaryimage\"},\"thumbnailUrl\":\"https:\/\/www.iplay.com\/wp-content\/uploads\/2023\/12\/large_square_tile_image-3408.jpg\",\"datePublished\":\"2019-02-14T00:00:01+00:00\",\"description\":\"Los deseos son peligrosos. \u00a1Los bosques del Reino de la Monta\u00f1a est\u00e1n siendo incendiados por un pir\u00f3mano!\",\"breadcrumb\":{\"@id\":\"https:\/\/www.iplay.com\/es\/games\/dark-parables-the-thief-and-the-tinderbox-collectors-edition\/#breadcrumb\"},\"inLanguage\":\"es\",\"potentialAction\":[{\"@type\":\"ReadAction\",\"target\":[\"https:\/\/www.iplay.com\/es\/games\/dark-parables-the-thief-and-the-tinderbox-collectors-edition\/\"]}]},{\"@type\":\"ImageObject\",\"inLanguage\":\"es\",\"@id\":\"https:\/\/www.iplay.com\/es\/games\/dark-parables-the-thief-and-the-tinderbox-collectors-edition\/#primaryimage\",\"url\":\"https:\/\/www.iplay.com\/wp-content\/uploads\/2023\/12\/large_square_tile_image-3408.jpg\",\"contentUrl\":\"https:\/\/www.iplay.com\/wp-content\/uploads\/2023\/12\/large_square_tile_image-3408.jpg\",\"width\":310,\"height\":310},{\"@type\":\"BreadcrumbList\",\"@id\":\"https:\/\/www.iplay.com\/es\/games\/dark-parables-the-thief-and-the-tinderbox-collectors-edition\/#breadcrumb\",\"itemListElement\":[{\"@type\":\"ListItem\",\"position\":1,\"name\":\"Home\",\"item\":\"https:\/\/www.iplay.com\/es\/home-page-2\/\"},{\"@type\":\"ListItem\",\"position\":2,\"name\":\"Shop\",\"item\":\"https:\/\/www.iplay.com\/en\/shop\/\"},{\"@type\":\"ListItem\",\"position\":3,\"name\":\"Dark Parables: The Thief and the Tinderbox Collector&#8217;s Edition\"}]},{\"@type\":\"WebSite\",\"@id\":\"https:\/\/www.iplay.com\/en\/#website\",\"url\":\"https:\/\/www.iplay.com\/en\/\",\"name\":\"IPlay\",\"description\":\"The Best Casual Games!\",\"publisher\":{\"@id\":\"https:\/\/www.iplay.com\/en\/#organization\"},\"potentialAction\":[{\"@type\":\"SearchAction\",\"target\":{\"@type\":\"EntryPoint\",\"urlTemplate\":\"https:\/\/www.iplay.com\/en\/?s={search_term_string}\"},\"query-input\":{\"@type\":\"PropertyValueSpecification\",\"valueRequired\":true,\"valueName\":\"search_term_string\"}}],\"inLanguage\":\"es\"},{\"@type\":\"Organization\",\"@id\":\"https:\/\/www.iplay.com\/en\/#organization\",\"name\":\"IPlay\",\"url\":\"https:\/\/www.iplay.com\/en\/\",\"logo\":{\"@type\":\"ImageObject\",\"inLanguage\":\"es\",\"@id\":\"https:\/\/www.iplay.com\/en\/#\/schema\/logo\/image\/\",\"url\":\"https:\/\/www.iplay.com\/wp-content\/uploads\/2023\/11\/Group-6100.svg\",\"contentUrl\":\"https:\/\/www.iplay.com\/wp-content\/uploads\/2023\/11\/Group-6100.svg\",\"width\":98,\"height\":25,\"caption\":\"IPlay\"},\"image\":{\"@id\":\"https:\/\/www.iplay.com\/en\/#\/schema\/logo\/image\/\"}}]}<\/script>\n<!-- \/ Yoast SEO Premium plugin. -->","yoast_head_json":{"title":"Par\u00e1bolas Oscuras: El Ladr\u00f3n y el Polvor\u00edn Edici\u00f3n Coleccionista - Los deseos se vuelven mortales, cuando un pir\u00f3mano amenaza los bosques","description":"Los deseos son peligrosos. \u00a1Los bosques del Reino de la Monta\u00f1a est\u00e1n siendo incendiados por un pir\u00f3mano!","robots":{"index":"index","follow":"follow","max-snippet":"max-snippet:-1","max-image-preview":"max-image-preview:large","max-video-preview":"max-video-preview:-1"},"canonical":"https:\/\/www.iplay.com\/es\/games\/dark-parables-the-thief-and-the-tinderbox-collectors-edition\/","og_locale":"es_ES","og_type":"article","og_title":"Dark Parables: The Thief and the Tinderbox Collector's Edition","og_description":"Los deseos son peligrosos. \u00a1Los bosques del Reino de la Monta\u00f1a est\u00e1n siendo incendiados por un pir\u00f3mano!","og_url":"https:\/\/www.iplay.com\/es\/games\/dark-parables-the-thief-and-the-tinderbox-collectors-edition\/","og_site_name":"IPlay","og_image":[{"width":310,"height":310,"url":"https:\/\/www.iplay.com\/wp-content\/uploads\/2023\/12\/large_square_tile_image-3408.jpg","type":"image\/jpeg"}],"twitter_card":"summary_large_image","twitter_misc":{"Est. reading time":"1 minuto"},"schema":{"@context":"https:\/\/schema.org","@graph":[{"@type":"WebPage","@id":"https:\/\/www.iplay.com\/es\/games\/dark-parables-the-thief-and-the-tinderbox-collectors-edition\/","url":"https:\/\/www.iplay.com\/es\/games\/dark-parables-the-thief-and-the-tinderbox-collectors-edition\/","name":"Par\u00e1bolas Oscuras: El Ladr\u00f3n y el Polvor\u00edn Edici\u00f3n Coleccionista - Los deseos se vuelven mortales, cuando un pir\u00f3mano amenaza los bosques","isPartOf":{"@id":"https:\/\/www.iplay.com\/en\/#website"},"primaryImageOfPage":{"@id":"https:\/\/www.iplay.com\/es\/games\/dark-parables-the-thief-and-the-tinderbox-collectors-edition\/#primaryimage"},"image":{"@id":"https:\/\/www.iplay.com\/es\/games\/dark-parables-the-thief-and-the-tinderbox-collectors-edition\/#primaryimage"},"thumbnailUrl":"https:\/\/www.iplay.com\/wp-content\/uploads\/2023\/12\/large_square_tile_image-3408.jpg","datePublished":"2019-02-14T00:00:01+00:00","description":"Los deseos son peligrosos. \u00a1Los bosques del Reino de la Monta\u00f1a est\u00e1n siendo incendiados por un pir\u00f3mano!","breadcrumb":{"@id":"https:\/\/www.iplay.com\/es\/games\/dark-parables-the-thief-and-the-tinderbox-collectors-edition\/#breadcrumb"},"inLanguage":"es","potentialAction":[{"@type":"ReadAction","target":["https:\/\/www.iplay.com\/es\/games\/dark-parables-the-thief-and-the-tinderbox-collectors-edition\/"]}]},{"@type":"ImageObject","inLanguage":"es","@id":"https:\/\/www.iplay.com\/es\/games\/dark-parables-the-thief-and-the-tinderbox-collectors-edition\/#primaryimage","url":"https:\/\/www.iplay.com\/wp-content\/uploads\/2023\/12\/large_square_tile_image-3408.jpg","contentUrl":"https:\/\/www.iplay.com\/wp-content\/uploads\/2023\/12\/large_square_tile_image-3408.jpg","width":310,"height":310},{"@type":"BreadcrumbList","@id":"https:\/\/www.iplay.com\/es\/games\/dark-parables-the-thief-and-the-tinderbox-collectors-edition\/#breadcrumb","itemListElement":[{"@type":"ListItem","position":1,"name":"Home","item":"https:\/\/www.iplay.com\/es\/home-page-2\/"},{"@type":"ListItem","position":2,"name":"Shop","item":"https:\/\/www.iplay.com\/en\/shop\/"},{"@type":"ListItem","position":3,"name":"Dark Parables: The Thief and the Tinderbox Collector&#8217;s Edition"}]},{"@type":"WebSite","@id":"https:\/\/www.iplay.com\/en\/#website","url":"https:\/\/www.iplay.com\/en\/","name":"IPlay","description":"The Best Casual Games!","publisher":{"@id":"https:\/\/www.iplay.com\/en\/#organization"},"potentialAction":[{"@type":"SearchAction","target":{"@type":"EntryPoint","urlTemplate":"https:\/\/www.iplay.com\/en\/?s={search_term_string}"},"query-input":{"@type":"PropertyValueSpecification","valueRequired":true,"valueName":"search_term_string"}}],"inLanguage":"es"},{"@type":"Organization","@id":"https:\/\/www.iplay.com\/en\/#organization","name":"IPlay","url":"https:\/\/www.iplay.com\/en\/","logo":{"@type":"ImageObject","inLanguage":"es","@id":"https:\/\/www.iplay.com\/en\/#\/schema\/logo\/image\/","url":"https:\/\/www.iplay.com\/wp-content\/uploads\/2023\/11\/Group-6100.svg","contentUrl":"https:\/\/www.iplay.com\/wp-content\/uploads\/2023\/11\/Group-6100.svg","width":98,"height":25,"caption":"IPlay"},"image":{"@id":"https:\/\/www.iplay.com\/en\/#\/schema\/logo\/image\/"}}]}},"_links":{"self":[{"href":"https:\/\/www.iplay.com\/es\/wp-json\/wp\/v2\/product\/139901","targetHints":{"allow":["GET"]}}],"collection":[{"href":"https:\/\/www.iplay.com\/es\/wp-json\/wp\/v2\/product"}],"about":[{"href":"https:\/\/www.iplay.com\/es\/wp-json\/wp\/v2\/types\/product"}],"author":[{"embeddable":true,"href":"https:\/\/www.iplay.com\/es\/wp-json\/wp\/v2\/users\/17"}],"replies":[{"embeddable":true,"href":"https:\/\/www.iplay.com\/es\/wp-json\/wp\/v2\/comments?post=139901"}],"wp:featuredmedia":[{"embeddable":true,"href":"https:\/\/www.iplay.com\/es\/wp-json\/wp\/v2\/media\/94263"}],"wp:attachment":[{"href":"https:\/\/www.iplay.com\/es\/wp-json\/wp\/v2\/media?parent=139901"}],"wp:term":[{"taxonomy":"product_brand","embeddable":true,"href":"https:\/\/www.iplay.com\/es\/wp-json\/wp\/v2\/product_brand?post=139901"},{"taxonomy":"product_cat","embeddable":true,"href":"https:\/\/www.iplay.com\/es\/wp-json\/wp\/v2\/product_cat?post=139901"},{"taxonomy":"product_tag","embeddable":true,"href":"https:\/\/www.iplay.com\/es\/wp-json\/wp\/v2\/product_tag?post=139901"}],"curies":[{"name":"wp","href":"https:\/\/api.w.org\/{rel}","templated":true}]}}