{"id":139894,"date":"2019-02-10T00:00:01","date_gmt":"2019-02-10T00:00:01","guid":{"rendered":"https:\/\/www.iplay.com\/games\/puppetshow-her-cruel-collection-collectors-edition\/"},"modified":"2019-02-10T00:00:01","modified_gmt":"2019-02-10T00:00:01","slug":"puppetshow-her-cruel-collection-collectors-edition","status":"publish","type":"product","link":"https:\/\/www.iplay.com\/es\/games\/puppetshow-her-cruel-collection-collectors-edition\/","title":{"rendered":"PuppetShow: Her Cruel Collection Collector&#8217;s Edition"},"content":{"rendered":"<p>\u00a1Saborea la \u00faltima oferta de la programaci\u00f3n del <em>espect\u00e1culo de marionetas<\/em> ! \u00bfLa desaparici\u00f3n del novio de una joven? le ha incitado a investigar el asunto. Te sumerges en un mundo misterioso y lleno de marionetas a medida que lo que comienza como una investigaci\u00f3n sencilla toma r\u00e1pidamente un giro siniestro. \u00bfPuedes averiguar qui\u00e9n est\u00e1 detr\u00e1s de la avalancha de secuestros enigm\u00e1ticos en un mundo donde nadie es quien parece ser? \u00a1En esta cautivadora aventura de rompecabezas de objetos ocultos, desc\u00fabrelo!<\/p>\n<p>&nbsp;<\/p>\n<p>&nbsp;<\/p>\n<p><strong>Funciones:<\/strong><\/p>\n<p>&nbsp;<\/p>\n<p>&#8211; Descubre el alcance de tus habilidades para buscar el amor en el juego de bonificaci\u00f3n.<br \/>\n&#8211; Localiza t\u00edteres ocultos para reforzar tu surtido.<br \/>\n&#8211; Consulte la gu\u00eda completa de estrategia.<br \/>\n&#8211; Apunta a una variedad de logros entretenidos.<br \/>\n&#8211; Se incluyen HOP rejugables, minijuegos, obras de arte, audio y fondos de pantalla.<\/p>\n","protected":false},"excerpt":{"rendered":"<p>\u00bfQui\u00e9n est\u00e1 realmente a cargo de los secuestros? \u00bfSe puede salvar al prometido de una mujer antes de que sea demasiado tarde? <\/p>\n","protected":false},"author":17,"featured_media":94311,"comment_status":"open","ping_status":"closed","template":"","meta":{"_acf_changed":false,"inline_featured_image":false},"product_brand":[],"product_cat":[166],"product_tag":[288],"class_list":{"0":"post-139894","1":"product","2":"type-product","3":"status-publish","4":"has-post-thumbnail","6":"product_cat-hidden-object-es","7":"product_tag-play-on-pc-es","9":"first","10":"instock","11":"shipping-taxable","12":"purchasable","13":"product-type-simple"},"acf":[],"yoast_head":"<!-- This site is optimized with the Yoast SEO Premium plugin v25.2 (Yoast SEO v25.2) - https:\/\/yoast.com\/wordpress\/plugins\/seo\/ -->\n<title>PuppetShow: Her Cruel Collection Collector&#039;s Edition - Salva al prometido de una mujer de los secuestradores antes de que sea demasiado tarde<\/title>\n<meta name=\"description\" content=\"\u00bfQui\u00e9n est\u00e1 realmente a cargo de los secuestros? \u00bfSe puede salvar al prometido de una mujer antes de que sea demasiado tarde?\" \/>\n<meta name=\"robots\" content=\"index, follow, max-snippet:-1, max-image-preview:large, max-video-preview:-1\" \/>\n<link rel=\"canonical\" href=\"https:\/\/www.iplay.com\/es\/games\/puppetshow-her-cruel-collection-collectors-edition\/\" \/>\n<meta property=\"og:locale\" content=\"es_ES\" \/>\n<meta property=\"og:type\" content=\"article\" \/>\n<meta property=\"og:title\" content=\"PuppetShow: Her Cruel Collection Collector&#039;s Edition\" \/>\n<meta property=\"og:description\" content=\"\u00bfQui\u00e9n est\u00e1 realmente a cargo de los secuestros? \u00bfSe puede salvar al prometido de una mujer antes de que sea demasiado tarde?\" \/>\n<meta property=\"og:url\" content=\"https:\/\/www.iplay.com\/es\/games\/puppetshow-her-cruel-collection-collectors-edition\/\" \/>\n<meta property=\"og:site_name\" content=\"IPlay\" \/>\n<meta property=\"og:image\" content=\"https:\/\/www.iplay.com\/wp-content\/uploads\/2023\/12\/large_square_tile_image-3411.jpg\" \/>\n\t<meta property=\"og:image:width\" content=\"310\" \/>\n\t<meta property=\"og:image:height\" content=\"310\" \/>\n\t<meta property=\"og:image:type\" content=\"image\/jpeg\" \/>\n<meta name=\"twitter:card\" content=\"summary_large_image\" \/>\n<meta name=\"twitter:label1\" content=\"Est. reading time\" \/>\n\t<meta name=\"twitter:data1\" content=\"1 minuto\" \/>\n<script type=\"application\/ld+json\" class=\"yoast-schema-graph\">{\"@context\":\"https:\/\/schema.org\",\"@graph\":[{\"@type\":\"WebPage\",\"@id\":\"https:\/\/www.iplay.com\/es\/games\/puppetshow-her-cruel-collection-collectors-edition\/\",\"url\":\"https:\/\/www.iplay.com\/es\/games\/puppetshow-her-cruel-collection-collectors-edition\/\",\"name\":\"PuppetShow: Her Cruel Collection Collector's Edition - Salva al prometido de una mujer de los secuestradores antes de que sea demasiado tarde\",\"isPartOf\":{\"@id\":\"https:\/\/www.iplay.com\/en\/#website\"},\"primaryImageOfPage\":{\"@id\":\"https:\/\/www.iplay.com\/es\/games\/puppetshow-her-cruel-collection-collectors-edition\/#primaryimage\"},\"image\":{\"@id\":\"https:\/\/www.iplay.com\/es\/games\/puppetshow-her-cruel-collection-collectors-edition\/#primaryimage\"},\"thumbnailUrl\":\"https:\/\/www.iplay.com\/wp-content\/uploads\/2023\/12\/large_square_tile_image-3411.jpg\",\"datePublished\":\"2019-02-10T00:00:01+00:00\",\"description\":\"\u00bfQui\u00e9n est\u00e1 realmente a cargo de los secuestros? \u00bfSe puede salvar al prometido de una mujer antes de que sea demasiado tarde?\",\"breadcrumb\":{\"@id\":\"https:\/\/www.iplay.com\/es\/games\/puppetshow-her-cruel-collection-collectors-edition\/#breadcrumb\"},\"inLanguage\":\"es\",\"potentialAction\":[{\"@type\":\"ReadAction\",\"target\":[\"https:\/\/www.iplay.com\/es\/games\/puppetshow-her-cruel-collection-collectors-edition\/\"]}]},{\"@type\":\"ImageObject\",\"inLanguage\":\"es\",\"@id\":\"https:\/\/www.iplay.com\/es\/games\/puppetshow-her-cruel-collection-collectors-edition\/#primaryimage\",\"url\":\"https:\/\/www.iplay.com\/wp-content\/uploads\/2023\/12\/large_square_tile_image-3411.jpg\",\"contentUrl\":\"https:\/\/www.iplay.com\/wp-content\/uploads\/2023\/12\/large_square_tile_image-3411.jpg\",\"width\":310,\"height\":310},{\"@type\":\"BreadcrumbList\",\"@id\":\"https:\/\/www.iplay.com\/es\/games\/puppetshow-her-cruel-collection-collectors-edition\/#breadcrumb\",\"itemListElement\":[{\"@type\":\"ListItem\",\"position\":1,\"name\":\"Home\",\"item\":\"https:\/\/www.iplay.com\/es\/home-page-2\/\"},{\"@type\":\"ListItem\",\"position\":2,\"name\":\"Shop\",\"item\":\"https:\/\/www.iplay.com\/en\/shop\/\"},{\"@type\":\"ListItem\",\"position\":3,\"name\":\"PuppetShow: Her Cruel Collection Collector&#8217;s Edition\"}]},{\"@type\":\"WebSite\",\"@id\":\"https:\/\/www.iplay.com\/en\/#website\",\"url\":\"https:\/\/www.iplay.com\/en\/\",\"name\":\"IPlay\",\"description\":\"The Best Casual Games!\",\"publisher\":{\"@id\":\"https:\/\/www.iplay.com\/en\/#organization\"},\"potentialAction\":[{\"@type\":\"SearchAction\",\"target\":{\"@type\":\"EntryPoint\",\"urlTemplate\":\"https:\/\/www.iplay.com\/en\/?s={search_term_string}\"},\"query-input\":{\"@type\":\"PropertyValueSpecification\",\"valueRequired\":true,\"valueName\":\"search_term_string\"}}],\"inLanguage\":\"es\"},{\"@type\":\"Organization\",\"@id\":\"https:\/\/www.iplay.com\/en\/#organization\",\"name\":\"IPlay\",\"url\":\"https:\/\/www.iplay.com\/en\/\",\"logo\":{\"@type\":\"ImageObject\",\"inLanguage\":\"es\",\"@id\":\"https:\/\/www.iplay.com\/en\/#\/schema\/logo\/image\/\",\"url\":\"https:\/\/www.iplay.com\/wp-content\/uploads\/2023\/11\/Group-6100.svg\",\"contentUrl\":\"https:\/\/www.iplay.com\/wp-content\/uploads\/2023\/11\/Group-6100.svg\",\"width\":98,\"height\":25,\"caption\":\"IPlay\"},\"image\":{\"@id\":\"https:\/\/www.iplay.com\/en\/#\/schema\/logo\/image\/\"}}]}<\/script>\n<!-- \/ Yoast SEO Premium plugin. -->","yoast_head_json":{"title":"PuppetShow: Her Cruel Collection Collector's Edition - Salva al prometido de una mujer de los secuestradores antes de que sea demasiado tarde","description":"\u00bfQui\u00e9n est\u00e1 realmente a cargo de los secuestros? \u00bfSe puede salvar al prometido de una mujer antes de que sea demasiado tarde?","robots":{"index":"index","follow":"follow","max-snippet":"max-snippet:-1","max-image-preview":"max-image-preview:large","max-video-preview":"max-video-preview:-1"},"canonical":"https:\/\/www.iplay.com\/es\/games\/puppetshow-her-cruel-collection-collectors-edition\/","og_locale":"es_ES","og_type":"article","og_title":"PuppetShow: Her Cruel Collection Collector's Edition","og_description":"\u00bfQui\u00e9n est\u00e1 realmente a cargo de los secuestros? \u00bfSe puede salvar al prometido de una mujer antes de que sea demasiado tarde?","og_url":"https:\/\/www.iplay.com\/es\/games\/puppetshow-her-cruel-collection-collectors-edition\/","og_site_name":"IPlay","og_image":[{"width":310,"height":310,"url":"https:\/\/www.iplay.com\/wp-content\/uploads\/2023\/12\/large_square_tile_image-3411.jpg","type":"image\/jpeg"}],"twitter_card":"summary_large_image","twitter_misc":{"Est. reading time":"1 minuto"},"schema":{"@context":"https:\/\/schema.org","@graph":[{"@type":"WebPage","@id":"https:\/\/www.iplay.com\/es\/games\/puppetshow-her-cruel-collection-collectors-edition\/","url":"https:\/\/www.iplay.com\/es\/games\/puppetshow-her-cruel-collection-collectors-edition\/","name":"PuppetShow: Her Cruel Collection Collector's Edition - Salva al prometido de una mujer de los secuestradores antes de que sea demasiado tarde","isPartOf":{"@id":"https:\/\/www.iplay.com\/en\/#website"},"primaryImageOfPage":{"@id":"https:\/\/www.iplay.com\/es\/games\/puppetshow-her-cruel-collection-collectors-edition\/#primaryimage"},"image":{"@id":"https:\/\/www.iplay.com\/es\/games\/puppetshow-her-cruel-collection-collectors-edition\/#primaryimage"},"thumbnailUrl":"https:\/\/www.iplay.com\/wp-content\/uploads\/2023\/12\/large_square_tile_image-3411.jpg","datePublished":"2019-02-10T00:00:01+00:00","description":"\u00bfQui\u00e9n est\u00e1 realmente a cargo de los secuestros? \u00bfSe puede salvar al prometido de una mujer antes de que sea demasiado tarde?","breadcrumb":{"@id":"https:\/\/www.iplay.com\/es\/games\/puppetshow-her-cruel-collection-collectors-edition\/#breadcrumb"},"inLanguage":"es","potentialAction":[{"@type":"ReadAction","target":["https:\/\/www.iplay.com\/es\/games\/puppetshow-her-cruel-collection-collectors-edition\/"]}]},{"@type":"ImageObject","inLanguage":"es","@id":"https:\/\/www.iplay.com\/es\/games\/puppetshow-her-cruel-collection-collectors-edition\/#primaryimage","url":"https:\/\/www.iplay.com\/wp-content\/uploads\/2023\/12\/large_square_tile_image-3411.jpg","contentUrl":"https:\/\/www.iplay.com\/wp-content\/uploads\/2023\/12\/large_square_tile_image-3411.jpg","width":310,"height":310},{"@type":"BreadcrumbList","@id":"https:\/\/www.iplay.com\/es\/games\/puppetshow-her-cruel-collection-collectors-edition\/#breadcrumb","itemListElement":[{"@type":"ListItem","position":1,"name":"Home","item":"https:\/\/www.iplay.com\/es\/home-page-2\/"},{"@type":"ListItem","position":2,"name":"Shop","item":"https:\/\/www.iplay.com\/en\/shop\/"},{"@type":"ListItem","position":3,"name":"PuppetShow: Her Cruel Collection Collector&#8217;s Edition"}]},{"@type":"WebSite","@id":"https:\/\/www.iplay.com\/en\/#website","url":"https:\/\/www.iplay.com\/en\/","name":"IPlay","description":"The Best Casual Games!","publisher":{"@id":"https:\/\/www.iplay.com\/en\/#organization"},"potentialAction":[{"@type":"SearchAction","target":{"@type":"EntryPoint","urlTemplate":"https:\/\/www.iplay.com\/en\/?s={search_term_string}"},"query-input":{"@type":"PropertyValueSpecification","valueRequired":true,"valueName":"search_term_string"}}],"inLanguage":"es"},{"@type":"Organization","@id":"https:\/\/www.iplay.com\/en\/#organization","name":"IPlay","url":"https:\/\/www.iplay.com\/en\/","logo":{"@type":"ImageObject","inLanguage":"es","@id":"https:\/\/www.iplay.com\/en\/#\/schema\/logo\/image\/","url":"https:\/\/www.iplay.com\/wp-content\/uploads\/2023\/11\/Group-6100.svg","contentUrl":"https:\/\/www.iplay.com\/wp-content\/uploads\/2023\/11\/Group-6100.svg","width":98,"height":25,"caption":"IPlay"},"image":{"@id":"https:\/\/www.iplay.com\/en\/#\/schema\/logo\/image\/"}}]}},"_links":{"self":[{"href":"https:\/\/www.iplay.com\/es\/wp-json\/wp\/v2\/product\/139894","targetHints":{"allow":["GET"]}}],"collection":[{"href":"https:\/\/www.iplay.com\/es\/wp-json\/wp\/v2\/product"}],"about":[{"href":"https:\/\/www.iplay.com\/es\/wp-json\/wp\/v2\/types\/product"}],"author":[{"embeddable":true,"href":"https:\/\/www.iplay.com\/es\/wp-json\/wp\/v2\/users\/17"}],"replies":[{"embeddable":true,"href":"https:\/\/www.iplay.com\/es\/wp-json\/wp\/v2\/comments?post=139894"}],"wp:featuredmedia":[{"embeddable":true,"href":"https:\/\/www.iplay.com\/es\/wp-json\/wp\/v2\/media\/94311"}],"wp:attachment":[{"href":"https:\/\/www.iplay.com\/es\/wp-json\/wp\/v2\/media?parent=139894"}],"wp:term":[{"taxonomy":"product_brand","embeddable":true,"href":"https:\/\/www.iplay.com\/es\/wp-json\/wp\/v2\/product_brand?post=139894"},{"taxonomy":"product_cat","embeddable":true,"href":"https:\/\/www.iplay.com\/es\/wp-json\/wp\/v2\/product_cat?post=139894"},{"taxonomy":"product_tag","embeddable":true,"href":"https:\/\/www.iplay.com\/es\/wp-json\/wp\/v2\/product_tag?post=139894"}],"curies":[{"name":"wp","href":"https:\/\/api.w.org\/{rel}","templated":true}]}}