{"id":139850,"date":"2019-10-16T00:00:00","date_gmt":"2019-10-16T00:00:00","guid":{"rendered":"https:\/\/www.iplay.com\/games\/great-match-3-games-pack-volume-2\/"},"modified":"2019-10-16T00:00:00","modified_gmt":"2019-10-16T00:00:00","slug":"great-match-3-games-pack-volume-2","status":"publish","type":"product","link":"https:\/\/www.iplay.com\/es\/games\/great-match-3-games-pack-volume-2\/","title":{"rendered":"Great Match-3 Games Pack Volume 2"},"content":{"rendered":"<p>\u00a1Este emocionante paquete contiene cuatro fant\u00e1sticos juegos de combinar 3! Estos cuatro productos te mantendr\u00e1n entretenido durante horas con su jugabilidad \u00fanica y sus encantadores gr\u00e1ficos&#8230; <\/p>\n<p>&nbsp;<\/p>\n<p><strong>MatchVentures (en ingl\u00e9s)<\/strong><\/p>\n<p>\u00a1Explora las mazmorras del castillo de Cliffmont en esta nueva e intrigante aventura de combina 3! Mientras buscas en las profundidades materiales de valor incalculable para ayudar a reparar el castillo que fue destruido por el maestro drag\u00f3n oscuro Dragor, atravesar\u00e1s vastos niveles y superar\u00e1s docenas de desaf\u00edos. Lucha contra enemigos, explora t\u00faneles y resuelve acertijos con la ayuda de tu \u00fanico aliado, Finley el duende y sus enanos.  <\/p>\n<p>&nbsp;<\/p>\n<p><strong>MatchVentures 2<\/strong><\/p>\n<p>\u00a1Desentra\u00f1a los secretos del castillo de Cliffmont en esta encantadora aventura de combina 3! En tu viaje a trav\u00e9s de las enormes mazmorras, explora extensos niveles, obt\u00e9n valiosos tesoros y resuelve acertijos dif\u00edciles. Pero ten cuidado: el terrible Maestro Drag\u00f3n Dragor ha regresado a Crimson Valley con su malvada legi\u00f3n. Lucha contra adversarios, explora t\u00faneles extra\u00f1os y construye fortalezas para defender el reino de la malvada invasi\u00f3n con la ayuda de Finley el duende.   <\/p>\n<p>&nbsp;<\/p>\n<p><strong>Restaurante Rory&#8217;s<\/strong><\/p>\n<p>Rory se acaba de graduar de la escuela culinaria, \u00a1pero est\u00e1 demasiado arruinada para pagar sus pr\u00e9stamos estudiantiles! \u00a1Entonces decide crear su propio peque\u00f1o restaurante para ayudar a pagar sus deudas! \u00a1Entra en Rory&#8217;s Restaurant, un fant\u00e1stico juego de cocina y Match 3! Este juego tiene g\u00e9neros que seguramente disfrutar\u00e1s y con los que probablemente ya est\u00e9s familiarizado: Match 3, Objetos Ocultos y un minijuego de golpeteo.   <\/p>\n<p>&nbsp;<\/p>\n<p><strong>Restaurante Rory&#8217;s &#8211; Fiebre invernal<\/strong><\/p>\n<p>\u00a1Sigue a Rory en su regreso a su ciudad natal tras el \u00e9xito de su primer restaurante! Sirva 18 recetas internacionales distintas a la clientela exc\u00e9ntrica y a los VIP impacientes. Tambi\u00e9n hay disponibles minijuegos como objetos ocultos y servicio de postres. \u00a1Rory&#8217;s Restaurant Winter Rush tiene una incre\u00edble mezcla de temas de cocina de juegos de Match 3 que todos disfrutan!<\/p>\n","protected":false},"excerpt":{"rendered":"<p>\u00a1Ha vuelto! \u00a1La mejor colecci\u00f3n de match-3 jam\u00e1s reunida! <\/p>\n","protected":false},"author":20,"featured_media":84425,"comment_status":"open","ping_status":"closed","template":"","meta":{"_acf_changed":false,"inline_featured_image":false},"product_brand":[],"product_cat":[178,199],"product_tag":[288],"class_list":{"0":"post-139850","1":"product","2":"type-product","3":"status-publish","4":"has-post-thumbnail","6":"product_cat-match-3-es","7":"product_cat-removed-content-es","8":"product_tag-play-on-pc-es","10":"first","11":"instock","12":"shipping-taxable","13":"purchasable","14":"product-type-simple"},"acf":[],"yoast_head":"<!-- This site is optimized with the Yoast SEO Premium plugin v25.2 (Yoast SEO v25.2) - https:\/\/yoast.com\/wordpress\/plugins\/seo\/ -->\n<title>Great Match-3 Games Pack Volume 2 - Experimenta el mejor paquete de match-3 jam\u00e1s reunido<\/title>\n<meta name=\"description\" content=\"\u00a1Ha vuelto! \u00a1La mejor colecci\u00f3n de match-3 jam\u00e1s reunida!\" \/>\n<meta name=\"robots\" content=\"index, follow, max-snippet:-1, max-image-preview:large, max-video-preview:-1\" \/>\n<link rel=\"canonical\" href=\"https:\/\/www.iplay.com\/es\/games\/great-match-3-games-pack-volume-2\/\" \/>\n<meta property=\"og:locale\" content=\"es_ES\" \/>\n<meta property=\"og:type\" content=\"article\" \/>\n<meta property=\"og:title\" content=\"Great Match-3 Games Pack Volume 2\" \/>\n<meta property=\"og:description\" content=\"\u00a1Ha vuelto! \u00a1La mejor colecci\u00f3n de match-3 jam\u00e1s reunida!\" \/>\n<meta property=\"og:url\" content=\"https:\/\/www.iplay.com\/es\/games\/great-match-3-games-pack-volume-2\/\" \/>\n<meta property=\"og:site_name\" content=\"IPlay\" \/>\n<meta property=\"og:image\" content=\"https:\/\/www.iplay.com\/wp-content\/uploads\/2023\/12\/large_square_tile_image-2787.jpg\" \/>\n\t<meta property=\"og:image:width\" content=\"310\" \/>\n\t<meta property=\"og:image:height\" content=\"310\" \/>\n\t<meta property=\"og:image:type\" content=\"image\/jpeg\" \/>\n<meta name=\"twitter:card\" content=\"summary_large_image\" \/>\n<meta name=\"twitter:label1\" content=\"Est. reading time\" \/>\n\t<meta name=\"twitter:data1\" content=\"2 minutos\" \/>\n<script type=\"application\/ld+json\" class=\"yoast-schema-graph\">{\"@context\":\"https:\/\/schema.org\",\"@graph\":[{\"@type\":\"WebPage\",\"@id\":\"https:\/\/www.iplay.com\/es\/games\/great-match-3-games-pack-volume-2\/\",\"url\":\"https:\/\/www.iplay.com\/es\/games\/great-match-3-games-pack-volume-2\/\",\"name\":\"Great Match-3 Games Pack Volume 2 - Experimenta el mejor paquete de match-3 jam\u00e1s reunido\",\"isPartOf\":{\"@id\":\"https:\/\/www.iplay.com\/en\/#website\"},\"primaryImageOfPage\":{\"@id\":\"https:\/\/www.iplay.com\/es\/games\/great-match-3-games-pack-volume-2\/#primaryimage\"},\"image\":{\"@id\":\"https:\/\/www.iplay.com\/es\/games\/great-match-3-games-pack-volume-2\/#primaryimage\"},\"thumbnailUrl\":\"https:\/\/www.iplay.com\/wp-content\/uploads\/2023\/12\/large_square_tile_image-2787.jpg\",\"datePublished\":\"2019-10-16T00:00:00+00:00\",\"description\":\"\u00a1Ha vuelto! \u00a1La mejor colecci\u00f3n de match-3 jam\u00e1s reunida!\",\"breadcrumb\":{\"@id\":\"https:\/\/www.iplay.com\/es\/games\/great-match-3-games-pack-volume-2\/#breadcrumb\"},\"inLanguage\":\"es\",\"potentialAction\":[{\"@type\":\"ReadAction\",\"target\":[\"https:\/\/www.iplay.com\/es\/games\/great-match-3-games-pack-volume-2\/\"]}]},{\"@type\":\"ImageObject\",\"inLanguage\":\"es\",\"@id\":\"https:\/\/www.iplay.com\/es\/games\/great-match-3-games-pack-volume-2\/#primaryimage\",\"url\":\"https:\/\/www.iplay.com\/wp-content\/uploads\/2023\/12\/large_square_tile_image-2787.jpg\",\"contentUrl\":\"https:\/\/www.iplay.com\/wp-content\/uploads\/2023\/12\/large_square_tile_image-2787.jpg\",\"width\":310,\"height\":310},{\"@type\":\"BreadcrumbList\",\"@id\":\"https:\/\/www.iplay.com\/es\/games\/great-match-3-games-pack-volume-2\/#breadcrumb\",\"itemListElement\":[{\"@type\":\"ListItem\",\"position\":1,\"name\":\"Home\",\"item\":\"https:\/\/www.iplay.com\/es\/home-page-2\/\"},{\"@type\":\"ListItem\",\"position\":2,\"name\":\"Shop\",\"item\":\"https:\/\/www.iplay.com\/en\/shop\/\"},{\"@type\":\"ListItem\",\"position\":3,\"name\":\"Great Match-3 Games Pack Volume 2\"}]},{\"@type\":\"WebSite\",\"@id\":\"https:\/\/www.iplay.com\/en\/#website\",\"url\":\"https:\/\/www.iplay.com\/en\/\",\"name\":\"IPlay\",\"description\":\"The Best Casual Games!\",\"publisher\":{\"@id\":\"https:\/\/www.iplay.com\/en\/#organization\"},\"potentialAction\":[{\"@type\":\"SearchAction\",\"target\":{\"@type\":\"EntryPoint\",\"urlTemplate\":\"https:\/\/www.iplay.com\/en\/?s={search_term_string}\"},\"query-input\":{\"@type\":\"PropertyValueSpecification\",\"valueRequired\":true,\"valueName\":\"search_term_string\"}}],\"inLanguage\":\"es\"},{\"@type\":\"Organization\",\"@id\":\"https:\/\/www.iplay.com\/en\/#organization\",\"name\":\"IPlay\",\"url\":\"https:\/\/www.iplay.com\/en\/\",\"logo\":{\"@type\":\"ImageObject\",\"inLanguage\":\"es\",\"@id\":\"https:\/\/www.iplay.com\/en\/#\/schema\/logo\/image\/\",\"url\":\"https:\/\/www.iplay.com\/wp-content\/uploads\/2023\/11\/Group-6100.svg\",\"contentUrl\":\"https:\/\/www.iplay.com\/wp-content\/uploads\/2023\/11\/Group-6100.svg\",\"width\":98,\"height\":25,\"caption\":\"IPlay\"},\"image\":{\"@id\":\"https:\/\/www.iplay.com\/en\/#\/schema\/logo\/image\/\"}}]}<\/script>\n<!-- \/ Yoast SEO Premium plugin. -->","yoast_head_json":{"title":"Great Match-3 Games Pack Volume 2 - Experimenta el mejor paquete de match-3 jam\u00e1s reunido","description":"\u00a1Ha vuelto! \u00a1La mejor colecci\u00f3n de match-3 jam\u00e1s reunida!","robots":{"index":"index","follow":"follow","max-snippet":"max-snippet:-1","max-image-preview":"max-image-preview:large","max-video-preview":"max-video-preview:-1"},"canonical":"https:\/\/www.iplay.com\/es\/games\/great-match-3-games-pack-volume-2\/","og_locale":"es_ES","og_type":"article","og_title":"Great Match-3 Games Pack Volume 2","og_description":"\u00a1Ha vuelto! \u00a1La mejor colecci\u00f3n de match-3 jam\u00e1s reunida!","og_url":"https:\/\/www.iplay.com\/es\/games\/great-match-3-games-pack-volume-2\/","og_site_name":"IPlay","og_image":[{"width":310,"height":310,"url":"https:\/\/www.iplay.com\/wp-content\/uploads\/2023\/12\/large_square_tile_image-2787.jpg","type":"image\/jpeg"}],"twitter_card":"summary_large_image","twitter_misc":{"Est. reading time":"2 minutos"},"schema":{"@context":"https:\/\/schema.org","@graph":[{"@type":"WebPage","@id":"https:\/\/www.iplay.com\/es\/games\/great-match-3-games-pack-volume-2\/","url":"https:\/\/www.iplay.com\/es\/games\/great-match-3-games-pack-volume-2\/","name":"Great Match-3 Games Pack Volume 2 - Experimenta el mejor paquete de match-3 jam\u00e1s reunido","isPartOf":{"@id":"https:\/\/www.iplay.com\/en\/#website"},"primaryImageOfPage":{"@id":"https:\/\/www.iplay.com\/es\/games\/great-match-3-games-pack-volume-2\/#primaryimage"},"image":{"@id":"https:\/\/www.iplay.com\/es\/games\/great-match-3-games-pack-volume-2\/#primaryimage"},"thumbnailUrl":"https:\/\/www.iplay.com\/wp-content\/uploads\/2023\/12\/large_square_tile_image-2787.jpg","datePublished":"2019-10-16T00:00:00+00:00","description":"\u00a1Ha vuelto! \u00a1La mejor colecci\u00f3n de match-3 jam\u00e1s reunida!","breadcrumb":{"@id":"https:\/\/www.iplay.com\/es\/games\/great-match-3-games-pack-volume-2\/#breadcrumb"},"inLanguage":"es","potentialAction":[{"@type":"ReadAction","target":["https:\/\/www.iplay.com\/es\/games\/great-match-3-games-pack-volume-2\/"]}]},{"@type":"ImageObject","inLanguage":"es","@id":"https:\/\/www.iplay.com\/es\/games\/great-match-3-games-pack-volume-2\/#primaryimage","url":"https:\/\/www.iplay.com\/wp-content\/uploads\/2023\/12\/large_square_tile_image-2787.jpg","contentUrl":"https:\/\/www.iplay.com\/wp-content\/uploads\/2023\/12\/large_square_tile_image-2787.jpg","width":310,"height":310},{"@type":"BreadcrumbList","@id":"https:\/\/www.iplay.com\/es\/games\/great-match-3-games-pack-volume-2\/#breadcrumb","itemListElement":[{"@type":"ListItem","position":1,"name":"Home","item":"https:\/\/www.iplay.com\/es\/home-page-2\/"},{"@type":"ListItem","position":2,"name":"Shop","item":"https:\/\/www.iplay.com\/en\/shop\/"},{"@type":"ListItem","position":3,"name":"Great Match-3 Games Pack Volume 2"}]},{"@type":"WebSite","@id":"https:\/\/www.iplay.com\/en\/#website","url":"https:\/\/www.iplay.com\/en\/","name":"IPlay","description":"The Best Casual Games!","publisher":{"@id":"https:\/\/www.iplay.com\/en\/#organization"},"potentialAction":[{"@type":"SearchAction","target":{"@type":"EntryPoint","urlTemplate":"https:\/\/www.iplay.com\/en\/?s={search_term_string}"},"query-input":{"@type":"PropertyValueSpecification","valueRequired":true,"valueName":"search_term_string"}}],"inLanguage":"es"},{"@type":"Organization","@id":"https:\/\/www.iplay.com\/en\/#organization","name":"IPlay","url":"https:\/\/www.iplay.com\/en\/","logo":{"@type":"ImageObject","inLanguage":"es","@id":"https:\/\/www.iplay.com\/en\/#\/schema\/logo\/image\/","url":"https:\/\/www.iplay.com\/wp-content\/uploads\/2023\/11\/Group-6100.svg","contentUrl":"https:\/\/www.iplay.com\/wp-content\/uploads\/2023\/11\/Group-6100.svg","width":98,"height":25,"caption":"IPlay"},"image":{"@id":"https:\/\/www.iplay.com\/en\/#\/schema\/logo\/image\/"}}]}},"_links":{"self":[{"href":"https:\/\/www.iplay.com\/es\/wp-json\/wp\/v2\/product\/139850","targetHints":{"allow":["GET"]}}],"collection":[{"href":"https:\/\/www.iplay.com\/es\/wp-json\/wp\/v2\/product"}],"about":[{"href":"https:\/\/www.iplay.com\/es\/wp-json\/wp\/v2\/types\/product"}],"author":[{"embeddable":true,"href":"https:\/\/www.iplay.com\/es\/wp-json\/wp\/v2\/users\/20"}],"replies":[{"embeddable":true,"href":"https:\/\/www.iplay.com\/es\/wp-json\/wp\/v2\/comments?post=139850"}],"wp:featuredmedia":[{"embeddable":true,"href":"https:\/\/www.iplay.com\/es\/wp-json\/wp\/v2\/media\/84425"}],"wp:attachment":[{"href":"https:\/\/www.iplay.com\/es\/wp-json\/wp\/v2\/media?parent=139850"}],"wp:term":[{"taxonomy":"product_brand","embeddable":true,"href":"https:\/\/www.iplay.com\/es\/wp-json\/wp\/v2\/product_brand?post=139850"},{"taxonomy":"product_cat","embeddable":true,"href":"https:\/\/www.iplay.com\/es\/wp-json\/wp\/v2\/product_cat?post=139850"},{"taxonomy":"product_tag","embeddable":true,"href":"https:\/\/www.iplay.com\/es\/wp-json\/wp\/v2\/product_tag?post=139850"}],"curies":[{"name":"wp","href":"https:\/\/api.w.org\/{rel}","templated":true}]}}