{"id":139824,"date":"2019-10-05T00:00:00","date_gmt":"2019-10-05T00:00:00","guid":{"rendered":"https:\/\/www.iplay.com\/games\/dark-tales-edgar-allan-poes-speaking-with-the-dead-collectors-edition\/"},"modified":"2019-10-05T00:00:00","modified_gmt":"2019-10-05T00:00:00","slug":"dark-tales-edgar-allan-poes-speaking-with-the-dead-collectors-edition","status":"publish","type":"product","link":"https:\/\/www.iplay.com\/es\/games\/dark-tales-edgar-allan-poes-speaking-with-the-dead-collectors-edition\/","title":{"rendered":"Dark Tales: Edgar Allan Poe&#8217;s Speaking with the Dead Collector&#8217;s Edition"},"content":{"rendered":"<p>\u00a1La incre\u00edble serie <em>Dark Tales<\/em> ha lanzado una nueva entrega que seguramente deleitar\u00e1! \u00a1Esta vez es diferente porque un viejo enemigo criminal tuyo parece estar regresando de entre los muertos para vengarse! Usted y su camarada Dupin han resuelto innumerables casos juntos. Algunos miembros del jurado han recibido cartas amenazantes escritas por el difunto, mientras que otros miembros del jurado del juicio han desaparecido. Antes de que sea demasiado tarde, \u00bfpuedes averiguar qui\u00e9n es el responsable de los secuestros y de tratar de completar el trabajo del condenado? \u00a1En este emocionante viaje de rompecabezas de objetos ocultos, desc\u00fabrelo!     <\/p>\n<p>&nbsp;<\/p>\n<p>&nbsp;<\/p>\n<p><strong>Funciones:<\/strong><\/p>\n<p>&nbsp;<\/p>\n<p>&#8211; \u00a1En el juego de bonificaci\u00f3n, descubrir al culpable culpable pone en peligro tres vidas!<br \/>\n&#8211; \u00a1Adquiere una serie de logros excepcionales!<br \/>\n&#8211; \u00a1Encuentra un mont\u00f3n de objetos que se transforman y golosinas secretas!<br \/>\n&#8211; \u00a1Disfruta volviendo a visitar tus HOPS y minijuegos favoritos, as\u00ed como la banda sonora especial, las pel\u00edculas, el fondo de pantalla, la galer\u00eda de personajes y las funciones adicionales!<br \/>\n&#8211; \u00a1Con la gu\u00eda de estrategia, nunca te perder\u00e1s!<\/p>\n","protected":false},"excerpt":{"rendered":"<p>Cuando los muertos resucitan para vengarse&#8230; Cuentos oscuros: Hablando con los muertos de Edgar Allan Poe, Ed. <\/p>\n","protected":false},"author":17,"featured_media":84585,"comment_status":"open","ping_status":"closed","template":"","meta":{"_acf_changed":false,"inline_featured_image":false},"product_brand":[],"product_cat":[166],"product_tag":[288],"class_list":{"0":"post-139824","1":"product","2":"type-product","3":"status-publish","4":"has-post-thumbnail","6":"product_cat-hidden-object-es","7":"product_tag-play-on-pc-es","9":"first","10":"instock","11":"shipping-taxable","12":"purchasable","13":"product-type-simple"},"acf":[],"yoast_head":"<!-- This site is optimized with the Yoast SEO Premium plugin v25.2 (Yoast SEO v25.2) - https:\/\/yoast.com\/wordpress\/plugins\/seo\/ -->\n<title>Dark Tales: Edgar Allan Poe&#039;s Speaking with the Dead Collector&#039;s Edition - Los muertos regresan para vengarse en Dark Tales<\/title>\n<meta name=\"description\" content=\"Cuando los muertos resucitan para vengarse... Cuentos oscuros: Hablando con los muertos de Edgar Allan Poe, Ed.\" \/>\n<meta name=\"robots\" content=\"index, follow, max-snippet:-1, max-image-preview:large, max-video-preview:-1\" \/>\n<link rel=\"canonical\" href=\"https:\/\/www.iplay.com\/es\/games\/dark-tales-edgar-allan-poes-speaking-with-the-dead-collectors-edition\/\" \/>\n<meta property=\"og:locale\" content=\"es_ES\" \/>\n<meta property=\"og:type\" content=\"article\" \/>\n<meta property=\"og:title\" content=\"Dark Tales: Edgar Allan Poe&#039;s Speaking with the Dead Collector&#039;s Edition\" \/>\n<meta property=\"og:description\" content=\"Cuando los muertos resucitan para vengarse... Cuentos oscuros: Hablando con los muertos de Edgar Allan Poe, Ed.\" \/>\n<meta property=\"og:url\" content=\"https:\/\/www.iplay.com\/es\/games\/dark-tales-edgar-allan-poes-speaking-with-the-dead-collectors-edition\/\" \/>\n<meta property=\"og:site_name\" content=\"IPlay\" \/>\n<meta property=\"og:image\" content=\"https:\/\/www.iplay.com\/wp-content\/uploads\/2023\/12\/large_square_tile_image-2797.jpg\" \/>\n\t<meta property=\"og:image:width\" content=\"310\" \/>\n\t<meta property=\"og:image:height\" content=\"310\" \/>\n\t<meta property=\"og:image:type\" content=\"image\/jpeg\" \/>\n<meta name=\"twitter:card\" content=\"summary_large_image\" \/>\n<meta name=\"twitter:label1\" content=\"Est. reading time\" \/>\n\t<meta name=\"twitter:data1\" content=\"1 minuto\" \/>\n<script type=\"application\/ld+json\" class=\"yoast-schema-graph\">{\"@context\":\"https:\/\/schema.org\",\"@graph\":[{\"@type\":\"WebPage\",\"@id\":\"https:\/\/www.iplay.com\/es\/games\/dark-tales-edgar-allan-poes-speaking-with-the-dead-collectors-edition\/\",\"url\":\"https:\/\/www.iplay.com\/es\/games\/dark-tales-edgar-allan-poes-speaking-with-the-dead-collectors-edition\/\",\"name\":\"Dark Tales: Edgar Allan Poe's Speaking with the Dead Collector's Edition - Los muertos regresan para vengarse en Dark Tales\",\"isPartOf\":{\"@id\":\"https:\/\/www.iplay.com\/en\/#website\"},\"primaryImageOfPage\":{\"@id\":\"https:\/\/www.iplay.com\/es\/games\/dark-tales-edgar-allan-poes-speaking-with-the-dead-collectors-edition\/#primaryimage\"},\"image\":{\"@id\":\"https:\/\/www.iplay.com\/es\/games\/dark-tales-edgar-allan-poes-speaking-with-the-dead-collectors-edition\/#primaryimage\"},\"thumbnailUrl\":\"https:\/\/www.iplay.com\/wp-content\/uploads\/2023\/12\/large_square_tile_image-2797.jpg\",\"datePublished\":\"2019-10-05T00:00:00+00:00\",\"description\":\"Cuando los muertos resucitan para vengarse... Cuentos oscuros: Hablando con los muertos de Edgar Allan Poe, Ed.\",\"breadcrumb\":{\"@id\":\"https:\/\/www.iplay.com\/es\/games\/dark-tales-edgar-allan-poes-speaking-with-the-dead-collectors-edition\/#breadcrumb\"},\"inLanguage\":\"es\",\"potentialAction\":[{\"@type\":\"ReadAction\",\"target\":[\"https:\/\/www.iplay.com\/es\/games\/dark-tales-edgar-allan-poes-speaking-with-the-dead-collectors-edition\/\"]}]},{\"@type\":\"ImageObject\",\"inLanguage\":\"es\",\"@id\":\"https:\/\/www.iplay.com\/es\/games\/dark-tales-edgar-allan-poes-speaking-with-the-dead-collectors-edition\/#primaryimage\",\"url\":\"https:\/\/www.iplay.com\/wp-content\/uploads\/2023\/12\/large_square_tile_image-2797.jpg\",\"contentUrl\":\"https:\/\/www.iplay.com\/wp-content\/uploads\/2023\/12\/large_square_tile_image-2797.jpg\",\"width\":310,\"height\":310},{\"@type\":\"BreadcrumbList\",\"@id\":\"https:\/\/www.iplay.com\/es\/games\/dark-tales-edgar-allan-poes-speaking-with-the-dead-collectors-edition\/#breadcrumb\",\"itemListElement\":[{\"@type\":\"ListItem\",\"position\":1,\"name\":\"Home\",\"item\":\"https:\/\/www.iplay.com\/es\/home-page-2\/\"},{\"@type\":\"ListItem\",\"position\":2,\"name\":\"Shop\",\"item\":\"https:\/\/www.iplay.com\/en\/shop\/\"},{\"@type\":\"ListItem\",\"position\":3,\"name\":\"Dark Tales: Edgar Allan Poe&#8217;s Speaking with the Dead Collector&#8217;s Edition\"}]},{\"@type\":\"WebSite\",\"@id\":\"https:\/\/www.iplay.com\/en\/#website\",\"url\":\"https:\/\/www.iplay.com\/en\/\",\"name\":\"IPlay\",\"description\":\"The Best Casual Games!\",\"publisher\":{\"@id\":\"https:\/\/www.iplay.com\/en\/#organization\"},\"potentialAction\":[{\"@type\":\"SearchAction\",\"target\":{\"@type\":\"EntryPoint\",\"urlTemplate\":\"https:\/\/www.iplay.com\/en\/?s={search_term_string}\"},\"query-input\":{\"@type\":\"PropertyValueSpecification\",\"valueRequired\":true,\"valueName\":\"search_term_string\"}}],\"inLanguage\":\"es\"},{\"@type\":\"Organization\",\"@id\":\"https:\/\/www.iplay.com\/en\/#organization\",\"name\":\"IPlay\",\"url\":\"https:\/\/www.iplay.com\/en\/\",\"logo\":{\"@type\":\"ImageObject\",\"inLanguage\":\"es\",\"@id\":\"https:\/\/www.iplay.com\/en\/#\/schema\/logo\/image\/\",\"url\":\"https:\/\/www.iplay.com\/wp-content\/uploads\/2023\/11\/Group-6100.svg\",\"contentUrl\":\"https:\/\/www.iplay.com\/wp-content\/uploads\/2023\/11\/Group-6100.svg\",\"width\":98,\"height\":25,\"caption\":\"IPlay\"},\"image\":{\"@id\":\"https:\/\/www.iplay.com\/en\/#\/schema\/logo\/image\/\"}}]}<\/script>\n<!-- \/ Yoast SEO Premium plugin. -->","yoast_head_json":{"title":"Dark Tales: Edgar Allan Poe's Speaking with the Dead Collector's Edition - Los muertos regresan para vengarse en Dark Tales","description":"Cuando los muertos resucitan para vengarse... Cuentos oscuros: Hablando con los muertos de Edgar Allan Poe, Ed.","robots":{"index":"index","follow":"follow","max-snippet":"max-snippet:-1","max-image-preview":"max-image-preview:large","max-video-preview":"max-video-preview:-1"},"canonical":"https:\/\/www.iplay.com\/es\/games\/dark-tales-edgar-allan-poes-speaking-with-the-dead-collectors-edition\/","og_locale":"es_ES","og_type":"article","og_title":"Dark Tales: Edgar Allan Poe's Speaking with the Dead Collector's Edition","og_description":"Cuando los muertos resucitan para vengarse... Cuentos oscuros: Hablando con los muertos de Edgar Allan Poe, Ed.","og_url":"https:\/\/www.iplay.com\/es\/games\/dark-tales-edgar-allan-poes-speaking-with-the-dead-collectors-edition\/","og_site_name":"IPlay","og_image":[{"width":310,"height":310,"url":"https:\/\/www.iplay.com\/wp-content\/uploads\/2023\/12\/large_square_tile_image-2797.jpg","type":"image\/jpeg"}],"twitter_card":"summary_large_image","twitter_misc":{"Est. reading time":"1 minuto"},"schema":{"@context":"https:\/\/schema.org","@graph":[{"@type":"WebPage","@id":"https:\/\/www.iplay.com\/es\/games\/dark-tales-edgar-allan-poes-speaking-with-the-dead-collectors-edition\/","url":"https:\/\/www.iplay.com\/es\/games\/dark-tales-edgar-allan-poes-speaking-with-the-dead-collectors-edition\/","name":"Dark Tales: Edgar Allan Poe's Speaking with the Dead Collector's Edition - Los muertos regresan para vengarse en Dark Tales","isPartOf":{"@id":"https:\/\/www.iplay.com\/en\/#website"},"primaryImageOfPage":{"@id":"https:\/\/www.iplay.com\/es\/games\/dark-tales-edgar-allan-poes-speaking-with-the-dead-collectors-edition\/#primaryimage"},"image":{"@id":"https:\/\/www.iplay.com\/es\/games\/dark-tales-edgar-allan-poes-speaking-with-the-dead-collectors-edition\/#primaryimage"},"thumbnailUrl":"https:\/\/www.iplay.com\/wp-content\/uploads\/2023\/12\/large_square_tile_image-2797.jpg","datePublished":"2019-10-05T00:00:00+00:00","description":"Cuando los muertos resucitan para vengarse... Cuentos oscuros: Hablando con los muertos de Edgar Allan Poe, Ed.","breadcrumb":{"@id":"https:\/\/www.iplay.com\/es\/games\/dark-tales-edgar-allan-poes-speaking-with-the-dead-collectors-edition\/#breadcrumb"},"inLanguage":"es","potentialAction":[{"@type":"ReadAction","target":["https:\/\/www.iplay.com\/es\/games\/dark-tales-edgar-allan-poes-speaking-with-the-dead-collectors-edition\/"]}]},{"@type":"ImageObject","inLanguage":"es","@id":"https:\/\/www.iplay.com\/es\/games\/dark-tales-edgar-allan-poes-speaking-with-the-dead-collectors-edition\/#primaryimage","url":"https:\/\/www.iplay.com\/wp-content\/uploads\/2023\/12\/large_square_tile_image-2797.jpg","contentUrl":"https:\/\/www.iplay.com\/wp-content\/uploads\/2023\/12\/large_square_tile_image-2797.jpg","width":310,"height":310},{"@type":"BreadcrumbList","@id":"https:\/\/www.iplay.com\/es\/games\/dark-tales-edgar-allan-poes-speaking-with-the-dead-collectors-edition\/#breadcrumb","itemListElement":[{"@type":"ListItem","position":1,"name":"Home","item":"https:\/\/www.iplay.com\/es\/home-page-2\/"},{"@type":"ListItem","position":2,"name":"Shop","item":"https:\/\/www.iplay.com\/en\/shop\/"},{"@type":"ListItem","position":3,"name":"Dark Tales: Edgar Allan Poe&#8217;s Speaking with the Dead Collector&#8217;s Edition"}]},{"@type":"WebSite","@id":"https:\/\/www.iplay.com\/en\/#website","url":"https:\/\/www.iplay.com\/en\/","name":"IPlay","description":"The Best Casual Games!","publisher":{"@id":"https:\/\/www.iplay.com\/en\/#organization"},"potentialAction":[{"@type":"SearchAction","target":{"@type":"EntryPoint","urlTemplate":"https:\/\/www.iplay.com\/en\/?s={search_term_string}"},"query-input":{"@type":"PropertyValueSpecification","valueRequired":true,"valueName":"search_term_string"}}],"inLanguage":"es"},{"@type":"Organization","@id":"https:\/\/www.iplay.com\/en\/#organization","name":"IPlay","url":"https:\/\/www.iplay.com\/en\/","logo":{"@type":"ImageObject","inLanguage":"es","@id":"https:\/\/www.iplay.com\/en\/#\/schema\/logo\/image\/","url":"https:\/\/www.iplay.com\/wp-content\/uploads\/2023\/11\/Group-6100.svg","contentUrl":"https:\/\/www.iplay.com\/wp-content\/uploads\/2023\/11\/Group-6100.svg","width":98,"height":25,"caption":"IPlay"},"image":{"@id":"https:\/\/www.iplay.com\/en\/#\/schema\/logo\/image\/"}}]}},"_links":{"self":[{"href":"https:\/\/www.iplay.com\/es\/wp-json\/wp\/v2\/product\/139824","targetHints":{"allow":["GET"]}}],"collection":[{"href":"https:\/\/www.iplay.com\/es\/wp-json\/wp\/v2\/product"}],"about":[{"href":"https:\/\/www.iplay.com\/es\/wp-json\/wp\/v2\/types\/product"}],"author":[{"embeddable":true,"href":"https:\/\/www.iplay.com\/es\/wp-json\/wp\/v2\/users\/17"}],"replies":[{"embeddable":true,"href":"https:\/\/www.iplay.com\/es\/wp-json\/wp\/v2\/comments?post=139824"}],"wp:featuredmedia":[{"embeddable":true,"href":"https:\/\/www.iplay.com\/es\/wp-json\/wp\/v2\/media\/84585"}],"wp:attachment":[{"href":"https:\/\/www.iplay.com\/es\/wp-json\/wp\/v2\/media?parent=139824"}],"wp:term":[{"taxonomy":"product_brand","embeddable":true,"href":"https:\/\/www.iplay.com\/es\/wp-json\/wp\/v2\/product_brand?post=139824"},{"taxonomy":"product_cat","embeddable":true,"href":"https:\/\/www.iplay.com\/es\/wp-json\/wp\/v2\/product_cat?post=139824"},{"taxonomy":"product_tag","embeddable":true,"href":"https:\/\/www.iplay.com\/es\/wp-json\/wp\/v2\/product_tag?post=139824"}],"curies":[{"name":"wp","href":"https:\/\/api.w.org\/{rel}","templated":true}]}}