{"id":139817,"date":"2019-10-04T00:00:00","date_gmt":"2019-10-04T00:00:00","guid":{"rendered":"https:\/\/www.iplay.com\/games\/faerie-solitaire-harvest\/"},"modified":"2019-10-04T00:00:00","modified_gmt":"2019-10-04T00:00:00","slug":"faerie-solitaire-harvest","status":"publish","type":"product","link":"https:\/\/www.iplay.com\/es\/games\/faerie-solitaire-harvest\/","title":{"rendered":"Faerie Solitaire Harvest"},"content":{"rendered":"<p>\u00a1Descubre los numerosos y expansivos reinos m\u00e1gicos de Faerie Solitaire Remastered combinando cartas, salvando hadas y cuidando mascotas m\u00e1gicas! Para mejorar tu viaje, borra cartas para ganar oro puro. Expande tu combinaci\u00f3n y acumula man\u00e1 para obtener fragmentos salvajes y lograr incre\u00edbles alturas de coincidencia en solitario. \u00a1Descubre los 40 lugares, 360 dise\u00f1os distintos y 32 mascotas para incubar, evolucionar y recolectar que componen el Mundo de las Hadas! Faerie Solitaire Harvest es un Match-2, un juego de cartas.    <\/p>\n<p>&nbsp;<\/p>\n<p>&nbsp;<\/p>\n<p><strong>Funciones:<\/strong><\/p>\n<p>&nbsp;<\/p>\n<p>&#8211; 40 ubicaciones con exquisitos fondos<br \/>\n pintados a mano- 360 dise\u00f1os<br \/>\n de cartas de solitario hechos a mano- 32 mascotas para coleccionar, cada una con una evoluci\u00f3n y una historia para compartir<br \/>\n&#8211; Modo aventura, donde debes salvar a las hadas y hacer nuevos amigos<br \/>\n&#8211; Modo de juego r\u00e1pido, que te permite volver a jugar ubicaciones y ganar recompensas<br \/>\n adicionales- Nuevo modo Juego +, que ofrece recompensas<br \/>\n a\u00fan mayores- 40+ logros para lograr<br \/>\n&#8211; La cantidad justa de diversi\u00f3n y desaf\u00edo.<\/p>\n","protected":false},"excerpt":{"rendered":"<p>\u00a1En los reinos m\u00e1gicos de Faerie Solitaire Harvest, combina cartas para salvar a las hadas!<\/p>\n","protected":false},"author":121,"featured_media":92343,"comment_status":"open","ping_status":"closed","template":"","meta":{"_acf_changed":false,"inline_featured_image":false},"product_brand":[],"product_cat":[154,209],"product_tag":[288],"class_list":{"0":"post-139817","1":"product","2":"type-product","3":"status-publish","4":"has-post-thumbnail","6":"product_cat-card-es","7":"product_cat-solitaire-es","8":"product_tag-play-on-pc-es","10":"first","11":"instock","12":"shipping-taxable","13":"purchasable","14":"product-type-simple"},"acf":[],"yoast_head":"<!-- This site is optimized with the Yoast SEO Premium plugin v25.2 (Yoast SEO v25.2) - https:\/\/yoast.com\/wordpress\/plugins\/seo\/ -->\n<title>Faerie Solitaire Harvest - \u00a1Rescata a las hadas en mundos encantados!<\/title>\n<meta name=\"description\" content=\"\u00a1En los reinos m\u00e1gicos de Faerie Solitaire Harvest, combina cartas para salvar a las hadas!\" \/>\n<meta name=\"robots\" content=\"index, follow, max-snippet:-1, max-image-preview:large, max-video-preview:-1\" \/>\n<link rel=\"canonical\" href=\"https:\/\/www.iplay.com\/es\/games\/faerie-solitaire-harvest\/\" \/>\n<meta property=\"og:locale\" content=\"es_ES\" \/>\n<meta property=\"og:type\" content=\"article\" \/>\n<meta property=\"og:title\" content=\"Faerie Solitaire Harvest\" \/>\n<meta property=\"og:description\" content=\"\u00a1En los reinos m\u00e1gicos de Faerie Solitaire Harvest, combina cartas para salvar a las hadas!\" \/>\n<meta property=\"og:url\" content=\"https:\/\/www.iplay.com\/es\/games\/faerie-solitaire-harvest\/\" \/>\n<meta property=\"og:site_name\" content=\"IPlay\" \/>\n<meta property=\"og:image\" content=\"https:\/\/www.iplay.com\/wp-content\/uploads\/2023\/12\/large_square_tile_image-3287.jpg\" \/>\n\t<meta property=\"og:image:width\" content=\"310\" \/>\n\t<meta property=\"og:image:height\" content=\"310\" \/>\n\t<meta property=\"og:image:type\" content=\"image\/jpeg\" \/>\n<meta name=\"twitter:card\" content=\"summary_large_image\" \/>\n<meta name=\"twitter:label1\" content=\"Est. reading time\" \/>\n\t<meta name=\"twitter:data1\" content=\"1 minuto\" \/>\n<script type=\"application\/ld+json\" class=\"yoast-schema-graph\">{\"@context\":\"https:\/\/schema.org\",\"@graph\":[{\"@type\":\"WebPage\",\"@id\":\"https:\/\/www.iplay.com\/es\/games\/faerie-solitaire-harvest\/\",\"url\":\"https:\/\/www.iplay.com\/es\/games\/faerie-solitaire-harvest\/\",\"name\":\"Faerie Solitaire Harvest - \u00a1Rescata a las hadas en mundos encantados!\",\"isPartOf\":{\"@id\":\"https:\/\/www.iplay.com\/en\/#website\"},\"primaryImageOfPage\":{\"@id\":\"https:\/\/www.iplay.com\/es\/games\/faerie-solitaire-harvest\/#primaryimage\"},\"image\":{\"@id\":\"https:\/\/www.iplay.com\/es\/games\/faerie-solitaire-harvest\/#primaryimage\"},\"thumbnailUrl\":\"https:\/\/www.iplay.com\/wp-content\/uploads\/2023\/12\/large_square_tile_image-3287.jpg\",\"datePublished\":\"2019-10-04T00:00:00+00:00\",\"description\":\"\u00a1En los reinos m\u00e1gicos de Faerie Solitaire Harvest, combina cartas para salvar a las hadas!\",\"breadcrumb\":{\"@id\":\"https:\/\/www.iplay.com\/es\/games\/faerie-solitaire-harvest\/#breadcrumb\"},\"inLanguage\":\"es\",\"potentialAction\":[{\"@type\":\"ReadAction\",\"target\":[\"https:\/\/www.iplay.com\/es\/games\/faerie-solitaire-harvest\/\"]}]},{\"@type\":\"ImageObject\",\"inLanguage\":\"es\",\"@id\":\"https:\/\/www.iplay.com\/es\/games\/faerie-solitaire-harvest\/#primaryimage\",\"url\":\"https:\/\/www.iplay.com\/wp-content\/uploads\/2023\/12\/large_square_tile_image-3287.jpg\",\"contentUrl\":\"https:\/\/www.iplay.com\/wp-content\/uploads\/2023\/12\/large_square_tile_image-3287.jpg\",\"width\":310,\"height\":310},{\"@type\":\"BreadcrumbList\",\"@id\":\"https:\/\/www.iplay.com\/es\/games\/faerie-solitaire-harvest\/#breadcrumb\",\"itemListElement\":[{\"@type\":\"ListItem\",\"position\":1,\"name\":\"Home\",\"item\":\"https:\/\/www.iplay.com\/es\/home-page-2\/\"},{\"@type\":\"ListItem\",\"position\":2,\"name\":\"Shop\",\"item\":\"https:\/\/www.iplay.com\/en\/shop\/\"},{\"@type\":\"ListItem\",\"position\":3,\"name\":\"Faerie Solitaire Harvest\"}]},{\"@type\":\"WebSite\",\"@id\":\"https:\/\/www.iplay.com\/en\/#website\",\"url\":\"https:\/\/www.iplay.com\/en\/\",\"name\":\"IPlay\",\"description\":\"The Best Casual Games!\",\"publisher\":{\"@id\":\"https:\/\/www.iplay.com\/en\/#organization\"},\"potentialAction\":[{\"@type\":\"SearchAction\",\"target\":{\"@type\":\"EntryPoint\",\"urlTemplate\":\"https:\/\/www.iplay.com\/en\/?s={search_term_string}\"},\"query-input\":{\"@type\":\"PropertyValueSpecification\",\"valueRequired\":true,\"valueName\":\"search_term_string\"}}],\"inLanguage\":\"es\"},{\"@type\":\"Organization\",\"@id\":\"https:\/\/www.iplay.com\/en\/#organization\",\"name\":\"IPlay\",\"url\":\"https:\/\/www.iplay.com\/en\/\",\"logo\":{\"@type\":\"ImageObject\",\"inLanguage\":\"es\",\"@id\":\"https:\/\/www.iplay.com\/en\/#\/schema\/logo\/image\/\",\"url\":\"https:\/\/www.iplay.com\/wp-content\/uploads\/2023\/11\/Group-6100.svg\",\"contentUrl\":\"https:\/\/www.iplay.com\/wp-content\/uploads\/2023\/11\/Group-6100.svg\",\"width\":98,\"height\":25,\"caption\":\"IPlay\"},\"image\":{\"@id\":\"https:\/\/www.iplay.com\/en\/#\/schema\/logo\/image\/\"}}]}<\/script>\n<!-- \/ Yoast SEO Premium plugin. -->","yoast_head_json":{"title":"Faerie Solitaire Harvest - \u00a1Rescata a las hadas en mundos encantados!","description":"\u00a1En los reinos m\u00e1gicos de Faerie Solitaire Harvest, combina cartas para salvar a las hadas!","robots":{"index":"index","follow":"follow","max-snippet":"max-snippet:-1","max-image-preview":"max-image-preview:large","max-video-preview":"max-video-preview:-1"},"canonical":"https:\/\/www.iplay.com\/es\/games\/faerie-solitaire-harvest\/","og_locale":"es_ES","og_type":"article","og_title":"Faerie Solitaire Harvest","og_description":"\u00a1En los reinos m\u00e1gicos de Faerie Solitaire Harvest, combina cartas para salvar a las hadas!","og_url":"https:\/\/www.iplay.com\/es\/games\/faerie-solitaire-harvest\/","og_site_name":"IPlay","og_image":[{"width":310,"height":310,"url":"https:\/\/www.iplay.com\/wp-content\/uploads\/2023\/12\/large_square_tile_image-3287.jpg","type":"image\/jpeg"}],"twitter_card":"summary_large_image","twitter_misc":{"Est. reading time":"1 minuto"},"schema":{"@context":"https:\/\/schema.org","@graph":[{"@type":"WebPage","@id":"https:\/\/www.iplay.com\/es\/games\/faerie-solitaire-harvest\/","url":"https:\/\/www.iplay.com\/es\/games\/faerie-solitaire-harvest\/","name":"Faerie Solitaire Harvest - \u00a1Rescata a las hadas en mundos encantados!","isPartOf":{"@id":"https:\/\/www.iplay.com\/en\/#website"},"primaryImageOfPage":{"@id":"https:\/\/www.iplay.com\/es\/games\/faerie-solitaire-harvest\/#primaryimage"},"image":{"@id":"https:\/\/www.iplay.com\/es\/games\/faerie-solitaire-harvest\/#primaryimage"},"thumbnailUrl":"https:\/\/www.iplay.com\/wp-content\/uploads\/2023\/12\/large_square_tile_image-3287.jpg","datePublished":"2019-10-04T00:00:00+00:00","description":"\u00a1En los reinos m\u00e1gicos de Faerie Solitaire Harvest, combina cartas para salvar a las hadas!","breadcrumb":{"@id":"https:\/\/www.iplay.com\/es\/games\/faerie-solitaire-harvest\/#breadcrumb"},"inLanguage":"es","potentialAction":[{"@type":"ReadAction","target":["https:\/\/www.iplay.com\/es\/games\/faerie-solitaire-harvest\/"]}]},{"@type":"ImageObject","inLanguage":"es","@id":"https:\/\/www.iplay.com\/es\/games\/faerie-solitaire-harvest\/#primaryimage","url":"https:\/\/www.iplay.com\/wp-content\/uploads\/2023\/12\/large_square_tile_image-3287.jpg","contentUrl":"https:\/\/www.iplay.com\/wp-content\/uploads\/2023\/12\/large_square_tile_image-3287.jpg","width":310,"height":310},{"@type":"BreadcrumbList","@id":"https:\/\/www.iplay.com\/es\/games\/faerie-solitaire-harvest\/#breadcrumb","itemListElement":[{"@type":"ListItem","position":1,"name":"Home","item":"https:\/\/www.iplay.com\/es\/home-page-2\/"},{"@type":"ListItem","position":2,"name":"Shop","item":"https:\/\/www.iplay.com\/en\/shop\/"},{"@type":"ListItem","position":3,"name":"Faerie Solitaire Harvest"}]},{"@type":"WebSite","@id":"https:\/\/www.iplay.com\/en\/#website","url":"https:\/\/www.iplay.com\/en\/","name":"IPlay","description":"The Best Casual Games!","publisher":{"@id":"https:\/\/www.iplay.com\/en\/#organization"},"potentialAction":[{"@type":"SearchAction","target":{"@type":"EntryPoint","urlTemplate":"https:\/\/www.iplay.com\/en\/?s={search_term_string}"},"query-input":{"@type":"PropertyValueSpecification","valueRequired":true,"valueName":"search_term_string"}}],"inLanguage":"es"},{"@type":"Organization","@id":"https:\/\/www.iplay.com\/en\/#organization","name":"IPlay","url":"https:\/\/www.iplay.com\/en\/","logo":{"@type":"ImageObject","inLanguage":"es","@id":"https:\/\/www.iplay.com\/en\/#\/schema\/logo\/image\/","url":"https:\/\/www.iplay.com\/wp-content\/uploads\/2023\/11\/Group-6100.svg","contentUrl":"https:\/\/www.iplay.com\/wp-content\/uploads\/2023\/11\/Group-6100.svg","width":98,"height":25,"caption":"IPlay"},"image":{"@id":"https:\/\/www.iplay.com\/en\/#\/schema\/logo\/image\/"}}]}},"_links":{"self":[{"href":"https:\/\/www.iplay.com\/es\/wp-json\/wp\/v2\/product\/139817","targetHints":{"allow":["GET"]}}],"collection":[{"href":"https:\/\/www.iplay.com\/es\/wp-json\/wp\/v2\/product"}],"about":[{"href":"https:\/\/www.iplay.com\/es\/wp-json\/wp\/v2\/types\/product"}],"author":[{"embeddable":true,"href":"https:\/\/www.iplay.com\/es\/wp-json\/wp\/v2\/users\/121"}],"replies":[{"embeddable":true,"href":"https:\/\/www.iplay.com\/es\/wp-json\/wp\/v2\/comments?post=139817"}],"wp:featuredmedia":[{"embeddable":true,"href":"https:\/\/www.iplay.com\/es\/wp-json\/wp\/v2\/media\/92343"}],"wp:attachment":[{"href":"https:\/\/www.iplay.com\/es\/wp-json\/wp\/v2\/media?parent=139817"}],"wp:term":[{"taxonomy":"product_brand","embeddable":true,"href":"https:\/\/www.iplay.com\/es\/wp-json\/wp\/v2\/product_brand?post=139817"},{"taxonomy":"product_cat","embeddable":true,"href":"https:\/\/www.iplay.com\/es\/wp-json\/wp\/v2\/product_cat?post=139817"},{"taxonomy":"product_tag","embeddable":true,"href":"https:\/\/www.iplay.com\/es\/wp-json\/wp\/v2\/product_tag?post=139817"}],"curies":[{"name":"wp","href":"https:\/\/api.w.org\/{rel}","templated":true}]}}