{"id":139791,"date":"2019-09-26T00:00:00","date_gmt":"2019-09-26T00:00:00","guid":{"rendered":"https:\/\/www.iplay.com\/games\/bridge-to-another-world-gulliver-syndrome-collectors-edition\/"},"modified":"2019-09-26T00:00:00","modified_gmt":"2019-09-26T00:00:00","slug":"bridge-to-another-world-gulliver-syndrome-collectors-edition","status":"publish","type":"product","link":"https:\/\/www.iplay.com\/es\/games\/bridge-to-another-world-gulliver-syndrome-collectors-edition\/","title":{"rendered":"Bridge to Another World: Gulliver Syndrome Collector&#8217;s Edition"},"content":{"rendered":"<p>\u00a1Descubre la emocionante entrega m\u00e1s reciente de la serie <em>Bridge to Another World<\/em> ! Te resulta dif\u00edcil encontrar respuestas despu\u00e9s de descubrir una estatua de porcelana que te da sue\u00f1os extra\u00f1os. Una b\u00fasqueda aparentemente rutinaria pronto te transporta a otra realidad, una en la que eres un gigante perseguido por peque\u00f1os humanos. Pero cuando buscas a Gulliver, tu \u00fanica oportunidad conocida de supervivencia, estos diminutos cazadores son todo menos adorables. \u00bfPodr\u00e1s detener a un oponente peligroso a tiempo para salvar a Lilliputia y a ti mismo, incluso con poderes aterradores en juego? \u00a1En esta emocionante aventura de rompecabezas de objetos ocultos, desc\u00fabrelo!     <\/p>\n<p>&nbsp;<\/p>\n<p>&nbsp;<\/p>\n<p><strong>Funciones:<\/strong><\/p>\n<p>&nbsp;<\/p>\n<p>&#8211; \u00a1Interact\u00faa con los mundos de los liliputienses y los gigantes para resolver la \u00faltima pieza del rompecabezas en el juego de bonificaci\u00f3n!<br \/>\n&#8211; \u00a1Revive tus minijuegos y SALTOS m\u00e1s queridos!<\/p>\n<p>&#8211; \u00a1A medida que juegas, descubre un mont\u00f3n de golosinas y metamorfos! \u00a1Aprovecha la m\u00fasica, las pel\u00edculas, los fondos de pantalla \u00fanicos y mucho m\u00e1s!<br \/>\n&#8211; \u00a1Usa la gu\u00eda de estrategia para no perderte nunca!<\/p>\n","protected":false},"excerpt":{"rendered":"<p>\u00bfPuedes localizar a Gulliver y escapar a tiempo? En Puente a otro mundo: S\u00edndrome de Gulliver CE <\/p>\n","protected":false},"author":17,"featured_media":92471,"comment_status":"open","ping_status":"closed","template":"","meta":{"_acf_changed":false,"inline_featured_image":false},"product_brand":[],"product_cat":[166],"product_tag":[288],"class_list":{"0":"post-139791","1":"product","2":"type-product","3":"status-publish","4":"has-post-thumbnail","6":"product_cat-hidden-object-es","7":"product_tag-play-on-pc-es","9":"first","10":"instock","11":"shipping-taxable","12":"purchasable","13":"product-type-simple"},"acf":[],"yoast_head":"<!-- This site is optimized with the Yoast SEO Premium plugin v25.2 (Yoast SEO v25.2) - https:\/\/yoast.com\/wordpress\/plugins\/seo\/ -->\n<title>Bridge to Another World: Gulliver Syndrome Collector&#039;s Edition - \u00bfEres capaz de encontrar a Gulliver y escapar a tiempo?<\/title>\n<meta name=\"description\" content=\"\u00bfPuedes localizar a Gulliver y escapar a tiempo? En Puente a otro mundo: S\u00edndrome de Gulliver CE\" \/>\n<meta name=\"robots\" content=\"index, follow, max-snippet:-1, max-image-preview:large, max-video-preview:-1\" \/>\n<link rel=\"canonical\" href=\"https:\/\/www.iplay.com\/es\/games\/bridge-to-another-world-gulliver-syndrome-collectors-edition\/\" \/>\n<meta property=\"og:locale\" content=\"es_ES\" \/>\n<meta property=\"og:type\" content=\"article\" \/>\n<meta property=\"og:title\" content=\"Bridge to Another World: Gulliver Syndrome Collector&#039;s Edition\" \/>\n<meta property=\"og:description\" content=\"\u00bfPuedes localizar a Gulliver y escapar a tiempo? En Puente a otro mundo: S\u00edndrome de Gulliver CE\" \/>\n<meta property=\"og:url\" content=\"https:\/\/www.iplay.com\/es\/games\/bridge-to-another-world-gulliver-syndrome-collectors-edition\/\" \/>\n<meta property=\"og:site_name\" content=\"IPlay\" \/>\n<meta property=\"og:image\" content=\"https:\/\/www.iplay.com\/wp-content\/uploads\/2023\/12\/large_square_tile_image-3295.jpg\" \/>\n\t<meta property=\"og:image:width\" content=\"310\" \/>\n\t<meta property=\"og:image:height\" content=\"310\" \/>\n\t<meta property=\"og:image:type\" content=\"image\/jpeg\" \/>\n<meta name=\"twitter:card\" content=\"summary_large_image\" \/>\n<meta name=\"twitter:label1\" content=\"Est. reading time\" \/>\n\t<meta name=\"twitter:data1\" content=\"1 minuto\" \/>\n<script type=\"application\/ld+json\" class=\"yoast-schema-graph\">{\"@context\":\"https:\/\/schema.org\",\"@graph\":[{\"@type\":\"WebPage\",\"@id\":\"https:\/\/www.iplay.com\/es\/games\/bridge-to-another-world-gulliver-syndrome-collectors-edition\/\",\"url\":\"https:\/\/www.iplay.com\/es\/games\/bridge-to-another-world-gulliver-syndrome-collectors-edition\/\",\"name\":\"Bridge to Another World: Gulliver Syndrome Collector's Edition - \u00bfEres capaz de encontrar a Gulliver y escapar a tiempo?\",\"isPartOf\":{\"@id\":\"https:\/\/www.iplay.com\/en\/#website\"},\"primaryImageOfPage\":{\"@id\":\"https:\/\/www.iplay.com\/es\/games\/bridge-to-another-world-gulliver-syndrome-collectors-edition\/#primaryimage\"},\"image\":{\"@id\":\"https:\/\/www.iplay.com\/es\/games\/bridge-to-another-world-gulliver-syndrome-collectors-edition\/#primaryimage\"},\"thumbnailUrl\":\"https:\/\/www.iplay.com\/wp-content\/uploads\/2023\/12\/large_square_tile_image-3295.jpg\",\"datePublished\":\"2019-09-26T00:00:00+00:00\",\"description\":\"\u00bfPuedes localizar a Gulliver y escapar a tiempo? En Puente a otro mundo: S\u00edndrome de Gulliver CE\",\"breadcrumb\":{\"@id\":\"https:\/\/www.iplay.com\/es\/games\/bridge-to-another-world-gulliver-syndrome-collectors-edition\/#breadcrumb\"},\"inLanguage\":\"es\",\"potentialAction\":[{\"@type\":\"ReadAction\",\"target\":[\"https:\/\/www.iplay.com\/es\/games\/bridge-to-another-world-gulliver-syndrome-collectors-edition\/\"]}]},{\"@type\":\"ImageObject\",\"inLanguage\":\"es\",\"@id\":\"https:\/\/www.iplay.com\/es\/games\/bridge-to-another-world-gulliver-syndrome-collectors-edition\/#primaryimage\",\"url\":\"https:\/\/www.iplay.com\/wp-content\/uploads\/2023\/12\/large_square_tile_image-3295.jpg\",\"contentUrl\":\"https:\/\/www.iplay.com\/wp-content\/uploads\/2023\/12\/large_square_tile_image-3295.jpg\",\"width\":310,\"height\":310},{\"@type\":\"BreadcrumbList\",\"@id\":\"https:\/\/www.iplay.com\/es\/games\/bridge-to-another-world-gulliver-syndrome-collectors-edition\/#breadcrumb\",\"itemListElement\":[{\"@type\":\"ListItem\",\"position\":1,\"name\":\"Home\",\"item\":\"https:\/\/www.iplay.com\/es\/home-page-2\/\"},{\"@type\":\"ListItem\",\"position\":2,\"name\":\"Shop\",\"item\":\"https:\/\/www.iplay.com\/en\/shop\/\"},{\"@type\":\"ListItem\",\"position\":3,\"name\":\"Bridge to Another World: Gulliver Syndrome Collector&#8217;s Edition\"}]},{\"@type\":\"WebSite\",\"@id\":\"https:\/\/www.iplay.com\/en\/#website\",\"url\":\"https:\/\/www.iplay.com\/en\/\",\"name\":\"IPlay\",\"description\":\"The Best Casual Games!\",\"publisher\":{\"@id\":\"https:\/\/www.iplay.com\/en\/#organization\"},\"potentialAction\":[{\"@type\":\"SearchAction\",\"target\":{\"@type\":\"EntryPoint\",\"urlTemplate\":\"https:\/\/www.iplay.com\/en\/?s={search_term_string}\"},\"query-input\":{\"@type\":\"PropertyValueSpecification\",\"valueRequired\":true,\"valueName\":\"search_term_string\"}}],\"inLanguage\":\"es\"},{\"@type\":\"Organization\",\"@id\":\"https:\/\/www.iplay.com\/en\/#organization\",\"name\":\"IPlay\",\"url\":\"https:\/\/www.iplay.com\/en\/\",\"logo\":{\"@type\":\"ImageObject\",\"inLanguage\":\"es\",\"@id\":\"https:\/\/www.iplay.com\/en\/#\/schema\/logo\/image\/\",\"url\":\"https:\/\/www.iplay.com\/wp-content\/uploads\/2023\/11\/Group-6100.svg\",\"contentUrl\":\"https:\/\/www.iplay.com\/wp-content\/uploads\/2023\/11\/Group-6100.svg\",\"width\":98,\"height\":25,\"caption\":\"IPlay\"},\"image\":{\"@id\":\"https:\/\/www.iplay.com\/en\/#\/schema\/logo\/image\/\"}}]}<\/script>\n<!-- \/ Yoast SEO Premium plugin. -->","yoast_head_json":{"title":"Bridge to Another World: Gulliver Syndrome Collector's Edition - \u00bfEres capaz de encontrar a Gulliver y escapar a tiempo?","description":"\u00bfPuedes localizar a Gulliver y escapar a tiempo? En Puente a otro mundo: S\u00edndrome de Gulliver CE","robots":{"index":"index","follow":"follow","max-snippet":"max-snippet:-1","max-image-preview":"max-image-preview:large","max-video-preview":"max-video-preview:-1"},"canonical":"https:\/\/www.iplay.com\/es\/games\/bridge-to-another-world-gulliver-syndrome-collectors-edition\/","og_locale":"es_ES","og_type":"article","og_title":"Bridge to Another World: Gulliver Syndrome Collector's Edition","og_description":"\u00bfPuedes localizar a Gulliver y escapar a tiempo? En Puente a otro mundo: S\u00edndrome de Gulliver CE","og_url":"https:\/\/www.iplay.com\/es\/games\/bridge-to-another-world-gulliver-syndrome-collectors-edition\/","og_site_name":"IPlay","og_image":[{"width":310,"height":310,"url":"https:\/\/www.iplay.com\/wp-content\/uploads\/2023\/12\/large_square_tile_image-3295.jpg","type":"image\/jpeg"}],"twitter_card":"summary_large_image","twitter_misc":{"Est. reading time":"1 minuto"},"schema":{"@context":"https:\/\/schema.org","@graph":[{"@type":"WebPage","@id":"https:\/\/www.iplay.com\/es\/games\/bridge-to-another-world-gulliver-syndrome-collectors-edition\/","url":"https:\/\/www.iplay.com\/es\/games\/bridge-to-another-world-gulliver-syndrome-collectors-edition\/","name":"Bridge to Another World: Gulliver Syndrome Collector's Edition - \u00bfEres capaz de encontrar a Gulliver y escapar a tiempo?","isPartOf":{"@id":"https:\/\/www.iplay.com\/en\/#website"},"primaryImageOfPage":{"@id":"https:\/\/www.iplay.com\/es\/games\/bridge-to-another-world-gulliver-syndrome-collectors-edition\/#primaryimage"},"image":{"@id":"https:\/\/www.iplay.com\/es\/games\/bridge-to-another-world-gulliver-syndrome-collectors-edition\/#primaryimage"},"thumbnailUrl":"https:\/\/www.iplay.com\/wp-content\/uploads\/2023\/12\/large_square_tile_image-3295.jpg","datePublished":"2019-09-26T00:00:00+00:00","description":"\u00bfPuedes localizar a Gulliver y escapar a tiempo? En Puente a otro mundo: S\u00edndrome de Gulliver CE","breadcrumb":{"@id":"https:\/\/www.iplay.com\/es\/games\/bridge-to-another-world-gulliver-syndrome-collectors-edition\/#breadcrumb"},"inLanguage":"es","potentialAction":[{"@type":"ReadAction","target":["https:\/\/www.iplay.com\/es\/games\/bridge-to-another-world-gulliver-syndrome-collectors-edition\/"]}]},{"@type":"ImageObject","inLanguage":"es","@id":"https:\/\/www.iplay.com\/es\/games\/bridge-to-another-world-gulliver-syndrome-collectors-edition\/#primaryimage","url":"https:\/\/www.iplay.com\/wp-content\/uploads\/2023\/12\/large_square_tile_image-3295.jpg","contentUrl":"https:\/\/www.iplay.com\/wp-content\/uploads\/2023\/12\/large_square_tile_image-3295.jpg","width":310,"height":310},{"@type":"BreadcrumbList","@id":"https:\/\/www.iplay.com\/es\/games\/bridge-to-another-world-gulliver-syndrome-collectors-edition\/#breadcrumb","itemListElement":[{"@type":"ListItem","position":1,"name":"Home","item":"https:\/\/www.iplay.com\/es\/home-page-2\/"},{"@type":"ListItem","position":2,"name":"Shop","item":"https:\/\/www.iplay.com\/en\/shop\/"},{"@type":"ListItem","position":3,"name":"Bridge to Another World: Gulliver Syndrome Collector&#8217;s Edition"}]},{"@type":"WebSite","@id":"https:\/\/www.iplay.com\/en\/#website","url":"https:\/\/www.iplay.com\/en\/","name":"IPlay","description":"The Best Casual Games!","publisher":{"@id":"https:\/\/www.iplay.com\/en\/#organization"},"potentialAction":[{"@type":"SearchAction","target":{"@type":"EntryPoint","urlTemplate":"https:\/\/www.iplay.com\/en\/?s={search_term_string}"},"query-input":{"@type":"PropertyValueSpecification","valueRequired":true,"valueName":"search_term_string"}}],"inLanguage":"es"},{"@type":"Organization","@id":"https:\/\/www.iplay.com\/en\/#organization","name":"IPlay","url":"https:\/\/www.iplay.com\/en\/","logo":{"@type":"ImageObject","inLanguage":"es","@id":"https:\/\/www.iplay.com\/en\/#\/schema\/logo\/image\/","url":"https:\/\/www.iplay.com\/wp-content\/uploads\/2023\/11\/Group-6100.svg","contentUrl":"https:\/\/www.iplay.com\/wp-content\/uploads\/2023\/11\/Group-6100.svg","width":98,"height":25,"caption":"IPlay"},"image":{"@id":"https:\/\/www.iplay.com\/en\/#\/schema\/logo\/image\/"}}]}},"_links":{"self":[{"href":"https:\/\/www.iplay.com\/es\/wp-json\/wp\/v2\/product\/139791","targetHints":{"allow":["GET"]}}],"collection":[{"href":"https:\/\/www.iplay.com\/es\/wp-json\/wp\/v2\/product"}],"about":[{"href":"https:\/\/www.iplay.com\/es\/wp-json\/wp\/v2\/types\/product"}],"author":[{"embeddable":true,"href":"https:\/\/www.iplay.com\/es\/wp-json\/wp\/v2\/users\/17"}],"replies":[{"embeddable":true,"href":"https:\/\/www.iplay.com\/es\/wp-json\/wp\/v2\/comments?post=139791"}],"wp:featuredmedia":[{"embeddable":true,"href":"https:\/\/www.iplay.com\/es\/wp-json\/wp\/v2\/media\/92471"}],"wp:attachment":[{"href":"https:\/\/www.iplay.com\/es\/wp-json\/wp\/v2\/media?parent=139791"}],"wp:term":[{"taxonomy":"product_brand","embeddable":true,"href":"https:\/\/www.iplay.com\/es\/wp-json\/wp\/v2\/product_brand?post=139791"},{"taxonomy":"product_cat","embeddable":true,"href":"https:\/\/www.iplay.com\/es\/wp-json\/wp\/v2\/product_cat?post=139791"},{"taxonomy":"product_tag","embeddable":true,"href":"https:\/\/www.iplay.com\/es\/wp-json\/wp\/v2\/product_tag?post=139791"}],"curies":[{"name":"wp","href":"https:\/\/api.w.org\/{rel}","templated":true}]}}