{"id":139765,"date":"2019-09-17T00:00:00","date_gmt":"2019-09-17T00:00:00","guid":{"rendered":"https:\/\/www.iplay.com\/games\/enchanted-kingdom-descent-of-the-elders-collectors-edition\/"},"modified":"2019-09-17T00:00:00","modified_gmt":"2019-09-17T00:00:00","slug":"enchanted-kingdom-descent-of-the-elders-collectors-edition","status":"publish","type":"product","link":"https:\/\/www.iplay.com\/es\/games\/enchanted-kingdom-descent-of-the-elders-collectors-edition\/","title":{"rendered":"Enchanted Kingdom: Descent of the Elders Collector&#8217;s Edition"},"content":{"rendered":"<p>\u00a1Disfruta de la entrega m\u00e1s reciente de su nueva serie, <em>Enchanted Kingdom<\/em>! \u00a1Cristales que drenan la vida aparecieron de la nada mientras viajabas al Imperio de Alquitr\u00e1n del Norte para probar algunos equipos nuevos de los laboratorios de investigaci\u00f3n del Imperio Medico! Mientras tanto, una legendaria isla flotante emerge amenazadoramente sobre nuestras cabezas. Para salvar a tu gente y mediar en un acuerdo pac\u00edfico antes de que estallen las hostilidades, \u00a1tendr\u00e1s que usar todas tus habilidades curativas! \u00bfTu civilizaci\u00f3n llega a su fin con el regreso de la suya? \u00a1Juega a este incre\u00edble juego de rompecabezas con objetos ocultos para descubrirlo!    <\/p>\n<p>&nbsp;<\/p>\n<p>&nbsp;<\/p>\n<p><strong>Funciones:<\/strong><\/p>\n<p>&nbsp;<\/p>\n<p>&#8211; \u00bfPuedes evitar que la malvada elfa de la noche Il-Lydia se haga con el control de todo el imperio \u00e9lfico?<\/p>\n<p>&#8211; \u00a1Juega, repite, repite! + \u00a1M\u00e1s minijuegos dif\u00edciles y rompecabezas de objetos ocultos! <\/p>\n<p>&#8211; \u00a1Rastrea y re\u00fane todas las cartas de curaci\u00f3n \u00e9lfica y todas las muestras de once artefactos, y usa hojas de oro para comprar herramientas de alquimia!<\/p>\n<p>&#8211; Descarga las bandas sonoras originales, el arte conceptual y los fondos de pantalla.<\/p>\n<p>&#8211; \u00a1S\u00e9 siempre consciente de d\u00f3nde ir gracias a la pr\u00e1ctica Gu\u00eda de estrategia!<\/p>\n","protected":false},"excerpt":{"rendered":"<p>\u00a1El alquitr\u00e1n est\u00e1 siendo destrozado por los cristales! La Edici\u00f3n de Coleccionista de Enchanted Kingdom: Descent of the Elders <\/p>\n","protected":false},"author":17,"featured_media":92455,"comment_status":"open","ping_status":"closed","template":"","meta":{"_acf_changed":false,"inline_featured_image":false},"product_brand":[],"product_cat":[166],"product_tag":[288],"class_list":{"0":"post-139765","1":"product","2":"type-product","3":"status-publish","4":"has-post-thumbnail","6":"product_cat-hidden-object-es","7":"product_tag-play-on-pc-es","9":"first","10":"instock","11":"shipping-taxable","12":"purchasable","13":"product-type-simple"},"acf":[],"yoast_head":"<!-- This site is optimized with the Yoast SEO Premium plugin v25.2 (Yoast SEO v25.2) - https:\/\/yoast.com\/wordpress\/plugins\/seo\/ -->\n<title>Enchanted Kingdom: Descent of the Elders Collector&#039;s Edition - S\u00e9 testigo de la destrucci\u00f3n de cristales en la tierra m\u00edstica de Tar<\/title>\n<meta name=\"description\" content=\"\u00a1El alquitr\u00e1n est\u00e1 siendo destrozado por los cristales! La Edici\u00f3n de Coleccionista de Enchanted Kingdom: Descent of the Elders\" \/>\n<meta name=\"robots\" content=\"index, follow, max-snippet:-1, max-image-preview:large, max-video-preview:-1\" \/>\n<link rel=\"canonical\" href=\"https:\/\/www.iplay.com\/es\/games\/enchanted-kingdom-descent-of-the-elders-collectors-edition\/\" \/>\n<meta property=\"og:locale\" content=\"es_ES\" \/>\n<meta property=\"og:type\" content=\"article\" \/>\n<meta property=\"og:title\" content=\"Enchanted Kingdom: Descent of the Elders Collector&#039;s Edition\" \/>\n<meta property=\"og:description\" content=\"\u00a1El alquitr\u00e1n est\u00e1 siendo destrozado por los cristales! La Edici\u00f3n de Coleccionista de Enchanted Kingdom: Descent of the Elders\" \/>\n<meta property=\"og:url\" content=\"https:\/\/www.iplay.com\/es\/games\/enchanted-kingdom-descent-of-the-elders-collectors-edition\/\" \/>\n<meta property=\"og:site_name\" content=\"IPlay\" \/>\n<meta property=\"og:image\" content=\"https:\/\/www.iplay.com\/wp-content\/uploads\/2023\/12\/large_square_tile_image-3294.jpg\" \/>\n\t<meta property=\"og:image:width\" content=\"310\" \/>\n\t<meta property=\"og:image:height\" content=\"310\" \/>\n\t<meta property=\"og:image:type\" content=\"image\/jpeg\" \/>\n<meta name=\"twitter:card\" content=\"summary_large_image\" \/>\n<meta name=\"twitter:label1\" content=\"Est. reading time\" \/>\n\t<meta name=\"twitter:data1\" content=\"1 minuto\" \/>\n<script type=\"application\/ld+json\" class=\"yoast-schema-graph\">{\"@context\":\"https:\/\/schema.org\",\"@graph\":[{\"@type\":\"WebPage\",\"@id\":\"https:\/\/www.iplay.com\/es\/games\/enchanted-kingdom-descent-of-the-elders-collectors-edition\/\",\"url\":\"https:\/\/www.iplay.com\/es\/games\/enchanted-kingdom-descent-of-the-elders-collectors-edition\/\",\"name\":\"Enchanted Kingdom: Descent of the Elders Collector's Edition - S\u00e9 testigo de la destrucci\u00f3n de cristales en la tierra m\u00edstica de Tar\",\"isPartOf\":{\"@id\":\"https:\/\/www.iplay.com\/en\/#website\"},\"primaryImageOfPage\":{\"@id\":\"https:\/\/www.iplay.com\/es\/games\/enchanted-kingdom-descent-of-the-elders-collectors-edition\/#primaryimage\"},\"image\":{\"@id\":\"https:\/\/www.iplay.com\/es\/games\/enchanted-kingdom-descent-of-the-elders-collectors-edition\/#primaryimage\"},\"thumbnailUrl\":\"https:\/\/www.iplay.com\/wp-content\/uploads\/2023\/12\/large_square_tile_image-3294.jpg\",\"datePublished\":\"2019-09-17T00:00:00+00:00\",\"description\":\"\u00a1El alquitr\u00e1n est\u00e1 siendo destrozado por los cristales! La Edici\u00f3n de Coleccionista de Enchanted Kingdom: Descent of the Elders\",\"breadcrumb\":{\"@id\":\"https:\/\/www.iplay.com\/es\/games\/enchanted-kingdom-descent-of-the-elders-collectors-edition\/#breadcrumb\"},\"inLanguage\":\"es\",\"potentialAction\":[{\"@type\":\"ReadAction\",\"target\":[\"https:\/\/www.iplay.com\/es\/games\/enchanted-kingdom-descent-of-the-elders-collectors-edition\/\"]}]},{\"@type\":\"ImageObject\",\"inLanguage\":\"es\",\"@id\":\"https:\/\/www.iplay.com\/es\/games\/enchanted-kingdom-descent-of-the-elders-collectors-edition\/#primaryimage\",\"url\":\"https:\/\/www.iplay.com\/wp-content\/uploads\/2023\/12\/large_square_tile_image-3294.jpg\",\"contentUrl\":\"https:\/\/www.iplay.com\/wp-content\/uploads\/2023\/12\/large_square_tile_image-3294.jpg\",\"width\":310,\"height\":310},{\"@type\":\"BreadcrumbList\",\"@id\":\"https:\/\/www.iplay.com\/es\/games\/enchanted-kingdom-descent-of-the-elders-collectors-edition\/#breadcrumb\",\"itemListElement\":[{\"@type\":\"ListItem\",\"position\":1,\"name\":\"Home\",\"item\":\"https:\/\/www.iplay.com\/es\/home-page-2\/\"},{\"@type\":\"ListItem\",\"position\":2,\"name\":\"Shop\",\"item\":\"https:\/\/www.iplay.com\/en\/shop\/\"},{\"@type\":\"ListItem\",\"position\":3,\"name\":\"Enchanted Kingdom: Descent of the Elders Collector&#8217;s Edition\"}]},{\"@type\":\"WebSite\",\"@id\":\"https:\/\/www.iplay.com\/en\/#website\",\"url\":\"https:\/\/www.iplay.com\/en\/\",\"name\":\"IPlay\",\"description\":\"The Best Casual Games!\",\"publisher\":{\"@id\":\"https:\/\/www.iplay.com\/en\/#organization\"},\"potentialAction\":[{\"@type\":\"SearchAction\",\"target\":{\"@type\":\"EntryPoint\",\"urlTemplate\":\"https:\/\/www.iplay.com\/en\/?s={search_term_string}\"},\"query-input\":{\"@type\":\"PropertyValueSpecification\",\"valueRequired\":true,\"valueName\":\"search_term_string\"}}],\"inLanguage\":\"es\"},{\"@type\":\"Organization\",\"@id\":\"https:\/\/www.iplay.com\/en\/#organization\",\"name\":\"IPlay\",\"url\":\"https:\/\/www.iplay.com\/en\/\",\"logo\":{\"@type\":\"ImageObject\",\"inLanguage\":\"es\",\"@id\":\"https:\/\/www.iplay.com\/en\/#\/schema\/logo\/image\/\",\"url\":\"https:\/\/www.iplay.com\/wp-content\/uploads\/2023\/11\/Group-6100.svg\",\"contentUrl\":\"https:\/\/www.iplay.com\/wp-content\/uploads\/2023\/11\/Group-6100.svg\",\"width\":98,\"height\":25,\"caption\":\"IPlay\"},\"image\":{\"@id\":\"https:\/\/www.iplay.com\/en\/#\/schema\/logo\/image\/\"}}]}<\/script>\n<!-- \/ Yoast SEO Premium plugin. -->","yoast_head_json":{"title":"Enchanted Kingdom: Descent of the Elders Collector's Edition - S\u00e9 testigo de la destrucci\u00f3n de cristales en la tierra m\u00edstica de Tar","description":"\u00a1El alquitr\u00e1n est\u00e1 siendo destrozado por los cristales! La Edici\u00f3n de Coleccionista de Enchanted Kingdom: Descent of the Elders","robots":{"index":"index","follow":"follow","max-snippet":"max-snippet:-1","max-image-preview":"max-image-preview:large","max-video-preview":"max-video-preview:-1"},"canonical":"https:\/\/www.iplay.com\/es\/games\/enchanted-kingdom-descent-of-the-elders-collectors-edition\/","og_locale":"es_ES","og_type":"article","og_title":"Enchanted Kingdom: Descent of the Elders Collector's Edition","og_description":"\u00a1El alquitr\u00e1n est\u00e1 siendo destrozado por los cristales! La Edici\u00f3n de Coleccionista de Enchanted Kingdom: Descent of the Elders","og_url":"https:\/\/www.iplay.com\/es\/games\/enchanted-kingdom-descent-of-the-elders-collectors-edition\/","og_site_name":"IPlay","og_image":[{"width":310,"height":310,"url":"https:\/\/www.iplay.com\/wp-content\/uploads\/2023\/12\/large_square_tile_image-3294.jpg","type":"image\/jpeg"}],"twitter_card":"summary_large_image","twitter_misc":{"Est. reading time":"1 minuto"},"schema":{"@context":"https:\/\/schema.org","@graph":[{"@type":"WebPage","@id":"https:\/\/www.iplay.com\/es\/games\/enchanted-kingdom-descent-of-the-elders-collectors-edition\/","url":"https:\/\/www.iplay.com\/es\/games\/enchanted-kingdom-descent-of-the-elders-collectors-edition\/","name":"Enchanted Kingdom: Descent of the Elders Collector's Edition - S\u00e9 testigo de la destrucci\u00f3n de cristales en la tierra m\u00edstica de Tar","isPartOf":{"@id":"https:\/\/www.iplay.com\/en\/#website"},"primaryImageOfPage":{"@id":"https:\/\/www.iplay.com\/es\/games\/enchanted-kingdom-descent-of-the-elders-collectors-edition\/#primaryimage"},"image":{"@id":"https:\/\/www.iplay.com\/es\/games\/enchanted-kingdom-descent-of-the-elders-collectors-edition\/#primaryimage"},"thumbnailUrl":"https:\/\/www.iplay.com\/wp-content\/uploads\/2023\/12\/large_square_tile_image-3294.jpg","datePublished":"2019-09-17T00:00:00+00:00","description":"\u00a1El alquitr\u00e1n est\u00e1 siendo destrozado por los cristales! La Edici\u00f3n de Coleccionista de Enchanted Kingdom: Descent of the Elders","breadcrumb":{"@id":"https:\/\/www.iplay.com\/es\/games\/enchanted-kingdom-descent-of-the-elders-collectors-edition\/#breadcrumb"},"inLanguage":"es","potentialAction":[{"@type":"ReadAction","target":["https:\/\/www.iplay.com\/es\/games\/enchanted-kingdom-descent-of-the-elders-collectors-edition\/"]}]},{"@type":"ImageObject","inLanguage":"es","@id":"https:\/\/www.iplay.com\/es\/games\/enchanted-kingdom-descent-of-the-elders-collectors-edition\/#primaryimage","url":"https:\/\/www.iplay.com\/wp-content\/uploads\/2023\/12\/large_square_tile_image-3294.jpg","contentUrl":"https:\/\/www.iplay.com\/wp-content\/uploads\/2023\/12\/large_square_tile_image-3294.jpg","width":310,"height":310},{"@type":"BreadcrumbList","@id":"https:\/\/www.iplay.com\/es\/games\/enchanted-kingdom-descent-of-the-elders-collectors-edition\/#breadcrumb","itemListElement":[{"@type":"ListItem","position":1,"name":"Home","item":"https:\/\/www.iplay.com\/es\/home-page-2\/"},{"@type":"ListItem","position":2,"name":"Shop","item":"https:\/\/www.iplay.com\/en\/shop\/"},{"@type":"ListItem","position":3,"name":"Enchanted Kingdom: Descent of the Elders Collector&#8217;s Edition"}]},{"@type":"WebSite","@id":"https:\/\/www.iplay.com\/en\/#website","url":"https:\/\/www.iplay.com\/en\/","name":"IPlay","description":"The Best Casual Games!","publisher":{"@id":"https:\/\/www.iplay.com\/en\/#organization"},"potentialAction":[{"@type":"SearchAction","target":{"@type":"EntryPoint","urlTemplate":"https:\/\/www.iplay.com\/en\/?s={search_term_string}"},"query-input":{"@type":"PropertyValueSpecification","valueRequired":true,"valueName":"search_term_string"}}],"inLanguage":"es"},{"@type":"Organization","@id":"https:\/\/www.iplay.com\/en\/#organization","name":"IPlay","url":"https:\/\/www.iplay.com\/en\/","logo":{"@type":"ImageObject","inLanguage":"es","@id":"https:\/\/www.iplay.com\/en\/#\/schema\/logo\/image\/","url":"https:\/\/www.iplay.com\/wp-content\/uploads\/2023\/11\/Group-6100.svg","contentUrl":"https:\/\/www.iplay.com\/wp-content\/uploads\/2023\/11\/Group-6100.svg","width":98,"height":25,"caption":"IPlay"},"image":{"@id":"https:\/\/www.iplay.com\/en\/#\/schema\/logo\/image\/"}}]}},"_links":{"self":[{"href":"https:\/\/www.iplay.com\/es\/wp-json\/wp\/v2\/product\/139765","targetHints":{"allow":["GET"]}}],"collection":[{"href":"https:\/\/www.iplay.com\/es\/wp-json\/wp\/v2\/product"}],"about":[{"href":"https:\/\/www.iplay.com\/es\/wp-json\/wp\/v2\/types\/product"}],"author":[{"embeddable":true,"href":"https:\/\/www.iplay.com\/es\/wp-json\/wp\/v2\/users\/17"}],"replies":[{"embeddable":true,"href":"https:\/\/www.iplay.com\/es\/wp-json\/wp\/v2\/comments?post=139765"}],"wp:featuredmedia":[{"embeddable":true,"href":"https:\/\/www.iplay.com\/es\/wp-json\/wp\/v2\/media\/92455"}],"wp:attachment":[{"href":"https:\/\/www.iplay.com\/es\/wp-json\/wp\/v2\/media?parent=139765"}],"wp:term":[{"taxonomy":"product_brand","embeddable":true,"href":"https:\/\/www.iplay.com\/es\/wp-json\/wp\/v2\/product_brand?post=139765"},{"taxonomy":"product_cat","embeddable":true,"href":"https:\/\/www.iplay.com\/es\/wp-json\/wp\/v2\/product_cat?post=139765"},{"taxonomy":"product_tag","embeddable":true,"href":"https:\/\/www.iplay.com\/es\/wp-json\/wp\/v2\/product_tag?post=139765"}],"curies":[{"name":"wp","href":"https:\/\/api.w.org\/{rel}","templated":true}]}}