{"id":139725,"date":"2019-09-03T00:00:00","date_gmt":"2019-09-03T00:00:00","guid":{"rendered":"https:\/\/www.iplay.com\/games\/obscure-legends-curse-of-the-ring\/"},"modified":"2019-09-03T00:00:00","modified_gmt":"2019-09-03T00:00:00","slug":"obscure-legends-curse-of-the-ring","status":"publish","type":"product","link":"https:\/\/www.iplay.com\/es\/games\/obscure-legends-curse-of-the-ring\/","title":{"rendered":"Obscure Legends &#8211; Curse of the Ring"},"content":{"rendered":"<p>Todo se perdi\u00f3 en esa tormenta, incluida tu tripulaci\u00f3n, tu barco e incluso tu libertad. Has aterrizado en una isla tropical donde un anillo m\u00e1gico ha maldecido a quien lo lleva, haciendo que manipule a los dem\u00e1s y ataque con rabia. \u00bfSer\u00e1 este tu nuevo hogar para siempre, o podr\u00e1s rescatar a todos los habitantes de la isla del hechizo del gentil capit\u00e1n? Aunque no ser\u00e1 sencillo destruir este anillo, especialmente con los tesoros de la isla magnificando su poder, la tripulaci\u00f3n del capit\u00e1n est\u00e1 m\u00e1s que feliz de ayudar. En el atrevido juego de aventuras y rompecabezas de objetos ocultos Obscure Legends: Curse of the Ring, usa tu astucia y busca en la isla para aprender los misterios del anillo y destruirlo de una vez por todas.    <\/p>\n<p>&nbsp;<\/p>\n<p>&nbsp;<\/p>\n<p><strong>Funciones:<\/strong><\/p>\n<p>&nbsp;<\/p>\n<p>&#8211; Familiar\u00edzate con una guacamaya roja.<\/p>\n<p>&#8211; Conozca a la dedicada fuerza laboral de Langley.<\/p>\n<p>&#8211; Resuelve acertijos e investiga templos extra\u00f1os<\/p>\n","protected":false},"excerpt":{"rendered":"<p>\u00a1Saca el anillo maldito del capit\u00e1n! En La Maldici\u00f3n del Anillo: Leyendas Oscuras <\/p>\n","protected":false},"author":17,"featured_media":84702,"comment_status":"open","ping_status":"closed","template":"","meta":{"_acf_changed":false,"inline_featured_image":false},"product_brand":[],"product_cat":[166],"product_tag":[288],"class_list":{"0":"post-139725","1":"product","2":"type-product","3":"status-publish","4":"has-post-thumbnail","6":"product_cat-hidden-object-es","7":"product_tag-play-on-pc-es","9":"first","10":"instock","11":"shipping-taxable","12":"purchasable","13":"product-type-simple"},"acf":[],"yoast_head":"<!-- This site is optimized with the Yoast SEO Premium plugin v25.2 (Yoast SEO v25.2) - https:\/\/yoast.com\/wordpress\/plugins\/seo\/ -->\n<title>Leyendas oscuras - La maldici\u00f3n del anillo - Destruye el anillo<\/title>\n<meta name=\"description\" content=\"\u00a1Saca el anillo maldito del capit\u00e1n! En La Maldici\u00f3n del Anillo: Leyendas Oscuras\" \/>\n<meta name=\"robots\" content=\"index, follow, max-snippet:-1, max-image-preview:large, max-video-preview:-1\" \/>\n<link rel=\"canonical\" href=\"https:\/\/www.iplay.com\/es\/games\/obscure-legends-curse-of-the-ring\/\" \/>\n<meta property=\"og:locale\" content=\"es_ES\" \/>\n<meta property=\"og:type\" content=\"article\" \/>\n<meta property=\"og:title\" content=\"Obscure Legends - Curse of the Ring\" \/>\n<meta property=\"og:description\" content=\"\u00a1Saca el anillo maldito del capit\u00e1n! En La Maldici\u00f3n del Anillo: Leyendas Oscuras\" \/>\n<meta property=\"og:url\" content=\"https:\/\/www.iplay.com\/es\/games\/obscure-legends-curse-of-the-ring\/\" \/>\n<meta property=\"og:site_name\" content=\"IPlay\" \/>\n<meta property=\"og:image\" content=\"https:\/\/www.iplay.com\/wp-content\/uploads\/2023\/12\/large_square_tile_image-2804.jpg\" \/>\n\t<meta property=\"og:image:width\" content=\"310\" \/>\n\t<meta property=\"og:image:height\" content=\"310\" \/>\n\t<meta property=\"og:image:type\" content=\"image\/jpeg\" \/>\n<meta name=\"twitter:card\" content=\"summary_large_image\" \/>\n<meta name=\"twitter:label1\" content=\"Est. reading time\" \/>\n\t<meta name=\"twitter:data1\" content=\"1 minuto\" \/>\n<script type=\"application\/ld+json\" class=\"yoast-schema-graph\">{\"@context\":\"https:\/\/schema.org\",\"@graph\":[{\"@type\":\"WebPage\",\"@id\":\"https:\/\/www.iplay.com\/es\/games\/obscure-legends-curse-of-the-ring\/\",\"url\":\"https:\/\/www.iplay.com\/es\/games\/obscure-legends-curse-of-the-ring\/\",\"name\":\"Leyendas oscuras - La maldici\u00f3n del anillo - Destruye el anillo\",\"isPartOf\":{\"@id\":\"https:\/\/www.iplay.com\/en\/#website\"},\"primaryImageOfPage\":{\"@id\":\"https:\/\/www.iplay.com\/es\/games\/obscure-legends-curse-of-the-ring\/#primaryimage\"},\"image\":{\"@id\":\"https:\/\/www.iplay.com\/es\/games\/obscure-legends-curse-of-the-ring\/#primaryimage\"},\"thumbnailUrl\":\"https:\/\/www.iplay.com\/wp-content\/uploads\/2023\/12\/large_square_tile_image-2804.jpg\",\"datePublished\":\"2019-09-03T00:00:00+00:00\",\"description\":\"\u00a1Saca el anillo maldito del capit\u00e1n! En La Maldici\u00f3n del Anillo: Leyendas Oscuras\",\"breadcrumb\":{\"@id\":\"https:\/\/www.iplay.com\/es\/games\/obscure-legends-curse-of-the-ring\/#breadcrumb\"},\"inLanguage\":\"es\",\"potentialAction\":[{\"@type\":\"ReadAction\",\"target\":[\"https:\/\/www.iplay.com\/es\/games\/obscure-legends-curse-of-the-ring\/\"]}]},{\"@type\":\"ImageObject\",\"inLanguage\":\"es\",\"@id\":\"https:\/\/www.iplay.com\/es\/games\/obscure-legends-curse-of-the-ring\/#primaryimage\",\"url\":\"https:\/\/www.iplay.com\/wp-content\/uploads\/2023\/12\/large_square_tile_image-2804.jpg\",\"contentUrl\":\"https:\/\/www.iplay.com\/wp-content\/uploads\/2023\/12\/large_square_tile_image-2804.jpg\",\"width\":310,\"height\":310},{\"@type\":\"BreadcrumbList\",\"@id\":\"https:\/\/www.iplay.com\/es\/games\/obscure-legends-curse-of-the-ring\/#breadcrumb\",\"itemListElement\":[{\"@type\":\"ListItem\",\"position\":1,\"name\":\"Home\",\"item\":\"https:\/\/www.iplay.com\/es\/home-page-2\/\"},{\"@type\":\"ListItem\",\"position\":2,\"name\":\"Shop\",\"item\":\"https:\/\/www.iplay.com\/en\/shop\/\"},{\"@type\":\"ListItem\",\"position\":3,\"name\":\"Obscure Legends &#8211; Curse of the Ring\"}]},{\"@type\":\"WebSite\",\"@id\":\"https:\/\/www.iplay.com\/en\/#website\",\"url\":\"https:\/\/www.iplay.com\/en\/\",\"name\":\"IPlay\",\"description\":\"The Best Casual Games!\",\"publisher\":{\"@id\":\"https:\/\/www.iplay.com\/en\/#organization\"},\"potentialAction\":[{\"@type\":\"SearchAction\",\"target\":{\"@type\":\"EntryPoint\",\"urlTemplate\":\"https:\/\/www.iplay.com\/en\/?s={search_term_string}\"},\"query-input\":{\"@type\":\"PropertyValueSpecification\",\"valueRequired\":true,\"valueName\":\"search_term_string\"}}],\"inLanguage\":\"es\"},{\"@type\":\"Organization\",\"@id\":\"https:\/\/www.iplay.com\/en\/#organization\",\"name\":\"IPlay\",\"url\":\"https:\/\/www.iplay.com\/en\/\",\"logo\":{\"@type\":\"ImageObject\",\"inLanguage\":\"es\",\"@id\":\"https:\/\/www.iplay.com\/en\/#\/schema\/logo\/image\/\",\"url\":\"https:\/\/www.iplay.com\/wp-content\/uploads\/2023\/11\/Group-6100.svg\",\"contentUrl\":\"https:\/\/www.iplay.com\/wp-content\/uploads\/2023\/11\/Group-6100.svg\",\"width\":98,\"height\":25,\"caption\":\"IPlay\"},\"image\":{\"@id\":\"https:\/\/www.iplay.com\/en\/#\/schema\/logo\/image\/\"}}]}<\/script>\n<!-- \/ Yoast SEO Premium plugin. -->","yoast_head_json":{"title":"Leyendas oscuras - La maldici\u00f3n del anillo - Destruye el anillo","description":"\u00a1Saca el anillo maldito del capit\u00e1n! En La Maldici\u00f3n del Anillo: Leyendas Oscuras","robots":{"index":"index","follow":"follow","max-snippet":"max-snippet:-1","max-image-preview":"max-image-preview:large","max-video-preview":"max-video-preview:-1"},"canonical":"https:\/\/www.iplay.com\/es\/games\/obscure-legends-curse-of-the-ring\/","og_locale":"es_ES","og_type":"article","og_title":"Obscure Legends - Curse of the Ring","og_description":"\u00a1Saca el anillo maldito del capit\u00e1n! En La Maldici\u00f3n del Anillo: Leyendas Oscuras","og_url":"https:\/\/www.iplay.com\/es\/games\/obscure-legends-curse-of-the-ring\/","og_site_name":"IPlay","og_image":[{"width":310,"height":310,"url":"https:\/\/www.iplay.com\/wp-content\/uploads\/2023\/12\/large_square_tile_image-2804.jpg","type":"image\/jpeg"}],"twitter_card":"summary_large_image","twitter_misc":{"Est. reading time":"1 minuto"},"schema":{"@context":"https:\/\/schema.org","@graph":[{"@type":"WebPage","@id":"https:\/\/www.iplay.com\/es\/games\/obscure-legends-curse-of-the-ring\/","url":"https:\/\/www.iplay.com\/es\/games\/obscure-legends-curse-of-the-ring\/","name":"Leyendas oscuras - La maldici\u00f3n del anillo - Destruye el anillo","isPartOf":{"@id":"https:\/\/www.iplay.com\/en\/#website"},"primaryImageOfPage":{"@id":"https:\/\/www.iplay.com\/es\/games\/obscure-legends-curse-of-the-ring\/#primaryimage"},"image":{"@id":"https:\/\/www.iplay.com\/es\/games\/obscure-legends-curse-of-the-ring\/#primaryimage"},"thumbnailUrl":"https:\/\/www.iplay.com\/wp-content\/uploads\/2023\/12\/large_square_tile_image-2804.jpg","datePublished":"2019-09-03T00:00:00+00:00","description":"\u00a1Saca el anillo maldito del capit\u00e1n! En La Maldici\u00f3n del Anillo: Leyendas Oscuras","breadcrumb":{"@id":"https:\/\/www.iplay.com\/es\/games\/obscure-legends-curse-of-the-ring\/#breadcrumb"},"inLanguage":"es","potentialAction":[{"@type":"ReadAction","target":["https:\/\/www.iplay.com\/es\/games\/obscure-legends-curse-of-the-ring\/"]}]},{"@type":"ImageObject","inLanguage":"es","@id":"https:\/\/www.iplay.com\/es\/games\/obscure-legends-curse-of-the-ring\/#primaryimage","url":"https:\/\/www.iplay.com\/wp-content\/uploads\/2023\/12\/large_square_tile_image-2804.jpg","contentUrl":"https:\/\/www.iplay.com\/wp-content\/uploads\/2023\/12\/large_square_tile_image-2804.jpg","width":310,"height":310},{"@type":"BreadcrumbList","@id":"https:\/\/www.iplay.com\/es\/games\/obscure-legends-curse-of-the-ring\/#breadcrumb","itemListElement":[{"@type":"ListItem","position":1,"name":"Home","item":"https:\/\/www.iplay.com\/es\/home-page-2\/"},{"@type":"ListItem","position":2,"name":"Shop","item":"https:\/\/www.iplay.com\/en\/shop\/"},{"@type":"ListItem","position":3,"name":"Obscure Legends &#8211; Curse of the Ring"}]},{"@type":"WebSite","@id":"https:\/\/www.iplay.com\/en\/#website","url":"https:\/\/www.iplay.com\/en\/","name":"IPlay","description":"The Best Casual Games!","publisher":{"@id":"https:\/\/www.iplay.com\/en\/#organization"},"potentialAction":[{"@type":"SearchAction","target":{"@type":"EntryPoint","urlTemplate":"https:\/\/www.iplay.com\/en\/?s={search_term_string}"},"query-input":{"@type":"PropertyValueSpecification","valueRequired":true,"valueName":"search_term_string"}}],"inLanguage":"es"},{"@type":"Organization","@id":"https:\/\/www.iplay.com\/en\/#organization","name":"IPlay","url":"https:\/\/www.iplay.com\/en\/","logo":{"@type":"ImageObject","inLanguage":"es","@id":"https:\/\/www.iplay.com\/en\/#\/schema\/logo\/image\/","url":"https:\/\/www.iplay.com\/wp-content\/uploads\/2023\/11\/Group-6100.svg","contentUrl":"https:\/\/www.iplay.com\/wp-content\/uploads\/2023\/11\/Group-6100.svg","width":98,"height":25,"caption":"IPlay"},"image":{"@id":"https:\/\/www.iplay.com\/en\/#\/schema\/logo\/image\/"}}]}},"_links":{"self":[{"href":"https:\/\/www.iplay.com\/es\/wp-json\/wp\/v2\/product\/139725","targetHints":{"allow":["GET"]}}],"collection":[{"href":"https:\/\/www.iplay.com\/es\/wp-json\/wp\/v2\/product"}],"about":[{"href":"https:\/\/www.iplay.com\/es\/wp-json\/wp\/v2\/types\/product"}],"author":[{"embeddable":true,"href":"https:\/\/www.iplay.com\/es\/wp-json\/wp\/v2\/users\/17"}],"replies":[{"embeddable":true,"href":"https:\/\/www.iplay.com\/es\/wp-json\/wp\/v2\/comments?post=139725"}],"wp:featuredmedia":[{"embeddable":true,"href":"https:\/\/www.iplay.com\/es\/wp-json\/wp\/v2\/media\/84702"}],"wp:attachment":[{"href":"https:\/\/www.iplay.com\/es\/wp-json\/wp\/v2\/media?parent=139725"}],"wp:term":[{"taxonomy":"product_brand","embeddable":true,"href":"https:\/\/www.iplay.com\/es\/wp-json\/wp\/v2\/product_brand?post=139725"},{"taxonomy":"product_cat","embeddable":true,"href":"https:\/\/www.iplay.com\/es\/wp-json\/wp\/v2\/product_cat?post=139725"},{"taxonomy":"product_tag","embeddable":true,"href":"https:\/\/www.iplay.com\/es\/wp-json\/wp\/v2\/product_tag?post=139725"}],"curies":[{"name":"wp","href":"https:\/\/api.w.org\/{rel}","templated":true}]}}