{"id":139710,"date":"2019-08-31T00:00:00","date_gmt":"2019-08-31T00:00:00","guid":{"rendered":"https:\/\/www.iplay.com\/games\/ghost-files-2-memory-of-a-crime-collectors-edition\/"},"modified":"2019-08-31T00:00:00","modified_gmt":"2019-08-31T00:00:00","slug":"ghost-files-2-memory-of-a-crime-collectors-edition","status":"publish","type":"product","link":"https:\/\/www.iplay.com\/es\/games\/ghost-files-2-memory-of-a-crime-collectors-edition\/","title":{"rendered":"Ghost Files 2: Memory of a Crime Collector&#8217;s Edition"},"content":{"rendered":"<p>Cuando Arthur Christie, un famoso detective privado, se despert\u00f3 en un extra\u00f1o s\u00f3tano junto a un hombre fallecido desconocido, no ten\u00eda idea de que su p\u00e9rdida de memoria a corto plazo ser\u00eda la menor de sus preocupaciones, ya que la polic\u00eda estaba en camino y no aceptar\u00edan el no recuerdo como respuesta. \u00bfPodr\u00e1 Arthur reconstruir su memoria perdida para resolver el caso del asesino en serie El Verdugo? Desc\u00fabrelo en la Edici\u00f3n de Coleccionista de Ghost Files: Memory of a Crime.  <\/p>\n<p>&nbsp;<\/p>\n<p>&nbsp;<\/p>\n<p><strong>Funciones:  <\/strong><\/p>\n<p>&nbsp;<\/p>\n<p>&#8211; Emocionante juego de objetos ocultos<\/p>\n<p>&#8211; F\u00e1cil de aprender y jugar<\/p>\n<p>&#8211; Visita muchos sitios hermosos<\/p>\n","protected":false},"excerpt":{"rendered":"<p>En Ghost Files 2: Memory of a Crime CE, ayuda a Arthur a determinar si es inocente o culpable de asesinato.<\/p>\n","protected":false},"author":118,"featured_media":92736,"comment_status":"open","ping_status":"closed","template":"","meta":{"_acf_changed":false,"inline_featured_image":false},"product_brand":[],"product_cat":[166,199],"product_tag":[288],"class_list":{"0":"post-139710","1":"product","2":"type-product","3":"status-publish","4":"has-post-thumbnail","6":"product_cat-hidden-object-es","7":"product_cat-removed-content-es","8":"product_tag-play-on-pc-es","10":"first","11":"instock","12":"shipping-taxable","13":"purchasable","14":"product-type-simple"},"acf":[],"yoast_head":"<!-- This site is optimized with the Yoast SEO Premium plugin v25.2 (Yoast SEO v25.2) - https:\/\/yoast.com\/wordpress\/plugins\/seo\/ -->\n<title>Ghost Files 2: Memory of a Crime Collector&#039;s Edition - \u00bfLa inocencia o culpabilidad de Arthur? \u00bfExiste la memoria de un crimen?<\/title>\n<meta name=\"description\" content=\"En Ghost Files 2: Memory of a Crime CE, ayuda a Arthur a determinar si es inocente o culpable de asesinato.\" \/>\n<meta name=\"robots\" content=\"index, follow, max-snippet:-1, max-image-preview:large, max-video-preview:-1\" \/>\n<link rel=\"canonical\" href=\"https:\/\/www.iplay.com\/es\/games\/ghost-files-2-memory-of-a-crime-collectors-edition\/\" \/>\n<meta property=\"og:locale\" content=\"es_ES\" \/>\n<meta property=\"og:type\" content=\"article\" \/>\n<meta property=\"og:title\" content=\"Ghost Files 2: Memory of a Crime Collector&#039;s Edition\" \/>\n<meta property=\"og:description\" content=\"En Ghost Files 2: Memory of a Crime CE, ayuda a Arthur a determinar si es inocente o culpable de asesinato.\" \/>\n<meta property=\"og:url\" content=\"https:\/\/www.iplay.com\/es\/games\/ghost-files-2-memory-of-a-crime-collectors-edition\/\" \/>\n<meta property=\"og:site_name\" content=\"IPlay\" \/>\n<meta property=\"og:image\" content=\"https:\/\/www.iplay.com\/wp-content\/uploads\/2023\/12\/large_square_tile_image-3311.jpg\" \/>\n\t<meta property=\"og:image:width\" content=\"310\" \/>\n\t<meta property=\"og:image:height\" content=\"310\" \/>\n\t<meta property=\"og:image:type\" content=\"image\/jpeg\" \/>\n<meta name=\"twitter:card\" content=\"summary_large_image\" \/>\n<meta name=\"twitter:label1\" content=\"Est. reading time\" \/>\n\t<meta name=\"twitter:data1\" content=\"1 minuto\" \/>\n<script type=\"application\/ld+json\" class=\"yoast-schema-graph\">{\"@context\":\"https:\/\/schema.org\",\"@graph\":[{\"@type\":\"WebPage\",\"@id\":\"https:\/\/www.iplay.com\/es\/games\/ghost-files-2-memory-of-a-crime-collectors-edition\/\",\"url\":\"https:\/\/www.iplay.com\/es\/games\/ghost-files-2-memory-of-a-crime-collectors-edition\/\",\"name\":\"Ghost Files 2: Memory of a Crime Collector's Edition - \u00bfLa inocencia o culpabilidad de Arthur? \u00bfExiste la memoria de un crimen?\",\"isPartOf\":{\"@id\":\"https:\/\/www.iplay.com\/en\/#website\"},\"primaryImageOfPage\":{\"@id\":\"https:\/\/www.iplay.com\/es\/games\/ghost-files-2-memory-of-a-crime-collectors-edition\/#primaryimage\"},\"image\":{\"@id\":\"https:\/\/www.iplay.com\/es\/games\/ghost-files-2-memory-of-a-crime-collectors-edition\/#primaryimage\"},\"thumbnailUrl\":\"https:\/\/www.iplay.com\/wp-content\/uploads\/2023\/12\/large_square_tile_image-3311.jpg\",\"datePublished\":\"2019-08-31T00:00:00+00:00\",\"description\":\"En Ghost Files 2: Memory of a Crime CE, ayuda a Arthur a determinar si es inocente o culpable de asesinato.\",\"breadcrumb\":{\"@id\":\"https:\/\/www.iplay.com\/es\/games\/ghost-files-2-memory-of-a-crime-collectors-edition\/#breadcrumb\"},\"inLanguage\":\"es\",\"potentialAction\":[{\"@type\":\"ReadAction\",\"target\":[\"https:\/\/www.iplay.com\/es\/games\/ghost-files-2-memory-of-a-crime-collectors-edition\/\"]}]},{\"@type\":\"ImageObject\",\"inLanguage\":\"es\",\"@id\":\"https:\/\/www.iplay.com\/es\/games\/ghost-files-2-memory-of-a-crime-collectors-edition\/#primaryimage\",\"url\":\"https:\/\/www.iplay.com\/wp-content\/uploads\/2023\/12\/large_square_tile_image-3311.jpg\",\"contentUrl\":\"https:\/\/www.iplay.com\/wp-content\/uploads\/2023\/12\/large_square_tile_image-3311.jpg\",\"width\":310,\"height\":310},{\"@type\":\"BreadcrumbList\",\"@id\":\"https:\/\/www.iplay.com\/es\/games\/ghost-files-2-memory-of-a-crime-collectors-edition\/#breadcrumb\",\"itemListElement\":[{\"@type\":\"ListItem\",\"position\":1,\"name\":\"Home\",\"item\":\"https:\/\/www.iplay.com\/es\/home-page-2\/\"},{\"@type\":\"ListItem\",\"position\":2,\"name\":\"Shop\",\"item\":\"https:\/\/www.iplay.com\/en\/shop\/\"},{\"@type\":\"ListItem\",\"position\":3,\"name\":\"Ghost Files 2: Memory of a Crime Collector&#8217;s Edition\"}]},{\"@type\":\"WebSite\",\"@id\":\"https:\/\/www.iplay.com\/en\/#website\",\"url\":\"https:\/\/www.iplay.com\/en\/\",\"name\":\"IPlay\",\"description\":\"The Best Casual Games!\",\"publisher\":{\"@id\":\"https:\/\/www.iplay.com\/en\/#organization\"},\"potentialAction\":[{\"@type\":\"SearchAction\",\"target\":{\"@type\":\"EntryPoint\",\"urlTemplate\":\"https:\/\/www.iplay.com\/en\/?s={search_term_string}\"},\"query-input\":{\"@type\":\"PropertyValueSpecification\",\"valueRequired\":true,\"valueName\":\"search_term_string\"}}],\"inLanguage\":\"es\"},{\"@type\":\"Organization\",\"@id\":\"https:\/\/www.iplay.com\/en\/#organization\",\"name\":\"IPlay\",\"url\":\"https:\/\/www.iplay.com\/en\/\",\"logo\":{\"@type\":\"ImageObject\",\"inLanguage\":\"es\",\"@id\":\"https:\/\/www.iplay.com\/en\/#\/schema\/logo\/image\/\",\"url\":\"https:\/\/www.iplay.com\/wp-content\/uploads\/2023\/11\/Group-6100.svg\",\"contentUrl\":\"https:\/\/www.iplay.com\/wp-content\/uploads\/2023\/11\/Group-6100.svg\",\"width\":98,\"height\":25,\"caption\":\"IPlay\"},\"image\":{\"@id\":\"https:\/\/www.iplay.com\/en\/#\/schema\/logo\/image\/\"}}]}<\/script>\n<!-- \/ Yoast SEO Premium plugin. -->","yoast_head_json":{"title":"Ghost Files 2: Memory of a Crime Collector's Edition - \u00bfLa inocencia o culpabilidad de Arthur? \u00bfExiste la memoria de un crimen?","description":"En Ghost Files 2: Memory of a Crime CE, ayuda a Arthur a determinar si es inocente o culpable de asesinato.","robots":{"index":"index","follow":"follow","max-snippet":"max-snippet:-1","max-image-preview":"max-image-preview:large","max-video-preview":"max-video-preview:-1"},"canonical":"https:\/\/www.iplay.com\/es\/games\/ghost-files-2-memory-of-a-crime-collectors-edition\/","og_locale":"es_ES","og_type":"article","og_title":"Ghost Files 2: Memory of a Crime Collector's Edition","og_description":"En Ghost Files 2: Memory of a Crime CE, ayuda a Arthur a determinar si es inocente o culpable de asesinato.","og_url":"https:\/\/www.iplay.com\/es\/games\/ghost-files-2-memory-of-a-crime-collectors-edition\/","og_site_name":"IPlay","og_image":[{"width":310,"height":310,"url":"https:\/\/www.iplay.com\/wp-content\/uploads\/2023\/12\/large_square_tile_image-3311.jpg","type":"image\/jpeg"}],"twitter_card":"summary_large_image","twitter_misc":{"Est. reading time":"1 minuto"},"schema":{"@context":"https:\/\/schema.org","@graph":[{"@type":"WebPage","@id":"https:\/\/www.iplay.com\/es\/games\/ghost-files-2-memory-of-a-crime-collectors-edition\/","url":"https:\/\/www.iplay.com\/es\/games\/ghost-files-2-memory-of-a-crime-collectors-edition\/","name":"Ghost Files 2: Memory of a Crime Collector's Edition - \u00bfLa inocencia o culpabilidad de Arthur? \u00bfExiste la memoria de un crimen?","isPartOf":{"@id":"https:\/\/www.iplay.com\/en\/#website"},"primaryImageOfPage":{"@id":"https:\/\/www.iplay.com\/es\/games\/ghost-files-2-memory-of-a-crime-collectors-edition\/#primaryimage"},"image":{"@id":"https:\/\/www.iplay.com\/es\/games\/ghost-files-2-memory-of-a-crime-collectors-edition\/#primaryimage"},"thumbnailUrl":"https:\/\/www.iplay.com\/wp-content\/uploads\/2023\/12\/large_square_tile_image-3311.jpg","datePublished":"2019-08-31T00:00:00+00:00","description":"En Ghost Files 2: Memory of a Crime CE, ayuda a Arthur a determinar si es inocente o culpable de asesinato.","breadcrumb":{"@id":"https:\/\/www.iplay.com\/es\/games\/ghost-files-2-memory-of-a-crime-collectors-edition\/#breadcrumb"},"inLanguage":"es","potentialAction":[{"@type":"ReadAction","target":["https:\/\/www.iplay.com\/es\/games\/ghost-files-2-memory-of-a-crime-collectors-edition\/"]}]},{"@type":"ImageObject","inLanguage":"es","@id":"https:\/\/www.iplay.com\/es\/games\/ghost-files-2-memory-of-a-crime-collectors-edition\/#primaryimage","url":"https:\/\/www.iplay.com\/wp-content\/uploads\/2023\/12\/large_square_tile_image-3311.jpg","contentUrl":"https:\/\/www.iplay.com\/wp-content\/uploads\/2023\/12\/large_square_tile_image-3311.jpg","width":310,"height":310},{"@type":"BreadcrumbList","@id":"https:\/\/www.iplay.com\/es\/games\/ghost-files-2-memory-of-a-crime-collectors-edition\/#breadcrumb","itemListElement":[{"@type":"ListItem","position":1,"name":"Home","item":"https:\/\/www.iplay.com\/es\/home-page-2\/"},{"@type":"ListItem","position":2,"name":"Shop","item":"https:\/\/www.iplay.com\/en\/shop\/"},{"@type":"ListItem","position":3,"name":"Ghost Files 2: Memory of a Crime Collector&#8217;s Edition"}]},{"@type":"WebSite","@id":"https:\/\/www.iplay.com\/en\/#website","url":"https:\/\/www.iplay.com\/en\/","name":"IPlay","description":"The Best Casual Games!","publisher":{"@id":"https:\/\/www.iplay.com\/en\/#organization"},"potentialAction":[{"@type":"SearchAction","target":{"@type":"EntryPoint","urlTemplate":"https:\/\/www.iplay.com\/en\/?s={search_term_string}"},"query-input":{"@type":"PropertyValueSpecification","valueRequired":true,"valueName":"search_term_string"}}],"inLanguage":"es"},{"@type":"Organization","@id":"https:\/\/www.iplay.com\/en\/#organization","name":"IPlay","url":"https:\/\/www.iplay.com\/en\/","logo":{"@type":"ImageObject","inLanguage":"es","@id":"https:\/\/www.iplay.com\/en\/#\/schema\/logo\/image\/","url":"https:\/\/www.iplay.com\/wp-content\/uploads\/2023\/11\/Group-6100.svg","contentUrl":"https:\/\/www.iplay.com\/wp-content\/uploads\/2023\/11\/Group-6100.svg","width":98,"height":25,"caption":"IPlay"},"image":{"@id":"https:\/\/www.iplay.com\/en\/#\/schema\/logo\/image\/"}}]}},"_links":{"self":[{"href":"https:\/\/www.iplay.com\/es\/wp-json\/wp\/v2\/product\/139710","targetHints":{"allow":["GET"]}}],"collection":[{"href":"https:\/\/www.iplay.com\/es\/wp-json\/wp\/v2\/product"}],"about":[{"href":"https:\/\/www.iplay.com\/es\/wp-json\/wp\/v2\/types\/product"}],"author":[{"embeddable":true,"href":"https:\/\/www.iplay.com\/es\/wp-json\/wp\/v2\/users\/118"}],"replies":[{"embeddable":true,"href":"https:\/\/www.iplay.com\/es\/wp-json\/wp\/v2\/comments?post=139710"}],"wp:featuredmedia":[{"embeddable":true,"href":"https:\/\/www.iplay.com\/es\/wp-json\/wp\/v2\/media\/92736"}],"wp:attachment":[{"href":"https:\/\/www.iplay.com\/es\/wp-json\/wp\/v2\/media?parent=139710"}],"wp:term":[{"taxonomy":"product_brand","embeddable":true,"href":"https:\/\/www.iplay.com\/es\/wp-json\/wp\/v2\/product_brand?post=139710"},{"taxonomy":"product_cat","embeddable":true,"href":"https:\/\/www.iplay.com\/es\/wp-json\/wp\/v2\/product_cat?post=139710"},{"taxonomy":"product_tag","embeddable":true,"href":"https:\/\/www.iplay.com\/es\/wp-json\/wp\/v2\/product_tag?post=139710"}],"curies":[{"name":"wp","href":"https:\/\/api.w.org\/{rel}","templated":true}]}}