{"id":139691,"date":"2019-08-25T00:00:00","date_gmt":"2019-08-25T00:00:00","guid":{"rendered":"https:\/\/www.iplay.com\/games\/the-myth-seekers-2-the-sunken-city-collectors-edition\/"},"modified":"2019-08-25T00:00:00","modified_gmt":"2019-08-25T00:00:00","slug":"the-myth-seekers-2-the-sunken-city-collectors-edition","status":"publish","type":"product","link":"https:\/\/www.iplay.com\/es\/games\/the-myth-seekers-2-the-sunken-city-collectors-edition\/","title":{"rendered":"The Myth Seekers 2: The Sunken City Collector&#8217;s Edition"},"content":{"rendered":"<p>Te llaman a Par\u00eds como agente de los Buscadores de Mito para investigar el comportamiento extra\u00f1o entre los miembros de la agencia. Pronto llegas a la conclusi\u00f3n de que podr\u00eda estar relacionado con una misteriosa reliquia descubierta cerca de una probable ubicaci\u00f3n de la ciudad mitol\u00f3gica de Ys, que fue tragada por el mar. Busca los restos del m\u00edtico evento apocal\u00edptico que aniquil\u00f3 a una antigua civilizaci\u00f3n de la faz del planeta en los callejones de Par\u00eds, y aseg\u00farate de que las antiguas fuerzas responsables de esta cat\u00e1strofe permanezcan inactivas. \u00a1El tiempo se acaba y hay una sombra sobre Par\u00eds!   <\/p>\n<p>&nbsp;<\/p>\n<p>&nbsp;<\/p>\n<p><strong>Funciones:<\/strong><\/p>\n<p>&nbsp;<\/p>\n<p>&#8211; \u00a1Participa en una investigaci\u00f3n interactiva!<br \/>\n&#8211; \u00a1Descubre la verdadera historia detr\u00e1s de la hist\u00f3rica ciudad de Ys!<br \/>\n&#8211; \u00a1Pon a prueba tus habilidades con un mont\u00f3n de escenarios y acertijos de HO!<br \/>\n&#8211; \u00a1Viaja por las pintorescas zonas del norte de Francia!<\/p>\n","protected":false},"excerpt":{"rendered":"<p>\u00bfPuede el amor reparar el da\u00f1o que hizo el odio? Visita The Myth Seekers 2: The Sunken City CE para obtener m\u00e1s informaci\u00f3n. <\/p>\n","protected":false},"author":24,"featured_media":92774,"comment_status":"open","ping_status":"closed","template":"","meta":{"_acf_changed":false,"inline_featured_image":false},"product_brand":[],"product_cat":[166],"product_tag":[288],"class_list":{"0":"post-139691","1":"product","2":"type-product","3":"status-publish","4":"has-post-thumbnail","6":"product_cat-hidden-object-es","7":"product_tag-play-on-pc-es","9":"first","10":"instock","11":"shipping-taxable","12":"purchasable","13":"product-type-simple"},"acf":[],"yoast_head":"<!-- This site is optimized with the Yoast SEO Premium plugin v25.2 (Yoast SEO v25.2) - https:\/\/yoast.com\/wordpress\/plugins\/seo\/ -->\n<title>The Myth Seekers 2: The Sunken City Collector&#039;s Edition - Explora el poder del amor para arreglar lo que el odio rompi\u00f3<\/title>\n<meta name=\"description\" content=\"\u00bfPuede el amor reparar el da\u00f1o que hizo el odio? Visita The Myth Seekers 2: The Sunken City CE para obtener m\u00e1s informaci\u00f3n.\" \/>\n<meta name=\"robots\" content=\"index, follow, max-snippet:-1, max-image-preview:large, max-video-preview:-1\" \/>\n<link rel=\"canonical\" href=\"https:\/\/www.iplay.com\/es\/games\/the-myth-seekers-2-the-sunken-city-collectors-edition\/\" \/>\n<meta property=\"og:locale\" content=\"es_ES\" \/>\n<meta property=\"og:type\" content=\"article\" \/>\n<meta property=\"og:title\" content=\"The Myth Seekers 2: The Sunken City Collector&#039;s Edition\" \/>\n<meta property=\"og:description\" content=\"\u00bfPuede el amor reparar el da\u00f1o que hizo el odio? Visita The Myth Seekers 2: The Sunken City CE para obtener m\u00e1s informaci\u00f3n.\" \/>\n<meta property=\"og:url\" content=\"https:\/\/www.iplay.com\/es\/games\/the-myth-seekers-2-the-sunken-city-collectors-edition\/\" \/>\n<meta property=\"og:site_name\" content=\"IPlay\" \/>\n<meta property=\"og:image\" content=\"https:\/\/www.iplay.com\/wp-content\/uploads\/2023\/12\/large_square_tile_image-3313.jpg\" \/>\n\t<meta property=\"og:image:width\" content=\"310\" \/>\n\t<meta property=\"og:image:height\" content=\"310\" \/>\n\t<meta property=\"og:image:type\" content=\"image\/jpeg\" \/>\n<meta name=\"twitter:card\" content=\"summary_large_image\" \/>\n<meta name=\"twitter:label1\" content=\"Est. reading time\" \/>\n\t<meta name=\"twitter:data1\" content=\"1 minuto\" \/>\n<script type=\"application\/ld+json\" class=\"yoast-schema-graph\">{\"@context\":\"https:\/\/schema.org\",\"@graph\":[{\"@type\":\"WebPage\",\"@id\":\"https:\/\/www.iplay.com\/es\/games\/the-myth-seekers-2-the-sunken-city-collectors-edition\/\",\"url\":\"https:\/\/www.iplay.com\/es\/games\/the-myth-seekers-2-the-sunken-city-collectors-edition\/\",\"name\":\"The Myth Seekers 2: The Sunken City Collector's Edition - Explora el poder del amor para arreglar lo que el odio rompi\u00f3\",\"isPartOf\":{\"@id\":\"https:\/\/www.iplay.com\/en\/#website\"},\"primaryImageOfPage\":{\"@id\":\"https:\/\/www.iplay.com\/es\/games\/the-myth-seekers-2-the-sunken-city-collectors-edition\/#primaryimage\"},\"image\":{\"@id\":\"https:\/\/www.iplay.com\/es\/games\/the-myth-seekers-2-the-sunken-city-collectors-edition\/#primaryimage\"},\"thumbnailUrl\":\"https:\/\/www.iplay.com\/wp-content\/uploads\/2023\/12\/large_square_tile_image-3313.jpg\",\"datePublished\":\"2019-08-25T00:00:00+00:00\",\"description\":\"\u00bfPuede el amor reparar el da\u00f1o que hizo el odio? Visita The Myth Seekers 2: The Sunken City CE para obtener m\u00e1s informaci\u00f3n.\",\"breadcrumb\":{\"@id\":\"https:\/\/www.iplay.com\/es\/games\/the-myth-seekers-2-the-sunken-city-collectors-edition\/#breadcrumb\"},\"inLanguage\":\"es\",\"potentialAction\":[{\"@type\":\"ReadAction\",\"target\":[\"https:\/\/www.iplay.com\/es\/games\/the-myth-seekers-2-the-sunken-city-collectors-edition\/\"]}]},{\"@type\":\"ImageObject\",\"inLanguage\":\"es\",\"@id\":\"https:\/\/www.iplay.com\/es\/games\/the-myth-seekers-2-the-sunken-city-collectors-edition\/#primaryimage\",\"url\":\"https:\/\/www.iplay.com\/wp-content\/uploads\/2023\/12\/large_square_tile_image-3313.jpg\",\"contentUrl\":\"https:\/\/www.iplay.com\/wp-content\/uploads\/2023\/12\/large_square_tile_image-3313.jpg\",\"width\":310,\"height\":310},{\"@type\":\"BreadcrumbList\",\"@id\":\"https:\/\/www.iplay.com\/es\/games\/the-myth-seekers-2-the-sunken-city-collectors-edition\/#breadcrumb\",\"itemListElement\":[{\"@type\":\"ListItem\",\"position\":1,\"name\":\"Home\",\"item\":\"https:\/\/www.iplay.com\/es\/home-page-2\/\"},{\"@type\":\"ListItem\",\"position\":2,\"name\":\"Shop\",\"item\":\"https:\/\/www.iplay.com\/en\/shop\/\"},{\"@type\":\"ListItem\",\"position\":3,\"name\":\"The Myth Seekers 2: The Sunken City Collector&#8217;s Edition\"}]},{\"@type\":\"WebSite\",\"@id\":\"https:\/\/www.iplay.com\/en\/#website\",\"url\":\"https:\/\/www.iplay.com\/en\/\",\"name\":\"IPlay\",\"description\":\"The Best Casual Games!\",\"publisher\":{\"@id\":\"https:\/\/www.iplay.com\/en\/#organization\"},\"potentialAction\":[{\"@type\":\"SearchAction\",\"target\":{\"@type\":\"EntryPoint\",\"urlTemplate\":\"https:\/\/www.iplay.com\/en\/?s={search_term_string}\"},\"query-input\":{\"@type\":\"PropertyValueSpecification\",\"valueRequired\":true,\"valueName\":\"search_term_string\"}}],\"inLanguage\":\"es\"},{\"@type\":\"Organization\",\"@id\":\"https:\/\/www.iplay.com\/en\/#organization\",\"name\":\"IPlay\",\"url\":\"https:\/\/www.iplay.com\/en\/\",\"logo\":{\"@type\":\"ImageObject\",\"inLanguage\":\"es\",\"@id\":\"https:\/\/www.iplay.com\/en\/#\/schema\/logo\/image\/\",\"url\":\"https:\/\/www.iplay.com\/wp-content\/uploads\/2023\/11\/Group-6100.svg\",\"contentUrl\":\"https:\/\/www.iplay.com\/wp-content\/uploads\/2023\/11\/Group-6100.svg\",\"width\":98,\"height\":25,\"caption\":\"IPlay\"},\"image\":{\"@id\":\"https:\/\/www.iplay.com\/en\/#\/schema\/logo\/image\/\"}}]}<\/script>\n<!-- \/ Yoast SEO Premium plugin. -->","yoast_head_json":{"title":"The Myth Seekers 2: The Sunken City Collector's Edition - Explora el poder del amor para arreglar lo que el odio rompi\u00f3","description":"\u00bfPuede el amor reparar el da\u00f1o que hizo el odio? Visita The Myth Seekers 2: The Sunken City CE para obtener m\u00e1s informaci\u00f3n.","robots":{"index":"index","follow":"follow","max-snippet":"max-snippet:-1","max-image-preview":"max-image-preview:large","max-video-preview":"max-video-preview:-1"},"canonical":"https:\/\/www.iplay.com\/es\/games\/the-myth-seekers-2-the-sunken-city-collectors-edition\/","og_locale":"es_ES","og_type":"article","og_title":"The Myth Seekers 2: The Sunken City Collector's Edition","og_description":"\u00bfPuede el amor reparar el da\u00f1o que hizo el odio? Visita The Myth Seekers 2: The Sunken City CE para obtener m\u00e1s informaci\u00f3n.","og_url":"https:\/\/www.iplay.com\/es\/games\/the-myth-seekers-2-the-sunken-city-collectors-edition\/","og_site_name":"IPlay","og_image":[{"width":310,"height":310,"url":"https:\/\/www.iplay.com\/wp-content\/uploads\/2023\/12\/large_square_tile_image-3313.jpg","type":"image\/jpeg"}],"twitter_card":"summary_large_image","twitter_misc":{"Est. reading time":"1 minuto"},"schema":{"@context":"https:\/\/schema.org","@graph":[{"@type":"WebPage","@id":"https:\/\/www.iplay.com\/es\/games\/the-myth-seekers-2-the-sunken-city-collectors-edition\/","url":"https:\/\/www.iplay.com\/es\/games\/the-myth-seekers-2-the-sunken-city-collectors-edition\/","name":"The Myth Seekers 2: The Sunken City Collector's Edition - Explora el poder del amor para arreglar lo que el odio rompi\u00f3","isPartOf":{"@id":"https:\/\/www.iplay.com\/en\/#website"},"primaryImageOfPage":{"@id":"https:\/\/www.iplay.com\/es\/games\/the-myth-seekers-2-the-sunken-city-collectors-edition\/#primaryimage"},"image":{"@id":"https:\/\/www.iplay.com\/es\/games\/the-myth-seekers-2-the-sunken-city-collectors-edition\/#primaryimage"},"thumbnailUrl":"https:\/\/www.iplay.com\/wp-content\/uploads\/2023\/12\/large_square_tile_image-3313.jpg","datePublished":"2019-08-25T00:00:00+00:00","description":"\u00bfPuede el amor reparar el da\u00f1o que hizo el odio? Visita The Myth Seekers 2: The Sunken City CE para obtener m\u00e1s informaci\u00f3n.","breadcrumb":{"@id":"https:\/\/www.iplay.com\/es\/games\/the-myth-seekers-2-the-sunken-city-collectors-edition\/#breadcrumb"},"inLanguage":"es","potentialAction":[{"@type":"ReadAction","target":["https:\/\/www.iplay.com\/es\/games\/the-myth-seekers-2-the-sunken-city-collectors-edition\/"]}]},{"@type":"ImageObject","inLanguage":"es","@id":"https:\/\/www.iplay.com\/es\/games\/the-myth-seekers-2-the-sunken-city-collectors-edition\/#primaryimage","url":"https:\/\/www.iplay.com\/wp-content\/uploads\/2023\/12\/large_square_tile_image-3313.jpg","contentUrl":"https:\/\/www.iplay.com\/wp-content\/uploads\/2023\/12\/large_square_tile_image-3313.jpg","width":310,"height":310},{"@type":"BreadcrumbList","@id":"https:\/\/www.iplay.com\/es\/games\/the-myth-seekers-2-the-sunken-city-collectors-edition\/#breadcrumb","itemListElement":[{"@type":"ListItem","position":1,"name":"Home","item":"https:\/\/www.iplay.com\/es\/home-page-2\/"},{"@type":"ListItem","position":2,"name":"Shop","item":"https:\/\/www.iplay.com\/en\/shop\/"},{"@type":"ListItem","position":3,"name":"The Myth Seekers 2: The Sunken City Collector&#8217;s Edition"}]},{"@type":"WebSite","@id":"https:\/\/www.iplay.com\/en\/#website","url":"https:\/\/www.iplay.com\/en\/","name":"IPlay","description":"The Best Casual Games!","publisher":{"@id":"https:\/\/www.iplay.com\/en\/#organization"},"potentialAction":[{"@type":"SearchAction","target":{"@type":"EntryPoint","urlTemplate":"https:\/\/www.iplay.com\/en\/?s={search_term_string}"},"query-input":{"@type":"PropertyValueSpecification","valueRequired":true,"valueName":"search_term_string"}}],"inLanguage":"es"},{"@type":"Organization","@id":"https:\/\/www.iplay.com\/en\/#organization","name":"IPlay","url":"https:\/\/www.iplay.com\/en\/","logo":{"@type":"ImageObject","inLanguage":"es","@id":"https:\/\/www.iplay.com\/en\/#\/schema\/logo\/image\/","url":"https:\/\/www.iplay.com\/wp-content\/uploads\/2023\/11\/Group-6100.svg","contentUrl":"https:\/\/www.iplay.com\/wp-content\/uploads\/2023\/11\/Group-6100.svg","width":98,"height":25,"caption":"IPlay"},"image":{"@id":"https:\/\/www.iplay.com\/en\/#\/schema\/logo\/image\/"}}]}},"_links":{"self":[{"href":"https:\/\/www.iplay.com\/es\/wp-json\/wp\/v2\/product\/139691","targetHints":{"allow":["GET"]}}],"collection":[{"href":"https:\/\/www.iplay.com\/es\/wp-json\/wp\/v2\/product"}],"about":[{"href":"https:\/\/www.iplay.com\/es\/wp-json\/wp\/v2\/types\/product"}],"author":[{"embeddable":true,"href":"https:\/\/www.iplay.com\/es\/wp-json\/wp\/v2\/users\/24"}],"replies":[{"embeddable":true,"href":"https:\/\/www.iplay.com\/es\/wp-json\/wp\/v2\/comments?post=139691"}],"wp:featuredmedia":[{"embeddable":true,"href":"https:\/\/www.iplay.com\/es\/wp-json\/wp\/v2\/media\/92774"}],"wp:attachment":[{"href":"https:\/\/www.iplay.com\/es\/wp-json\/wp\/v2\/media?parent=139691"}],"wp:term":[{"taxonomy":"product_brand","embeddable":true,"href":"https:\/\/www.iplay.com\/es\/wp-json\/wp\/v2\/product_brand?post=139691"},{"taxonomy":"product_cat","embeddable":true,"href":"https:\/\/www.iplay.com\/es\/wp-json\/wp\/v2\/product_cat?post=139691"},{"taxonomy":"product_tag","embeddable":true,"href":"https:\/\/www.iplay.com\/es\/wp-json\/wp\/v2\/product_tag?post=139691"}],"curies":[{"name":"wp","href":"https:\/\/api.w.org\/{rel}","templated":true}]}}