{"id":139676,"date":"2019-08-18T00:00:00","date_gmt":"2019-08-18T00:00:00","guid":{"rendered":"https:\/\/www.iplay.com\/games\/dead-reckoning-sleight-of-murder-collectors-edition\/"},"modified":"2019-08-18T00:00:00","modified_gmt":"2019-08-18T00:00:00","slug":"dead-reckoning-sleight-of-murder-collectors-edition","status":"publish","type":"product","link":"https:\/\/www.iplay.com\/es\/games\/dead-reckoning-sleight-of-murder-collectors-edition\/","title":{"rendered":"Dead Reckoning: Sleight of Murder Collector&#8217;s Edition"},"content":{"rendered":"<p>\u00a1Disfruta de la pr\u00f3xima y emocionante historia de su conocida serie de drama criminal, <em>Dead Reckoning<\/em>! Para la gran inauguraci\u00f3n del Stevens Tower Hotel, los renombrados Amazing Garibaldi Brothers han sido contratados para realizar su nueva ilusi\u00f3n. Como guionista de una futura pel\u00edcula para la que crear\u00e1n nuevas ilusiones, has sido invitado al estreno. Sin embargo, hay un oscuro secreto que se esconde detr\u00e1s de escena, y cuando ocurre un asesinato, debes emplear todos los trucos del libro para rastrear al perpetrador antes de que escape con su propio truco de magia. \u00a1Vigila de cerca este fant\u00e1stico juego de aventuras de rompecabezas de objetos ocultos y trata de no parpadear!   <\/p>\n<p>&nbsp;<\/p>\n<p>&nbsp;<\/p>\n<p><strong>Funciones:<\/strong><\/p>\n<p>&nbsp;<\/p>\n<p>&#8211; En el cap\u00edtulo extra, repite tu posici\u00f3n como la Sra. Douglas y descubre los detalles del truco del anillo de fuego de Stodare.<br \/>\n&#8211; Acumula logros mientras juegas.<br \/>\n&#8211; Busca recuerdos regresando a los lugares y reuniendo conejos escondidos.<br \/>\n&#8211; Practica resolviendo rompecabezas de objetos ocultos, minijuegos y tiradores de burbujas hasta que los domines.<br \/>\n&#8211; Aprovecha el arte conceptual, los v\u00eddeos, las bandas sonoras y los fondos de pantalla \u00fanicos.<\/p>\n","protected":false},"excerpt":{"rendered":"<p>\u00bfEst\u00e1s prestando mucha atenci\u00f3n? Deber\u00edas leer Dead Reckoning: Sleight of Murder CE con atenci\u00f3n. <\/p>\n","protected":false},"author":17,"featured_media":84814,"comment_status":"open","ping_status":"closed","template":"","meta":{"_acf_changed":false,"inline_featured_image":false},"product_brand":[],"product_cat":[166],"product_tag":[288],"class_list":{"0":"post-139676","1":"product","2":"type-product","3":"status-publish","4":"has-post-thumbnail","6":"product_cat-hidden-object-es","7":"product_tag-play-on-pc-es","9":"first","10":"instock","11":"shipping-taxable","12":"purchasable","13":"product-type-simple"},"acf":[],"yoast_head":"<!-- This site is optimized with the Yoast SEO Premium plugin v25.2 (Yoast SEO v25.2) - https:\/\/yoast.com\/wordpress\/plugins\/seo\/ -->\n<title>Dead Reckoning: Sleight of Murder Collector&#039;s Edition - Presta mucha atenci\u00f3n en Dead Reckoning: Sleight of Murder CE<\/title>\n<meta name=\"description\" content=\"\u00bfEst\u00e1s prestando mucha atenci\u00f3n? Deber\u00edas leer Dead Reckoning: Sleight of Murder CE con atenci\u00f3n.\" \/>\n<meta name=\"robots\" content=\"index, follow, max-snippet:-1, max-image-preview:large, max-video-preview:-1\" \/>\n<link rel=\"canonical\" href=\"https:\/\/www.iplay.com\/es\/games\/dead-reckoning-sleight-of-murder-collectors-edition\/\" \/>\n<meta property=\"og:locale\" content=\"es_ES\" \/>\n<meta property=\"og:type\" content=\"article\" \/>\n<meta property=\"og:title\" content=\"Dead Reckoning: Sleight of Murder Collector&#039;s Edition\" \/>\n<meta property=\"og:description\" content=\"\u00bfEst\u00e1s prestando mucha atenci\u00f3n? Deber\u00edas leer Dead Reckoning: Sleight of Murder CE con atenci\u00f3n.\" \/>\n<meta property=\"og:url\" content=\"https:\/\/www.iplay.com\/es\/games\/dead-reckoning-sleight-of-murder-collectors-edition\/\" \/>\n<meta property=\"og:site_name\" content=\"IPlay\" \/>\n<meta property=\"og:image\" content=\"https:\/\/www.iplay.com\/wp-content\/uploads\/2023\/12\/large_square_tile_image-2811.jpg\" \/>\n\t<meta property=\"og:image:width\" content=\"310\" \/>\n\t<meta property=\"og:image:height\" content=\"310\" \/>\n\t<meta property=\"og:image:type\" content=\"image\/jpeg\" \/>\n<meta name=\"twitter:card\" content=\"summary_large_image\" \/>\n<meta name=\"twitter:label1\" content=\"Est. reading time\" \/>\n\t<meta name=\"twitter:data1\" content=\"1 minuto\" \/>\n<script type=\"application\/ld+json\" class=\"yoast-schema-graph\">{\"@context\":\"https:\/\/schema.org\",\"@graph\":[{\"@type\":\"WebPage\",\"@id\":\"https:\/\/www.iplay.com\/es\/games\/dead-reckoning-sleight-of-murder-collectors-edition\/\",\"url\":\"https:\/\/www.iplay.com\/es\/games\/dead-reckoning-sleight-of-murder-collectors-edition\/\",\"name\":\"Dead Reckoning: Sleight of Murder Collector's Edition - Presta mucha atenci\u00f3n en Dead Reckoning: Sleight of Murder CE\",\"isPartOf\":{\"@id\":\"https:\/\/www.iplay.com\/en\/#website\"},\"primaryImageOfPage\":{\"@id\":\"https:\/\/www.iplay.com\/es\/games\/dead-reckoning-sleight-of-murder-collectors-edition\/#primaryimage\"},\"image\":{\"@id\":\"https:\/\/www.iplay.com\/es\/games\/dead-reckoning-sleight-of-murder-collectors-edition\/#primaryimage\"},\"thumbnailUrl\":\"https:\/\/www.iplay.com\/wp-content\/uploads\/2023\/12\/large_square_tile_image-2811.jpg\",\"datePublished\":\"2019-08-18T00:00:00+00:00\",\"description\":\"\u00bfEst\u00e1s prestando mucha atenci\u00f3n? Deber\u00edas leer Dead Reckoning: Sleight of Murder CE con atenci\u00f3n.\",\"breadcrumb\":{\"@id\":\"https:\/\/www.iplay.com\/es\/games\/dead-reckoning-sleight-of-murder-collectors-edition\/#breadcrumb\"},\"inLanguage\":\"es\",\"potentialAction\":[{\"@type\":\"ReadAction\",\"target\":[\"https:\/\/www.iplay.com\/es\/games\/dead-reckoning-sleight-of-murder-collectors-edition\/\"]}]},{\"@type\":\"ImageObject\",\"inLanguage\":\"es\",\"@id\":\"https:\/\/www.iplay.com\/es\/games\/dead-reckoning-sleight-of-murder-collectors-edition\/#primaryimage\",\"url\":\"https:\/\/www.iplay.com\/wp-content\/uploads\/2023\/12\/large_square_tile_image-2811.jpg\",\"contentUrl\":\"https:\/\/www.iplay.com\/wp-content\/uploads\/2023\/12\/large_square_tile_image-2811.jpg\",\"width\":310,\"height\":310},{\"@type\":\"BreadcrumbList\",\"@id\":\"https:\/\/www.iplay.com\/es\/games\/dead-reckoning-sleight-of-murder-collectors-edition\/#breadcrumb\",\"itemListElement\":[{\"@type\":\"ListItem\",\"position\":1,\"name\":\"Home\",\"item\":\"https:\/\/www.iplay.com\/es\/home-page-2\/\"},{\"@type\":\"ListItem\",\"position\":2,\"name\":\"Shop\",\"item\":\"https:\/\/www.iplay.com\/en\/shop\/\"},{\"@type\":\"ListItem\",\"position\":3,\"name\":\"Dead Reckoning: Sleight of Murder Collector&#8217;s Edition\"}]},{\"@type\":\"WebSite\",\"@id\":\"https:\/\/www.iplay.com\/en\/#website\",\"url\":\"https:\/\/www.iplay.com\/en\/\",\"name\":\"IPlay\",\"description\":\"The Best Casual Games!\",\"publisher\":{\"@id\":\"https:\/\/www.iplay.com\/en\/#organization\"},\"potentialAction\":[{\"@type\":\"SearchAction\",\"target\":{\"@type\":\"EntryPoint\",\"urlTemplate\":\"https:\/\/www.iplay.com\/en\/?s={search_term_string}\"},\"query-input\":{\"@type\":\"PropertyValueSpecification\",\"valueRequired\":true,\"valueName\":\"search_term_string\"}}],\"inLanguage\":\"es\"},{\"@type\":\"Organization\",\"@id\":\"https:\/\/www.iplay.com\/en\/#organization\",\"name\":\"IPlay\",\"url\":\"https:\/\/www.iplay.com\/en\/\",\"logo\":{\"@type\":\"ImageObject\",\"inLanguage\":\"es\",\"@id\":\"https:\/\/www.iplay.com\/en\/#\/schema\/logo\/image\/\",\"url\":\"https:\/\/www.iplay.com\/wp-content\/uploads\/2023\/11\/Group-6100.svg\",\"contentUrl\":\"https:\/\/www.iplay.com\/wp-content\/uploads\/2023\/11\/Group-6100.svg\",\"width\":98,\"height\":25,\"caption\":\"IPlay\"},\"image\":{\"@id\":\"https:\/\/www.iplay.com\/en\/#\/schema\/logo\/image\/\"}}]}<\/script>\n<!-- \/ Yoast SEO Premium plugin. -->","yoast_head_json":{"title":"Dead Reckoning: Sleight of Murder Collector's Edition - Presta mucha atenci\u00f3n en Dead Reckoning: Sleight of Murder CE","description":"\u00bfEst\u00e1s prestando mucha atenci\u00f3n? Deber\u00edas leer Dead Reckoning: Sleight of Murder CE con atenci\u00f3n.","robots":{"index":"index","follow":"follow","max-snippet":"max-snippet:-1","max-image-preview":"max-image-preview:large","max-video-preview":"max-video-preview:-1"},"canonical":"https:\/\/www.iplay.com\/es\/games\/dead-reckoning-sleight-of-murder-collectors-edition\/","og_locale":"es_ES","og_type":"article","og_title":"Dead Reckoning: Sleight of Murder Collector's Edition","og_description":"\u00bfEst\u00e1s prestando mucha atenci\u00f3n? Deber\u00edas leer Dead Reckoning: Sleight of Murder CE con atenci\u00f3n.","og_url":"https:\/\/www.iplay.com\/es\/games\/dead-reckoning-sleight-of-murder-collectors-edition\/","og_site_name":"IPlay","og_image":[{"width":310,"height":310,"url":"https:\/\/www.iplay.com\/wp-content\/uploads\/2023\/12\/large_square_tile_image-2811.jpg","type":"image\/jpeg"}],"twitter_card":"summary_large_image","twitter_misc":{"Est. reading time":"1 minuto"},"schema":{"@context":"https:\/\/schema.org","@graph":[{"@type":"WebPage","@id":"https:\/\/www.iplay.com\/es\/games\/dead-reckoning-sleight-of-murder-collectors-edition\/","url":"https:\/\/www.iplay.com\/es\/games\/dead-reckoning-sleight-of-murder-collectors-edition\/","name":"Dead Reckoning: Sleight of Murder Collector's Edition - Presta mucha atenci\u00f3n en Dead Reckoning: Sleight of Murder CE","isPartOf":{"@id":"https:\/\/www.iplay.com\/en\/#website"},"primaryImageOfPage":{"@id":"https:\/\/www.iplay.com\/es\/games\/dead-reckoning-sleight-of-murder-collectors-edition\/#primaryimage"},"image":{"@id":"https:\/\/www.iplay.com\/es\/games\/dead-reckoning-sleight-of-murder-collectors-edition\/#primaryimage"},"thumbnailUrl":"https:\/\/www.iplay.com\/wp-content\/uploads\/2023\/12\/large_square_tile_image-2811.jpg","datePublished":"2019-08-18T00:00:00+00:00","description":"\u00bfEst\u00e1s prestando mucha atenci\u00f3n? Deber\u00edas leer Dead Reckoning: Sleight of Murder CE con atenci\u00f3n.","breadcrumb":{"@id":"https:\/\/www.iplay.com\/es\/games\/dead-reckoning-sleight-of-murder-collectors-edition\/#breadcrumb"},"inLanguage":"es","potentialAction":[{"@type":"ReadAction","target":["https:\/\/www.iplay.com\/es\/games\/dead-reckoning-sleight-of-murder-collectors-edition\/"]}]},{"@type":"ImageObject","inLanguage":"es","@id":"https:\/\/www.iplay.com\/es\/games\/dead-reckoning-sleight-of-murder-collectors-edition\/#primaryimage","url":"https:\/\/www.iplay.com\/wp-content\/uploads\/2023\/12\/large_square_tile_image-2811.jpg","contentUrl":"https:\/\/www.iplay.com\/wp-content\/uploads\/2023\/12\/large_square_tile_image-2811.jpg","width":310,"height":310},{"@type":"BreadcrumbList","@id":"https:\/\/www.iplay.com\/es\/games\/dead-reckoning-sleight-of-murder-collectors-edition\/#breadcrumb","itemListElement":[{"@type":"ListItem","position":1,"name":"Home","item":"https:\/\/www.iplay.com\/es\/home-page-2\/"},{"@type":"ListItem","position":2,"name":"Shop","item":"https:\/\/www.iplay.com\/en\/shop\/"},{"@type":"ListItem","position":3,"name":"Dead Reckoning: Sleight of Murder Collector&#8217;s Edition"}]},{"@type":"WebSite","@id":"https:\/\/www.iplay.com\/en\/#website","url":"https:\/\/www.iplay.com\/en\/","name":"IPlay","description":"The Best Casual Games!","publisher":{"@id":"https:\/\/www.iplay.com\/en\/#organization"},"potentialAction":[{"@type":"SearchAction","target":{"@type":"EntryPoint","urlTemplate":"https:\/\/www.iplay.com\/en\/?s={search_term_string}"},"query-input":{"@type":"PropertyValueSpecification","valueRequired":true,"valueName":"search_term_string"}}],"inLanguage":"es"},{"@type":"Organization","@id":"https:\/\/www.iplay.com\/en\/#organization","name":"IPlay","url":"https:\/\/www.iplay.com\/en\/","logo":{"@type":"ImageObject","inLanguage":"es","@id":"https:\/\/www.iplay.com\/en\/#\/schema\/logo\/image\/","url":"https:\/\/www.iplay.com\/wp-content\/uploads\/2023\/11\/Group-6100.svg","contentUrl":"https:\/\/www.iplay.com\/wp-content\/uploads\/2023\/11\/Group-6100.svg","width":98,"height":25,"caption":"IPlay"},"image":{"@id":"https:\/\/www.iplay.com\/en\/#\/schema\/logo\/image\/"}}]}},"_links":{"self":[{"href":"https:\/\/www.iplay.com\/es\/wp-json\/wp\/v2\/product\/139676","targetHints":{"allow":["GET"]}}],"collection":[{"href":"https:\/\/www.iplay.com\/es\/wp-json\/wp\/v2\/product"}],"about":[{"href":"https:\/\/www.iplay.com\/es\/wp-json\/wp\/v2\/types\/product"}],"author":[{"embeddable":true,"href":"https:\/\/www.iplay.com\/es\/wp-json\/wp\/v2\/users\/17"}],"replies":[{"embeddable":true,"href":"https:\/\/www.iplay.com\/es\/wp-json\/wp\/v2\/comments?post=139676"}],"wp:featuredmedia":[{"embeddable":true,"href":"https:\/\/www.iplay.com\/es\/wp-json\/wp\/v2\/media\/84814"}],"wp:attachment":[{"href":"https:\/\/www.iplay.com\/es\/wp-json\/wp\/v2\/media?parent=139676"}],"wp:term":[{"taxonomy":"product_brand","embeddable":true,"href":"https:\/\/www.iplay.com\/es\/wp-json\/wp\/v2\/product_brand?post=139676"},{"taxonomy":"product_cat","embeddable":true,"href":"https:\/\/www.iplay.com\/es\/wp-json\/wp\/v2\/product_cat?post=139676"},{"taxonomy":"product_tag","embeddable":true,"href":"https:\/\/www.iplay.com\/es\/wp-json\/wp\/v2\/product_tag?post=139676"}],"curies":[{"name":"wp","href":"https:\/\/api.w.org\/{rel}","templated":true}]}}