{"id":139650,"date":"2019-08-08T00:00:00","date_gmt":"2019-08-08T00:00:00","guid":{"rendered":"https:\/\/www.iplay.com\/games\/time-twins-mosaics-tales-of-avalon\/"},"modified":"2019-08-08T00:00:00","modified_gmt":"2019-08-08T00:00:00","slug":"time-twins-mosaics-tales-of-avalon","status":"publish","type":"product","link":"https:\/\/www.iplay.com\/es\/games\/time-twins-mosaics-tales-of-avalon\/","title":{"rendered":"Time Twins Mosaics &#8211; Tales of Avalon"},"content":{"rendered":"<p>Emb\u00e1rcate en una incre\u00edble aventura hist\u00f3rica con los Gemelos del Tiempo y sus compa\u00f1eros. Abre estos dif\u00edciles rompecabezas de picross multicolor para ver c\u00f3mo las piezas cobran vida ante tus ojos. A medida que avanza a trav\u00e9s de las \u00e9pocas de la industria y los viajes, encontrar\u00e1 barcos, trenes, aviones y m\u00e1s. Acompa\u00f1a a los Gemelos del Tiempo y sus amigos mientras exploran el fascinante universo de Avalon. Abre estos dif\u00edciles rompecabezas de picross multicolor para ver c\u00f3mo las piezas cobran vida ante tus ojos. Avent\u00farate en bosques espeluznantes, hazte amigo de los elfos y descubre artefactos anticuados que te ayudar\u00e1n en tu viaje. \u00a1Adorar\u00e1s Time Twins Mosaics: Tales of Avalon tanto si eres un \u00e1vido solucionador de picross como un entusiasta de Avalon! Coloque fichas multicolores en una cuadr\u00edcula y descubra una imagen usando pistas num\u00e9ricas. Pasar\u00e1s de simples y entretenidos rompecabezas de picross a grandes cuadr\u00edculas multicolores que desafiar\u00e1n el intelecto incluso del solucionador de acertijos m\u00e1s experimentado mientras exploras este mundo misterioso y m\u00e1gico. Cada rompecabezas que resuelves contribuye a una imagen m\u00e1s amplia, y cada \u00e1rea de Avalon que exploras ofrece un terreno nuevo para explorar. Cuando resuelvas todos los acertijos de una etapa, el escenario que hayas armado aparecer\u00e1 ante tus propios ojos. \u00a1Time Twins Mosaics es enigm\u00e1tico y gratificante, relajante y exigente! Explora las 20 regiones y los 120 niveles de Avalon. \u00bfQu\u00e9 sorpresas te vas a encontrar a lo largo de la ruta?             <\/p>\n<p>&nbsp;<\/p>\n<p>&nbsp;<\/p>\n<p><strong>Funciones:<\/strong><\/p>\n<p>&nbsp;<\/p>\n<p>&#8211; Picross llega a Camelot<br \/>\n&#8211; Un viaje<br \/>\n imaginativo en picross- Diversi\u00f3n de fantas\u00eda mezclada con mosaicos misteriosos<br \/>\n&#8211; \u00a1Convi\u00e9rtete en un legendario solucionador de acertijos!<\/p>\n<p>&#8211; Pon a prueba tu astucia en el universo de Avalon.<\/p>\n","protected":false},"excerpt":{"rendered":"<p>\u00a1Acompa\u00f1a a los Gemelos del Tiempo en un intrigante viaje a Avalon! Mosaicos de los Gemelos del Tiempo: La historia de Avalon <\/p>\n","protected":false},"author":35,"featured_media":92846,"comment_status":"open","ping_status":"closed","template":"","meta":{"_acf_changed":false,"inline_featured_image":false},"product_brand":[],"product_cat":[192],"product_tag":[],"class_list":{"0":"post-139650","1":"product","2":"type-product","3":"status-publish","4":"has-post-thumbnail","6":"product_cat-puzzle-es","8":"first","9":"instock","10":"shipping-taxable","11":"purchasable","12":"product-type-simple"},"acf":[],"yoast_head":"<!-- This site is optimized with the Yoast SEO Premium plugin v25.2 (Yoast SEO v25.2) - https:\/\/yoast.com\/wordpress\/plugins\/seo\/ -->\n<title>Mosaicos de Gemelos del Tiempo - Tales of Avalon - \u00danete a los gemelos del Tiempo en una aventura en Tales of Avalon<\/title>\n<meta name=\"description\" content=\"\u00a1Acompa\u00f1a a los Gemelos del Tiempo en un intrigante viaje a Avalon! Mosaicos de los Gemelos del Tiempo: La historia de Avalon\" \/>\n<meta name=\"robots\" content=\"index, follow, max-snippet:-1, max-image-preview:large, max-video-preview:-1\" \/>\n<link rel=\"canonical\" href=\"https:\/\/www.iplay.com\/es\/games\/time-twins-mosaics-tales-of-avalon\/\" \/>\n<meta property=\"og:locale\" content=\"es_ES\" \/>\n<meta property=\"og:type\" content=\"article\" \/>\n<meta property=\"og:title\" content=\"Time Twins Mosaics - Tales of Avalon\" \/>\n<meta property=\"og:description\" content=\"\u00a1Acompa\u00f1a a los Gemelos del Tiempo en un intrigante viaje a Avalon! Mosaicos de los Gemelos del Tiempo: La historia de Avalon\" \/>\n<meta property=\"og:url\" content=\"https:\/\/www.iplay.com\/es\/games\/time-twins-mosaics-tales-of-avalon\/\" \/>\n<meta property=\"og:site_name\" content=\"IPlay\" \/>\n<meta property=\"og:image\" content=\"https:\/\/www.iplay.com\/wp-content\/uploads\/2023\/12\/large_square_tile_image-3318.jpg\" \/>\n\t<meta property=\"og:image:width\" content=\"310\" \/>\n\t<meta property=\"og:image:height\" content=\"310\" \/>\n\t<meta property=\"og:image:type\" content=\"image\/jpeg\" \/>\n<meta name=\"twitter:card\" content=\"summary_large_image\" \/>\n<meta name=\"twitter:label1\" content=\"Est. reading time\" \/>\n\t<meta name=\"twitter:data1\" content=\"2 minutos\" \/>\n<script type=\"application\/ld+json\" class=\"yoast-schema-graph\">{\"@context\":\"https:\/\/schema.org\",\"@graph\":[{\"@type\":\"WebPage\",\"@id\":\"https:\/\/www.iplay.com\/es\/games\/time-twins-mosaics-tales-of-avalon\/\",\"url\":\"https:\/\/www.iplay.com\/es\/games\/time-twins-mosaics-tales-of-avalon\/\",\"name\":\"Mosaicos de Gemelos del Tiempo - Tales of Avalon - \u00danete a los gemelos del Tiempo en una aventura en Tales of Avalon\",\"isPartOf\":{\"@id\":\"https:\/\/www.iplay.com\/en\/#website\"},\"primaryImageOfPage\":{\"@id\":\"https:\/\/www.iplay.com\/es\/games\/time-twins-mosaics-tales-of-avalon\/#primaryimage\"},\"image\":{\"@id\":\"https:\/\/www.iplay.com\/es\/games\/time-twins-mosaics-tales-of-avalon\/#primaryimage\"},\"thumbnailUrl\":\"https:\/\/www.iplay.com\/wp-content\/uploads\/2023\/12\/large_square_tile_image-3318.jpg\",\"datePublished\":\"2019-08-08T00:00:00+00:00\",\"description\":\"\u00a1Acompa\u00f1a a los Gemelos del Tiempo en un intrigante viaje a Avalon! Mosaicos de los Gemelos del Tiempo: La historia de Avalon\",\"breadcrumb\":{\"@id\":\"https:\/\/www.iplay.com\/es\/games\/time-twins-mosaics-tales-of-avalon\/#breadcrumb\"},\"inLanguage\":\"es\",\"potentialAction\":[{\"@type\":\"ReadAction\",\"target\":[\"https:\/\/www.iplay.com\/es\/games\/time-twins-mosaics-tales-of-avalon\/\"]}]},{\"@type\":\"ImageObject\",\"inLanguage\":\"es\",\"@id\":\"https:\/\/www.iplay.com\/es\/games\/time-twins-mosaics-tales-of-avalon\/#primaryimage\",\"url\":\"https:\/\/www.iplay.com\/wp-content\/uploads\/2023\/12\/large_square_tile_image-3318.jpg\",\"contentUrl\":\"https:\/\/www.iplay.com\/wp-content\/uploads\/2023\/12\/large_square_tile_image-3318.jpg\",\"width\":310,\"height\":310},{\"@type\":\"BreadcrumbList\",\"@id\":\"https:\/\/www.iplay.com\/es\/games\/time-twins-mosaics-tales-of-avalon\/#breadcrumb\",\"itemListElement\":[{\"@type\":\"ListItem\",\"position\":1,\"name\":\"Home\",\"item\":\"https:\/\/www.iplay.com\/es\/home-page-2\/\"},{\"@type\":\"ListItem\",\"position\":2,\"name\":\"Shop\",\"item\":\"https:\/\/www.iplay.com\/en\/shop\/\"},{\"@type\":\"ListItem\",\"position\":3,\"name\":\"Time Twins Mosaics &#8211; Tales of Avalon\"}]},{\"@type\":\"WebSite\",\"@id\":\"https:\/\/www.iplay.com\/en\/#website\",\"url\":\"https:\/\/www.iplay.com\/en\/\",\"name\":\"IPlay\",\"description\":\"The Best Casual Games!\",\"publisher\":{\"@id\":\"https:\/\/www.iplay.com\/en\/#organization\"},\"potentialAction\":[{\"@type\":\"SearchAction\",\"target\":{\"@type\":\"EntryPoint\",\"urlTemplate\":\"https:\/\/www.iplay.com\/en\/?s={search_term_string}\"},\"query-input\":{\"@type\":\"PropertyValueSpecification\",\"valueRequired\":true,\"valueName\":\"search_term_string\"}}],\"inLanguage\":\"es\"},{\"@type\":\"Organization\",\"@id\":\"https:\/\/www.iplay.com\/en\/#organization\",\"name\":\"IPlay\",\"url\":\"https:\/\/www.iplay.com\/en\/\",\"logo\":{\"@type\":\"ImageObject\",\"inLanguage\":\"es\",\"@id\":\"https:\/\/www.iplay.com\/en\/#\/schema\/logo\/image\/\",\"url\":\"https:\/\/www.iplay.com\/wp-content\/uploads\/2023\/11\/Group-6100.svg\",\"contentUrl\":\"https:\/\/www.iplay.com\/wp-content\/uploads\/2023\/11\/Group-6100.svg\",\"width\":98,\"height\":25,\"caption\":\"IPlay\"},\"image\":{\"@id\":\"https:\/\/www.iplay.com\/en\/#\/schema\/logo\/image\/\"}}]}<\/script>\n<!-- \/ Yoast SEO Premium plugin. -->","yoast_head_json":{"title":"Mosaicos de Gemelos del Tiempo - Tales of Avalon - \u00danete a los gemelos del Tiempo en una aventura en Tales of Avalon","description":"\u00a1Acompa\u00f1a a los Gemelos del Tiempo en un intrigante viaje a Avalon! Mosaicos de los Gemelos del Tiempo: La historia de Avalon","robots":{"index":"index","follow":"follow","max-snippet":"max-snippet:-1","max-image-preview":"max-image-preview:large","max-video-preview":"max-video-preview:-1"},"canonical":"https:\/\/www.iplay.com\/es\/games\/time-twins-mosaics-tales-of-avalon\/","og_locale":"es_ES","og_type":"article","og_title":"Time Twins Mosaics - Tales of Avalon","og_description":"\u00a1Acompa\u00f1a a los Gemelos del Tiempo en un intrigante viaje a Avalon! Mosaicos de los Gemelos del Tiempo: La historia de Avalon","og_url":"https:\/\/www.iplay.com\/es\/games\/time-twins-mosaics-tales-of-avalon\/","og_site_name":"IPlay","og_image":[{"width":310,"height":310,"url":"https:\/\/www.iplay.com\/wp-content\/uploads\/2023\/12\/large_square_tile_image-3318.jpg","type":"image\/jpeg"}],"twitter_card":"summary_large_image","twitter_misc":{"Est. reading time":"2 minutos"},"schema":{"@context":"https:\/\/schema.org","@graph":[{"@type":"WebPage","@id":"https:\/\/www.iplay.com\/es\/games\/time-twins-mosaics-tales-of-avalon\/","url":"https:\/\/www.iplay.com\/es\/games\/time-twins-mosaics-tales-of-avalon\/","name":"Mosaicos de Gemelos del Tiempo - Tales of Avalon - \u00danete a los gemelos del Tiempo en una aventura en Tales of Avalon","isPartOf":{"@id":"https:\/\/www.iplay.com\/en\/#website"},"primaryImageOfPage":{"@id":"https:\/\/www.iplay.com\/es\/games\/time-twins-mosaics-tales-of-avalon\/#primaryimage"},"image":{"@id":"https:\/\/www.iplay.com\/es\/games\/time-twins-mosaics-tales-of-avalon\/#primaryimage"},"thumbnailUrl":"https:\/\/www.iplay.com\/wp-content\/uploads\/2023\/12\/large_square_tile_image-3318.jpg","datePublished":"2019-08-08T00:00:00+00:00","description":"\u00a1Acompa\u00f1a a los Gemelos del Tiempo en un intrigante viaje a Avalon! Mosaicos de los Gemelos del Tiempo: La historia de Avalon","breadcrumb":{"@id":"https:\/\/www.iplay.com\/es\/games\/time-twins-mosaics-tales-of-avalon\/#breadcrumb"},"inLanguage":"es","potentialAction":[{"@type":"ReadAction","target":["https:\/\/www.iplay.com\/es\/games\/time-twins-mosaics-tales-of-avalon\/"]}]},{"@type":"ImageObject","inLanguage":"es","@id":"https:\/\/www.iplay.com\/es\/games\/time-twins-mosaics-tales-of-avalon\/#primaryimage","url":"https:\/\/www.iplay.com\/wp-content\/uploads\/2023\/12\/large_square_tile_image-3318.jpg","contentUrl":"https:\/\/www.iplay.com\/wp-content\/uploads\/2023\/12\/large_square_tile_image-3318.jpg","width":310,"height":310},{"@type":"BreadcrumbList","@id":"https:\/\/www.iplay.com\/es\/games\/time-twins-mosaics-tales-of-avalon\/#breadcrumb","itemListElement":[{"@type":"ListItem","position":1,"name":"Home","item":"https:\/\/www.iplay.com\/es\/home-page-2\/"},{"@type":"ListItem","position":2,"name":"Shop","item":"https:\/\/www.iplay.com\/en\/shop\/"},{"@type":"ListItem","position":3,"name":"Time Twins Mosaics &#8211; Tales of Avalon"}]},{"@type":"WebSite","@id":"https:\/\/www.iplay.com\/en\/#website","url":"https:\/\/www.iplay.com\/en\/","name":"IPlay","description":"The Best Casual Games!","publisher":{"@id":"https:\/\/www.iplay.com\/en\/#organization"},"potentialAction":[{"@type":"SearchAction","target":{"@type":"EntryPoint","urlTemplate":"https:\/\/www.iplay.com\/en\/?s={search_term_string}"},"query-input":{"@type":"PropertyValueSpecification","valueRequired":true,"valueName":"search_term_string"}}],"inLanguage":"es"},{"@type":"Organization","@id":"https:\/\/www.iplay.com\/en\/#organization","name":"IPlay","url":"https:\/\/www.iplay.com\/en\/","logo":{"@type":"ImageObject","inLanguage":"es","@id":"https:\/\/www.iplay.com\/en\/#\/schema\/logo\/image\/","url":"https:\/\/www.iplay.com\/wp-content\/uploads\/2023\/11\/Group-6100.svg","contentUrl":"https:\/\/www.iplay.com\/wp-content\/uploads\/2023\/11\/Group-6100.svg","width":98,"height":25,"caption":"IPlay"},"image":{"@id":"https:\/\/www.iplay.com\/en\/#\/schema\/logo\/image\/"}}]}},"_links":{"self":[{"href":"https:\/\/www.iplay.com\/es\/wp-json\/wp\/v2\/product\/139650","targetHints":{"allow":["GET"]}}],"collection":[{"href":"https:\/\/www.iplay.com\/es\/wp-json\/wp\/v2\/product"}],"about":[{"href":"https:\/\/www.iplay.com\/es\/wp-json\/wp\/v2\/types\/product"}],"author":[{"embeddable":true,"href":"https:\/\/www.iplay.com\/es\/wp-json\/wp\/v2\/users\/35"}],"replies":[{"embeddable":true,"href":"https:\/\/www.iplay.com\/es\/wp-json\/wp\/v2\/comments?post=139650"}],"wp:featuredmedia":[{"embeddable":true,"href":"https:\/\/www.iplay.com\/es\/wp-json\/wp\/v2\/media\/92846"}],"wp:attachment":[{"href":"https:\/\/www.iplay.com\/es\/wp-json\/wp\/v2\/media?parent=139650"}],"wp:term":[{"taxonomy":"product_brand","embeddable":true,"href":"https:\/\/www.iplay.com\/es\/wp-json\/wp\/v2\/product_brand?post=139650"},{"taxonomy":"product_cat","embeddable":true,"href":"https:\/\/www.iplay.com\/es\/wp-json\/wp\/v2\/product_cat?post=139650"},{"taxonomy":"product_tag","embeddable":true,"href":"https:\/\/www.iplay.com\/es\/wp-json\/wp\/v2\/product_tag?post=139650"}],"curies":[{"name":"wp","href":"https:\/\/api.w.org\/{rel}","templated":true}]}}