{"id":139479,"date":"2019-12-08T00:00:00","date_gmt":"2019-12-08T00:00:00","guid":{"rendered":"https:\/\/www.iplay.com\/games\/travel-mosaics-11-christmas-sleigh-ride\/"},"modified":"2019-12-08T00:00:00","modified_gmt":"2019-12-08T00:00:00","slug":"travel-mosaics-11-christmas-sleigh-ride","status":"publish","type":"product","link":"https:\/\/www.iplay.com\/es\/games\/travel-mosaics-11-christmas-sleigh-ride\/","title":{"rendered":"Travel Mosaics 11: Christmas Sleigh Ride"},"content":{"rendered":"<p>\u00bfConoces los nombres que se le dan a Pap\u00e1 Noel en Noruega e Italia? \u00bfD\u00f3nde se present\u00f3 originalmente el ballet El Cascanueces? \u00bfQu\u00e9 plato se suele servir en la mesa navide\u00f1a griega? \u00bfD\u00f3nde est\u00e1 el \u00e1rbol de Navidad m\u00e1s feo del mundo? \u00a1Toda esta informaci\u00f3n y m\u00e1s se puede encontrar en Travel Mosaics 11: Christmas Sleigh Ride! Acomp\u00e1\u00f1anos en un viaje global en trineo de Pap\u00e1 Noel con la familia de animales Walker. Juega, descubre una gran cantidad de informaci\u00f3n interesante, resuelve desafiantes preguntas de trivia, gana monedas de oro y ll\u00e9vate recuerdos a casa. Hay 140 rompecabezas de nonogramas en el juego, a veces denominados Picross o Griddlers. Pero a diferencia de los nonogramas tradicionales, los rompecabezas de Travel Mosaics tienen c\u00f3digos de colores. Los jugadores que sean persistentes y concentrados tambi\u00e9n podr\u00e1n acceder a 20 niveles de rompecabezas m\u00e1s. Travel Mosaics 11: Christmas Sleigh Ride es un fant\u00e1stico rompecabezas para cualquiera que busque entrar en el estado de \u00e1nimo navide\u00f1o, descubrir nuevas costumbres navide\u00f1as de todo el mundo o simplemente divertirse. Una de las caracter\u00edsticas es que se puede jugar tanto de d\u00eda como de noche. Modifique la apariencia de los mosaicos y el fondo como elija. Preguntas divertidas y desafiantes sobre las tradiciones de celebrar la Navidad en diferentes pa\u00edses.             <\/p>\n<p>&nbsp;<\/p>\n<p>&nbsp;<\/p>\n<p><strong>Funciones:<\/strong><\/p>\n<p>&nbsp;<\/p>\n<ul>\n<li>Im\u00e1genes festivas, animaci\u00f3n y m\u00fasica para entrar en el esp\u00edritu de la Navidad<\/li>\n<li>Un magn\u00edfico recorrido virtual por todo el mundo, que muestra c\u00f3mo celebran la Navidad en diferentes ciudades y pa\u00edses.<\/li>\n<li>Tres modos de dificultad, desde un solo color y relajado hasta desaf\u00edos reales con cambio de color (hasta 6 colores)<\/li>\n<li>140 nonogramas codificados por colores, 20 nonogramas adicionales + 20 rompecabezas adicionales<\/li>\n<li>Im\u00e1genes festivas, animaci\u00f3n y m\u00fasica para que te pongas a tono<\/li>\n<li>Un magn\u00edfico recorrido virtual por todo el mundo, que muestra c\u00f3mo la gente celebra la Navidad en diferentes ciudades y pa\u00edses.<\/li>\n<li>Un mont\u00f3n de informaci\u00f3n divertida y de entretenimiento educativo<\/li>\n<\/ul>\n","protected":false},"excerpt":{"rendered":"<p>\u00a1\u00danete a los caminantes en una vuelta por el mundo en trineo! En los Mosaicos de Viaje 11: Paseo en trineo por Navidad <\/p>\n","protected":false},"author":14,"featured_media":84068,"comment_status":"open","ping_status":"closed","template":"","meta":{"_acf_changed":false,"inline_featured_image":false},"product_brand":[],"product_cat":[192],"product_tag":[],"class_list":{"0":"post-139479","1":"product","2":"type-product","3":"status-publish","4":"has-post-thumbnail","6":"product_cat-puzzle-es","8":"first","9":"instock","10":"shipping-taxable","11":"purchasable","12":"product-type-simple"},"acf":[],"yoast_head":"<!-- This site is optimized with the Yoast SEO Premium plugin v25.2 (Yoast SEO v25.2) - https:\/\/yoast.com\/wordpress\/plugins\/seo\/ -->\n<title>Travel Mosaics 11: Paseo navide\u00f1o en trineo - Paseos en trineo por todo el mundo con los caminantes<\/title>\n<meta name=\"description\" content=\"\u00a1\u00danete a los caminantes en una vuelta por el mundo en trineo! En los Mosaicos de Viaje 11: Paseo en trineo por Navidad\" \/>\n<meta name=\"robots\" content=\"index, follow, max-snippet:-1, max-image-preview:large, max-video-preview:-1\" \/>\n<link rel=\"canonical\" href=\"https:\/\/www.iplay.com\/es\/games\/travel-mosaics-11-christmas-sleigh-ride\/\" \/>\n<meta property=\"og:locale\" content=\"es_ES\" \/>\n<meta property=\"og:type\" content=\"article\" \/>\n<meta property=\"og:title\" content=\"Travel Mosaics 11: Christmas Sleigh Ride\" \/>\n<meta property=\"og:description\" content=\"\u00a1\u00danete a los caminantes en una vuelta por el mundo en trineo! En los Mosaicos de Viaje 11: Paseo en trineo por Navidad\" \/>\n<meta property=\"og:url\" content=\"https:\/\/www.iplay.com\/es\/games\/travel-mosaics-11-christmas-sleigh-ride\/\" \/>\n<meta property=\"og:site_name\" content=\"IPlay\" \/>\n<meta property=\"og:image\" content=\"https:\/\/www.iplay.com\/wp-content\/uploads\/2023\/12\/large_square_tile_image-2763.jpg\" \/>\n\t<meta property=\"og:image:width\" content=\"310\" \/>\n\t<meta property=\"og:image:height\" content=\"310\" \/>\n\t<meta property=\"og:image:type\" content=\"image\/jpeg\" \/>\n<meta name=\"twitter:card\" content=\"summary_large_image\" \/>\n<meta name=\"twitter:label1\" content=\"Est. reading time\" \/>\n\t<meta name=\"twitter:data1\" content=\"2 minutos\" \/>\n<script type=\"application\/ld+json\" class=\"yoast-schema-graph\">{\"@context\":\"https:\/\/schema.org\",\"@graph\":[{\"@type\":\"WebPage\",\"@id\":\"https:\/\/www.iplay.com\/es\/games\/travel-mosaics-11-christmas-sleigh-ride\/\",\"url\":\"https:\/\/www.iplay.com\/es\/games\/travel-mosaics-11-christmas-sleigh-ride\/\",\"name\":\"Travel Mosaics 11: Paseo navide\u00f1o en trineo - Paseos en trineo por todo el mundo con los caminantes\",\"isPartOf\":{\"@id\":\"https:\/\/www.iplay.com\/en\/#website\"},\"primaryImageOfPage\":{\"@id\":\"https:\/\/www.iplay.com\/es\/games\/travel-mosaics-11-christmas-sleigh-ride\/#primaryimage\"},\"image\":{\"@id\":\"https:\/\/www.iplay.com\/es\/games\/travel-mosaics-11-christmas-sleigh-ride\/#primaryimage\"},\"thumbnailUrl\":\"https:\/\/www.iplay.com\/wp-content\/uploads\/2023\/12\/large_square_tile_image-2763.jpg\",\"datePublished\":\"2019-12-08T00:00:00+00:00\",\"description\":\"\u00a1\u00danete a los caminantes en una vuelta por el mundo en trineo! En los Mosaicos de Viaje 11: Paseo en trineo por Navidad\",\"breadcrumb\":{\"@id\":\"https:\/\/www.iplay.com\/es\/games\/travel-mosaics-11-christmas-sleigh-ride\/#breadcrumb\"},\"inLanguage\":\"es\",\"potentialAction\":[{\"@type\":\"ReadAction\",\"target\":[\"https:\/\/www.iplay.com\/es\/games\/travel-mosaics-11-christmas-sleigh-ride\/\"]}]},{\"@type\":\"ImageObject\",\"inLanguage\":\"es\",\"@id\":\"https:\/\/www.iplay.com\/es\/games\/travel-mosaics-11-christmas-sleigh-ride\/#primaryimage\",\"url\":\"https:\/\/www.iplay.com\/wp-content\/uploads\/2023\/12\/large_square_tile_image-2763.jpg\",\"contentUrl\":\"https:\/\/www.iplay.com\/wp-content\/uploads\/2023\/12\/large_square_tile_image-2763.jpg\",\"width\":310,\"height\":310},{\"@type\":\"BreadcrumbList\",\"@id\":\"https:\/\/www.iplay.com\/es\/games\/travel-mosaics-11-christmas-sleigh-ride\/#breadcrumb\",\"itemListElement\":[{\"@type\":\"ListItem\",\"position\":1,\"name\":\"Home\",\"item\":\"https:\/\/www.iplay.com\/es\/home-page-2\/\"},{\"@type\":\"ListItem\",\"position\":2,\"name\":\"Shop\",\"item\":\"https:\/\/www.iplay.com\/en\/shop\/\"},{\"@type\":\"ListItem\",\"position\":3,\"name\":\"Travel Mosaics 11: Christmas Sleigh Ride\"}]},{\"@type\":\"WebSite\",\"@id\":\"https:\/\/www.iplay.com\/en\/#website\",\"url\":\"https:\/\/www.iplay.com\/en\/\",\"name\":\"IPlay\",\"description\":\"The Best Casual Games!\",\"publisher\":{\"@id\":\"https:\/\/www.iplay.com\/en\/#organization\"},\"potentialAction\":[{\"@type\":\"SearchAction\",\"target\":{\"@type\":\"EntryPoint\",\"urlTemplate\":\"https:\/\/www.iplay.com\/en\/?s={search_term_string}\"},\"query-input\":{\"@type\":\"PropertyValueSpecification\",\"valueRequired\":true,\"valueName\":\"search_term_string\"}}],\"inLanguage\":\"es\"},{\"@type\":\"Organization\",\"@id\":\"https:\/\/www.iplay.com\/en\/#organization\",\"name\":\"IPlay\",\"url\":\"https:\/\/www.iplay.com\/en\/\",\"logo\":{\"@type\":\"ImageObject\",\"inLanguage\":\"es\",\"@id\":\"https:\/\/www.iplay.com\/en\/#\/schema\/logo\/image\/\",\"url\":\"https:\/\/www.iplay.com\/wp-content\/uploads\/2023\/11\/Group-6100.svg\",\"contentUrl\":\"https:\/\/www.iplay.com\/wp-content\/uploads\/2023\/11\/Group-6100.svg\",\"width\":98,\"height\":25,\"caption\":\"IPlay\"},\"image\":{\"@id\":\"https:\/\/www.iplay.com\/en\/#\/schema\/logo\/image\/\"}}]}<\/script>\n<!-- \/ Yoast SEO Premium plugin. -->","yoast_head_json":{"title":"Travel Mosaics 11: Paseo navide\u00f1o en trineo - Paseos en trineo por todo el mundo con los caminantes","description":"\u00a1\u00danete a los caminantes en una vuelta por el mundo en trineo! En los Mosaicos de Viaje 11: Paseo en trineo por Navidad","robots":{"index":"index","follow":"follow","max-snippet":"max-snippet:-1","max-image-preview":"max-image-preview:large","max-video-preview":"max-video-preview:-1"},"canonical":"https:\/\/www.iplay.com\/es\/games\/travel-mosaics-11-christmas-sleigh-ride\/","og_locale":"es_ES","og_type":"article","og_title":"Travel Mosaics 11: Christmas Sleigh Ride","og_description":"\u00a1\u00danete a los caminantes en una vuelta por el mundo en trineo! En los Mosaicos de Viaje 11: Paseo en trineo por Navidad","og_url":"https:\/\/www.iplay.com\/es\/games\/travel-mosaics-11-christmas-sleigh-ride\/","og_site_name":"IPlay","og_image":[{"width":310,"height":310,"url":"https:\/\/www.iplay.com\/wp-content\/uploads\/2023\/12\/large_square_tile_image-2763.jpg","type":"image\/jpeg"}],"twitter_card":"summary_large_image","twitter_misc":{"Est. reading time":"2 minutos"},"schema":{"@context":"https:\/\/schema.org","@graph":[{"@type":"WebPage","@id":"https:\/\/www.iplay.com\/es\/games\/travel-mosaics-11-christmas-sleigh-ride\/","url":"https:\/\/www.iplay.com\/es\/games\/travel-mosaics-11-christmas-sleigh-ride\/","name":"Travel Mosaics 11: Paseo navide\u00f1o en trineo - Paseos en trineo por todo el mundo con los caminantes","isPartOf":{"@id":"https:\/\/www.iplay.com\/en\/#website"},"primaryImageOfPage":{"@id":"https:\/\/www.iplay.com\/es\/games\/travel-mosaics-11-christmas-sleigh-ride\/#primaryimage"},"image":{"@id":"https:\/\/www.iplay.com\/es\/games\/travel-mosaics-11-christmas-sleigh-ride\/#primaryimage"},"thumbnailUrl":"https:\/\/www.iplay.com\/wp-content\/uploads\/2023\/12\/large_square_tile_image-2763.jpg","datePublished":"2019-12-08T00:00:00+00:00","description":"\u00a1\u00danete a los caminantes en una vuelta por el mundo en trineo! En los Mosaicos de Viaje 11: Paseo en trineo por Navidad","breadcrumb":{"@id":"https:\/\/www.iplay.com\/es\/games\/travel-mosaics-11-christmas-sleigh-ride\/#breadcrumb"},"inLanguage":"es","potentialAction":[{"@type":"ReadAction","target":["https:\/\/www.iplay.com\/es\/games\/travel-mosaics-11-christmas-sleigh-ride\/"]}]},{"@type":"ImageObject","inLanguage":"es","@id":"https:\/\/www.iplay.com\/es\/games\/travel-mosaics-11-christmas-sleigh-ride\/#primaryimage","url":"https:\/\/www.iplay.com\/wp-content\/uploads\/2023\/12\/large_square_tile_image-2763.jpg","contentUrl":"https:\/\/www.iplay.com\/wp-content\/uploads\/2023\/12\/large_square_tile_image-2763.jpg","width":310,"height":310},{"@type":"BreadcrumbList","@id":"https:\/\/www.iplay.com\/es\/games\/travel-mosaics-11-christmas-sleigh-ride\/#breadcrumb","itemListElement":[{"@type":"ListItem","position":1,"name":"Home","item":"https:\/\/www.iplay.com\/es\/home-page-2\/"},{"@type":"ListItem","position":2,"name":"Shop","item":"https:\/\/www.iplay.com\/en\/shop\/"},{"@type":"ListItem","position":3,"name":"Travel Mosaics 11: Christmas Sleigh Ride"}]},{"@type":"WebSite","@id":"https:\/\/www.iplay.com\/en\/#website","url":"https:\/\/www.iplay.com\/en\/","name":"IPlay","description":"The Best Casual Games!","publisher":{"@id":"https:\/\/www.iplay.com\/en\/#organization"},"potentialAction":[{"@type":"SearchAction","target":{"@type":"EntryPoint","urlTemplate":"https:\/\/www.iplay.com\/en\/?s={search_term_string}"},"query-input":{"@type":"PropertyValueSpecification","valueRequired":true,"valueName":"search_term_string"}}],"inLanguage":"es"},{"@type":"Organization","@id":"https:\/\/www.iplay.com\/en\/#organization","name":"IPlay","url":"https:\/\/www.iplay.com\/en\/","logo":{"@type":"ImageObject","inLanguage":"es","@id":"https:\/\/www.iplay.com\/en\/#\/schema\/logo\/image\/","url":"https:\/\/www.iplay.com\/wp-content\/uploads\/2023\/11\/Group-6100.svg","contentUrl":"https:\/\/www.iplay.com\/wp-content\/uploads\/2023\/11\/Group-6100.svg","width":98,"height":25,"caption":"IPlay"},"image":{"@id":"https:\/\/www.iplay.com\/en\/#\/schema\/logo\/image\/"}}]}},"_links":{"self":[{"href":"https:\/\/www.iplay.com\/es\/wp-json\/wp\/v2\/product\/139479","targetHints":{"allow":["GET"]}}],"collection":[{"href":"https:\/\/www.iplay.com\/es\/wp-json\/wp\/v2\/product"}],"about":[{"href":"https:\/\/www.iplay.com\/es\/wp-json\/wp\/v2\/types\/product"}],"author":[{"embeddable":true,"href":"https:\/\/www.iplay.com\/es\/wp-json\/wp\/v2\/users\/14"}],"replies":[{"embeddable":true,"href":"https:\/\/www.iplay.com\/es\/wp-json\/wp\/v2\/comments?post=139479"}],"wp:featuredmedia":[{"embeddable":true,"href":"https:\/\/www.iplay.com\/es\/wp-json\/wp\/v2\/media\/84068"}],"wp:attachment":[{"href":"https:\/\/www.iplay.com\/es\/wp-json\/wp\/v2\/media?parent=139479"}],"wp:term":[{"taxonomy":"product_brand","embeddable":true,"href":"https:\/\/www.iplay.com\/es\/wp-json\/wp\/v2\/product_brand?post=139479"},{"taxonomy":"product_cat","embeddable":true,"href":"https:\/\/www.iplay.com\/es\/wp-json\/wp\/v2\/product_cat?post=139479"},{"taxonomy":"product_tag","embeddable":true,"href":"https:\/\/www.iplay.com\/es\/wp-json\/wp\/v2\/product_tag?post=139479"}],"curies":[{"name":"wp","href":"https:\/\/api.w.org\/{rel}","templated":true}]}}