{"id":139201,"date":"2020-08-04T00:00:00","date_gmt":"2020-08-04T00:00:00","guid":{"rendered":"https:\/\/www.iplay.com\/games\/pillpop\/"},"modified":"2020-08-04T00:00:00","modified_gmt":"2020-08-04T00:00:00","slug":"pillpop","status":"publish","type":"product","link":"https:\/\/www.iplay.com\/es\/games\/pillpop\/","title":{"rendered":"Pillpop"},"content":{"rendered":"<p>PillPop es un juego pop de combina 3 de estilo \u00fanico. \u00a1Usa las p\u00edldoras medicinales para combatir virus encantadores y coloridos y hacerlos explotar! Elimina los virus haciendo clic en las p\u00edldoras para destruirlos. Solo puedes hacer clic en grupos de 3 o m\u00e1s que est\u00e9n directamente uno al lado del otro y que contengan al menos una p\u00edldora del color del juego. El juego tambi\u00e9n contiene los modos de juego pop regulares llamados VirusPop, en los que simplemente combinas los virus del mismo color. Hay un modo Zen, para un estilo de juego relajante y sin limitaci\u00f3n de tiempo. Juega a este modo para disfrutar de una experiencia de juego relajante. El modo Blitz es para una partida r\u00e1pida de s\u00f3lo 2 minutos, en la que tienes que intentar anotar tantos puntos como sea posible. Y finalmente el modo Sobrevivir, comienza con un nivel parcialmente lleno. Luego, el nivel comienza a llenarse lentamente y el juego terminar\u00e1 si el nivel est\u00e1 lleno. Cada modo se puede jugar en 6 niveles diferentes, con diferentes tama\u00f1os y cantidades de colores de virus.          <\/p>\n<p>&nbsp;<\/p>\n<p>&nbsp;<\/p>\n<p><strong>Funciones:<\/strong><\/p>\n<p>&nbsp;<\/p>\n<p>&#8211; 3 modos<br \/>\n de juego- 2 tipos de juego PillPop o VirusPop<br \/>\n&#8211; Lindos virus animados<br \/>\n&#8211; Tama\u00f1os de tablero 8&#215;8, 10&#215;10, 12&#215;12<br \/>\n&#8211; 24 logros- Estad\u00edsticas<\/p>\n<p>&#8211; Modo<br \/>\n dalt\u00f3nico- 10 buenas canciones musicales<br \/>\n&#8211; Activar\/desactivar canciones en el editor de listas de reproducci\u00f3n<\/p>\n","protected":false},"excerpt":{"rendered":"<p>\u00a1Usa las p\u00edldoras medicinales para combatir virus encantadores y coloridos y hacerlos explotar! Dentro de PillPop <\/p>\n","protected":false},"author":318,"featured_media":82533,"comment_status":"open","ping_status":"closed","template":"","meta":{"_acf_changed":false,"inline_featured_image":false},"product_brand":[],"product_cat":[199],"product_tag":[],"class_list":{"0":"post-139201","1":"product","2":"type-product","3":"status-publish","4":"has-post-thumbnail","6":"product_cat-removed-content-es","8":"first","9":"instock","10":"shipping-taxable","11":"purchasable","12":"product-type-simple"},"acf":[],"yoast_head":"<!-- This site is optimized with the Yoast SEO Premium plugin v25.2 (Yoast SEO v25.2) - https:\/\/yoast.com\/wordpress\/plugins\/seo\/ -->\n<title>Pillpop - Lucha contra coloridos y lindos virus con p\u00edldoras m\u00e9dicas para hacerlos estallar<\/title>\n<meta name=\"description\" content=\"\u00a1Usa las p\u00edldoras medicinales para combatir virus encantadores y coloridos y hacerlos explotar! Dentro de PillPop\" \/>\n<meta name=\"robots\" content=\"index, follow, max-snippet:-1, max-image-preview:large, max-video-preview:-1\" \/>\n<link rel=\"canonical\" href=\"https:\/\/www.iplay.com\/es\/games\/pillpop\/\" \/>\n<meta property=\"og:locale\" content=\"es_ES\" \/>\n<meta property=\"og:type\" content=\"article\" \/>\n<meta property=\"og:title\" content=\"Pillpop\" \/>\n<meta property=\"og:description\" content=\"\u00a1Usa las p\u00edldoras medicinales para combatir virus encantadores y coloridos y hacerlos explotar! Dentro de PillPop\" \/>\n<meta property=\"og:url\" content=\"https:\/\/www.iplay.com\/es\/games\/pillpop\/\" \/>\n<meta property=\"og:site_name\" content=\"IPlay\" \/>\n<meta property=\"og:image\" content=\"https:\/\/www.iplay.com\/wp-content\/uploads\/2023\/12\/large_square_tile_image-2665.jpg\" \/>\n\t<meta property=\"og:image:width\" content=\"310\" \/>\n\t<meta property=\"og:image:height\" content=\"310\" \/>\n\t<meta property=\"og:image:type\" content=\"image\/jpeg\" \/>\n<meta name=\"twitter:card\" content=\"summary_large_image\" \/>\n<meta name=\"twitter:label1\" content=\"Est. reading time\" \/>\n\t<meta name=\"twitter:data1\" content=\"1 minuto\" \/>\n<script type=\"application\/ld+json\" class=\"yoast-schema-graph\">{\"@context\":\"https:\/\/schema.org\",\"@graph\":[{\"@type\":\"WebPage\",\"@id\":\"https:\/\/www.iplay.com\/es\/games\/pillpop\/\",\"url\":\"https:\/\/www.iplay.com\/es\/games\/pillpop\/\",\"name\":\"Pillpop - Lucha contra coloridos y lindos virus con p\u00edldoras m\u00e9dicas para hacerlos estallar\",\"isPartOf\":{\"@id\":\"https:\/\/www.iplay.com\/en\/#website\"},\"primaryImageOfPage\":{\"@id\":\"https:\/\/www.iplay.com\/es\/games\/pillpop\/#primaryimage\"},\"image\":{\"@id\":\"https:\/\/www.iplay.com\/es\/games\/pillpop\/#primaryimage\"},\"thumbnailUrl\":\"https:\/\/www.iplay.com\/wp-content\/uploads\/2023\/12\/large_square_tile_image-2665.jpg\",\"datePublished\":\"2020-08-04T00:00:00+00:00\",\"description\":\"\u00a1Usa las p\u00edldoras medicinales para combatir virus encantadores y coloridos y hacerlos explotar! Dentro de PillPop\",\"breadcrumb\":{\"@id\":\"https:\/\/www.iplay.com\/es\/games\/pillpop\/#breadcrumb\"},\"inLanguage\":\"es\",\"potentialAction\":[{\"@type\":\"ReadAction\",\"target\":[\"https:\/\/www.iplay.com\/es\/games\/pillpop\/\"]}]},{\"@type\":\"ImageObject\",\"inLanguage\":\"es\",\"@id\":\"https:\/\/www.iplay.com\/es\/games\/pillpop\/#primaryimage\",\"url\":\"https:\/\/www.iplay.com\/wp-content\/uploads\/2023\/12\/large_square_tile_image-2665.jpg\",\"contentUrl\":\"https:\/\/www.iplay.com\/wp-content\/uploads\/2023\/12\/large_square_tile_image-2665.jpg\",\"width\":310,\"height\":310},{\"@type\":\"BreadcrumbList\",\"@id\":\"https:\/\/www.iplay.com\/es\/games\/pillpop\/#breadcrumb\",\"itemListElement\":[{\"@type\":\"ListItem\",\"position\":1,\"name\":\"Home\",\"item\":\"https:\/\/www.iplay.com\/es\/home-page-2\/\"},{\"@type\":\"ListItem\",\"position\":2,\"name\":\"Shop\",\"item\":\"https:\/\/www.iplay.com\/en\/shop\/\"},{\"@type\":\"ListItem\",\"position\":3,\"name\":\"Pillpop\"}]},{\"@type\":\"WebSite\",\"@id\":\"https:\/\/www.iplay.com\/en\/#website\",\"url\":\"https:\/\/www.iplay.com\/en\/\",\"name\":\"IPlay\",\"description\":\"The Best Casual Games!\",\"publisher\":{\"@id\":\"https:\/\/www.iplay.com\/en\/#organization\"},\"potentialAction\":[{\"@type\":\"SearchAction\",\"target\":{\"@type\":\"EntryPoint\",\"urlTemplate\":\"https:\/\/www.iplay.com\/en\/?s={search_term_string}\"},\"query-input\":{\"@type\":\"PropertyValueSpecification\",\"valueRequired\":true,\"valueName\":\"search_term_string\"}}],\"inLanguage\":\"es\"},{\"@type\":\"Organization\",\"@id\":\"https:\/\/www.iplay.com\/en\/#organization\",\"name\":\"IPlay\",\"url\":\"https:\/\/www.iplay.com\/en\/\",\"logo\":{\"@type\":\"ImageObject\",\"inLanguage\":\"es\",\"@id\":\"https:\/\/www.iplay.com\/en\/#\/schema\/logo\/image\/\",\"url\":\"https:\/\/www.iplay.com\/wp-content\/uploads\/2023\/11\/Group-6100.svg\",\"contentUrl\":\"https:\/\/www.iplay.com\/wp-content\/uploads\/2023\/11\/Group-6100.svg\",\"width\":98,\"height\":25,\"caption\":\"IPlay\"},\"image\":{\"@id\":\"https:\/\/www.iplay.com\/en\/#\/schema\/logo\/image\/\"}}]}<\/script>\n<!-- \/ Yoast SEO Premium plugin. -->","yoast_head_json":{"title":"Pillpop - Lucha contra coloridos y lindos virus con p\u00edldoras m\u00e9dicas para hacerlos estallar","description":"\u00a1Usa las p\u00edldoras medicinales para combatir virus encantadores y coloridos y hacerlos explotar! Dentro de PillPop","robots":{"index":"index","follow":"follow","max-snippet":"max-snippet:-1","max-image-preview":"max-image-preview:large","max-video-preview":"max-video-preview:-1"},"canonical":"https:\/\/www.iplay.com\/es\/games\/pillpop\/","og_locale":"es_ES","og_type":"article","og_title":"Pillpop","og_description":"\u00a1Usa las p\u00edldoras medicinales para combatir virus encantadores y coloridos y hacerlos explotar! Dentro de PillPop","og_url":"https:\/\/www.iplay.com\/es\/games\/pillpop\/","og_site_name":"IPlay","og_image":[{"width":310,"height":310,"url":"https:\/\/www.iplay.com\/wp-content\/uploads\/2023\/12\/large_square_tile_image-2665.jpg","type":"image\/jpeg"}],"twitter_card":"summary_large_image","twitter_misc":{"Est. reading time":"1 minuto"},"schema":{"@context":"https:\/\/schema.org","@graph":[{"@type":"WebPage","@id":"https:\/\/www.iplay.com\/es\/games\/pillpop\/","url":"https:\/\/www.iplay.com\/es\/games\/pillpop\/","name":"Pillpop - Lucha contra coloridos y lindos virus con p\u00edldoras m\u00e9dicas para hacerlos estallar","isPartOf":{"@id":"https:\/\/www.iplay.com\/en\/#website"},"primaryImageOfPage":{"@id":"https:\/\/www.iplay.com\/es\/games\/pillpop\/#primaryimage"},"image":{"@id":"https:\/\/www.iplay.com\/es\/games\/pillpop\/#primaryimage"},"thumbnailUrl":"https:\/\/www.iplay.com\/wp-content\/uploads\/2023\/12\/large_square_tile_image-2665.jpg","datePublished":"2020-08-04T00:00:00+00:00","description":"\u00a1Usa las p\u00edldoras medicinales para combatir virus encantadores y coloridos y hacerlos explotar! Dentro de PillPop","breadcrumb":{"@id":"https:\/\/www.iplay.com\/es\/games\/pillpop\/#breadcrumb"},"inLanguage":"es","potentialAction":[{"@type":"ReadAction","target":["https:\/\/www.iplay.com\/es\/games\/pillpop\/"]}]},{"@type":"ImageObject","inLanguage":"es","@id":"https:\/\/www.iplay.com\/es\/games\/pillpop\/#primaryimage","url":"https:\/\/www.iplay.com\/wp-content\/uploads\/2023\/12\/large_square_tile_image-2665.jpg","contentUrl":"https:\/\/www.iplay.com\/wp-content\/uploads\/2023\/12\/large_square_tile_image-2665.jpg","width":310,"height":310},{"@type":"BreadcrumbList","@id":"https:\/\/www.iplay.com\/es\/games\/pillpop\/#breadcrumb","itemListElement":[{"@type":"ListItem","position":1,"name":"Home","item":"https:\/\/www.iplay.com\/es\/home-page-2\/"},{"@type":"ListItem","position":2,"name":"Shop","item":"https:\/\/www.iplay.com\/en\/shop\/"},{"@type":"ListItem","position":3,"name":"Pillpop"}]},{"@type":"WebSite","@id":"https:\/\/www.iplay.com\/en\/#website","url":"https:\/\/www.iplay.com\/en\/","name":"IPlay","description":"The Best Casual Games!","publisher":{"@id":"https:\/\/www.iplay.com\/en\/#organization"},"potentialAction":[{"@type":"SearchAction","target":{"@type":"EntryPoint","urlTemplate":"https:\/\/www.iplay.com\/en\/?s={search_term_string}"},"query-input":{"@type":"PropertyValueSpecification","valueRequired":true,"valueName":"search_term_string"}}],"inLanguage":"es"},{"@type":"Organization","@id":"https:\/\/www.iplay.com\/en\/#organization","name":"IPlay","url":"https:\/\/www.iplay.com\/en\/","logo":{"@type":"ImageObject","inLanguage":"es","@id":"https:\/\/www.iplay.com\/en\/#\/schema\/logo\/image\/","url":"https:\/\/www.iplay.com\/wp-content\/uploads\/2023\/11\/Group-6100.svg","contentUrl":"https:\/\/www.iplay.com\/wp-content\/uploads\/2023\/11\/Group-6100.svg","width":98,"height":25,"caption":"IPlay"},"image":{"@id":"https:\/\/www.iplay.com\/en\/#\/schema\/logo\/image\/"}}]}},"_links":{"self":[{"href":"https:\/\/www.iplay.com\/es\/wp-json\/wp\/v2\/product\/139201","targetHints":{"allow":["GET"]}}],"collection":[{"href":"https:\/\/www.iplay.com\/es\/wp-json\/wp\/v2\/product"}],"about":[{"href":"https:\/\/www.iplay.com\/es\/wp-json\/wp\/v2\/types\/product"}],"author":[{"embeddable":true,"href":"https:\/\/www.iplay.com\/es\/wp-json\/wp\/v2\/users\/318"}],"replies":[{"embeddable":true,"href":"https:\/\/www.iplay.com\/es\/wp-json\/wp\/v2\/comments?post=139201"}],"wp:featuredmedia":[{"embeddable":true,"href":"https:\/\/www.iplay.com\/es\/wp-json\/wp\/v2\/media\/82533"}],"wp:attachment":[{"href":"https:\/\/www.iplay.com\/es\/wp-json\/wp\/v2\/media?parent=139201"}],"wp:term":[{"taxonomy":"product_brand","embeddable":true,"href":"https:\/\/www.iplay.com\/es\/wp-json\/wp\/v2\/product_brand?post=139201"},{"taxonomy":"product_cat","embeddable":true,"href":"https:\/\/www.iplay.com\/es\/wp-json\/wp\/v2\/product_cat?post=139201"},{"taxonomy":"product_tag","embeddable":true,"href":"https:\/\/www.iplay.com\/es\/wp-json\/wp\/v2\/product_tag?post=139201"}],"curies":[{"name":"wp","href":"https:\/\/api.w.org\/{rel}","templated":true}]}}