{"id":139124,"date":"2025-06-30T07:30:53","date_gmt":"2025-06-30T07:30:53","guid":{"rendered":"https:\/\/www.iplay.com\/?post_type=product&p=139124"},"modified":"2025-06-30T07:30:53","modified_gmt":"2025-06-30T07:30:53","slug":"thumbelina","status":"publish","type":"product","link":"https:\/\/www.iplay.com\/es\/games\/thumbelina\/","title":{"rendered":"Thumbelina"},"content":{"rendered":"<p class=\"whitespace-normal break-words ai-optimize-28 ai-optimize-introduction\">Su hijo entra en el mundo m\u00e1gico del cuento cl\u00e1sico de Pulgarcita. Este juego interactivo da vida al cuento de H.C. Andersen para ni\u00f1os de 7 a 9 a\u00f1os. Su hijo aprende habilidades importantes mientras juega a trav\u00e9s de la aventura.  <\/p>\n<p class=\"whitespace-normal break-words ai-optimize-29\">El juego incluye acertijos, juegos de l\u00f3gica y desaf\u00edos de memoria en cada cap\u00edtulo. Un psic\u00f3logo infantil y un maestro hicieron estas actividades para ayudar a que el cerebro de su hijo crezca. Su hijo mejora en el pensamiento y la resoluci\u00f3n de problemas.  <\/p>\n<p class=\"whitespace-normal break-words ai-optimize-30\">Su hijo elige entre cuatro niveles de dificultad y se mueve a su propia velocidad. El juego mezcla una narraci\u00f3n divertida con un aprendizaje que realmente funciona. Su hijo se mantiene entretenido mientras desarrolla habilidades importantes.  <\/p>\n<p>&nbsp;<\/p>\n<p class=\"whitespace-normal break-words ai-optimize-31\"><strong>Funciones<\/strong><\/p>\n<ul class=\"[&amp;:not(:last-child)_ul]:pb-1 [&amp;:not(:last-child)_ol]:pb-1 list-disc space-y-1.5 pl-7\">\n<li class=\"whitespace-normal break-words ai-optimize-32\">Cuento interactivo de Pulgarcita con actividades de aprendizaje integradas<\/li>\n<li class=\"whitespace-normal break-words ai-optimize-33\">Juegos de l\u00f3gica, rompecabezas y desaf\u00edos de memoria que fortalecen el pensamiento<\/li>\n<li class=\"whitespace-normal break-words ai-optimize-34\">Actividades que encajan a la perfecci\u00f3n en la historia para que el aprendizaje sea divertido<\/li>\n<li class=\"whitespace-normal break-words ai-optimize-35\">Cuatro niveles de dificultad para que tu hijo progrese a su propio ritmo<\/li>\n<li class=\"whitespace-normal break-words ai-optimize-36\">Im\u00e1genes hermosas y brillantes que dan vida al mundo de Pulgarcita<\/li>\n<\/ul>\n<p>&nbsp;<\/p>\n<p class=\"whitespace-normal break-words ai-optimize-37\">Su hijo desarrolla habilidades de razonamiento y creatividad mientras disfruta de un cuento de hadas querido.<\/p>\n","protected":false},"excerpt":{"rendered":"<p class=\"ai-optimize-27\">Pulgarcita es un cuento de hadas atemporal que te encantar\u00e1 redescubrir.<\/p>\n","protected":false},"author":320,"featured_media":138981,"comment_status":"open","ping_status":"closed","template":"","meta":{"_acf_changed":false,"inline_featured_image":false},"product_brand":[],"product_cat":[192,199],"product_tag":[288],"class_list":{"0":"post-139124","1":"product","2":"type-product","3":"status-publish","4":"has-post-thumbnail","6":"product_cat-puzzle-es","7":"product_cat-removed-content-es","8":"product_tag-play-on-pc-es","10":"first","11":"instock","12":"shipping-taxable","13":"purchasable","14":"product-type-simple"},"acf":[],"yoast_head":"<!-- This site is optimized with the Yoast SEO Premium plugin v25.2 (Yoast SEO v25.2) - https:\/\/yoast.com\/wordpress\/plugins\/seo\/ -->\n<title>Pulgarcita: Vive el cl\u00e1sico cuento de hadas<\/title>\n<meta name=\"description\" content=\"Pulgarcita es un cuento de hadas atemporal que te encantar\u00e1 redescubrir.\" \/>\n<meta name=\"robots\" content=\"index, follow, max-snippet:-1, max-image-preview:large, max-video-preview:-1\" \/>\n<link rel=\"canonical\" href=\"https:\/\/www.iplay.com\/en\/games\/thumbelina\/\" \/>\n<meta property=\"og:locale\" content=\"es_ES\" \/>\n<meta property=\"og:type\" content=\"article\" \/>\n<meta property=\"og:title\" content=\"Thumbelina\" \/>\n<meta property=\"og:description\" content=\"Pulgarcita es un cuento de hadas atemporal que te encantar\u00e1 redescubrir.\" \/>\n<meta property=\"og:url\" content=\"https:\/\/www.iplay.com\/en\/games\/thumbelina\/\" \/>\n<meta property=\"og:site_name\" content=\"IPlay\" \/>\n<meta property=\"og:image\" content=\"https:\/\/www.iplay.com\/wp-content\/uploads\/2025\/06\/thumbelina_large_video_screenshot.webp\" \/>\n\t<meta property=\"og:image:width\" content=\"715\" \/>\n\t<meta property=\"og:image:height\" content=\"485\" \/>\n\t<meta property=\"og:image:type\" content=\"image\/webp\" \/>\n<meta name=\"twitter:card\" content=\"summary_large_image\" \/>\n<meta name=\"twitter:label1\" content=\"Est. reading time\" \/>\n\t<meta name=\"twitter:data1\" content=\"1 minuto\" \/>\n<script type=\"application\/ld+json\" class=\"yoast-schema-graph\">{\"@context\":\"https:\/\/schema.org\",\"@graph\":[{\"@type\":\"WebPage\",\"@id\":\"https:\/\/www.iplay.com\/en\/games\/thumbelina\/\",\"url\":\"https:\/\/www.iplay.com\/en\/games\/thumbelina\/\",\"name\":\"Pulgarcita: Vive el cl\u00e1sico cuento de hadas\",\"isPartOf\":{\"@id\":\"https:\/\/www.iplay.com\/en\/#website\"},\"primaryImageOfPage\":{\"@id\":\"https:\/\/www.iplay.com\/en\/games\/thumbelina\/#primaryimage\"},\"image\":{\"@id\":\"https:\/\/www.iplay.com\/en\/games\/thumbelina\/#primaryimage\"},\"thumbnailUrl\":\"https:\/\/www.iplay.com\/wp-content\/uploads\/2025\/06\/thumbelina_large_video_screenshot.webp\",\"datePublished\":\"2025-06-30T07:30:53+00:00\",\"description\":\"Pulgarcita es un cuento de hadas atemporal que te encantar\u00e1 redescubrir.\",\"breadcrumb\":{\"@id\":\"https:\/\/www.iplay.com\/en\/games\/thumbelina\/#breadcrumb\"},\"inLanguage\":\"es\",\"potentialAction\":[{\"@type\":\"ReadAction\",\"target\":[\"https:\/\/www.iplay.com\/en\/games\/thumbelina\/\"]}]},{\"@type\":\"ImageObject\",\"inLanguage\":\"es\",\"@id\":\"https:\/\/www.iplay.com\/en\/games\/thumbelina\/#primaryimage\",\"url\":\"https:\/\/www.iplay.com\/wp-content\/uploads\/2025\/06\/thumbelina_large_video_screenshot.webp\",\"contentUrl\":\"https:\/\/www.iplay.com\/wp-content\/uploads\/2025\/06\/thumbelina_large_video_screenshot.webp\",\"width\":715,\"height\":485},{\"@type\":\"BreadcrumbList\",\"@id\":\"https:\/\/www.iplay.com\/en\/games\/thumbelina\/#breadcrumb\",\"itemListElement\":[{\"@type\":\"ListItem\",\"position\":1,\"name\":\"Home\",\"item\":\"https:\/\/www.iplay.com\/es\/home-page-2\/\"},{\"@type\":\"ListItem\",\"position\":2,\"name\":\"Shop\",\"item\":\"https:\/\/www.iplay.com\/en\/shop\/\"},{\"@type\":\"ListItem\",\"position\":3,\"name\":\"Thumbelina\"}]},{\"@type\":\"WebSite\",\"@id\":\"https:\/\/www.iplay.com\/en\/#website\",\"url\":\"https:\/\/www.iplay.com\/en\/\",\"name\":\"IPlay\",\"description\":\"The Best Casual Games!\",\"publisher\":{\"@id\":\"https:\/\/www.iplay.com\/en\/#organization\"},\"potentialAction\":[{\"@type\":\"SearchAction\",\"target\":{\"@type\":\"EntryPoint\",\"urlTemplate\":\"https:\/\/www.iplay.com\/en\/?s={search_term_string}\"},\"query-input\":{\"@type\":\"PropertyValueSpecification\",\"valueRequired\":true,\"valueName\":\"search_term_string\"}}],\"inLanguage\":\"es\"},{\"@type\":\"Organization\",\"@id\":\"https:\/\/www.iplay.com\/en\/#organization\",\"name\":\"IPlay\",\"url\":\"https:\/\/www.iplay.com\/en\/\",\"logo\":{\"@type\":\"ImageObject\",\"inLanguage\":\"es\",\"@id\":\"https:\/\/www.iplay.com\/en\/#\/schema\/logo\/image\/\",\"url\":\"https:\/\/www.iplay.com\/wp-content\/uploads\/2023\/11\/Group-6100.svg\",\"contentUrl\":\"https:\/\/www.iplay.com\/wp-content\/uploads\/2023\/11\/Group-6100.svg\",\"width\":98,\"height\":25,\"caption\":\"IPlay\"},\"image\":{\"@id\":\"https:\/\/www.iplay.com\/en\/#\/schema\/logo\/image\/\"}}]}<\/script>\n<!-- \/ Yoast SEO Premium plugin. -->","yoast_head_json":{"title":"Pulgarcita: Vive el cl\u00e1sico cuento de hadas","description":"Pulgarcita es un cuento de hadas atemporal que te encantar\u00e1 redescubrir.","robots":{"index":"index","follow":"follow","max-snippet":"max-snippet:-1","max-image-preview":"max-image-preview:large","max-video-preview":"max-video-preview:-1"},"canonical":"https:\/\/www.iplay.com\/en\/games\/thumbelina\/","og_locale":"es_ES","og_type":"article","og_title":"Thumbelina","og_description":"Pulgarcita es un cuento de hadas atemporal que te encantar\u00e1 redescubrir.","og_url":"https:\/\/www.iplay.com\/en\/games\/thumbelina\/","og_site_name":"IPlay","og_image":[{"width":715,"height":485,"url":"https:\/\/www.iplay.com\/wp-content\/uploads\/2025\/06\/thumbelina_large_video_screenshot.webp","type":"image\/webp"}],"twitter_card":"summary_large_image","twitter_misc":{"Est. reading time":"1 minuto"},"schema":{"@context":"https:\/\/schema.org","@graph":[{"@type":"WebPage","@id":"https:\/\/www.iplay.com\/en\/games\/thumbelina\/","url":"https:\/\/www.iplay.com\/en\/games\/thumbelina\/","name":"Pulgarcita: Vive el cl\u00e1sico cuento de hadas","isPartOf":{"@id":"https:\/\/www.iplay.com\/en\/#website"},"primaryImageOfPage":{"@id":"https:\/\/www.iplay.com\/en\/games\/thumbelina\/#primaryimage"},"image":{"@id":"https:\/\/www.iplay.com\/en\/games\/thumbelina\/#primaryimage"},"thumbnailUrl":"https:\/\/www.iplay.com\/wp-content\/uploads\/2025\/06\/thumbelina_large_video_screenshot.webp","datePublished":"2025-06-30T07:30:53+00:00","description":"Pulgarcita es un cuento de hadas atemporal que te encantar\u00e1 redescubrir.","breadcrumb":{"@id":"https:\/\/www.iplay.com\/en\/games\/thumbelina\/#breadcrumb"},"inLanguage":"es","potentialAction":[{"@type":"ReadAction","target":["https:\/\/www.iplay.com\/en\/games\/thumbelina\/"]}]},{"@type":"ImageObject","inLanguage":"es","@id":"https:\/\/www.iplay.com\/en\/games\/thumbelina\/#primaryimage","url":"https:\/\/www.iplay.com\/wp-content\/uploads\/2025\/06\/thumbelina_large_video_screenshot.webp","contentUrl":"https:\/\/www.iplay.com\/wp-content\/uploads\/2025\/06\/thumbelina_large_video_screenshot.webp","width":715,"height":485},{"@type":"BreadcrumbList","@id":"https:\/\/www.iplay.com\/en\/games\/thumbelina\/#breadcrumb","itemListElement":[{"@type":"ListItem","position":1,"name":"Home","item":"https:\/\/www.iplay.com\/es\/home-page-2\/"},{"@type":"ListItem","position":2,"name":"Shop","item":"https:\/\/www.iplay.com\/en\/shop\/"},{"@type":"ListItem","position":3,"name":"Thumbelina"}]},{"@type":"WebSite","@id":"https:\/\/www.iplay.com\/en\/#website","url":"https:\/\/www.iplay.com\/en\/","name":"IPlay","description":"The Best Casual Games!","publisher":{"@id":"https:\/\/www.iplay.com\/en\/#organization"},"potentialAction":[{"@type":"SearchAction","target":{"@type":"EntryPoint","urlTemplate":"https:\/\/www.iplay.com\/en\/?s={search_term_string}"},"query-input":{"@type":"PropertyValueSpecification","valueRequired":true,"valueName":"search_term_string"}}],"inLanguage":"es"},{"@type":"Organization","@id":"https:\/\/www.iplay.com\/en\/#organization","name":"IPlay","url":"https:\/\/www.iplay.com\/en\/","logo":{"@type":"ImageObject","inLanguage":"es","@id":"https:\/\/www.iplay.com\/en\/#\/schema\/logo\/image\/","url":"https:\/\/www.iplay.com\/wp-content\/uploads\/2023\/11\/Group-6100.svg","contentUrl":"https:\/\/www.iplay.com\/wp-content\/uploads\/2023\/11\/Group-6100.svg","width":98,"height":25,"caption":"IPlay"},"image":{"@id":"https:\/\/www.iplay.com\/en\/#\/schema\/logo\/image\/"}}]}},"_links":{"self":[{"href":"https:\/\/www.iplay.com\/es\/wp-json\/wp\/v2\/product\/139124","targetHints":{"allow":["GET"]}}],"collection":[{"href":"https:\/\/www.iplay.com\/es\/wp-json\/wp\/v2\/product"}],"about":[{"href":"https:\/\/www.iplay.com\/es\/wp-json\/wp\/v2\/types\/product"}],"author":[{"embeddable":true,"href":"https:\/\/www.iplay.com\/es\/wp-json\/wp\/v2\/users\/320"}],"replies":[{"embeddable":true,"href":"https:\/\/www.iplay.com\/es\/wp-json\/wp\/v2\/comments?post=139124"}],"wp:featuredmedia":[{"embeddable":true,"href":"https:\/\/www.iplay.com\/es\/wp-json\/wp\/v2\/media\/138981"}],"wp:attachment":[{"href":"https:\/\/www.iplay.com\/es\/wp-json\/wp\/v2\/media?parent=139124"}],"wp:term":[{"taxonomy":"product_brand","embeddable":true,"href":"https:\/\/www.iplay.com\/es\/wp-json\/wp\/v2\/product_brand?post=139124"},{"taxonomy":"product_cat","embeddable":true,"href":"https:\/\/www.iplay.com\/es\/wp-json\/wp\/v2\/product_cat?post=139124"},{"taxonomy":"product_tag","embeddable":true,"href":"https:\/\/www.iplay.com\/es\/wp-json\/wp\/v2\/product_tag?post=139124"}],"curies":[{"name":"wp","href":"https:\/\/api.w.org\/{rel}","templated":true}]}}