{"id":139113,"date":"2025-07-02T07:30:26","date_gmt":"2025-07-02T07:30:26","guid":{"rendered":"https:\/\/www.iplay.com\/?post_type=product&p=139113"},"modified":"2025-06-26T12:33:47","modified_gmt":"2025-06-26T12:33:47","slug":"argonauts-agency-9-god-of-the-storms-collectors-edition","status":"publish","type":"product","link":"https:\/\/www.iplay.com\/es\/games\/argonauts-agency-9-god-of-the-storms-collectors-edition\/","title":{"rendered":"Argonauts Agency 9: God of the Storms &#8211; Collector&#8217;s Edition"},"content":{"rendered":"<p class=\"whitespace-normal break-words ai-optimize-30 ai-optimize-introduction\">Te adentras en la Antigua Grecia, donde los mitos y el peligro se encuentran en una aventura \u00e9pica. Tres h\u00e9roes famosos, Pelias, Jas\u00f3n y Medea, se ven atrapados en la ira de los dioses. Un festival para Poseid\u00f3n sale terriblemente mal y comienza el caos.  <\/p>\n<p class=\"whitespace-normal break-words ai-optimize-31\">Los gu\u00edas a trav\u00e9s de peligrosas islas llenas de maldiciones y monstruos. Resuelves misterios y superas desaf\u00edos piadosos para restaurar el equilibrio. Solo los jugadores inteligentes y valientes sobrevivir\u00e1n a lo que los dioses les arrojen.  <\/p>\n<p class=\"whitespace-normal break-words ai-optimize-32\">Exploras lugares incre\u00edbles a los que Poseid\u00f3n dio forma con su gran poder. Ves c\u00f3mo se desarrolla la historia a trav\u00e9s del brillante arte de los c\u00f3mics. Resuelves acertijos, luchas contra enemigos legendarios y cambias el destino de los h\u00e9roes.  <\/p>\n<p>&nbsp;<\/p>\n<p class=\"ai-optimize-39\"><strong>Funciones<\/strong><\/p>\n<ul class=\"[&amp;:not(:last-child)_ul]:pb-1 [&amp;:not(:last-child)_ol]:pb-1 list-disc space-y-1.5 pl-7\">\n<li class=\"whitespace-normal break-words ai-optimize-33\">Lidera a tres h\u00e9roes legendarios a trav\u00e9s de un peligroso viaje de dioses y mitos<\/li>\n<li class=\"whitespace-normal break-words ai-optimize-34\">Experimenta giros de la historia que cambian el destino de h\u00e9roes y dioses<\/li>\n<li class=\"whitespace-normal break-words ai-optimize-35\">Disfruta de un brillante arte de c\u00f3mic que da vida a los mitos y la aventura<\/li>\n<li class=\"whitespace-normal break-words ai-optimize-36\">Explora incre\u00edbles islas moldeadas por el gran poder de Poseid\u00f3n<\/li>\n<li class=\"whitespace-normal break-words ai-optimize-37\">Resuelve emocionantes acertijos y enfr\u00e9ntate a diferentes desaf\u00edos en m\u00faltiples niveles<\/li>\n<\/ul>\n<p>&nbsp;<\/p>\n<p class=\"whitespace-normal break-words ai-optimize-38\">T\u00fa decides si los h\u00e9roes sobreviven a las pruebas de los dioses y restauran la paz.<\/p>\n","protected":false},"excerpt":{"rendered":"<p>\u00a1Descubre los secretos del reino de Poseid\u00f3n mientras gu\u00edas a h\u00e9roes legendarios a trav\u00e9s de islas malditas por el mar!<\/p>\n","protected":false},"author":13,"featured_media":139002,"comment_status":"open","ping_status":"closed","template":"","meta":{"_acf_changed":false,"inline_featured_image":false},"product_brand":[],"product_cat":[212],"product_tag":[],"class_list":{"0":"post-139113","1":"product","2":"type-product","3":"status-publish","4":"has-post-thumbnail","6":"product_cat-time-management-es","8":"first","9":"instock","10":"shipping-taxable","11":"purchasable","12":"product-type-simple"},"acf":[],"yoast_head":"<!-- This site is optimized with the Yoast SEO Premium plugin v25.2 (Yoast SEO v25.2) - https:\/\/yoast.com\/wordpress\/plugins\/seo\/ -->\n<title>God of Storms: Gu\u00eda a los h\u00e9roes a trav\u00e9s de los misterios<\/title>\n<meta name=\"description\" content=\"\u00a1Descubre los secretos del reino de Poseid\u00f3n mientras gu\u00edas a h\u00e9roes legendarios a trav\u00e9s de islas malditas por el mar!\" \/>\n<meta name=\"robots\" content=\"index, follow, max-snippet:-1, max-image-preview:large, max-video-preview:-1\" \/>\n<link rel=\"canonical\" href=\"https:\/\/www.iplay.com\/en\/games\/argonauts-agency-9-god-of-the-storms-collectors-edition\/\" \/>\n<meta property=\"og:locale\" content=\"es_ES\" \/>\n<meta property=\"og:type\" content=\"article\" \/>\n<meta property=\"og:title\" content=\"Argonauts Agency 9: God of the Storms - Collector&#039;s Edition\" \/>\n<meta property=\"og:description\" content=\"\u00a1Descubre los secretos del reino de Poseid\u00f3n mientras gu\u00edas a h\u00e9roes legendarios a trav\u00e9s de islas malditas por el mar!\" \/>\n<meta property=\"og:url\" content=\"https:\/\/www.iplay.com\/en\/games\/argonauts-agency-9-god-of-the-storms-collectors-edition\/\" \/>\n<meta property=\"og:site_name\" content=\"IPlay\" \/>\n<meta property=\"og:image\" content=\"https:\/\/www.iplay.com\/wp-content\/uploads\/2025\/06\/argonauts_agency_9_god_of_the_storms_ce_large_video_screenshot.webp\" \/>\n\t<meta property=\"og:image:width\" content=\"715\" \/>\n\t<meta property=\"og:image:height\" content=\"485\" \/>\n\t<meta property=\"og:image:type\" content=\"image\/webp\" \/>\n<meta name=\"twitter:card\" content=\"summary_large_image\" \/>\n<meta name=\"twitter:label1\" content=\"Est. reading time\" \/>\n\t<meta name=\"twitter:data1\" content=\"1 minuto\" \/>\n<script type=\"application\/ld+json\" class=\"yoast-schema-graph\">{\"@context\":\"https:\/\/schema.org\",\"@graph\":[{\"@type\":\"WebPage\",\"@id\":\"https:\/\/www.iplay.com\/en\/games\/argonauts-agency-9-god-of-the-storms-collectors-edition\/\",\"url\":\"https:\/\/www.iplay.com\/en\/games\/argonauts-agency-9-god-of-the-storms-collectors-edition\/\",\"name\":\"God of Storms: Gu\u00eda a los h\u00e9roes a trav\u00e9s de los misterios\",\"isPartOf\":{\"@id\":\"https:\/\/www.iplay.com\/en\/#website\"},\"primaryImageOfPage\":{\"@id\":\"https:\/\/www.iplay.com\/en\/games\/argonauts-agency-9-god-of-the-storms-collectors-edition\/#primaryimage\"},\"image\":{\"@id\":\"https:\/\/www.iplay.com\/en\/games\/argonauts-agency-9-god-of-the-storms-collectors-edition\/#primaryimage\"},\"thumbnailUrl\":\"https:\/\/www.iplay.com\/wp-content\/uploads\/2025\/06\/argonauts_agency_9_god_of_the_storms_ce_large_video_screenshot.webp\",\"datePublished\":\"2025-07-02T07:30:26+00:00\",\"description\":\"\u00a1Descubre los secretos del reino de Poseid\u00f3n mientras gu\u00edas a h\u00e9roes legendarios a trav\u00e9s de islas malditas por el mar!\",\"breadcrumb\":{\"@id\":\"https:\/\/www.iplay.com\/en\/games\/argonauts-agency-9-god-of-the-storms-collectors-edition\/#breadcrumb\"},\"inLanguage\":\"es\",\"potentialAction\":[{\"@type\":\"ReadAction\",\"target\":[\"https:\/\/www.iplay.com\/en\/games\/argonauts-agency-9-god-of-the-storms-collectors-edition\/\"]}]},{\"@type\":\"ImageObject\",\"inLanguage\":\"es\",\"@id\":\"https:\/\/www.iplay.com\/en\/games\/argonauts-agency-9-god-of-the-storms-collectors-edition\/#primaryimage\",\"url\":\"https:\/\/www.iplay.com\/wp-content\/uploads\/2025\/06\/argonauts_agency_9_god_of_the_storms_ce_large_video_screenshot.webp\",\"contentUrl\":\"https:\/\/www.iplay.com\/wp-content\/uploads\/2025\/06\/argonauts_agency_9_god_of_the_storms_ce_large_video_screenshot.webp\",\"width\":715,\"height\":485},{\"@type\":\"BreadcrumbList\",\"@id\":\"https:\/\/www.iplay.com\/en\/games\/argonauts-agency-9-god-of-the-storms-collectors-edition\/#breadcrumb\",\"itemListElement\":[{\"@type\":\"ListItem\",\"position\":1,\"name\":\"Home\",\"item\":\"https:\/\/www.iplay.com\/es\/home-page-2\/\"},{\"@type\":\"ListItem\",\"position\":2,\"name\":\"Shop\",\"item\":\"https:\/\/www.iplay.com\/en\/shop\/\"},{\"@type\":\"ListItem\",\"position\":3,\"name\":\"Argonauts Agency 9: God of the Storms &#8211; Collector&#8217;s Edition\"}]},{\"@type\":\"WebSite\",\"@id\":\"https:\/\/www.iplay.com\/en\/#website\",\"url\":\"https:\/\/www.iplay.com\/en\/\",\"name\":\"IPlay\",\"description\":\"The Best Casual Games!\",\"publisher\":{\"@id\":\"https:\/\/www.iplay.com\/en\/#organization\"},\"potentialAction\":[{\"@type\":\"SearchAction\",\"target\":{\"@type\":\"EntryPoint\",\"urlTemplate\":\"https:\/\/www.iplay.com\/en\/?s={search_term_string}\"},\"query-input\":{\"@type\":\"PropertyValueSpecification\",\"valueRequired\":true,\"valueName\":\"search_term_string\"}}],\"inLanguage\":\"es\"},{\"@type\":\"Organization\",\"@id\":\"https:\/\/www.iplay.com\/en\/#organization\",\"name\":\"IPlay\",\"url\":\"https:\/\/www.iplay.com\/en\/\",\"logo\":{\"@type\":\"ImageObject\",\"inLanguage\":\"es\",\"@id\":\"https:\/\/www.iplay.com\/en\/#\/schema\/logo\/image\/\",\"url\":\"https:\/\/www.iplay.com\/wp-content\/uploads\/2023\/11\/Group-6100.svg\",\"contentUrl\":\"https:\/\/www.iplay.com\/wp-content\/uploads\/2023\/11\/Group-6100.svg\",\"width\":98,\"height\":25,\"caption\":\"IPlay\"},\"image\":{\"@id\":\"https:\/\/www.iplay.com\/en\/#\/schema\/logo\/image\/\"}}]}<\/script>\n<!-- \/ Yoast SEO Premium plugin. -->","yoast_head_json":{"title":"God of Storms: Gu\u00eda a los h\u00e9roes a trav\u00e9s de los misterios","description":"\u00a1Descubre los secretos del reino de Poseid\u00f3n mientras gu\u00edas a h\u00e9roes legendarios a trav\u00e9s de islas malditas por el mar!","robots":{"index":"index","follow":"follow","max-snippet":"max-snippet:-1","max-image-preview":"max-image-preview:large","max-video-preview":"max-video-preview:-1"},"canonical":"https:\/\/www.iplay.com\/en\/games\/argonauts-agency-9-god-of-the-storms-collectors-edition\/","og_locale":"es_ES","og_type":"article","og_title":"Argonauts Agency 9: God of the Storms - Collector's Edition","og_description":"\u00a1Descubre los secretos del reino de Poseid\u00f3n mientras gu\u00edas a h\u00e9roes legendarios a trav\u00e9s de islas malditas por el mar!","og_url":"https:\/\/www.iplay.com\/en\/games\/argonauts-agency-9-god-of-the-storms-collectors-edition\/","og_site_name":"IPlay","og_image":[{"width":715,"height":485,"url":"https:\/\/www.iplay.com\/wp-content\/uploads\/2025\/06\/argonauts_agency_9_god_of_the_storms_ce_large_video_screenshot.webp","type":"image\/webp"}],"twitter_card":"summary_large_image","twitter_misc":{"Est. reading time":"1 minuto"},"schema":{"@context":"https:\/\/schema.org","@graph":[{"@type":"WebPage","@id":"https:\/\/www.iplay.com\/en\/games\/argonauts-agency-9-god-of-the-storms-collectors-edition\/","url":"https:\/\/www.iplay.com\/en\/games\/argonauts-agency-9-god-of-the-storms-collectors-edition\/","name":"God of Storms: Gu\u00eda a los h\u00e9roes a trav\u00e9s de los misterios","isPartOf":{"@id":"https:\/\/www.iplay.com\/en\/#website"},"primaryImageOfPage":{"@id":"https:\/\/www.iplay.com\/en\/games\/argonauts-agency-9-god-of-the-storms-collectors-edition\/#primaryimage"},"image":{"@id":"https:\/\/www.iplay.com\/en\/games\/argonauts-agency-9-god-of-the-storms-collectors-edition\/#primaryimage"},"thumbnailUrl":"https:\/\/www.iplay.com\/wp-content\/uploads\/2025\/06\/argonauts_agency_9_god_of_the_storms_ce_large_video_screenshot.webp","datePublished":"2025-07-02T07:30:26+00:00","description":"\u00a1Descubre los secretos del reino de Poseid\u00f3n mientras gu\u00edas a h\u00e9roes legendarios a trav\u00e9s de islas malditas por el mar!","breadcrumb":{"@id":"https:\/\/www.iplay.com\/en\/games\/argonauts-agency-9-god-of-the-storms-collectors-edition\/#breadcrumb"},"inLanguage":"es","potentialAction":[{"@type":"ReadAction","target":["https:\/\/www.iplay.com\/en\/games\/argonauts-agency-9-god-of-the-storms-collectors-edition\/"]}]},{"@type":"ImageObject","inLanguage":"es","@id":"https:\/\/www.iplay.com\/en\/games\/argonauts-agency-9-god-of-the-storms-collectors-edition\/#primaryimage","url":"https:\/\/www.iplay.com\/wp-content\/uploads\/2025\/06\/argonauts_agency_9_god_of_the_storms_ce_large_video_screenshot.webp","contentUrl":"https:\/\/www.iplay.com\/wp-content\/uploads\/2025\/06\/argonauts_agency_9_god_of_the_storms_ce_large_video_screenshot.webp","width":715,"height":485},{"@type":"BreadcrumbList","@id":"https:\/\/www.iplay.com\/en\/games\/argonauts-agency-9-god-of-the-storms-collectors-edition\/#breadcrumb","itemListElement":[{"@type":"ListItem","position":1,"name":"Home","item":"https:\/\/www.iplay.com\/es\/home-page-2\/"},{"@type":"ListItem","position":2,"name":"Shop","item":"https:\/\/www.iplay.com\/en\/shop\/"},{"@type":"ListItem","position":3,"name":"Argonauts Agency 9: God of the Storms &#8211; Collector&#8217;s Edition"}]},{"@type":"WebSite","@id":"https:\/\/www.iplay.com\/en\/#website","url":"https:\/\/www.iplay.com\/en\/","name":"IPlay","description":"The Best Casual Games!","publisher":{"@id":"https:\/\/www.iplay.com\/en\/#organization"},"potentialAction":[{"@type":"SearchAction","target":{"@type":"EntryPoint","urlTemplate":"https:\/\/www.iplay.com\/en\/?s={search_term_string}"},"query-input":{"@type":"PropertyValueSpecification","valueRequired":true,"valueName":"search_term_string"}}],"inLanguage":"es"},{"@type":"Organization","@id":"https:\/\/www.iplay.com\/en\/#organization","name":"IPlay","url":"https:\/\/www.iplay.com\/en\/","logo":{"@type":"ImageObject","inLanguage":"es","@id":"https:\/\/www.iplay.com\/en\/#\/schema\/logo\/image\/","url":"https:\/\/www.iplay.com\/wp-content\/uploads\/2023\/11\/Group-6100.svg","contentUrl":"https:\/\/www.iplay.com\/wp-content\/uploads\/2023\/11\/Group-6100.svg","width":98,"height":25,"caption":"IPlay"},"image":{"@id":"https:\/\/www.iplay.com\/en\/#\/schema\/logo\/image\/"}}]}},"_links":{"self":[{"href":"https:\/\/www.iplay.com\/es\/wp-json\/wp\/v2\/product\/139113","targetHints":{"allow":["GET"]}}],"collection":[{"href":"https:\/\/www.iplay.com\/es\/wp-json\/wp\/v2\/product"}],"about":[{"href":"https:\/\/www.iplay.com\/es\/wp-json\/wp\/v2\/types\/product"}],"author":[{"embeddable":true,"href":"https:\/\/www.iplay.com\/es\/wp-json\/wp\/v2\/users\/13"}],"replies":[{"embeddable":true,"href":"https:\/\/www.iplay.com\/es\/wp-json\/wp\/v2\/comments?post=139113"}],"wp:featuredmedia":[{"embeddable":true,"href":"https:\/\/www.iplay.com\/es\/wp-json\/wp\/v2\/media\/139002"}],"wp:attachment":[{"href":"https:\/\/www.iplay.com\/es\/wp-json\/wp\/v2\/media?parent=139113"}],"wp:term":[{"taxonomy":"product_brand","embeddable":true,"href":"https:\/\/www.iplay.com\/es\/wp-json\/wp\/v2\/product_brand?post=139113"},{"taxonomy":"product_cat","embeddable":true,"href":"https:\/\/www.iplay.com\/es\/wp-json\/wp\/v2\/product_cat?post=139113"},{"taxonomy":"product_tag","embeddable":true,"href":"https:\/\/www.iplay.com\/es\/wp-json\/wp\/v2\/product_tag?post=139113"}],"curies":[{"name":"wp","href":"https:\/\/api.w.org\/{rel}","templated":true}]}}