{"id":138616,"date":"2020-06-22T00:00:00","date_gmt":"2020-06-22T00:00:00","guid":{"rendered":"https:\/\/www.iplay.com\/games\/the-forgotten-land\/"},"modified":"2020-06-22T00:00:00","modified_gmt":"2020-06-22T00:00:00","slug":"the-forgotten-land","status":"publish","type":"product","link":"https:\/\/www.iplay.com\/es\/games\/the-forgotten-land\/","title":{"rendered":"The Forgotten Land"},"content":{"rendered":"<p>Enfr\u00e9ntate a desafiantes rompecabezas de Match 3 en The Forgotten Land para un viaje amenazante que ofrece una nueva visi\u00f3n del g\u00e9nero de rompecabezas. Navega por cuatro individuos distintos a trav\u00e9s de los siniestros bosques de un mundo donde la oscuridad y la ruina han reinado durante siglos. Y las personas que viven all\u00ed son tan malvadas como el mundo al que llaman hogar. Tus h\u00e9roes deben combatir y derrotar a criaturas hostiles en batallas de Match 3 por turnos. Cada pelea perfeccionar\u00e1 y fortalecer\u00e1 a tu equipo. Utiliza las habilidades distintivas de tus h\u00e9roes y abastece tu inventario con equipos y armas \u00fatiles. Deja que tu grupo se abra camino a trav\u00e9s de la Tierra Olvidada desatando tus poderes. Haz un campamento temporal y ve a explorar la regi\u00f3n oscura. Instale balizas contra incendios y elimine varios peligros. Encuentra runas perdidas y piedras m\u00e1gicas, as\u00ed como extra\u00f1os secretos. Demuestra tus habilidades y t\u00e1cticas en una mezcla de g\u00e9nero de rompecabezas que nunca antes se hab\u00eda visto. \u00bfEst\u00e1s preparado para correr el riesgo de pasar todo tu tiempo en la oscuridad?           <\/p>\n<p>&nbsp;<\/p>\n<p>&nbsp;<\/p>\n<p><strong>Funciones:<\/strong><\/p>\n<p>&nbsp;<\/p>\n<p>&#8211; Battle Match 3: \u00a1Derrota a oponentes despiadados en intrincados combates por turnos!<br \/>\n&#8211; Puzzle Match 3: \u00a1Usa la astucia para colocar balizas de fuego, deshacerte de los obst\u00e1culos y expulsar a tus adversarios!<br \/>\n&#8211; Mejora tus habilidades: \u00a1Aumenta las habilidades espec\u00edficas de tu equipo y aumenta tus posibilidades de victoria! Abast\u00e9cete de armas y herramientas que funcionen: \u00a1Abast\u00e9cete de armas y herramientas que funcionen!<br \/>\n&#8211; Habilidad y estrategia: \u00a1Demuestra tus habilidades y piensa como un maestro estratega! Mejora tu escuadr\u00f3n con cuidado y luego usa sus habilidades \u00fanicas para derrotar a oponentes formidables.<br \/>\n&#8211; Repara el viejo almac\u00e9n: \u00a1Construye el almac\u00e9n abandonado de una sociedad extinta para obtener valiosas recompensas! Descubre misterios y peligros ocultos: \u00a1Lucha, explora y resuelve! \u00a1Descubre el secreto detr\u00e1s del malvado encantamiento que envuelve la tierra!<br \/>\n&#8211; Tableros extendidos: \u00a1Administra tu rendimiento incluso con tableros que abarcan varias pantallas!<\/p>\n","protected":false},"excerpt":{"rendered":"<p>\u00a1Descubre los siniestros secretos de la legendaria Tierra Olvidada!<\/p>\n","protected":false},"author":30,"featured_media":82869,"comment_status":"open","ping_status":"closed","template":"","meta":{"_acf_changed":false,"inline_featured_image":false},"product_brand":[],"product_cat":[192],"product_tag":[],"class_list":{"0":"post-138616","1":"product","2":"type-product","3":"status-publish","4":"has-post-thumbnail","6":"product_cat-puzzle-es","8":"first","9":"instock","10":"shipping-taxable","11":"purchasable","12":"product-type-simple"},"acf":[],"yoast_head":"<!-- This site is optimized with the Yoast SEO Premium plugin v25.2 (Yoast SEO v25.2) - https:\/\/yoast.com\/wordpress\/plugins\/seo\/ -->\n<title>The Forgotten Land - Resuelve el oscuro misterio de la legendaria Forgotten Land<\/title>\n<meta name=\"description\" content=\"\u00a1Descubre los siniestros secretos de la legendaria Tierra Olvidada!\" \/>\n<meta name=\"robots\" content=\"index, follow, max-snippet:-1, max-image-preview:large, max-video-preview:-1\" \/>\n<link rel=\"canonical\" href=\"https:\/\/www.iplay.com\/es\/games\/the-forgotten-land\/\" \/>\n<meta property=\"og:locale\" content=\"es_ES\" \/>\n<meta property=\"og:type\" content=\"article\" \/>\n<meta property=\"og:title\" content=\"The Forgotten Land\" \/>\n<meta property=\"og:description\" content=\"\u00a1Descubre los siniestros secretos de la legendaria Tierra Olvidada!\" \/>\n<meta property=\"og:url\" content=\"https:\/\/www.iplay.com\/es\/games\/the-forgotten-land\/\" \/>\n<meta property=\"og:site_name\" content=\"IPlay\" \/>\n<meta property=\"og:image\" content=\"https:\/\/www.iplay.com\/wp-content\/uploads\/2023\/12\/large_square_tile_image-2686.jpg\" \/>\n\t<meta property=\"og:image:width\" content=\"310\" \/>\n\t<meta property=\"og:image:height\" content=\"310\" \/>\n\t<meta property=\"og:image:type\" content=\"image\/jpeg\" \/>\n<meta name=\"twitter:card\" content=\"summary_large_image\" \/>\n<meta name=\"twitter:label1\" content=\"Est. reading time\" \/>\n\t<meta name=\"twitter:data1\" content=\"2 minutos\" \/>\n<script type=\"application\/ld+json\" class=\"yoast-schema-graph\">{\"@context\":\"https:\/\/schema.org\",\"@graph\":[{\"@type\":\"WebPage\",\"@id\":\"https:\/\/www.iplay.com\/es\/games\/the-forgotten-land\/\",\"url\":\"https:\/\/www.iplay.com\/es\/games\/the-forgotten-land\/\",\"name\":\"The Forgotten Land - Resuelve el oscuro misterio de la legendaria Forgotten Land\",\"isPartOf\":{\"@id\":\"https:\/\/www.iplay.com\/en\/#website\"},\"primaryImageOfPage\":{\"@id\":\"https:\/\/www.iplay.com\/es\/games\/the-forgotten-land\/#primaryimage\"},\"image\":{\"@id\":\"https:\/\/www.iplay.com\/es\/games\/the-forgotten-land\/#primaryimage\"},\"thumbnailUrl\":\"https:\/\/www.iplay.com\/wp-content\/uploads\/2023\/12\/large_square_tile_image-2686.jpg\",\"datePublished\":\"2020-06-22T00:00:00+00:00\",\"description\":\"\u00a1Descubre los siniestros secretos de la legendaria Tierra Olvidada!\",\"breadcrumb\":{\"@id\":\"https:\/\/www.iplay.com\/es\/games\/the-forgotten-land\/#breadcrumb\"},\"inLanguage\":\"es\",\"potentialAction\":[{\"@type\":\"ReadAction\",\"target\":[\"https:\/\/www.iplay.com\/es\/games\/the-forgotten-land\/\"]}]},{\"@type\":\"ImageObject\",\"inLanguage\":\"es\",\"@id\":\"https:\/\/www.iplay.com\/es\/games\/the-forgotten-land\/#primaryimage\",\"url\":\"https:\/\/www.iplay.com\/wp-content\/uploads\/2023\/12\/large_square_tile_image-2686.jpg\",\"contentUrl\":\"https:\/\/www.iplay.com\/wp-content\/uploads\/2023\/12\/large_square_tile_image-2686.jpg\",\"width\":310,\"height\":310},{\"@type\":\"BreadcrumbList\",\"@id\":\"https:\/\/www.iplay.com\/es\/games\/the-forgotten-land\/#breadcrumb\",\"itemListElement\":[{\"@type\":\"ListItem\",\"position\":1,\"name\":\"Home\",\"item\":\"https:\/\/www.iplay.com\/es\/home-page-2\/\"},{\"@type\":\"ListItem\",\"position\":2,\"name\":\"Shop\",\"item\":\"https:\/\/www.iplay.com\/en\/shop\/\"},{\"@type\":\"ListItem\",\"position\":3,\"name\":\"The Forgotten Land\"}]},{\"@type\":\"WebSite\",\"@id\":\"https:\/\/www.iplay.com\/en\/#website\",\"url\":\"https:\/\/www.iplay.com\/en\/\",\"name\":\"IPlay\",\"description\":\"The Best Casual Games!\",\"publisher\":{\"@id\":\"https:\/\/www.iplay.com\/en\/#organization\"},\"potentialAction\":[{\"@type\":\"SearchAction\",\"target\":{\"@type\":\"EntryPoint\",\"urlTemplate\":\"https:\/\/www.iplay.com\/en\/?s={search_term_string}\"},\"query-input\":{\"@type\":\"PropertyValueSpecification\",\"valueRequired\":true,\"valueName\":\"search_term_string\"}}],\"inLanguage\":\"es\"},{\"@type\":\"Organization\",\"@id\":\"https:\/\/www.iplay.com\/en\/#organization\",\"name\":\"IPlay\",\"url\":\"https:\/\/www.iplay.com\/en\/\",\"logo\":{\"@type\":\"ImageObject\",\"inLanguage\":\"es\",\"@id\":\"https:\/\/www.iplay.com\/en\/#\/schema\/logo\/image\/\",\"url\":\"https:\/\/www.iplay.com\/wp-content\/uploads\/2023\/11\/Group-6100.svg\",\"contentUrl\":\"https:\/\/www.iplay.com\/wp-content\/uploads\/2023\/11\/Group-6100.svg\",\"width\":98,\"height\":25,\"caption\":\"IPlay\"},\"image\":{\"@id\":\"https:\/\/www.iplay.com\/en\/#\/schema\/logo\/image\/\"}}]}<\/script>\n<!-- \/ Yoast SEO Premium plugin. -->","yoast_head_json":{"title":"The Forgotten Land - Resuelve el oscuro misterio de la legendaria Forgotten Land","description":"\u00a1Descubre los siniestros secretos de la legendaria Tierra Olvidada!","robots":{"index":"index","follow":"follow","max-snippet":"max-snippet:-1","max-image-preview":"max-image-preview:large","max-video-preview":"max-video-preview:-1"},"canonical":"https:\/\/www.iplay.com\/es\/games\/the-forgotten-land\/","og_locale":"es_ES","og_type":"article","og_title":"The Forgotten Land","og_description":"\u00a1Descubre los siniestros secretos de la legendaria Tierra Olvidada!","og_url":"https:\/\/www.iplay.com\/es\/games\/the-forgotten-land\/","og_site_name":"IPlay","og_image":[{"width":310,"height":310,"url":"https:\/\/www.iplay.com\/wp-content\/uploads\/2023\/12\/large_square_tile_image-2686.jpg","type":"image\/jpeg"}],"twitter_card":"summary_large_image","twitter_misc":{"Est. reading time":"2 minutos"},"schema":{"@context":"https:\/\/schema.org","@graph":[{"@type":"WebPage","@id":"https:\/\/www.iplay.com\/es\/games\/the-forgotten-land\/","url":"https:\/\/www.iplay.com\/es\/games\/the-forgotten-land\/","name":"The Forgotten Land - Resuelve el oscuro misterio de la legendaria Forgotten Land","isPartOf":{"@id":"https:\/\/www.iplay.com\/en\/#website"},"primaryImageOfPage":{"@id":"https:\/\/www.iplay.com\/es\/games\/the-forgotten-land\/#primaryimage"},"image":{"@id":"https:\/\/www.iplay.com\/es\/games\/the-forgotten-land\/#primaryimage"},"thumbnailUrl":"https:\/\/www.iplay.com\/wp-content\/uploads\/2023\/12\/large_square_tile_image-2686.jpg","datePublished":"2020-06-22T00:00:00+00:00","description":"\u00a1Descubre los siniestros secretos de la legendaria Tierra Olvidada!","breadcrumb":{"@id":"https:\/\/www.iplay.com\/es\/games\/the-forgotten-land\/#breadcrumb"},"inLanguage":"es","potentialAction":[{"@type":"ReadAction","target":["https:\/\/www.iplay.com\/es\/games\/the-forgotten-land\/"]}]},{"@type":"ImageObject","inLanguage":"es","@id":"https:\/\/www.iplay.com\/es\/games\/the-forgotten-land\/#primaryimage","url":"https:\/\/www.iplay.com\/wp-content\/uploads\/2023\/12\/large_square_tile_image-2686.jpg","contentUrl":"https:\/\/www.iplay.com\/wp-content\/uploads\/2023\/12\/large_square_tile_image-2686.jpg","width":310,"height":310},{"@type":"BreadcrumbList","@id":"https:\/\/www.iplay.com\/es\/games\/the-forgotten-land\/#breadcrumb","itemListElement":[{"@type":"ListItem","position":1,"name":"Home","item":"https:\/\/www.iplay.com\/es\/home-page-2\/"},{"@type":"ListItem","position":2,"name":"Shop","item":"https:\/\/www.iplay.com\/en\/shop\/"},{"@type":"ListItem","position":3,"name":"The Forgotten Land"}]},{"@type":"WebSite","@id":"https:\/\/www.iplay.com\/en\/#website","url":"https:\/\/www.iplay.com\/en\/","name":"IPlay","description":"The Best Casual Games!","publisher":{"@id":"https:\/\/www.iplay.com\/en\/#organization"},"potentialAction":[{"@type":"SearchAction","target":{"@type":"EntryPoint","urlTemplate":"https:\/\/www.iplay.com\/en\/?s={search_term_string}"},"query-input":{"@type":"PropertyValueSpecification","valueRequired":true,"valueName":"search_term_string"}}],"inLanguage":"es"},{"@type":"Organization","@id":"https:\/\/www.iplay.com\/en\/#organization","name":"IPlay","url":"https:\/\/www.iplay.com\/en\/","logo":{"@type":"ImageObject","inLanguage":"es","@id":"https:\/\/www.iplay.com\/en\/#\/schema\/logo\/image\/","url":"https:\/\/www.iplay.com\/wp-content\/uploads\/2023\/11\/Group-6100.svg","contentUrl":"https:\/\/www.iplay.com\/wp-content\/uploads\/2023\/11\/Group-6100.svg","width":98,"height":25,"caption":"IPlay"},"image":{"@id":"https:\/\/www.iplay.com\/en\/#\/schema\/logo\/image\/"}}]}},"_links":{"self":[{"href":"https:\/\/www.iplay.com\/es\/wp-json\/wp\/v2\/product\/138616","targetHints":{"allow":["GET"]}}],"collection":[{"href":"https:\/\/www.iplay.com\/es\/wp-json\/wp\/v2\/product"}],"about":[{"href":"https:\/\/www.iplay.com\/es\/wp-json\/wp\/v2\/types\/product"}],"author":[{"embeddable":true,"href":"https:\/\/www.iplay.com\/es\/wp-json\/wp\/v2\/users\/30"}],"replies":[{"embeddable":true,"href":"https:\/\/www.iplay.com\/es\/wp-json\/wp\/v2\/comments?post=138616"}],"wp:featuredmedia":[{"embeddable":true,"href":"https:\/\/www.iplay.com\/es\/wp-json\/wp\/v2\/media\/82869"}],"wp:attachment":[{"href":"https:\/\/www.iplay.com\/es\/wp-json\/wp\/v2\/media?parent=138616"}],"wp:term":[{"taxonomy":"product_brand","embeddable":true,"href":"https:\/\/www.iplay.com\/es\/wp-json\/wp\/v2\/product_brand?post=138616"},{"taxonomy":"product_cat","embeddable":true,"href":"https:\/\/www.iplay.com\/es\/wp-json\/wp\/v2\/product_cat?post=138616"},{"taxonomy":"product_tag","embeddable":true,"href":"https:\/\/www.iplay.com\/es\/wp-json\/wp\/v2\/product_tag?post=138616"}],"curies":[{"name":"wp","href":"https:\/\/api.w.org\/{rel}","templated":true}]}}