{"id":138583,"date":"2020-04-26T00:00:00","date_gmt":"2020-04-26T00:00:00","guid":{"rendered":"https:\/\/www.iplay.com\/games\/legendary-mosaics-the-dwarf-and-the-terrible-cat\/"},"modified":"2020-04-26T00:00:00","modified_gmt":"2020-04-26T00:00:00","slug":"legendary-mosaics-the-dwarf-and-the-terrible-cat","status":"publish","type":"product","link":"https:\/\/www.iplay.com\/es\/games\/legendary-mosaics-the-dwarf-and-the-terrible-cat\/","title":{"rendered":"Legendary Mosaics: the Dwarf and the Terrible Cat"},"content":{"rendered":"<p>El sol no brillaba, los p\u00e1jaros no cantaban, las flores no florec\u00edan y el aire generalmente energizante del bosque encantado se sent\u00eda rancio esta ma\u00f1ana en el bosque encantado. Algo no iba bien. Un pergamino que estaba tirado en la hierba fue descubierto por el enano local, que trabajaba en el bosque durante el d\u00eda. No se trataba de un pergamino normal, sino del hada suplicando ayuda. Las hadas eran las \u00fanicas criaturas capaces de romper el malvado hechizo, pero el mago las hab\u00eda aprisionado en sus cristales oscuros. Resulta que el malvado Mago del Bosque hab\u00eda realizado un hechizo siniestro que dej\u00f3 todo en una condici\u00f3n de oscuridad permanente. La peque\u00f1a hada le dio a nuestro enano la tarea de localizar los 14 cristales y liberar a las hadas porque se dio cuenta de que quien obtenga este pergamino es su \u00fanica esperanza. \u00a1El enano asombrado est\u00e1 preparado para comenzar su esfuerzo de rescate! Sin embargo, no ser\u00e1 sencillo; Debe aventurarse en las profundidades del bosque, resolver acertijos desafiantes, liberar a las hadas y ayudarlas a levantar el malvado hechizo. \u00a1Por supuesto, nuestro amigo necesita un compa\u00f1ero fiel para una misi\u00f3n tan desafiante! \u00bfY qui\u00e9n podr\u00eda ayudarlo m\u00e1s que el Gato Terrible? \u00a1El astuto pero desagradable monstruo est\u00e1 preparado para ayudar al enano a sortear una variedad de obst\u00e1culos, negociar con los habitantes del bosque m\u00e1s obstinados y resolver los acertijos m\u00e1s complicados! \u00danete a esta incre\u00edble pareja y prueba a resolver los problemas; \u00a1Va a ser una experiencia inolvidable! Una de las caracter\u00edsticas es que se puede jugar tanto de d\u00eda como de noche. Modifique la apariencia de los mosaicos y el fondo como elija.               Elige entre 12 estilos de mosaicos distintos y 12 patrones de fondo.<\/p>\n<p>&nbsp;<\/p>\n<p>&nbsp;<\/p>\n<p><strong>  Funciones:<\/strong><\/p>\n<p>&nbsp;<\/p>\n<p>&#8211; Im\u00e1genes, movimiento y audio alegres para dar la bienvenida&#8230;<\/p>\n<p>&#8211; Hay cuatro niveles de dificultad disponibles, que van desde el juego f\u00e1cil de un solo color hasta el cambio de color intenso (hasta seis colores) y un modo Zen claro e intuitivo.<\/p>\n<p>&#8211; Cien nonogramas codificados por colores m\u00e1s cuarenta nonogramas adicionales.<br \/>\n&#8211; Misteriosas fotos de vacaciones semi-abstractas que se revelar\u00e1n a cada paso<br \/>\n: \u00a1una tonelada de alegr\u00eda y mucha belleza<\/p>\n","protected":false},"excerpt":{"rendered":"<p>\u00a1Acomp\u00e1\u00f1anos y resuelve los problemas con este incre\u00edble enano y gato!<\/p>\n","protected":false},"author":14,"featured_media":91159,"comment_status":"open","ping_status":"closed","template":"","meta":{"_acf_changed":false,"inline_featured_image":false},"product_brand":[],"product_cat":[192],"product_tag":[],"class_list":{"0":"post-138583","1":"product","2":"type-product","3":"status-publish","4":"has-post-thumbnail","6":"product_cat-puzzle-es","8":"first","9":"instock","10":"shipping-taxable","11":"purchasable","12":"product-type-simple"},"acf":[],"yoast_head":"<!-- This site is optimized with the Yoast SEO Premium plugin v25.2 (Yoast SEO v25.2) - https:\/\/yoast.com\/wordpress\/plugins\/seo\/ -->\n<title>Mosaicos legendarios: el enano y el gato terrible - Emb\u00e1rcate en rompecabezas con un extraordinario d\u00fao de enanos y gatos<\/title>\n<meta name=\"description\" content=\"\u00a1Acomp\u00e1\u00f1anos y resuelve los problemas con este incre\u00edble enano y gato!\" \/>\n<meta name=\"robots\" content=\"index, follow, max-snippet:-1, max-image-preview:large, max-video-preview:-1\" \/>\n<link rel=\"canonical\" href=\"https:\/\/www.iplay.com\/es\/games\/legendary-mosaics-the-dwarf-and-the-terrible-cat\/\" \/>\n<meta property=\"og:locale\" content=\"es_ES\" \/>\n<meta property=\"og:type\" content=\"article\" \/>\n<meta property=\"og:title\" content=\"Legendary Mosaics: the Dwarf and the Terrible Cat\" \/>\n<meta property=\"og:description\" content=\"\u00a1Acomp\u00e1\u00f1anos y resuelve los problemas con este incre\u00edble enano y gato!\" \/>\n<meta property=\"og:url\" content=\"https:\/\/www.iplay.com\/es\/games\/legendary-mosaics-the-dwarf-and-the-terrible-cat\/\" \/>\n<meta property=\"og:site_name\" content=\"IPlay\" \/>\n<meta property=\"og:image\" content=\"https:\/\/www.iplay.com\/wp-content\/uploads\/2023\/12\/large_square_tile_image-3212.jpg\" \/>\n\t<meta property=\"og:image:width\" content=\"310\" \/>\n\t<meta property=\"og:image:height\" content=\"310\" \/>\n\t<meta property=\"og:image:type\" content=\"image\/jpeg\" \/>\n<meta name=\"twitter:card\" content=\"summary_large_image\" \/>\n<meta name=\"twitter:label1\" content=\"Est. reading time\" \/>\n\t<meta name=\"twitter:data1\" content=\"2 minutos\" \/>\n<script type=\"application\/ld+json\" class=\"yoast-schema-graph\">{\"@context\":\"https:\/\/schema.org\",\"@graph\":[{\"@type\":\"WebPage\",\"@id\":\"https:\/\/www.iplay.com\/es\/games\/legendary-mosaics-the-dwarf-and-the-terrible-cat\/\",\"url\":\"https:\/\/www.iplay.com\/es\/games\/legendary-mosaics-the-dwarf-and-the-terrible-cat\/\",\"name\":\"Mosaicos legendarios: el enano y el gato terrible - Emb\u00e1rcate en rompecabezas con un extraordinario d\u00fao de enanos y gatos\",\"isPartOf\":{\"@id\":\"https:\/\/www.iplay.com\/en\/#website\"},\"primaryImageOfPage\":{\"@id\":\"https:\/\/www.iplay.com\/es\/games\/legendary-mosaics-the-dwarf-and-the-terrible-cat\/#primaryimage\"},\"image\":{\"@id\":\"https:\/\/www.iplay.com\/es\/games\/legendary-mosaics-the-dwarf-and-the-terrible-cat\/#primaryimage\"},\"thumbnailUrl\":\"https:\/\/www.iplay.com\/wp-content\/uploads\/2023\/12\/large_square_tile_image-3212.jpg\",\"datePublished\":\"2020-04-26T00:00:00+00:00\",\"description\":\"\u00a1Acomp\u00e1\u00f1anos y resuelve los problemas con este incre\u00edble enano y gato!\",\"breadcrumb\":{\"@id\":\"https:\/\/www.iplay.com\/es\/games\/legendary-mosaics-the-dwarf-and-the-terrible-cat\/#breadcrumb\"},\"inLanguage\":\"es\",\"potentialAction\":[{\"@type\":\"ReadAction\",\"target\":[\"https:\/\/www.iplay.com\/es\/games\/legendary-mosaics-the-dwarf-and-the-terrible-cat\/\"]}]},{\"@type\":\"ImageObject\",\"inLanguage\":\"es\",\"@id\":\"https:\/\/www.iplay.com\/es\/games\/legendary-mosaics-the-dwarf-and-the-terrible-cat\/#primaryimage\",\"url\":\"https:\/\/www.iplay.com\/wp-content\/uploads\/2023\/12\/large_square_tile_image-3212.jpg\",\"contentUrl\":\"https:\/\/www.iplay.com\/wp-content\/uploads\/2023\/12\/large_square_tile_image-3212.jpg\",\"width\":310,\"height\":310},{\"@type\":\"BreadcrumbList\",\"@id\":\"https:\/\/www.iplay.com\/es\/games\/legendary-mosaics-the-dwarf-and-the-terrible-cat\/#breadcrumb\",\"itemListElement\":[{\"@type\":\"ListItem\",\"position\":1,\"name\":\"Home\",\"item\":\"https:\/\/www.iplay.com\/es\/home-page-2\/\"},{\"@type\":\"ListItem\",\"position\":2,\"name\":\"Shop\",\"item\":\"https:\/\/www.iplay.com\/en\/shop\/\"},{\"@type\":\"ListItem\",\"position\":3,\"name\":\"Legendary Mosaics: the Dwarf and the Terrible Cat\"}]},{\"@type\":\"WebSite\",\"@id\":\"https:\/\/www.iplay.com\/en\/#website\",\"url\":\"https:\/\/www.iplay.com\/en\/\",\"name\":\"IPlay\",\"description\":\"The Best Casual Games!\",\"publisher\":{\"@id\":\"https:\/\/www.iplay.com\/en\/#organization\"},\"potentialAction\":[{\"@type\":\"SearchAction\",\"target\":{\"@type\":\"EntryPoint\",\"urlTemplate\":\"https:\/\/www.iplay.com\/en\/?s={search_term_string}\"},\"query-input\":{\"@type\":\"PropertyValueSpecification\",\"valueRequired\":true,\"valueName\":\"search_term_string\"}}],\"inLanguage\":\"es\"},{\"@type\":\"Organization\",\"@id\":\"https:\/\/www.iplay.com\/en\/#organization\",\"name\":\"IPlay\",\"url\":\"https:\/\/www.iplay.com\/en\/\",\"logo\":{\"@type\":\"ImageObject\",\"inLanguage\":\"es\",\"@id\":\"https:\/\/www.iplay.com\/en\/#\/schema\/logo\/image\/\",\"url\":\"https:\/\/www.iplay.com\/wp-content\/uploads\/2023\/11\/Group-6100.svg\",\"contentUrl\":\"https:\/\/www.iplay.com\/wp-content\/uploads\/2023\/11\/Group-6100.svg\",\"width\":98,\"height\":25,\"caption\":\"IPlay\"},\"image\":{\"@id\":\"https:\/\/www.iplay.com\/en\/#\/schema\/logo\/image\/\"}}]}<\/script>\n<!-- \/ Yoast SEO Premium plugin. -->","yoast_head_json":{"title":"Mosaicos legendarios: el enano y el gato terrible - Emb\u00e1rcate en rompecabezas con un extraordinario d\u00fao de enanos y gatos","description":"\u00a1Acomp\u00e1\u00f1anos y resuelve los problemas con este incre\u00edble enano y gato!","robots":{"index":"index","follow":"follow","max-snippet":"max-snippet:-1","max-image-preview":"max-image-preview:large","max-video-preview":"max-video-preview:-1"},"canonical":"https:\/\/www.iplay.com\/es\/games\/legendary-mosaics-the-dwarf-and-the-terrible-cat\/","og_locale":"es_ES","og_type":"article","og_title":"Legendary Mosaics: the Dwarf and the Terrible Cat","og_description":"\u00a1Acomp\u00e1\u00f1anos y resuelve los problemas con este incre\u00edble enano y gato!","og_url":"https:\/\/www.iplay.com\/es\/games\/legendary-mosaics-the-dwarf-and-the-terrible-cat\/","og_site_name":"IPlay","og_image":[{"width":310,"height":310,"url":"https:\/\/www.iplay.com\/wp-content\/uploads\/2023\/12\/large_square_tile_image-3212.jpg","type":"image\/jpeg"}],"twitter_card":"summary_large_image","twitter_misc":{"Est. reading time":"2 minutos"},"schema":{"@context":"https:\/\/schema.org","@graph":[{"@type":"WebPage","@id":"https:\/\/www.iplay.com\/es\/games\/legendary-mosaics-the-dwarf-and-the-terrible-cat\/","url":"https:\/\/www.iplay.com\/es\/games\/legendary-mosaics-the-dwarf-and-the-terrible-cat\/","name":"Mosaicos legendarios: el enano y el gato terrible - Emb\u00e1rcate en rompecabezas con un extraordinario d\u00fao de enanos y gatos","isPartOf":{"@id":"https:\/\/www.iplay.com\/en\/#website"},"primaryImageOfPage":{"@id":"https:\/\/www.iplay.com\/es\/games\/legendary-mosaics-the-dwarf-and-the-terrible-cat\/#primaryimage"},"image":{"@id":"https:\/\/www.iplay.com\/es\/games\/legendary-mosaics-the-dwarf-and-the-terrible-cat\/#primaryimage"},"thumbnailUrl":"https:\/\/www.iplay.com\/wp-content\/uploads\/2023\/12\/large_square_tile_image-3212.jpg","datePublished":"2020-04-26T00:00:00+00:00","description":"\u00a1Acomp\u00e1\u00f1anos y resuelve los problemas con este incre\u00edble enano y gato!","breadcrumb":{"@id":"https:\/\/www.iplay.com\/es\/games\/legendary-mosaics-the-dwarf-and-the-terrible-cat\/#breadcrumb"},"inLanguage":"es","potentialAction":[{"@type":"ReadAction","target":["https:\/\/www.iplay.com\/es\/games\/legendary-mosaics-the-dwarf-and-the-terrible-cat\/"]}]},{"@type":"ImageObject","inLanguage":"es","@id":"https:\/\/www.iplay.com\/es\/games\/legendary-mosaics-the-dwarf-and-the-terrible-cat\/#primaryimage","url":"https:\/\/www.iplay.com\/wp-content\/uploads\/2023\/12\/large_square_tile_image-3212.jpg","contentUrl":"https:\/\/www.iplay.com\/wp-content\/uploads\/2023\/12\/large_square_tile_image-3212.jpg","width":310,"height":310},{"@type":"BreadcrumbList","@id":"https:\/\/www.iplay.com\/es\/games\/legendary-mosaics-the-dwarf-and-the-terrible-cat\/#breadcrumb","itemListElement":[{"@type":"ListItem","position":1,"name":"Home","item":"https:\/\/www.iplay.com\/es\/home-page-2\/"},{"@type":"ListItem","position":2,"name":"Shop","item":"https:\/\/www.iplay.com\/en\/shop\/"},{"@type":"ListItem","position":3,"name":"Legendary Mosaics: the Dwarf and the Terrible Cat"}]},{"@type":"WebSite","@id":"https:\/\/www.iplay.com\/en\/#website","url":"https:\/\/www.iplay.com\/en\/","name":"IPlay","description":"The Best Casual Games!","publisher":{"@id":"https:\/\/www.iplay.com\/en\/#organization"},"potentialAction":[{"@type":"SearchAction","target":{"@type":"EntryPoint","urlTemplate":"https:\/\/www.iplay.com\/en\/?s={search_term_string}"},"query-input":{"@type":"PropertyValueSpecification","valueRequired":true,"valueName":"search_term_string"}}],"inLanguage":"es"},{"@type":"Organization","@id":"https:\/\/www.iplay.com\/en\/#organization","name":"IPlay","url":"https:\/\/www.iplay.com\/en\/","logo":{"@type":"ImageObject","inLanguage":"es","@id":"https:\/\/www.iplay.com\/en\/#\/schema\/logo\/image\/","url":"https:\/\/www.iplay.com\/wp-content\/uploads\/2023\/11\/Group-6100.svg","contentUrl":"https:\/\/www.iplay.com\/wp-content\/uploads\/2023\/11\/Group-6100.svg","width":98,"height":25,"caption":"IPlay"},"image":{"@id":"https:\/\/www.iplay.com\/en\/#\/schema\/logo\/image\/"}}]}},"_links":{"self":[{"href":"https:\/\/www.iplay.com\/es\/wp-json\/wp\/v2\/product\/138583","targetHints":{"allow":["GET"]}}],"collection":[{"href":"https:\/\/www.iplay.com\/es\/wp-json\/wp\/v2\/product"}],"about":[{"href":"https:\/\/www.iplay.com\/es\/wp-json\/wp\/v2\/types\/product"}],"author":[{"embeddable":true,"href":"https:\/\/www.iplay.com\/es\/wp-json\/wp\/v2\/users\/14"}],"replies":[{"embeddable":true,"href":"https:\/\/www.iplay.com\/es\/wp-json\/wp\/v2\/comments?post=138583"}],"wp:featuredmedia":[{"embeddable":true,"href":"https:\/\/www.iplay.com\/es\/wp-json\/wp\/v2\/media\/91159"}],"wp:attachment":[{"href":"https:\/\/www.iplay.com\/es\/wp-json\/wp\/v2\/media?parent=138583"}],"wp:term":[{"taxonomy":"product_brand","embeddable":true,"href":"https:\/\/www.iplay.com\/es\/wp-json\/wp\/v2\/product_brand?post=138583"},{"taxonomy":"product_cat","embeddable":true,"href":"https:\/\/www.iplay.com\/es\/wp-json\/wp\/v2\/product_cat?post=138583"},{"taxonomy":"product_tag","embeddable":true,"href":"https:\/\/www.iplay.com\/es\/wp-json\/wp\/v2\/product_tag?post=138583"}],"curies":[{"name":"wp","href":"https:\/\/api.w.org\/{rel}","templated":true}]}}