{"id":138567,"date":"2020-05-25T00:00:00","date_gmt":"2020-05-25T00:00:00","guid":{"rendered":"https:\/\/www.iplay.com\/games\/sweet-solitaire-school-witch\/"},"modified":"2020-05-25T00:00:00","modified_gmt":"2020-05-25T00:00:00","slug":"sweet-solitaire-school-witch","status":"publish","type":"product","link":"https:\/\/www.iplay.com\/es\/games\/sweet-solitaire-school-witch\/","title":{"rendered":"Sweet Solitaire School Witch"},"content":{"rendered":"<p>Ayuda a la joven bruja a manifestar su benevolencia. Entra en un reino habitado por criaturas et\u00e9reas. \u00a1Te encontrar\u00e1s con muchas gangas dif\u00edciles en el camino! Aun as\u00ed, \u00a1eres capaz! Todos los d\u00edas, puedes jugar durante horas y horas con diferentes niveles de dificultad, y el juego se hace a\u00fan m\u00e1s fascinante con las cartas doradas especiales.    <\/p>\n<p>&nbsp;<\/p>\n<p>&nbsp;<\/p>\n<p><strong>Funciones:<\/strong><\/p>\n<p>&nbsp;<\/p>\n<p>&#8211; \u00a1Aumenta tu resistencia y completa todos los dise\u00f1os! \u00a1Juega al solitario del juego de cartas y construye cadenas de cartas!<br \/>\n&#8211; \u00a1Niveles atractivos que te mantendr\u00e1n interesado!<br \/>\n&#8211; \u00a1Im\u00e1genes brillantes en todos los niveles!<br \/>\n&#8211; Los comodines te permiten descartar cartas m\u00e1s r\u00e1pidamente y, al mismo tiempo, aumentar el multiplicador de combinaci\u00f3n para maximizar tus ganancias de monedas.<br \/>\n&#8211; \u00a1Elimina las cartas m\u00e1s r\u00e1pidamente para aumentar tu multiplicador de combinaci\u00f3n y ganar m\u00e1s dinero!<\/p>\n<p>&#8211; \u00a1Barajas originales con temas y doce estilos diferentes de dorso de carta!<br \/>\n&#8211; \u00a1Varias horas de entretenimiento est\u00e1n aseguradas!<\/p>\n","protected":false},"excerpt":{"rendered":"<p>\u00a1Resuelve los acertijos m\u00e1s enigm\u00e1ticos que jam\u00e1s hayas visto! Como la bruja de la escuela en Sweet Solitaire <\/p>\n","protected":false},"author":13,"featured_media":83128,"comment_status":"open","ping_status":"closed","template":"","meta":{"_acf_changed":false,"inline_featured_image":false},"product_brand":[],"product_cat":[154,209],"product_tag":[288],"class_list":{"0":"post-138567","1":"product","2":"type-product","3":"status-publish","4":"has-post-thumbnail","6":"product_cat-card-es","7":"product_cat-solitaire-es","8":"product_tag-play-on-pc-es","10":"first","11":"instock","12":"shipping-taxable","13":"purchasable","14":"product-type-simple"},"acf":[],"yoast_head":"<!-- This site is optimized with the Yoast SEO Premium plugin v25.2 (Yoast SEO v25.2) - https:\/\/yoast.com\/wordpress\/plugins\/seo\/ -->\n<title>Sweet Solitaire School Witch - Resuelve dise\u00f1os m\u00edsticos<\/title>\n<meta name=\"description\" content=\"\u00a1Resuelve los acertijos m\u00e1s enigm\u00e1ticos que jam\u00e1s hayas visto! Como la bruja de la escuela en Sweet Solitaire\" \/>\n<meta name=\"robots\" content=\"index, follow, max-snippet:-1, max-image-preview:large, max-video-preview:-1\" \/>\n<link rel=\"canonical\" href=\"https:\/\/www.iplay.com\/es\/games\/sweet-solitaire-school-witch\/\" \/>\n<meta property=\"og:locale\" content=\"es_ES\" \/>\n<meta property=\"og:type\" content=\"article\" \/>\n<meta property=\"og:title\" content=\"Sweet Solitaire School Witch\" \/>\n<meta property=\"og:description\" content=\"\u00a1Resuelve los acertijos m\u00e1s enigm\u00e1ticos que jam\u00e1s hayas visto! Como la bruja de la escuela en Sweet Solitaire\" \/>\n<meta property=\"og:url\" content=\"https:\/\/www.iplay.com\/es\/games\/sweet-solitaire-school-witch\/\" \/>\n<meta property=\"og:site_name\" content=\"IPlay\" \/>\n<meta property=\"og:image\" content=\"https:\/\/www.iplay.com\/wp-content\/uploads\/2023\/12\/large_square_tile_image-2704.jpg\" \/>\n\t<meta property=\"og:image:width\" content=\"310\" \/>\n\t<meta property=\"og:image:height\" content=\"310\" \/>\n\t<meta property=\"og:image:type\" content=\"image\/jpeg\" \/>\n<meta name=\"twitter:card\" content=\"summary_large_image\" \/>\n<meta name=\"twitter:label1\" content=\"Est. reading time\" \/>\n\t<meta name=\"twitter:data1\" content=\"1 minuto\" \/>\n<script type=\"application\/ld+json\" class=\"yoast-schema-graph\">{\"@context\":\"https:\/\/schema.org\",\"@graph\":[{\"@type\":\"WebPage\",\"@id\":\"https:\/\/www.iplay.com\/es\/games\/sweet-solitaire-school-witch\/\",\"url\":\"https:\/\/www.iplay.com\/es\/games\/sweet-solitaire-school-witch\/\",\"name\":\"Sweet Solitaire School Witch - Resuelve dise\u00f1os m\u00edsticos\",\"isPartOf\":{\"@id\":\"https:\/\/www.iplay.com\/en\/#website\"},\"primaryImageOfPage\":{\"@id\":\"https:\/\/www.iplay.com\/es\/games\/sweet-solitaire-school-witch\/#primaryimage\"},\"image\":{\"@id\":\"https:\/\/www.iplay.com\/es\/games\/sweet-solitaire-school-witch\/#primaryimage\"},\"thumbnailUrl\":\"https:\/\/www.iplay.com\/wp-content\/uploads\/2023\/12\/large_square_tile_image-2704.jpg\",\"datePublished\":\"2020-05-25T00:00:00+00:00\",\"description\":\"\u00a1Resuelve los acertijos m\u00e1s enigm\u00e1ticos que jam\u00e1s hayas visto! Como la bruja de la escuela en Sweet Solitaire\",\"breadcrumb\":{\"@id\":\"https:\/\/www.iplay.com\/es\/games\/sweet-solitaire-school-witch\/#breadcrumb\"},\"inLanguage\":\"es\",\"potentialAction\":[{\"@type\":\"ReadAction\",\"target\":[\"https:\/\/www.iplay.com\/es\/games\/sweet-solitaire-school-witch\/\"]}]},{\"@type\":\"ImageObject\",\"inLanguage\":\"es\",\"@id\":\"https:\/\/www.iplay.com\/es\/games\/sweet-solitaire-school-witch\/#primaryimage\",\"url\":\"https:\/\/www.iplay.com\/wp-content\/uploads\/2023\/12\/large_square_tile_image-2704.jpg\",\"contentUrl\":\"https:\/\/www.iplay.com\/wp-content\/uploads\/2023\/12\/large_square_tile_image-2704.jpg\",\"width\":310,\"height\":310},{\"@type\":\"BreadcrumbList\",\"@id\":\"https:\/\/www.iplay.com\/es\/games\/sweet-solitaire-school-witch\/#breadcrumb\",\"itemListElement\":[{\"@type\":\"ListItem\",\"position\":1,\"name\":\"Home\",\"item\":\"https:\/\/www.iplay.com\/es\/home-page-2\/\"},{\"@type\":\"ListItem\",\"position\":2,\"name\":\"Shop\",\"item\":\"https:\/\/www.iplay.com\/en\/shop\/\"},{\"@type\":\"ListItem\",\"position\":3,\"name\":\"Sweet Solitaire School Witch\"}]},{\"@type\":\"WebSite\",\"@id\":\"https:\/\/www.iplay.com\/en\/#website\",\"url\":\"https:\/\/www.iplay.com\/en\/\",\"name\":\"IPlay\",\"description\":\"The Best Casual Games!\",\"publisher\":{\"@id\":\"https:\/\/www.iplay.com\/en\/#organization\"},\"potentialAction\":[{\"@type\":\"SearchAction\",\"target\":{\"@type\":\"EntryPoint\",\"urlTemplate\":\"https:\/\/www.iplay.com\/en\/?s={search_term_string}\"},\"query-input\":{\"@type\":\"PropertyValueSpecification\",\"valueRequired\":true,\"valueName\":\"search_term_string\"}}],\"inLanguage\":\"es\"},{\"@type\":\"Organization\",\"@id\":\"https:\/\/www.iplay.com\/en\/#organization\",\"name\":\"IPlay\",\"url\":\"https:\/\/www.iplay.com\/en\/\",\"logo\":{\"@type\":\"ImageObject\",\"inLanguage\":\"es\",\"@id\":\"https:\/\/www.iplay.com\/en\/#\/schema\/logo\/image\/\",\"url\":\"https:\/\/www.iplay.com\/wp-content\/uploads\/2023\/11\/Group-6100.svg\",\"contentUrl\":\"https:\/\/www.iplay.com\/wp-content\/uploads\/2023\/11\/Group-6100.svg\",\"width\":98,\"height\":25,\"caption\":\"IPlay\"},\"image\":{\"@id\":\"https:\/\/www.iplay.com\/en\/#\/schema\/logo\/image\/\"}}]}<\/script>\n<!-- \/ Yoast SEO Premium plugin. -->","yoast_head_json":{"title":"Sweet Solitaire School Witch - Resuelve dise\u00f1os m\u00edsticos","description":"\u00a1Resuelve los acertijos m\u00e1s enigm\u00e1ticos que jam\u00e1s hayas visto! Como la bruja de la escuela en Sweet Solitaire","robots":{"index":"index","follow":"follow","max-snippet":"max-snippet:-1","max-image-preview":"max-image-preview:large","max-video-preview":"max-video-preview:-1"},"canonical":"https:\/\/www.iplay.com\/es\/games\/sweet-solitaire-school-witch\/","og_locale":"es_ES","og_type":"article","og_title":"Sweet Solitaire School Witch","og_description":"\u00a1Resuelve los acertijos m\u00e1s enigm\u00e1ticos que jam\u00e1s hayas visto! Como la bruja de la escuela en Sweet Solitaire","og_url":"https:\/\/www.iplay.com\/es\/games\/sweet-solitaire-school-witch\/","og_site_name":"IPlay","og_image":[{"width":310,"height":310,"url":"https:\/\/www.iplay.com\/wp-content\/uploads\/2023\/12\/large_square_tile_image-2704.jpg","type":"image\/jpeg"}],"twitter_card":"summary_large_image","twitter_misc":{"Est. reading time":"1 minuto"},"schema":{"@context":"https:\/\/schema.org","@graph":[{"@type":"WebPage","@id":"https:\/\/www.iplay.com\/es\/games\/sweet-solitaire-school-witch\/","url":"https:\/\/www.iplay.com\/es\/games\/sweet-solitaire-school-witch\/","name":"Sweet Solitaire School Witch - Resuelve dise\u00f1os m\u00edsticos","isPartOf":{"@id":"https:\/\/www.iplay.com\/en\/#website"},"primaryImageOfPage":{"@id":"https:\/\/www.iplay.com\/es\/games\/sweet-solitaire-school-witch\/#primaryimage"},"image":{"@id":"https:\/\/www.iplay.com\/es\/games\/sweet-solitaire-school-witch\/#primaryimage"},"thumbnailUrl":"https:\/\/www.iplay.com\/wp-content\/uploads\/2023\/12\/large_square_tile_image-2704.jpg","datePublished":"2020-05-25T00:00:00+00:00","description":"\u00a1Resuelve los acertijos m\u00e1s enigm\u00e1ticos que jam\u00e1s hayas visto! Como la bruja de la escuela en Sweet Solitaire","breadcrumb":{"@id":"https:\/\/www.iplay.com\/es\/games\/sweet-solitaire-school-witch\/#breadcrumb"},"inLanguage":"es","potentialAction":[{"@type":"ReadAction","target":["https:\/\/www.iplay.com\/es\/games\/sweet-solitaire-school-witch\/"]}]},{"@type":"ImageObject","inLanguage":"es","@id":"https:\/\/www.iplay.com\/es\/games\/sweet-solitaire-school-witch\/#primaryimage","url":"https:\/\/www.iplay.com\/wp-content\/uploads\/2023\/12\/large_square_tile_image-2704.jpg","contentUrl":"https:\/\/www.iplay.com\/wp-content\/uploads\/2023\/12\/large_square_tile_image-2704.jpg","width":310,"height":310},{"@type":"BreadcrumbList","@id":"https:\/\/www.iplay.com\/es\/games\/sweet-solitaire-school-witch\/#breadcrumb","itemListElement":[{"@type":"ListItem","position":1,"name":"Home","item":"https:\/\/www.iplay.com\/es\/home-page-2\/"},{"@type":"ListItem","position":2,"name":"Shop","item":"https:\/\/www.iplay.com\/en\/shop\/"},{"@type":"ListItem","position":3,"name":"Sweet Solitaire School Witch"}]},{"@type":"WebSite","@id":"https:\/\/www.iplay.com\/en\/#website","url":"https:\/\/www.iplay.com\/en\/","name":"IPlay","description":"The Best Casual Games!","publisher":{"@id":"https:\/\/www.iplay.com\/en\/#organization"},"potentialAction":[{"@type":"SearchAction","target":{"@type":"EntryPoint","urlTemplate":"https:\/\/www.iplay.com\/en\/?s={search_term_string}"},"query-input":{"@type":"PropertyValueSpecification","valueRequired":true,"valueName":"search_term_string"}}],"inLanguage":"es"},{"@type":"Organization","@id":"https:\/\/www.iplay.com\/en\/#organization","name":"IPlay","url":"https:\/\/www.iplay.com\/en\/","logo":{"@type":"ImageObject","inLanguage":"es","@id":"https:\/\/www.iplay.com\/en\/#\/schema\/logo\/image\/","url":"https:\/\/www.iplay.com\/wp-content\/uploads\/2023\/11\/Group-6100.svg","contentUrl":"https:\/\/www.iplay.com\/wp-content\/uploads\/2023\/11\/Group-6100.svg","width":98,"height":25,"caption":"IPlay"},"image":{"@id":"https:\/\/www.iplay.com\/en\/#\/schema\/logo\/image\/"}}]}},"_links":{"self":[{"href":"https:\/\/www.iplay.com\/es\/wp-json\/wp\/v2\/product\/138567","targetHints":{"allow":["GET"]}}],"collection":[{"href":"https:\/\/www.iplay.com\/es\/wp-json\/wp\/v2\/product"}],"about":[{"href":"https:\/\/www.iplay.com\/es\/wp-json\/wp\/v2\/types\/product"}],"author":[{"embeddable":true,"href":"https:\/\/www.iplay.com\/es\/wp-json\/wp\/v2\/users\/13"}],"replies":[{"embeddable":true,"href":"https:\/\/www.iplay.com\/es\/wp-json\/wp\/v2\/comments?post=138567"}],"wp:featuredmedia":[{"embeddable":true,"href":"https:\/\/www.iplay.com\/es\/wp-json\/wp\/v2\/media\/83128"}],"wp:attachment":[{"href":"https:\/\/www.iplay.com\/es\/wp-json\/wp\/v2\/media?parent=138567"}],"wp:term":[{"taxonomy":"product_brand","embeddable":true,"href":"https:\/\/www.iplay.com\/es\/wp-json\/wp\/v2\/product_brand?post=138567"},{"taxonomy":"product_cat","embeddable":true,"href":"https:\/\/www.iplay.com\/es\/wp-json\/wp\/v2\/product_cat?post=138567"},{"taxonomy":"product_tag","embeddable":true,"href":"https:\/\/www.iplay.com\/es\/wp-json\/wp\/v2\/product_tag?post=138567"}],"curies":[{"name":"wp","href":"https:\/\/api.w.org\/{rel}","templated":true}]}}