{"id":138546,"date":"2020-07-04T00:00:00","date_gmt":"2020-07-04T00:00:00","guid":{"rendered":"https:\/\/www.iplay.com\/games\/rainbow-mosaics-13-detective-helper\/"},"modified":"2020-07-04T00:00:00","modified_gmt":"2020-07-04T00:00:00","slug":"rainbow-mosaics-13-detective-helper","status":"publish","type":"product","link":"https:\/\/www.iplay.com\/es\/games\/rainbow-mosaics-13-detective-helper\/","title":{"rendered":"Rainbow Mosaics 13: Detective Helper"},"content":{"rendered":"<p>\u00a1Saludos, queridos amigos! El Ayudante el Robot de la Agencia de Ayudantes de Alta Asistencia, o H.A.H.A. para abreviar, ha completado su tarea para su primer cliente con \u00e9xito esta vez. Sin embargo, Helper sufr\u00eda de su ignorancia. Dado que el cliente parec\u00eda un ladr\u00f3n, ahora se cree que el robot estuvo involucrado en el robo. Aunque creemos firmemente que Helper es inocente, la polic\u00eda desconoce por completo las circunstancias que est\u00e1n sucediendo a puerta cerrada. El asistente ser\u00e1 aprehendido en breve. A menos que decida hacer algo para ser salvado. \u00a1Descubrir\u00e1s c\u00f3mo progresa esta narrativa sintoniz\u00e1ndolo!       <\/p>\n<p>&nbsp;<\/p>\n<p>&nbsp;<\/p>\n<p><strong>Funciones:<\/strong><\/p>\n<p>&nbsp;<\/p>\n<p>&#8211; Excelentes rompecabezas de nonogramas basados en la l\u00f3gica<\/p>\n<p>&#8211; Mini-rompecabezas y secuencias de objetos ocultos<\/p>\n<p>&#8211; Una gran selecci\u00f3n de pieles de azulejos<\/p>\n<p>&#8211; Una variedad de potenciadores actualizables que te ayudar\u00e1n durante el juego<\/p>\n<p>&#8211; Los coloridos fondos tem\u00e1ticos son solo algunas de las caracter\u00edsticas.<\/p>\n","protected":false},"excerpt":{"rendered":"<p>\u00a1Resuelve nonogramas para ayudar al Ayudante el Robot a detener al delincuente!<\/p>\n","protected":false},"author":16,"featured_media":82805,"comment_status":"open","ping_status":"closed","template":"","meta":{"_acf_changed":false,"inline_featured_image":false},"product_brand":[],"product_cat":[192],"product_tag":[],"class_list":{"0":"post-138546","1":"product","2":"type-product","3":"status-publish","4":"has-post-thumbnail","6":"product_cat-puzzle-es","8":"first","9":"instock","10":"shipping-taxable","11":"purchasable","12":"product-type-simple"},"acf":[],"yoast_head":"<!-- This site is optimized with the Yoast SEO Premium plugin v25.2 (Yoast SEO v25.2) - https:\/\/yoast.com\/wordpress\/plugins\/seo\/ -->\n<title>Rainbow Mosaics 13: Detective Helper - Resuelve nonogramas, ayuda a Helper the Robot, atrapa al criminal<\/title>\n<meta name=\"description\" content=\"\u00a1Resuelve nonogramas para ayudar al Ayudante el Robot a detener al delincuente!\" \/>\n<meta name=\"robots\" content=\"index, follow, max-snippet:-1, max-image-preview:large, max-video-preview:-1\" \/>\n<link rel=\"canonical\" href=\"https:\/\/www.iplay.com\/es\/games\/rainbow-mosaics-13-detective-helper\/\" \/>\n<meta property=\"og:locale\" content=\"es_ES\" \/>\n<meta property=\"og:type\" content=\"article\" \/>\n<meta property=\"og:title\" content=\"Rainbow Mosaics 13: Detective Helper\" \/>\n<meta property=\"og:description\" content=\"\u00a1Resuelve nonogramas para ayudar al Ayudante el Robot a detener al delincuente!\" \/>\n<meta property=\"og:url\" content=\"https:\/\/www.iplay.com\/es\/games\/rainbow-mosaics-13-detective-helper\/\" \/>\n<meta property=\"og:site_name\" content=\"IPlay\" \/>\n<meta property=\"og:image\" content=\"https:\/\/www.iplay.com\/wp-content\/uploads\/2023\/12\/large_square_tile_image-2682.jpg\" \/>\n\t<meta property=\"og:image:width\" content=\"310\" \/>\n\t<meta property=\"og:image:height\" content=\"310\" \/>\n\t<meta property=\"og:image:type\" content=\"image\/jpeg\" \/>\n<meta name=\"twitter:card\" content=\"summary_large_image\" \/>\n<meta name=\"twitter:label1\" content=\"Est. reading time\" \/>\n\t<meta name=\"twitter:data1\" content=\"1 minuto\" \/>\n<script type=\"application\/ld+json\" class=\"yoast-schema-graph\">{\"@context\":\"https:\/\/schema.org\",\"@graph\":[{\"@type\":\"WebPage\",\"@id\":\"https:\/\/www.iplay.com\/es\/games\/rainbow-mosaics-13-detective-helper\/\",\"url\":\"https:\/\/www.iplay.com\/es\/games\/rainbow-mosaics-13-detective-helper\/\",\"name\":\"Rainbow Mosaics 13: Detective Helper - Resuelve nonogramas, ayuda a Helper the Robot, atrapa al criminal\",\"isPartOf\":{\"@id\":\"https:\/\/www.iplay.com\/en\/#website\"},\"primaryImageOfPage\":{\"@id\":\"https:\/\/www.iplay.com\/es\/games\/rainbow-mosaics-13-detective-helper\/#primaryimage\"},\"image\":{\"@id\":\"https:\/\/www.iplay.com\/es\/games\/rainbow-mosaics-13-detective-helper\/#primaryimage\"},\"thumbnailUrl\":\"https:\/\/www.iplay.com\/wp-content\/uploads\/2023\/12\/large_square_tile_image-2682.jpg\",\"datePublished\":\"2020-07-04T00:00:00+00:00\",\"description\":\"\u00a1Resuelve nonogramas para ayudar al Ayudante el Robot a detener al delincuente!\",\"breadcrumb\":{\"@id\":\"https:\/\/www.iplay.com\/es\/games\/rainbow-mosaics-13-detective-helper\/#breadcrumb\"},\"inLanguage\":\"es\",\"potentialAction\":[{\"@type\":\"ReadAction\",\"target\":[\"https:\/\/www.iplay.com\/es\/games\/rainbow-mosaics-13-detective-helper\/\"]}]},{\"@type\":\"ImageObject\",\"inLanguage\":\"es\",\"@id\":\"https:\/\/www.iplay.com\/es\/games\/rainbow-mosaics-13-detective-helper\/#primaryimage\",\"url\":\"https:\/\/www.iplay.com\/wp-content\/uploads\/2023\/12\/large_square_tile_image-2682.jpg\",\"contentUrl\":\"https:\/\/www.iplay.com\/wp-content\/uploads\/2023\/12\/large_square_tile_image-2682.jpg\",\"width\":310,\"height\":310},{\"@type\":\"BreadcrumbList\",\"@id\":\"https:\/\/www.iplay.com\/es\/games\/rainbow-mosaics-13-detective-helper\/#breadcrumb\",\"itemListElement\":[{\"@type\":\"ListItem\",\"position\":1,\"name\":\"Home\",\"item\":\"https:\/\/www.iplay.com\/es\/home-page-2\/\"},{\"@type\":\"ListItem\",\"position\":2,\"name\":\"Shop\",\"item\":\"https:\/\/www.iplay.com\/en\/shop\/\"},{\"@type\":\"ListItem\",\"position\":3,\"name\":\"Rainbow Mosaics 13: Detective Helper\"}]},{\"@type\":\"WebSite\",\"@id\":\"https:\/\/www.iplay.com\/en\/#website\",\"url\":\"https:\/\/www.iplay.com\/en\/\",\"name\":\"IPlay\",\"description\":\"The Best Casual Games!\",\"publisher\":{\"@id\":\"https:\/\/www.iplay.com\/en\/#organization\"},\"potentialAction\":[{\"@type\":\"SearchAction\",\"target\":{\"@type\":\"EntryPoint\",\"urlTemplate\":\"https:\/\/www.iplay.com\/en\/?s={search_term_string}\"},\"query-input\":{\"@type\":\"PropertyValueSpecification\",\"valueRequired\":true,\"valueName\":\"search_term_string\"}}],\"inLanguage\":\"es\"},{\"@type\":\"Organization\",\"@id\":\"https:\/\/www.iplay.com\/en\/#organization\",\"name\":\"IPlay\",\"url\":\"https:\/\/www.iplay.com\/en\/\",\"logo\":{\"@type\":\"ImageObject\",\"inLanguage\":\"es\",\"@id\":\"https:\/\/www.iplay.com\/en\/#\/schema\/logo\/image\/\",\"url\":\"https:\/\/www.iplay.com\/wp-content\/uploads\/2023\/11\/Group-6100.svg\",\"contentUrl\":\"https:\/\/www.iplay.com\/wp-content\/uploads\/2023\/11\/Group-6100.svg\",\"width\":98,\"height\":25,\"caption\":\"IPlay\"},\"image\":{\"@id\":\"https:\/\/www.iplay.com\/en\/#\/schema\/logo\/image\/\"}}]}<\/script>\n<!-- \/ Yoast SEO Premium plugin. -->","yoast_head_json":{"title":"Rainbow Mosaics 13: Detective Helper - Resuelve nonogramas, ayuda a Helper the Robot, atrapa al criminal","description":"\u00a1Resuelve nonogramas para ayudar al Ayudante el Robot a detener al delincuente!","robots":{"index":"index","follow":"follow","max-snippet":"max-snippet:-1","max-image-preview":"max-image-preview:large","max-video-preview":"max-video-preview:-1"},"canonical":"https:\/\/www.iplay.com\/es\/games\/rainbow-mosaics-13-detective-helper\/","og_locale":"es_ES","og_type":"article","og_title":"Rainbow Mosaics 13: Detective Helper","og_description":"\u00a1Resuelve nonogramas para ayudar al Ayudante el Robot a detener al delincuente!","og_url":"https:\/\/www.iplay.com\/es\/games\/rainbow-mosaics-13-detective-helper\/","og_site_name":"IPlay","og_image":[{"width":310,"height":310,"url":"https:\/\/www.iplay.com\/wp-content\/uploads\/2023\/12\/large_square_tile_image-2682.jpg","type":"image\/jpeg"}],"twitter_card":"summary_large_image","twitter_misc":{"Est. reading time":"1 minuto"},"schema":{"@context":"https:\/\/schema.org","@graph":[{"@type":"WebPage","@id":"https:\/\/www.iplay.com\/es\/games\/rainbow-mosaics-13-detective-helper\/","url":"https:\/\/www.iplay.com\/es\/games\/rainbow-mosaics-13-detective-helper\/","name":"Rainbow Mosaics 13: Detective Helper - Resuelve nonogramas, ayuda a Helper the Robot, atrapa al criminal","isPartOf":{"@id":"https:\/\/www.iplay.com\/en\/#website"},"primaryImageOfPage":{"@id":"https:\/\/www.iplay.com\/es\/games\/rainbow-mosaics-13-detective-helper\/#primaryimage"},"image":{"@id":"https:\/\/www.iplay.com\/es\/games\/rainbow-mosaics-13-detective-helper\/#primaryimage"},"thumbnailUrl":"https:\/\/www.iplay.com\/wp-content\/uploads\/2023\/12\/large_square_tile_image-2682.jpg","datePublished":"2020-07-04T00:00:00+00:00","description":"\u00a1Resuelve nonogramas para ayudar al Ayudante el Robot a detener al delincuente!","breadcrumb":{"@id":"https:\/\/www.iplay.com\/es\/games\/rainbow-mosaics-13-detective-helper\/#breadcrumb"},"inLanguage":"es","potentialAction":[{"@type":"ReadAction","target":["https:\/\/www.iplay.com\/es\/games\/rainbow-mosaics-13-detective-helper\/"]}]},{"@type":"ImageObject","inLanguage":"es","@id":"https:\/\/www.iplay.com\/es\/games\/rainbow-mosaics-13-detective-helper\/#primaryimage","url":"https:\/\/www.iplay.com\/wp-content\/uploads\/2023\/12\/large_square_tile_image-2682.jpg","contentUrl":"https:\/\/www.iplay.com\/wp-content\/uploads\/2023\/12\/large_square_tile_image-2682.jpg","width":310,"height":310},{"@type":"BreadcrumbList","@id":"https:\/\/www.iplay.com\/es\/games\/rainbow-mosaics-13-detective-helper\/#breadcrumb","itemListElement":[{"@type":"ListItem","position":1,"name":"Home","item":"https:\/\/www.iplay.com\/es\/home-page-2\/"},{"@type":"ListItem","position":2,"name":"Shop","item":"https:\/\/www.iplay.com\/en\/shop\/"},{"@type":"ListItem","position":3,"name":"Rainbow Mosaics 13: Detective Helper"}]},{"@type":"WebSite","@id":"https:\/\/www.iplay.com\/en\/#website","url":"https:\/\/www.iplay.com\/en\/","name":"IPlay","description":"The Best Casual Games!","publisher":{"@id":"https:\/\/www.iplay.com\/en\/#organization"},"potentialAction":[{"@type":"SearchAction","target":{"@type":"EntryPoint","urlTemplate":"https:\/\/www.iplay.com\/en\/?s={search_term_string}"},"query-input":{"@type":"PropertyValueSpecification","valueRequired":true,"valueName":"search_term_string"}}],"inLanguage":"es"},{"@type":"Organization","@id":"https:\/\/www.iplay.com\/en\/#organization","name":"IPlay","url":"https:\/\/www.iplay.com\/en\/","logo":{"@type":"ImageObject","inLanguage":"es","@id":"https:\/\/www.iplay.com\/en\/#\/schema\/logo\/image\/","url":"https:\/\/www.iplay.com\/wp-content\/uploads\/2023\/11\/Group-6100.svg","contentUrl":"https:\/\/www.iplay.com\/wp-content\/uploads\/2023\/11\/Group-6100.svg","width":98,"height":25,"caption":"IPlay"},"image":{"@id":"https:\/\/www.iplay.com\/en\/#\/schema\/logo\/image\/"}}]}},"_links":{"self":[{"href":"https:\/\/www.iplay.com\/es\/wp-json\/wp\/v2\/product\/138546","targetHints":{"allow":["GET"]}}],"collection":[{"href":"https:\/\/www.iplay.com\/es\/wp-json\/wp\/v2\/product"}],"about":[{"href":"https:\/\/www.iplay.com\/es\/wp-json\/wp\/v2\/types\/product"}],"author":[{"embeddable":true,"href":"https:\/\/www.iplay.com\/es\/wp-json\/wp\/v2\/users\/16"}],"replies":[{"embeddable":true,"href":"https:\/\/www.iplay.com\/es\/wp-json\/wp\/v2\/comments?post=138546"}],"wp:featuredmedia":[{"embeddable":true,"href":"https:\/\/www.iplay.com\/es\/wp-json\/wp\/v2\/media\/82805"}],"wp:attachment":[{"href":"https:\/\/www.iplay.com\/es\/wp-json\/wp\/v2\/media?parent=138546"}],"wp:term":[{"taxonomy":"product_brand","embeddable":true,"href":"https:\/\/www.iplay.com\/es\/wp-json\/wp\/v2\/product_brand?post=138546"},{"taxonomy":"product_cat","embeddable":true,"href":"https:\/\/www.iplay.com\/es\/wp-json\/wp\/v2\/product_cat?post=138546"},{"taxonomy":"product_tag","embeddable":true,"href":"https:\/\/www.iplay.com\/es\/wp-json\/wp\/v2\/product_tag?post=138546"}],"curies":[{"name":"wp","href":"https:\/\/api.w.org\/{rel}","templated":true}]}}