{"id":138522,"date":"2025-06-04T09:00:41","date_gmt":"2025-06-04T09:00:41","guid":{"rendered":"https:\/\/www.iplay.com\/games\/world-wonders-2-collectors-edition\/"},"modified":"2025-06-12T12:07:13","modified_gmt":"2025-06-12T12:07:13","slug":"world-wonders-2-collectors-edition","status":"publish","type":"product","link":"https:\/\/www.iplay.com\/es\/games\/world-wonders-2-collectors-edition\/","title":{"rendered":"World Wonders 2 Collector&#8217;s Edition"},"content":{"rendered":"<p class=\"ai-optimize-30 ai-optimize-introduction\">\u00a1Comienza una incre\u00edble aventura con World Wonders 2 Collector&#8217;s Edition! Exploras lugares famosos de todo el mundo. La historia y el misterio se unen en cada sitio.  <\/p>\n<p class=\"ai-optimize-30\">Ves vistas incre\u00edbles y culturas interesantes. Aprendes sobre civilizaciones antiguas a trav\u00e9s de peque\u00f1os detalles. Cada lugar cuenta su propia historia.  <\/p>\n<p class=\"ai-optimize-30\">Visitar\u00e1s la alta Torre Eiffel y los tranquilos templos japoneses. Caminas por las concurridas calles de Nueva York y las antiguas ruinas italianas. Cada lugar esconde secretos que puedes encontrar.  <\/p>\n<p class=\"ai-optimize-30\">Buscas objetos ocultos en hermosas im\u00e1genes. Resuelves acertijos dif\u00edciles que te hablan de lugares famosos. Aprendes las historias ocultas detr\u00e1s de las mayores maravillas del mundo.  <\/p>\n<p class=\"ai-optimize-30\">Coleccionas objetos antiguos raros mientras juegas. Los exhibes en tu propia sala de colecci\u00f3n. Desbloqueas piezas de un libro especial a medida que resuelves misterios.  <\/p>\n<p>&nbsp;<\/p>\n<p class=\"ai-optimize-31\"><strong>Funciones<\/strong><\/p>\n<ul>\n<li class=\"ai-optimize-32\">B\u00fasqueda de objetos ocultos en hermosas im\u00e1genes<\/li>\n<li class=\"ai-optimize-32\">Viaja a ciudades coloridas y lugares lejanos incre\u00edbles<\/li>\n<li class=\"ai-optimize-32\">Resuelve acertijos dif\u00edciles que te hablan de sitios famosos<\/li>\n<li class=\"ai-optimize-32\">Encuentra tesoros culturales y aprende sobre pa\u00edses de todo el mundo<\/li>\n<li class=\"ai-optimize-32\">Recoge piezas y objetos antiguos para aprender secretos hist\u00f3ricos<\/li>\n<\/ul>\n","protected":false},"excerpt":{"rendered":"<p class=\"ai-optimize-36 ai-optimize-introduction\">\u00a1Exploras lugares famosos de todo el mundo y encuentras secretos ocultos en cada uno!<\/p>\n","protected":false},"author":13,"featured_media":138043,"comment_status":"open","ping_status":"closed","template":"","meta":{"_acf_changed":false,"inline_featured_image":false},"product_brand":[],"product_cat":[166],"product_tag":[288],"class_list":{"0":"post-138522","1":"product","2":"type-product","3":"status-publish","4":"has-post-thumbnail","6":"product_cat-hidden-object-es","7":"product_tag-play-on-pc-es","9":"first","10":"instock","11":"shipping-taxable","12":"purchasable","13":"product-type-simple"},"acf":[],"yoast_head":"<!-- This site is optimized with the Yoast SEO Premium plugin v25.2 (Yoast SEO v25.2) - https:\/\/yoast.com\/wordpress\/plugins\/seo\/ -->\n<title>World Wonders 2: \u00a1Es hora de explorar lugares famosos!<\/title>\n<meta name=\"description\" content=\"\u00a1Exploras lugares famosos de todo el mundo y encuentras secretos ocultos en cada uno!\" \/>\n<meta name=\"robots\" content=\"index, follow, max-snippet:-1, max-image-preview:large, max-video-preview:-1\" \/>\n<link rel=\"canonical\" href=\"https:\/\/www.iplay.com\/es\/games\/world-wonders-2-collectors-edition\/\" \/>\n<meta property=\"og:locale\" content=\"es_ES\" \/>\n<meta property=\"og:type\" content=\"article\" \/>\n<meta property=\"og:title\" content=\"World Wonders 2 Collector&#039;s Edition\" \/>\n<meta property=\"og:description\" content=\"\u00a1Exploras lugares famosos de todo el mundo y encuentras secretos ocultos en cada uno!\" \/>\n<meta property=\"og:url\" content=\"https:\/\/www.iplay.com\/es\/games\/world-wonders-2-collectors-edition\/\" \/>\n<meta property=\"og:site_name\" content=\"IPlay\" \/>\n<meta property=\"article:modified_time\" content=\"2025-06-12T12:07:13+00:00\" \/>\n<meta property=\"og:image\" content=\"https:\/\/www.iplay.com\/wp-content\/uploads\/2025\/06\/world_wonders_2_collectors_edition_large_square_tile_image.webp\" \/>\n\t<meta property=\"og:image:width\" content=\"310\" \/>\n\t<meta property=\"og:image:height\" content=\"310\" \/>\n\t<meta property=\"og:image:type\" content=\"image\/webp\" \/>\n<meta name=\"twitter:card\" content=\"summary_large_image\" \/>\n<meta name=\"twitter:label1\" content=\"Est. reading time\" \/>\n\t<meta name=\"twitter:data1\" content=\"1 minuto\" \/>\n<script type=\"application\/ld+json\" class=\"yoast-schema-graph\">{\"@context\":\"https:\/\/schema.org\",\"@graph\":[{\"@type\":\"WebPage\",\"@id\":\"https:\/\/www.iplay.com\/es\/games\/world-wonders-2-collectors-edition\/\",\"url\":\"https:\/\/www.iplay.com\/es\/games\/world-wonders-2-collectors-edition\/\",\"name\":\"World Wonders 2: \u00a1Es hora de explorar lugares famosos!\",\"isPartOf\":{\"@id\":\"https:\/\/www.iplay.com\/en\/#website\"},\"primaryImageOfPage\":{\"@id\":\"https:\/\/www.iplay.com\/es\/games\/world-wonders-2-collectors-edition\/#primaryimage\"},\"image\":{\"@id\":\"https:\/\/www.iplay.com\/es\/games\/world-wonders-2-collectors-edition\/#primaryimage\"},\"thumbnailUrl\":\"https:\/\/www.iplay.com\/wp-content\/uploads\/2025\/06\/world_wonders_2_collectors_edition_large_square_tile_image.webp\",\"datePublished\":\"2025-06-04T09:00:41+00:00\",\"dateModified\":\"2025-06-12T12:07:13+00:00\",\"description\":\"\u00a1Exploras lugares famosos de todo el mundo y encuentras secretos ocultos en cada uno!\",\"breadcrumb\":{\"@id\":\"https:\/\/www.iplay.com\/es\/games\/world-wonders-2-collectors-edition\/#breadcrumb\"},\"inLanguage\":\"es\",\"potentialAction\":[{\"@type\":\"ReadAction\",\"target\":[\"https:\/\/www.iplay.com\/es\/games\/world-wonders-2-collectors-edition\/\"]}]},{\"@type\":\"ImageObject\",\"inLanguage\":\"es\",\"@id\":\"https:\/\/www.iplay.com\/es\/games\/world-wonders-2-collectors-edition\/#primaryimage\",\"url\":\"https:\/\/www.iplay.com\/wp-content\/uploads\/2025\/06\/world_wonders_2_collectors_edition_large_square_tile_image.webp\",\"contentUrl\":\"https:\/\/www.iplay.com\/wp-content\/uploads\/2025\/06\/world_wonders_2_collectors_edition_large_square_tile_image.webp\",\"width\":310,\"height\":310},{\"@type\":\"BreadcrumbList\",\"@id\":\"https:\/\/www.iplay.com\/es\/games\/world-wonders-2-collectors-edition\/#breadcrumb\",\"itemListElement\":[{\"@type\":\"ListItem\",\"position\":1,\"name\":\"Home\",\"item\":\"https:\/\/www.iplay.com\/es\/home-page-2\/\"},{\"@type\":\"ListItem\",\"position\":2,\"name\":\"Shop\",\"item\":\"https:\/\/www.iplay.com\/en\/shop\/\"},{\"@type\":\"ListItem\",\"position\":3,\"name\":\"World Wonders 2 Collector&#8217;s Edition\"}]},{\"@type\":\"WebSite\",\"@id\":\"https:\/\/www.iplay.com\/en\/#website\",\"url\":\"https:\/\/www.iplay.com\/en\/\",\"name\":\"IPlay\",\"description\":\"The Best Casual Games!\",\"publisher\":{\"@id\":\"https:\/\/www.iplay.com\/en\/#organization\"},\"potentialAction\":[{\"@type\":\"SearchAction\",\"target\":{\"@type\":\"EntryPoint\",\"urlTemplate\":\"https:\/\/www.iplay.com\/en\/?s={search_term_string}\"},\"query-input\":{\"@type\":\"PropertyValueSpecification\",\"valueRequired\":true,\"valueName\":\"search_term_string\"}}],\"inLanguage\":\"es\"},{\"@type\":\"Organization\",\"@id\":\"https:\/\/www.iplay.com\/en\/#organization\",\"name\":\"IPlay\",\"url\":\"https:\/\/www.iplay.com\/en\/\",\"logo\":{\"@type\":\"ImageObject\",\"inLanguage\":\"es\",\"@id\":\"https:\/\/www.iplay.com\/en\/#\/schema\/logo\/image\/\",\"url\":\"https:\/\/www.iplay.com\/wp-content\/uploads\/2023\/11\/Group-6100.svg\",\"contentUrl\":\"https:\/\/www.iplay.com\/wp-content\/uploads\/2023\/11\/Group-6100.svg\",\"width\":98,\"height\":25,\"caption\":\"IPlay\"},\"image\":{\"@id\":\"https:\/\/www.iplay.com\/en\/#\/schema\/logo\/image\/\"}}]}<\/script>\n<!-- \/ Yoast SEO Premium plugin. -->","yoast_head_json":{"title":"World Wonders 2: \u00a1Es hora de explorar lugares famosos!","description":"\u00a1Exploras lugares famosos de todo el mundo y encuentras secretos ocultos en cada uno!","robots":{"index":"index","follow":"follow","max-snippet":"max-snippet:-1","max-image-preview":"max-image-preview:large","max-video-preview":"max-video-preview:-1"},"canonical":"https:\/\/www.iplay.com\/es\/games\/world-wonders-2-collectors-edition\/","og_locale":"es_ES","og_type":"article","og_title":"World Wonders 2 Collector's Edition","og_description":"\u00a1Exploras lugares famosos de todo el mundo y encuentras secretos ocultos en cada uno!","og_url":"https:\/\/www.iplay.com\/es\/games\/world-wonders-2-collectors-edition\/","og_site_name":"IPlay","article_modified_time":"2025-06-12T12:07:13+00:00","og_image":[{"width":310,"height":310,"url":"https:\/\/www.iplay.com\/wp-content\/uploads\/2025\/06\/world_wonders_2_collectors_edition_large_square_tile_image.webp","type":"image\/webp"}],"twitter_card":"summary_large_image","twitter_misc":{"Est. reading time":"1 minuto"},"schema":{"@context":"https:\/\/schema.org","@graph":[{"@type":"WebPage","@id":"https:\/\/www.iplay.com\/es\/games\/world-wonders-2-collectors-edition\/","url":"https:\/\/www.iplay.com\/es\/games\/world-wonders-2-collectors-edition\/","name":"World Wonders 2: \u00a1Es hora de explorar lugares famosos!","isPartOf":{"@id":"https:\/\/www.iplay.com\/en\/#website"},"primaryImageOfPage":{"@id":"https:\/\/www.iplay.com\/es\/games\/world-wonders-2-collectors-edition\/#primaryimage"},"image":{"@id":"https:\/\/www.iplay.com\/es\/games\/world-wonders-2-collectors-edition\/#primaryimage"},"thumbnailUrl":"https:\/\/www.iplay.com\/wp-content\/uploads\/2025\/06\/world_wonders_2_collectors_edition_large_square_tile_image.webp","datePublished":"2025-06-04T09:00:41+00:00","dateModified":"2025-06-12T12:07:13+00:00","description":"\u00a1Exploras lugares famosos de todo el mundo y encuentras secretos ocultos en cada uno!","breadcrumb":{"@id":"https:\/\/www.iplay.com\/es\/games\/world-wonders-2-collectors-edition\/#breadcrumb"},"inLanguage":"es","potentialAction":[{"@type":"ReadAction","target":["https:\/\/www.iplay.com\/es\/games\/world-wonders-2-collectors-edition\/"]}]},{"@type":"ImageObject","inLanguage":"es","@id":"https:\/\/www.iplay.com\/es\/games\/world-wonders-2-collectors-edition\/#primaryimage","url":"https:\/\/www.iplay.com\/wp-content\/uploads\/2025\/06\/world_wonders_2_collectors_edition_large_square_tile_image.webp","contentUrl":"https:\/\/www.iplay.com\/wp-content\/uploads\/2025\/06\/world_wonders_2_collectors_edition_large_square_tile_image.webp","width":310,"height":310},{"@type":"BreadcrumbList","@id":"https:\/\/www.iplay.com\/es\/games\/world-wonders-2-collectors-edition\/#breadcrumb","itemListElement":[{"@type":"ListItem","position":1,"name":"Home","item":"https:\/\/www.iplay.com\/es\/home-page-2\/"},{"@type":"ListItem","position":2,"name":"Shop","item":"https:\/\/www.iplay.com\/en\/shop\/"},{"@type":"ListItem","position":3,"name":"World Wonders 2 Collector&#8217;s Edition"}]},{"@type":"WebSite","@id":"https:\/\/www.iplay.com\/en\/#website","url":"https:\/\/www.iplay.com\/en\/","name":"IPlay","description":"The Best Casual Games!","publisher":{"@id":"https:\/\/www.iplay.com\/en\/#organization"},"potentialAction":[{"@type":"SearchAction","target":{"@type":"EntryPoint","urlTemplate":"https:\/\/www.iplay.com\/en\/?s={search_term_string}"},"query-input":{"@type":"PropertyValueSpecification","valueRequired":true,"valueName":"search_term_string"}}],"inLanguage":"es"},{"@type":"Organization","@id":"https:\/\/www.iplay.com\/en\/#organization","name":"IPlay","url":"https:\/\/www.iplay.com\/en\/","logo":{"@type":"ImageObject","inLanguage":"es","@id":"https:\/\/www.iplay.com\/en\/#\/schema\/logo\/image\/","url":"https:\/\/www.iplay.com\/wp-content\/uploads\/2023\/11\/Group-6100.svg","contentUrl":"https:\/\/www.iplay.com\/wp-content\/uploads\/2023\/11\/Group-6100.svg","width":98,"height":25,"caption":"IPlay"},"image":{"@id":"https:\/\/www.iplay.com\/en\/#\/schema\/logo\/image\/"}}]}},"_links":{"self":[{"href":"https:\/\/www.iplay.com\/es\/wp-json\/wp\/v2\/product\/138522","targetHints":{"allow":["GET"]}}],"collection":[{"href":"https:\/\/www.iplay.com\/es\/wp-json\/wp\/v2\/product"}],"about":[{"href":"https:\/\/www.iplay.com\/es\/wp-json\/wp\/v2\/types\/product"}],"author":[{"embeddable":true,"href":"https:\/\/www.iplay.com\/es\/wp-json\/wp\/v2\/users\/13"}],"replies":[{"embeddable":true,"href":"https:\/\/www.iplay.com\/es\/wp-json\/wp\/v2\/comments?post=138522"}],"wp:featuredmedia":[{"embeddable":true,"href":"https:\/\/www.iplay.com\/es\/wp-json\/wp\/v2\/media\/138043"}],"wp:attachment":[{"href":"https:\/\/www.iplay.com\/es\/wp-json\/wp\/v2\/media?parent=138522"}],"wp:term":[{"taxonomy":"product_brand","embeddable":true,"href":"https:\/\/www.iplay.com\/es\/wp-json\/wp\/v2\/product_brand?post=138522"},{"taxonomy":"product_cat","embeddable":true,"href":"https:\/\/www.iplay.com\/es\/wp-json\/wp\/v2\/product_cat?post=138522"},{"taxonomy":"product_tag","embeddable":true,"href":"https:\/\/www.iplay.com\/es\/wp-json\/wp\/v2\/product_tag?post=138522"}],"curies":[{"name":"wp","href":"https:\/\/api.w.org\/{rel}","templated":true}]}}