{"id":138491,"date":"2025-06-16T08:30:28","date_gmt":"2025-06-16T08:30:28","guid":{"rendered":"https:\/\/www.iplay.com\/?post_type=product&p=138491"},"modified":"2025-06-12T12:05:21","modified_gmt":"2025-06-12T12:05:21","slug":"tell-a-story","status":"publish","type":"product","link":"https:\/\/www.iplay.com\/es\/games\/tell-a-story\/","title":{"rendered":"Tell A Story"},"content":{"rendered":"<p class=\"whitespace-normal break-words ai-optimize-25 ai-optimize-introduction\">Usted ayuda a los ni\u00f1os a aprender a contar historias con im\u00e1genes. Su hijo coloca las escenas mezcladas en el orden correcto para que tengan sentido. <\/p>\n<p class=\"whitespace-normal break-words ai-optimize-26\">Los ni\u00f1os miran las im\u00e1genes y se dan cuenta de lo que sucede a continuaci\u00f3n. Aprenden a pensar con claridad y a construir mejores oraciones. <\/p>\n<p class=\"whitespace-normal break-words ai-optimize-27\">El juego tiene tres niveles de dificultad que crecen con su hijo. Los ni\u00f1os m\u00e1s peque\u00f1os reciben historias simples, mientras que los mayores reciben rompecabezas m\u00e1s dif\u00edciles. <\/p>\n<p>&nbsp;<\/p>\n<p class=\"whitespace-normal break-words ai-optimize-28\"><strong>Funciones<\/strong><\/p>\n<ul class=\"[&amp;:not(:last-child)_ul]:pb-1 [&amp;:not(:last-child)_ol]:pb-1 list-disc space-y-1.5 pl-7\">\n<li class=\"whitespace-normal break-words ai-optimize-29\">Ayude a los ni\u00f1os a aprender a hablar y a pensar con claridad con historias ilustradas<\/li>\n<li class=\"whitespace-normal break-words ai-optimize-30\">Mejorar las habilidades de resoluci\u00f3n de problemas a trav\u00e9s del orden y el razonamiento<\/li>\n<li class=\"whitespace-normal break-words ai-optimize-31\">Juega con im\u00e1genes coloridas y realistas que hacen que las historias sean divertidas<\/li>\n<li class=\"whitespace-normal break-words ai-optimize-32\">Elige entre tres niveles de dificultad para diferentes edades<\/li>\n<li class=\"whitespace-normal break-words ai-optimize-33\">Deje que los ni\u00f1os cuenten sus propias historias y expliquen sus elecciones<\/li>\n<\/ul>\n","protected":false},"excerpt":{"rendered":"<p>Tell A Story es un atractivo juego educativo dise\u00f1ado para fortalecer las habilidades cognitivas y de narraci\u00f3n de cuentos de los ni\u00f1os.<\/p>\n","protected":false},"author":320,"featured_media":138355,"comment_status":"open","ping_status":"closed","template":"","meta":{"_acf_changed":false,"inline_featured_image":false},"product_brand":[],"product_cat":[192,199],"product_tag":[288],"class_list":{"0":"post-138491","1":"product","2":"type-product","3":"status-publish","4":"has-post-thumbnail","6":"product_cat-puzzle-es","7":"product_cat-removed-content-es","8":"product_tag-play-on-pc-es","10":"first","11":"instock","12":"shipping-taxable","13":"purchasable","14":"product-type-simple"},"acf":[],"yoast_head":"<!-- This site is optimized with the Yoast SEO Premium plugin v25.2 (Yoast SEO v25.2) - https:\/\/yoast.com\/wordpress\/plugins\/seo\/ -->\n<title>Contar una historia: crear cuentos con secuencias de im\u00e1genes<\/title>\n<meta name=\"description\" content=\"Tell A Story es un atractivo juego educativo dise\u00f1ado para fortalecer las habilidades cognitivas y de narraci\u00f3n de cuentos de los ni\u00f1os.\" \/>\n<meta name=\"robots\" content=\"index, follow, max-snippet:-1, max-image-preview:large, max-video-preview:-1\" \/>\n<link rel=\"canonical\" href=\"https:\/\/www.iplay.com\/en\/games\/tell-a-story\/\" \/>\n<meta property=\"og:locale\" content=\"es_ES\" \/>\n<meta property=\"og:type\" content=\"article\" \/>\n<meta property=\"og:title\" content=\"Tell A Story\" \/>\n<meta property=\"og:description\" content=\"Tell A Story es un atractivo juego educativo dise\u00f1ado para fortalecer las habilidades cognitivas y de narraci\u00f3n de cuentos de los ni\u00f1os.\" \/>\n<meta property=\"og:url\" content=\"https:\/\/www.iplay.com\/en\/games\/tell-a-story\/\" \/>\n<meta property=\"og:site_name\" content=\"IPlay\" \/>\n<meta property=\"og:image\" content=\"https:\/\/www.iplay.com\/wp-content\/uploads\/2025\/06\/tell_a_story_large_video_screenshot.webp\" \/>\n\t<meta property=\"og:image:width\" content=\"715\" \/>\n\t<meta property=\"og:image:height\" content=\"485\" \/>\n\t<meta property=\"og:image:type\" content=\"image\/webp\" \/>\n<meta name=\"twitter:card\" content=\"summary_large_image\" \/>\n<meta name=\"twitter:label1\" content=\"Est. reading time\" \/>\n\t<meta name=\"twitter:data1\" content=\"1 minuto\" \/>\n<script type=\"application\/ld+json\" class=\"yoast-schema-graph\">{\"@context\":\"https:\/\/schema.org\",\"@graph\":[{\"@type\":\"WebPage\",\"@id\":\"https:\/\/www.iplay.com\/en\/games\/tell-a-story\/\",\"url\":\"https:\/\/www.iplay.com\/en\/games\/tell-a-story\/\",\"name\":\"Contar una historia: crear cuentos con secuencias de im\u00e1genes\",\"isPartOf\":{\"@id\":\"https:\/\/www.iplay.com\/en\/#website\"},\"primaryImageOfPage\":{\"@id\":\"https:\/\/www.iplay.com\/en\/games\/tell-a-story\/#primaryimage\"},\"image\":{\"@id\":\"https:\/\/www.iplay.com\/en\/games\/tell-a-story\/#primaryimage\"},\"thumbnailUrl\":\"https:\/\/www.iplay.com\/wp-content\/uploads\/2025\/06\/tell_a_story_large_square_tile_image.webp\",\"datePublished\":\"2025-06-16T08:30:28+00:00\",\"description\":\"Tell A Story es un atractivo juego educativo dise\u00f1ado para fortalecer las habilidades cognitivas y de narraci\u00f3n de cuentos de los ni\u00f1os.\",\"breadcrumb\":{\"@id\":\"https:\/\/www.iplay.com\/en\/games\/tell-a-story\/#breadcrumb\"},\"inLanguage\":\"es\",\"potentialAction\":[{\"@type\":\"ReadAction\",\"target\":[\"https:\/\/www.iplay.com\/en\/games\/tell-a-story\/\"]}]},{\"@type\":\"ImageObject\",\"inLanguage\":\"es\",\"@id\":\"https:\/\/www.iplay.com\/en\/games\/tell-a-story\/#primaryimage\",\"url\":\"https:\/\/www.iplay.com\/wp-content\/uploads\/2025\/06\/tell_a_story_large_square_tile_image.webp\",\"contentUrl\":\"https:\/\/www.iplay.com\/wp-content\/uploads\/2025\/06\/tell_a_story_large_square_tile_image.webp\",\"width\":310,\"height\":310},{\"@type\":\"BreadcrumbList\",\"@id\":\"https:\/\/www.iplay.com\/en\/games\/tell-a-story\/#breadcrumb\",\"itemListElement\":[{\"@type\":\"ListItem\",\"position\":1,\"name\":\"Home\",\"item\":\"https:\/\/www.iplay.com\/es\/home-page-2\/\"},{\"@type\":\"ListItem\",\"position\":2,\"name\":\"Shop\",\"item\":\"https:\/\/www.iplay.com\/en\/shop\/\"},{\"@type\":\"ListItem\",\"position\":3,\"name\":\"Tell A Story\"}]},{\"@type\":\"WebSite\",\"@id\":\"https:\/\/www.iplay.com\/en\/#website\",\"url\":\"https:\/\/www.iplay.com\/en\/\",\"name\":\"IPlay\",\"description\":\"The Best Casual Games!\",\"publisher\":{\"@id\":\"https:\/\/www.iplay.com\/en\/#organization\"},\"potentialAction\":[{\"@type\":\"SearchAction\",\"target\":{\"@type\":\"EntryPoint\",\"urlTemplate\":\"https:\/\/www.iplay.com\/en\/?s={search_term_string}\"},\"query-input\":{\"@type\":\"PropertyValueSpecification\",\"valueRequired\":true,\"valueName\":\"search_term_string\"}}],\"inLanguage\":\"es\"},{\"@type\":\"Organization\",\"@id\":\"https:\/\/www.iplay.com\/en\/#organization\",\"name\":\"IPlay\",\"url\":\"https:\/\/www.iplay.com\/en\/\",\"logo\":{\"@type\":\"ImageObject\",\"inLanguage\":\"es\",\"@id\":\"https:\/\/www.iplay.com\/en\/#\/schema\/logo\/image\/\",\"url\":\"https:\/\/www.iplay.com\/wp-content\/uploads\/2023\/11\/Group-6100.svg\",\"contentUrl\":\"https:\/\/www.iplay.com\/wp-content\/uploads\/2023\/11\/Group-6100.svg\",\"width\":98,\"height\":25,\"caption\":\"IPlay\"},\"image\":{\"@id\":\"https:\/\/www.iplay.com\/en\/#\/schema\/logo\/image\/\"}}]}<\/script>\n<!-- \/ Yoast SEO Premium plugin. -->","yoast_head_json":{"title":"Contar una historia: crear cuentos con secuencias de im\u00e1genes","description":"Tell A Story es un atractivo juego educativo dise\u00f1ado para fortalecer las habilidades cognitivas y de narraci\u00f3n de cuentos de los ni\u00f1os.","robots":{"index":"index","follow":"follow","max-snippet":"max-snippet:-1","max-image-preview":"max-image-preview:large","max-video-preview":"max-video-preview:-1"},"canonical":"https:\/\/www.iplay.com\/en\/games\/tell-a-story\/","og_locale":"es_ES","og_type":"article","og_title":"Tell A Story","og_description":"Tell A Story es un atractivo juego educativo dise\u00f1ado para fortalecer las habilidades cognitivas y de narraci\u00f3n de cuentos de los ni\u00f1os.","og_url":"https:\/\/www.iplay.com\/en\/games\/tell-a-story\/","og_site_name":"IPlay","og_image":[{"width":715,"height":485,"url":"https:\/\/www.iplay.com\/wp-content\/uploads\/2025\/06\/tell_a_story_large_video_screenshot.webp","type":"image\/webp"}],"twitter_card":"summary_large_image","twitter_misc":{"Est. reading time":"1 minuto"},"schema":{"@context":"https:\/\/schema.org","@graph":[{"@type":"WebPage","@id":"https:\/\/www.iplay.com\/en\/games\/tell-a-story\/","url":"https:\/\/www.iplay.com\/en\/games\/tell-a-story\/","name":"Contar una historia: crear cuentos con secuencias de im\u00e1genes","isPartOf":{"@id":"https:\/\/www.iplay.com\/en\/#website"},"primaryImageOfPage":{"@id":"https:\/\/www.iplay.com\/en\/games\/tell-a-story\/#primaryimage"},"image":{"@id":"https:\/\/www.iplay.com\/en\/games\/tell-a-story\/#primaryimage"},"thumbnailUrl":"https:\/\/www.iplay.com\/wp-content\/uploads\/2025\/06\/tell_a_story_large_square_tile_image.webp","datePublished":"2025-06-16T08:30:28+00:00","description":"Tell A Story es un atractivo juego educativo dise\u00f1ado para fortalecer las habilidades cognitivas y de narraci\u00f3n de cuentos de los ni\u00f1os.","breadcrumb":{"@id":"https:\/\/www.iplay.com\/en\/games\/tell-a-story\/#breadcrumb"},"inLanguage":"es","potentialAction":[{"@type":"ReadAction","target":["https:\/\/www.iplay.com\/en\/games\/tell-a-story\/"]}]},{"@type":"ImageObject","inLanguage":"es","@id":"https:\/\/www.iplay.com\/en\/games\/tell-a-story\/#primaryimage","url":"https:\/\/www.iplay.com\/wp-content\/uploads\/2025\/06\/tell_a_story_large_square_tile_image.webp","contentUrl":"https:\/\/www.iplay.com\/wp-content\/uploads\/2025\/06\/tell_a_story_large_square_tile_image.webp","width":310,"height":310},{"@type":"BreadcrumbList","@id":"https:\/\/www.iplay.com\/en\/games\/tell-a-story\/#breadcrumb","itemListElement":[{"@type":"ListItem","position":1,"name":"Home","item":"https:\/\/www.iplay.com\/es\/home-page-2\/"},{"@type":"ListItem","position":2,"name":"Shop","item":"https:\/\/www.iplay.com\/en\/shop\/"},{"@type":"ListItem","position":3,"name":"Tell A Story"}]},{"@type":"WebSite","@id":"https:\/\/www.iplay.com\/en\/#website","url":"https:\/\/www.iplay.com\/en\/","name":"IPlay","description":"The Best Casual Games!","publisher":{"@id":"https:\/\/www.iplay.com\/en\/#organization"},"potentialAction":[{"@type":"SearchAction","target":{"@type":"EntryPoint","urlTemplate":"https:\/\/www.iplay.com\/en\/?s={search_term_string}"},"query-input":{"@type":"PropertyValueSpecification","valueRequired":true,"valueName":"search_term_string"}}],"inLanguage":"es"},{"@type":"Organization","@id":"https:\/\/www.iplay.com\/en\/#organization","name":"IPlay","url":"https:\/\/www.iplay.com\/en\/","logo":{"@type":"ImageObject","inLanguage":"es","@id":"https:\/\/www.iplay.com\/en\/#\/schema\/logo\/image\/","url":"https:\/\/www.iplay.com\/wp-content\/uploads\/2023\/11\/Group-6100.svg","contentUrl":"https:\/\/www.iplay.com\/wp-content\/uploads\/2023\/11\/Group-6100.svg","width":98,"height":25,"caption":"IPlay"},"image":{"@id":"https:\/\/www.iplay.com\/en\/#\/schema\/logo\/image\/"}}]}},"_links":{"self":[{"href":"https:\/\/www.iplay.com\/es\/wp-json\/wp\/v2\/product\/138491","targetHints":{"allow":["GET"]}}],"collection":[{"href":"https:\/\/www.iplay.com\/es\/wp-json\/wp\/v2\/product"}],"about":[{"href":"https:\/\/www.iplay.com\/es\/wp-json\/wp\/v2\/types\/product"}],"author":[{"embeddable":true,"href":"https:\/\/www.iplay.com\/es\/wp-json\/wp\/v2\/users\/320"}],"replies":[{"embeddable":true,"href":"https:\/\/www.iplay.com\/es\/wp-json\/wp\/v2\/comments?post=138491"}],"wp:featuredmedia":[{"embeddable":true,"href":"https:\/\/www.iplay.com\/es\/wp-json\/wp\/v2\/media\/138355"}],"wp:attachment":[{"href":"https:\/\/www.iplay.com\/es\/wp-json\/wp\/v2\/media?parent=138491"}],"wp:term":[{"taxonomy":"product_brand","embeddable":true,"href":"https:\/\/www.iplay.com\/es\/wp-json\/wp\/v2\/product_brand?post=138491"},{"taxonomy":"product_cat","embeddable":true,"href":"https:\/\/www.iplay.com\/es\/wp-json\/wp\/v2\/product_cat?post=138491"},{"taxonomy":"product_tag","embeddable":true,"href":"https:\/\/www.iplay.com\/es\/wp-json\/wp\/v2\/product_tag?post=138491"}],"curies":[{"name":"wp","href":"https:\/\/api.w.org\/{rel}","templated":true}]}}