{"id":137718,"date":"2020-09-29T00:00:00","date_gmt":"2020-09-29T00:00:00","guid":{"rendered":"https:\/\/www.iplay.com\/games\/mystic-escape-diary-of-a-prisoner\/"},"modified":"2020-09-29T00:00:00","modified_gmt":"2020-09-29T00:00:00","slug":"mystic-escape-diary-of-a-prisoner","status":"publish","type":"product","link":"https:\/\/www.iplay.com\/es\/games\/mystic-escape-diary-of-a-prisoner\/","title":{"rendered":"Mystic Escape &#8211; Diary of a Prisoner"},"content":{"rendered":"<p>Emb\u00e1rcate en un nuevo viaje lleno de acertijos dif\u00edciles en un entorno que recuerda a Jap\u00f3n. Experimenta la emoci\u00f3n de un nuevo juego de escape de habitaciones en una isla misteriosa trabajando a trav\u00e9s de desafiantes acertijos entre paisajes impresionantes. Entr\u00e9gate a esta compleja y cautivadora historia. Descubre enigm\u00e1ticos objetos ocultos y pistas en la isla que podr\u00edan indicarte la direcci\u00f3n de una escapada espectacular o incluso de algo a\u00fan m\u00e1s \u00fanico. Cuando te despiertas en un barco en medio del oc\u00e9ano, descubres que tus recuerdos se han ido. La respuesta est\u00e1 en alg\u00fan lugar lejano, y todo lo que se puede ver a lo lejos es una isla. Este lugar tiene el ambiente de una prisi\u00f3n. Hay momentos en los que vislumbras a una chica impresionante que te gu\u00eda en alguna direcci\u00f3n. Sin embargo, hay obst\u00e1culos en tu camino y una fuerza mal\u00e9vola que intenta imped\u00edrtelo. Acepta el reto y desenreda la telara\u00f1a de tu pasado olvidado para reconstruir el diario de los acontecimientos que ocurrieron en la isla. Hay varios acertijos dif\u00edciles y l\u00f3gicos en cada nivel. Pasar\u00e1s varias horas divirti\u00e9ndote en este fascinante y enigm\u00e1tico universo lejano en 3D ambientado en Jap\u00f3n. Para obtener las soluciones, siga las notas que dej\u00f3 un individuo desconocido. Tienes una memoria en lo m\u00e1s profundo de ti que tiene la clave para desentra\u00f1ar los misterios de esta isla. El camino al futuro y sus misterios se encuentra aqu\u00ed, y la pista est\u00e1 en el pasado. Observa las cosas asombrosas a medida que suceden. Para tomar la mejor decisi\u00f3n, busca todas las pistas ocultas.                <\/p>\n<p>&nbsp;<\/p>\n<p>&nbsp;<\/p>\n<p><strong>Funciones:<\/strong><\/p>\n<p>&nbsp;<\/p>\n<p>&#8211; \u00a1Diversos lugares e interacciones improvisadas!<\/p>\n<p>&#8211; Varios acertijos confusos<\/p>\n","protected":false},"excerpt":{"rendered":"<p>Emb\u00e1rcate en un nuevo viaje lleno de acertijos dif\u00edciles en Mystic Escape: Diary of a Prisoner.<\/p>\n","protected":false},"author":131,"featured_media":82053,"comment_status":"open","ping_status":"closed","template":"","meta":{"_acf_changed":false,"inline_featured_image":false},"product_brand":[],"product_cat":[199],"product_tag":[],"class_list":{"0":"post-137718","1":"product","2":"type-product","3":"status-publish","4":"has-post-thumbnail","6":"product_cat-removed-content-es","8":"first","9":"instock","10":"shipping-taxable","11":"purchasable","12":"product-type-simple"},"acf":[],"yoast_head":"<!-- This site is optimized with the Yoast SEO Premium plugin v25.2 (Yoast SEO v25.2) - https:\/\/yoast.com\/wordpress\/plugins\/seo\/ -->\n<title>Mystic Escape - Diario de un prisionero - Sum\u00e9rgete en un cautivador plan de escape m\u00edstico<\/title>\n<meta name=\"description\" content=\"Emb\u00e1rcate en un nuevo viaje lleno de acertijos dif\u00edciles en Mystic Escape: Diary of a Prisoner.\" \/>\n<meta name=\"robots\" content=\"index, follow, max-snippet:-1, max-image-preview:large, max-video-preview:-1\" \/>\n<link rel=\"canonical\" href=\"https:\/\/www.iplay.com\/es\/games\/mystic-escape-diary-of-a-prisoner\/\" \/>\n<meta property=\"og:locale\" content=\"es_ES\" \/>\n<meta property=\"og:type\" content=\"article\" \/>\n<meta property=\"og:title\" content=\"Mystic Escape - Diary of a Prisoner\" \/>\n<meta property=\"og:description\" content=\"Emb\u00e1rcate en un nuevo viaje lleno de acertijos dif\u00edciles en Mystic Escape: Diary of a Prisoner.\" \/>\n<meta property=\"og:url\" content=\"https:\/\/www.iplay.com\/es\/games\/mystic-escape-diary-of-a-prisoner\/\" \/>\n<meta property=\"og:site_name\" content=\"IPlay\" \/>\n<meta property=\"og:image\" content=\"https:\/\/www.iplay.com\/wp-content\/uploads\/2023\/12\/large_square_tile_image-2634.jpg\" \/>\n\t<meta property=\"og:image:width\" content=\"310\" \/>\n\t<meta property=\"og:image:height\" content=\"310\" \/>\n\t<meta property=\"og:image:type\" content=\"image\/jpeg\" \/>\n<meta name=\"twitter:card\" content=\"summary_large_image\" \/>\n<meta name=\"twitter:label1\" content=\"Est. reading time\" \/>\n\t<meta name=\"twitter:data1\" content=\"2 minutos\" \/>\n<script type=\"application\/ld+json\" class=\"yoast-schema-graph\">{\"@context\":\"https:\/\/schema.org\",\"@graph\":[{\"@type\":\"WebPage\",\"@id\":\"https:\/\/www.iplay.com\/es\/games\/mystic-escape-diary-of-a-prisoner\/\",\"url\":\"https:\/\/www.iplay.com\/es\/games\/mystic-escape-diary-of-a-prisoner\/\",\"name\":\"Mystic Escape - Diario de un prisionero - Sum\u00e9rgete en un cautivador plan de escape m\u00edstico\",\"isPartOf\":{\"@id\":\"https:\/\/www.iplay.com\/en\/#website\"},\"primaryImageOfPage\":{\"@id\":\"https:\/\/www.iplay.com\/es\/games\/mystic-escape-diary-of-a-prisoner\/#primaryimage\"},\"image\":{\"@id\":\"https:\/\/www.iplay.com\/es\/games\/mystic-escape-diary-of-a-prisoner\/#primaryimage\"},\"thumbnailUrl\":\"https:\/\/www.iplay.com\/wp-content\/uploads\/2023\/12\/large_square_tile_image-2634.jpg\",\"datePublished\":\"2020-09-29T00:00:00+00:00\",\"description\":\"Emb\u00e1rcate en un nuevo viaje lleno de acertijos dif\u00edciles en Mystic Escape: Diary of a Prisoner.\",\"breadcrumb\":{\"@id\":\"https:\/\/www.iplay.com\/es\/games\/mystic-escape-diary-of-a-prisoner\/#breadcrumb\"},\"inLanguage\":\"es\",\"potentialAction\":[{\"@type\":\"ReadAction\",\"target\":[\"https:\/\/www.iplay.com\/es\/games\/mystic-escape-diary-of-a-prisoner\/\"]}]},{\"@type\":\"ImageObject\",\"inLanguage\":\"es\",\"@id\":\"https:\/\/www.iplay.com\/es\/games\/mystic-escape-diary-of-a-prisoner\/#primaryimage\",\"url\":\"https:\/\/www.iplay.com\/wp-content\/uploads\/2023\/12\/large_square_tile_image-2634.jpg\",\"contentUrl\":\"https:\/\/www.iplay.com\/wp-content\/uploads\/2023\/12\/large_square_tile_image-2634.jpg\",\"width\":310,\"height\":310},{\"@type\":\"BreadcrumbList\",\"@id\":\"https:\/\/www.iplay.com\/es\/games\/mystic-escape-diary-of-a-prisoner\/#breadcrumb\",\"itemListElement\":[{\"@type\":\"ListItem\",\"position\":1,\"name\":\"Home\",\"item\":\"https:\/\/www.iplay.com\/es\/home-page-2\/\"},{\"@type\":\"ListItem\",\"position\":2,\"name\":\"Shop\",\"item\":\"https:\/\/www.iplay.com\/en\/shop\/\"},{\"@type\":\"ListItem\",\"position\":3,\"name\":\"Mystic Escape &#8211; Diary of a Prisoner\"}]},{\"@type\":\"WebSite\",\"@id\":\"https:\/\/www.iplay.com\/en\/#website\",\"url\":\"https:\/\/www.iplay.com\/en\/\",\"name\":\"IPlay\",\"description\":\"The Best Casual Games!\",\"publisher\":{\"@id\":\"https:\/\/www.iplay.com\/en\/#organization\"},\"potentialAction\":[{\"@type\":\"SearchAction\",\"target\":{\"@type\":\"EntryPoint\",\"urlTemplate\":\"https:\/\/www.iplay.com\/en\/?s={search_term_string}\"},\"query-input\":{\"@type\":\"PropertyValueSpecification\",\"valueRequired\":true,\"valueName\":\"search_term_string\"}}],\"inLanguage\":\"es\"},{\"@type\":\"Organization\",\"@id\":\"https:\/\/www.iplay.com\/en\/#organization\",\"name\":\"IPlay\",\"url\":\"https:\/\/www.iplay.com\/en\/\",\"logo\":{\"@type\":\"ImageObject\",\"inLanguage\":\"es\",\"@id\":\"https:\/\/www.iplay.com\/en\/#\/schema\/logo\/image\/\",\"url\":\"https:\/\/www.iplay.com\/wp-content\/uploads\/2023\/11\/Group-6100.svg\",\"contentUrl\":\"https:\/\/www.iplay.com\/wp-content\/uploads\/2023\/11\/Group-6100.svg\",\"width\":98,\"height\":25,\"caption\":\"IPlay\"},\"image\":{\"@id\":\"https:\/\/www.iplay.com\/en\/#\/schema\/logo\/image\/\"}}]}<\/script>\n<!-- \/ Yoast SEO Premium plugin. -->","yoast_head_json":{"title":"Mystic Escape - Diario de un prisionero - Sum\u00e9rgete en un cautivador plan de escape m\u00edstico","description":"Emb\u00e1rcate en un nuevo viaje lleno de acertijos dif\u00edciles en Mystic Escape: Diary of a Prisoner.","robots":{"index":"index","follow":"follow","max-snippet":"max-snippet:-1","max-image-preview":"max-image-preview:large","max-video-preview":"max-video-preview:-1"},"canonical":"https:\/\/www.iplay.com\/es\/games\/mystic-escape-diary-of-a-prisoner\/","og_locale":"es_ES","og_type":"article","og_title":"Mystic Escape - Diary of a Prisoner","og_description":"Emb\u00e1rcate en un nuevo viaje lleno de acertijos dif\u00edciles en Mystic Escape: Diary of a Prisoner.","og_url":"https:\/\/www.iplay.com\/es\/games\/mystic-escape-diary-of-a-prisoner\/","og_site_name":"IPlay","og_image":[{"width":310,"height":310,"url":"https:\/\/www.iplay.com\/wp-content\/uploads\/2023\/12\/large_square_tile_image-2634.jpg","type":"image\/jpeg"}],"twitter_card":"summary_large_image","twitter_misc":{"Est. reading time":"2 minutos"},"schema":{"@context":"https:\/\/schema.org","@graph":[{"@type":"WebPage","@id":"https:\/\/www.iplay.com\/es\/games\/mystic-escape-diary-of-a-prisoner\/","url":"https:\/\/www.iplay.com\/es\/games\/mystic-escape-diary-of-a-prisoner\/","name":"Mystic Escape - Diario de un prisionero - Sum\u00e9rgete en un cautivador plan de escape m\u00edstico","isPartOf":{"@id":"https:\/\/www.iplay.com\/en\/#website"},"primaryImageOfPage":{"@id":"https:\/\/www.iplay.com\/es\/games\/mystic-escape-diary-of-a-prisoner\/#primaryimage"},"image":{"@id":"https:\/\/www.iplay.com\/es\/games\/mystic-escape-diary-of-a-prisoner\/#primaryimage"},"thumbnailUrl":"https:\/\/www.iplay.com\/wp-content\/uploads\/2023\/12\/large_square_tile_image-2634.jpg","datePublished":"2020-09-29T00:00:00+00:00","description":"Emb\u00e1rcate en un nuevo viaje lleno de acertijos dif\u00edciles en Mystic Escape: Diary of a Prisoner.","breadcrumb":{"@id":"https:\/\/www.iplay.com\/es\/games\/mystic-escape-diary-of-a-prisoner\/#breadcrumb"},"inLanguage":"es","potentialAction":[{"@type":"ReadAction","target":["https:\/\/www.iplay.com\/es\/games\/mystic-escape-diary-of-a-prisoner\/"]}]},{"@type":"ImageObject","inLanguage":"es","@id":"https:\/\/www.iplay.com\/es\/games\/mystic-escape-diary-of-a-prisoner\/#primaryimage","url":"https:\/\/www.iplay.com\/wp-content\/uploads\/2023\/12\/large_square_tile_image-2634.jpg","contentUrl":"https:\/\/www.iplay.com\/wp-content\/uploads\/2023\/12\/large_square_tile_image-2634.jpg","width":310,"height":310},{"@type":"BreadcrumbList","@id":"https:\/\/www.iplay.com\/es\/games\/mystic-escape-diary-of-a-prisoner\/#breadcrumb","itemListElement":[{"@type":"ListItem","position":1,"name":"Home","item":"https:\/\/www.iplay.com\/es\/home-page-2\/"},{"@type":"ListItem","position":2,"name":"Shop","item":"https:\/\/www.iplay.com\/en\/shop\/"},{"@type":"ListItem","position":3,"name":"Mystic Escape &#8211; Diary of a Prisoner"}]},{"@type":"WebSite","@id":"https:\/\/www.iplay.com\/en\/#website","url":"https:\/\/www.iplay.com\/en\/","name":"IPlay","description":"The Best Casual Games!","publisher":{"@id":"https:\/\/www.iplay.com\/en\/#organization"},"potentialAction":[{"@type":"SearchAction","target":{"@type":"EntryPoint","urlTemplate":"https:\/\/www.iplay.com\/en\/?s={search_term_string}"},"query-input":{"@type":"PropertyValueSpecification","valueRequired":true,"valueName":"search_term_string"}}],"inLanguage":"es"},{"@type":"Organization","@id":"https:\/\/www.iplay.com\/en\/#organization","name":"IPlay","url":"https:\/\/www.iplay.com\/en\/","logo":{"@type":"ImageObject","inLanguage":"es","@id":"https:\/\/www.iplay.com\/en\/#\/schema\/logo\/image\/","url":"https:\/\/www.iplay.com\/wp-content\/uploads\/2023\/11\/Group-6100.svg","contentUrl":"https:\/\/www.iplay.com\/wp-content\/uploads\/2023\/11\/Group-6100.svg","width":98,"height":25,"caption":"IPlay"},"image":{"@id":"https:\/\/www.iplay.com\/en\/#\/schema\/logo\/image\/"}}]}},"_links":{"self":[{"href":"https:\/\/www.iplay.com\/es\/wp-json\/wp\/v2\/product\/137718","targetHints":{"allow":["GET"]}}],"collection":[{"href":"https:\/\/www.iplay.com\/es\/wp-json\/wp\/v2\/product"}],"about":[{"href":"https:\/\/www.iplay.com\/es\/wp-json\/wp\/v2\/types\/product"}],"author":[{"embeddable":true,"href":"https:\/\/www.iplay.com\/es\/wp-json\/wp\/v2\/users\/131"}],"replies":[{"embeddable":true,"href":"https:\/\/www.iplay.com\/es\/wp-json\/wp\/v2\/comments?post=137718"}],"wp:featuredmedia":[{"embeddable":true,"href":"https:\/\/www.iplay.com\/es\/wp-json\/wp\/v2\/media\/82053"}],"wp:attachment":[{"href":"https:\/\/www.iplay.com\/es\/wp-json\/wp\/v2\/media?parent=137718"}],"wp:term":[{"taxonomy":"product_brand","embeddable":true,"href":"https:\/\/www.iplay.com\/es\/wp-json\/wp\/v2\/product_brand?post=137718"},{"taxonomy":"product_cat","embeddable":true,"href":"https:\/\/www.iplay.com\/es\/wp-json\/wp\/v2\/product_cat?post=137718"},{"taxonomy":"product_tag","embeddable":true,"href":"https:\/\/www.iplay.com\/es\/wp-json\/wp\/v2\/product_tag?post=137718"}],"curies":[{"name":"wp","href":"https:\/\/api.w.org\/{rel}","templated":true}]}}