{"id":137659,"date":"2021-05-29T00:00:00","date_gmt":"2021-05-29T00:00:00","guid":{"rendered":"https:\/\/www.iplay.com\/games\/tasty-jigsaw-happy-hour-2\/"},"modified":"2021-05-29T00:00:00","modified_gmt":"2021-05-29T00:00:00","slug":"tasty-jigsaw-happy-hour-2","status":"publish","type":"product","link":"https:\/\/www.iplay.com\/es\/games\/tasty-jigsaw-happy-hour-2\/","title":{"rendered":"Tasty Jigsaw Happy Hour 2"},"content":{"rendered":"<p>\u00a1Rompecabezas con un tema culinario! \u00a1Con la ayuda del entretenido juego de rompecabezas Happy Hour 2, puedes disfrutar de deliciosas golosinas sin tener que salir de tu casa! Arma rompecabezas usando una variedad de partes y explora 500 im\u00e1genes de alta definici\u00f3n para aprender sobre la historia. \u00a1Ahora puedes viajar y jugar tu juego de rompecabezas favorito sin tener que salir de casa! \u00a1Puedes personalizar el nivel de dificultad de cada problema seg\u00fan tus preferencias! \u00a1Tu trabajo se puede guardar en cualquier momento! Un mont\u00f3n de ideas y caracter\u00edsticas combinadas con controles sencillos hacen que el juego sea m\u00e1s divertido. Tanto los novatos como los expertos en el g\u00e9nero de los juegos de rompecabezas pueden disfrutar de este t\u00edtulo.       <\/p>\n<p>&nbsp;<\/p>\n<p>&nbsp;<\/p>\n<p><strong>Funciones:<\/strong><\/p>\n<p>&nbsp;<\/p>\n<p>&#8211; 500 im\u00e1genes<br \/>\n \u00fanicas y de alta calidad- Jugabilidad bien dise\u00f1ada: consejos \u00fatiles, herramienta de clasificaci\u00f3n y lupa<br \/>\n&#8211; El control de dificultad del juego opcional permite un juego<br \/>\n sin fin- Estilos personalizados de piezas con rotaci\u00f3n<br \/>\n&#8211; Guarda el progreso del juego y contin\u00faa recogiendo el rompecabezas cuando quieras<br \/>\n&#8211; M\u00fasica<br \/>\n tranquila y relajante- 2 en 1: \u00a1un juego y una gu\u00eda tur\u00edstica para Londres! Compra 500 rompecabezas con una sola transacci\u00f3n.<\/p>\n","protected":false},"excerpt":{"rendered":"<p>Tasty Jigsaw Happy Hour 2 te permite deleitarte con deliciosas golosinas sin tener que salir de casa.<\/p>\n","protected":false},"author":13,"featured_media":104357,"comment_status":"open","ping_status":"closed","template":"","meta":{"_acf_changed":false,"inline_featured_image":false},"product_brand":[],"product_cat":[170],"product_tag":[288],"class_list":{"0":"post-137659","1":"product","2":"type-product","3":"status-publish","4":"has-post-thumbnail","6":"product_cat-jigsaw-es","7":"product_tag-play-on-pc-es","9":"first","10":"instock","11":"shipping-taxable","12":"purchasable","13":"product-type-simple"},"acf":[],"yoast_head":"<!-- This site is optimized with the Yoast SEO Premium plugin v25.2 (Yoast SEO v25.2) - https:\/\/yoast.com\/wordpress\/plugins\/seo\/ -->\n<title>Tasty Jigsaw Happy Hour 2 - Del\u00e9itate con deliciosos manjares en casa<\/title>\n<meta name=\"description\" content=\"Tasty Jigsaw Happy Hour 2 te permite deleitarte con deliciosas golosinas sin tener que salir de casa.\" \/>\n<meta name=\"robots\" content=\"index, follow, max-snippet:-1, max-image-preview:large, max-video-preview:-1\" \/>\n<link rel=\"canonical\" href=\"https:\/\/www.iplay.com\/es\/games\/tasty-jigsaw-happy-hour-2\/\" \/>\n<meta property=\"og:locale\" content=\"es_ES\" \/>\n<meta property=\"og:type\" content=\"article\" \/>\n<meta property=\"og:title\" content=\"Tasty Jigsaw Happy Hour 2\" \/>\n<meta property=\"og:description\" content=\"Tasty Jigsaw Happy Hour 2 te permite deleitarte con deliciosas golosinas sin tener que salir de casa.\" \/>\n<meta property=\"og:url\" content=\"https:\/\/www.iplay.com\/es\/games\/tasty-jigsaw-happy-hour-2\/\" \/>\n<meta property=\"og:site_name\" content=\"IPlay\" \/>\n<meta property=\"og:image\" content=\"https:\/\/www.iplay.com\/wp-content\/uploads\/2023\/12\/large_square_tile_image-4038.jpg\" \/>\n\t<meta property=\"og:image:width\" content=\"310\" \/>\n\t<meta property=\"og:image:height\" content=\"310\" \/>\n\t<meta property=\"og:image:type\" content=\"image\/jpeg\" \/>\n<meta name=\"twitter:card\" content=\"summary_large_image\" \/>\n<meta name=\"twitter:label1\" content=\"Est. reading time\" \/>\n\t<meta name=\"twitter:data1\" content=\"1 minuto\" \/>\n<script type=\"application\/ld+json\" class=\"yoast-schema-graph\">{\"@context\":\"https:\/\/schema.org\",\"@graph\":[{\"@type\":\"WebPage\",\"@id\":\"https:\/\/www.iplay.com\/es\/games\/tasty-jigsaw-happy-hour-2\/\",\"url\":\"https:\/\/www.iplay.com\/es\/games\/tasty-jigsaw-happy-hour-2\/\",\"name\":\"Tasty Jigsaw Happy Hour 2 - Del\u00e9itate con deliciosos manjares en casa\",\"isPartOf\":{\"@id\":\"https:\/\/www.iplay.com\/en\/#website\"},\"primaryImageOfPage\":{\"@id\":\"https:\/\/www.iplay.com\/es\/games\/tasty-jigsaw-happy-hour-2\/#primaryimage\"},\"image\":{\"@id\":\"https:\/\/www.iplay.com\/es\/games\/tasty-jigsaw-happy-hour-2\/#primaryimage\"},\"thumbnailUrl\":\"https:\/\/www.iplay.com\/wp-content\/uploads\/2023\/12\/large_square_tile_image-4038.jpg\",\"datePublished\":\"2021-05-29T00:00:00+00:00\",\"description\":\"Tasty Jigsaw Happy Hour 2 te permite deleitarte con deliciosas golosinas sin tener que salir de casa.\",\"breadcrumb\":{\"@id\":\"https:\/\/www.iplay.com\/es\/games\/tasty-jigsaw-happy-hour-2\/#breadcrumb\"},\"inLanguage\":\"es\",\"potentialAction\":[{\"@type\":\"ReadAction\",\"target\":[\"https:\/\/www.iplay.com\/es\/games\/tasty-jigsaw-happy-hour-2\/\"]}]},{\"@type\":\"ImageObject\",\"inLanguage\":\"es\",\"@id\":\"https:\/\/www.iplay.com\/es\/games\/tasty-jigsaw-happy-hour-2\/#primaryimage\",\"url\":\"https:\/\/www.iplay.com\/wp-content\/uploads\/2023\/12\/large_square_tile_image-4038.jpg\",\"contentUrl\":\"https:\/\/www.iplay.com\/wp-content\/uploads\/2023\/12\/large_square_tile_image-4038.jpg\",\"width\":310,\"height\":310},{\"@type\":\"BreadcrumbList\",\"@id\":\"https:\/\/www.iplay.com\/es\/games\/tasty-jigsaw-happy-hour-2\/#breadcrumb\",\"itemListElement\":[{\"@type\":\"ListItem\",\"position\":1,\"name\":\"Home\",\"item\":\"https:\/\/www.iplay.com\/es\/home-page-2\/\"},{\"@type\":\"ListItem\",\"position\":2,\"name\":\"Shop\",\"item\":\"https:\/\/www.iplay.com\/en\/shop\/\"},{\"@type\":\"ListItem\",\"position\":3,\"name\":\"Tasty Jigsaw Happy Hour 2\"}]},{\"@type\":\"WebSite\",\"@id\":\"https:\/\/www.iplay.com\/en\/#website\",\"url\":\"https:\/\/www.iplay.com\/en\/\",\"name\":\"IPlay\",\"description\":\"The Best Casual Games!\",\"publisher\":{\"@id\":\"https:\/\/www.iplay.com\/en\/#organization\"},\"potentialAction\":[{\"@type\":\"SearchAction\",\"target\":{\"@type\":\"EntryPoint\",\"urlTemplate\":\"https:\/\/www.iplay.com\/en\/?s={search_term_string}\"},\"query-input\":{\"@type\":\"PropertyValueSpecification\",\"valueRequired\":true,\"valueName\":\"search_term_string\"}}],\"inLanguage\":\"es\"},{\"@type\":\"Organization\",\"@id\":\"https:\/\/www.iplay.com\/en\/#organization\",\"name\":\"IPlay\",\"url\":\"https:\/\/www.iplay.com\/en\/\",\"logo\":{\"@type\":\"ImageObject\",\"inLanguage\":\"es\",\"@id\":\"https:\/\/www.iplay.com\/en\/#\/schema\/logo\/image\/\",\"url\":\"https:\/\/www.iplay.com\/wp-content\/uploads\/2023\/11\/Group-6100.svg\",\"contentUrl\":\"https:\/\/www.iplay.com\/wp-content\/uploads\/2023\/11\/Group-6100.svg\",\"width\":98,\"height\":25,\"caption\":\"IPlay\"},\"image\":{\"@id\":\"https:\/\/www.iplay.com\/en\/#\/schema\/logo\/image\/\"}}]}<\/script>\n<!-- \/ Yoast SEO Premium plugin. -->","yoast_head_json":{"title":"Tasty Jigsaw Happy Hour 2 - Del\u00e9itate con deliciosos manjares en casa","description":"Tasty Jigsaw Happy Hour 2 te permite deleitarte con deliciosas golosinas sin tener que salir de casa.","robots":{"index":"index","follow":"follow","max-snippet":"max-snippet:-1","max-image-preview":"max-image-preview:large","max-video-preview":"max-video-preview:-1"},"canonical":"https:\/\/www.iplay.com\/es\/games\/tasty-jigsaw-happy-hour-2\/","og_locale":"es_ES","og_type":"article","og_title":"Tasty Jigsaw Happy Hour 2","og_description":"Tasty Jigsaw Happy Hour 2 te permite deleitarte con deliciosas golosinas sin tener que salir de casa.","og_url":"https:\/\/www.iplay.com\/es\/games\/tasty-jigsaw-happy-hour-2\/","og_site_name":"IPlay","og_image":[{"width":310,"height":310,"url":"https:\/\/www.iplay.com\/wp-content\/uploads\/2023\/12\/large_square_tile_image-4038.jpg","type":"image\/jpeg"}],"twitter_card":"summary_large_image","twitter_misc":{"Est. reading time":"1 minuto"},"schema":{"@context":"https:\/\/schema.org","@graph":[{"@type":"WebPage","@id":"https:\/\/www.iplay.com\/es\/games\/tasty-jigsaw-happy-hour-2\/","url":"https:\/\/www.iplay.com\/es\/games\/tasty-jigsaw-happy-hour-2\/","name":"Tasty Jigsaw Happy Hour 2 - Del\u00e9itate con deliciosos manjares en casa","isPartOf":{"@id":"https:\/\/www.iplay.com\/en\/#website"},"primaryImageOfPage":{"@id":"https:\/\/www.iplay.com\/es\/games\/tasty-jigsaw-happy-hour-2\/#primaryimage"},"image":{"@id":"https:\/\/www.iplay.com\/es\/games\/tasty-jigsaw-happy-hour-2\/#primaryimage"},"thumbnailUrl":"https:\/\/www.iplay.com\/wp-content\/uploads\/2023\/12\/large_square_tile_image-4038.jpg","datePublished":"2021-05-29T00:00:00+00:00","description":"Tasty Jigsaw Happy Hour 2 te permite deleitarte con deliciosas golosinas sin tener que salir de casa.","breadcrumb":{"@id":"https:\/\/www.iplay.com\/es\/games\/tasty-jigsaw-happy-hour-2\/#breadcrumb"},"inLanguage":"es","potentialAction":[{"@type":"ReadAction","target":["https:\/\/www.iplay.com\/es\/games\/tasty-jigsaw-happy-hour-2\/"]}]},{"@type":"ImageObject","inLanguage":"es","@id":"https:\/\/www.iplay.com\/es\/games\/tasty-jigsaw-happy-hour-2\/#primaryimage","url":"https:\/\/www.iplay.com\/wp-content\/uploads\/2023\/12\/large_square_tile_image-4038.jpg","contentUrl":"https:\/\/www.iplay.com\/wp-content\/uploads\/2023\/12\/large_square_tile_image-4038.jpg","width":310,"height":310},{"@type":"BreadcrumbList","@id":"https:\/\/www.iplay.com\/es\/games\/tasty-jigsaw-happy-hour-2\/#breadcrumb","itemListElement":[{"@type":"ListItem","position":1,"name":"Home","item":"https:\/\/www.iplay.com\/es\/home-page-2\/"},{"@type":"ListItem","position":2,"name":"Shop","item":"https:\/\/www.iplay.com\/en\/shop\/"},{"@type":"ListItem","position":3,"name":"Tasty Jigsaw Happy Hour 2"}]},{"@type":"WebSite","@id":"https:\/\/www.iplay.com\/en\/#website","url":"https:\/\/www.iplay.com\/en\/","name":"IPlay","description":"The Best Casual Games!","publisher":{"@id":"https:\/\/www.iplay.com\/en\/#organization"},"potentialAction":[{"@type":"SearchAction","target":{"@type":"EntryPoint","urlTemplate":"https:\/\/www.iplay.com\/en\/?s={search_term_string}"},"query-input":{"@type":"PropertyValueSpecification","valueRequired":true,"valueName":"search_term_string"}}],"inLanguage":"es"},{"@type":"Organization","@id":"https:\/\/www.iplay.com\/en\/#organization","name":"IPlay","url":"https:\/\/www.iplay.com\/en\/","logo":{"@type":"ImageObject","inLanguage":"es","@id":"https:\/\/www.iplay.com\/en\/#\/schema\/logo\/image\/","url":"https:\/\/www.iplay.com\/wp-content\/uploads\/2023\/11\/Group-6100.svg","contentUrl":"https:\/\/www.iplay.com\/wp-content\/uploads\/2023\/11\/Group-6100.svg","width":98,"height":25,"caption":"IPlay"},"image":{"@id":"https:\/\/www.iplay.com\/en\/#\/schema\/logo\/image\/"}}]}},"_links":{"self":[{"href":"https:\/\/www.iplay.com\/es\/wp-json\/wp\/v2\/product\/137659","targetHints":{"allow":["GET"]}}],"collection":[{"href":"https:\/\/www.iplay.com\/es\/wp-json\/wp\/v2\/product"}],"about":[{"href":"https:\/\/www.iplay.com\/es\/wp-json\/wp\/v2\/types\/product"}],"author":[{"embeddable":true,"href":"https:\/\/www.iplay.com\/es\/wp-json\/wp\/v2\/users\/13"}],"replies":[{"embeddable":true,"href":"https:\/\/www.iplay.com\/es\/wp-json\/wp\/v2\/comments?post=137659"}],"wp:featuredmedia":[{"embeddable":true,"href":"https:\/\/www.iplay.com\/es\/wp-json\/wp\/v2\/media\/104357"}],"wp:attachment":[{"href":"https:\/\/www.iplay.com\/es\/wp-json\/wp\/v2\/media?parent=137659"}],"wp:term":[{"taxonomy":"product_brand","embeddable":true,"href":"https:\/\/www.iplay.com\/es\/wp-json\/wp\/v2\/product_brand?post=137659"},{"taxonomy":"product_cat","embeddable":true,"href":"https:\/\/www.iplay.com\/es\/wp-json\/wp\/v2\/product_cat?post=137659"},{"taxonomy":"product_tag","embeddable":true,"href":"https:\/\/www.iplay.com\/es\/wp-json\/wp\/v2\/product_tag?post=137659"}],"curies":[{"name":"wp","href":"https:\/\/api.w.org\/{rel}","templated":true}]}}