{"id":137649,"date":"2021-06-07T00:00:00","date_gmt":"2021-06-07T00:00:00","guid":{"rendered":"https:\/\/www.iplay.com\/games\/crazy-soccer-football-star\/"},"modified":"2021-06-07T00:00:00","modified_gmt":"2021-06-07T00:00:00","slug":"crazy-soccer-football-star","status":"publish","type":"product","link":"https:\/\/www.iplay.com\/es\/games\/crazy-soccer-football-star\/","title":{"rendered":"Crazy Soccer Football Star"},"content":{"rendered":"<p>Sol\u00eda pensarse que el f\u00fatbol, o f\u00fatbol como algunos de nosotros lo llamamos, era exclusivamente una actividad humana, pero luego los extraterrestres invadieron y presentaron el desaf\u00edo definitivo. \u00a1La Copa de F\u00fatbol Interestelar es el nuevo nombre de la Copa del Mundo como resultado! Derrota a los alien\u00edgenas para mostrarles qui\u00e9n es el mejor entrenador de la galaxia. Crazy Soccer es una variaci\u00f3n del f\u00fatbol en la que equipos que no est\u00e1n relacionados entre s\u00ed juegan partidos intensos y cortos (menos de cinco minutos). Puedes crear una amplia variedad de combinaciones usando las opciones de personalizaci\u00f3n del juego, que incluyen espartanos gritones, rubias diminutas con ojos lindos e ingleses con sombreros de copa tradicionales. Pero ning\u00fan equipo estrella puede esperar luchar contra alien\u00edgenas y ganar la Copa Interestelar sin tu ayuda. Para destruir a tus adversarios, usa torretas, meteoritos, vacas o legionarios de aspecto reconocible con habilidades especializadas.      <\/p>\n<p>&nbsp;<\/p>\n<p><strong>Funciones<\/strong><\/p>\n<ul>\n<li>Un modo carrera renovado con diferentes planetas y ALIEN\u00cdGENAS.<\/li>\n<li>Tres tipos de habilidades: defensa, ataque o \u00a1VU\u00c9LVETE LOCO!<\/li>\n<li>Personajes expresivos contratables, cada uno con un movimiento distintivo.<\/li>\n<li>Partidos r\u00e1pidos.<\/li>\n<li>Una variedad de opciones de personalizaci\u00f3n de equipo.<\/li>\n<\/ul>\n","protected":false},"excerpt":{"rendered":"<p>\u00a1La Copa Interestelar de F\u00fatbol est\u00e1 a punto de comenzar! \u00a1Lidera a tu equipo en Crazy Soccer Football Star y ay\u00fadalos a ganar! <\/p>\n","protected":false},"author":122,"featured_media":79931,"comment_status":"open","ping_status":"closed","template":"","meta":{"_acf_changed":false,"inline_featured_image":false},"product_brand":[],"product_cat":[210],"product_tag":[],"class_list":{"0":"post-137649","1":"product","2":"type-product","3":"status-publish","4":"has-post-thumbnail","6":"product_cat-sports-es","8":"first","9":"instock","10":"shipping-taxable","11":"purchasable","12":"product-type-simple"},"acf":[],"yoast_head":"<!-- This site is optimized with the Yoast SEO Premium plugin v25.2 (Yoast SEO v25.2) - https:\/\/yoast.com\/wordpress\/plugins\/seo\/ -->\n<title>Crazy Soccer Football Star - \u00a1Copa de f\u00fatbol interestelar!<\/title>\n<meta name=\"description\" content=\"\u00a1La Copa Interestelar de F\u00fatbol est\u00e1 a punto de comenzar! \u00a1Lidera a tu equipo en Crazy Soccer Football Star y ay\u00fadalos a ganar!\" \/>\n<meta name=\"robots\" content=\"index, follow, max-snippet:-1, max-image-preview:large, max-video-preview:-1\" \/>\n<link rel=\"canonical\" href=\"https:\/\/www.iplay.com\/es\/games\/crazy-soccer-football-star\/\" \/>\n<meta property=\"og:locale\" content=\"es_ES\" \/>\n<meta property=\"og:type\" content=\"article\" \/>\n<meta property=\"og:title\" content=\"Crazy Soccer Football Star\" \/>\n<meta property=\"og:description\" content=\"\u00a1La Copa Interestelar de F\u00fatbol est\u00e1 a punto de comenzar! \u00a1Lidera a tu equipo en Crazy Soccer Football Star y ay\u00fadalos a ganar!\" \/>\n<meta property=\"og:url\" content=\"https:\/\/www.iplay.com\/es\/games\/crazy-soccer-football-star\/\" \/>\n<meta property=\"og:site_name\" content=\"IPlay\" \/>\n<meta property=\"og:image\" content=\"https:\/\/www.iplay.com\/wp-content\/uploads\/2023\/12\/large_square_tile_image-2497.jpg\" \/>\n\t<meta property=\"og:image:width\" content=\"310\" \/>\n\t<meta property=\"og:image:height\" content=\"310\" \/>\n\t<meta property=\"og:image:type\" content=\"image\/jpeg\" \/>\n<meta name=\"twitter:card\" content=\"summary_large_image\" \/>\n<meta name=\"twitter:label1\" content=\"Est. reading time\" \/>\n\t<meta name=\"twitter:data1\" content=\"1 minuto\" \/>\n<script type=\"application\/ld+json\" class=\"yoast-schema-graph\">{\"@context\":\"https:\/\/schema.org\",\"@graph\":[{\"@type\":\"WebPage\",\"@id\":\"https:\/\/www.iplay.com\/es\/games\/crazy-soccer-football-star\/\",\"url\":\"https:\/\/www.iplay.com\/es\/games\/crazy-soccer-football-star\/\",\"name\":\"Crazy Soccer Football Star - \u00a1Copa de f\u00fatbol interestelar!\",\"isPartOf\":{\"@id\":\"https:\/\/www.iplay.com\/en\/#website\"},\"primaryImageOfPage\":{\"@id\":\"https:\/\/www.iplay.com\/es\/games\/crazy-soccer-football-star\/#primaryimage\"},\"image\":{\"@id\":\"https:\/\/www.iplay.com\/es\/games\/crazy-soccer-football-star\/#primaryimage\"},\"thumbnailUrl\":\"https:\/\/www.iplay.com\/wp-content\/uploads\/2023\/12\/large_square_tile_image-2497.jpg\",\"datePublished\":\"2021-06-07T00:00:00+00:00\",\"description\":\"\u00a1La Copa Interestelar de F\u00fatbol est\u00e1 a punto de comenzar! \u00a1Lidera a tu equipo en Crazy Soccer Football Star y ay\u00fadalos a ganar!\",\"breadcrumb\":{\"@id\":\"https:\/\/www.iplay.com\/es\/games\/crazy-soccer-football-star\/#breadcrumb\"},\"inLanguage\":\"es\",\"potentialAction\":[{\"@type\":\"ReadAction\",\"target\":[\"https:\/\/www.iplay.com\/es\/games\/crazy-soccer-football-star\/\"]}]},{\"@type\":\"ImageObject\",\"inLanguage\":\"es\",\"@id\":\"https:\/\/www.iplay.com\/es\/games\/crazy-soccer-football-star\/#primaryimage\",\"url\":\"https:\/\/www.iplay.com\/wp-content\/uploads\/2023\/12\/large_square_tile_image-2497.jpg\",\"contentUrl\":\"https:\/\/www.iplay.com\/wp-content\/uploads\/2023\/12\/large_square_tile_image-2497.jpg\",\"width\":310,\"height\":310},{\"@type\":\"BreadcrumbList\",\"@id\":\"https:\/\/www.iplay.com\/es\/games\/crazy-soccer-football-star\/#breadcrumb\",\"itemListElement\":[{\"@type\":\"ListItem\",\"position\":1,\"name\":\"Home\",\"item\":\"https:\/\/www.iplay.com\/es\/home-page-2\/\"},{\"@type\":\"ListItem\",\"position\":2,\"name\":\"Shop\",\"item\":\"https:\/\/www.iplay.com\/en\/shop\/\"},{\"@type\":\"ListItem\",\"position\":3,\"name\":\"Crazy Soccer Football Star\"}]},{\"@type\":\"WebSite\",\"@id\":\"https:\/\/www.iplay.com\/en\/#website\",\"url\":\"https:\/\/www.iplay.com\/en\/\",\"name\":\"IPlay\",\"description\":\"The Best Casual Games!\",\"publisher\":{\"@id\":\"https:\/\/www.iplay.com\/en\/#organization\"},\"potentialAction\":[{\"@type\":\"SearchAction\",\"target\":{\"@type\":\"EntryPoint\",\"urlTemplate\":\"https:\/\/www.iplay.com\/en\/?s={search_term_string}\"},\"query-input\":{\"@type\":\"PropertyValueSpecification\",\"valueRequired\":true,\"valueName\":\"search_term_string\"}}],\"inLanguage\":\"es\"},{\"@type\":\"Organization\",\"@id\":\"https:\/\/www.iplay.com\/en\/#organization\",\"name\":\"IPlay\",\"url\":\"https:\/\/www.iplay.com\/en\/\",\"logo\":{\"@type\":\"ImageObject\",\"inLanguage\":\"es\",\"@id\":\"https:\/\/www.iplay.com\/en\/#\/schema\/logo\/image\/\",\"url\":\"https:\/\/www.iplay.com\/wp-content\/uploads\/2023\/11\/Group-6100.svg\",\"contentUrl\":\"https:\/\/www.iplay.com\/wp-content\/uploads\/2023\/11\/Group-6100.svg\",\"width\":98,\"height\":25,\"caption\":\"IPlay\"},\"image\":{\"@id\":\"https:\/\/www.iplay.com\/en\/#\/schema\/logo\/image\/\"}}]}<\/script>\n<!-- \/ Yoast SEO Premium plugin. -->","yoast_head_json":{"title":"Crazy Soccer Football Star - \u00a1Copa de f\u00fatbol interestelar!","description":"\u00a1La Copa Interestelar de F\u00fatbol est\u00e1 a punto de comenzar! \u00a1Lidera a tu equipo en Crazy Soccer Football Star y ay\u00fadalos a ganar!","robots":{"index":"index","follow":"follow","max-snippet":"max-snippet:-1","max-image-preview":"max-image-preview:large","max-video-preview":"max-video-preview:-1"},"canonical":"https:\/\/www.iplay.com\/es\/games\/crazy-soccer-football-star\/","og_locale":"es_ES","og_type":"article","og_title":"Crazy Soccer Football Star","og_description":"\u00a1La Copa Interestelar de F\u00fatbol est\u00e1 a punto de comenzar! \u00a1Lidera a tu equipo en Crazy Soccer Football Star y ay\u00fadalos a ganar!","og_url":"https:\/\/www.iplay.com\/es\/games\/crazy-soccer-football-star\/","og_site_name":"IPlay","og_image":[{"width":310,"height":310,"url":"https:\/\/www.iplay.com\/wp-content\/uploads\/2023\/12\/large_square_tile_image-2497.jpg","type":"image\/jpeg"}],"twitter_card":"summary_large_image","twitter_misc":{"Est. reading time":"1 minuto"},"schema":{"@context":"https:\/\/schema.org","@graph":[{"@type":"WebPage","@id":"https:\/\/www.iplay.com\/es\/games\/crazy-soccer-football-star\/","url":"https:\/\/www.iplay.com\/es\/games\/crazy-soccer-football-star\/","name":"Crazy Soccer Football Star - \u00a1Copa de f\u00fatbol interestelar!","isPartOf":{"@id":"https:\/\/www.iplay.com\/en\/#website"},"primaryImageOfPage":{"@id":"https:\/\/www.iplay.com\/es\/games\/crazy-soccer-football-star\/#primaryimage"},"image":{"@id":"https:\/\/www.iplay.com\/es\/games\/crazy-soccer-football-star\/#primaryimage"},"thumbnailUrl":"https:\/\/www.iplay.com\/wp-content\/uploads\/2023\/12\/large_square_tile_image-2497.jpg","datePublished":"2021-06-07T00:00:00+00:00","description":"\u00a1La Copa Interestelar de F\u00fatbol est\u00e1 a punto de comenzar! \u00a1Lidera a tu equipo en Crazy Soccer Football Star y ay\u00fadalos a ganar!","breadcrumb":{"@id":"https:\/\/www.iplay.com\/es\/games\/crazy-soccer-football-star\/#breadcrumb"},"inLanguage":"es","potentialAction":[{"@type":"ReadAction","target":["https:\/\/www.iplay.com\/es\/games\/crazy-soccer-football-star\/"]}]},{"@type":"ImageObject","inLanguage":"es","@id":"https:\/\/www.iplay.com\/es\/games\/crazy-soccer-football-star\/#primaryimage","url":"https:\/\/www.iplay.com\/wp-content\/uploads\/2023\/12\/large_square_tile_image-2497.jpg","contentUrl":"https:\/\/www.iplay.com\/wp-content\/uploads\/2023\/12\/large_square_tile_image-2497.jpg","width":310,"height":310},{"@type":"BreadcrumbList","@id":"https:\/\/www.iplay.com\/es\/games\/crazy-soccer-football-star\/#breadcrumb","itemListElement":[{"@type":"ListItem","position":1,"name":"Home","item":"https:\/\/www.iplay.com\/es\/home-page-2\/"},{"@type":"ListItem","position":2,"name":"Shop","item":"https:\/\/www.iplay.com\/en\/shop\/"},{"@type":"ListItem","position":3,"name":"Crazy Soccer Football Star"}]},{"@type":"WebSite","@id":"https:\/\/www.iplay.com\/en\/#website","url":"https:\/\/www.iplay.com\/en\/","name":"IPlay","description":"The Best Casual Games!","publisher":{"@id":"https:\/\/www.iplay.com\/en\/#organization"},"potentialAction":[{"@type":"SearchAction","target":{"@type":"EntryPoint","urlTemplate":"https:\/\/www.iplay.com\/en\/?s={search_term_string}"},"query-input":{"@type":"PropertyValueSpecification","valueRequired":true,"valueName":"search_term_string"}}],"inLanguage":"es"},{"@type":"Organization","@id":"https:\/\/www.iplay.com\/en\/#organization","name":"IPlay","url":"https:\/\/www.iplay.com\/en\/","logo":{"@type":"ImageObject","inLanguage":"es","@id":"https:\/\/www.iplay.com\/en\/#\/schema\/logo\/image\/","url":"https:\/\/www.iplay.com\/wp-content\/uploads\/2023\/11\/Group-6100.svg","contentUrl":"https:\/\/www.iplay.com\/wp-content\/uploads\/2023\/11\/Group-6100.svg","width":98,"height":25,"caption":"IPlay"},"image":{"@id":"https:\/\/www.iplay.com\/en\/#\/schema\/logo\/image\/"}}]}},"_links":{"self":[{"href":"https:\/\/www.iplay.com\/es\/wp-json\/wp\/v2\/product\/137649","targetHints":{"allow":["GET"]}}],"collection":[{"href":"https:\/\/www.iplay.com\/es\/wp-json\/wp\/v2\/product"}],"about":[{"href":"https:\/\/www.iplay.com\/es\/wp-json\/wp\/v2\/types\/product"}],"author":[{"embeddable":true,"href":"https:\/\/www.iplay.com\/es\/wp-json\/wp\/v2\/users\/122"}],"replies":[{"embeddable":true,"href":"https:\/\/www.iplay.com\/es\/wp-json\/wp\/v2\/comments?post=137649"}],"wp:featuredmedia":[{"embeddable":true,"href":"https:\/\/www.iplay.com\/es\/wp-json\/wp\/v2\/media\/79931"}],"wp:attachment":[{"href":"https:\/\/www.iplay.com\/es\/wp-json\/wp\/v2\/media?parent=137649"}],"wp:term":[{"taxonomy":"product_brand","embeddable":true,"href":"https:\/\/www.iplay.com\/es\/wp-json\/wp\/v2\/product_brand?post=137649"},{"taxonomy":"product_cat","embeddable":true,"href":"https:\/\/www.iplay.com\/es\/wp-json\/wp\/v2\/product_cat?post=137649"},{"taxonomy":"product_tag","embeddable":true,"href":"https:\/\/www.iplay.com\/es\/wp-json\/wp\/v2\/product_tag?post=137649"}],"curies":[{"name":"wp","href":"https:\/\/api.w.org\/{rel}","templated":true}]}}