{"id":137627,"date":"2025-05-26T09:30:10","date_gmt":"2025-05-26T09:30:10","guid":{"rendered":"https:\/\/www.iplay.com\/games\/princess-pairs\/"},"modified":"2025-05-26T09:30:10","modified_gmt":"2025-05-26T09:30:10","slug":"princess-pairs","status":"publish","type":"product","link":"https:\/\/www.iplay.com\/es\/games\/princess-pairs\/","title":{"rendered":"Princess Pairs"},"content":{"rendered":"<p>Princess Pairs ayuda a su hijo a desarrollar habilidades de memoria. Este divertido juego de combinaci\u00f3n hace que el aprendizaje sea f\u00e1cil y emocionante. <\/p>\n<p>Puede elegir el nivel adecuado para su hijo. Comienza con 4 cartas para principiantes. Usa 28 cartas cuando est\u00e9n listos para m\u00e1s.  <\/p>\n<p>A tu hijo le encantar\u00e1n las bonitas fotos de princesas. El juego muestra princesas, pr\u00edncipes, caballos y lindos animales. Cada tarjeta tiene im\u00e1genes brillantes y coloridas.  <\/p>\n<p>Su hijo voltea dos cartas a la vez. Tratan de encontrar im\u00e1genes que coincidan. Las cartas permanecen abiertas cuando coinciden. Las cartas se voltean cuando no coinciden.   <\/p>\n<p>Su hijo gana encontrando todos los pares. Deben recordar d\u00f3nde est\u00e1 cada carta. Esto desarrolla las habilidades de concentraci\u00f3n y memoria.  <\/p>\n<p><strong>Funciones<\/strong><\/p>\n<ul>\n<li>F\u00e1cil de aprender y jugar<\/li>\n<li>Desarrolla la memoria y las habilidades de concentraci\u00f3n<\/li>\n<li>De 4 a 28 tarjetas para diferentes edades<\/li>\n<li>Fotos de princesas y animales bonitos<\/li>\n<li>Ayuda a los ni\u00f1os a pensar y resolver problemas<\/li>\n<\/ul>\n","protected":false},"excerpt":{"rendered":"<p>Princess Pairs ayuda a su hijo a recordar cosas con un divertido juego de cartas de princesas.<\/p>\n","protected":false},"author":320,"featured_media":137535,"comment_status":"open","ping_status":"closed","template":"","meta":{"_acf_changed":false,"inline_featured_image":false},"product_brand":[],"product_cat":[192,199],"product_tag":[288],"class_list":{"0":"post-137627","1":"product","2":"type-product","3":"status-publish","4":"has-post-thumbnail","6":"product_cat-puzzle-es","7":"product_cat-removed-content-es","8":"product_tag-play-on-pc-es","10":"first","11":"instock","12":"shipping-taxable","13":"purchasable","14":"product-type-simple"},"acf":[],"yoast_head":"<!-- This site is optimized with the Yoast SEO Premium plugin v25.2 (Yoast SEO v25.2) - https:\/\/yoast.com\/wordpress\/plugins\/seo\/ -->\n<title>Parejas de princesas: juego de combinaci\u00f3n de memoria para ni\u00f1os<\/title>\n<meta name=\"description\" content=\"Princess Pairs ayuda a su hijo a recordar cosas con un divertido juego de cartas de princesas.\" \/>\n<meta name=\"robots\" content=\"index, follow, max-snippet:-1, max-image-preview:large, max-video-preview:-1\" \/>\n<link rel=\"canonical\" href=\"https:\/\/www.iplay.com\/es\/games\/princess-pairs\/\" \/>\n<meta property=\"og:locale\" content=\"es_ES\" \/>\n<meta property=\"og:type\" content=\"article\" \/>\n<meta property=\"og:title\" content=\"Princess Pairs\" \/>\n<meta property=\"og:description\" content=\"Princess Pairs ayuda a su hijo a recordar cosas con un divertido juego de cartas de princesas.\" \/>\n<meta property=\"og:url\" content=\"https:\/\/www.iplay.com\/es\/games\/princess-pairs\/\" \/>\n<meta property=\"og:site_name\" content=\"IPlay\" \/>\n<meta property=\"og:image\" content=\"https:\/\/www.iplay.com\/wp-content\/uploads\/2025\/05\/princess_pains_large_video_screenshot.webp\" \/>\n\t<meta property=\"og:image:width\" content=\"715\" \/>\n\t<meta property=\"og:image:height\" content=\"485\" \/>\n\t<meta property=\"og:image:type\" content=\"image\/webp\" \/>\n<meta name=\"twitter:card\" content=\"summary_large_image\" \/>\n<meta name=\"twitter:label1\" content=\"Est. reading time\" \/>\n\t<meta name=\"twitter:data1\" content=\"1 minuto\" \/>\n<script type=\"application\/ld+json\" class=\"yoast-schema-graph\">{\"@context\":\"https:\/\/schema.org\",\"@graph\":[{\"@type\":\"WebPage\",\"@id\":\"https:\/\/www.iplay.com\/es\/games\/princess-pairs\/\",\"url\":\"https:\/\/www.iplay.com\/es\/games\/princess-pairs\/\",\"name\":\"Parejas de princesas: juego de combinaci\u00f3n de memoria para ni\u00f1os\",\"isPartOf\":{\"@id\":\"https:\/\/www.iplay.com\/en\/#website\"},\"primaryImageOfPage\":{\"@id\":\"https:\/\/www.iplay.com\/es\/games\/princess-pairs\/#primaryimage\"},\"image\":{\"@id\":\"https:\/\/www.iplay.com\/es\/games\/princess-pairs\/#primaryimage\"},\"thumbnailUrl\":\"https:\/\/www.iplay.com\/wp-content\/uploads\/2025\/05\/princess_pains_large_square_tile_image.webp\",\"datePublished\":\"2025-05-26T09:30:10+00:00\",\"description\":\"Princess Pairs ayuda a su hijo a recordar cosas con un divertido juego de cartas de princesas.\",\"breadcrumb\":{\"@id\":\"https:\/\/www.iplay.com\/es\/games\/princess-pairs\/#breadcrumb\"},\"inLanguage\":\"es\",\"potentialAction\":[{\"@type\":\"ReadAction\",\"target\":[\"https:\/\/www.iplay.com\/es\/games\/princess-pairs\/\"]}]},{\"@type\":\"ImageObject\",\"inLanguage\":\"es\",\"@id\":\"https:\/\/www.iplay.com\/es\/games\/princess-pairs\/#primaryimage\",\"url\":\"https:\/\/www.iplay.com\/wp-content\/uploads\/2025\/05\/princess_pains_large_square_tile_image.webp\",\"contentUrl\":\"https:\/\/www.iplay.com\/wp-content\/uploads\/2025\/05\/princess_pains_large_square_tile_image.webp\",\"width\":310,\"height\":310},{\"@type\":\"BreadcrumbList\",\"@id\":\"https:\/\/www.iplay.com\/es\/games\/princess-pairs\/#breadcrumb\",\"itemListElement\":[{\"@type\":\"ListItem\",\"position\":1,\"name\":\"Home\",\"item\":\"https:\/\/www.iplay.com\/es\/home-page-2\/\"},{\"@type\":\"ListItem\",\"position\":2,\"name\":\"Shop\",\"item\":\"https:\/\/www.iplay.com\/en\/shop\/\"},{\"@type\":\"ListItem\",\"position\":3,\"name\":\"Princess Pairs\"}]},{\"@type\":\"WebSite\",\"@id\":\"https:\/\/www.iplay.com\/en\/#website\",\"url\":\"https:\/\/www.iplay.com\/en\/\",\"name\":\"IPlay\",\"description\":\"The Best Casual Games!\",\"publisher\":{\"@id\":\"https:\/\/www.iplay.com\/en\/#organization\"},\"potentialAction\":[{\"@type\":\"SearchAction\",\"target\":{\"@type\":\"EntryPoint\",\"urlTemplate\":\"https:\/\/www.iplay.com\/en\/?s={search_term_string}\"},\"query-input\":{\"@type\":\"PropertyValueSpecification\",\"valueRequired\":true,\"valueName\":\"search_term_string\"}}],\"inLanguage\":\"es\"},{\"@type\":\"Organization\",\"@id\":\"https:\/\/www.iplay.com\/en\/#organization\",\"name\":\"IPlay\",\"url\":\"https:\/\/www.iplay.com\/en\/\",\"logo\":{\"@type\":\"ImageObject\",\"inLanguage\":\"es\",\"@id\":\"https:\/\/www.iplay.com\/en\/#\/schema\/logo\/image\/\",\"url\":\"https:\/\/www.iplay.com\/wp-content\/uploads\/2023\/11\/Group-6100.svg\",\"contentUrl\":\"https:\/\/www.iplay.com\/wp-content\/uploads\/2023\/11\/Group-6100.svg\",\"width\":98,\"height\":25,\"caption\":\"IPlay\"},\"image\":{\"@id\":\"https:\/\/www.iplay.com\/en\/#\/schema\/logo\/image\/\"}}]}<\/script>\n<!-- \/ Yoast SEO Premium plugin. -->","yoast_head_json":{"title":"Parejas de princesas: juego de combinaci\u00f3n de memoria para ni\u00f1os","description":"Princess Pairs ayuda a su hijo a recordar cosas con un divertido juego de cartas de princesas.","robots":{"index":"index","follow":"follow","max-snippet":"max-snippet:-1","max-image-preview":"max-image-preview:large","max-video-preview":"max-video-preview:-1"},"canonical":"https:\/\/www.iplay.com\/es\/games\/princess-pairs\/","og_locale":"es_ES","og_type":"article","og_title":"Princess Pairs","og_description":"Princess Pairs ayuda a su hijo a recordar cosas con un divertido juego de cartas de princesas.","og_url":"https:\/\/www.iplay.com\/es\/games\/princess-pairs\/","og_site_name":"IPlay","og_image":[{"width":715,"height":485,"url":"https:\/\/www.iplay.com\/wp-content\/uploads\/2025\/05\/princess_pains_large_video_screenshot.webp","type":"image\/webp"}],"twitter_card":"summary_large_image","twitter_misc":{"Est. reading time":"1 minuto"},"schema":{"@context":"https:\/\/schema.org","@graph":[{"@type":"WebPage","@id":"https:\/\/www.iplay.com\/es\/games\/princess-pairs\/","url":"https:\/\/www.iplay.com\/es\/games\/princess-pairs\/","name":"Parejas de princesas: juego de combinaci\u00f3n de memoria para ni\u00f1os","isPartOf":{"@id":"https:\/\/www.iplay.com\/en\/#website"},"primaryImageOfPage":{"@id":"https:\/\/www.iplay.com\/es\/games\/princess-pairs\/#primaryimage"},"image":{"@id":"https:\/\/www.iplay.com\/es\/games\/princess-pairs\/#primaryimage"},"thumbnailUrl":"https:\/\/www.iplay.com\/wp-content\/uploads\/2025\/05\/princess_pains_large_square_tile_image.webp","datePublished":"2025-05-26T09:30:10+00:00","description":"Princess Pairs ayuda a su hijo a recordar cosas con un divertido juego de cartas de princesas.","breadcrumb":{"@id":"https:\/\/www.iplay.com\/es\/games\/princess-pairs\/#breadcrumb"},"inLanguage":"es","potentialAction":[{"@type":"ReadAction","target":["https:\/\/www.iplay.com\/es\/games\/princess-pairs\/"]}]},{"@type":"ImageObject","inLanguage":"es","@id":"https:\/\/www.iplay.com\/es\/games\/princess-pairs\/#primaryimage","url":"https:\/\/www.iplay.com\/wp-content\/uploads\/2025\/05\/princess_pains_large_square_tile_image.webp","contentUrl":"https:\/\/www.iplay.com\/wp-content\/uploads\/2025\/05\/princess_pains_large_square_tile_image.webp","width":310,"height":310},{"@type":"BreadcrumbList","@id":"https:\/\/www.iplay.com\/es\/games\/princess-pairs\/#breadcrumb","itemListElement":[{"@type":"ListItem","position":1,"name":"Home","item":"https:\/\/www.iplay.com\/es\/home-page-2\/"},{"@type":"ListItem","position":2,"name":"Shop","item":"https:\/\/www.iplay.com\/en\/shop\/"},{"@type":"ListItem","position":3,"name":"Princess Pairs"}]},{"@type":"WebSite","@id":"https:\/\/www.iplay.com\/en\/#website","url":"https:\/\/www.iplay.com\/en\/","name":"IPlay","description":"The Best Casual Games!","publisher":{"@id":"https:\/\/www.iplay.com\/en\/#organization"},"potentialAction":[{"@type":"SearchAction","target":{"@type":"EntryPoint","urlTemplate":"https:\/\/www.iplay.com\/en\/?s={search_term_string}"},"query-input":{"@type":"PropertyValueSpecification","valueRequired":true,"valueName":"search_term_string"}}],"inLanguage":"es"},{"@type":"Organization","@id":"https:\/\/www.iplay.com\/en\/#organization","name":"IPlay","url":"https:\/\/www.iplay.com\/en\/","logo":{"@type":"ImageObject","inLanguage":"es","@id":"https:\/\/www.iplay.com\/en\/#\/schema\/logo\/image\/","url":"https:\/\/www.iplay.com\/wp-content\/uploads\/2023\/11\/Group-6100.svg","contentUrl":"https:\/\/www.iplay.com\/wp-content\/uploads\/2023\/11\/Group-6100.svg","width":98,"height":25,"caption":"IPlay"},"image":{"@id":"https:\/\/www.iplay.com\/en\/#\/schema\/logo\/image\/"}}]}},"_links":{"self":[{"href":"https:\/\/www.iplay.com\/es\/wp-json\/wp\/v2\/product\/137627","targetHints":{"allow":["GET"]}}],"collection":[{"href":"https:\/\/www.iplay.com\/es\/wp-json\/wp\/v2\/product"}],"about":[{"href":"https:\/\/www.iplay.com\/es\/wp-json\/wp\/v2\/types\/product"}],"author":[{"embeddable":true,"href":"https:\/\/www.iplay.com\/es\/wp-json\/wp\/v2\/users\/320"}],"replies":[{"embeddable":true,"href":"https:\/\/www.iplay.com\/es\/wp-json\/wp\/v2\/comments?post=137627"}],"wp:featuredmedia":[{"embeddable":true,"href":"https:\/\/www.iplay.com\/es\/wp-json\/wp\/v2\/media\/137535"}],"wp:attachment":[{"href":"https:\/\/www.iplay.com\/es\/wp-json\/wp\/v2\/media?parent=137627"}],"wp:term":[{"taxonomy":"product_brand","embeddable":true,"href":"https:\/\/www.iplay.com\/es\/wp-json\/wp\/v2\/product_brand?post=137627"},{"taxonomy":"product_cat","embeddable":true,"href":"https:\/\/www.iplay.com\/es\/wp-json\/wp\/v2\/product_cat?post=137627"},{"taxonomy":"product_tag","embeddable":true,"href":"https:\/\/www.iplay.com\/es\/wp-json\/wp\/v2\/product_tag?post=137627"}],"curies":[{"name":"wp","href":"https:\/\/api.w.org\/{rel}","templated":true}]}}